{"id":16849,"date":"2025-01-21T06:07:55","date_gmt":"2025-01-21T06:07:55","guid":{"rendered":"https:\/\/www.hydraulic-cylinders.net\/product\/arm-cylinder-for-atlas-2306lc\/"},"modified":"2025-01-21T06:07:57","modified_gmt":"2025-01-21T06:07:57","slug":"arm-cylinder-for-atlas-2306lc","status":"publish","type":"product","link":"https:\/\/www.hydraulic-cylinders.net\/cs\/produkt\/arm-cylinder-for-atlas-2306lc\/","title":{"rendered":"V\u00e1lec ramene pro Atlas 2306LC"},"content":{"rendered":"<h2>V\u00e1lec ramene pro Atlas 2306LC<\/h2>\n<h3>Zaveden\u00ed<\/h3>\n<p>V\u00e1lec ramene je speci\u00e1ln\u011b navr\u017een\u00fd hydraulick\u00fd v\u00e1lec, kter\u00fd se pou\u017e\u00edv\u00e1 hlavn\u011b k zaji\u0161t\u011bn\u00ed line\u00e1rn\u00edho pohybu a v\u00fdkonu pro r\u016fzn\u00e1 mechanick\u00e1 ramena, jako jsou bagry, je\u0159\u00e1by a robotick\u00e1 ramena. V\u00e1lec ramene hraje kl\u00ed\u010dovou roli v hydraulick\u00e9m syst\u00e9mu, proto\u017ee umo\u017e\u0148uje efektivn\u00ed pohyb a ovl\u00e1d\u00e1n\u00ed dal\u0161\u00edho n\u00e1\u0159ad\u00ed nebo p\u0159\u00edslu\u0161enstv\u00ed. Tyto v\u00e1lce nejen zaji\u0161\u0165uj\u00ed plynul\u00fd pohyb, ale tak\u00e9 odol\u00e1vaj\u00ed t\u011b\u017ek\u00fdm z\u00e1t\u011b\u017e\u00edm, \u010d\u00edm\u017e zaji\u0161\u0165uj\u00ed efektivn\u00ed provoz a spolehlivost stroj\u016f v r\u016fzn\u00fdch provozn\u00edch podm\u00ednk\u00e1ch.<\/p>\n<p><img decoding=\"async\" src=\"https:\/\/www.hydraulic-cylinders.net\/wp-content\/uploads\/2025\/01\/songte-company-2.webp\" \/><\/p>\n<h3>Funkce<\/h3>\n<ul>\n<li><b>Efektivn\u00ed p\u0159enos v\u00fdkonu:<\/b> V\u00e1lec ramene zaji\u0161\u0165uje siln\u00fd line\u00e1rn\u00ed pohyb a s\u00edlu, co\u017e zaji\u0161\u0165uje vysokou \u00fa\u010dinnost mechanick\u00e9ho ramene v r\u016fzn\u00fdch operac\u00edch.<\/li>\n<li><b>P\u0159esn\u00e9 ovl\u00e1d\u00e1n\u00ed:<\/b> D\u00edky hydraulick\u00e9mu syst\u00e9mu m\u016f\u017ee v\u00e1lec ramene dos\u00e1hnout p\u0159esn\u00e9ho \u0159\u00edzen\u00ed pohybu, co\u017e zvy\u0161uje flexibilitu a p\u0159esnost ovl\u00e1d\u00e1n\u00ed dal\u0161\u00edch n\u00e1stroj\u016f.<\/li>\n<li><b>Siln\u00e1 trvanlivost:<\/b> V\u00e1lec ramene je obvykle vyroben z vysoce pevn\u00fdch materi\u00e1l\u016f a m\u00e1 dobrou odolnost proti opot\u0159eben\u00ed a korozi, d\u00edky \u010demu\u017e je vhodn\u00fd pro dlouhodob\u00e9 pou\u017e\u00edv\u00e1n\u00ed v n\u00e1ro\u010dn\u00fdch podm\u00ednk\u00e1ch.<\/li>\n<li><b>Multifunk\u010dn\u00ed p\u0159izp\u016fsobivost:<\/b> Tyto v\u00e1lce lze \u0161iroce pou\u017e\u00edvat v r\u016fzn\u00fdch mechanick\u00fdch za\u0159\u00edzen\u00edch, jako jsou bagry, je\u0159\u00e1by a robotick\u00e1 ramena, aby se p\u0159izp\u016fsobily r\u016fzn\u00fdm po\u017eadavk\u016fm na pr\u00e1ci.<\/li>\n<li><b>Snadn\u00e1 \u00fadr\u017eba:<\/b> Konstrukce je pova\u017eov\u00e1na za snadno udr\u017eovatelnou a vym\u011bnitelnou, co\u017e usnad\u0148uje pravideln\u00e9 kontroly a \u00fadr\u017ebu a zkracuje prostoje za\u0159\u00edzen\u00ed.<\/li>\n<\/ul>\n<p><img decoding=\"async\" src=\"https:\/\/www.hydraulic-cylinders.net\/wp-content\/uploads\/2025\/01\/songte-oil-pipes-and-spare-parts.webp\" \/><\/p>\n<h3>Aplikace<\/h3>\n<p>V\u00e1lec ramene se \u0161iroce pou\u017e\u00edv\u00e1 v r\u016fzn\u00fdch pr\u016fmyslov\u00fdch odv\u011btv\u00edch, v\u010detn\u011b:<\/p>\n<ul>\n<li><b>Konstrukce:<\/b> U bagr\u016f a je\u0159\u00e1b\u016f se v\u00e1lec ramene pou\u017e\u00edv\u00e1 k ovl\u00e1d\u00e1n\u00ed pohybu l\u017e\u00edce nebo v\u00fdlo\u017en\u00edku pro zemn\u00ed pr\u00e1ce, manipulaci s materi\u00e1lem a mont\u00e1\u017e konstrukc\u00ed.<\/li>\n<li><b>V\u00fdrobn\u00ed:<\/b> V automatizovan\u00fdch v\u00fdrobn\u00edch link\u00e1ch se v\u00e1lec ramene pou\u017e\u00edv\u00e1 k pohybu robotick\u00fdch ramen pro mont\u00e1\u017en\u00ed, sva\u0159ovac\u00ed a manipula\u010dn\u00ed procesy, co\u017e zlep\u0161uje efektivitu a p\u0159esnost v\u00fdroby.<\/li>\n<li><b>Zem\u011bd\u011blsk\u00e9 stroje:<\/b> V zem\u011bd\u011blsk\u00fdch stroj\u00edch, jako jsou skl\u00edzec\u00ed a s\u00e1zec\u00ed stroje, v\u00e1lec ramene ovl\u00e1d\u00e1 pohyb ovl\u00e1dac\u00edho ramene pro prov\u00e1d\u011bn\u00ed \u00fakol\u016f, jako je set\u00ed, hnojen\u00ed a sklize\u0148.<\/li>\n<li><b>Hornictv\u00ed:<\/b> V t\u011b\u017eebn\u00edm za\u0159\u00edzen\u00ed se v\u00e1lec ramene pou\u017e\u00edv\u00e1 k ovl\u00e1d\u00e1n\u00ed pohybu ramene t\u011b\u017eebn\u00edho za\u0159\u00edzen\u00ed pro t\u011b\u017ebu a p\u0159epravu rudy.<\/li>\n<li><b>Logistika a doprava:<\/b> U vysokozdvi\u017en\u00fdch voz\u00edk\u016f a manipula\u010dn\u00edch robot\u016f se v\u00e1lec ramene pou\u017e\u00edv\u00e1 k ovl\u00e1d\u00e1n\u00ed zved\u00e1n\u00ed a pohybu n\u00e1kladn\u00ed vidlice, \u010d\u00edm\u017e se realizuje manipulace a stohov\u00e1n\u00ed materi\u00e1l\u016f.<\/li>\n<\/ul>\n<h3>Konstruk\u010dn\u00ed aspekty a krit\u00e9ria v\u00fdb\u011bru<\/h3>\n<p>Z konstruk\u010dn\u00edch \u00favah pat\u0159\u00ed mezi kritick\u00e9 faktory pro v\u00e1lec ramene:<\/p>\n<ul>\n<li><b>Nosnost:<\/b> V\u00e1lec ramene by m\u011bl b\u00fdt schopen zvl\u00e1dnout maxim\u00e1ln\u00ed nosnost stroje.<\/li>\n<li><b>T\u011bsn\u011bn\u00ed:<\/b> V\u00e1lec by m\u011bl b\u00fdt navr\u017een s \u0159\u00e1dn\u00fdm t\u011bsn\u011bn\u00edm, aby se zabr\u00e1nilo \u00faniku hydraulick\u00e9 kapaliny.<\/li>\n<li><b>Trvanlivost:<\/b> V\u00e1lec by m\u011bl b\u00fdt vyroben z materi\u00e1l\u016f odoln\u00fdch proti opot\u0159eben\u00ed a korozi, aby byla zaji\u0161t\u011bna jeho dlouhodob\u00e1 \u017eivotnost.<\/li>\n<li><b>Bezpe\u010dnost:<\/b> Do konstrukce by m\u011bly b\u00fdt za\u010dlen\u011bny vhodn\u00e9 bezpe\u010dnostn\u00ed prvky, aby byla zaji\u0161t\u011bna bezpe\u010dn\u00e1 funkce v\u00e1lce.<\/li>\n<li><b>\u00dadr\u017eba:<\/b> V\u00e1lec by m\u011bl b\u00fdt navr\u017een pro snadnou \u00fadr\u017ebu a v\u00fdm\u011bnu d\u00edl\u016f, aby se minimalizovaly prostoje.<\/li>\n<\/ul>\n<p><img decoding=\"async\" src=\"https:\/\/www.hydraulic-cylinders.net\/wp-content\/uploads\/2025\/01\/songte-cylinder-head-with-all-kinds-excavator-models.webp\" \/><\/p>\n<h3>T\u011bsn\u011bn\u00ed a maz\u00e1n\u00ed<\/h3>\n<p>V\u00e1lec ramene by m\u011bl pou\u017e\u00edvat r\u016fzn\u00e9 t\u011bsnic\u00ed prvky, jako jsou t\u011bsn\u011bn\u00ed p\u00edstu a p\u00edstnice, vyroben\u00e9 z materi\u00e1l\u016f odoln\u00fdch proti opot\u0159eben\u00ed, jako je polyuretan a nitrilov\u00e1 pry\u017e. T\u011bleso v\u00e1lce a z\u00e1vitov\u00e9 konce by m\u011bly b\u00fdt jemn\u011b opracov\u00e1ny pro zlep\u0161en\u00ed odolnosti proti opot\u0159eben\u00ed. Do v\u00e1lce by m\u011bl b\u00fdt pravideln\u011b p\u0159id\u00e1v\u00e1n vhodn\u00fd hydraulick\u00fd olej pro maz\u00e1n\u00ed.<\/p>\n<h3>\u00dadr\u017eba a preventivn\u00ed opat\u0159en\u00ed<\/h3>\n<ul>\n<li><b>Pravideln\u00e9 kontroly:<\/b> Pravideln\u00e9 kontroly by m\u011bly b\u00fdt prov\u00e1d\u011bny, aby se zjistilo, zda v v\u00e1lci nedo\u0161lo k po\u0161kozen\u00ed, korozi nebo net\u011bsnosti.<\/li>\n<li><b>Preventivn\u00ed \u00fadr\u017eba:<\/b> Pravideln\u00e1 \u00fadr\u017eba by m\u011bla b\u00fdt prov\u00e1d\u011bna, aby se vym\u011bnily opot\u0159ebovan\u00e9 d\u00edly a p\u0159ede\u0161lo se potenci\u00e1ln\u00edm probl\u00e9m\u016fm.<\/li>\n<li><b>Spr\u00e1vn\u00e9 skladov\u00e1n\u00ed:<\/b> Lahev by m\u011bla b\u00fdt skladov\u00e1na ve vhodn\u00fdch podm\u00ednk\u00e1ch, nap\u0159\u00edklad v such\u00e9m a \u010dist\u00e9m prost\u0159ed\u00ed, aby se zabr\u00e1nilo po\u0161kozen\u00ed nebo korozi.<\/li>\n<\/ul>\n<h3>Instala\u010dn\u00ed p\u0159\u00edru\u010dka<\/h3>\n<p>N\u00e1sleduj\u00ed kroky pro instalaci v\u00e1lce ramene:<\/p>\n<ol>\n<li>Ujist\u011bte se, \u017ee mont\u00e1\u017en\u00ed povrch je \u010dist\u00fd a bez ne\u010distot.<\/li>\n<li>Zarovnejte v\u00e1lec s mont\u00e1\u017en\u00ed plochou a upevn\u011bte jej na m\u00edst\u011b.<\/li>\n<li>P\u0159ipojte hydraulick\u00e9 hadice k v\u00e1lci.<\/li>\n<li>Dopl\u0148te hydraulickou kapalinu do syst\u00e9mu.<\/li>\n<li>P\u0159ed uveden\u00edm do provozu prove\u010fte tlakovou zkou\u0161ku syst\u00e9mu.<\/li>\n<\/ol>\n<p><img decoding=\"async\" src=\"https:\/\/www.hydraulic-cylinders.net\/wp-content\/uploads\/2025\/01\/songte-bushings-with-all-kinds-of-excavator-models.webp\" \/><\/p>\n<h3>Bezpe\u010dnostn\u00ed aspekty a faktory prost\u0159ed\u00ed<\/h3>\n<p>P\u0159i pou\u017e\u00edv\u00e1n\u00ed v\u00e1lce s ramenem je t\u0159eba dodr\u017eovat vhodn\u00e1 bezpe\u010dnostn\u00ed opat\u0159en\u00ed, aby se p\u0159ede\u0161lo nehod\u00e1m, jako je no\u0161en\u00ed ochrann\u00fdch pom\u016fcek a dodr\u017eov\u00e1n\u00ed spr\u00e1vn\u00fdch provozn\u00edch postup\u016f. Pro zaji\u0161t\u011bn\u00ed efektivn\u00edho a bezpe\u010dn\u00e9ho provozu v\u00e1lce je t\u0159eba zohlednit tak\u00e9 faktory prost\u0159ed\u00ed, jako je teplota a vlhkost.<\/p>\n<h3>Odstra\u0148ov\u00e1n\u00ed probl\u00e9m\u016f a b\u011b\u017en\u00e9 probl\u00e9my<\/h3>\n<p>Mezi b\u011b\u017en\u00e9 probl\u00e9my s v\u00e1lcem ramene pat\u0159\u00ed net\u011bsnost, nedostate\u010dn\u00fd v\u00fdkon a pomal\u00fd pohyb. Pro \u0159e\u0161en\u00ed t\u011bchto probl\u00e9m\u016f je t\u0159eba prov\u00e9st \u0159\u00e1dnou kontrolu a testov\u00e1n\u00ed, aby se zjistila p\u0159\u00ed\u010dina. Mezi preventivn\u00ed opat\u0159en\u00ed pat\u0159\u00ed pravideln\u00e1 \u00fadr\u017eba, pou\u017e\u00edv\u00e1n\u00ed spr\u00e1vn\u00e9 hydraulick\u00e9 kapaliny a spr\u00e1vn\u00e9 skladov\u00e1n\u00ed.<\/p>\n<p><img decoding=\"async\" src=\"https:\/\/www.hydraulic-cylinders.net\/wp-content\/uploads\/2025\/01\/songte-chushion-collar.webp\" \/><\/p>\n<h3>O n\u00e1s<\/h3>\n<p>Jsme profesion\u00e1ln\u00ed v\u00fdrobce n\u00e1hradn\u00edch hydraulick\u00fdch v\u00e1lc\u016f, nab\u00edz\u00edme \u0161irokou \u0161k\u00e1lu produkt\u016f a st\u00e1v\u00e1me se jedn\u00edm z p\u0159edn\u00edch v\u00fdrobc\u016f a velkoobchodn\u00edch distributor\u016f hydraulick\u00fdch v\u00e1lc\u016f na dom\u00e1c\u00edm i mezin\u00e1rodn\u00edm trhu. V\u017edy se dr\u017e\u00edme principu vynikaj\u00edc\u00ed kvality, spol\u00e9h\u00e1me se na strategii industrializovan\u00e9ho \u0159\u00edzen\u00ed v\u00fdroby v p\u0159esn\u00fdch v\u00fdrobn\u00edch d\u00edln\u00e1ch a neust\u00e1le zlep\u0161ujeme na\u0161i technickou \u00farove\u0148 a efektivitu v\u00fdroby. Zav\u00e1d\u011bn\u00edm pokro\u010dil\u00e9ho digit\u00e1ln\u00edho v\u00fdrobn\u00edho za\u0159\u00edzen\u00ed a profesion\u00e1ln\u00edch testovac\u00edch syst\u00e9m\u016f neust\u00e1le optimalizujeme na\u0161i v\u00fdrobn\u00ed platformu, zlep\u0161ujeme proces kontroly kvality na\u0161ich v\u00fdrobk\u016f a m\u00e1me siln\u00e9 inova\u010dn\u00ed schopnosti. Na\u0161\u00edm c\u00edlem je uspokojovat rozmanit\u00e9 pot\u0159eby z\u00e1kazn\u00edk\u016f s vysokou efektivitou, p\u0159esnost\u00ed a vysokou kvalitou.<\/p>\n<p><img decoding=\"async\" src=\"https:\/\/www.hydraulic-cylinders.net\/wp-content\/uploads\/2025\/01\/songte-company-4.webp\" \/><\/p>\n<h3>Na\u0161e speciality<\/h3>\n<ul>\n<li><b>Profesionalita:<\/b> M\u00e1me t\u00fdm profesion\u00e1l\u016f s rozs\u00e1hl\u00fdmi zku\u0161enostmi ve v\u00fdrob\u011b a konstrukci hydraulick\u00fdch v\u00e1lc\u016f.<\/li>\n<li><b>Mezin\u00e1rodn\u00ed certifikace:<\/b> Z\u00edskali jsme r\u016fzn\u00e9 mezin\u00e1rodn\u00ed certifikace, jako nap\u0159\u00edklad ISO9001, CE a SGS.<\/li>\n<li><b>P\u0159izp\u016fsoben\u00ed:<\/b> Nab\u00edz\u00edme \u0159e\u0161en\u00ed hydraulick\u00fdch v\u00e1lc\u016f na m\u00edru, kter\u00e1 spl\u0148uj\u00ed specifick\u00e9 po\u017eadavky z\u00e1kazn\u00edk\u016f.<\/li>\n<li><b>V\u00fdrobn\u00ed za\u0159\u00edzen\u00ed:<\/b> M\u00e1me pokro\u010dil\u00e9 digit\u00e1ln\u00ed v\u00fdrobn\u00ed za\u0159\u00edzen\u00ed a profesion\u00e1ln\u00ed testovac\u00ed syst\u00e9my.<\/li>\n<li><b>Poprodejn\u00ed servis:<\/b> Poskytujeme v\u010dasn\u00fd a efektivn\u00ed poprodejn\u00ed servis, abychom zajistili spokojenost z\u00e1kazn\u00edk\u016f.<\/li>\n<\/ul>\n<p><img decoding=\"async\" src=\"https:\/\/www.hydraulic-cylinders.net\/wp-content\/uploads\/2025\/01\/songte-company-3.webp\" \/><\/p>\n<p>Autor: lyl.<\/p>","protected":false},"excerpt":{"rendered":"<p>Arm Cylinder For Atlas 2306LC Introduction The arm cylinder is a specially designed hydraulic cylinder that is mainly used to provide linear motion and power for various mechanical arms, such as excavators, cranes and robotic arms. The arm cylinder plays a key role in the hydraulic system, allowing additional tools or attachments to move and [&hellip;]<\/p>","protected":false},"featured_media":14783,"comment_status":"open","ping_status":"closed","template":"","meta":{"_et_pb_use_builder":"","_et_pb_old_content":"","_et_gb_content_width":""},"product_brand":[],"product_cat":[1497],"product_tag":[1498,1496],"class_list":{"0":"post-16849","1":"product","2":"type-product","3":"status-publish","4":"has-post-thumbnail","6":"product_cat-arm-cylinders","7":"product_tag-arm-cylinders","8":"product_tag-hydraulic-cylinders","10":"first","11":"instock","12":"shipping-taxable","13":"product-type-simple"},"amp_enabled":true,"_links":{"self":[{"href":"https:\/\/www.hydraulic-cylinders.net\/cs\/wp-json\/wp\/v2\/product\/16849","targetHints":{"allow":["GET"]}}],"collection":[{"href":"https:\/\/www.hydraulic-cylinders.net\/cs\/wp-json\/wp\/v2\/product"}],"about":[{"href":"https:\/\/www.hydraulic-cylinders.net\/cs\/wp-json\/wp\/v2\/types\/product"}],"replies":[{"embeddable":true,"href":"https:\/\/www.hydraulic-cylinders.net\/cs\/wp-json\/wp\/v2\/comments?post=16849"}],"wp:featuredmedia":[{"embeddable":true,"href":"https:\/\/www.hydraulic-cylinders.net\/cs\/wp-json\/wp\/v2\/media\/14783"}],"wp:attachment":[{"href":"https:\/\/www.hydraulic-cylinders.net\/cs\/wp-json\/wp\/v2\/media?parent=16849"}],"wp:term":[{"taxonomy":"product_brand","embeddable":true,"href":"https:\/\/www.hydraulic-cylinders.net\/cs\/wp-json\/wp\/v2\/product_brand?post=16849"},{"taxonomy":"product_cat","embeddable":true,"href":"https:\/\/www.hydraulic-cylinders.net\/cs\/wp-json\/wp\/v2\/product_cat?post=16849"},{"taxonomy":"product_tag","embeddable":true,"href":"https:\/\/www.hydraulic-cylinders.net\/cs\/wp-json\/wp\/v2\/product_tag?post=16849"}],"curies":[{"name":"wp","href":"https:\/\/api.w.org\/{rel}","templated":true}]}}