{"id":16856,"date":"2025-01-21T06:08:22","date_gmt":"2025-01-21T06:08:22","guid":{"rendered":"https:\/\/www.hydraulic-cylinders.net\/product\/arm-cylinder-for-bonny-wzy32-7\/"},"modified":"2025-01-21T06:08:24","modified_gmt":"2025-01-21T06:08:24","slug":"arm-cylinder-for-bonny-wzy32-7","status":"publish","type":"product","link":"https:\/\/www.hydraulic-cylinders.net\/cs\/produkt\/arm-cylinder-for-bonny-wzy32-7\/","title":{"rendered":"V\u00e1lec ramene pro Bonny WZY32-7"},"content":{"rendered":"<h2>Zaveden\u00ed<\/h2>\n<h3>V\u00e1lec ramene pro Bonny WZY32-7<\/h3>\n<p>Hydraulick\u00fd v\u00e1lec ramene pro Bonny WZY32-7 je specializovan\u00fd hydraulick\u00fd v\u00e1lec ur\u010den\u00fd k zaji\u0161t\u011bn\u00ed line\u00e1rn\u00edho pohybu a v\u00fdkonu ramene r\u016fzn\u00fdch typ\u016f stroj\u016f, jako jsou bagry, je\u0159\u00e1by a mechanick\u00e1 ramena. V\u00e1lce ramen hraj\u00ed kl\u00ed\u010dovou roli v hydraulick\u00fdch syst\u00e9mech, proto\u017ee umo\u017e\u0148uj\u00ed efektivn\u00ed pohyb a ovl\u00e1d\u00e1n\u00ed p\u0159ipojen\u00e9ho n\u00e1\u0159ad\u00ed nebo p\u0159\u00edslu\u0161enstv\u00ed. Tyto v\u00e1lce nejen\u017ee zaji\u0161\u0165uj\u00ed plynul\u00fd pohyb, ale tak\u00e9 sn\u00e1\u0161ej\u00ed t\u011b\u017ek\u00e1 zat\u00ed\u017een\u00ed, co\u017e zaji\u0161\u0165uje efektivn\u00ed provoz a spolehlivost v r\u016fzn\u00fdch provozn\u00edch podm\u00ednk\u00e1ch.<\/p>\n<p><img decoding=\"async\" src=\"https:\/\/www.hydraulic-cylinders.net\/wp-content\/uploads\/2025\/01\/songte-company-2.webp\" alt=\"Obr\u00e1zek v\u00e1lce ramene\"><\/p>\n<h2>Vlastnosti produktu<\/h2>\n<h3>Efektivn\u00ed p\u0159enos v\u00fdkonu<\/h3>\n<p>V\u00e1lec ramene poskytuje siln\u00fd line\u00e1rn\u00ed pohyb a s\u00edlu, co\u017e zaji\u0161\u0165uje vysokou \u00fa\u010dinnost mechanick\u00fdch operac\u00ed ramene.<\/p>\n<h3>P\u0159esn\u00e9 ovl\u00e1d\u00e1n\u00ed<\/h3>\n<p>D\u00edky hydraulick\u00e9mu syst\u00e9mu m\u016f\u017ee v\u00e1lec ramene dos\u00e1hnout p\u0159esn\u00e9ho \u0159\u00edzen\u00ed pohybu, co\u017e zvy\u0161uje flexibilitu a p\u0159esnost ovl\u00e1d\u00e1n\u00ed p\u0159ipojen\u00e9ho n\u00e1\u0159ad\u00ed.<\/p>\n<h3>Vysok\u00e1 odolnost<\/h3>\n<p>V\u00e1lec ramene je obvykle vyroben z vysoce pevn\u00fdch materi\u00e1l\u016f a m\u00e1 dobrou odolnost proti opot\u0159eben\u00ed a korozi, d\u00edky \u010demu\u017e je vhodn\u00fd pro dlouhodob\u00e9 pou\u017e\u00edv\u00e1n\u00ed v n\u00e1ro\u010dn\u00fdch podm\u00ednk\u00e1ch.<\/p>\n<h3>Multifunk\u010dn\u00ed p\u0159izp\u016fsobivost<\/h3>\n<p>Tyto v\u00e1lce lze \u0161iroce pou\u017e\u00edvat v r\u016fzn\u00fdch mechanick\u00fdch za\u0159\u00edzen\u00edch, jako jsou bagry, je\u0159\u00e1by a mechanick\u00e1 ramena, aby se p\u0159izp\u016fsobily r\u016fzn\u00fdm pracovn\u00edm po\u017eadavk\u016fm.<\/p>\n<h3>Snadn\u00e1 \u00fadr\u017eba<\/h3>\n<p>Konstrukce zohled\u0148uje snadnou \u00fadr\u017ebu a v\u00fdm\u011bnu, co\u017e usnad\u0148uje pravideln\u00e9 kontroly a \u00fadr\u017ebu a zkracuje prostoje za\u0159\u00edzen\u00ed.<\/p>\n<p><img decoding=\"async\" src=\"https:\/\/www.hydraulic-cylinders.net\/wp-content\/uploads\/2025\/01\/songte-oil-pipes-and-spare-parts.webp\" alt=\"Obr\u00e1zek n\u00e1hradn\u00edch d\u00edl\u016f\"><\/p>\n<h2>Aplikace<\/h2>\n<h3>Stavebn\u00ed in\u017een\u00fdrstv\u00ed<\/h3>\n<p>U bagr\u016f a je\u0159\u00e1b\u016f se v\u00e1lec ramene pou\u017e\u00edv\u00e1 k ovl\u00e1d\u00e1n\u00ed pohybu l\u017eic nebo zvedac\u00edch ramen pro zemn\u00ed pr\u00e1ce, manipulaci s materi\u00e1lem a instalaci konstrukc\u00ed.<\/p>\n<h3>V\u00fdrobn\u00ed<\/h3>\n<p>V automatizovan\u00fdch v\u00fdrobn\u00edch link\u00e1ch se v\u00e1lec ramene pou\u017e\u00edv\u00e1 k \u0159\u00edzen\u00ed pohybu mechanick\u00fdch ramen, pro mont\u00e1\u017en\u00ed, sva\u0159ovac\u00ed a manipula\u010dn\u00ed procesy, \u010d\u00edm\u017e se zvy\u0161uje efektivita a p\u0159esnost v\u00fdroby.<\/p>\n<h3>Zem\u011bd\u011blsk\u00e9 stroje<\/h3>\n<p>V zem\u011bd\u011blsk\u00fdch stroj\u00edch, jako jsou skl\u00edzec\u00ed a sec\u00ed stroje, v\u00e1lec ramene ovl\u00e1d\u00e1 pohyb ovl\u00e1dac\u00edho ramene a prov\u00e1d\u00ed \u00fakoly, jako je set\u00ed, hnojen\u00ed a sklize\u0148.<\/p>\n<h3>Hornictv\u00ed<\/h3>\n<p>V t\u011b\u017eebn\u00edm za\u0159\u00edzen\u00ed se v\u00e1lec ramene pou\u017e\u00edv\u00e1 k ovl\u00e1d\u00e1n\u00ed pohybu ramene t\u011b\u017eebn\u00edho za\u0159\u00edzen\u00ed, pro t\u011b\u017ebu a p\u0159epravu rud.<\/p>\n<h3>Logistika a doprava<\/h3>\n<p>U vysokozdvi\u017en\u00fdch voz\u00edk\u016f a manipula\u010dn\u00edch robot\u016f se v\u00e1lec ramene pou\u017e\u00edv\u00e1 k ovl\u00e1d\u00e1n\u00ed zved\u00e1n\u00ed a pohybu vidlic, \u010d\u00edm\u017e se dosahuje manipulace s materi\u00e1lem a jeho stohov\u00e1n\u00ed.<\/p>\n<h2>Konstruk\u010dn\u00ed aspekty a krit\u00e9ria v\u00fdb\u011bru<\/h2>\n<h3>\u00danosnost<\/h3>\n<p>V\u00e1lec ramene by m\u011bl m\u00edt dostate\u010dnou nosnost, aby spl\u0148oval po\u017eadavky na provoz r\u016fzn\u00fdch mechanick\u00fdch za\u0159\u00edzen\u00ed.<\/p>\n<h3>T\u011bsnic\u00ed v\u00fdkon<\/h3>\n<p>V\u00e1lec ramene by m\u011bl pou\u017e\u00edvat r\u016fzn\u00e9 t\u011bsnic\u00ed komponenty, jako jsou t\u011bsn\u011bn\u00ed p\u00edstu a t\u011bsn\u011bn\u00ed p\u00edstnice, vyroben\u00e9 z materi\u00e1l\u016f odoln\u00fdch proti opot\u0159eben\u00ed, jako je polyuretan a nitrilov\u00e1 pry\u017e, aby byl zaji\u0161t\u011bn vynikaj\u00edc\u00ed t\u011bsnic\u00ed v\u00fdkon.<\/p>\n<h3>Trvanlivost<\/h3>\n<p>Rameno v\u00e1lce by m\u011blo b\u00fdt vyrobeno z vysoce pevn\u00fdch materi\u00e1l\u016f a t\u011blo v\u00e1lce a povrch z\u00e1vitu by m\u011bly b\u00fdt jemn\u011b opracov\u00e1ny, aby se zlep\u0161ila odolnost proti opot\u0159eben\u00ed.<\/p>\n<h3>Bezpe\u010dnost<\/h3>\n<p>V\u00e1lec ramene by m\u011bl m\u00edt bezpe\u010dnostn\u00ed opat\u0159en\u00ed, jako je ochrana proti p\u0159et\u00ed\u017een\u00ed a nouzov\u00e9 zastaven\u00ed, aby byl zaji\u0161t\u011bn bezpe\u010dn\u00fd a spolehliv\u00fd provoz.<\/p>\n<h3>Udr\u017eovatelnost<\/h3>\n<p>V\u00e1lec ramene by m\u011bl b\u00fdt navr\u017een pro snadnou \u00fadr\u017ebu a v\u00fdm\u011bnu, \u010d\u00edm\u017e by se sn\u00ed\u017eily n\u00e1klady na \u00fadr\u017ebu a prostoje.<\/p>\n<p><img decoding=\"async\" src=\"https:\/\/www.hydraulic-cylinders.net\/wp-content\/uploads\/2025\/01\/songte-cylinder-head-with-all-kinds-excavator-models.webp\" alt=\"Obr\u00e1zek hlavy v\u00e1lc\u016f\"><\/p>\n<h2>T\u011bsn\u011bn\u00ed a maz\u00e1n\u00ed<\/h2>\n<p>V\u00e1lec ramene by m\u011bl pou\u017e\u00edvat r\u016fzn\u00e9 t\u011bsnic\u00ed komponenty vyroben\u00e9 z materi\u00e1l\u016f odoln\u00fdch proti opot\u0159eben\u00ed, jako je polyuretan a nitrilov\u00e1 pry\u017e, aby byl zaji\u0161t\u011bn vynikaj\u00edc\u00ed t\u011bsnic\u00ed v\u00fdkon. T\u011bleso v\u00e1lce a povrch z\u00e1vitu by m\u011bly b\u00fdt jemn\u011b opracov\u00e1ny pro zlep\u0161en\u00ed odolnosti proti opot\u0159eben\u00ed. Pro maz\u00e1n\u00ed je nutn\u00e9 pravideln\u011b p\u0159id\u00e1vat odpov\u00eddaj\u00edc\u00ed mno\u017estv\u00ed hydraulick\u00e9ho oleje.<\/p>\n<h2>Inspekce a \u00fadr\u017eba<\/h2>\n<h3>Inspekce<\/h3>\n<p>Pravideln\u00e1 kontrola v\u00e1lce ramene je nezbytn\u00e1 pro zaji\u0161t\u011bn\u00ed jeho bezpe\u010dn\u00e9ho a spolehliv\u00e9ho provozu. Kontrola zahrnuje mimo jin\u00e9 kontrolu t\u011bsn\u011bn\u00ed, stavu opot\u0159eben\u00ed a upev\u0148ovac\u00edch \u0161roub\u016f.<\/p>\n<h3>\u00dadr\u017eba<\/h3>\n<p>V\u00e1lec ramene by m\u011bl b\u00fdt pravideln\u011b udr\u017eov\u00e1n podle pokyn\u016f v\u00fdrobce. \u00dadr\u017eba zahrnuje mimo jin\u00e9 v\u00fdm\u011bnu t\u011bsnic\u00edch sou\u010d\u00e1st\u00ed, \u010di\u0161t\u011bn\u00ed t\u011blesa v\u00e1lce a kontrolu bezpe\u010dnostn\u00edch opat\u0159en\u00ed.<\/p>\n<p><img decoding=\"async\" src=\"https:\/\/www.hydraulic-cylinders.net\/wp-content\/uploads\/2025\/01\/songte-chushion-collar.webp\" alt=\"Obr\u00e1zek obojku\"><\/p>\n<h2>Instala\u010dn\u00ed p\u0159\u00edru\u010dka<\/h2>\n<p>Instalace v\u00e1lce s ramenem by m\u011bla b\u00fdt provedena podle pokyn\u016f v\u00fdrobce a s pou\u017eit\u00edm vhodn\u00e9ho n\u00e1\u0159ad\u00ed. T\u011bleso v\u00e1lce by m\u011blo b\u00fdt bezpe\u010dn\u011b nainstalov\u00e1no a p\u0159ipojen\u00ed potrub\u00ed by m\u011blo b\u00fdt t\u011bsn\u00e9, aby se zabr\u00e1nilo \u00faniku oleje. P\u0159i instalaci by se m\u011bla zohlednit tak\u00e9 poloha a sm\u011br t\u011blesa v\u00e1lce, veden\u00ed kabel\u016f a vliv prost\u0159ed\u00ed na v\u00fdkon v\u00e1lce.<\/p>\n<h2>Bezpe\u010dnostn\u00ed a environment\u00e1ln\u00ed aspekty<\/h2>\n<p>Pro zaji\u0161t\u011bn\u00ed bezpe\u010dn\u00e9ho provozu by m\u011bla b\u00fdt zavedena bezpe\u010dnostn\u00ed opat\u0159en\u00ed, jako je ochrana proti p\u0159et\u00ed\u017een\u00ed a nouzov\u00e9 zastaven\u00ed. Pozornost by m\u011bla b\u00fdt v\u011bnov\u00e1na tak\u00e9 faktor\u016fm prost\u0159ed\u00ed, jako je teplota, prach a vlhkost, aby se zabr\u00e1nilo po\u0161kozen\u00ed v\u00e1lce ramene.<\/p>\n<h2>Diagnostika z\u00e1vad a b\u011b\u017en\u00e9 probl\u00e9my<\/h2>\n<h3>Diagnostika poruch<\/h3>\n<p>Mezi b\u011b\u017en\u00e9 z\u00e1vady v\u00e1lce ramene pat\u0159\u00ed \u00fanik oleje, nedostate\u010dn\u00fd v\u00fdkon, abnorm\u00e1ln\u00ed hluk a pomal\u00fd pohyb. Diagnostiku z\u00e1vady lze prov\u00e9st s technickou podporou v\u00fdrobce nebo s odborn\u00fdm person\u00e1lem \u00fadr\u017eby.<\/p>\n<h3>B\u011b\u017en\u00e9 probl\u00e9my<\/h3>\n<p>Mezi b\u011b\u017en\u00e9 probl\u00e9my s v\u00e1lcem ramene pat\u0159\u00ed opot\u0159ebovan\u00e9 t\u011bsnic\u00ed komponenty, zne\u010di\u0161t\u011bn\u00fd hydraulick\u00fd olej a po\u0161kozen\u00e9 p\u00edstn\u00ed ty\u010de. K vy\u0159e\u0161en\u00ed t\u011bchto probl\u00e9m\u016f je nutn\u00e9 vym\u011bnit p\u0159\u00edslu\u0161n\u00e9 d\u00edly a vy\u010distit hydraulick\u00fd syst\u00e9m.<\/p>\n<p><img decoding=\"async\" src=\"https:\/\/www.hydraulic-cylinders.net\/wp-content\/uploads\/2025\/01\/songte-bushings-with-all-kinds-of-excavator-models.webp\" alt=\"Obr\u00e1zek pouzder\"><\/p>\n<h2>O n\u00e1s<\/h2>\n<p>Jsme profesion\u00e1ln\u00ed v\u00fdrobce n\u00e1hradn\u00edch hydraulick\u00fdch v\u00e1lc\u016f s \u0161irokou \u0161k\u00e1lou produkt\u016f. Stali jsme se jedn\u00edm z p\u0159edn\u00edch v\u00fdrobc\u016f a velkoobchodn\u00edch distributor\u016f hydraulick\u00fdch v\u00e1lc\u016f na dom\u00e1c\u00edm i mezin\u00e1rodn\u00edm trhu. V\u017edy se dr\u017e\u00edme principu vynikaj\u00edc\u00ed kvality, spol\u00e9h\u00e1me na strategii \u0159\u00edzen\u00ed pr\u016fmyslov\u00e9 v\u00fdroby v r\u00e1mci jemn\u00e9 v\u00fdrobn\u00ed d\u00edlny a neust\u00e1le zlep\u0161ujeme na\u0161i technologickou \u00farove\u0148 a efektivitu v\u00fdroby. Zav\u00e1d\u011bn\u00edm \u0161pi\u010dkov\u00e9ho digit\u00e1ln\u00edho v\u00fdrobn\u00edho za\u0159\u00edzen\u00ed a profesion\u00e1ln\u00edch testovac\u00edch syst\u00e9m\u016f optimalizujeme na\u0161i v\u00fdrobn\u00ed platformu, zlep\u0161ujeme proces kontroly kvality na\u0161ich v\u00fdrobk\u016f a m\u00e1me siln\u00e9 inova\u010dn\u00ed schopnosti. Na\u0161\u00edm c\u00edlem je uspokojovat rozmanit\u00e9 pot\u0159eby z\u00e1kazn\u00edk\u016f s principy efektivity, p\u0159esnosti a vysok\u00e9 kvality.<\/p>\n<h2>Na\u0161e slu\u017eby<\/h2>\n<h3>Profesionalita<\/h3>\n<p>N\u00e1\u0161 profesion\u00e1ln\u00ed t\u00fdm poskytuje z\u00e1kazn\u00edk\u016fm vysoce kvalitn\u00ed p\u0159edprodejn\u00ed, prodejn\u00ed a poprodejn\u00ed slu\u017eby a p\u0159izp\u016fsobuje \u0159e\u0161en\u00ed na z\u00e1klad\u011b pot\u0159eb z\u00e1kazn\u00edka.<\/p>\n<h3>Mezin\u00e1rodn\u00ed certifikace<\/h3>\n<p>Na\u0161e v\u00fdrobky pro\u0161ly mezin\u00e1rodn\u00ed certifikac\u00ed a spl\u0148uj\u00ed standardy kvality na r\u016fzn\u00fdch trz\u00edch, co\u017e zaji\u0161\u0165uje jejich spolehlivost a d\u016fv\u011bryhodnost.<\/p>\n<h3>Slu\u017eby p\u0159izp\u016fsoben\u00ed<\/h3>\n<p>Poskytujeme slu\u017eby na m\u00edru, abychom splnili individu\u00e1ln\u00ed pot\u0159eby z\u00e1kazn\u00edk\u016f, v\u010detn\u011b n\u00e1vrhu produkt\u016f, v\u00fdb\u011bru materi\u00e1l\u016f a balen\u00ed.<\/p>\n<h3>V\u00fdrobn\u00ed za\u0159\u00edzen\u00ed<\/h3>\n<p>Disponujeme modern\u00edm v\u00fdrobn\u00edm za\u0159\u00edzen\u00edm, v\u010detn\u011b CNC obr\u00e1b\u011bc\u00edch stroj\u016f, automatick\u00fdch sv\u00e1\u0159e\u010dek a za\u0159\u00edzen\u00ed pro povrchovou \u00fapravu, abychom splnili r\u016fzn\u00e9 v\u00fdrobn\u00ed po\u017eadavky a zv\u00fd\u0161ili efektivitu v\u00fdroby.<\/p>\n<h3>Poprodejn\u00ed servis<\/h3>\n<p>Poskytujeme efektivn\u00ed poprodejn\u00ed servis, abychom v\u010das \u0159e\u0161ili probl\u00e9my z\u00e1kazn\u00edk\u016f, v\u010detn\u011b z\u00e1ru\u010dn\u00edho servisu, \u00fadr\u017eby a oprav.<\/p>\n<p><img decoding=\"async\" src=\"https:\/\/www.hydraulic-cylinders.net\/wp-content\/uploads\/2025\/01\/songte-company-4.webp\" alt=\"Image spole\u010dnosti\"><br \/>\n<img decoding=\"async\" src=\"https:\/\/www.hydraulic-cylinders.net\/wp-content\/uploads\/2025\/01\/songte-company-3.webp\" alt=\"Image spole\u010dnosti\"><\/p>\n<p>Autor: lyl.<\/p>","protected":false},"excerpt":{"rendered":"<p>Introduction Arm Cylinder For Bonny WZY32-7 The Arm Cylinder for Bonny WZY32-7 is a specialized hydraulic cylinder designed to provide linear motion and power to the arm of various types of machinery, such as excavators, cranes, and mechanical arms. Arm cylinders play a critical role in hydraulic systems, allowing attached tools or attachments to move [&hellip;]<\/p>","protected":false},"featured_media":14763,"comment_status":"open","ping_status":"closed","template":"","meta":{"_et_pb_use_builder":"","_et_pb_old_content":"","_et_gb_content_width":""},"product_brand":[],"product_cat":[1497],"product_tag":[1498,1496],"class_list":{"0":"post-16856","1":"product","2":"type-product","3":"status-publish","4":"has-post-thumbnail","6":"product_cat-arm-cylinders","7":"product_tag-arm-cylinders","8":"product_tag-hydraulic-cylinders","10":"first","11":"instock","12":"shipping-taxable","13":"product-type-simple"},"amp_enabled":true,"_links":{"self":[{"href":"https:\/\/www.hydraulic-cylinders.net\/cs\/wp-json\/wp\/v2\/product\/16856","targetHints":{"allow":["GET"]}}],"collection":[{"href":"https:\/\/www.hydraulic-cylinders.net\/cs\/wp-json\/wp\/v2\/product"}],"about":[{"href":"https:\/\/www.hydraulic-cylinders.net\/cs\/wp-json\/wp\/v2\/types\/product"}],"replies":[{"embeddable":true,"href":"https:\/\/www.hydraulic-cylinders.net\/cs\/wp-json\/wp\/v2\/comments?post=16856"}],"wp:featuredmedia":[{"embeddable":true,"href":"https:\/\/www.hydraulic-cylinders.net\/cs\/wp-json\/wp\/v2\/media\/14763"}],"wp:attachment":[{"href":"https:\/\/www.hydraulic-cylinders.net\/cs\/wp-json\/wp\/v2\/media?parent=16856"}],"wp:term":[{"taxonomy":"product_brand","embeddable":true,"href":"https:\/\/www.hydraulic-cylinders.net\/cs\/wp-json\/wp\/v2\/product_brand?post=16856"},{"taxonomy":"product_cat","embeddable":true,"href":"https:\/\/www.hydraulic-cylinders.net\/cs\/wp-json\/wp\/v2\/product_cat?post=16856"},{"taxonomy":"product_tag","embeddable":true,"href":"https:\/\/www.hydraulic-cylinders.net\/cs\/wp-json\/wp\/v2\/product_tag?post=16856"}],"curies":[{"name":"wp","href":"https:\/\/api.w.org\/{rel}","templated":true}]}}