{"id":16857,"date":"2025-01-21T06:08:26","date_gmt":"2025-01-21T06:08:26","guid":{"rendered":"https:\/\/www.hydraulic-cylinders.net\/product\/arm-cylinder-for-bonny-wzyq42-6\/"},"modified":"2025-01-21T06:08:28","modified_gmt":"2025-01-21T06:08:28","slug":"arm-cylinder-for-bonny-wzyq42-6","status":"publish","type":"product","link":"https:\/\/www.hydraulic-cylinders.net\/cs\/produkt\/arm-cylinder-for-bonny-wzyq42-6\/","title":{"rendered":"V\u00e1lec ramene pro Bonny WZYQ42-6"},"content":{"rendered":"<h1>V\u00e1lec ramene pro Bonny WZYQ42-6<\/h1>\n<h2>Zaveden\u00ed<\/h2>\n<p>V\u00e1lec ramene je speci\u00e1ln\u011b navr\u017een\u00fd hydraulick\u00fd v\u00e1lec, kter\u00fd zaji\u0161\u0165uje line\u00e1rn\u00ed pohyb a s\u00edlu ramen r\u016fzn\u00fdch typ\u016f stroj\u016f, jako jsou bagry, je\u0159\u00e1by a mechanick\u00e1 ramena. Tyto v\u00e1lce hraj\u00ed kl\u00ed\u010dovou roli v hydraulick\u00fdch syst\u00e9mech, proto\u017ee umo\u017e\u0148uj\u00ed efektivn\u00ed pohyb a ovl\u00e1d\u00e1n\u00ed p\u0159\u00edslu\u0161enstv\u00ed nebo p\u0159\u00eddavn\u00fdch za\u0159\u00edzen\u00ed. Tyto v\u00e1lce nejen dosahuj\u00ed plynul\u00e9ho pohybu, ale tak\u00e9 odol\u00e1vaj\u00ed t\u011b\u017ek\u00fdm z\u00e1t\u011b\u017e\u00edm, \u010d\u00edm\u017e zaji\u0161\u0165uj\u00ed efektivn\u00ed provoz a spolehlivost stroj\u016f za r\u016fzn\u00fdch provozn\u00edch podm\u00ednek.<\/p>\n<p><img decoding=\"async\" src=\"https:\/\/www.hydraulic-cylinders.net\/wp-content\/uploads\/2025\/01\/songte-company-2.webp\" alt=\"v\u00e1lec ramene\"><\/p>\n<h2>Vlastnosti produktu<\/h2>\n<ul>\n<li>\n<h3>Efektivn\u00ed p\u0159enos v\u00fdkonu<\/h3>\n<p>V\u00e1lec ramene m\u016f\u017ee poskytovat siln\u00fd line\u00e1rn\u00ed pohyb a s\u00edlu, co\u017e zaji\u0161\u0165uje vysok\u00fd v\u00fdkon mechanick\u00fdch ramen v r\u016fzn\u00fdch operac\u00edch.<\/p>\n<\/li>\n<li>\n<h3>P\u0159esn\u00e9 ovl\u00e1d\u00e1n\u00ed<\/h3>\n<p>D\u00edky hydraulick\u00e9mu syst\u00e9mu m\u016f\u017ee v\u00e1lec ramene dos\u00e1hnout p\u0159esn\u00e9ho \u0159\u00edzen\u00ed pohybu, co\u017e zvy\u0161uje flexibilitu a p\u0159esnost ovl\u00e1d\u00e1n\u00ed p\u0159ipojen\u00fdch n\u00e1stroj\u016f.<\/p>\n<\/li>\n<li>\n<h3>Vysok\u00e1 odolnost<\/h3>\n<p>V\u00e1lce ramen jsou obvykle vyrobeny z vysoce pevn\u00fdch materi\u00e1l\u016f s dobrou odolnost\u00ed proti opot\u0159eben\u00ed a korozi, vhodn\u00fdch pro dlouhodob\u00e9 pou\u017e\u00edv\u00e1n\u00ed v n\u00e1ro\u010dn\u00fdch podm\u00ednk\u00e1ch.<\/p>\n<\/li>\n<li>\n<h3>Multifunk\u010dn\u00ed p\u0159izp\u016fsobivost<\/h3>\n<p>Tyto v\u00e1lce lze \u0161iroce pou\u017e\u00edvat v r\u016fzn\u00fdch mechanick\u00fdch za\u0159\u00edzen\u00edch, jako jsou bagry, je\u0159\u00e1by a mechanick\u00e1 ramena, a p\u0159izp\u016fsobit se tak r\u016fzn\u00fdm pracovn\u00edm po\u017eadavk\u016fm.<\/p>\n<\/li>\n<li>\n<h3>Snadn\u00e1 \u00fadr\u017eba<\/h3>\n<p>Konstrukce zohled\u0148uje snadnou \u00fadr\u017ebu a v\u00fdm\u011bnu, co\u017e usnad\u0148uje pravideln\u00e9 kontroly a \u00fadr\u017ebu a zkracuje prostoje za\u0159\u00edzen\u00ed.<\/p>\n<\/li>\n<\/ul>\n<p>Tento produkt dok\u00e1\u017eeme vyrobit a dokonale nahrad\u00ed tyto hydraulick\u00e9 v\u00e1lce.<\/p>\n<p><img decoding=\"async\" src=\"https:\/\/www.hydraulic-cylinders.net\/wp-content\/uploads\/2025\/01\/songte-oil-pipes-and-spare-parts.webp\" alt=\"olejov\u00e9 trubky a n\u00e1hradn\u00ed d\u00edly\"><\/p>\n<h2>Aplikace<\/h2>\n<ul>\n<li>\n<h3>Stavebn\u00ed in\u017een\u00fdrstv\u00ed<\/h3>\n<p>V\u00e1lce ramen se pou\u017e\u00edvaj\u00ed k ovl\u00e1d\u00e1n\u00ed pohybu l\u017e\u00edce nebo v\u00fdlo\u017en\u00edku v bagrech a je\u0159\u00e1bech p\u0159i prov\u00e1d\u011bn\u00ed zemn\u00edch prac\u00ed, manipulace s materi\u00e1lem a mont\u00e1\u017ee konstrukc\u00ed.<\/p>\n<\/li>\n<li>\n<h3>Zpracovatelsk\u00fd pr\u016fmysl<\/h3>\n<p>V\u00e1lce ramen se pou\u017e\u00edvaj\u00ed k pohybu mechanick\u00fdch ramen v automatizovan\u00fdch v\u00fdrobn\u00edch link\u00e1ch pro mont\u00e1\u017en\u00ed, sva\u0159ovac\u00ed a manipula\u010dn\u00ed procesy, \u010d\u00edm\u017e se zvy\u0161uje efektivita a p\u0159esnost v\u00fdroby.<\/p>\n<\/li>\n<li>\n<h3>Zem\u011bd\u011blsk\u00e9 stroje<\/h3>\n<p>V zem\u011bd\u011blsk\u00fdch stroj\u00edch, jako jsou skl\u00edzec\u00ed a s\u00e1zec\u00ed stroje, ovl\u00e1daj\u00ed v\u00e1lce ramen pohyb ovl\u00e1dac\u00edch ramen pro prov\u00e1d\u011bn\u00ed \u00fakol\u016f, jako je set\u00ed, hnojen\u00ed a sklize\u0148.<\/p>\n<\/li>\n<li>\n<h3>Hornictv\u00ed<\/h3>\n<p>V\u00e1lce ramen se pou\u017e\u00edvaj\u00ed k ovl\u00e1d\u00e1n\u00ed pohybu ramen t\u011b\u017eebn\u00edch za\u0159\u00edzen\u00ed pro t\u011b\u017ebu a p\u0159epravu nerost\u016f.<\/p>\n<\/li>\n<li>\n<h3>Logistika a doprava<\/h3>\n<p>V\u00e1lce ramen se pou\u017e\u00edvaj\u00ed k ovl\u00e1d\u00e1n\u00ed zved\u00e1n\u00ed a pohybu vidlic ve vysokozdvi\u017en\u00fdch voz\u00edkech a manipula\u010dn\u00edch robotech, co\u017e umo\u017e\u0148uje manipulaci s materi\u00e1lem a jeho stohov\u00e1n\u00ed.<\/p>\n<\/li>\n<\/ul>\n<h2>Konstruk\u010dn\u00ed aspekty a krit\u00e9ria v\u00fdb\u011bru<\/h2>\n<ul>\n<li>\n<h3>\u00danosnost<\/h3>\n<p>V\u00e1lec ramene mus\u00ed b\u00fdt navr\u017een tak, aby odolal maxim\u00e1ln\u00edmu zat\u00ed\u017een\u00ed, kter\u00e9mu bude vystaven, a aby byla zaji\u0161t\u011bna jeho bezpe\u010dnost a spolehlivost p\u0159i provozu.<\/p>\n<\/li>\n<li>\n<h3>T\u011bsn\u011bn\u00ed<\/h3>\n<p>K zaji\u0161t\u011bn\u00ed t\u011bsnic\u00edho v\u00fdkonu v\u00e1lce a zabr\u00e1n\u011bn\u00ed \u00faniku kapaliny se pou\u017e\u00edvaj\u00ed r\u016fzn\u00e9 t\u011bsnic\u00ed komponenty, jako jsou t\u011bsn\u011bn\u00ed p\u00edstu a t\u011bsn\u011bn\u00ed p\u00edstnice.<\/p>\n<\/li>\n<li>\n<h3>Trvanlivost<\/h3>\n<p>V\u00e1lec ramene je obvykle vyroben z odoln\u00fdch materi\u00e1l\u016f, jako je vysokopevnostn\u00ed ocel a antikorozn\u00ed povlaky, aby byla zaji\u0161t\u011bna jeho dlouh\u00e1 \u017eivotnost v n\u00e1ro\u010dn\u00fdch podm\u00ednk\u00e1ch.<\/p>\n<\/li>\n<li>\n<h3>Bezpe\u010dnost<\/h3>\n<p>Konstrukce v\u00e1lce ramene by m\u011bla zohled\u0148ovat bezpe\u010dnostn\u00ed faktory, jako je zabr\u00e1n\u011bn\u00ed p\u0159et\u00ed\u017een\u00ed, p\u0159etlaku a n\u00e1hl\u00e9mu poklesu z\u00e1t\u011b\u017ee, aby byla zaji\u0161t\u011bna bezpe\u010dnost pracovn\u00edk\u016f a stroj\u016f.<\/p>\n<\/li>\n<li>\n<h3>\u00dadr\u017eba<\/h3>\n<p>V\u00e1lec ramene by m\u011bl b\u00fdt navr\u017een tak, aby se dal snadno udr\u017eovat a vym\u011b\u0148ovat, nap\u0159\u00edklad by se m\u011bly pou\u017e\u00edvat standardn\u00ed d\u00edly a m\u011bly by b\u00fdt poskytnuty pokyny k \u00fadr\u017eb\u011b, aby se sn\u00ed\u017eily n\u00e1klady na \u00fadr\u017ebu a prostoje.<\/p>\n<\/li>\n<\/ul>\n<p><img decoding=\"async\" src=\"https:\/\/www.hydraulic-cylinders.net\/wp-content\/uploads\/2025\/01\/songte-cylinder-head-with-all-kinds-excavator-models.webp\" alt=\"hlava v\u00e1lc\u016f\"><\/p>\n<h2>T\u011bsn\u011bn\u00ed a maz\u00e1n\u00ed<\/h2>\n<p>K zaji\u0161t\u011bn\u00ed t\u011bsnic\u00edho v\u00fdkonu v\u00e1lce a zabr\u00e1n\u011bn\u00ed \u00faniku kapaliny se pou\u017e\u00edvaj\u00ed r\u016fzn\u00e9 t\u011bsnic\u00ed prvky, jako jsou t\u011bsn\u011bn\u00ed p\u00edstu a t\u011bsn\u011bn\u00ed p\u00edstnice. T\u011bsn\u011bn\u00ed jsou vyrobena z materi\u00e1l\u016f odoln\u00fdch proti opot\u0159eben\u00ed, jako je polyuretan a nitrilov\u00e1 pry\u017e, a t\u011bleso v\u00e1lce a z\u00e1vitov\u00fd konec jsou jemn\u011b o\u0161et\u0159eny pro zlep\u0161en\u00ed jejich odolnosti proti opot\u0159eben\u00ed. Pro maz\u00e1n\u00ed je nutn\u00e9 pravideln\u011b p\u0159id\u00e1vat odpov\u00eddaj\u00edc\u00ed mno\u017estv\u00ed hydraulick\u00e9ho oleje.<\/p>\n<p><img decoding=\"async\" src=\"https:\/\/www.hydraulic-cylinders.net\/wp-content\/uploads\/2025\/01\/songte-chushion-collar.webp\" alt=\"polstrovan\u00fd l\u00edmec\"><\/p>\n<h2>\u00dadr\u017eba a odstra\u0148ov\u00e1n\u00ed probl\u00e9m\u016f<\/h2>\n<p>Pravideln\u00e1 kontrola a preventivn\u00ed \u00fadr\u017eba jsou z\u00e1sadn\u00ed pro prodlou\u017een\u00ed \u017eivotnosti v\u00e1lce ramene. Zde je n\u011bkolik b\u011b\u017en\u00fdch tip\u016f pro \u0159e\u0161en\u00ed probl\u00e9m\u016f a preventivn\u00edch opat\u0159en\u00ed:<\/p>\n<ul>\n<li>\n<h3>Net\u011bsnost t\u011bsn\u011bn\u00ed<\/h3>\n<p>T\u011bsn\u011bn\u00ed m\u016f\u017ee b\u00fdt po\u0161kozen\u00e9 nebo opot\u0159ebovan\u00e9. Pravideln\u00e1 kontrola a v\u00fdm\u011bna t\u011bsn\u011bn\u00ed m\u016f\u017ee zabr\u00e1nit \u00faniku.<\/p>\n<\/li>\n<li>\n<h3>Abnorm\u00e1ln\u00ed zvuk<\/h3>\n<p>M\u016f\u017ee doj\u00edt k po\u0161kozen\u00ed nebo opot\u0159eben\u00ed p\u00edstu, ty\u010de nebo lo\u017eiska. Pravideln\u00e1 kontrola a v\u00fdm\u011bna opot\u0159ebovan\u00fdch d\u00edl\u016f m\u016f\u017ee zabr\u00e1nit abnorm\u00e1ln\u00edmu zvuku.<\/p>\n<\/li>\n<li>\n<h3>Pomal\u00fd pohyb<\/h3>\n<p>M\u016f\u017ee b\u00fdt nedostate\u010dn\u00e9 mno\u017estv\u00ed oleje nebo je filtr ucpan\u00fd. Pravideln\u00e1 kontrola a v\u00fdm\u011bna oleje a filtru m\u016f\u017ee zabr\u00e1nit pomal\u00e9mu pohybu.<\/p>\n<\/li>\n<\/ul>\n<h2>Instalace<\/h2>\n<p>Spr\u00e1vn\u00e1 instalace v\u00e1lce ramene je z\u00e1sadn\u00ed pro jeho bezpe\u010dnost a v\u00fdkon. Zde je n\u011bkolik pokyn\u016f:<\/p>\n<ul>\n<li>Ujist\u011bte se, \u017ee je v\u00e1lec spr\u00e1vn\u011b sp\u00e1rov\u00e1n se za\u0159\u00edzen\u00edm.<\/li>\n<li>Ujist\u011bte se, \u017ee je hydraulick\u00fd syst\u00e9m \u010dist\u00fd a bez ne\u010distot.<\/li>\n<li>Ujist\u011bte se, \u017ee je v\u00e1lec nainstalov\u00e1n ve spr\u00e1vn\u00e9 poloze a \u0161rouby jsou uta\u017eeny p\u0159edepsan\u00fdm momentem.<\/li>\n<li>Ujist\u011bte se, \u017ee v\u0161echna p\u0159ipojen\u00ed jsou bezpe\u010dn\u00e1 a hydraulick\u00e9 potrub\u00ed je spr\u00e1vn\u011b p\u0159ipojeno.<\/li>\n<li>P\u0159ed pou\u017eit\u00edm prove\u010fte d\u016fkladnou kontrolu a test.<\/li>\n<\/ul>\n<p>Nezapome\u0148te dodr\u017eovat pravidlo pro autory uveden\u00e9 na konci \u010dl\u00e1nku.<\/p>\n<p><img decoding=\"async\" src=\"https:\/\/www.hydraulic-cylinders.net\/wp-content\/uploads\/2025\/01\/songte-bushings-with-all-kinds-of-excavator-models.webp\" alt=\"pouzdra se v\u0161emi druhy model\u016f bagr\u016f\"><\/p>\n<h2>O n\u00e1s<\/h2>\n<p>Jsme profesion\u00e1ln\u00ed v\u00fdrobce n\u00e1hradn\u00edch d\u00edl\u016f pro hydraulick\u00e9 v\u00e1lce s \u0161irokou \u0161k\u00e1lou produkt\u016f a stali jsme se jedn\u00edm z p\u0159edn\u00edch v\u00fdrobc\u016f a velkoobchodn\u00edch distributor\u016f hydraulick\u00fdch v\u00e1lc\u016f na dom\u00e1c\u00edm i mezin\u00e1rodn\u00edm trhu. V\u017edy se dr\u017e\u00edme principu vynikaj\u00edc\u00ed kvality, spol\u00e9h\u00e1me na strategii industrializovan\u00e9ho \u0159\u00edzen\u00ed v\u00fdroby s efektivn\u00edmi v\u00fdrobn\u00edmi d\u00edlnami a neust\u00e1le zlep\u0161ujeme na\u0161i technologickou \u00farove\u0148 a efektivitu v\u00fdroby. Zav\u00e1d\u011bn\u00edm pokro\u010dil\u00e9ho digit\u00e1ln\u00edho v\u00fdrobn\u00edho za\u0159\u00edzen\u00ed a profesion\u00e1ln\u00edch testovac\u00edch syst\u00e9m\u016f neust\u00e1le optimalizujeme na\u0161i v\u00fdrobn\u00ed platformu, zlep\u0161ujeme procesy kontroly kvality na\u0161ich v\u00fdrobk\u016f a m\u00e1me siln\u00e9 inova\u010dn\u00ed schopnosti. Na\u0161\u00edm c\u00edlem je uspokojovat rozmanit\u00e9 pot\u0159eby z\u00e1kazn\u00edk\u016f s principy efektivity, p\u0159esnosti a vysok\u00e9 kvality.<\/p>\n<p>Na\u0161e spole\u010dnost nab\u00edz\u00ed na\u0161im z\u00e1kazn\u00edk\u016fm profesion\u00e1ln\u00ed mezin\u00e1rodn\u00ed certifikaci, slu\u017eby na m\u00edru, modern\u00ed v\u00fdrobn\u00ed za\u0159\u00edzen\u00ed a vynikaj\u00edc\u00ed poprodejn\u00ed servis.<\/p>\n<p><img decoding=\"async\" src=\"https:\/\/www.hydraulic-cylinders.net\/wp-content\/uploads\/2025\/01\/songte-company-4.webp\" alt=\"spole\u010dnost\"><\/p>\n<p><img decoding=\"async\" src=\"https:\/\/www.hydraulic-cylinders.net\/wp-content\/uploads\/2025\/01\/songte-company-3.webp\" alt=\"spole\u010dnost\"><\/p>","protected":false},"excerpt":{"rendered":"<p>Arm Cylinder For Bonny WZYQ42-6 Introduction An arm cylinder is a specifically designed hydraulic cylinder that provides linear motion and power to arms of various types of machinery such as excavators, cranes, and mechanical arms. These cylinders play a crucial role in hydraulic systems, allowing for effective movement and control of attachments or accessories. These [&hellip;]<\/p>","protected":false},"featured_media":14759,"comment_status":"open","ping_status":"closed","template":"","meta":{"_et_pb_use_builder":"","_et_pb_old_content":"","_et_gb_content_width":""},"product_brand":[],"product_cat":[1497],"product_tag":[1498,1496],"class_list":{"0":"post-16857","1":"product","2":"type-product","3":"status-publish","4":"has-post-thumbnail","6":"product_cat-arm-cylinders","7":"product_tag-arm-cylinders","8":"product_tag-hydraulic-cylinders","10":"first","11":"instock","12":"shipping-taxable","13":"product-type-simple"},"amp_enabled":true,"_links":{"self":[{"href":"https:\/\/www.hydraulic-cylinders.net\/cs\/wp-json\/wp\/v2\/product\/16857","targetHints":{"allow":["GET"]}}],"collection":[{"href":"https:\/\/www.hydraulic-cylinders.net\/cs\/wp-json\/wp\/v2\/product"}],"about":[{"href":"https:\/\/www.hydraulic-cylinders.net\/cs\/wp-json\/wp\/v2\/types\/product"}],"replies":[{"embeddable":true,"href":"https:\/\/www.hydraulic-cylinders.net\/cs\/wp-json\/wp\/v2\/comments?post=16857"}],"wp:featuredmedia":[{"embeddable":true,"href":"https:\/\/www.hydraulic-cylinders.net\/cs\/wp-json\/wp\/v2\/media\/14759"}],"wp:attachment":[{"href":"https:\/\/www.hydraulic-cylinders.net\/cs\/wp-json\/wp\/v2\/media?parent=16857"}],"wp:term":[{"taxonomy":"product_brand","embeddable":true,"href":"https:\/\/www.hydraulic-cylinders.net\/cs\/wp-json\/wp\/v2\/product_brand?post=16857"},{"taxonomy":"product_cat","embeddable":true,"href":"https:\/\/www.hydraulic-cylinders.net\/cs\/wp-json\/wp\/v2\/product_cat?post=16857"},{"taxonomy":"product_tag","embeddable":true,"href":"https:\/\/www.hydraulic-cylinders.net\/cs\/wp-json\/wp\/v2\/product_tag?post=16857"}],"curies":[{"name":"wp","href":"https:\/\/api.w.org\/{rel}","templated":true}]}}