{"id":16866,"date":"2025-01-21T06:09:07","date_gmt":"2025-01-21T06:09:07","guid":{"rendered":"https:\/\/www.hydraulic-cylinders.net\/product\/arm-cylinder-for-bonny-ced260-6\/"},"modified":"2025-01-21T06:09:09","modified_gmt":"2025-01-21T06:09:09","slug":"arm-cylinder-for-bonny-ced260-6","status":"publish","type":"product","link":"https:\/\/www.hydraulic-cylinders.net\/cs\/produkt\/arm-cylinder-for-bonny-ced260-6\/","title":{"rendered":"V\u00e1lec ramene pro Bonny CED260-6"},"content":{"rendered":"<h2>V\u00e1lec ramene pro Bonny CED260-6<\/h2>\n<p>V\u00e1lec ramene, jak n\u00e1zev napov\u00edd\u00e1, je specializovan\u00fd hydraulick\u00fd v\u00e1lec ur\u010den\u00fd k zaji\u0161t\u011bn\u00ed line\u00e1rn\u00edho pohybu a v\u00fdkonu ramene r\u016fzn\u00fdch stroj\u016f, jako jsou bagry, je\u0159\u00e1by a mechanick\u00e1 ramena. Tyto v\u00e1lce hraj\u00ed kl\u00ed\u010dovou roli v hydraulick\u00fdch syst\u00e9mech, proto\u017ee umo\u017e\u0148uj\u00ed efektivn\u00ed pohyb a ovl\u00e1d\u00e1n\u00ed dal\u0161\u00edho n\u00e1\u0159ad\u00ed nebo p\u0159\u00edslu\u0161enstv\u00ed. Tyto v\u00e1lce nejen\u017ee umo\u017e\u0148uj\u00ed plynul\u00fd pohyb, ale tak\u00e9 odol\u00e1vaj\u00ed t\u011b\u017ek\u00fdm z\u00e1t\u011b\u017e\u00edm, \u010d\u00edm\u017e zaji\u0161\u0165uj\u00ed efektivn\u00ed provoz a spolehlivost stroj\u016f v r\u016fzn\u00fdch pracovn\u00edch podm\u00ednk\u00e1ch.<\/p>\n<p><img decoding=\"async\" src=\"https:\/\/www.hydraulic-cylinders.net\/wp-content\/uploads\/2025\/01\/songte-company-2.webp\" alt=\"Obr\u00e1zek v\u00e1lce ramene\"><\/p>\n<h3>Vlastnosti v\u00e1lce ramene pro Bonny CED260-6<\/h3>\n<ol>\n<li>\n<p>Vysoce \u00fa\u010dinn\u00fd p\u0159evod: V\u00e1lec ramene poskytuje siln\u00fd line\u00e1rn\u00ed pohyb a s\u00edlu, co\u017e zaji\u0161\u0165uje vysok\u00fd v\u00fdkon mechanick\u00e9ho ramene v r\u016fzn\u00fdch operac\u00edch.<\/p>\n<\/li>\n<li>\n<p>P\u0159esn\u00e9 ovl\u00e1d\u00e1n\u00ed: D\u00edky hydraulick\u00e9mu syst\u00e9mu umo\u017e\u0148uje v\u00e1lec ramene p\u0159esn\u00e9 ovl\u00e1d\u00e1n\u00ed pohybu, \u010d\u00edm\u017e je ovl\u00e1d\u00e1n\u00ed dal\u0161\u00edch n\u00e1stroj\u016f flexibiln\u011bj\u0161\u00ed a p\u0159esn\u011bj\u0161\u00ed.<\/p>\n<\/li>\n<li>\n<p>Vysok\u00e1 odolnost: V\u00e1lce ramen jsou obvykle vyrobeny z vysoce pevn\u00fdch materi\u00e1l\u016f, kter\u00e9 nab\u00edzej\u00ed vynikaj\u00edc\u00ed odolnost proti opot\u0159eben\u00ed a korozi, a jsou vhodn\u00e9 pro dlouhodob\u00e9 pou\u017e\u00edv\u00e1n\u00ed v n\u00e1ro\u010dn\u00fdch podm\u00ednk\u00e1ch.<\/p>\n<\/li>\n<li>\n<p>Multifunk\u010dn\u00ed p\u0159izp\u016fsobivost: Tyto v\u00e1lce nach\u00e1zej\u00ed \u0161irok\u00e9 uplatn\u011bn\u00ed v r\u016fzn\u00fdch stroj\u00edch, jako jsou bagry, je\u0159\u00e1by a mechanick\u00e1 ramena, a p\u0159izp\u016fsobuj\u00ed se r\u016fzn\u00fdm pracovn\u00edm po\u017eadavk\u016fm.<\/p>\n<\/li>\n<li>\n<p>Snadn\u00e1 \u00fadr\u017eba: Konstrukce zohled\u0148uje snadnou \u00fadr\u017ebu a v\u00fdm\u011bnu, co\u017e usnad\u0148uje pravideln\u00e9 kontroly a \u00fadr\u017ebu a z\u00e1rove\u0148 minimalizuje prostoje za\u0159\u00edzen\u00ed.<\/p>\n<\/li>\n<\/ol>\n<p><img decoding=\"async\" src=\"https:\/\/www.hydraulic-cylinders.net\/wp-content\/uploads\/2025\/01\/songte-oil-pipes-and-spare-parts.webp\" alt=\"Obr\u00e1zek hydraulick\u00e9ho v\u00e1lce\"><\/p>\n<h3>Pou\u017eit\u00ed v\u00e1lce ramene pro Bonny CED260-6<\/h3>\n<p>V\u00e1lce s rameny se \u0161iroce pou\u017e\u00edvaj\u00ed v r\u016fzn\u00fdch pr\u016fmyslov\u00fdch odv\u011btv\u00edch pro r\u016fzn\u00e9 aplikace:<\/p>\n<ul>\n<li>\n<p>Stavebn\u00ed in\u017een\u00fdrstv\u00ed: U bagr\u016f a je\u0159\u00e1b\u016f ovl\u00e1daj\u00ed v\u00e1lce ramen pohyb l\u017e\u00edce nebo v\u00fdlo\u017en\u00edku, prov\u00e1d\u011bj\u00ed zemn\u00ed pr\u00e1ce, manipulaci s materi\u00e1lem a konstruk\u010dn\u00ed instalace.<\/p>\n<\/li>\n<li>\n<p>Zpracovatelsk\u00fd pr\u016fmysl: V automatizovan\u00fdch v\u00fdrobn\u00edch link\u00e1ch umo\u017e\u0148uj\u00ed v\u00e1lce ramen pohyb mechanick\u00fdch ramen pro procesy, jako je mont\u00e1\u017e, sva\u0159ov\u00e1n\u00ed a manipulace, \u010d\u00edm\u017e zvy\u0161uj\u00ed efektivitu a p\u0159esnost v\u00fdroby.<\/p>\n<\/li>\n<li>\n<p>Zem\u011bd\u011blsk\u00e9 stroje: V zem\u011bd\u011blsk\u00fdch stroj\u00edch, jako jsou skl\u00edzec\u00ed a sec\u00ed stroje, ovl\u00e1daj\u00ed v\u00e1lce ramen pohyb ovl\u00e1dac\u00edch ramen a prov\u00e1d\u011bj\u00ed \u00fakoly, jako je set\u00ed, hnojen\u00ed a sklize\u0148.<\/p>\n<\/li>\n<li>\n<p>T\u011b\u017eba: V t\u011b\u017eebn\u00edch za\u0159\u00edzen\u00edch ovl\u00e1daj\u00ed v\u00e1lce ramen pohyb ramen t\u011b\u017eebn\u00edch stroj\u016f, co\u017e usnad\u0148uje t\u011b\u017ebu a p\u0159epravu rudy.<\/p>\n<\/li>\n<li>\n<p>Logistika a doprava: U vysokozdvi\u017en\u00fdch voz\u00edk\u016f a manipula\u010dn\u00edch robot\u016f ovl\u00e1daj\u00ed v\u00e1lce ramen zved\u00e1n\u00ed a pohyb vidlic, co\u017e umo\u017e\u0148uje manipulaci s materi\u00e1lem a jeho stohov\u00e1n\u00ed.<\/p>\n<\/li>\n<\/ul>\n<h3>Konstruk\u010dn\u00ed aspekty a krit\u00e9ria v\u00fdb\u011bru<\/h3>\n<p>P\u0159i navrhov\u00e1n\u00ed v\u00e1lc\u016f s rameny vstupuje do hry n\u011bkolik faktor\u016f a krit\u00e9ri\u00ed:<\/p>\n<ul>\n<li>\n<p>Nosnost: V\u00e1lce ramen jsou navr\u017eeny pro manipulaci se specifick\u00fdm zat\u00ed\u017een\u00edm, co\u017e zaji\u0161\u0165uje optim\u00e1ln\u00ed v\u00fdkon a bezpe\u010dnost v r\u016fzn\u00fdch aplikac\u00edch.<\/p>\n<\/li>\n<li>\n<p>T\u011bsn\u011bn\u00ed: Pou\u017e\u00edvaj\u00ed se r\u016fzn\u00e9 t\u011bsnic\u00ed komponenty, jako jsou t\u011bsn\u011bn\u00ed p\u00edst\u016f a p\u00edstnic, vyroben\u00e9 z materi\u00e1l\u016f odoln\u00fdch proti opot\u0159eben\u00ed, jako je polyuretan a nitrilov\u00e1 pry\u017e. T\u011bleso v\u00e1lce a z\u00e1vitov\u00e9 koncov\u00e9 plochy proch\u00e1zej\u00ed jemn\u00fdm o\u0161et\u0159en\u00edm pro zv\u00fd\u0161en\u00ed odolnosti proti opot\u0159eben\u00ed.<\/p>\n<\/li>\n<li>\n<p>Odolnost: V\u00e1lce ramen jsou vyr\u00e1b\u011bny z vysoce kvalitn\u00edch materi\u00e1l\u016f a p\u0159esn\u00fdch obr\u00e1b\u011bc\u00edch technik, aby byla zaji\u0161t\u011bna odolnost a dlouh\u00e1 \u017eivotnost v n\u00e1ro\u010dn\u00fdch prost\u0159ed\u00edch.<\/p>\n<\/li>\n<li>\n<p>Bezpe\u010dnost: P\u0159i konstrukci ramenov\u00fdch v\u00e1lc\u016f jsou bezpe\u010dnostn\u00ed aspekty nanejv\u00fd\u0161 d\u016fle\u017eit\u00e9, aby se p\u0159ede\u0161lo nehod\u00e1m a zajistila se pohoda obsluhy a okoln\u00edho person\u00e1lu.<\/p>\n<\/li>\n<li>\n<p>\u00dadr\u017eba: Konstruk\u010dn\u00ed prvky jsou za\u010dlen\u011bny tak, aby usnad\u0148ovaly \u00fadr\u017ebu a opravy, minimalizovaly prostoje a maximalizovaly provozn\u00ed efektivitu.<\/p>\n<\/li>\n<\/ul>\n<p><img decoding=\"async\" src=\"https:\/\/www.hydraulic-cylinders.net\/wp-content\/uploads\/2025\/01\/songte-cylinder-head-with-all-kinds-excavator-models.webp\" alt=\"Obr\u00e1zek hlavy v\u00e1lc\u016f\"><\/p>\n<h3>T\u011bsn\u011bn\u00ed a maz\u00e1n\u00ed v\u00e1lce ramene<\/h3>\n<p>V\u00e1lce ramen pou\u017e\u00edvaj\u00ed r\u016fzn\u00e9 t\u011bsnic\u00ed komponenty a vy\u017eaduj\u00ed pravideln\u00e9 maz\u00e1n\u00ed:<\/p>\n<ul>\n<li>\n<p>T\u011bsnic\u00ed komponenty: V\u00e1lce ramen pou\u017e\u00edvaj\u00ed p\u00edstn\u00ed t\u011bsn\u011bn\u00ed, t\u011bsn\u011bn\u00ed p\u00edstnice a dal\u0161\u00ed t\u011bsnic\u00ed prvky vyroben\u00e9 z materi\u00e1l\u016f odoln\u00fdch proti opot\u0159eben\u00ed, jako je polyuretan a nitrilov\u00e1 pry\u017e.<\/p>\n<\/li>\n<li>\n<p>O\u0161et\u0159en\u00ed t\u011blesa v\u00e1lce a z\u00e1vitov\u00fdch konc\u016f: T\u011bleso v\u00e1lce a z\u00e1vitov\u00e9 konce proch\u00e1zej\u00ed pe\u010dliv\u00fdm o\u0161et\u0159en\u00edm pro zv\u00fd\u0161en\u00ed odolnosti proti opot\u0159eben\u00ed.<\/p>\n<\/li>\n<li>\n<p>Pravideln\u00e9 maz\u00e1n\u00ed: Pro maz\u00e1n\u00ed je nutn\u00e9 dostate\u010dn\u00e9 mno\u017estv\u00ed hydraulick\u00e9ho oleje a pro zaji\u0161t\u011bn\u00ed plynul\u00e9ho provozu je t\u0159eba v pravideln\u00fdch intervalech dopl\u0148ovat odpov\u00eddaj\u00edc\u00ed mno\u017estv\u00ed.<\/p>\n<\/li>\n<\/ul>\n<h3>Pravideln\u00e1 kontrola a preventivn\u00ed \u00fadr\u017eba<\/h3>\n<p>Pro zaji\u0161t\u011bn\u00ed optim\u00e1ln\u00edho v\u00fdkonu a dlouh\u00e9 \u017eivotnosti v\u00e1lc\u016f ramen jsou nezbytn\u00e9 pravideln\u00e9 kontroly a preventivn\u00ed \u00fadr\u017eba:<\/p>\n<ul>\n<li>\n<p>Kontrola: Pravideln\u011b kontrolujte v\u00e1lec ramene, zda nevykazuje zn\u00e1mky opot\u0159eben\u00ed, net\u011bsnosti nebo po\u0161kozen\u00ed. V\u011bnujte pozornost stavu t\u011bsnic\u00edch sou\u010d\u00e1st\u00ed a celkov\u00e9mu v\u00fdkonu v\u00e1lce.<\/p>\n<\/li>\n<li>\n<p>Preventivn\u00ed \u00fadr\u017eba: Dodr\u017eujte doporu\u010den\u00e9 intervaly \u00fadr\u017eby a prov\u00e1d\u011bjte preventivn\u00ed \u00fakony, jako je \u010di\u0161t\u011bn\u00ed, maz\u00e1n\u00ed a v\u00fdm\u011bna opot\u0159ebovan\u00fdch sou\u010d\u00e1st\u00ed.<\/p>\n<\/li>\n<\/ul>\n<p><img decoding=\"async\" src=\"https:\/\/www.hydraulic-cylinders.net\/wp-content\/uploads\/2025\/01\/songte-chushion-collar.webp\" alt=\"Obr\u00e1zek obojku Chushion\"><\/p>\n<h3>Spr\u00e1vn\u00fd n\u00e1vod k instalaci v\u00e1lce ramene<\/h3>\n<p>Spr\u00e1vn\u00e1 instalace v\u00e1lce ramene je kl\u00ed\u010dov\u00e1 pro jeho optim\u00e1ln\u00ed fungov\u00e1n\u00ed a dlouhou \u017eivotnost:<\/p>\n<ul>\n<li>\n<p>\u0158i\u010fte se pokyny v\u00fdrobce k instalaci a zajist\u011bte dodr\u017een\u00ed v\u0161ech doporu\u010den\u00fdch postup\u016f.<\/p>\n<\/li>\n<li>\n<p>P\u0159ed instalac\u00ed zkontrolujte v\u00e1lec a souvisej\u00edc\u00ed komponenty, zda nejsou po\u0161kozen\u00e9 nebo vadn\u00e9.<\/p>\n<\/li>\n<li>\n<p>Zajist\u011bte spr\u00e1vn\u00e9 vyrovn\u00e1n\u00ed a bezpe\u010dn\u00e9 upevn\u011bn\u00ed v\u00e1lce ke stroji p\u0159i dodr\u017een\u00ed specifikovan\u00fdch hodnot utahovac\u00edho momentu.<\/p>\n<\/li>\n<li>\n<p>Zkontrolujte v\u0161echny hydraulick\u00e9 spoje, zda nedoch\u00e1z\u00ed k jejich t\u011bsnosti a zda jsou spr\u00e1vn\u011b ut\u011bsn\u011bny.<\/p>\n<\/li>\n<li>\n<p>Po instalaci otestujte funk\u010dnost v\u00e1lce.<\/p>\n<\/li>\n<\/ul>\n<p><img decoding=\"async\" src=\"https:\/\/www.hydraulic-cylinders.net\/wp-content\/uploads\/2025\/01\/songte-bushings-with-all-kinds-of-excavator-models.webp\" alt=\"Obr\u00e1zek pouzder\"><\/p>\n<h3>Bezpe\u010dnostn\u00ed aspekty a faktory prost\u0159ed\u00ed<\/h3>\n<p>P\u0159i pr\u00e1ci s ramenov\u00fdmi v\u00e1lci jsou bezpe\u010dnostn\u00ed opat\u0159en\u00ed z\u00e1sadn\u00ed pro prevenci nehod a zaji\u0161t\u011bn\u00ed bezpe\u010dn\u00e9ho provozn\u00edho prost\u0159ed\u00ed. Je d\u016fle\u017eit\u00e9 zv\u00e1\u017eit faktory, jako nap\u0159\u00edklad:<\/p>\n<ul>\n<li>\n<p>Bezpe\u010dnostn\u00ed opat\u0159en\u00ed: P\u0159i obsluze stroj\u016f vybaven\u00fdch ramenov\u00fdmi v\u00e1lci dodr\u017eujte v\u0161echny bezpe\u010dnostn\u00ed pokyny a protokoly. Pou\u017e\u00edvejte vhodn\u00e9 ochrann\u00e9 pom\u016fcky a dodr\u017eujte spr\u00e1vn\u00e9 provozn\u00ed postupy.<\/p>\n<\/li>\n<li>\n<p>Faktory prost\u0159ed\u00ed: Zva\u017ete pracovn\u00ed podm\u00ednky a faktory prost\u0159ed\u00ed, jako je teplota, vlhkost a vystaven\u00ed korozivn\u00edm l\u00e1tk\u00e1m. Ujist\u011bte se, \u017ee v\u00e1lec s ramenem je vhodn\u00fd pro konkr\u00e9tn\u00ed aplika\u010dn\u00ed prost\u0159ed\u00ed.<\/p>\n<\/li>\n<\/ul>\n<h3>Odstra\u0148ov\u00e1n\u00ed probl\u00e9m\u016f a b\u011b\u017en\u00e9 probl\u00e9my<\/h3>\n<p>Navzdory sv\u00e9 spolehlivosti se u v\u00e1lc\u016f ramen mohou vyskytnout probl\u00e9my, kter\u00e9 vy\u017eaduj\u00ed odstran\u011bn\u00ed. Mezi b\u011b\u017en\u00e9 probl\u00e9my pat\u0159\u00ed:<\/p>\n<ul>\n<li>\n<p>\u00danik: Zkontrolujte, zda nedoch\u00e1z\u00ed k \u00faniku hydraulick\u00e9 kapaliny, a identifikujte jeho p\u0159\u00ed\u010dinu. M\u016f\u017ee to b\u00fdt zp\u016fsobeno po\u0161kozen\u00fdmi t\u011bsn\u011bn\u00edmi nebo spoji.<\/p>\n<\/li>\n<li>\n<p>\u0160patn\u00fd v\u00fdkon: Pokud v\u00e1lec ramene neposkytuje o\u010dek\u00e1van\u00fd v\u00fdkon nebo pohyb, zkontrolujte hydraulick\u00fd syst\u00e9m a ov\u011b\u0159te, zda nedo\u0161lo k n\u011bjak\u00fdm p\u0159ek\u00e1\u017ek\u00e1m nebo poruch\u00e1m.<\/p>\n<\/li>\n<li>\n<p>Abnorm\u00e1ln\u00ed hluk: Neobvykl\u00e9 zvuky b\u011bhem provozu mohou nazna\u010dovat mechanick\u00e9 probl\u00e9my nebo nespr\u00e1vn\u00e9 maz\u00e1n\u00ed. Zkontrolujte v\u00e1lec a souvisej\u00edc\u00ed komponenty, zda nevykazuj\u00ed n\u011bjak\u00e9 anom\u00e1lie.<\/p>\n<\/li>\n<\/ul>\n<p><img decoding=\"async\" src=\"https:\/\/www.hydraulic-cylinders.net\/wp-content\/uploads\/2025\/01\/songte-chushion-collar.webp\" alt=\"Obr\u00e1zek obojku Chushion\"><\/p>\n<p>\u0158i\u010fte se t\u011bmito tipy a \u0159e\u0161en\u00edmi pro efektivn\u00ed diagnostiku a vy\u0159e\u0161en\u00ed probl\u00e9m\u016f s v\u00e1lcem ramene. Krom\u011b toho implementace<\/p>","protected":false},"excerpt":{"rendered":"<p>Arm Cylinder For Bonny CED260-6 Arm Cylinder, as the name suggests, is a specialized hydraulic cylinder designed to provide linear motion and power to the arm of various machinery such as excavators, cranes, and mechanical arms. These cylinders play a crucial role in hydraulic systems, allowing for effective movement and control of additional tools or [&hellip;]<\/p>","protected":false},"featured_media":14763,"comment_status":"open","ping_status":"closed","template":"","meta":{"_et_pb_use_builder":"","_et_pb_old_content":"","_et_gb_content_width":""},"product_brand":[],"product_cat":[1497],"product_tag":[1498,1496],"class_list":{"0":"post-16866","1":"product","2":"type-product","3":"status-publish","4":"has-post-thumbnail","6":"product_cat-arm-cylinders","7":"product_tag-arm-cylinders","8":"product_tag-hydraulic-cylinders","10":"first","11":"instock","12":"shipping-taxable","13":"product-type-simple"},"amp_enabled":true,"_links":{"self":[{"href":"https:\/\/www.hydraulic-cylinders.net\/cs\/wp-json\/wp\/v2\/product\/16866","targetHints":{"allow":["GET"]}}],"collection":[{"href":"https:\/\/www.hydraulic-cylinders.net\/cs\/wp-json\/wp\/v2\/product"}],"about":[{"href":"https:\/\/www.hydraulic-cylinders.net\/cs\/wp-json\/wp\/v2\/types\/product"}],"replies":[{"embeddable":true,"href":"https:\/\/www.hydraulic-cylinders.net\/cs\/wp-json\/wp\/v2\/comments?post=16866"}],"wp:featuredmedia":[{"embeddable":true,"href":"https:\/\/www.hydraulic-cylinders.net\/cs\/wp-json\/wp\/v2\/media\/14763"}],"wp:attachment":[{"href":"https:\/\/www.hydraulic-cylinders.net\/cs\/wp-json\/wp\/v2\/media?parent=16866"}],"wp:term":[{"taxonomy":"product_brand","embeddable":true,"href":"https:\/\/www.hydraulic-cylinders.net\/cs\/wp-json\/wp\/v2\/product_brand?post=16866"},{"taxonomy":"product_cat","embeddable":true,"href":"https:\/\/www.hydraulic-cylinders.net\/cs\/wp-json\/wp\/v2\/product_cat?post=16866"},{"taxonomy":"product_tag","embeddable":true,"href":"https:\/\/www.hydraulic-cylinders.net\/cs\/wp-json\/wp\/v2\/product_tag?post=16866"}],"curies":[{"name":"wp","href":"https:\/\/api.w.org\/{rel}","templated":true}]}}