{"id":16871,"date":"2025-01-21T06:09:27","date_gmt":"2025-01-21T06:09:27","guid":{"rendered":"https:\/\/www.hydraulic-cylinders.net\/product\/arm-cylinder-for-bonny-waydq50-5\/"},"modified":"2025-01-21T06:09:29","modified_gmt":"2025-01-21T06:09:29","slug":"arm-cylinder-for-bonny-waydq50-5","status":"publish","type":"product","link":"https:\/\/www.hydraulic-cylinders.net\/cs\/produkt\/arm-cylinder-for-bonny-waydq50-5\/","title":{"rendered":"V\u00e1lec ramene pro Bonny WAYDQ50-5"},"content":{"rendered":"<h1>V\u00e1lec ramene pro Bonny WAYDQ50-5<\/h1>\n<h2>Zaveden\u00ed<\/h2>\n<p>V\u00e1lec ramene je speci\u00e1ln\u011b navr\u017een\u00fd hydraulick\u00fd v\u00e1lec pou\u017e\u00edvan\u00fd k zaji\u0161t\u011bn\u00ed line\u00e1rn\u00edho pohybu a v\u00fdkonu r\u016fzn\u00fdch typ\u016f ramen stroj\u016f, jako jsou bagry, je\u0159\u00e1by a mechanick\u00e1 ramena. V\u00e1lec ramene hraje kl\u00ed\u010dovou roli v hydraulick\u00e9m syst\u00e9mu, proto\u017ee umo\u017e\u0148uje efektivn\u00ed pohyb a ovl\u00e1d\u00e1n\u00ed dal\u0161\u00edho n\u00e1\u0159ad\u00ed nebo p\u0159\u00edslu\u0161enstv\u00ed. Tyto v\u00e1lce nejen zaji\u0161\u0165uj\u00ed plynul\u00fd pohyb, ale tak\u00e9 sn\u00e1\u0161ej\u00ed t\u011b\u017ek\u00e1 zat\u00ed\u017een\u00ed, \u010d\u00edm\u017e zaji\u0161\u0165uj\u00ed efektivn\u00ed provoz a spolehlivost stroj\u016f za r\u016fzn\u00fdch provozn\u00edch podm\u00ednek.<\/p>\n<p><img decoding=\"async\" src=\"https:\/\/www.hydraulic-cylinders.net\/wp-content\/uploads\/2025\/01\/songte-company-2.webp\" alt=\"V\u00e1lec ramene\" \/><\/p>\n<h2>Funkce<\/h2>\n<ul>\n<li>Efektivn\u00ed p\u0159enos s\u00edly: V\u00e1lec ramene zaji\u0161\u0165uje siln\u00fd line\u00e1rn\u00ed pohyb a s\u00edlu, co\u017e zaji\u0161\u0165uje vysoce \u00fa\u010dinn\u00fd v\u00fdkon mechanick\u00e9ho ramene v r\u016fzn\u00fdch operac\u00edch.<\/li>\n<li>P\u0159esn\u00e9 ovl\u00e1d\u00e1n\u00ed: D\u00edky hydraulick\u00e9mu syst\u00e9mu m\u016f\u017ee v\u00e1lec ramene dos\u00e1hnout p\u0159esn\u00e9ho ovl\u00e1d\u00e1n\u00ed pohybu, co\u017e umo\u017e\u0148uje flexibiln\u011bj\u0161\u00ed a p\u0159esn\u011bj\u0161\u00ed ovl\u00e1d\u00e1n\u00ed dal\u0161\u00edch n\u00e1stroj\u016f.<\/li>\n<li>Vysok\u00e1 odolnost: V\u00e1lce ramen jsou obvykle vyrobeny z vysoce pevn\u00fdch materi\u00e1l\u016f, maj\u00ed dobrou odolnost proti opot\u0159eben\u00ed a korozi a jsou vhodn\u00e9 pro dlouhodob\u00e9 pou\u017e\u00edv\u00e1n\u00ed v n\u00e1ro\u010dn\u00fdch podm\u00ednk\u00e1ch.<\/li>\n<li>Multifunk\u010dn\u00ed p\u0159izp\u016fsobivost: Tyto v\u00e1lce lze \u0161iroce pou\u017e\u00edvat v r\u016fzn\u00fdch mechanick\u00fdch za\u0159\u00edzen\u00edch, jako jsou bagry, je\u0159\u00e1by a mechanick\u00e1 ramena, aby spl\u0148ovaly r\u016fzn\u00e9 pracovn\u00ed po\u017eadavky.<\/li>\n<li>Snadn\u00e1 \u00fadr\u017eba: D\u00edky snadn\u00e9 \u00fadr\u017eb\u011b a v\u00fdm\u011bn\u011b se pravideln\u00e9 kontroly a \u00fadr\u017eba staly pohodln\u011bj\u0161\u00edmi, co\u017e zkracuje prostoje za\u0159\u00edzen\u00ed.<\/li>\n<\/ul>\n<p>Tento produkt dok\u00e1\u017eeme vyrobit a dokonale nahrad\u00ed tyto hydraulick\u00e9 v\u00e1lce.<\/p>\n<p><img decoding=\"async\" src=\"https:\/\/www.hydraulic-cylinders.net\/wp-content\/uploads\/2025\/01\/songte-oil-pipes-and-spare-parts.webp\" alt=\"\u010c\u00e1sti v\u00e1lce\" \/><\/p>\n<h2>Aplikace<\/h2>\n<p>V\u00e1lec ramene se \u0161iroce pou\u017e\u00edv\u00e1 v r\u016fzn\u00fdch pr\u016fmyslov\u00fdch odv\u011btv\u00edch pro r\u016fzn\u00e9 aplikace:<\/p>\n<h3>Konstrukce<\/h3>\n<p>U bagr\u016f a je\u0159\u00e1b\u016f se v\u00e1lec ramene pou\u017e\u00edv\u00e1 k ovl\u00e1d\u00e1n\u00ed pohybu l\u017e\u00edce nebo v\u00fdlo\u017en\u00edku pro zemn\u00ed pr\u00e1ce, manipulaci s materi\u00e1lem a mont\u00e1\u017e konstrukc\u00ed.<\/p>\n<h3>V\u00fdrobn\u00ed<\/h3>\n<p>V automatizovan\u00fdch v\u00fdrobn\u00edch link\u00e1ch se v\u00e1lec ramene pou\u017e\u00edv\u00e1 pro pohyb mechanick\u00fdch ramen, mont\u00e1\u017e, sva\u0159ov\u00e1n\u00ed a manipula\u010dn\u00ed operace za \u00fa\u010delem zlep\u0161en\u00ed efektivity a p\u0159esnosti v\u00fdroby.<\/p>\n<h3>Zem\u011bd\u011blsk\u00e9 stroje<\/h3>\n<p>V zem\u011bd\u011blsk\u00fdch stroj\u00edch, jako jsou skl\u00edzec\u00ed a sec\u00ed stroje, v\u00e1lec ramene ovl\u00e1d\u00e1 pohyb ovl\u00e1dac\u00edho ramene pro prov\u00e1d\u011bn\u00ed \u00fakol\u016f, jako je set\u00ed, hnojen\u00ed a sklize\u0148.<\/p>\n<h3>Hornictv\u00ed<\/h3>\n<p>V t\u011b\u017eebn\u00edm za\u0159\u00edzen\u00ed \u0159\u00edd\u00ed v\u00e1lec ramene pohyb ramene t\u011b\u017eebn\u00edho za\u0159\u00edzen\u00ed pro prov\u00e1d\u011bn\u00ed t\u011b\u017eebn\u00edch a manipula\u010dn\u00edch operac\u00ed s materi\u00e1lem.<\/p>\n<h3>Logistika a doprava<\/h3>\n<p>U vysokozdvi\u017en\u00fdch voz\u00edk\u016f a manipula\u010dn\u00edch robot\u016f se v\u00e1lec ramene pou\u017e\u00edv\u00e1 k ovl\u00e1d\u00e1n\u00ed zved\u00e1n\u00ed a pohybu vidlice, \u010d\u00edm\u017e se realizuje manipulace s materi\u00e1lem a jeho stohov\u00e1n\u00ed.<\/p>\n<p><img decoding=\"async\" src=\"https:\/\/www.hydraulic-cylinders.net\/wp-content\/uploads\/2025\/01\/songte-chushion-collar.webp\" alt=\"\u010c\u00e1sti v\u00e1lce\" \/><\/p>\n<h2>Konstruk\u010dn\u00ed aspekty a krit\u00e9ria v\u00fdb\u011bru<\/h2>\n<ul>\n<li>\u00danosnost: V\u00e1lec ramene by m\u011bl b\u00fdt schopen odolat maxim\u00e1ln\u00edmu zat\u00ed\u017een\u00ed ramene stroje.<\/li>\n<li>T\u011bsn\u011bn\u00ed: Pro zaji\u0161t\u011bn\u00ed t\u011bsnic\u00edho v\u00fdkonu se pou\u017e\u00edvaj\u00ed r\u016fzn\u00e9 t\u011bsnic\u00ed prvky, jako jsou t\u011bsn\u011bn\u00ed p\u00edst\u016f a p\u00edstnic, vyroben\u00e9 z materi\u00e1l\u016f odoln\u00fdch proti opot\u0159eben\u00ed, jako je polyuretan a nitrilov\u00e1 pry\u017e.<\/li>\n<li>Trvanlivost: T\u011bleso v\u00e1lce a z\u00e1vitov\u00fd konec jsou jemn\u011b opracov\u00e1ny pro zlep\u0161en\u00ed odolnosti proti opot\u0159eben\u00ed.<\/li>\n<li>Bezpe\u010dnost: V\u00e1lec by m\u011bl b\u00fdt vybaven bezpe\u010dnostn\u00edmi prvky, jako jsou pojistn\u00e9 ventily, aby se zabr\u00e1nilo po\u0161kozen\u00ed v d\u016fsledku p\u0159etlaku nebo p\u0159et\u00ed\u017een\u00ed.<\/li>\n<li>\u00dadr\u017eba: Konstrukce v\u00e1lce by m\u011bla zohled\u0148ovat snadnou \u00fadr\u017ebu a v\u00fdm\u011bnu, aby se zkr\u00e1tily prostoje za\u0159\u00edzen\u00ed.<\/li>\n<\/ul>\n<p><img decoding=\"async\" src=\"https:\/\/www.hydraulic-cylinders.net\/wp-content\/uploads\/2025\/01\/songte-cylinder-head-with-all-kinds-excavator-models.webp\" alt=\"\u010c\u00e1sti v\u00e1lce\" \/><\/p>\n<h2>T\u011bsn\u011bn\u00ed a maz\u00e1n\u00ed<\/h2>\n<p>Pro zaji\u0161t\u011bn\u00ed t\u011bsnic\u00edho v\u00fdkonu se pou\u017e\u00edvaj\u00ed r\u016fzn\u00e9 t\u011bsnic\u00ed prvky, jako jsou p\u00edstn\u00ed t\u011bsn\u011bn\u00ed a t\u011bsn\u011bn\u00ed p\u00edstnice, vyroben\u00e9 z materi\u00e1l\u016f odoln\u00fdch proti opot\u0159eben\u00ed, jako je polyuretan a nitrilov\u00e1 pry\u017e. T\u011bleso v\u00e1lce a z\u00e1vitov\u00fd \u010deln\u00ed povrch jsou jemn\u011b opracov\u00e1ny pro zlep\u0161en\u00ed odolnosti proti opot\u0159eben\u00ed. Pro maz\u00e1n\u00ed a ochranu v\u00e1lce je nutn\u00e9 pravideln\u00e9 dopl\u0148ov\u00e1n\u00ed vhodn\u00e9ho hydraulick\u00e9ho oleje.<\/p>\n<h2>\u00dadr\u017eba a opravy<\/h2>\n<ul>\n<li>Pravideln\u00e1 kontrola v\u00e1lc\u016f a hydraulick\u00fdch syst\u00e9m\u016f je nutn\u00e1 pro zaji\u0161t\u011bn\u00ed spr\u00e1vn\u00e9ho provozu a identifikaci potenci\u00e1ln\u00edch probl\u00e9m\u016f.<\/li>\n<li>Preventivn\u00ed \u00fadr\u017eba, jako je \u010di\u0161t\u011bn\u00ed a maz\u00e1n\u00ed, m\u016f\u017ee pomoci sn\u00ed\u017eit poruchovost za\u0159\u00edzen\u00ed a prodlou\u017eit jejich \u017eivotnost.<\/li>\n<li>V p\u0159\u00edpad\u011b poruchy lze prov\u00e9st v\u010dasnou diagnostiku a opravu, aby se minimalizovaly prostoje a sn\u00ed\u017eily n\u00e1klady na \u00fadr\u017ebu.<\/li>\n<\/ul>\n<p><img decoding=\"async\" src=\"https:\/\/www.hydraulic-cylinders.net\/wp-content\/uploads\/2025\/01\/songte-bushings-with-all-kinds-of-excavator-models.webp\" alt=\"\u010c\u00e1sti v\u00e1lce\" \/><\/p>\n<h2>Instala\u010dn\u00ed p\u0159\u00edru\u010dka<\/h2>\n<p>P\u0159ed instalac\u00ed se ujist\u011bte, \u017ee v\u0161echny d\u00edly jsou \u010dist\u00e9 a nejsou po\u0161kozen\u00e9 ani deformovan\u00e9. Nainstalujte v\u00e1lec podle pokyn\u016f v\u00fdrobce k instalaci. Spoj mus\u00ed b\u00fdt uta\u017een p\u0159edepsan\u00fdm utahovac\u00edm momentem. Po instalaci zkontrolujte t\u011bsnost syst\u00e9mu a jeho spr\u00e1vnou funkci.<\/p>\n<h2>Bezpe\u010dnostn\u00ed aspekty a faktory prost\u0159ed\u00ed<\/h2>\n<p>V\u00e1lec s ramenem by m\u011bl b\u00fdt provozov\u00e1n v p\u0159\u00edsn\u00e9m souladu s pokyny v\u00fdrobce, aby se p\u0159ede\u0161lo nehod\u00e1m. Pro zaji\u0161t\u011bn\u00ed bezpe\u010dn\u00e9ho provozu by m\u011bla b\u00fdt tak\u00e9 instalov\u00e1na bezpe\u010dnostn\u00ed opat\u0159en\u00ed, jako jsou pojistn\u00e9 ventily. Z hlediska environment\u00e1ln\u00edch faktor\u016f by m\u011bly b\u00fdt lahve \u0159\u00e1dn\u011b zlikvidov\u00e1ny a recyklov\u00e1ny, aby se sn\u00ed\u017eilo zne\u010di\u0161t\u011bn\u00ed \u017eivotn\u00edho prost\u0159ed\u00ed.<\/p>\n<h2>Odstra\u0148ov\u00e1n\u00ed probl\u00e9m\u016f a b\u011b\u017en\u00e9 probl\u00e9my<\/h2>\n<ul>\n<li>Net\u011bsnost: Net\u011bsnost m\u016f\u017ee b\u00fdt zp\u016fsobena po\u0161kozen\u00fdmi t\u011bsn\u011bn\u00edmi nebo uvoln\u011bn\u00fdmi spoji. V p\u0159\u00edpad\u011b pot\u0159eby spoj ut\u00e1hn\u011bte nebo vym\u011b\u0148te t\u011bsn\u011bn\u00ed.<\/li>\n<li>Nedostate\u010dn\u00fd v\u00fdkon: M\u016f\u017ee to b\u00fdt zp\u016fsobeno n\u00edzk\u00fdm hydraulick\u00fdm tlakem, nedostate\u010dn\u00fdm p\u0159\u00edvodem oleje nebo po\u0161kozen\u00fdm v\u00e1lcem. Zkontrolujte a opravte hydraulick\u00fd syst\u00e9m nebo v p\u0159\u00edpad\u011b pot\u0159eby vym\u011b\u0148te v\u00e1lec.<\/li>\n<li>Abnorm\u00e1ln\u00ed hluk: Abnorm\u00e1ln\u00ed hluk m\u016f\u017ee b\u00fdt zp\u016fsoben po\u0161kozen\u00fdmi d\u00edly nebo nedostate\u010dn\u00fdm maz\u00e1n\u00edm. Zkontrolujte a vym\u011b\u0148te po\u0161kozen\u00e9 d\u00edly nebo v p\u0159\u00edpad\u011b pot\u0159eby dopl\u0148te mazivo.<\/li>\n<\/ul>\n<p>Podrobn\u011bj\u0161\u00ed informace o postupech \u0159e\u0161en\u00ed probl\u00e9m\u016f a oprav naleznete v pokynech v\u00fdrobce.<\/p>\n<p><img decoding=\"async\" src=\"https:\/\/www.hydraulic-cylinders.net\/wp-content\/uploads\/2025\/01\/songte-company-4.webp\" alt=\"Spole\u010dnost\" \/><br \/>\n<img decoding=\"async\" src=\"https:\/\/www.hydraulic-cylinders.net\/wp-content\/uploads\/2025\/01\/songte-company-3.webp\" alt=\"Spole\u010dnost\" \/><\/p>\n<h2>O na\u0161\u00ed spole\u010dnosti<\/h2>\n<p>Jsme profesion\u00e1ln\u00ed v\u00fdrobce n\u00e1hradn\u00edch hydraulick\u00fdch v\u00e1lc\u016f s \u0161irokou \u0161k\u00e1lou produkt\u016f a stali jsme se jedn\u00edm z p\u0159edn\u00edch v\u00fdrobc\u016f a velkoobchodn\u00edch distributor\u016f hydraulick\u00fdch v\u00e1lc\u016f na dom\u00e1c\u00edm i zahrani\u010dn\u00edm trhu. V\u017edy se dr\u017e\u00edme principu vynikaj\u00edc\u00ed kvality a spol\u00e9h\u00e1me se na strategii industrializovan\u00e9ho \u0159\u00edzen\u00ed v\u00fdroby v p\u0159esn\u00fdch v\u00fdrobn\u00edch d\u00edln\u00e1ch, abychom neust\u00e1le zlep\u0161ovali na\u0161i technologii a efektivitu v\u00fdroby. Disponujeme siln\u00fdmi inova\u010dn\u00edmi schopnostmi d\u00edky zav\u00e1d\u011bn\u00ed \u0161pi\u010dkov\u00e9ho digit\u00e1ln\u00edho v\u00fdrobn\u00edho za\u0159\u00edzen\u00ed a profesion\u00e1ln\u00edch testovac\u00edch syst\u00e9m\u016f. Na\u0161\u00edm c\u00edlem je uspokojovat rozmanit\u00e9 pot\u0159eby z\u00e1kazn\u00edk\u016f s vysokou efektivitou, p\u0159esnost\u00ed a principy vysok\u00e9 kvality.<\/p>\n<h3>Profesionalita<\/h3>\n<p>Na\u0161e spole\u010dnost m\u00e1 profesion\u00e1ln\u00ed t\u00fdm s bohat\u00fdmi zku\u0161enostmi ve v\u00fdzkumu a v\u00fdvoji, designu, v\u00fdrob\u011b a servisu, abychom zajistili, \u017ee na\u0161i z\u00e1kazn\u00edci obdr\u017e\u00ed co nejprofesion\u00e1ln\u011bj\u0161\u00ed slu\u017eby a podporu.<\/p>\n<h3>Mezin\u00e1rodn\u00ed certifikace<\/h3>\n<p>Na\u0161e v\u00fdrobky pro\u0161ly mezin\u00e1rodn\u00edmi certifikacemi, jako jsou ISO9001 a CE, co\u017e dokazuje na\u0161e vysok\u00e9 standardy kvality a spolehlivost v\u00fdrobk\u016f.<\/p>\n<h3>Slu\u017eba p\u0159izp\u016fsoben\u00ed<\/h3>\n<p>Poskytujeme slu\u017eby na m\u00edru, abychom splnili r\u016fzn\u00e9 po\u017eadavky z\u00e1kazn\u00edk\u016f, v\u010detn\u011b velikosti, tlaku, materi\u00e1lu, povrchov\u00e9 \u00fapravy a dal\u0161\u00edch parametr\u016f.<\/p>\n<h3>V\u00fdrobn\u00ed za\u0159\u00edzen\u00ed<\/h3>\n<p>Na\u0161e spole\u010dnost disponuje modern\u00edm v\u00fdrobn\u00edm vybaven\u00edm, v\u010detn\u011b CNC soustruh\u016f, obr\u00e1b\u011bc\u00edch center, vrta\u010dek, brusek a dal\u0161\u00edho specializovan\u00e9ho vybaven\u00ed.<\/p>\n<h3>Poprodejn\u00ed servis<\/h3>\n<p>Poskytujeme komplexn\u00ed poprodejn\u00ed servis a technickou podporu, abychom zajistili, \u017ee z\u00e1kazn\u00edci dok\u00e1\u017e\u00ed vy\u0159e\u0161it jak\u00e9koli probl\u00e9my, s nimi\u017e se setkaj\u00ed b\u011bhem pou\u017e\u00edv\u00e1n\u00ed na\u0161ich produkt\u016f.<\/p>\n<p><img decoding=\"async\" src=\"https:\/\/www.hydraulic-cylinders.net\/wp-content\/uploads\/2025\/01\/songte-company-4.webp\" alt=\"Spole\u010dnost\" \/><\/p>\n<p>Autor: lyl<\/p>","protected":false},"excerpt":{"rendered":"<p>Arm Cylinder For Bonny WAYDQ50-5 Introduction The arm cylinder is a specially designed hydraulic cylinder used to provide linear motion and power to various types of machine arms, such as excavators, cranes, and mechanical arms. The arm cylinder plays a crucial role in the hydraulic system, allowing additional tools or attachments to move and control [&hellip;]<\/p>","protected":false},"featured_media":14777,"comment_status":"open","ping_status":"closed","template":"","meta":{"_et_pb_use_builder":"","_et_pb_old_content":"","_et_gb_content_width":""},"product_brand":[],"product_cat":[1497],"product_tag":[1498,1496],"class_list":{"0":"post-16871","1":"product","2":"type-product","3":"status-publish","4":"has-post-thumbnail","6":"product_cat-arm-cylinders","7":"product_tag-arm-cylinders","8":"product_tag-hydraulic-cylinders","10":"first","11":"instock","12":"shipping-taxable","13":"product-type-simple"},"amp_enabled":true,"_links":{"self":[{"href":"https:\/\/www.hydraulic-cylinders.net\/cs\/wp-json\/wp\/v2\/product\/16871","targetHints":{"allow":["GET"]}}],"collection":[{"href":"https:\/\/www.hydraulic-cylinders.net\/cs\/wp-json\/wp\/v2\/product"}],"about":[{"href":"https:\/\/www.hydraulic-cylinders.net\/cs\/wp-json\/wp\/v2\/types\/product"}],"replies":[{"embeddable":true,"href":"https:\/\/www.hydraulic-cylinders.net\/cs\/wp-json\/wp\/v2\/comments?post=16871"}],"wp:featuredmedia":[{"embeddable":true,"href":"https:\/\/www.hydraulic-cylinders.net\/cs\/wp-json\/wp\/v2\/media\/14777"}],"wp:attachment":[{"href":"https:\/\/www.hydraulic-cylinders.net\/cs\/wp-json\/wp\/v2\/media?parent=16871"}],"wp:term":[{"taxonomy":"product_brand","embeddable":true,"href":"https:\/\/www.hydraulic-cylinders.net\/cs\/wp-json\/wp\/v2\/product_brand?post=16871"},{"taxonomy":"product_cat","embeddable":true,"href":"https:\/\/www.hydraulic-cylinders.net\/cs\/wp-json\/wp\/v2\/product_cat?post=16871"},{"taxonomy":"product_tag","embeddable":true,"href":"https:\/\/www.hydraulic-cylinders.net\/cs\/wp-json\/wp\/v2\/product_tag?post=16871"}],"curies":[{"name":"wp","href":"https:\/\/api.w.org\/{rel}","templated":true}]}}