{"id":16877,"date":"2025-01-21T06:09:50","date_gmt":"2025-01-21T06:09:50","guid":{"rendered":"https:\/\/www.hydraulic-cylinders.net\/product\/arm-cylinder-for-nhig-2006lc\/"},"modified":"2025-01-21T06:09:57","modified_gmt":"2025-01-21T06:09:57","slug":"arm-cylinder-for-nhig-2006lc","status":"publish","type":"product","link":"https:\/\/www.hydraulic-cylinders.net\/cs\/produkt\/arm-cylinder-for-nhig-2006lc\/","title":{"rendered":"V\u00e1lec ramene pro NHIG 2006LC"},"content":{"rendered":"<h1>V\u00e1lec ramene pro NHIG 2006LC<\/h1>\n<h2>Zaveden\u00ed<\/h2>\n<p>V\u00e1lec ramene je speci\u00e1ln\u011b navr\u017een\u00fd hydraulick\u00fd v\u00e1lec pou\u017e\u00edvan\u00fd k zaji\u0161t\u011bn\u00ed line\u00e1rn\u00edho pohybu a v\u00fdkonu r\u016fzn\u00fdch typ\u016f mechanick\u00fdch ramen, jako jsou bagry, je\u0159\u00e1by a robotick\u00e1 ramena. V\u00e1lec ramene hraje kl\u00ed\u010dovou roli v hydraulick\u00e9m syst\u00e9mu a umo\u017e\u0148uje efektivn\u00ed pohyb a ovl\u00e1d\u00e1n\u00ed p\u0159\u00edslu\u0161enstv\u00ed nebo p\u0159\u00eddavn\u00fdch za\u0159\u00edzen\u00ed. Tyto v\u00e1lce nejen zaji\u0161\u0165uj\u00ed plynul\u00fd pohyb, ale tak\u00e9 odol\u00e1vaj\u00ed t\u011b\u017ek\u00fdm z\u00e1t\u011b\u017e\u00edm, \u010d\u00edm\u017e zaji\u0161\u0165uj\u00ed efektivn\u00ed provoz a spolehlivost stroj\u016f za r\u016fzn\u00fdch pracovn\u00edch podm\u00ednek.<\/p>\n<p><img decoding=\"async\" src=\"https:\/\/www.hydraulic-cylinders.net\/wp-content\/uploads\/2025\/01\/songte-company-2.webp\"><\/p>\n<h2>Funkce<\/h2>\n<h3>1. Efektivn\u00ed p\u0159enos v\u00fdkonu<\/h3>\n<p>V\u00e1lec ramene zaji\u0161\u0165uje siln\u00fd line\u00e1rn\u00ed pohyb a s\u00edlu, co\u017e zaji\u0161\u0165uje vysokou \u00fa\u010dinnost mechanick\u00e9ho ramene p\u0159i r\u016fzn\u00fdch operac\u00edch.<\/p>\n<h3>2. P\u0159esn\u00e9 ovl\u00e1d\u00e1n\u00ed<\/h3>\n<p>D\u00edky hydraulick\u00e9mu syst\u00e9mu m\u016f\u017ee v\u00e1lec ramene dos\u00e1hnout p\u0159esn\u00e9ho ovl\u00e1d\u00e1n\u00ed pohybu, co\u017e zvy\u0161uje flexibilitu a p\u0159esnost ovl\u00e1d\u00e1n\u00ed p\u0159\u00edslu\u0161enstv\u00ed.<\/p>\n<h3>3. Siln\u00e1 odolnost<\/h3>\n<p>V\u00e1lec ramene je obvykle vyroben z vysoce pevn\u00fdch materi\u00e1l\u016f s dobrou odolnost\u00ed proti opot\u0159eben\u00ed a korozi, d\u00edky \u010demu\u017e je vhodn\u00fd pro dlouhodob\u00e9 pou\u017eit\u00ed v n\u00e1ro\u010dn\u00fdch podm\u00ednk\u00e1ch.<\/p>\n<h3>4. V\u0161estrann\u00e1 p\u0159izp\u016fsobivost<\/h3>\n<p>Tyto v\u00e1lce lze \u0161iroce pou\u017e\u00edvat v r\u016fzn\u00fdch mechanick\u00fdch za\u0159\u00edzen\u00edch, jako jsou bagry, je\u0159\u00e1by a robotick\u00e1 ramena, k spln\u011bn\u00ed r\u016fzn\u00fdch pracovn\u00edch pot\u0159eb.<\/p>\n<h3>5. Snadn\u00e1 \u00fadr\u017eba<\/h3>\n<p>V\u00e1lce ramen jsou navr\u017eeny pro snadnou \u00fadr\u017ebu a v\u00fdm\u011bnu a usnad\u0148uj\u00ed pravideln\u00e9 kontroly a \u00fadr\u017ebu, \u010d\u00edm\u017e zkracuj\u00ed prostoje za\u0159\u00edzen\u00ed.<\/p>\n<p><img decoding=\"async\" src=\"https:\/\/www.hydraulic-cylinders.net\/wp-content\/uploads\/2025\/01\/songte-oil-pipes-and-spare-parts.webp\"><\/p>\n<h2>Aplikace<\/h2>\n<p>V\u00e1lec ramene se pou\u017e\u00edv\u00e1 v r\u016fzn\u00fdch pr\u016fmyslov\u00fdch odv\u011btv\u00edch:<\/p>\n<h3>1. Konstrukce<\/h3>\n<p>V\u00e1lec ramene se pou\u017e\u00edv\u00e1 k ovl\u00e1d\u00e1n\u00ed pohybu l\u017e\u00edc rypadla nebo je\u0159\u00e1bov\u00fdch v\u00fdlo\u017en\u00edk\u016f pro zemn\u00ed pr\u00e1ce, manipulaci s materi\u00e1lem a mont\u00e1\u017e konstrukc\u00ed.<\/p>\n<h3>2. V\u00fdroba<\/h3>\n<p>V\u00e1lec ramene se pou\u017e\u00edv\u00e1 k \u0159\u00edzen\u00ed pohybu robotick\u00fdch ramen pro mont\u00e1\u017en\u00ed, sva\u0159ovac\u00ed a manipula\u010dn\u00ed operace, \u010d\u00edm\u017e se zvy\u0161uje efektivita a p\u0159esnost v\u00fdroby.<\/p>\n<h3>3. Zem\u011bd\u011blsk\u00e9 stroje<\/h3>\n<p>V\u00e1lec ramene se pou\u017e\u00edv\u00e1 k ovl\u00e1d\u00e1n\u00ed pohybu ovl\u00e1dac\u00edho ramene v zem\u011bd\u011blsk\u00fdch stroj\u00edch, jako jsou skl\u00edzec\u00ed a s\u00e1zec\u00ed stroje, k prov\u00e1d\u011bn\u00ed \u00fakol\u016f, jako je s\u00e1zen\u00ed, hnojen\u00ed a sklize\u0148.<\/p>\n<h3>4. T\u011b\u017eba<\/h3>\n<p>V\u00e1lec ramene se pou\u017e\u00edv\u00e1 k ovl\u00e1d\u00e1n\u00ed pohybu ramene t\u011b\u017eebn\u00edho za\u0159\u00edzen\u00ed pro t\u011b\u017ebu a p\u0159epravu nerost\u016f.<\/p>\n<h3>5. Logistika a doprava<\/h3>\n<p>V\u00e1lec ramene se pou\u017e\u00edv\u00e1 k ovl\u00e1d\u00e1n\u00ed zved\u00e1n\u00ed a pohybu vysokozdvi\u017en\u00fdch voz\u00edk\u016f a manipula\u010dn\u00edch robot\u016f, k manipulaci s materi\u00e1lem a jeho stohov\u00e1n\u00ed.<\/p>\n<p><img decoding=\"async\" src=\"https:\/\/www.hydraulic-cylinders.net\/wp-content\/uploads\/2025\/01\/songte-chushion-collar.webp\"><\/p>\n<h2>Konstruk\u010dn\u00ed aspekty a krit\u00e9ria v\u00fdb\u011bru<\/h2>\n<p>Mezi konstruk\u010dn\u00ed aspekty v\u00e1lc\u016f ramen pat\u0159\u00ed \u00fanosnost, t\u011bsn\u011bn\u00ed, trvanlivost, bezpe\u010dnost a \u00fadr\u017eba. Tyto aspekty jsou pops\u00e1ny n\u00ed\u017ee:<\/p>\n<h3>1. Nosnost<\/h3>\n<p>V\u00e1lec ramene by m\u011bl m\u00edt dostate\u010dnou nosnost, aby unesl hmotnost mechanick\u00e9ho ramene a ve\u0161ker\u00fdch p\u0159\u00edslu\u0161enstv\u00ed nebo p\u0159\u00edslu\u0161enstv\u00ed. V\u00e1lec mus\u00ed b\u00fdt navr\u017een tak, aby odolal velk\u00e9mu zat\u00ed\u017een\u00ed a sil\u00e1m generovan\u00fdm b\u011bhem provozu.<\/p>\n<h3>2. T\u011bsn\u011bn\u00ed<\/h3>\n<p>V\u00e1lec ramene by m\u011bl b\u00fdt vybaven r\u016fzn\u00fdmi t\u011bsnic\u00edmi prvky, jako jsou t\u011bsn\u011bn\u00ed p\u00edstu a t\u011bsn\u011bn\u00ed p\u00edstnice, vyroben\u00fdmi z materi\u00e1l\u016f odoln\u00fdch proti opot\u0159eben\u00ed, jako je polyuretan a nitrilov\u00e1 pry\u017e, aby bylo zaji\u0161t\u011bno \u00fa\u010dinn\u00e9 ut\u011bsn\u011bn\u00ed a zabr\u00e1nilo se \u00faniku.<\/p>\n<h3>3. Trvanlivost<\/h3>\n<p>V\u00e1lec ramene by m\u011bl b\u00fdt vyroben z vysoce pevn\u00fdch materi\u00e1l\u016f, jako je legovan\u00e1 ocel a nerezov\u00e1 ocel, aby byla zaji\u0161t\u011bna vynikaj\u00edc\u00ed odolnost proti opot\u0159eben\u00ed a korozi, a byl tak vhodn\u00fd do n\u00e1ro\u010dn\u00fdch podm\u00ednek.<\/p>\n<h3>4. Bezpe\u010dnost<\/h3>\n<p>V\u00e1lec ramene by m\u011bl b\u00fdt navr\u017een s bezpe\u010dnostn\u00edmi prvky, kter\u00e9 zabra\u0148uj\u00ed nehod\u00e1m, jako jsou vestav\u011bn\u00e9 p\u0159etlakov\u00e9 ventily a ochrann\u00e1 za\u0159\u00edzen\u00ed proti p\u0159et\u00ed\u017een\u00ed.<\/p>\n<h3>5. Udr\u017eovatelnost<\/h3>\n<p>V\u00e1lec ramene by m\u011bl b\u00fdt navr\u017een pro snadnou \u00fadr\u017ebu a opravy, s\u00a0snadn\u00fdm p\u0159\u00edstupem k\u00a0vnit\u0159n\u00edm sou\u010d\u00e1stem a\u00a0jednoduchou v\u00fdm\u011bnou sad t\u011bsn\u011bn\u00ed a\u00a0dal\u0161\u00edch d\u00edl\u016f.<\/p>\n<p><img decoding=\"async\" src=\"https:\/\/www.hydraulic-cylinders.net\/wp-content\/uploads\/2025\/01\/songte-cylinder-head-with-all-kinds-excavator-models.webp\"><\/p>\n<h2>T\u011bsn\u011bn\u00ed a maz\u00e1n\u00ed<\/h2>\n<p>V\u00e1lec ramene pou\u017e\u00edv\u00e1 r\u016fzn\u00e9 t\u011bsnic\u00ed prvky, jako jsou t\u011bsn\u011bn\u00ed p\u00edstu a t\u011bsn\u011bn\u00ed p\u00edstnice, vyroben\u00e9 z materi\u00e1l\u016f odoln\u00fdch proti opot\u0159eben\u00ed, jako je polyuretan a nitrilov\u00fd kau\u010duk, aby bylo zaji\u0161t\u011bno \u00fa\u010dinn\u00e9 ut\u011bsn\u011bn\u00ed a zabr\u00e1n\u011bno \u00faniku. T\u011bleso v\u00e1lce a z\u00e1vitov\u00fd konec jsou jemn\u011b opracov\u00e1ny pro zlep\u0161en\u00ed odolnosti proti opot\u0159eben\u00ed. Pravideln\u00e9 p\u0159id\u00e1v\u00e1n\u00ed vhodn\u00e9ho mno\u017estv\u00ed hydraulick\u00e9ho oleje pro maz\u00e1n\u00ed m\u016f\u017ee prodlou\u017eit \u017eivotnost v\u00e1lce ramene.<\/p>\n<h2>\u00dadr\u017eba a preventivn\u00ed opat\u0159en\u00ed<\/h2>\n<p>Pravideln\u00e1 kontrola a preventivn\u00ed \u00fadr\u017eba jsou nezbytn\u00e9 pro zaji\u0161t\u011bn\u00ed optim\u00e1ln\u00edho v\u00fdkonu v\u00e1lce ramene. Doporu\u010duje se kontrolovat hladinu hydraulick\u00e9ho oleje a jednou ro\u010dn\u011b jej vym\u011b\u0148ovat. Pravideln\u011b kontrolujte t\u011bsnic\u00ed prvky a v p\u0159\u00edpad\u011b pot\u0159eby je vym\u011b\u0148te. Zkontrolujte opot\u0159eben\u00ed nebo po\u0161kozen\u00ed t\u011blesa v\u00e1lce a p\u00edstnice. D\u00e1le se doporu\u010duje pou\u017e\u00edvat origin\u00e1ln\u00ed p\u0159\u00edslu\u0161enstv\u00ed a profesion\u00e1ln\u00ed servis, aby se p\u0159ede\u0161lo potenci\u00e1ln\u00edm probl\u00e9m\u016fm.<\/p>\n<p><img decoding=\"async\" src=\"https:\/\/www.hydraulic-cylinders.net\/wp-content\/uploads\/2025\/01\/songte-bushings-with-all-kinds-of-excavator-models.webp\"><\/p>\n<h2>Instala\u010dn\u00ed p\u0159\u00edru\u010dka<\/h2>\n<p>P\u0159ed instalac\u00ed se ujist\u011bte, \u017ee je hydraulick\u00fd syst\u00e9m \u010dist\u00fd a bez ne\u010distot. Zkontrolujte kompatibilitu v\u00e1lce ramene s mechanick\u00fdm ramenem a ujist\u011bte se, \u017ee mont\u00e1\u017en\u00ed poloha a sm\u011br jsou spr\u00e1vn\u00e9. K uta\u017een\u00ed matic a \u0161roub\u016f pou\u017eijte p\u0159edepsan\u00fd momentov\u00fd kl\u00ed\u010d. Zkontrolujte t\u011bsn\u011bn\u00ed, abyste se ujistili, \u017ee nedoch\u00e1z\u00ed k \u00fanik\u016fm. Nakonec otestujte funkci v\u00e1lce ramene a v p\u0159\u00edpad\u011b pot\u0159eby jej se\u0159i\u010fte.<\/p>\n<h2>Bezpe\u010dnostn\u00ed aspekty a faktory prost\u0159ed\u00ed<\/h2>\n<p>P\u0159i pou\u017e\u00edv\u00e1n\u00ed v\u00e1lce s ramenem je nutn\u00e9 db\u00e1t na bezpe\u010dnostn\u00ed opat\u0159en\u00ed, aby se p\u0159ede\u0161lo nehod\u00e1m, jako je no\u0161en\u00ed ochrann\u00fdch prost\u0159edk\u016f a dodr\u017eov\u00e1n\u00ed n\u00e1vodu k obsluze. Faktory prost\u0159ed\u00ed, jako je teplota, vlhkost a prach, mohou ovlivnit v\u00fdkon v\u00e1lce s ramenem, a proto je t\u0159eba p\u0159ijmout opat\u0159en\u00ed k zaji\u0161t\u011bn\u00ed optim\u00e1ln\u00edho provozu v\u00e1lce za r\u016fzn\u00fdch podm\u00ednek prost\u0159ed\u00ed.<\/p>\n<h2>Odstra\u0148ov\u00e1n\u00ed probl\u00e9m\u016f a b\u011b\u017en\u00e9 probl\u00e9my<\/h2>\n<p>Mezi b\u011b\u017en\u00e9 probl\u00e9my s v\u00e1lci ramen pat\u0159\u00ed net\u011bsnost, abnorm\u00e1ln\u00ed hluk a pomal\u00fd chod. Pokud se tyto probl\u00e9my vyskytnou, je nutn\u00e9 zkontrolovat t\u011bsnic\u00ed prvky a v p\u0159\u00edpad\u011b pot\u0159eby je vym\u011bnit. Zkontrolujte hladinu hydraulick\u00e9ho oleje a v p\u0159\u00edpad\u011b pot\u0159eby olej vym\u011b\u0148te. Zkontrolujte t\u011bleso v\u00e1lce a p\u00edstnici, zda nejsou opot\u0159ebovan\u00e9 nebo po\u0161kozen\u00e9. Pokud probl\u00e9m p\u0159etrv\u00e1v\u00e1, doporu\u010duje se vyhledat odborn\u00fd servis, aby probl\u00e9m diagnostikoval a opravil.<\/p>\n<p><img decoding=\"async\" src=\"https:\/\/www.hydraulic-cylinders.net\/wp-content\/uploads\/2025\/01\/songte-company-4.webp\"><br \/>\n<img decoding=\"async\" src=\"https:\/\/www.hydraulic-cylinders.net\/wp-content\/uploads\/2025\/01\/songte-company-3.webp\"><\/p>\n<h2>O n\u00e1s<\/h2>\n<p>Jsme profesion\u00e1ln\u00ed v\u00fdrobce n\u00e1hradn\u00edch hydraulick\u00fdch v\u00e1lc\u016f se \u0161irokou \u0161k\u00e1lou produkt\u016f. Stali jsme se jedn\u00edm z p\u0159edn\u00edch v\u00fdrobc\u016f a velkoobchodn\u00edch distributor\u016f hydraulick\u00fdch v\u00e1lc\u016f na dom\u00e1c\u00edm i mezin\u00e1rodn\u00edm trhu. V\u017edy se dr\u017e\u00edme principu vynikaj\u00edc\u00ed kvality, spol\u00e9h\u00e1me se na strategii industrializovan\u00e9ho \u0159\u00edzen\u00ed v\u00fdroby v r\u00e1mci zdokonalen\u00e9 v\u00fdrobn\u00ed d\u00edlny a neust\u00e1le zlep\u0161ujeme na\u0161i technickou \u00farove\u0148 a efektivitu v\u00fdroby. Zav\u00e1d\u011bn\u00edm \u0161pi\u010dkov\u00e9ho digit\u00e1ln\u00edho v\u00fdrobn\u00edho za\u0159\u00edzen\u00ed a profesion\u00e1ln\u00edch testovac\u00edch syst\u00e9m\u016f neust\u00e1le optimalizujeme v\u00fdrobn\u00ed platformu, zlep\u0161ujeme proces kontroly kvality v\u00fdrobk\u016f a m\u00e1me silnou inova\u010dn\u00ed schopnost. Na\u0161\u00edm c\u00edlem je uspokojovat rozmanit\u00e9 pot\u0159eby z\u00e1kazn\u00edk\u016f s principy vysok\u00e9 efektivity, p\u0159esnosti a vysok\u00e9 kvality.<\/p>\n<p>Na\u0161im z\u00e1kazn\u00edk\u016fm nab\u00edz\u00edme profesion\u00e1ln\u00ed slu\u017eby, jako je mezin\u00e1rodn\u00ed certifikace, slu\u017eby na m\u00edru, v\u00fdrobn\u00ed za\u0159\u00edzen\u00ed a poprodejn\u00ed servis.<\/p>\n<p>Autor: lyl<\/p>","protected":false},"excerpt":{"rendered":"<p>Arm Cylinder For NHIG 2006LC Introduction The arm cylinder is a specially designed hydraulic cylinder used to provide linear motion and power to various types of mechanical arms, such as excavators, cranes, and robotic arms. The arm cylinder plays a key role in the hydraulic system, enabling the effective movement and control of attachments or [&hellip;]<\/p>","protected":false},"featured_media":14759,"comment_status":"open","ping_status":"closed","template":"","meta":{"_et_pb_use_builder":"","_et_pb_old_content":"","_et_gb_content_width":""},"product_brand":[],"product_cat":[1497],"product_tag":[1498,1496],"class_list":{"0":"post-16877","1":"product","2":"type-product","3":"status-publish","4":"has-post-thumbnail","6":"product_cat-arm-cylinders","7":"product_tag-arm-cylinders","8":"product_tag-hydraulic-cylinders","10":"first","11":"instock","12":"shipping-taxable","13":"product-type-simple"},"amp_enabled":true,"_links":{"self":[{"href":"https:\/\/www.hydraulic-cylinders.net\/cs\/wp-json\/wp\/v2\/product\/16877","targetHints":{"allow":["GET"]}}],"collection":[{"href":"https:\/\/www.hydraulic-cylinders.net\/cs\/wp-json\/wp\/v2\/product"}],"about":[{"href":"https:\/\/www.hydraulic-cylinders.net\/cs\/wp-json\/wp\/v2\/types\/product"}],"replies":[{"embeddable":true,"href":"https:\/\/www.hydraulic-cylinders.net\/cs\/wp-json\/wp\/v2\/comments?post=16877"}],"wp:featuredmedia":[{"embeddable":true,"href":"https:\/\/www.hydraulic-cylinders.net\/cs\/wp-json\/wp\/v2\/media\/14759"}],"wp:attachment":[{"href":"https:\/\/www.hydraulic-cylinders.net\/cs\/wp-json\/wp\/v2\/media?parent=16877"}],"wp:term":[{"taxonomy":"product_brand","embeddable":true,"href":"https:\/\/www.hydraulic-cylinders.net\/cs\/wp-json\/wp\/v2\/product_brand?post=16877"},{"taxonomy":"product_cat","embeddable":true,"href":"https:\/\/www.hydraulic-cylinders.net\/cs\/wp-json\/wp\/v2\/product_cat?post=16877"},{"taxonomy":"product_tag","embeddable":true,"href":"https:\/\/www.hydraulic-cylinders.net\/cs\/wp-json\/wp\/v2\/product_tag?post=16877"}],"curies":[{"name":"wp","href":"https:\/\/api.w.org\/{rel}","templated":true}]}}