{"id":16883,"date":"2025-01-21T06:10:20","date_gmt":"2025-01-21T06:10:20","guid":{"rendered":"https:\/\/www.hydraulic-cylinders.net\/product\/arm-cylinder-for-baoding-wy150\/"},"modified":"2025-01-21T06:10:22","modified_gmt":"2025-01-21T06:10:22","slug":"arm-cylinder-for-baoding-wy150","status":"publish","type":"product","link":"https:\/\/www.hydraulic-cylinders.net\/cs\/produkt\/arm-cylinder-for-baoding-wy150\/","title":{"rendered":"V\u00e1lec ramene pro Baoding WY150"},"content":{"rendered":"<h2>Zaveden\u00ed<\/h2>\n<h3>V\u00e1lec ramene pro Baoding WY150<\/h3>\n<p>Hydraulick\u00fd v\u00e1lec ramene je speci\u00e1ln\u011b navr\u017een\u00fd pro zaji\u0161t\u011bn\u00ed line\u00e1rn\u00edho pohybu a v\u00fdkonu r\u016fzn\u00fdch typ\u016f ramen stroj\u016f, jako jsou bagry, je\u0159\u00e1by a mechanick\u00e1 ramena. V\u00e1lec ramene hraje kl\u00ed\u010dovou roli v hydraulick\u00fdch syst\u00e9mech, proto\u017ee umo\u017e\u0148uje efektivn\u00ed pohyb a ovl\u00e1d\u00e1n\u00ed dal\u0161\u00edho n\u00e1\u0159ad\u00ed nebo p\u0159\u00edslu\u0161enstv\u00ed. Tyto v\u00e1lce nejen zaji\u0161\u0165uj\u00ed plynul\u00fd pohyb, ale tak\u00e9 odol\u00e1vaj\u00ed t\u011b\u017ek\u00fdm z\u00e1t\u011b\u017e\u00edm, \u010d\u00edm\u017e zaji\u0161\u0165uj\u00ed efektivn\u00ed provoz a spolehlivost stroj\u016f za r\u016fzn\u00fdch pracovn\u00edch podm\u00ednek.<\/p>\n<p><img decoding=\"async\" src=\"https:\/\/www.hydraulic-cylinders.net\/wp-content\/uploads\/2025\/01\/songte-company-2.webp\" alt=\"V\u00e1lec ramene pro Baoding WY150\"><\/p>\n<h2>Funkce<\/h2>\n<h3>Vysoce \u00fa\u010dinn\u00fd p\u0159enos<\/h3>\n<p>V\u00e1lec ramene m\u016f\u017ee poskytovat siln\u00fd line\u00e1rn\u00ed pohyb a s\u00edlu, co\u017e zaji\u0161\u0165uje vysokou \u00fa\u010dinnost mechanick\u00e9ho ramene p\u0159i r\u016fzn\u00fdch operac\u00edch.<\/p>\n<h3>P\u0159esn\u00e9 ovl\u00e1d\u00e1n\u00ed<\/h3>\n<p>D\u00edky hydraulick\u00fdm syst\u00e9m\u016fm m\u016f\u017ee v\u00e1lec ramene dos\u00e1hnout p\u0159esn\u00e9ho \u0159\u00edzen\u00ed pohybu, co\u017e zvy\u0161uje flexibilitu a p\u0159esnost ovl\u00e1d\u00e1n\u00ed dal\u0161\u00edch n\u00e1stroj\u016f.<\/p>\n<h3>Vysok\u00e1 odolnost<\/h3>\n<p>V\u00e1lec ramene je obvykle vyroben z vysoce pevn\u00fdch materi\u00e1l\u016f, kter\u00e9 maj\u00ed dobrou odolnost proti opot\u0159eben\u00ed a korozi, vhodn\u00e9 pro dlouhodob\u00e9 pou\u017eit\u00ed v n\u00e1ro\u010dn\u00fdch podm\u00ednk\u00e1ch.<\/p>\n<h3>Multifunk\u010dn\u00ed p\u0159izp\u016fsobivost<\/h3>\n<p>Tyto v\u00e1lce lze \u0161iroce pou\u017e\u00edvat v r\u016fzn\u00fdch mechanick\u00fdch za\u0159\u00edzen\u00edch, jako jsou bagry, je\u0159\u00e1by a mechanick\u00e1 ramena, kter\u00e1 se mohou p\u0159izp\u016fsobit r\u016fzn\u00fdm pracovn\u00edm po\u017eadavk\u016fm.<\/p>\n<h3>Snadn\u00e1 \u00fadr\u017eba<\/h3>\n<p>Konstrukce je pova\u017eov\u00e1na za snadno udr\u017eovatelnou a vym\u011bnitelnou, co\u017e usnad\u0148uje pravideln\u00e9 kontroly a \u00fadr\u017ebu a sni\u017euje prostoje za\u0159\u00edzen\u00ed.<\/p>\n<p><img decoding=\"async\" src=\"https:\/\/www.hydraulic-cylinders.net\/wp-content\/uploads\/2025\/01\/songte-oil-pipes-and-spare-parts.webp\" alt=\"N\u00e1hradn\u00ed d\u00edly pro hydraulick\u00e9 v\u00e1lce\"><\/p>\n<h2>Aplikace<\/h2>\n<h3>Stavebn\u00ed in\u017een\u00fdrstv\u00ed<\/h3>\n<p>U bagr\u016f a je\u0159\u00e1b\u016f se v\u00e1lec ramene pou\u017e\u00edv\u00e1 k ovl\u00e1d\u00e1n\u00ed pohybu l\u017e\u00edce nebo v\u00fdlo\u017en\u00edku, k prov\u00e1d\u011bn\u00ed zemn\u00edch prac\u00ed, manipulace s materi\u00e1lem a mont\u00e1\u017ee konstrukc\u00ed.<\/p>\n<h3>Zpracovatelsk\u00fd pr\u016fmysl<\/h3>\n<p>V automatizovan\u00fdch v\u00fdrobn\u00edch link\u00e1ch se v\u00e1lec ramene pou\u017e\u00edv\u00e1 k pohybu mechanick\u00fdch ramen, k prov\u00e1d\u011bn\u00ed mont\u00e1\u017en\u00edch, sva\u0159ovac\u00edch a manipula\u010dn\u00edch proces\u016f s materi\u00e1lem, \u010d\u00edm\u017e se zvy\u0161uje efektivita a p\u0159esnost v\u00fdroby.<\/p>\n<h3>Zem\u011bd\u011blsk\u00e9 stroje<\/h3>\n<p>V zem\u011bd\u011blsk\u00fdch stroj\u00edch, jako jsou skl\u00edzec\u00ed stroje a sec\u00ed stroje, v\u00e1lec ramene ovl\u00e1d\u00e1 pohyb ovl\u00e1dac\u00edho ramene a prov\u00e1d\u00ed \u00fakoly, jako je set\u00ed, hnojen\u00ed a sklize\u0148.<\/p>\n<h3>Hornictv\u00ed<\/h3>\n<p>V t\u011b\u017eebn\u00edm za\u0159\u00edzen\u00ed se v\u00e1lec ramene pou\u017e\u00edv\u00e1 k ovl\u00e1d\u00e1n\u00ed pohybu ramene t\u011b\u017eebn\u00edho za\u0159\u00edzen\u00ed, k prov\u00e1d\u011bn\u00ed t\u011b\u017eebn\u00edch a manipula\u010dn\u00edch \u00fakol\u016f s materi\u00e1lem.<\/p>\n<h3>Logistika a doprava<\/h3>\n<p>U vysokozdvi\u017en\u00fdch voz\u00edk\u016f a manipula\u010dn\u00edch robot\u016f se v\u00e1lec ramene pou\u017e\u00edv\u00e1 k ovl\u00e1d\u00e1n\u00ed zved\u00e1n\u00ed a pohybu n\u00e1kladn\u00ed vidlice, \u010d\u00edm\u017e se realizuje manipulace s materi\u00e1lem a jeho stohov\u00e1n\u00ed.<\/p>\n<p><img decoding=\"async\" src=\"https:\/\/www.hydraulic-cylinders.net\/wp-content\/uploads\/2025\/01\/songte-chushion-collar.webp\" alt=\"Hydraulick\u00fd v\u00e1lec s tlumi\u010dem\"><\/p>\n<h2>Konstruk\u010dn\u00ed aspekty a krit\u00e9ria v\u00fdb\u011bru<\/h2>\n<h3>\u00danosnost<\/h3>\n<p>Nosnost hydraulick\u00e9ho v\u00e1lce je kl\u00ed\u010dov\u00fdm faktorem p\u0159i v\u00fdb\u011bru spr\u00e1vn\u00e9ho v\u00e1lce ramene. M\u011bla by b\u00fdt zvolena podle hmotnosti b\u0159emene a provozn\u00edch podm\u00ednek stroje.<\/p>\n<h3>T\u011bsn\u011bn\u00ed<\/h3>\n<p>Hydraulick\u00fd v\u00e1lec mus\u00ed m\u00edt vynikaj\u00edc\u00ed t\u011bsnic\u00ed vlastnosti, aby se zabr\u00e1nilo \u00faniku oleje a zajistil se norm\u00e1ln\u00ed provoz.<\/p>\n<h3>Trvanlivost<\/h3>\n<p>Hydraulick\u00fd v\u00e1lec by m\u011bl b\u00fdt vyroben z vysoce pevn\u00fdch materi\u00e1l\u016f, aby byla zaji\u0161t\u011bna odolnost a dlouhodob\u00e9 pou\u017e\u00edv\u00e1n\u00ed v n\u00e1ro\u010dn\u00fdch podm\u00ednk\u00e1ch s vysok\u00fdm zat\u00ed\u017een\u00edm a siln\u00fdmi n\u00e1razy.<\/p>\n<h3>Bezpe\u010dnost<\/h3>\n<p>Hydraulick\u00fd v\u00e1lec by m\u011bl b\u00fdt navr\u017een s bezpe\u010dnostn\u00edmi opat\u0159en\u00edmi, jako je nap\u0159\u00edklad za\u0159\u00edzen\u00ed pro nouzov\u00e9 zastaven\u00ed, aby byla zaji\u0161t\u011bna bezpe\u010dnost obsluhy a za\u0159\u00edzen\u00ed.<\/p>\n<h3>Udr\u017eovatelnost<\/h3>\n<p>Hydraulick\u00fd v\u00e1lec by m\u011bl b\u00fdt navr\u017een tak, aby se dal snadno udr\u017eovat a vym\u011b\u0148ovat, \u010d\u00edm\u017e se sn\u00ed\u017e\u00ed prostoje za\u0159\u00edzen\u00ed a n\u00e1klady na \u00fadr\u017ebu.<\/p>\n<p><img decoding=\"async\" src=\"https:\/\/www.hydraulic-cylinders.net\/wp-content\/uploads\/2025\/01\/songte-cylinder-head-with-all-kinds-excavator-models.webp\" alt=\"Hlava hydraulick\u00e9ho v\u00e1lce\"><\/p>\n<h2>T\u011bsn\u011bn\u00ed a maz\u00e1n\u00ed<\/h2>\n<p>Hydraulick\u00fd v\u00e1lec pou\u017e\u00edv\u00e1 r\u016fzn\u00e9 t\u011bsnic\u00ed prvky, jako jsou t\u011bsn\u011bn\u00ed p\u00edstu a p\u00edstnice, vyroben\u00e9 z materi\u00e1l\u016f odoln\u00fdch proti opot\u0159eben\u00ed, jako je polyuretan a nitrilov\u00e1 pry\u017e, pro zlep\u0161en\u00ed t\u011bsnic\u00edho v\u00fdkonu. T\u011bleso v\u00e1lce a z\u00e1vitov\u00fd konec jsou jemn\u011b opracov\u00e1ny pro zlep\u0161en\u00ed odolnosti proti opot\u0159eben\u00ed a zv\u00fd\u0161en\u00ed trvanlivosti. Pravideln\u00e9 maz\u00e1n\u00ed vhodn\u00fdm hydraulick\u00fdm olejem je nezbytn\u00e9 pro zaji\u0161t\u011bn\u00ed dobr\u00e9ho maz\u00e1n\u00ed a prodlou\u017een\u00ed \u017eivotnosti hydraulick\u00e9ho v\u00e1lce.<\/p>\n<p><img decoding=\"async\" src=\"https:\/\/www.hydraulic-cylinders.net\/wp-content\/uploads\/2025\/01\/songte-bushings-with-all-kinds-of-excavator-models.webp\" alt=\"Pouzdra hydraulick\u00fdch v\u00e1lc\u016f\"><\/p>\n<h2>\u00dadr\u017eba a preventivn\u00ed opat\u0159en\u00ed<\/h2>\n<h3>Pravideln\u00e1 kontrola<\/h3>\n<p>Pravideln\u00e1 kontrola a \u00fadr\u017eba hydraulick\u00e9ho v\u00e1lce m\u016f\u017ee p\u0159edej\u00edt probl\u00e9m\u016fm a poruch\u00e1m, a t\u00edm sn\u00ed\u017eit prostoje za\u0159\u00edzen\u00ed a n\u00e1klady na \u00fadr\u017ebu.<\/p>\n<h3>Preventivn\u00ed \u00fadr\u017eba<\/h3>\n<p>Aby se p\u0159ede\u0161lo potenci\u00e1ln\u00edm probl\u00e9m\u016fm, je t\u0159eba p\u0159ijmout preventivn\u00ed opat\u0159en\u00ed \u00fadr\u017eby, jako je pravideln\u00e1 v\u00fdm\u011bna opot\u0159ebovan\u00fdch d\u00edl\u016f a spr\u00e1vn\u00e9 maz\u00e1n\u00ed.<\/p>\n<h3>Spr\u00e1vn\u00e9 pou\u017eit\u00ed a provoz<\/h3>\n<p>Hydraulick\u00fd v\u00e1lec by m\u011bl b\u00fdt pou\u017e\u00edv\u00e1n a provozov\u00e1n v souladu s pokyny a bezpe\u010dnostn\u00edmi postupy, aby byla zaji\u0161t\u011bna bezpe\u010dnost obsluhy a za\u0159\u00edzen\u00ed.<\/p>\n<h2>Instala\u010dn\u00ed p\u0159\u00edru\u010dka<\/h2>\n<p>Hydraulick\u00fd v\u00e1lec by m\u011bl b\u00fdt instalov\u00e1n v souladu s pokyny a bezpe\u010dnostn\u00edmi postupy. Instalaci by m\u011bl prov\u00e1d\u011bt kvalifikovan\u00fd person\u00e1l s dostate\u010dn\u00fdmi zku\u0161enostmi a dovednostmi. Hydraulick\u00fd v\u00e1lec by m\u011bl b\u00fdt \u0159\u00e1dn\u011b p\u0159ipojen k hydraulick\u00e9mu syst\u00e9mu a armatur\u00e1m. Hydraulick\u00fd syst\u00e9m by m\u011bl b\u00fdt napln\u011bn vhodn\u00fdm hydraulick\u00fdm olejem a zkontrolov\u00e1n na t\u011bsnost a tlak.<\/p>\n<h2>Bezpe\u010dnostn\u00ed aspekty a faktory prost\u0159ed\u00ed<\/h2>\n<p>Hydraulick\u00fd v\u00e1lec by m\u011bl b\u00fdt provozov\u00e1n a udr\u017eov\u00e1n v souladu s bezpe\u010dnostn\u00edmi postupy, aby se p\u0159ede\u0161lo nehod\u00e1m a byla zaji\u0161t\u011bna bezpe\u010dnost obsluhy a za\u0159\u00edzen\u00ed. B\u011bhem provozu a skladov\u00e1n\u00ed by m\u011bly b\u00fdt zohledn\u011bny tak\u00e9 faktory prost\u0159ed\u00ed, jako je teplota a vlhkost.<\/p>\n<h2>Odstra\u0148ov\u00e1n\u00ed probl\u00e9m\u016f a b\u011b\u017en\u00e9 probl\u00e9my<\/h2>\n<p>Mezi b\u011b\u017en\u00e9 probl\u00e9my s hydraulick\u00fdm v\u00e1lcem pat\u0159\u00ed \u00fanik oleje, nedostate\u010dn\u00fd tlak a abnorm\u00e1ln\u00ed hluk. Tyto probl\u00e9my lze diagnostikovat vizu\u00e1ln\u00ed kontrolou a testov\u00e1n\u00edm. K vy\u0159e\u0161en\u00ed t\u011bchto probl\u00e9m\u016f by m\u011bla b\u00fdt p\u0159ijata spr\u00e1vn\u00e1 opat\u0159en\u00ed pro odstra\u0148ov\u00e1n\u00ed probl\u00e9m\u016f a \u00fadr\u017ebu.<\/p>\n<h2>Z\u00e1v\u011br<\/h2>\n<p>Jsme profesion\u00e1ln\u00ed v\u00fdrobce n\u00e1hradn\u00edch hydraulick\u00fdch v\u00e1lc\u016f se \u0161irokou \u0161k\u00e1lou produkt\u016f a stali jsme se jedn\u00edm z p\u0159edn\u00edch v\u00fdrobc\u016f a velkoobchodn\u00edch distributor\u016f hydraulick\u00fdch v\u00e1lc\u016f na dom\u00e1c\u00edm i mezin\u00e1rodn\u00edm trhu. V\u017edy se dr\u017e\u00edme principu vynikaj\u00edc\u00ed kvality, spol\u00e9h\u00e1me se na strategii \u0159\u00edzen\u00ed pr\u016fmyslov\u00e9 v\u00fdroby sofistikovan\u00e9 v\u00fdrobn\u00ed d\u00edlny a neust\u00e1le zlep\u0161ujeme na\u0161i technickou \u00farove\u0148 a efektivitu v\u00fdroby. Na\u0161\u00edm c\u00edlem je uspokojovat rozmanit\u00e9 pot\u0159eby z\u00e1kazn\u00edk\u016f s vysokou efektivitou, p\u0159esnost\u00ed a principy vysok\u00e9 kvality. Zav\u00e1zali jsme se poskytovat z\u00e1kazn\u00edk\u016fm profesion\u00e1ln\u00ed a na m\u00edru \u0161it\u00e9 slu\u017eby, vysoce kvalitn\u00ed produkty a efektivn\u00ed poprodejn\u00ed servis.<\/p>\n<p><img decoding=\"async\" src=\"https:\/\/www.hydraulic-cylinders.net\/wp-content\/uploads\/2025\/01\/songte-company-4.webp\" alt=\"V\u00fdrobn\u00ed z\u00e1vod na hydraulick\u00e9 v\u00e1lce\"><br \/>\n<img decoding=\"async\" src=\"https:\/\/www.hydraulic-cylinders.net\/wp-content\/uploads\/2025\/01\/songte-company-3.webp\" alt=\"Certifikace hydraulick\u00fdch v\u00e1lc\u016f\"> <\/p>\n<p>Autor: lyl.<\/p>","protected":false},"excerpt":{"rendered":"<p>Introduction Arm Cylinder for Baoding WY150 An arm cylinder is a hydraulic cylinder designed specifically to provide linear motion and power to various types of machinery arms, such as excavators, cranes, and mechanical arms. The arm cylinder plays a crucial role in hydraulic systems, enabling additional tools or attachments to move and be controlled effectively. [&hellip;]<\/p>","protected":false},"featured_media":14772,"comment_status":"open","ping_status":"closed","template":"","meta":{"_et_pb_use_builder":"","_et_pb_old_content":"","_et_gb_content_width":""},"product_brand":[],"product_cat":[1497],"product_tag":[1498,1496],"class_list":{"0":"post-16883","1":"product","2":"type-product","3":"status-publish","4":"has-post-thumbnail","6":"product_cat-arm-cylinders","7":"product_tag-arm-cylinders","8":"product_tag-hydraulic-cylinders","10":"first","11":"instock","12":"shipping-taxable","13":"product-type-simple"},"amp_enabled":true,"_links":{"self":[{"href":"https:\/\/www.hydraulic-cylinders.net\/cs\/wp-json\/wp\/v2\/product\/16883","targetHints":{"allow":["GET"]}}],"collection":[{"href":"https:\/\/www.hydraulic-cylinders.net\/cs\/wp-json\/wp\/v2\/product"}],"about":[{"href":"https:\/\/www.hydraulic-cylinders.net\/cs\/wp-json\/wp\/v2\/types\/product"}],"replies":[{"embeddable":true,"href":"https:\/\/www.hydraulic-cylinders.net\/cs\/wp-json\/wp\/v2\/comments?post=16883"}],"wp:featuredmedia":[{"embeddable":true,"href":"https:\/\/www.hydraulic-cylinders.net\/cs\/wp-json\/wp\/v2\/media\/14772"}],"wp:attachment":[{"href":"https:\/\/www.hydraulic-cylinders.net\/cs\/wp-json\/wp\/v2\/media?parent=16883"}],"wp:term":[{"taxonomy":"product_brand","embeddable":true,"href":"https:\/\/www.hydraulic-cylinders.net\/cs\/wp-json\/wp\/v2\/product_brand?post=16883"},{"taxonomy":"product_cat","embeddable":true,"href":"https:\/\/www.hydraulic-cylinders.net\/cs\/wp-json\/wp\/v2\/product_cat?post=16883"},{"taxonomy":"product_tag","embeddable":true,"href":"https:\/\/www.hydraulic-cylinders.net\/cs\/wp-json\/wp\/v2\/product_tag?post=16883"}],"curies":[{"name":"wp","href":"https:\/\/api.w.org\/{rel}","templated":true}]}}