{"id":16895,"date":"2025-01-21T06:11:13","date_gmt":"2025-01-21T06:11:13","guid":{"rendered":"https:\/\/www.hydraulic-cylinders.net\/product\/arm-cylinder-for-tiangong-zg3255lc-9c\/"},"modified":"2025-01-21T06:11:15","modified_gmt":"2025-01-21T06:11:15","slug":"arm-cylinder-for-tiangong-zg3255lc-9c","status":"publish","type":"product","link":"https:\/\/www.hydraulic-cylinders.net\/cs\/produkt\/arm-cylinder-for-tiangong-zg3255lc-9c\/","title":{"rendered":"V\u00e1lec ramene pro Tiangong ZG3255LC-9C"},"content":{"rendered":"<p><!DOCTYPE html><br \/>\n<html><br \/>\n<head><br \/>\n<title>V\u00e1lec ramene pro Tiangong ZG3255LC-9C<\/title><br \/>\n<\/head><br \/>\n<body><\/p>\n<h1>V\u00e1lec ramene pro Tiangong ZG3255LC-9C<\/h1>\n<h2>Zaveden\u00ed<\/h2>\n<p>V\u00e1lec ramene je speci\u00e1ln\u011b navr\u017een\u00fd hydraulick\u00fd v\u00e1lec, kter\u00fd poskytuje line\u00e1rn\u00ed pohyb a s\u00edlu rameni r\u016fzn\u00fdch stroj\u016f, jako jsou bagry, je\u0159\u00e1by a robotick\u00e1 ramena. Hraje kl\u00ed\u010dovou roli v hydraulick\u00fdch syst\u00e9mech, proto\u017ee umo\u017e\u0148uje efektivn\u00ed pohyb a ovl\u00e1d\u00e1n\u00ed dal\u0161\u00edch n\u00e1stroj\u016f nebo p\u0159\u00edslu\u0161enstv\u00ed. Tyto v\u00e1lce nejen umo\u017e\u0148uj\u00ed plynul\u00fd pohyb, ale tak\u00e9 odol\u00e1vaj\u00ed t\u011b\u017ek\u00fdm z\u00e1t\u011b\u017e\u00edm, co\u017e zaji\u0161\u0165uj\u00ed efektivn\u00ed provoz a spolehlivost v r\u016fzn\u00fdch pracovn\u00edch podm\u00ednk\u00e1ch.<\/p>\n<h3>Definice<\/h3>\n<p>V\u00e1lec ramene, zn\u00e1m\u00fd tak\u00e9 jako hydraulick\u00fd v\u00e1lec, je mechanick\u00fd aktu\u00e1tor, kter\u00fd p\u0159em\u011b\u0148uje hydraulickou energii na line\u00e1rn\u00ed pohyb. Skl\u00e1d\u00e1 se z v\u00e1lcov\u00e9ho v\u00e1lce, p\u00edstu a p\u00edstn\u00ed ty\u010de. Kdy\u017e je hydraulick\u00e1 kapalina p\u0159ivedena na jednu stranu p\u00edstu, tla\u010d\u00ed na p\u00edstn\u00ed ty\u010d a poskytuje ramenu po\u017eadovan\u00fd line\u00e1rn\u00ed pohyb.<\/p>\n<p><img decoding=\"async\" src=\"https:\/\/www.hydraulic-cylinders.net\/wp-content\/uploads\/2025\/01\/songte-company-2.webp\" alt=\"Obr\u00e1zek v\u00e1lce ramene\"><\/p>\n<h2>Funkce<\/h2>\n<ul>\n<li><strong>Vysoce \u00fa\u010dinn\u00fd p\u0159enos:<\/strong> V\u00e1lec ramene poskytuje siln\u00fd line\u00e1rn\u00ed pohyb a s\u00edlu, co\u017e zaji\u0161\u0165uje vysok\u00fd v\u00fdkon mechanick\u00e9ho ramene v r\u016fzn\u00fdch operac\u00edch.<\/li>\n<li><strong>P\u0159esn\u00e9 ovl\u00e1d\u00e1n\u00ed:<\/strong> D\u00edky hydraulick\u00e9mu syst\u00e9mu umo\u017e\u0148uje v\u00e1lec ramene p\u0159esn\u00e9 ovl\u00e1d\u00e1n\u00ed pohybu, \u010d\u00edm\u017e je ovl\u00e1d\u00e1n\u00ed p\u0159ipojen\u00e9ho n\u00e1\u0159ad\u00ed flexibiln\u011bj\u0161\u00ed a p\u0159esn\u011bj\u0161\u00ed.<\/li>\n<li><strong>Trvanlivost:<\/strong> V\u00e1lce ramen jsou obvykle vyrobeny z vysoce pevn\u00fdch materi\u00e1l\u016f, kter\u00e9 nab\u00edzej\u00ed vynikaj\u00edc\u00ed odolnost proti opot\u0159eben\u00ed a korozi, d\u00edky \u010demu\u017e jsou vhodn\u00e9 pro dlouhodob\u00e9 pou\u017e\u00edv\u00e1n\u00ed v n\u00e1ro\u010dn\u00fdch podm\u00ednk\u00e1ch.<\/li>\n<li><strong>Multifunk\u010dn\u00ed p\u0159izp\u016fsobivost:<\/strong> Tyto v\u00e1lce maj\u00ed \u0161irok\u00e9 uplatn\u011bn\u00ed v r\u016fzn\u00fdch stroj\u00edch, jako jsou bagry, je\u0159\u00e1by a robotick\u00e1 ramena, a spl\u0148uj\u00ed tak r\u016fzn\u00e9 po\u017eadavky na pr\u00e1ci.<\/li>\n<li><strong>Snadn\u00e1 \u00fadr\u017eba:<\/strong> Konstruk\u010dn\u00ed aspekty pro snadnou \u00fadr\u017ebu a v\u00fdm\u011bnu usnad\u0148uj\u00ed pravideln\u00e9 kontroly a \u00fadr\u017ebu, \u010d\u00edm\u017e se zkracuj\u00ed prostoje za\u0159\u00edzen\u00ed.<\/li>\n<\/ul>\n<p><img decoding=\"async\" src=\"https:\/\/www.hydraulic-cylinders.net\/wp-content\/uploads\/2025\/01\/songte-oil-pipes-and-spare-parts.webp\" alt=\"N\u00e1hradn\u00ed d\u00edly pro hydraulick\u00e9 v\u00e1lce\"><\/p>\n<h2>Aplikace<\/h2>\n<ul>\n<li><strong>Stavebn\u00ed in\u017een\u00fdrstv\u00ed:<\/strong> U bagr\u016f a je\u0159\u00e1b\u016f ovl\u00e1daj\u00ed v\u00e1lce ramene pohyb l\u017e\u00edce nebo v\u00fdlo\u017en\u00edku pro zemn\u00ed pr\u00e1ce, manipulaci s materi\u00e1lem a mont\u00e1\u017e konstrukc\u00ed.<\/li>\n<li><strong>Zpracovatelsk\u00fd pr\u016fmysl:<\/strong> V automatizovan\u00fdch v\u00fdrobn\u00edch link\u00e1ch umo\u017e\u0148uj\u00ed v\u00e1lce ramen pohyb robotick\u00fdch ramen pro mont\u00e1\u017en\u00ed, sva\u0159ovac\u00ed a manipula\u010dn\u00ed procesy, \u010d\u00edm\u017e zvy\u0161uj\u00ed efektivitu a p\u0159esnost v\u00fdroby.<\/li>\n<li><strong>Zem\u011bd\u011blsk\u00e9 stroje:<\/strong> V zem\u011bd\u011blsk\u00fdch stroj\u00edch, jako jsou skl\u00edzec\u00ed a sec\u00ed stroje, ovl\u00e1daj\u00ed v\u00e1lce ramen pohyb ovl\u00e1dac\u00edch ramen pro \u00fakoly, jako je set\u00ed, hnojen\u00ed a sklize\u0148.<\/li>\n<li><strong>Hornictv\u00ed:<\/strong> V\u00e1lce ramen v t\u011b\u017eebn\u00edch za\u0159\u00edzen\u00edch ovl\u00e1daj\u00ed pohyb ramene pro t\u011b\u017ebu a p\u0159epravu materi\u00e1lu.<\/li>\n<li><strong>Logistika a doprava:<\/strong> U vysokozdvi\u017en\u00fdch voz\u00edk\u016f a manipula\u010dn\u00edch robot\u016f ovl\u00e1daj\u00ed v\u00e1lce ramen zved\u00e1n\u00ed a pohyb vidlic, co\u017e usnad\u0148uje manipulaci s materi\u00e1lem a jeho stohov\u00e1n\u00ed.<\/li>\n<\/ul>\n<h2>Konstruk\u010dn\u00ed aspekty a krit\u00e9ria v\u00fdb\u011bru<\/h2>\n<ul>\n<li><strong>Nosnost:<\/strong> V\u00e1lce ramen by m\u011bly b\u00fdt navr\u017eeny tak, aby zvl\u00e1dly o\u010dek\u00e1van\u00e9 zat\u00ed\u017een\u00ed a zajistily tak bezpe\u010dn\u00fd a efektivn\u00ed provoz.<\/li>\n<li><strong>T\u011bsn\u011bn\u00ed:<\/strong> K zabr\u00e1n\u011bn\u00ed \u00faniku hydraulick\u00e9 kapaliny se pou\u017e\u00edvaj\u00ed r\u016fzn\u00e9 t\u011bsnic\u00ed komponenty, jako jsou t\u011bsn\u011bn\u00ed p\u00edst\u016f a p\u00edstnic, vyroben\u00e9 z materi\u00e1l\u016f odoln\u00fdch proti opot\u0159eben\u00ed, jako je polyuretan a nitrilov\u00e1 pry\u017e.<\/li>\n<li><strong>Trvanlivost:<\/strong> T\u011bleso v\u00e1lce a z\u00e1vitov\u00e9 konce jsou jemn\u011b o\u0161et\u0159eny pro zlep\u0161en\u00ed odolnosti proti opot\u0159eben\u00ed a prodlou\u017een\u00ed \u017eivotnosti v\u00fdrobku.<\/li>\n<li><strong>Bezpe\u010dnost:<\/strong> Aby se zabr\u00e1nilo p\u0159et\u00ed\u017een\u00ed syst\u00e9mu a potenci\u00e1ln\u00edm nehod\u00e1m, m\u011bly by b\u00fdt za\u010dlen\u011bny bezpe\u010dnostn\u00ed prvky, jako jsou p\u0159etlakov\u00e9 ventily.<\/li>\n<li><strong>\u00dadr\u017eba:<\/strong> B\u011bhem procesu n\u00e1vrhu by m\u011bla b\u00fdt zohledn\u011bna snadn\u00e1 dostupnost pro \u00fadr\u017ebu a opravy, stejn\u011b jako dostupnost n\u00e1hradn\u00edch d\u00edl\u016f.<\/li>\n<\/ul>\n<p><img decoding=\"async\" src=\"https:\/\/www.hydraulic-cylinders.net\/wp-content\/uploads\/2025\/01\/songte-cylinder-head-with-all-kinds-excavator-models.webp\" alt=\"Hlava hydraulick\u00e9ho v\u00e1lce\"><\/p>\n<h2>T\u011bsn\u011bn\u00ed a maz\u00e1n\u00ed<\/h2>\n<p>V\u00e1lce ramen pou\u017e\u00edvaj\u00ed r\u016fzn\u00e1 t\u011bsn\u011bn\u00ed, jako jsou p\u00edstn\u00ed t\u011bsn\u011bn\u00ed a t\u011bsn\u011bn\u00ed p\u00edstnice, kter\u00e1 jsou vyrobena z materi\u00e1l\u016f odoln\u00fdch proti opot\u0159eben\u00ed, jako je polyuretan a nitrilov\u00e1 pry\u017e. T\u011bleso v\u00e1lce a z\u00e1vitov\u00e9 konce jsou jemn\u011b o\u0161et\u0159eny pro zlep\u0161en\u00ed odolnosti proti opot\u0159eben\u00ed. Pro zaji\u0161t\u011bn\u00ed plynul\u00e9ho chodu a sn\u00ed\u017een\u00ed t\u0159en\u00ed je t\u0159eba prov\u00e1d\u011bt pravideln\u00e9 maz\u00e1n\u00ed vhodn\u00fdm hydraulick\u00fdm olejem.<\/p>\n<h2>Pravideln\u00e1 kontrola a preventivn\u00ed \u00fadr\u017eba<\/h2>\n<ul>\n<li>Pravideln\u011b kontrolujte, zda v\u00e1lec a jeho t\u011bsn\u011bn\u00ed nevykazuj\u00ed zn\u00e1mky net\u011bsnosti, po\u0161kozen\u00ed nebo opot\u0159eben\u00ed.<\/li>\n<li>Udr\u017eujte spr\u00e1vnou hladinu a kvalitu hydraulick\u00e9 kapaliny.<\/li>\n<li>Zkontrolujte a vy\u010dist\u011bte sou\u010d\u00e1sti v\u00e1lce, jako je p\u00edst, ty\u010d a t\u011bsn\u011bn\u00ed, abyste odstranili ve\u0161ker\u00e9 ne\u010distoty.<\/li>\n<li>Sledujte v\u00fdkon v\u00e1lce b\u011bhem provozu a zajist\u011bte jeho plynul\u00fd pohyb a spr\u00e1vnou funk\u010dnost.<\/li>\n<li>Dodr\u017eujte doporu\u010den\u00fd pl\u00e1n \u00fadr\u017eby a pokyny v\u00fdrobce.<\/li>\n<\/ul>\n<h2>Instala\u010dn\u00ed p\u0159\u00edru\u010dka<\/h2>\n<p>Spr\u00e1vn\u00e1 instalace v\u00e1lce ramene je kl\u00ed\u010dov\u00e1 pro jeho v\u00fdkon a dlouhou \u017eivotnost. Postupujte podle t\u011bchto krok\u016f:<\/p>\n<ol>\n<li>P\u0159ipravte si m\u00edsto instalace a ujist\u011bte se, \u017ee je \u010dist\u00e9 a bez ne\u010distot.<\/li>\n<li>Um\u00edst\u011bte v\u00e1lec na po\u017eadovan\u00e9 m\u00edsto a zarovnejte mont\u00e1\u017en\u00ed otvory s odpov\u00eddaj\u00edc\u00edmi otvory na stroji.<\/li>\n<li>Bezpe\u010dn\u011b upevn\u011bte v\u00e1lec pomoc\u00ed vhodn\u00fdch \u0161roub\u016f a zajist\u011bte spr\u00e1vn\u00e9 vyrovn\u00e1n\u00ed.<\/li>\n<li>P\u0159ipojte hydraulick\u00e9 hadice a armatury a zajist\u011bte bezpe\u010dn\u00e9 a bezprobl\u00e9mov\u00e9 spojen\u00ed.<\/li>\n<li>P\u0159ed pln\u00fdm pou\u017eit\u00edm vyzkou\u0161ejte funkci v\u00e1lce, abyste se ujistili, \u017ee funguje spr\u00e1vn\u011b.<\/li>\n<\/ol>\n<p><img decoding=\"async\" src=\"https:\/\/www.hydraulic-cylinders.net\/wp-content\/uploads\/2025\/01\/songte-bushings-with-all-kinds-of-excavator-models.webp\" alt=\"Pouzdra hydraulick\u00fdch v\u00e1lc\u016f\"><\/p>\n<h2>Bezpe\u010dnostn\u00ed aspekty a faktory prost\u0159ed\u00ed<\/h2>\n<p>P\u0159i pr\u00e1ci s tlakov\u00fdmi v\u00e1lci je nezbytn\u00e9 up\u0159ednostnit bezpe\u010dnostn\u00ed opat\u0159en\u00ed, aby se p\u0159ede\u0161lo nehod\u00e1m a zran\u011bn\u00edm. Z\u00e1sadn\u00ed je \u0159\u00e1dn\u00e9 \u0161kolen\u00ed, pravideln\u00e9 kontroly za\u0159\u00edzen\u00ed a dodr\u017eov\u00e1n\u00ed bezpe\u010dnostn\u00edch pokyn\u016f. Krom\u011b toho m\u016f\u017ee zohledn\u011bn\u00ed faktor\u016f prost\u0159ed\u00ed, jako je teplota, vlhkost a vystaven\u00ed korozivn\u00edm l\u00e1tk\u00e1m, pomoci zajistit dlouhou \u017eivotnost a v\u00fdkon tlakov\u00e9 lahve.<\/p>\n<h2>Odstra\u0148ov\u00e1n\u00ed probl\u00e9m\u016f a b\u011b\u017en\u00e9 probl\u00e9my<\/h2>\n<p>Zde jsou n\u011bkter\u00e9 b\u011b\u017en\u00e9 probl\u00e9my, kter\u00e9 se mohou vyskytnout s v\u00e1lci ramene, a jejich mo\u017en\u00e1 \u0159e\u0161en\u00ed:<\/p>\n<ol>\n<li><strong>\u00danik:<\/strong> Zkontrolujte, zda nejsou po\u0161kozen\u00e1 t\u011bsn\u011bn\u00ed nebo spoje, a podle pot\u0159eby je vym\u011b\u0148te nebo dot\u00e1hn\u011bte.<\/li>\n<li><strong>Nepravideln\u00fd pohyb:<\/strong> Zkontrolujte hladiny hydraulick\u00e9 kapaliny, zkontrolujte, zda v syst\u00e9mu nen\u00ed ucp\u00e1n\u00ed nebo omezen\u00ed, a prove\u010fte nezbytn\u00e9 opravy nebo \u00fadr\u017ebu.<\/li>\n<li><strong>Hluk nebo vibrace:<\/strong> Zkontrolujte v\u00e1lec, zda neobsahuje uvoln\u011bn\u00e9 sou\u010d\u00e1sti, opot\u0159ebovan\u00e9 d\u00edly nebo kontaminaci hydraulick\u00e9 kapaliny, a podle toho probl\u00e9m vy\u0159e\u0161te.<\/li>\n<li><strong>Pomal\u00fd nebo nekonzistentn\u00ed pohyb:<\/strong> Zkontrolujte hydraulick\u00e9 \u010derpadlo a ventily, zda nefunguj\u00ed spr\u00e1vn\u011b, zda nejsou v syst\u00e9mu \u017e\u00e1dn\u00e9 hladiny kapalin nebo zda se v n\u011bm nenach\u00e1z\u00ed vzduch, a v p\u0159\u00edpad\u011b pot\u0159eby je opravte.<\/li>\n<\/ol>\n<p>Dodr\u017eov\u00e1n\u00edm t\u011bchto tip\u016f pro \u0159e\u0161en\u00ed probl\u00e9m\u016f a preventivn\u00edch opat\u0159en\u00ed mohou \u010dten\u00e1\u0159i efektivn\u011b diagnostikovat a vy\u0159e\u0161it probl\u00e9my souvisej\u00edc\u00ed s v\u00e1lci a z\u00e1rove\u0148 minimalizovat potenci\u00e1ln\u00ed komplikace.<\/p>\n<p><img decoding=\"async\" src=\"https:\/\/www.hydraulic-cylinders.net\/wp-content\/uploads\/2025\/01\/songte-chushion-collar.webp\" alt=\"Hydraulick\u00fd v\u00e1lec s tlumi\u010dem\"><\/p>\n<h2>O n\u00e1s<\/h2>\n<p>Jsme profesion\u00e1ln\u00ed v\u00fdrobce n\u00e1hradn\u00edch hydraulick\u00fdch v\u00e1lc\u016f a nab\u00edz\u00edme \u0161irokou \u0161k\u00e1lu produkt\u016f. Stali jsme se jedn\u00edm z p\u0159edn\u00edch v\u00fdrobc\u016f a velkoobchodn\u00edch distributor\u016f hydraulick\u00fdch v\u00e1lc\u016f na dom\u00e1c\u00edm i mezin\u00e1rodn\u00edm trhu. S d\u016frazem na vynikaj\u00edc\u00ed kvalitu neust\u00e1le zlep\u0161ujeme na\u0161e v\u00fdrobn\u00ed techniky a efektivitu prost\u0159ednictv\u00edm pokro\u010dil\u00e9ho digit\u00e1ln\u00edho v\u00fdrobn\u00edho za\u0159\u00edzen\u00ed a profesion\u00e1ln\u00edch testovac\u00edch syst\u00e9m\u016f. Na\u0161\u00edm c\u00edlem je uspokojit rozmanit\u00e9 pot\u0159eby z\u00e1kazn\u00edk\u016f s vyu\u017eit\u00edm princip\u016f efektivity, p\u0159esnosti a vysok\u00e9 kvality.<\/p>\n<h3>Na\u0161e siln\u00e9 str\u00e1nky<\/h3>\n<ul>\n<li><strong>Odbornost:<\/strong> N\u00e1\u0161 t\u00fdm se skl\u00e1d\u00e1 ze zku\u0161en\u00fdch profesion\u00e1l\u016f v oblasti v\u00fdroby hydraulick\u00fdch v\u00e1lc\u016f, co\u017e zaru\u010duje \u0161pi\u010dkovou kvalitu.<\/li>\n<li><strong>Mezin\u00e1rodn\u00ed certifikace:<\/strong><br \/>","protected":false},"excerpt":{"rendered":"<p>Arm Cylinder For Tiangong ZG3255LC-9C Arm Cylinder For Tiangong ZG3255LC-9C Introduction The arm cylinder is a specially designed hydraulic cylinder that provides linear motion and power to the arm of various machinery, such as excavators, cranes, and robotic arms. It plays a crucial role in hydraulic systems, allowing for efficient movement and control of additional [&hellip;]<\/p>","protected":false},"featured_media":14766,"comment_status":"open","ping_status":"closed","template":"","meta":{"_et_pb_use_builder":"","_et_pb_old_content":"","_et_gb_content_width":""},"product_brand":[],"product_cat":[1497],"product_tag":[1498,1496],"class_list":{"0":"post-16895","1":"product","2":"type-product","3":"status-publish","4":"has-post-thumbnail","6":"product_cat-arm-cylinders","7":"product_tag-arm-cylinders","8":"product_tag-hydraulic-cylinders","10":"first","11":"instock","12":"shipping-taxable","13":"product-type-simple"},"amp_enabled":true,"_links":{"self":[{"href":"https:\/\/www.hydraulic-cylinders.net\/cs\/wp-json\/wp\/v2\/product\/16895","targetHints":{"allow":["GET"]}}],"collection":[{"href":"https:\/\/www.hydraulic-cylinders.net\/cs\/wp-json\/wp\/v2\/product"}],"about":[{"href":"https:\/\/www.hydraulic-cylinders.net\/cs\/wp-json\/wp\/v2\/types\/product"}],"replies":[{"embeddable":true,"href":"https:\/\/www.hydraulic-cylinders.net\/cs\/wp-json\/wp\/v2\/comments?post=16895"}],"wp:featuredmedia":[{"embeddable":true,"href":"https:\/\/www.hydraulic-cylinders.net\/cs\/wp-json\/wp\/v2\/media\/14766"}],"wp:attachment":[{"href":"https:\/\/www.hydraulic-cylinders.net\/cs\/wp-json\/wp\/v2\/media?parent=16895"}],"wp:term":[{"taxonomy":"product_brand","embeddable":true,"href":"https:\/\/www.hydraulic-cylinders.net\/cs\/wp-json\/wp\/v2\/product_brand?post=16895"},{"taxonomy":"product_cat","embeddable":true,"href":"https:\/\/www.hydraulic-cylinders.net\/cs\/wp-json\/wp\/v2\/product_cat?post=16895"},{"taxonomy":"product_tag","embeddable":true,"href":"https:\/\/www.hydraulic-cylinders.net\/cs\/wp-json\/wp\/v2\/product_tag?post=16895"}],"curies":[{"name":"wp","href":"https:\/\/api.w.org\/{rel}","templated":true}]}}