{"id":16897,"date":"2025-01-21T06:11:21","date_gmt":"2025-01-21T06:11:21","guid":{"rendered":"https:\/\/www.hydraulic-cylinders.net\/product\/arm-cylinder-for-tiangong-zg3255lc-9\/"},"modified":"2025-01-21T06:11:23","modified_gmt":"2025-01-21T06:11:23","slug":"arm-cylinder-for-tiangong-zg3255lc-9","status":"publish","type":"product","link":"https:\/\/www.hydraulic-cylinders.net\/cs\/produkt\/arm-cylinder-for-tiangong-zg3255lc-9\/","title":{"rendered":"V\u00e1lec ramene pro Tiangong ZG3255LC-9"},"content":{"rendered":"<h1>V\u00e1lec ramene pro Tiangong ZG3255LC-9<\/h1>\n<h2>Zaveden\u00ed<\/h2>\n<p>Hydraulick\u00fd v\u00e1lec ramene je specializovan\u00fd hydraulick\u00fd v\u00e1lec, kter\u00fd poskytuje line\u00e1rn\u00ed pohyb a s\u00edlu rameni r\u016fzn\u00fdch typ\u016f stroj\u016f, jako jsou bagry, je\u0159\u00e1by a robotick\u00e1 ramena. Hraje kl\u00ed\u010dovou roli v hydraulick\u00fdch syst\u00e9mech, proto\u017ee umo\u017e\u0148uje efektivn\u00ed pohyb a ovl\u00e1d\u00e1n\u00ed p\u0159\u00edslu\u0161enstv\u00ed. Tyto v\u00e1lce nejen\u017ee zaji\u0161\u0165uj\u00ed plynul\u00fd pohyb, ale tak\u00e9 odol\u00e1vaj\u00ed t\u011b\u017ek\u00fdm z\u00e1t\u011b\u017e\u00edm, co\u017e zaji\u0161\u0165uje efektivn\u00ed provoz a spolehlivost stroj\u016f za r\u016fzn\u00fdch pracovn\u00edch podm\u00ednek.<\/p>\n<p><img decoding=\"async\" src=\"https:\/\/www.hydraulic-cylinders.net\/wp-content\/uploads\/2025\/01\/songte-company-2.webp\" alt=\"Obr\u00e1zek v\u00e1lce ramene\"><\/p>\n<h2>Funkce<\/h2>\n<ul>\n<li>Vysoce \u00fa\u010dinn\u00fd p\u0159evod: Poskytuje siln\u00fd line\u00e1rn\u00ed pohyb a s\u00edlu pro zaji\u0161t\u011bn\u00ed vysok\u00e9 provozn\u00ed \u00fa\u010dinnosti ramen stroj\u016f.<\/li>\n<li>P\u0159esn\u00e9 ovl\u00e1d\u00e1n\u00ed: Umo\u017e\u0148uje p\u0159esn\u00e9 ovl\u00e1d\u00e1n\u00ed pohybu p\u0159\u00edslu\u0161enstv\u00ed pomoc\u00ed hydraulick\u00fdch syst\u00e9m\u016f, \u010d\u00edm\u017e se jejich provoz st\u00e1v\u00e1 flexibiln\u011bj\u0161\u00edm a p\u0159esn\u011bj\u0161\u00edm.<\/li>\n<li>Vysok\u00e1 odolnost: Obvykle jsou vyrobeny z vysoce pevn\u00fdch materi\u00e1l\u016f s dobrou odolnost\u00ed proti opot\u0159eben\u00ed a korozi, vhodn\u00e9 pro dlouhodob\u00e9 pou\u017e\u00edv\u00e1n\u00ed v n\u00e1ro\u010dn\u00fdch podm\u00ednk\u00e1ch.<\/li>\n<li>Multifunk\u010dn\u00ed p\u0159izp\u016fsobivost: Tyto v\u00e1lce lze \u0161iroce pou\u017e\u00edvat v r\u016fzn\u00fdch typech stroj\u016f, jako jsou bagry, je\u0159\u00e1by a robotick\u00e1 ramena, a p\u0159izp\u016fsobit se tak r\u016fzn\u00fdm pracovn\u00edm po\u017eadavk\u016fm.<\/li>\n<li>Snadn\u00e1 \u00fadr\u017eba: Navr\u017eeno pro snadnou \u00fadr\u017ebu a v\u00fdm\u011bnu, co\u017e usnad\u0148uje pravideln\u00e9 kontroly a \u00fadr\u017ebu a zkracuje prostoje za\u0159\u00edzen\u00ed.<\/li>\n<\/ul>\n<p>Tento produkt dok\u00e1\u017eeme vyrobit a n\u00e1\u0161 produkt dok\u00e1\u017ee dokonale nahradit tyto hydraulick\u00e9 v\u00e1lce.<\/p>\n<p><img decoding=\"async\" src=\"https:\/\/www.hydraulic-cylinders.net\/wp-content\/uploads\/2025\/01\/songte-oil-pipes-and-spare-parts.webp\" alt=\"Obr\u00e1zek n\u00e1hradn\u00edch d\u00edl\u016f pro hydraulick\u00fd v\u00e1lec\"><\/p>\n<h2>Aplikace<\/h2>\n<p>V\u00e1lec ramene se pou\u017e\u00edv\u00e1 v r\u016fzn\u00fdch pr\u016fmyslov\u00fdch odv\u011btv\u00edch a aplikac\u00edch:<\/p>\n<ul>\n<li>Stavebn\u00ed in\u017een\u00fdrstv\u00ed: Pou\u017e\u00edv\u00e1 se v bagrech a je\u0159\u00e1bech k ovl\u00e1d\u00e1n\u00ed pohybu l\u017e\u00edc nebo v\u00fdlo\u017en\u00edk\u016f pro zemn\u00ed pr\u00e1ce, manipulaci s materi\u00e1lem a mont\u00e1\u017e konstrukc\u00ed.<\/li>\n<li>V\u00fdroba: Pou\u017e\u00edv\u00e1 se v automatizovan\u00fdch v\u00fdrobn\u00edch link\u00e1ch pro pohyb robotick\u00fdch ramen k prov\u00e1d\u011bn\u00ed mont\u00e1\u017en\u00edch, sva\u0159ovac\u00edch a manipula\u010dn\u00edch proces\u016f, \u010d\u00edm\u017e se zvy\u0161uje produktivita a p\u0159esnost.<\/li>\n<li>Zem\u011bd\u011blsk\u00e9 stroje: Pou\u017e\u00edvaj\u00ed se v zem\u011bd\u011blsk\u00fdch stroj\u00edch, jako jsou skl\u00edze\u010de a s\u00e1zec\u00ed stroje, k ovl\u00e1d\u00e1n\u00ed pohybu ovl\u00e1dac\u00edch ramen pro \u00fakoly, jako je s\u00e1zen\u00ed, hnojen\u00ed a sklize\u0148.<\/li>\n<li>T\u011b\u017eba: Pou\u017e\u00edv\u00e1 se v t\u011b\u017eebn\u00edch za\u0159\u00edzen\u00edch k \u0159\u00edzen\u00ed pohybu ramen pro t\u011b\u017ebu a p\u0159epravu nerost\u016f.<\/li>\n<li>Logistika a doprava: Pou\u017e\u00edv\u00e1 se ve vysokozdvi\u017en\u00fdch voz\u00edc\u00edch a manipula\u010dn\u00edch robotech k \u0159\u00edzen\u00ed pohybu vidlic a realizaci manipulace s materi\u00e1lem a jeho stohov\u00e1n\u00ed.<\/li>\n<\/ul>\n<h2>Konstruk\u010dn\u00ed aspekty a krit\u00e9ria v\u00fdb\u011bru<\/h2>\n<ul>\n<li>Nosnost: Pro zaji\u0161t\u011bn\u00ed bezpe\u010dnosti a \u00fa\u010dinnosti v\u00e1lce b\u011bhem provozu je nutn\u00e9 zohlednit jeho schopnost un\u00e9st zat\u00ed\u017een\u00ed.<\/li>\n<li>T\u011bsn\u011bn\u00ed: K zabr\u00e1n\u011bn\u00ed \u00faniku kapaliny se pou\u017e\u00edvaj\u00ed r\u016fzn\u00e1 t\u011bsn\u011bn\u00ed, jako jsou p\u00edstn\u00ed a p\u00edstn\u00ed t\u011bsn\u011bn\u00ed, vyroben\u00e1 z odoln\u00fdch materi\u00e1l\u016f, jako je polyuretan a nitrilov\u00e1 pry\u017e.<\/li>\n<li>Trvanlivost: Vyrobeno z vysoce pevn\u00fdch materi\u00e1l\u016f, kter\u00e9 poskytuj\u00ed vynikaj\u00edc\u00ed odolnost proti opot\u0159eben\u00ed a korozi, aby odolaly n\u00e1ro\u010dn\u00e9mu prost\u0159ed\u00ed a dlouhodob\u00e9mu pou\u017e\u00edv\u00e1n\u00ed.<\/li>\n<li>Bezpe\u010dnost: Pro zaji\u0161t\u011bn\u00ed bezpe\u010dn\u00e9ho provozu je nutn\u00e9 zv\u00e1\u017eit bezpe\u010dnostn\u00ed prvky, jako jsou p\u0159etlakov\u00e9 ventily a blokovac\u00ed mechanismy.<\/li>\n<li>\u00dadr\u017eba: Konstrukce pro snadnou \u00fadr\u017ebu a v\u00fdm\u011bnu b\u011b\u017en\u00fdch d\u00edl\u016f pro zlep\u0161en\u00ed \u00fa\u010dinnosti v\u00e1lce a zkr\u00e1cen\u00ed prostoj\u016f.<\/li>\n<\/ul>\n<p><img decoding=\"async\" src=\"https:\/\/www.hydraulic-cylinders.net\/wp-content\/uploads\/2025\/01\/songte-cylinder-head-with-all-kinds-excavator-models.webp\" alt=\"Obr\u00e1zek hlavy hydraulick\u00e9ho v\u00e1lce\"><\/p>\n<h2>T\u011bsn\u011bn\u00ed a maz\u00e1n\u00ed<\/h2>\n<p>K zabr\u00e1n\u011bn\u00ed \u00faniku kapaliny se pou\u017e\u00edvaj\u00ed r\u016fzn\u00e1 t\u011bsn\u011bn\u00ed, jako jsou p\u00edstn\u00ed t\u011bsn\u011bn\u00ed a t\u011bsn\u011bn\u00ed p\u00edstnice. Tato t\u011bsn\u011bn\u00ed jsou vyrobena z odoln\u00fdch materi\u00e1l\u016f, jako je polyuretan a nitrilov\u00e1 pry\u017e. T\u011bleso v\u00e1lce a z\u00e1vitov\u00e9 koncov\u00e9 plochy jsou jemn\u011b opracov\u00e1ny pro zlep\u0161en\u00ed jejich odolnosti proti opot\u0159eben\u00ed. Je nutn\u00e9 pravideln\u00e9 maz\u00e1n\u00ed vhodn\u00fdm mno\u017estv\u00edm hydraulick\u00e9ho oleje.<\/p>\n<p><img decoding=\"async\" src=\"https:\/\/www.hydraulic-cylinders.net\/wp-content\/uploads\/2025\/01\/songte-chushion-collar.webp\" alt=\"Obr\u00e1zek l\u00edmce tlumi\u010de hydraulick\u00e9ho v\u00e1lce\"><\/p>\n<h2>Inspekce a \u00fadr\u017eba<\/h2>\n<ul>\n<li>Pro zaji\u0161t\u011bn\u00ed bezpe\u010dn\u00e9ho provozu jsou nezbytn\u00e9 pravideln\u00e9 kontroly t\u011blesa a t\u011bsn\u011bn\u00ed v\u00e1lce.<\/li>\n<li>Po\u0161kozen\u00e1 nebo opot\u0159ebovan\u00e1 t\u011bsn\u011bn\u00ed a dal\u0161\u00ed d\u00edly ihned vym\u011b\u0148te, abyste zabr\u00e1nili \u00faniku kapaliny a selh\u00e1n\u00ed v\u00e1lce.<\/li>\n<li>P\u0159ed instalac\u00ed o\u010dist\u011bte t\u011bleso v\u00e1lce a z\u00e1vitov\u00e9 koncov\u00e9 plochy, abyste zabr\u00e1nili kontaminaci.<\/li>\n<\/ul>\n<h2>Instala\u010dn\u00ed p\u0159\u00edru\u010dka<\/h2>\n<ul>\n<li>P\u0159ed instalac\u00ed se ujist\u011bte, \u017ee jsou v\u00e1lec a jeho mont\u00e1\u017en\u00ed komponenty \u010dist\u00e9 a nepo\u0161kozen\u00e9.<\/li>\n<li>Pou\u017e\u00edvejte vhodn\u00e9 n\u00e1stroje a vybaven\u00ed, abyste b\u011bhem instalace zabr\u00e1nili po\u0161kozen\u00ed v\u00e1lce a jeho sou\u010d\u00e1st\u00ed.<\/li>\n<li>Ujist\u011bte se, \u017ee je v\u00e1lec nainstalov\u00e1n ve spr\u00e1vn\u00e9 poloze a zarovn\u00e1n s mont\u00e1\u017en\u00edmi konzolami stroje.<\/li>\n<li>Ut\u00e1hn\u011bte \u0161rouby a matice doporu\u010den\u00fdm utahovac\u00edm momentem.<\/li>\n<li>Po instalaci otestujte funkci v\u00e1lce, abyste se ujistili o jeho spr\u00e1vn\u00e9 funkci.<\/li>\n<\/ul>\n<p><img decoding=\"async\" src=\"https:\/\/www.hydraulic-cylinders.net\/wp-content\/uploads\/2025\/01\/songte-bushings-with-all-kinds-of-excavator-models.webp\" alt=\"Obr\u00e1zek pouzdra hydraulick\u00e9ho v\u00e1lce\"><\/p>\n<h2>Bezpe\u010dnostn\u00ed aspekty a faktory prost\u0159ed\u00ed<\/h2>\n<p>Bezpe\u010dnostn\u00ed opat\u0159en\u00ed jsou p\u0159i pr\u00e1ci s hydraulick\u00fdmi syst\u00e9my z\u00e1sadn\u00ed. Obsluze by m\u011blo b\u00fdt poskytnuto \u0159\u00e1dn\u00e9 \u0161kolen\u00ed a bezpe\u010dnostn\u00ed vybaven\u00ed. Pro zaji\u0161t\u011bn\u00ed bezpe\u010dn\u00e9ho a efektivn\u00edho provozu v\u00e1lce je t\u0159eba zohlednit tak\u00e9 faktory prost\u0159ed\u00ed, jako je teplota, vlhkost a vibrace.<\/p>\n<h2>Odstra\u0148ov\u00e1n\u00ed probl\u00e9m\u016f a b\u011b\u017en\u00e9 probl\u00e9my<\/h2>\n<ul>\n<li>Net\u011bsnost: Zkontrolujte, zda nejsou t\u011bsn\u011bn\u00ed po\u0161kozen\u00e1 nebo opot\u0159ebovan\u00e1, a ut\u00e1hn\u011bte \u0161rouby a matice doporu\u010den\u00fdm utahovac\u00edm momentem.<\/li>\n<li>Nedostate\u010dn\u00e1 s\u00edla nebo rychlost: Zkontrolujte hladinu a tlak kapaliny a prohl\u00e9dn\u011bte p\u00edst a p\u00edstnici, zda nejsou po\u0161kozen\u00e9 nebo opot\u0159ebovan\u00e9.<\/li>\n<li>Nadm\u011brn\u00fd hluk nebo vibrace: Zkontrolujte, zda nejsou uvoln\u011bn\u00e9 nebo po\u0161kozen\u00e9 mont\u00e1\u017en\u00ed komponenty, a prohl\u00e9dn\u011bte p\u00edst a p\u00edstnici, zda nejsou po\u0161kozen\u00e9 nebo opot\u0159ebovan\u00e9.<\/li>\n<li>Zasek\u00e1v\u00e1n\u00ed nebo v\u00e1znut\u00ed: Zkontrolujte, zda t\u011bsn\u011bn\u00ed nebo p\u00edst a ty\u010d nejsou po\u0161kozen\u00e9 nebo opot\u0159ebovan\u00e9, a ujist\u011bte se, \u017ee je v\u00e1lec \u0159\u00e1dn\u011b promaz\u00e1n.<\/li>\n<\/ul>\n<p>Pravideln\u00e1 \u00fadr\u017eba a kontroly mohou pomoci t\u011bmto probl\u00e9m\u016fm p\u0159edej\u00edt.<\/p>\n<p><img decoding=\"async\" src=\"https:\/\/www.hydraulic-cylinders.net\/wp-content\/uploads\/2025\/01\/songte-company-4.webp\" alt=\"Obr\u00e1zek v\u00fdroby hydraulick\u00fdch v\u00e1lc\u016f\"><\/p>\n<p>Jsme profesion\u00e1ln\u00ed v\u00fdrobce n\u00e1hradn\u00edch hydraulick\u00fdch v\u00e1lc\u016f s \u0161irokou \u0161k\u00e1lou produkt\u016f a stali jsme se jedn\u00edm z p\u0159edn\u00edch v\u00fdrobc\u016f a velkoobchodn\u00edch distributor\u016f hydraulick\u00fdch v\u00e1lc\u016f na dom\u00e1c\u00edm i mezin\u00e1rodn\u00edm trhu. V\u017edy se dr\u017e\u00edme z\u00e1sady vynikaj\u00edc\u00ed kvality a v na\u0161ich zdokonalen\u00fdch v\u00fdrobn\u00edch d\u00edln\u00e1ch se spol\u00e9h\u00e1me na industrializovan\u00e9 strategie \u0159\u00edzen\u00ed v\u00fdroby, abychom neust\u00e1le zlep\u0161ovali na\u0161i technickou \u00farove\u0148 a efektivitu v\u00fdroby. Zav\u00e1d\u011bn\u00edm \u0161pi\u010dkov\u00e9ho digit\u00e1ln\u00edho v\u00fdrobn\u00edho za\u0159\u00edzen\u00ed a profesion\u00e1ln\u00edch testovac\u00edch syst\u00e9m\u016f neust\u00e1le optimalizujeme na\u0161i v\u00fdrobn\u00ed platformu, zdokonalujeme proces kontroly kvality na\u0161ich v\u00fdrobk\u016f a m\u00e1me siln\u00e9 inova\u010dn\u00ed schopnosti. Na\u0161\u00edm c\u00edlem je uspokojovat rozmanit\u00e9 pot\u0159eby z\u00e1kazn\u00edk\u016f s vysokou efektivitou, p\u0159esnost\u00ed a vysok\u00fdmi standardy kvality.<\/p>\n<p>Nab\u00edz\u00edme profesion\u00e1ln\u00ed slu\u017eby, jako je mezin\u00e1rodn\u00ed certifikace, \u00fapravy na m\u00edru, v\u00fdrobn\u00ed za\u0159\u00edzen\u00ed a poprodejn\u00ed servis.<\/p>\n<p><img decoding=\"async\" src=\"https:\/\/www.hydraulic-cylinders.net\/wp-content\/uploads\/2025\/01\/songte-company-3.webp\" alt=\"Obr\u00e1zek slu\u017eeb hydraulick\u00fdch v\u00e1lc\u016f\"><\/p>\n<p>Autor: lyl<\/p>","protected":false},"excerpt":{"rendered":"<p>Arm Cylinder For Tiangong ZG3255LC-9 Introduction An arm cylinder is a specialized hydraulic cylinder that provides linear motion and power to the arm of various types of machinery such as excavators, cranes, and robotic arms. It plays a critical role in hydraulic systems, enabling attachments to move and be controlled effectively. These cylinders not only [&hellip;]<\/p>","protected":false},"featured_media":14759,"comment_status":"open","ping_status":"closed","template":"","meta":{"_et_pb_use_builder":"","_et_pb_old_content":"","_et_gb_content_width":""},"product_brand":[],"product_cat":[1497],"product_tag":[1498,1496],"class_list":{"0":"post-16897","1":"product","2":"type-product","3":"status-publish","4":"has-post-thumbnail","6":"product_cat-arm-cylinders","7":"product_tag-arm-cylinders","8":"product_tag-hydraulic-cylinders","10":"first","11":"instock","12":"shipping-taxable","13":"product-type-simple"},"amp_enabled":true,"_links":{"self":[{"href":"https:\/\/www.hydraulic-cylinders.net\/cs\/wp-json\/wp\/v2\/product\/16897","targetHints":{"allow":["GET"]}}],"collection":[{"href":"https:\/\/www.hydraulic-cylinders.net\/cs\/wp-json\/wp\/v2\/product"}],"about":[{"href":"https:\/\/www.hydraulic-cylinders.net\/cs\/wp-json\/wp\/v2\/types\/product"}],"replies":[{"embeddable":true,"href":"https:\/\/www.hydraulic-cylinders.net\/cs\/wp-json\/wp\/v2\/comments?post=16897"}],"wp:featuredmedia":[{"embeddable":true,"href":"https:\/\/www.hydraulic-cylinders.net\/cs\/wp-json\/wp\/v2\/media\/14759"}],"wp:attachment":[{"href":"https:\/\/www.hydraulic-cylinders.net\/cs\/wp-json\/wp\/v2\/media?parent=16897"}],"wp:term":[{"taxonomy":"product_brand","embeddable":true,"href":"https:\/\/www.hydraulic-cylinders.net\/cs\/wp-json\/wp\/v2\/product_brand?post=16897"},{"taxonomy":"product_cat","embeddable":true,"href":"https:\/\/www.hydraulic-cylinders.net\/cs\/wp-json\/wp\/v2\/product_cat?post=16897"},{"taxonomy":"product_tag","embeddable":true,"href":"https:\/\/www.hydraulic-cylinders.net\/cs\/wp-json\/wp\/v2\/product_tag?post=16897"}],"curies":[{"name":"wp","href":"https:\/\/api.w.org\/{rel}","templated":true}]}}