{"id":1690,"date":"2023-10-11T06:56:41","date_gmt":"2023-10-11T06:56:41","guid":{"rendered":"https:\/\/hydraulic-cylinders.net\/?post_type=product&#038;p=1690"},"modified":"2025-04-11T02:59:53","modified_gmt":"2025-04-11T02:59:53","slug":"electric-furnace-cover-lifting-cylinder","status":"publish","type":"product","link":"https:\/\/www.hydraulic-cylinders.net\/cs\/produkt\/electric-furnace-cover-lifting-cylinder\/","title":{"rendered":"Zvedac\u00ed v\u00e1lec krytu elektrick\u00e9 pece"},"content":{"rendered":"<h1 style=\"text-align: center;\"><strong>Elektrick\u00e1 pec <\/strong><strong>Pokr\u00fdt <\/strong><strong>Zvedac\u00ed v\u00e1lec<\/strong><\/h1>\n<p><img loading=\"lazy\" decoding=\"async\" class=\"aligncenter wp-image-1691\" src=\"https:\/\/hydraulic-cylinders.net\/wp-content\/uploads\/2023\/10\/lifting-cylinder-of-furnace-cover-1-300x300.webp\" alt=\"\" width=\"400\" height=\"400\" \/><\/p>\n<p>Elektrick\u00fd zvedac\u00ed v\u00e1lec pro kryt pece je \u0161pi\u010dkov\u00e9 \u0159e\u0161en\u00ed ur\u010den\u00e9 pro zv\u00fd\u0161en\u00ed bezpe\u010dnosti a efektivity provozu pr\u016fmyslov\u00fdch pec\u00ed. Jako kl\u00ed\u010dov\u00e1 sou\u010d\u00e1st za\u0159\u00edzen\u00ed pece tento v\u00e1lec usnad\u0148uje zved\u00e1n\u00ed a spou\u0161t\u011bn\u00ed krytu pece s p\u0159esnost\u00ed a lehkost\u00ed.<\/p>\n<p>Elektrick\u00fd zvedac\u00ed v\u00e1lec krytu pece je v provozu pr\u016fmyslov\u00fdch pec\u00ed z\u00e1sadn\u00ed, proto\u017ee nab\u00edz\u00ed zv\u00fd\u0161enou bezpe\u010dnost, efektivitu a kontrolu p\u0159i zved\u00e1n\u00ed a spou\u0161t\u011bn\u00ed krytu pece. D\u00edky sv\u00e9 robustn\u00ed konstrukci, efektivn\u00ed zvedac\u00ed schopnosti, elektrick\u00e9mu nap\u00e1jec\u00edmu syst\u00e9mu a pokro\u010dil\u00fdm bezpe\u010dnostn\u00edm prvk\u016fm zvy\u0161uje tento v\u00e1lec v\u00fdkon a spolehlivost za\u0159\u00edzen\u00ed pece. Dodr\u017eov\u00e1n\u00edm doporu\u010den\u00fdch metod pou\u017e\u00edv\u00e1n\u00ed a postup\u016f \u00fadr\u017eby m\u016f\u017eete zajistit optim\u00e1ln\u00ed provoz a dlouhou \u017eivotnost elektrick\u00e9ho zvedac\u00edho v\u00e1lce krytu pece, co\u017e p\u0159isp\u011bje k bezpe\u010dn\u00e9mu a produktivn\u00edmu prost\u0159ed\u00ed pece.<\/p>\n<p>Kl\u00ed\u010dov\u00e9 vlastnosti zvedac\u00edho v\u00e1lce krytu elektrick\u00e9 pece:<\/p>\n<ol>\n<li>Robustn\u00ed konstrukce:\n<ul>\n<li>Kryt zvedac\u00edho v\u00e1lce elektrick\u00e9 pece je vyroben z vysoce kvalitn\u00edch materi\u00e1l\u016f, co\u017e zaru\u010duje odolnost a dlouhou \u017eivotnost i za n\u00e1ro\u010dn\u00fdch provozn\u00edch podm\u00ednek.<\/li>\n<li>Jeho robustn\u00ed konstrukce umo\u017e\u0148uje odol\u00e1vat extr\u00e9mn\u00edm teplot\u00e1m a drsn\u00e9mu prost\u0159ed\u00ed, s n\u00edm\u017e se b\u011b\u017en\u011b setk\u00e1v\u00e1me p\u0159i provozu pec\u00ed.<\/li>\n<\/ul>\n<\/li>\n<li>Efektivn\u00ed zvedac\u00ed schopnost:\n<ul>\n<li>Tento v\u00e1lec se py\u0161n\u00ed vysokou nosnost\u00ed, kter\u00e1 umo\u017e\u0148uje bez n\u00e1mahy zvedat a spou\u0161t\u011bt kryt pece.<\/li>\n<li>Poskytuje p\u0159esn\u00e9 ovl\u00e1d\u00e1n\u00ed a plynul\u00fd provoz, minimalizuje riziko nehod a maximalizuje provozn\u00ed efektivitu.<\/li>\n<\/ul>\n<\/li>\n<li>Elektricky poh\u00e1n\u011bn\u00e9:\n<ul>\n<li>Zdvihac\u00ed v\u00e1lec elektrick\u00e9 pece pracuje s elektrick\u00fdm zdrojem energie, co\u017e eliminuje pot\u0159ebu ru\u010dn\u00ed nebo hydraulick\u00e9 pomoci.<\/li>\n<li>Tento elektricky poh\u00e1n\u011bn\u00fd syst\u00e9m nab\u00edz\u00ed pohodl\u00ed, rychlost a spolehlivost, \u010d\u00edm\u017e zefektiv\u0148uje proces zved\u00e1n\u00ed krytu pece.<\/li>\n<\/ul>\n<\/li>\n<li>Bezpe\u010dnostn\u00ed prvky:\n<ul>\n<li>V\u00e1lec m\u00e1 pokro\u010dil\u00e9 bezpe\u010dnostn\u00ed prvky, jako je ochrana proti p\u0159et\u00ed\u017een\u00ed a mechanismy nouzov\u00e9ho zastaven\u00ed.<\/li>\n<li>Tyto bezpe\u010dnostn\u00ed prvky zaji\u0161\u0165uj\u00ed ochranu person\u00e1lu a za\u0159\u00edzen\u00ed a sni\u017euj\u00ed riziko nehod a potenci\u00e1ln\u00edch \u0161kod.<\/li>\n<\/ul>\n<\/li>\n<\/ol>\n<h2><strong>Parametr zvedac\u00edho v\u00e1lce krytu elektrick\u00e9 pece:<\/strong><\/h2>\n<table border=\"1\" cellspacing=\"0\" cellpadding=\"0\">\n<tbody>\n<tr>\n<td>N\u00e1zev produktu<\/td>\n<td>Rota\u010dn\u00ed v\u00e1lec krytu elektrick\u00e9 pece<\/td>\n<\/tr>\n<tr>\n<td>Pr\u016fm\u011br otvoru:<\/td>\n<td>210 mm<\/td>\n<\/tr>\n<tr>\n<td>Pr\u016fm\u011br ty\u010de:<\/td>\n<td>125mm<\/td>\n<\/tr>\n<tr>\n<td>Tlak:<\/td>\n<td>14 MPa<\/td>\n<\/tr>\n<tr>\n<td>Tahov\u00e1 s\u00edla:<\/td>\n<td>Maxim\u00e1ln\u00ed 484 kN<\/td>\n<\/tr>\n<tr>\n<td>Pou\u017eit\u00ed rota\u010dn\u00edho v\u00e1lce krytu pece:<\/td>\n<td>Elektrick\u00e1 pec<\/td>\n<\/tr>\n<\/tbody>\n<\/table>\n<div><\/div>\n<div class=\"txtboxR\">\n<div class=\"txtboxL\">\n<div class=\"txtboxL\">Tahov\u00e1 s\u00edla:<\/div>\n<div class=\"txtboxR\">Maxim\u00e1ln\u00ed 3448 kN<br \/>\n(Pr\u016fm\u011br otvoru: 580 mm \/ Pr\u016fm\u011br p\u00edstnice: 560 \/ Tlak 14 MPa)<\/div>\n<\/div>\n<\/div>\n<h2><strong>Elektrick\u00e1 pec <\/strong><strong> Tov\u00e1rna na v\u00e1lce:<\/strong><\/h2>\n<p><img loading=\"lazy\" decoding=\"async\" class=\"alignnone wp-image-1697 size-full\" src=\"https:\/\/hydraulic-cylinders.net\/wp-content\/uploads\/2023\/10\/filter-press-cylinder-1.webp\" alt=\"\" width=\"1418\" height=\"946\" srcset=\"https:\/\/hydraulic-cylinders.net\/wp-content\/uploads\/2023\/10\/filter-press-cylinder-1.webp 1418w, https:\/\/hydraulic-cylinders.net\/wp-content\/uploads\/2023\/10\/filter-press-cylinder-1-1280x854.webp 1280w, https:\/\/hydraulic-cylinders.net\/wp-content\/uploads\/2023\/10\/filter-press-cylinder-1-980x654.webp 980w, https:\/\/hydraulic-cylinders.net\/wp-content\/uploads\/2023\/10\/filter-press-cylinder-1-480x320.webp 480w\" sizes=\"(min-width: 0px) and (max-width: 480px) 480px, (min-width: 481px) and (max-width: 980px) 980px, (min-width: 981px) and (max-width: 1280px) 1280px, (min-width: 1281px) 1418px, 100vw\" \/><\/p>\n<h2><strong>Zp\u016fsob pou\u017eit\u00ed zvedac\u00edho v\u00e1lce krytu elektrick\u00e9 pece<\/strong><strong>:<\/strong><\/h2>\n<ol>\n<li><strong>Instalace:<\/strong>\n<ul>\n<li>Ujist\u011bte se, \u017ee je zvedac\u00ed mechanismus krytu pece dostate\u010dn\u011b p\u0159ipraven k instalaci.<\/li>\n<li>Um\u00edst\u011bte zvedac\u00ed v\u00e1lec elektrick\u00e9 pece na ur\u010den\u00e9 m\u00edsto a zarovnejte jej se zvedac\u00edm mechanismem.<\/li>\n<li>Bezpe\u010dn\u011b upevn\u011bte v\u00e1lec ke zvedac\u00edmu mechanismu pomoc\u00ed vhodn\u00fdch \u0161roub\u016f nebo mont\u00e1\u017en\u00edch konzol.<\/li>\n<\/ul>\n<\/li>\n<li><strong>Elektrick\u00e9 p\u0159ipojen\u00ed:<\/strong>\n<ul>\n<li>P\u0159ipojte zvedac\u00ed v\u00e1lec elektrick\u00e9 pece ke zdroji elektrick\u00e9 energie pomoc\u00ed dodan\u00e9 kabel\u00e1\u017ee.<\/li>\n<li>Ov\u011b\u0159te, zda jsou v\u0161echna elektrick\u00e1 p\u0159ipojen\u00ed bezpe\u010dn\u00e1 a zda neobsahuj\u00ed uvoln\u011bn\u00e9 spoje nebo odkryt\u00e9 vodi\u010de.<\/li>\n<li>Dodr\u017eujte pokyny v\u00fdrobce pro spr\u00e1vn\u00e9 elektrick\u00e9 p\u0159ipojen\u00ed a uzemn\u011bn\u00ed.<\/li>\n<\/ul>\n<\/li>\n<li><strong>Obsluha ovl\u00e1dac\u00edho panelu:<\/strong>\n<ul>\n<li>Seznamte se s ovl\u00e1dac\u00edm panelem a jeho funkcemi.<\/li>\n<li>Aktivujte ovl\u00e1dac\u00ed panel a ujist\u011bte se, \u017ee je syst\u00e9m zapnut\u00fd.<\/li>\n<li>Pomoc\u00ed ovl\u00e1dac\u00edch tla\u010d\u00edtek nebo sp\u00edna\u010d\u016f ovl\u00e1dejte zvedac\u00ed v\u00e1lec elektrick\u00e9 pece a podle pot\u0159eby zvedn\u011bte nebo sni\u017ete kryt pece.<\/li>\n<\/ul>\n<\/li>\n<li><strong>Bezpe\u010dnostn\u00ed opat\u0159en\u00ed:<\/strong>\n<ul>\n<li>P\u0159i obsluze zvedac\u00edho v\u00e1lce elektrick\u00e9 pece dodr\u017eujte v\u0161echny bezpe\u010dnostn\u00ed pokyny a protokoly.<\/li>\n<li>B\u011bhem provozu se ujist\u011bte, \u017ee se v prostoru pro zved\u00e1n\u00ed nenach\u00e1zej\u00ed osoby.<\/li>\n<li>Pravideln\u011b kontrolujte syst\u00e9m, zda nevykazuje zn\u00e1mky opot\u0159eben\u00ed, po\u0161kozen\u00ed nebo poruchy, a p\u0159\u00edpadn\u00e9 probl\u00e9my neprodlen\u011b \u0159e\u0161te.<\/li>\n<\/ul>\n<\/li>\n<\/ol>\n<h2><strong>Jak odvzdu\u0161nit hydraulick\u00fd v\u00e1lec bez odvzdu\u0161\u0148ovac\u00edho ventilu?<\/strong><\/h2>\n<p>Odvzdu\u0161n\u011bn\u00ed hydraulick\u00e9ho v\u00e1lce bez odvzdu\u0161\u0148ovac\u00edho ventilu m\u016f\u017ee b\u00fdt n\u00e1ro\u010dn\u011bj\u0161\u00ed, ale st\u00e1le je to mo\u017en\u00e9. Zde je podrobn\u00fd n\u00e1vod, jak odvzdu\u0161nit hydraulick\u00fd v\u00e1lec bez odvzdu\u0161\u0148ovac\u00edho ventilu:<\/p>\n<ol>\n<li><strong>P\u0159ipravte si pracovn\u00ed prostor:<\/strong>\n<ul>\n<li>Pro pr\u00e1ci na hydraulick\u00e9m v\u00e1lci se ujist\u011bte, \u017ee m\u00e1te \u010dist\u00e9 a dob\u0159e osv\u011btlen\u00e9 pracovn\u00ed m\u00edsto.<\/li>\n<li>Polo\u017ete ochrann\u00fd kryt, kter\u00fd zachyt\u00ed p\u0159\u00edpadn\u00e9 rozlit\u00e9 tekutiny nebo ne\u010distoty.<\/li>\n<\/ul>\n<\/li>\n<li><strong>Uvoln\u011bn\u00ed hydraulick\u00e9ho tlaku:<\/strong>\n<ul>\n<li>Vypn\u011bte hydraulick\u00fd syst\u00e9m a uvoln\u011bte tlak ve v\u00e1lci aktivac\u00ed regula\u010dn\u00edho ventilu nebo odpojen\u00edm hydraulick\u00e9 hadice.<\/li>\n<li>Zajist\u011bte ve\u0161ker\u00e9 bezpe\u010dnostn\u00ed z\u00e1mky nebo blokov\u00e1n\u00ed, abyste zabr\u00e1nili n\u00e1hodn\u00e9mu pohybu v\u00e1lce b\u011bhem odvzdu\u0161\u0148ov\u00e1n\u00ed.<\/li>\n<\/ul>\n<\/li>\n<li><strong>Um\u00edst\u011bn\u00ed v\u00e1lce:<\/strong>\n<ul>\n<li>Um\u00edst\u011bte hydraulick\u00fd v\u00e1lec tak, aby vzduchov\u00e9 bubliny mohly stoupat do nejvy\u0161\u0161\u00edho bodu.<\/li>\n<li>Pokud je to mo\u017en\u00e9, nato\u010dte v\u00e1lec tak, aby vzduch mohl unikat z horn\u00edho konce v\u00e1lce.<\/li>\n<\/ul>\n<\/li>\n<li><strong>Klepn\u011bte na v\u00e1lec:<\/strong>\n<ul>\n<li>Poklepejte na boky v\u00e1lce nekovov\u00fdm n\u00e1strojem, nap\u0159\u00edklad gumovou klad\u00edvkem nebo kusem d\u0159eva.<\/li>\n<li>Za\u010dn\u011bte odspodu a postupujte sm\u011brem nahoru, jemn\u00fdm poklep\u00e1v\u00e1n\u00edm povzbu\u010fte zachycen\u00fd vzduch, aby stoupal nahoru.<\/li>\n<\/ul>\n<\/li>\n<li><strong>Zdvih v\u00e1lce:<\/strong>\n<ul>\n<li>Ovl\u00e1dejte hydraulick\u00fd syst\u00e9m tak, aby se v\u00e1lec pohyboval v pln\u00e9m rozsahu jeho pohybu.<\/li>\n<li>V\u00e1lec n\u011bkolikr\u00e1t vysu\u0148te a zasu\u0148te, abyste usnadnili pohyb zachycen\u00e9ho vzduchu sm\u011brem k nejvy\u0161\u0161\u00edmu bodu.<\/li>\n<\/ul>\n<\/li>\n<li><strong>Aplikujte trval\u00fd tlak:<\/strong>\n<ul>\n<li>Hydraulick\u00fd v\u00e1lec zcela vysu\u0148te a st\u00e1l\u00fdm tlakem jej udr\u017ete v vysunut\u00e9 poloze.<\/li>\n<li>Tento konstantn\u00ed tlak m\u016f\u017ee pomoci vytla\u010dit ve\u0161ker\u00e9 vzduchov\u00e9 bubliny sm\u011brem k horn\u00ed \u010d\u00e1sti v\u00e1lce.<\/li>\n<\/ul>\n<\/li>\n<li><strong>Monitorov\u00e1n\u00ed \u00faniku vzduchu:<\/strong>\n<ul>\n<li>B\u011bhem odvzdu\u0161\u0148ov\u00e1n\u00ed v\u00e1lec pe\u010dliv\u011b sledujte.<\/li>\n<li>Hledejte zn\u00e1mky unikaj\u00edc\u00edch vzduchov\u00fdch bublin z v\u00e1lce, zejm\u00e9na z horn\u00ed \u010d\u00e1sti.<\/li>\n<\/ul>\n<\/li>\n<li><strong>Opakujte postup:<\/strong>\n<ul>\n<li>Pokud si v\u0161imnete unikaj\u00edc\u00edch vzduchov\u00fdch bublin, pokra\u010dujte v poklep\u00e1v\u00e1n\u00ed na v\u00e1lec a prov\u00e1d\u011bjte s n\u00edm cel\u00fd rozsah pohybu.<\/li>\n<li>Opakujte kroky 4 a\u017e 7, dokud se neuvol\u0148uj\u00ed \u017e\u00e1dn\u00e9 vzduchov\u00e9 bubliny, co\u017e znamen\u00e1, \u017ee v\u00e1lec je spr\u00e1vn\u011b odvzdu\u0161n\u011bn.<\/li>\n<\/ul>\n<\/li>\n<li><strong>Zkontrolujte plynul\u00fd chod:<\/strong>\n<ul>\n<li>Po odvzdu\u0161n\u011bn\u00ed hydraulick\u00e9ho v\u00e1lce spus\u0165te syst\u00e9m, abyste zajistili plynul\u00fd a konzistentn\u00ed pohyb.<\/li>\n<li>Zkontrolujte, zda se b\u011bhem provozu nevyskytuj\u00ed \u017e\u00e1dn\u00e9 abnorm\u00e1ln\u00ed zvuky ani vibrace.<\/li>\n<\/ul>\n<\/li>\n<li><strong>Znovuza\u010dlen\u011bn\u00ed v\u00e1lce:<\/strong>\n<ul>\n<li>Jakmile se ujist\u00edte, \u017ee je hydraulick\u00fd v\u00e1lec spr\u00e1vn\u011b odvzdu\u0161n\u011bn a funguje hladce, nainstalujte jej zp\u011bt do za\u0159\u00edzen\u00ed nebo stroje.<\/li>\n<li>Ujist\u011bte se, \u017ee je v\u00e1lec spr\u00e1vn\u011b vyrovn\u00e1n a bezpe\u010dn\u011b upevn\u011bn.<\/li>\n<\/ul>\n<\/li>\n<\/ol>\n<h2><strong>Schopnosti a kapacita tov\u00e1rny:<\/strong><\/h2>\n<h3>(1) Mont\u00e1\u017e<\/h3>\n<p>Disponujeme prvot\u0159\u00eddn\u00ed nez\u00e1vislou v\u00fdzkumnou a v\u00fdvojovou mont\u00e1\u017en\u00ed platformou. D\u00edlna na v\u00fdrobu hydraulick\u00fdch v\u00e1lc\u016f m\u00e1 \u010dty\u0159i poloautomatick\u00e9 mont\u00e1\u017en\u00ed linky pro zvedac\u00ed v\u00e1lce a jednu automatickou mont\u00e1\u017en\u00ed linku pro nakl\u00e1p\u011bc\u00ed v\u00e1lce s projektovanou ro\u010dn\u00ed v\u00fdrobn\u00ed kapacitou 1 milion kus\u016f. D\u00edlna na speci\u00e1ln\u00ed v\u00e1lce je vybavena poloautomatick\u00fdm \u010distic\u00edm mont\u00e1\u017en\u00edm syst\u00e9mem s r\u016fzn\u00fdmi specifikacemi a projektovanou ro\u010dn\u00ed v\u00fdrobn\u00ed kapacitou 200 000 kus\u016f a je vybavena zn\u00e1m\u00fdm CNC obr\u00e1b\u011bc\u00edm za\u0159\u00edzen\u00edm, obr\u00e1b\u011bc\u00edm centrem, vysoce p\u0159esn\u00fdm speci\u00e1ln\u00edm za\u0159\u00edzen\u00edm pro zpracov\u00e1n\u00ed v\u00e1lc\u016f, robotick\u00fdm sva\u0159ovac\u00edm strojem, automatick\u00fdm \u010distic\u00edm strojem, automatick\u00fdm mont\u00e1\u017en\u00edm strojem pro v\u00e1lce a automatickou lakovac\u00ed v\u00fdrobn\u00ed linkou. St\u00e1vaj\u00edc\u00ed kritick\u00e9 vybaven\u00ed m\u00e1 v\u00edce ne\u017e 300 sad. Optim\u00e1ln\u00ed alokace a efektivn\u00ed vyu\u017eit\u00ed zdroj\u016f za\u0159\u00edzen\u00ed zaji\u0161\u0165uje po\u017eadavky na p\u0159esnost v\u00fdrobk\u016f a spl\u0148uje po\u017eadavky na vysokou kvalitu v\u00fdrobk\u016f.<\/p>\n<p><img loading=\"lazy\" decoding=\"async\" class=\"alignnone wp-image-626\" src=\"https:\/\/hydraulic-cylinders.net\/wp-content\/uploads\/2023\/08\/hydraulic-cylinder-product-1-300x158.webp\" alt=\"\" width=\"495\" height=\"260\" srcset=\"https:\/\/hydraulic-cylinders.net\/wp-content\/uploads\/2023\/08\/hydraulic-cylinder-product-1-300x158.webp 495w, https:\/\/hydraulic-cylinders.net\/wp-content\/uploads\/2023\/08\/hydraulic-cylinder-product-1-480x252.webp 480w\" sizes=\"(min-width: 0px) and (max-width: 480px) 480px, (min-width: 481px) 495px, 100vw\" \/> <img loading=\"lazy\" decoding=\"async\" class=\"alignnone wp-image-627\" src=\"https:\/\/hydraulic-cylinders.net\/wp-content\/uploads\/2023\/08\/hydraulic-cylinder-product-2-300x189.webp\" alt=\"\" width=\"413\" height=\"260\" \/><\/p>\n<h3>(2) Obr\u00e1b\u011bn\u00ed<\/h3>\n<p>Obrobna je vybavena zak\u00e1zkov\u00fdm soustru\u017enick\u00fdm centrem pro \u0161ikm\u00e9 kolejnice, obr\u00e1b\u011bc\u00edm centrem, vysokorychlostn\u00edm honovac\u00edm strojem, sva\u0159ovac\u00edm robotem a dal\u0161\u00edm souvisej\u00edc\u00edm za\u0159\u00edzen\u00edm, kter\u00e9 zvl\u00e1dne obr\u00e1b\u011bn\u00ed v\u00e1lcov\u00fdch trubek s maxim\u00e1ln\u00edm vnit\u0159n\u00edm pr\u016fm\u011brem 400 mm a maxim\u00e1ln\u00ed d\u00e9lkou 6 metr\u016f.<\/p>\n<p><img loading=\"lazy\" decoding=\"async\" class=\"alignnone wp-image-628 size-large\" src=\"https:\/\/hydraulic-cylinders.net\/wp-content\/uploads\/2023\/08\/hydraulic-cylinder-product-3-1024x391.webp\" alt=\"\" width=\"1024\" height=\"391\" srcset=\"https:\/\/hydraulic-cylinders.net\/wp-content\/uploads\/2023\/08\/hydraulic-cylinder-product-3-980x374.webp 980w, https:\/\/hydraulic-cylinders.net\/wp-content\/uploads\/2023\/08\/hydraulic-cylinder-product-3-480x183.webp 480w\" sizes=\"(min-width: 0px) and (max-width: 480px) 480px, (min-width: 481px) and (max-width: 980px) 980px, (min-width: 981px) 1024px, 100vw\" \/><\/p>\n<h3>(3) Sva\u0159ov\u00e1n\u00ed<\/h3>\n<p><img loading=\"lazy\" decoding=\"async\" class=\"alignnone wp-image-629 size-large\" src=\"https:\/\/hydraulic-cylinders.net\/wp-content\/uploads\/2023\/08\/hydraulic-cylinder-product-4-1024x510.webp\" alt=\"\" width=\"1024\" height=\"510\" srcset=\"https:\/\/hydraulic-cylinders.net\/wp-content\/uploads\/2023\/08\/hydraulic-cylinder-product-4-980x488.webp 980w, https:\/\/hydraulic-cylinders.net\/wp-content\/uploads\/2023\/08\/hydraulic-cylinder-product-4-480x239.webp 480w\" sizes=\"(min-width: 0px) and (max-width: 480px) 480px, (min-width: 481px) and (max-width: 980px) 980px, (min-width: 981px) 1024px, 100vw\" \/><\/p>\n<h3>(4) Lakov\u00e1n\u00ed a n\u00e1t\u011bry<\/h3>\n<p>S mal\u00fdmi a st\u0159edn\u00edmi v\u00e1lcov\u00fdmi automatick\u00fdmi linkami na nan\u00e1\u0161en\u00ed barev na vodn\u00ed b\u00e1zi, pro dosa\u017een\u00ed automatick\u00e9ho robotick\u00e9ho nakl\u00e1d\u00e1n\u00ed a vykl\u00e1d\u00e1n\u00ed a automatick\u00e9ho st\u0159\u00edk\u00e1n\u00ed, je konstruk\u010dn\u00ed kapacita 4000 kus\u016f za sm\u011bnu;<br \/>\nM\u00e1me tak\u00e9 poloautomatickou linku na v\u00fdrobu barev pro velk\u00e9 tlakov\u00e9 lahve poh\u00e1n\u011bn\u00e9 \u0159et\u011bzem s konstruk\u010dn\u00ed kapacitou 60 lahv\u00ed za sm\u011bnu.<\/p>\n<p><img loading=\"lazy\" decoding=\"async\" class=\"alignnone wp-image-630\" src=\"https:\/\/hydraulic-cylinders.net\/wp-content\/uploads\/2023\/08\/hydraulic-cylinder-product-5-300x213.webp\" alt=\"\" width=\"366\" height=\"260\" \/> <img loading=\"lazy\" decoding=\"async\" class=\"alignnone wp-image-631\" src=\"https:\/\/hydraulic-cylinders.net\/wp-content\/uploads\/2023\/08\/hydraulic-cylinder-product-6-300x225.webp\" alt=\"\" width=\"347\" height=\"260\" \/><\/p>\n<h3>(5) Testov\u00e1n\u00ed<\/h3>\n<p>Disponujeme prvot\u0159\u00eddn\u00edmi inspek\u010dn\u00edmi za\u0159\u00edzen\u00edmi a zku\u0161ebn\u00edmi laborato\u0159emi, abychom zajistili, \u017ee v\u00fdkon v\u00e1lce spl\u0148uje po\u017eadavky.<\/p>\n<p><img loading=\"lazy\" decoding=\"async\" class=\"alignnone wp-image-632\" src=\"https:\/\/hydraulic-cylinders.net\/wp-content\/uploads\/2023\/08\/hydraulic-cylinder-product-8-300x200.webp\" alt=\"\" width=\"389\" height=\"260\" \/><\/p>\n<p>&nbsp;<\/p>\n<p>&nbsp;<\/p>\n<p>Jsme jedn\u00edm z nejlep\u0161\u00edch v\u00fdrobc\u016f hydraulick\u00fdch v\u00e1lc\u016f. Nab\u00edz\u00edme komplexn\u00ed hydraulick\u00e9 v\u00e1lce. Dod\u00e1v\u00e1me tak\u00e9 odpov\u00eddaj\u00edc\u00ed <a href=\"https:\/\/hzpt.com\/agricultural-pto-gearbox\/\" target=\"_blank\" rel=\"noopener\">zem\u011bd\u011blsk\u00e9 p\u0159evodovky<\/a>Na\u0161e v\u00fdrobky jsme exportovali klient\u016fm po cel\u00e9m sv\u011bt\u011b a d\u00edky vynikaj\u00edc\u00ed kvalit\u011b v\u00fdrobk\u016f a poprodejn\u00edmu servisu jsme si z\u00edskali dobrou pov\u011bst. V\u00edt\u00e1me z\u00e1kazn\u00edky doma i v zahrani\u010d\u00ed, kte\u0159\u00ed n\u00e1s kontaktuj\u00ed za \u00fa\u010delem vyjedn\u00e1v\u00e1n\u00ed obchodn\u00edch p\u0159\u00edle\u017eitost\u00ed, v\u00fdm\u011bny informac\u00ed a <a href=\"https:\/\/www.hydraulic-cylinders.net\/cs\/contact-us\/\">spolupracujte s n\u00e1mi<\/a>!<\/p>","protected":false},"excerpt":{"rendered":"<p>Electric Furnace Cover Lifting Cylinder The electric furnace cover lifting cylinder is a cutting-edge solution designed to enhance safety and efficiency in industrial furnace operations. As a crucial component of furnace equipment, this cylinder facilitates the lifting and lowering of the furnace cover with precision and ease. The electric furnace cover lifting cylinder is vital [&hellip;]<\/p>","protected":false},"featured_media":1692,"comment_status":"open","ping_status":"closed","template":"","meta":{"_et_pb_use_builder":"","_et_pb_old_content":"","_et_gb_content_width":""},"product_brand":[],"product_cat":[1549,1524,1376],"product_tag":[1380],"class_list":{"0":"post-1690","1":"product","2":"type-product","3":"status-publish","4":"has-post-thumbnail","6":"product_cat-single-acting-hydraulic-cylinder","7":"product_cat-steel-mill-hydraulic-cylinders","8":"product_cat-hydraulic-cylinder","9":"product_tag-hydraulic-cylinder","11":"first","12":"instock","13":"shipping-taxable","14":"product-type-simple"},"amp_enabled":true,"_links":{"self":[{"href":"https:\/\/www.hydraulic-cylinders.net\/cs\/wp-json\/wp\/v2\/product\/1690","targetHints":{"allow":["GET"]}}],"collection":[{"href":"https:\/\/www.hydraulic-cylinders.net\/cs\/wp-json\/wp\/v2\/product"}],"about":[{"href":"https:\/\/www.hydraulic-cylinders.net\/cs\/wp-json\/wp\/v2\/types\/product"}],"replies":[{"embeddable":true,"href":"https:\/\/www.hydraulic-cylinders.net\/cs\/wp-json\/wp\/v2\/comments?post=1690"}],"wp:featuredmedia":[{"embeddable":true,"href":"https:\/\/www.hydraulic-cylinders.net\/cs\/wp-json\/wp\/v2\/media\/1692"}],"wp:attachment":[{"href":"https:\/\/www.hydraulic-cylinders.net\/cs\/wp-json\/wp\/v2\/media?parent=1690"}],"wp:term":[{"taxonomy":"product_brand","embeddable":true,"href":"https:\/\/www.hydraulic-cylinders.net\/cs\/wp-json\/wp\/v2\/product_brand?post=1690"},{"taxonomy":"product_cat","embeddable":true,"href":"https:\/\/www.hydraulic-cylinders.net\/cs\/wp-json\/wp\/v2\/product_cat?post=1690"},{"taxonomy":"product_tag","embeddable":true,"href":"https:\/\/www.hydraulic-cylinders.net\/cs\/wp-json\/wp\/v2\/product_tag?post=1690"}],"curies":[{"name":"wp","href":"https:\/\/api.w.org\/{rel}","templated":true}]}}