{"id":16907,"date":"2025-01-21T06:12:05","date_gmt":"2025-01-21T06:12:05","guid":{"rendered":"https:\/\/www.hydraulic-cylinders.net\/product\/arm-cylinder-for-sinomach-zg3150-9c-2\/"},"modified":"2025-01-21T06:12:07","modified_gmt":"2025-01-21T06:12:07","slug":"arm-cylinder-for-sinomach-zg3150-9c-2","status":"publish","type":"product","link":"https:\/\/www.hydraulic-cylinders.net\/cs\/produkt\/arm-cylinder-for-sinomach-zg3150-9c-2\/","title":{"rendered":"V\u00e1lec ramene pro Sinomach ZG3150-9C"},"content":{"rendered":"<h1>V\u00e1lec ramene pro Sinomach ZG3150-9C<\/h1>\n<h2>Zaveden\u00ed<\/h2>\n<p>Hydraulick\u00fd v\u00e1lec ramene pro Sinomach ZG3150-9C je speci\u00e1ln\u011b navr\u017een\u00fd hydraulick\u00fd v\u00e1lec, kter\u00fd zaji\u0161\u0165uje line\u00e1rn\u00ed pohyb a s\u00edlu ramene r\u016fzn\u00fdch stroj\u016f, jako jsou bagry, je\u0159\u00e1by a robotick\u00e1 ramena. V\u00e1lec ramene hraje kl\u00ed\u010dovou roli v hydraulick\u00fdch syst\u00e9mech, proto\u017ee umo\u017e\u0148uje efektivn\u00ed pohyb a ovl\u00e1d\u00e1n\u00ed dal\u0161\u00edch n\u00e1stroj\u016f nebo p\u0159\u00edslu\u0161enstv\u00ed. Tyto v\u00e1lce nejen zaji\u0161\u0165uj\u00ed plynul\u00fd pohyb, ale tak\u00e9 odol\u00e1vaj\u00ed t\u011b\u017ek\u00fdm z\u00e1t\u011b\u017e\u00edm, \u010d\u00edm\u017e zaji\u0161\u0165uj\u00ed vysokou \u00fa\u010dinnost a spolehlivost stroje v r\u016fzn\u00fdch provozn\u00edch podm\u00ednk\u00e1ch.<\/p>\n<p><img decoding=\"async\" src=\"https:\/\/www.hydraulic-cylinders.net\/wp-content\/uploads\/2025\/01\/songte-company-2.webp\" alt=\"V\u00e1lec ramene\"><\/p>\n<h2>Funkce<\/h2>\n<ul>\n<li><strong>Vysoce \u00fa\u010dinn\u00fd p\u0159enos:<\/strong> V\u00e1lec ramene poskytuje siln\u00fd line\u00e1rn\u00ed pohyb a s\u00edlu, co\u017e zaji\u0161\u0165uje efektivn\u00ed v\u00fdkon robotick\u00e9ho ramene v r\u016fzn\u00fdch operac\u00edch.<\/li>\n<li><strong>P\u0159esn\u00e9 ovl\u00e1d\u00e1n\u00ed:<\/strong> D\u00edky hydraulick\u00e9mu syst\u00e9mu umo\u017e\u0148uje v\u00e1lec ramene p\u0159esn\u00e9 ovl\u00e1d\u00e1n\u00ed pohybu, \u010d\u00edm\u017e je ovl\u00e1d\u00e1n\u00ed p\u0159ipojen\u00e9ho n\u00e1\u0159ad\u00ed flexibiln\u011bj\u0161\u00ed a p\u0159esn\u011bj\u0161\u00ed.<\/li>\n<li><strong>Trvanlivost:<\/strong> V\u00e1lce ramen jsou obvykle vyrobeny z vysoce pevn\u00fdch materi\u00e1l\u016f, kter\u00e9 poskytuj\u00ed vynikaj\u00edc\u00ed odolnost proti opot\u0159eben\u00ed a korozi, d\u00edky \u010demu\u017e jsou vhodn\u00e9 pro dlouhodob\u00e9 pou\u017e\u00edv\u00e1n\u00ed v n\u00e1ro\u010dn\u00fdch podm\u00ednk\u00e1ch.<\/li>\n<li><strong>Multifunk\u010dn\u00ed p\u0159izp\u016fsobivost:<\/strong> Tyto v\u00e1lce lze \u0161iroce pou\u017e\u00edvat v r\u016fzn\u00fdch stroj\u00edch, jako jsou bagry, je\u0159\u00e1by a robotick\u00e1 ramena, a p\u0159izp\u016fsobit se tak r\u016fzn\u00fdm pracovn\u00edm po\u017eadavk\u016fm.<\/li>\n<li><strong>Snadn\u00e1 \u00fadr\u017eba:<\/strong> Konstrukce zahrnuje aspekty snadn\u00e9 \u00fadr\u017eby a v\u00fdm\u011bny, co\u017e usnad\u0148uje pravideln\u00e9 kontroly a servis a z\u00e1rove\u0148 zkracuje prostoje za\u0159\u00edzen\u00ed.<\/li>\n<\/ul>\n<p><img decoding=\"async\" src=\"https:\/\/www.hydraulic-cylinders.net\/wp-content\/uploads\/2025\/01\/songte-oil-pipes-and-spare-parts.webp\" alt=\"Hydraulick\u00e9 v\u00e1lce\"><\/p>\n<h2>Aplikace<\/h2>\n<p>Rameno v\u00e1lce nach\u00e1z\u00ed uplatn\u011bn\u00ed v r\u016fzn\u00fdch pr\u016fmyslov\u00fdch odv\u011btv\u00edch:<\/p>\n<ul>\n<li><strong>Stavebn\u00ed in\u017een\u00fdrstv\u00ed:<\/strong> U bagr\u016f a je\u0159\u00e1b\u016f ovl\u00e1d\u00e1 v\u00e1lec ramene pohyb l\u017e\u00edce nebo v\u00fdlo\u017en\u00edku pro zemn\u00ed pr\u00e1ce, manipulaci s materi\u00e1lem a mont\u00e1\u017e konstrukc\u00ed.<\/li>\n<li><strong>V\u00fdrobn\u00ed:<\/strong> V automatizovan\u00fdch v\u00fdrobn\u00edch link\u00e1ch v\u00e1lec ramene usnad\u0148uje pohyb robotick\u00fdch ramen pro mont\u00e1\u017e, sva\u0159ov\u00e1n\u00ed a manipulaci s materi\u00e1lem, \u010d\u00edm\u017e zvy\u0161uje efektivitu a p\u0159esnost v\u00fdroby.<\/li>\n<li><strong>Zem\u011bd\u011blsk\u00e9 stroje:<\/strong> V zem\u011bd\u011blsk\u00fdch stroj\u00edch, jako jsou skl\u00edzec\u00ed a sec\u00ed stroje, \u0159\u00edd\u00ed v\u00e1lec ramene pohyb ovl\u00e1dac\u00edch ramen pro \u00fakoly, jako je set\u00ed, hnojen\u00ed a sklize\u0148.<\/li>\n<li><strong>Hornictv\u00ed:<\/strong> V t\u011b\u017eebn\u00edm za\u0159\u00edzen\u00ed \u0159\u00edd\u00ed v\u00e1lec ramene pohyb ramen t\u011b\u017eebn\u00edch stroj\u016f pro t\u011b\u017ebu a p\u0159epravu rudy.<\/li>\n<li><strong>Logistika a doprava:<\/strong> U vysokozdvi\u017en\u00fdch voz\u00edk\u016f a manipula\u010dn\u00edch robot\u016f ovl\u00e1d\u00e1 v\u00e1lec ramene zved\u00e1n\u00ed a pohyb vidlic, co\u017e umo\u017e\u0148uje manipulaci s materi\u00e1lem a jeho stohov\u00e1n\u00ed.<\/li>\n<\/ul>\n<h2>Konstruk\u010dn\u00ed aspekty a krit\u00e9ria v\u00fdb\u011bru<\/h2>\n<ul>\n<li><strong>Nosnost:<\/strong> V\u00e1lec ramene je navr\u017een tak, aby odolal specifikovan\u00e9mu zat\u00ed\u017een\u00ed a sil\u00e1m, a zajistil tak bezpe\u010dn\u00fd a efektivn\u00ed provoz.<\/li>\n<li><strong>T\u011bsn\u011bn\u00ed:<\/strong> Pou\u017e\u00edvaj\u00ed se r\u016fzn\u00e9 t\u011bsnic\u00ed komponenty, jako jsou t\u011bsn\u011bn\u00ed p\u00edst\u016f a p\u00edstnic, vyroben\u00e9 z materi\u00e1l\u016f odoln\u00fdch proti opot\u0159eben\u00ed, jako je polyuretan a nitrilov\u00e1 pry\u017e. T\u011bleso v\u00e1lce a z\u00e1vitov\u00e9 konce proch\u00e1zej\u00ed jemn\u00fdm opracov\u00e1n\u00edm pro zv\u00fd\u0161en\u00ed odolnosti proti opot\u0159eben\u00ed.<\/li>\n<li><strong>Trvanlivost:<\/strong> V\u00e1lec ramene je vyroben z materi\u00e1l\u016f s vysokou odolnost\u00ed proti opot\u0159eben\u00ed a korozi, co\u017e zaji\u0161\u0165uje dlouhodob\u00fd v\u00fdkon v n\u00e1ro\u010dn\u00fdch prost\u0159ed\u00edch.<\/li>\n<li><strong>Bezpe\u010dnost:<\/strong> Bezpe\u010dnostn\u00ed prvky, jako jsou p\u0159etlakov\u00e9 ventily a mechanismy nouzov\u00e9ho zastaven\u00ed, jsou integrov\u00e1ny do konstrukce v\u00e1lce, aby se zabr\u00e1nilo nehod\u00e1m a byla zaji\u0161t\u011bna bezpe\u010dnost obsluhy.<\/li>\n<li><strong>\u00dadr\u017eba:<\/strong> Konstrukce umo\u017e\u0148uje snadn\u00fd p\u0159\u00edstup pro \u00fadr\u017ebu a v\u00fdm\u011bnu, co\u017e zkracuje prostoje a usnad\u0148uje pravideln\u00e9 kontroly a servis.<\/li>\n<\/ul>\n<p><img decoding=\"async\" src=\"https:\/\/www.hydraulic-cylinders.net\/wp-content\/uploads\/2025\/01\/songte-cylinder-head-with-all-kinds-excavator-models.webp\" alt=\"Hlava v\u00e1lc\u016f\"><\/p>\n<h2>T\u011bsn\u011bn\u00ed a maz\u00e1n\u00ed<\/h2>\n<p>V\u00e1lec ramene vyu\u017e\u00edv\u00e1 r\u016fzn\u00e9 t\u011bsnic\u00ed komponenty, jako jsou t\u011bsn\u011bn\u00ed p\u00edstu a t\u011bsn\u011bn\u00ed p\u00edstnice, kter\u00e9 jsou vyrobeny z materi\u00e1l\u016f odoln\u00fdch proti opot\u0159eben\u00ed, jako je polyuretan a nitrilov\u00e1 pry\u017e. T\u011bleso v\u00e1lce a z\u00e1vitov\u00e9 konce proch\u00e1zej\u00ed jemn\u00fdm opracov\u00e1n\u00edm pro zlep\u0161en\u00ed odolnosti proti opot\u0159eben\u00ed. Pro zaji\u0161t\u011bn\u00ed hladk\u00e9ho provozu je nezbytn\u00e9 pravideln\u00e9 maz\u00e1n\u00ed vhodn\u00fdm mno\u017estv\u00edm hydraulick\u00e9ho oleje.<\/p>\n<h2>Pravideln\u00e1 kontrola a preventivn\u00ed \u00fadr\u017eba<\/h2>\n<ul>\n<li>Pravideln\u011b kontrolujte v\u00e1lec ramene, zda nevykazuje zn\u00e1mky opot\u0159eben\u00ed, net\u011bsnosti nebo po\u0161kozen\u00ed.<\/li>\n<li>Zkontrolujte hydraulick\u00e9 spoje, hadice a armatury, zda nejsou t\u011bsn\u00e9 a zda nedoch\u00e1z\u00ed k \u00fanik\u016fm.<\/li>\n<li>Sledujte hladinu a kvalitu hydraulick\u00e9 kapaliny a v p\u0159\u00edpad\u011b pot\u0159eby ji vym\u011b\u0148te nebo dopl\u0148te.<\/li>\n<li>Prov\u00e1d\u011bjte preventivn\u00ed \u00fadr\u017ebu, jako je \u010di\u0161t\u011bn\u00ed, maz\u00e1n\u00ed a v\u00fdm\u011bna opot\u0159ebovan\u00fdch t\u011bsn\u011bn\u00ed nebo sou\u010d\u00e1st\u00ed.<\/li>\n<li>Dodr\u017eujte pokyny v\u00fdrobce ohledn\u011b interval\u016f a postup\u016f \u00fadr\u017eby.<\/li>\n<\/ul>\n<h2>Instala\u010dn\u00ed p\u0159\u00edru\u010dka<\/h2>\n<p>Spr\u00e1vn\u00e1 instalace je z\u00e1sadn\u00ed pro zaji\u0161t\u011bn\u00ed optim\u00e1ln\u00edho v\u00fdkonu v\u00e1lce ramene:<\/p>\n<ul>\n<li>Ujist\u011bte se, \u017ee mont\u00e1\u017en\u00ed plochy jsou \u010dist\u00e9, rovn\u00e9 a bez jak\u00fdchkoli ne\u010distot.<\/li>\n<li>Align the cylinder and connect the hydraulic hoses according to the manufacturer&#8217;s instructions.<\/li>\n<li>V\u0161echny spoje bezpe\u010dn\u011b ut\u00e1hn\u011bte, ale vyvarujte se nadm\u011brn\u00e9ho utahov\u00e1n\u00ed, abyste p\u0159ede\u0161li po\u0161kozen\u00ed.<\/li>\n<li>Test the cylinder&#8217;s operation and check for any leaks before putting it into full use.<\/li>\n<\/ul>\n<p><img decoding=\"async\" src=\"https:\/\/www.hydraulic-cylinders.net\/wp-content\/uploads\/2025\/01\/songte-bushings-with-all-kinds-of-excavator-models.webp\" alt=\"Pouzdra\"><\/p>\n<h2>Bezpe\u010dnostn\u00ed aspekty a faktory prost\u0159ed\u00ed<\/h2>\n<p>P\u0159i pou\u017e\u00edv\u00e1n\u00ed v\u00e1lce s ramenem je d\u016fle\u017eit\u00e9 dodr\u017eovat bezpe\u010dnostn\u00ed opat\u0159en\u00ed:<\/p>\n<ul>\n<li>Dodr\u017eujte v\u0161echny bezpe\u010dnostn\u00ed pokyny a p\u0159edpisy stanoven\u00e9 v\u00fdrobcem za\u0159\u00edzen\u00ed.<\/li>\n<li>Zajist\u011bte \u0159\u00e1dn\u00e9 \u0161kolen\u00ed a kvalifikaci obsluhy obsluhuj\u00edc\u00ed strojn\u00ed za\u0159\u00edzen\u00ed.<\/li>\n<li>Pravideln\u011b kontrolujte spr\u00e1vnou funkci bezpe\u010dnostn\u00edch prvk\u016f, jako jsou p\u0159etlakov\u00e9 ventily a mechanismy nouzov\u00e9ho zastaven\u00ed.<\/li>\n<li>Zohledn\u011bte faktory prost\u0159ed\u00ed, jako je teplota, vlhkost a vystaven\u00ed korozivn\u00edm l\u00e1tk\u00e1m, a p\u0159ijm\u011bte vhodn\u00e1 opat\u0159en\u00ed k ochran\u011b v\u00e1lce ramene.<\/li>\n<\/ul>\n<h2>Diagnostika z\u00e1vad a b\u011b\u017en\u00e9 probl\u00e9my<\/h2>\n<p>Mezi b\u011b\u017en\u00e9 probl\u00e9my, kter\u00e9 mohou nastat s v\u00e1lcem ramene, pat\u0159\u00ed:<\/p>\n<ul>\n<li>\u00danik hydraulick\u00e9 kapaliny.<\/li>\n<li>Ztr\u00e1ta v\u00fdkonu nebo nedostate\u010dn\u00e1 s\u00edla b\u011bhem provozu.<\/li>\n<li>Neobvykl\u00e9 zvuky nebo vibrace.<\/li>\n<li>Nekonzistentn\u00ed nebo trhan\u00fd pohyb.<\/li>\n<li>Nadm\u011brn\u00e9 opot\u0159eben\u00ed nebo po\u0161kozen\u00ed t\u011bsn\u011bn\u00ed \u010di sou\u010d\u00e1st\u00ed.<\/li>\n<\/ul>\n<p>Chcete-li tyto probl\u00e9my vy\u0159e\u0161it, zva\u017ete n\u00e1sleduj\u00edc\u00ed postupy a \u0159e\u0161en\u00ed:<\/p>\n<ul>\n<li>Zkontrolujte v\u0161echny hydraulick\u00e9 spoje, t\u011bsn\u011bn\u00ed a komponenty, zda nedoch\u00e1z\u00ed k \u00fanik\u016fm nebo po\u0161kozen\u00ed. Vym\u011b\u0148te v\u0161echny vadn\u00e9 d\u00edly.<\/li>\n<li>Zkontrolujte hladinu a kvalitu hydraulick\u00e9 kapaliny. V p\u0159\u00edpad\u011b pot\u0159eby ji dopl\u0148te nebo vym\u011b\u0148te.<\/li>\n<li>Zajist\u011bte spr\u00e1vn\u00e9 vyrovn\u00e1n\u00ed a mont\u00e1\u017e v\u00e1lce ramene.<\/li>\n<li>Sledujte tlak v hydraulick\u00e9m syst\u00e9mu a v p\u0159\u00edpad\u011b pot\u0159eby jej upravte.<\/li>\n<li>Prov\u00e1d\u011bjte pravidelnou \u00fadr\u017ebu a maz\u00e1n\u00ed, abyste zabr\u00e1nili opot\u0159eben\u00ed a po\u0161kozen\u00ed.<\/li>\n<\/ul>\n<p><img decoding=\"async\" src=\"https:\/\/www.hydraulic-cylinders.net\/wp-content\/uploads\/2025\/01\/songte-chushion-collar.webp\" alt=\"Chr\u00e1ni\u010dov\u00fd obojek\"><\/p>\n<p>Nezapome\u0148te \u010dl\u00e1nek logicky uspo\u0159\u00e1dat, pou\u017e\u00edvat podnadpisy pro snadnou navigaci, za\u010dlenit relevantn\u00ed obr\u00e1zky nebo grafy pro lep\u0161\u00ed pochopen\u00ed a zajistit, aby obsah byl jasn\u00fd, stru\u010dn\u00fd a vhodn\u00fd pro \u010dten\u00e1\u0159e s r\u016fznou \u00farovn\u00ed technick\u00fdch znalost\u00ed.<\/p>\n<h2>O na\u0161\u00ed spole\u010dnosti<\/h2>\n<p>Na\u0161e spole\u010dnost je profesion\u00e1ln\u00edm v\u00fdrobcem n\u00e1hradn\u00edch hydraulick\u00fdch v\u00e1lc\u016f se \u0161irokou \u0161k\u00e1lou produkt\u016f. Stali jsme se jedn\u00edm z p\u0159edn\u00edch v\u00fdrobc\u016f a velkoobchodn\u00edk\u016f s hydraulick\u00fdmi v\u00e1lci na dom\u00e1c\u00edm i mezin\u00e1rodn\u00edm trhu. Dodr\u017eujeme princip vynikaj\u00edc\u00ed kvality a neust\u00e1le zlep\u0161ujeme na\u0161i technickou odbornost a efektivitu v\u00fdroby vyu\u017e\u00edv\u00e1n\u00edm modern\u00edch v\u00fdrobn\u00edch za\u0159\u00edzen\u00ed a profesion\u00e1ln\u00edch testovac\u00edch syst\u00e9m\u016f. Se zam\u011b\u0159en\u00edm na vysokou \u00fa\u010dinnost, p\u0159esnost a kvalitu se sna\u017e\u00edme uspokojit rozmanit\u00e9 pot\u0159eby na\u0161ich z\u00e1kazn\u00edk\u016f.<\/p>\n<p><img decoding=\"async\" src=\"https:\/\/www.hydraulic-cylinders.net\/wp-content\/uploads\/2025\/01\/songte-company-4.webp\" alt=\"Spole\u010dnost\" width=\"400px\"><br \/>\n<img","protected":false},"excerpt":{"rendered":"<p>Arm Cylinder For Sinomach ZG3150-9C Introduction The Arm Cylinder for Sinomach ZG3150-9C is a specially designed hydraulic cylinder that provides linear motion and power for the arm of various machinery, such as excavators, cranes, and robotic arms. The arm cylinder plays a crucial role in hydraulic systems, allowing for efficient movement and control of additional [&hellip;]<\/p>","protected":false},"featured_media":14759,"comment_status":"open","ping_status":"closed","template":"","meta":{"_et_pb_use_builder":"","_et_pb_old_content":"","_et_gb_content_width":""},"product_brand":[],"product_cat":[1497],"product_tag":[1498,1496],"class_list":{"0":"post-16907","1":"product","2":"type-product","3":"status-publish","4":"has-post-thumbnail","6":"product_cat-arm-cylinders","7":"product_tag-arm-cylinders","8":"product_tag-hydraulic-cylinders","10":"first","11":"instock","12":"shipping-taxable","13":"product-type-simple"},"amp_enabled":true,"_links":{"self":[{"href":"https:\/\/www.hydraulic-cylinders.net\/cs\/wp-json\/wp\/v2\/product\/16907","targetHints":{"allow":["GET"]}}],"collection":[{"href":"https:\/\/www.hydraulic-cylinders.net\/cs\/wp-json\/wp\/v2\/product"}],"about":[{"href":"https:\/\/www.hydraulic-cylinders.net\/cs\/wp-json\/wp\/v2\/types\/product"}],"replies":[{"embeddable":true,"href":"https:\/\/www.hydraulic-cylinders.net\/cs\/wp-json\/wp\/v2\/comments?post=16907"}],"wp:featuredmedia":[{"embeddable":true,"href":"https:\/\/www.hydraulic-cylinders.net\/cs\/wp-json\/wp\/v2\/media\/14759"}],"wp:attachment":[{"href":"https:\/\/www.hydraulic-cylinders.net\/cs\/wp-json\/wp\/v2\/media?parent=16907"}],"wp:term":[{"taxonomy":"product_brand","embeddable":true,"href":"https:\/\/www.hydraulic-cylinders.net\/cs\/wp-json\/wp\/v2\/product_brand?post=16907"},{"taxonomy":"product_cat","embeddable":true,"href":"https:\/\/www.hydraulic-cylinders.net\/cs\/wp-json\/wp\/v2\/product_cat?post=16907"},{"taxonomy":"product_tag","embeddable":true,"href":"https:\/\/www.hydraulic-cylinders.net\/cs\/wp-json\/wp\/v2\/product_tag?post=16907"}],"curies":[{"name":"wp","href":"https:\/\/api.w.org\/{rel}","templated":true}]}}