{"id":16918,"date":"2025-01-21T06:12:48","date_gmt":"2025-01-21T06:12:48","guid":{"rendered":"https:\/\/www.hydraulic-cylinders.net\/product\/arm-cylinder-for-hengte-wheel-excavator-htl60\/"},"modified":"2025-01-21T06:12:50","modified_gmt":"2025-01-21T06:12:50","slug":"arm-cylinder-for-hengte-wheel-excavator-htl60","status":"publish","type":"product","link":"https:\/\/www.hydraulic-cylinders.net\/cs\/produkt\/arm-cylinder-for-hengte-wheel-excavator-htl60\/","title":{"rendered":"V\u00e1lec ramene pro kolov\u00e9 rypadlo Hengte HTL60"},"content":{"rendered":"<p><html><\/p>\n<h1>V\u00e1lec ramene pro kolov\u00e9 rypadlo Hengte HTL60<\/h1>\n<h2>Zaveden\u00ed<\/h2>\n<p>Hydraulick\u00fd v\u00e1lec ramene pro kolov\u00e9 rypadlo Hengte HTL60 je speci\u00e1ln\u011b navr\u017een\u00fd hydraulick\u00fd v\u00e1lec, kter\u00fd poskytuje line\u00e1rn\u00ed pohyb a s\u00edlu rameni r\u016fzn\u00fdch stroj\u016f, jako jsou rypadla, je\u0159\u00e1by a robotick\u00e1 ramena. V\u00e1lec ramene hraje kl\u00ed\u010dovou roli v hydraulick\u00fdch syst\u00e9mech, proto\u017ee umo\u017e\u0148uje efektivn\u00ed pohyb a ovl\u00e1d\u00e1n\u00ed p\u0159\u00eddavn\u00e9ho n\u00e1\u0159ad\u00ed nebo p\u0159\u00edslu\u0161enstv\u00ed. Tyto v\u00e1lce nejen zaji\u0161\u0165uj\u00ed plynul\u00fd pohyb, ale tak\u00e9 odol\u00e1vaj\u00ed t\u011b\u017ek\u00fdm z\u00e1t\u011b\u017e\u00edm, \u010d\u00edm\u017e zaji\u0161\u0165uj\u00ed efektivn\u00ed provoz a spolehlivost stroje v r\u016fzn\u00fdch pracovn\u00edch podm\u00ednk\u00e1ch.<\/p>\n<p><img decoding=\"async\" src=\"https:\/\/www.hydraulic-cylinders.net\/wp-content\/uploads\/2025\/01\/songte-company-2.webp\" alt=\"Obr\u00e1zek v\u00e1lce ramene\"><\/p>\n<h2>Funkce<\/h2>\n<ul>\n<li><strong>Vysoce \u00fa\u010dinn\u00fd p\u0159enos:<\/strong> V\u00e1lec ramene poskytuje siln\u00fd line\u00e1rn\u00ed pohyb a s\u00edlu, co\u017e zaji\u0161\u0165uje vysok\u00fd v\u00fdkon robotick\u00e9ho ramene v r\u016fzn\u00fdch operac\u00edch.<\/li>\n<li><strong>P\u0159esn\u00e9 ovl\u00e1d\u00e1n\u00ed:<\/strong> D\u00edky hydraulick\u00fdm syst\u00e9m\u016fm umo\u017e\u0148uje v\u00e1lec ramene p\u0159esn\u00e9 ovl\u00e1d\u00e1n\u00ed pohybu, \u010d\u00edm\u017e se zvy\u0161uje flexibilita a p\u0159esnost obsluhy p\u0159ipojen\u00e9ho n\u00e1\u0159ad\u00ed.<\/li>\n<li><strong>Siln\u00e1 trvanlivost:<\/strong> V\u00e1lce s rameny se obvykle vyr\u00e1b\u011bj\u00ed z vysoce pevn\u00fdch materi\u00e1l\u016f, kter\u00e9 nab\u00edzej\u00ed vynikaj\u00edc\u00ed odolnost proti opot\u0159eben\u00ed a korozi, d\u00edky \u010demu\u017e jsou vhodn\u00e9 pro dlouhodob\u00e9 pou\u017e\u00edv\u00e1n\u00ed v n\u00e1ro\u010dn\u00fdch podm\u00ednk\u00e1ch.<\/li>\n<li><strong>V\u0161estrann\u00e1 p\u0159izp\u016fsobivost:<\/strong> Tyto v\u00e1lce lze \u0161iroce pou\u017e\u00edt v r\u016fzn\u00fdch strojn\u00edch za\u0159\u00edzen\u00edch, jako jsou bagry, je\u0159\u00e1by a robotick\u00e1 ramena, a p\u0159izp\u016fsobit se tak r\u016fzn\u00fdm pracovn\u00edm po\u017eadavk\u016fm.<\/li>\n<li><strong>Snadn\u00e1 \u00fadr\u017eba:<\/strong> V\u00e1lec ramene, navr\u017een\u00fd s ohledem na snadnou \u00fadr\u017ebu a v\u00fdm\u011bnu, usnad\u0148uje pravideln\u00e9 kontroly a \u00fadr\u017ebu, \u010d\u00edm\u017e zkracuje prostoje za\u0159\u00edzen\u00ed.<\/li>\n<\/ul>\n<p><img decoding=\"async\" src=\"https:\/\/www.hydraulic-cylinders.net\/wp-content\/uploads\/2025\/01\/songte-oil-pipes-and-spare-parts.webp\" alt=\"Obr\u00e1zek produktu\"><\/p>\n<h2>Aplikace<\/h2>\n<ul>\n<li><strong>Stavebn\u00ed in\u017een\u00fdrstv\u00ed:<\/strong> U bagr\u016f a je\u0159\u00e1b\u016f ovl\u00e1d\u00e1 v\u00e1lec ramene pohyb l\u017e\u00edc nebo v\u00fdlo\u017en\u00edk\u016f pro zemn\u00ed pr\u00e1ce, manipulaci s materi\u00e1lem a mont\u00e1\u017e konstrukc\u00ed.<\/li>\n<li><strong>Zpracovatelsk\u00fd pr\u016fmysl:<\/strong> V automatizovan\u00fdch v\u00fdrobn\u00edch link\u00e1ch se v\u00e1lec ramene pou\u017e\u00edv\u00e1 k pohybu robotick\u00fdch ramen v procesech, jako je mont\u00e1\u017e, sva\u0159ov\u00e1n\u00ed a manipulace s materi\u00e1lem, co\u017e zlep\u0161uje efektivitu a p\u0159esnost v\u00fdroby.<\/li>\n<li><strong>Zem\u011bd\u011blsk\u00e9 stroje:<\/strong> V zem\u011bd\u011blsk\u00fdch stroj\u00edch, jako jsou skl\u00edzec\u00ed a sec\u00ed stroje, \u0159\u00edd\u00ed v\u00e1lec ramene pohyb ovl\u00e1dac\u00edch ramen pro \u00fakoly, jako je set\u00ed, hnojen\u00ed a sklize\u0148.<\/li>\n<li><strong>Hornictv\u00ed:<\/strong> V t\u011b\u017eebn\u00edm za\u0159\u00edzen\u00ed \u0159\u00edd\u00ed v\u00e1lec ramene pohyb ramene t\u011b\u017eebn\u00edho za\u0159\u00edzen\u00ed, co\u017e usnad\u0148uje t\u011b\u017ebu a p\u0159epravu rudy.<\/li>\n<li><strong>Logistika a doprava:<\/strong> U vysokozdvi\u017en\u00fdch voz\u00edk\u016f a manipula\u010dn\u00edch robot\u016f \u0159\u00edd\u00ed v\u00e1lec ramene zved\u00e1n\u00ed a pohyb vidlic, co\u017e umo\u017e\u0148uje manipulaci s materi\u00e1lem a jeho stohov\u00e1n\u00ed.<\/li>\n<\/ul>\n<h2>Konstruk\u010dn\u00ed aspekty a krit\u00e9ria v\u00fdb\u011bru<\/h2>\n<ul>\n<li><strong>Nosnost:<\/strong> Diskutujte o d\u016fle\u017eitosti nosnosti v\u00e1lce ramene a zd\u016frazn\u011bte jeho roli p\u0159i podp\u00edr\u00e1n\u00ed t\u011b\u017ek\u00fdch b\u0159emen b\u011bhem provozu.<\/li>\n<li><strong>T\u011bsn\u011bn\u00ed:<\/strong> Popi\u0161te r\u016fzn\u00e9 t\u011bsnic\u00ed komponenty, jako jsou t\u011bsn\u011bn\u00ed p\u00edst\u016f a p\u00edstnic, s d\u016frazem na pou\u017eit\u00ed materi\u00e1l\u016f odoln\u00fdch proti opot\u0159eben\u00ed, jako je polyuretan a nitrilov\u00e1 pry\u017e, a tak\u00e9 na d\u016fle\u017eitost p\u0159esn\u00e9 povrchov\u00e9 \u00fapravy pro zlep\u0161en\u00ed odolnosti proti opot\u0159eben\u00ed.<\/li>\n<li><strong>Trvanlivost:<\/strong> Vysv\u011btlete konstruk\u010dn\u00ed aspekty, kter\u00e9 p\u0159isp\u00edvaj\u00ed k trvanlivosti ramenov\u00e9ho v\u00e1lce, v\u010detn\u011b pou\u017eit\u00ed vysoce pevn\u00fdch materi\u00e1l\u016f a korozivzdorn\u00fdch povlak\u016f.<\/li>\n<li><strong>Bezpe\u010dnost:<\/strong> Diskutujte bezpe\u010dnostn\u00ed prvky za\u010dlen\u011bn\u00e9 do konstrukce ramenov\u00e9ho v\u00e1lce, jako jsou p\u0159etlakov\u00e9 ventily a bezpe\u010dnostn\u00ed mechanismy.<\/li>\n<li><strong>\u00dadr\u017eba:<\/strong> Zd\u016frazn\u011bte snadnou \u00fadr\u017ebu a d\u016fle\u017eitost pravideln\u00fdch kontrol, stejn\u011b jako pou\u017eit\u00ed standardizovan\u00fdch komponent\u016f pro snadnou v\u00fdm\u011bnu.<\/li>\n<\/ul>\n<p><img decoding=\"async\" src=\"https:\/\/www.hydraulic-cylinders.net\/wp-content\/uploads\/2025\/01\/songte-cylinder-head-with-all-kinds-excavator-models.webp\" alt=\"Obr\u00e1zek produktu\"><\/p>\n<h2>T\u011bsn\u011bn\u00ed a maz\u00e1n\u00ed<\/h2>\n<p>V\u00e1lec s ramenem vyu\u017e\u00edv\u00e1 r\u016fzn\u00e9 t\u011bsnic\u00ed komponenty, v\u010detn\u011b t\u011bsn\u011bn\u00ed p\u00edstu a p\u00edstnice, kter\u00e9 jsou vyrobeny z materi\u00e1l\u016f odoln\u00fdch proti opot\u0159eben\u00ed, jako je polyuretan a nitrilov\u00e1 pry\u017e. T\u011bleso v\u00e1lce a z\u00e1vitov\u00e9 koncov\u00e9 plochy proch\u00e1zej\u00ed pe\u010dlivou \u00fapravou pro zlep\u0161en\u00ed odolnosti proti opot\u0159eben\u00ed. Pravideln\u00e9 maz\u00e1n\u00ed vhodn\u00fdm mno\u017estv\u00edm hydraulick\u00e9ho oleje je nezbytn\u00e9 pro zaji\u0161t\u011bn\u00ed hladk\u00e9ho provozu a dlouh\u00e9 \u017eivotnosti v\u00e1lce.<\/p>\n<h2>Pravideln\u00e1 kontrola a preventivn\u00ed \u00fadr\u017eba<\/h2>\n<ul>\n<li>Pravideln\u011b kontrolujte v\u00e1lec ramene, zda nevykazuje zn\u00e1mky net\u011bsnosti, opot\u0159eben\u00ed nebo po\u0161kozen\u00ed.<\/li>\n<li>Zajist\u011bte spr\u00e1vn\u00e9 maz\u00e1n\u00ed kontrolou hladiny a kvality hydraulick\u00e9ho oleje.<\/li>\n<li>Ut\u00e1hn\u011bte v\u0161echny uvoln\u011bn\u00e9 spoje a armatury.<\/li>\n<li>Opot\u0159ebovan\u00e1 t\u011bsn\u011bn\u00ed nebo sou\u010d\u00e1sti ihned vym\u011b\u0148te.<\/li>\n<li>Dodr\u017eujte doporu\u010den\u00e9 pl\u00e1ny \u00fadr\u017eby stanoven\u00e9 v\u00fdrobcem.<\/li>\n<\/ul>\n<h2>Instala\u010dn\u00ed p\u0159\u00edru\u010dka<\/h2>\n<p>Spr\u00e1vn\u00e1 instalace v\u00e1lce ramene je z\u00e1sadn\u00ed pro zaji\u0161t\u011bn\u00ed optim\u00e1ln\u00edho v\u00fdkonu a bezpe\u010dnosti. Postupujte podle t\u011bchto krok\u016f:<\/p>\n<ol>\n<li>P\u0159ipravte si mont\u00e1\u017en\u00ed plochu a ujist\u011bte se, \u017ee je \u010dist\u00e1 a bez ne\u010distot.<\/li>\n<li>Zarovnejte v\u00e1lec s mont\u00e1\u017en\u00edmi body a zajist\u011bte jej vhodn\u00fdmi \u0161rouby nebo upev\u0148ovac\u00edmi prvky.<\/li>\n<li>Ut\u00e1hn\u011bte mont\u00e1\u017en\u00ed \u0161rouby nebo spojovac\u00ed prvky doporu\u010den\u00fdm utahovac\u00edm momentem.<\/li>\n<li>P\u0159ipojte hydraulick\u00e9 potrub\u00ed k v\u00e1lci a zajist\u011bte jeho \u0159\u00e1dn\u00e9 ut\u011bsn\u011bn\u00ed.<\/li>\n<li>Zkontrolujte p\u0159\u00edpadn\u00e9 net\u011bsnosti a prove\u010fte zku\u0161ebn\u00ed provoz, abyste ov\u011b\u0159ili funk\u010dnost v\u00e1lce.<\/li>\n<\/ol>\n<p><img decoding=\"async\" src=\"https:\/\/www.hydraulic-cylinders.net\/wp-content\/uploads\/2025\/01\/songte-bushings-with-all-kinds-of-excavator-models.webp\" alt=\"Obr\u00e1zek produktu\"><\/p>\n<h2>Bezpe\u010dnostn\u00ed aspekty a faktory prost\u0159ed\u00ed<\/h2>\n<p>P\u0159i pou\u017e\u00edv\u00e1n\u00ed v\u00e1lce s ramenem je nezbytn\u00e9 up\u0159ednostnit bezpe\u010dnostn\u00ed opat\u0159en\u00ed, aby se p\u0159ede\u0161lo nehod\u00e1m a zajistila se pohoda obsluhy. Bezpe\u010dnostn\u00ed opat\u0159en\u00ed mohou zahrnovat pou\u017e\u00edv\u00e1n\u00ed vhodn\u00fdch ochrann\u00fdch pom\u016fcek, dodr\u017eov\u00e1n\u00ed spr\u00e1vn\u00fdch provozn\u00edch postup\u016f a implementaci syst\u00e9m\u016f nouzov\u00e9ho zastaven\u00ed. Zohledn\u011bn\u00ed faktor\u016f prost\u0159ed\u00ed, jako je teplota, vlhkost a vystaven\u00ed chemik\u00e1li\u00edm, m\u016f\u017ee nav\u00edc pomoci optimalizovat v\u00fdkon a \u017eivotnost v\u00e1lce.<\/p>\n<h2>Diagnostika z\u00e1vad a b\u011b\u017en\u00e9 probl\u00e9my<\/h2>\n<p>Mezi b\u011b\u017en\u00e9 probl\u00e9my, kter\u00e9 se mohou vyskytnout s v\u00e1lcem ramene, pat\u0159\u00ed net\u011bsnost, nedostate\u010dn\u00e1 s\u00edla, nepravideln\u00fd pohyb nebo abnorm\u00e1ln\u00ed hluk. Diagnostika a \u0159e\u0161en\u00ed t\u011bchto probl\u00e9m\u016f:<\/p>\n<ul>\n<li>Identifikujte p\u0159\u00edznak a mo\u017enou p\u0159\u00ed\u010dinu probl\u00e9mu.<\/li>\n<li>Zkontrolujte v\u00e1lec, zda nevykazuje viditeln\u00e9 po\u0161kozen\u00ed nebo opot\u0159eben\u00ed.<\/li>\n<li>Zkontrolujte hydraulick\u00e9 potrub\u00ed a spoje, zda nedoch\u00e1z\u00ed k \u00fanik\u016fm nebo ucp\u00e1n\u00ed.<\/li>\n<li>Ov\u011b\u0159te tlak a pr\u016ftok hydraulick\u00e9ho syst\u00e9mu.<\/li>\n<li>V p\u0159\u00edpad\u011b pot\u0159eby se \u0159i\u010fte pokyny v\u00fdrobce k \u0159e\u0161en\u00ed probl\u00e9m\u016f nebo vyhledejte odbornou pomoc.<\/li>\n<\/ul>\n<p>Poskytov\u00e1n\u00ed tip\u016f a \u0159e\u0161en\u00ed probl\u00e9m\u016f pom\u00e1h\u00e1 \u010dten\u00e1\u0159\u016fm efektivn\u011b diagnostikovat a \u0159e\u0161it probl\u00e9my spolu s preventivn\u00edmi opat\u0159en\u00edmi k minimalizaci potenci\u00e1ln\u00edch probl\u00e9m\u016f.<\/p>\n<p><img decoding=\"async\" src=\"https:\/\/www.hydraulic-cylinders.net\/wp-content\/uploads\/2025\/01\/songte-chushion-collar.webp\" alt=\"Obr\u00e1zek produktu\"><\/p>\n<p>Nezapome\u0148te \u010dl\u00e1nek logicky uspo\u0159\u00e1dat, pou\u017e\u00edvat podnadpisy pro snadnou navigaci, za\u010dlenit relevantn\u00ed obr\u00e1zky nebo grafy pro lep\u0161\u00ed pochopen\u00ed a zajistit, aby obsah byl jasn\u00fd, stru\u010dn\u00fd a vhodn\u00fd pro \u010dten\u00e1\u0159e s r\u016fznou \u00farovn\u00ed technick\u00fdch znalost\u00ed.<\/p>\n<h2>O n\u00e1s<\/h2>\n<p>Jsme profesion\u00e1ln\u00ed v\u00fdrobce n\u00e1hradn\u00edch hydraulick\u00fdch v\u00e1lc\u016f a nab\u00edz\u00edme \u0161irokou \u0161k\u00e1lu produkt\u016f. Stali jsme se jedn\u00edm z p\u0159edn\u00edch v\u00fdrobc\u016f a velkoobchodn\u00edch distributor\u016f hydraulick\u00fdch v\u00e1lc\u016f na dom\u00e1c\u00edm i mezin\u00e1rodn\u00edm trhu. N\u00e1\u0161 z\u00e1vazek k vynikaj\u00edc\u00ed kvalit\u011b je dodr\u017eov\u00e1n prost\u0159ednictv\u00edm strategi\u00ed industrializovan\u00e9ho \u0159\u00edzen\u00ed v\u00fdroby v na\u0161ich sofistikovan\u00fdch v\u00fdrobn\u00edch d\u00edln\u00e1ch, \u010d\u00edm\u017e neust\u00e1le zlep\u0161ujeme na\u0161i technickou odbornost a efektivitu v\u00fdroby. Zav\u00e1d\u011bn\u00edm pokro\u010dil\u00e9ho digit\u00e1ln\u00edho v\u00fdrobn\u00edho za\u0159\u00edzen\u00ed a profesion\u00e1ln\u00edch testovac\u00edch syst\u00e9m\u016f optimalizujeme na\u0161i v\u00fdrobn\u00ed platformu a vylep\u0161ujeme procesy kontroly kvality v\u00fdrobk\u016f, \u010d\u00edm\u017e prokazujeme siln\u00e9 inova\u010dn\u00ed schopnosti. Na\u0161\u00edm c\u00edlem je uspokojovat rozmanit\u00e9 pot\u0159eby z\u00e1kazn\u00edk\u016f s vyu\u017eit\u00edm princip\u016f efektivity, p\u0159esnosti a vysok\u00e9 kvality.<\/p>\n<p><img decoding=\"async\" src=\"https:\/\/www.hydraulic-cylinders.net\/wp-content\/uploads\/2025\/01\/songte-company-4.webp\" alt=\"Image spole\u010dnosti\"><br \/>\n<img decoding=\"async\" src=\"https:\/\/www.hydraulic-cylinders.net\/wp-content\/uploads\/2025\/01\/songte-company-3.webp\" alt=\"Image spole\u010dnosti\"><\/p>\n<p>D\u00e1le jsme hrd\u00ed na na\u0161i profesionalitu, mezin\u00e1rodn\u00ed certifikace, slu\u017eby na m\u00edru, v\u00fdrobn\u00ed za\u0159\u00edzen\u00ed a poprodejn\u00ed servis.<\/p>\n<p>Autor: lyl<\/p>\n<p><\/html><\/p>","protected":false},"excerpt":{"rendered":"<p>Arm Cylinder For Hengte Wheel Excavator HTL60 Introduction The Arm Cylinder for Hengte Wheel Excavator HTL60 is a specially designed hydraulic cylinder that provides linear motion and power to the arm of various machinery, such as excavators, cranes, and robotic arms. The Arm Cylinder plays a crucial role in hydraulic systems, enabling efficient movement and [&hellip;]<\/p>","protected":false},"featured_media":14786,"comment_status":"open","ping_status":"closed","template":"","meta":{"_et_pb_use_builder":"","_et_pb_old_content":"","_et_gb_content_width":""},"product_brand":[],"product_cat":[1497],"product_tag":[1498,1496],"class_list":{"0":"post-16918","1":"product","2":"type-product","3":"status-publish","4":"has-post-thumbnail","6":"product_cat-arm-cylinders","7":"product_tag-arm-cylinders","8":"product_tag-hydraulic-cylinders","10":"first","11":"instock","12":"shipping-taxable","13":"product-type-simple"},"amp_enabled":true,"_links":{"self":[{"href":"https:\/\/www.hydraulic-cylinders.net\/cs\/wp-json\/wp\/v2\/product\/16918","targetHints":{"allow":["GET"]}}],"collection":[{"href":"https:\/\/www.hydraulic-cylinders.net\/cs\/wp-json\/wp\/v2\/product"}],"about":[{"href":"https:\/\/www.hydraulic-cylinders.net\/cs\/wp-json\/wp\/v2\/types\/product"}],"replies":[{"embeddable":true,"href":"https:\/\/www.hydraulic-cylinders.net\/cs\/wp-json\/wp\/v2\/comments?post=16918"}],"wp:featuredmedia":[{"embeddable":true,"href":"https:\/\/www.hydraulic-cylinders.net\/cs\/wp-json\/wp\/v2\/media\/14786"}],"wp:attachment":[{"href":"https:\/\/www.hydraulic-cylinders.net\/cs\/wp-json\/wp\/v2\/media?parent=16918"}],"wp:term":[{"taxonomy":"product_brand","embeddable":true,"href":"https:\/\/www.hydraulic-cylinders.net\/cs\/wp-json\/wp\/v2\/product_brand?post=16918"},{"taxonomy":"product_cat","embeddable":true,"href":"https:\/\/www.hydraulic-cylinders.net\/cs\/wp-json\/wp\/v2\/product_cat?post=16918"},{"taxonomy":"product_tag","embeddable":true,"href":"https:\/\/www.hydraulic-cylinders.net\/cs\/wp-json\/wp\/v2\/product_tag?post=16918"}],"curies":[{"name":"wp","href":"https:\/\/api.w.org\/{rel}","templated":true}]}}