{"id":16945,"date":"2025-01-21T06:14:41","date_gmt":"2025-01-21T06:14:41","guid":{"rendered":"https:\/\/www.hydraulic-cylinders.net\/product\/arm-cylinder-for-kato-small-excavator-hd250-7\/"},"modified":"2025-01-21T06:14:42","modified_gmt":"2025-01-21T06:14:42","slug":"arm-cylinder-for-kato-small-excavator-hd250-7","status":"publish","type":"product","link":"https:\/\/www.hydraulic-cylinders.net\/cs\/produkt\/arm-cylinder-for-kato-small-excavator-hd250-7\/","title":{"rendered":"V\u00e1lec ramene pro mal\u00e9 rypadlo Kato HD250-7"},"content":{"rendered":"<h1>V\u00e1lec ramene pro mal\u00e9 rypadlo Kato HD250-7<\/h1>\n<h2>Zaveden\u00ed<\/h2>\n<h3>Definice a vysv\u011btlen\u00ed<\/h3>\n<p>V\u00e1lec ramene je speci\u00e1ln\u011b navr\u017een\u00fd hydraulick\u00fd v\u00e1lec, kter\u00fd poskytuje line\u00e1rn\u00ed pohyb a s\u00edlu rameni r\u016fzn\u00fdch typ\u016f stroj\u016f, jako jsou bagry, je\u0159\u00e1by a robotick\u00e1 ramena. V\u00e1lec ramene hraje kl\u00ed\u010dovou roli v hydraulick\u00e9m syst\u00e9mu, proto\u017ee umo\u017e\u0148uje efektivn\u00ed pohyb a ovl\u00e1d\u00e1n\u00ed p\u0159\u00edslu\u0161enstv\u00ed. Tyto v\u00e1lce nejen dosahuj\u00ed plynul\u00e9ho pohybu, ale tak\u00e9 odol\u00e1vaj\u00ed t\u011b\u017ek\u00fdm z\u00e1t\u011b\u017e\u00edm, co\u017e zaji\u0161\u0165uje efektivn\u00ed provoz a spolehlivost stroje za r\u016fzn\u00fdch pracovn\u00edch podm\u00ednek.<\/p>\n<p><img decoding=\"async\" src=\"https:\/\/www.hydraulic-cylinders.net\/wp-content\/uploads\/2025\/01\/songte-company-2.webp\" alt=\"Obr\u00e1zek v\u00e1lce ramene\"><\/p>\n<h2>Funkce<\/h2>\n<ul>\n<li><strong>Efektivn\u00ed p\u0159enos v\u00fdkonu:<\/strong> V\u00e1lec ramene zaji\u0161\u0165uje siln\u00fd line\u00e1rn\u00ed pohyb a s\u00edlu, co\u017e zaji\u0161\u0165uje vysokou \u00fa\u010dinnost ramene stroje p\u0159i r\u016fzn\u00fdch operac\u00edch.<\/li>\n<li><strong>P\u0159esn\u00e9 ovl\u00e1d\u00e1n\u00ed:<\/strong> D\u00edky hydraulick\u00e9mu syst\u00e9mu m\u016f\u017ee v\u00e1lec ramene dos\u00e1hnout p\u0159esn\u00e9ho ovl\u00e1d\u00e1n\u00ed pohybu, co\u017e zvy\u0161uje flexibilitu a p\u0159esnost ovl\u00e1d\u00e1n\u00ed p\u0159\u00edslu\u0161enstv\u00ed.<\/li>\n<li><strong>Siln\u00e1 trvanlivost:<\/strong> V\u00e1lec ramene je obvykle vyroben z vysoce pevn\u00fdch materi\u00e1l\u016f s dobrou odolnost\u00ed proti opot\u0159eben\u00ed a korozi, vhodn\u00fdch pro dlouhodob\u00e9 pou\u017eit\u00ed v n\u00e1ro\u010dn\u00fdch podm\u00ednk\u00e1ch.<\/li>\n<li><strong>Multifunk\u010dn\u00ed p\u0159izp\u016fsobivost:<\/strong> Tyto v\u00e1lce lze \u0161iroce pou\u017e\u00edt v r\u016fzn\u00fdch mechanick\u00fdch za\u0159\u00edzen\u00edch, jako jsou bagry, je\u0159\u00e1by a robotick\u00e1 ramena, aby spl\u0148ovaly r\u016fzn\u00e9 pracovn\u00ed pot\u0159eby.<\/li>\n<li><strong>Snadn\u00e1 \u00fadr\u017eba:<\/strong> Konstrukce zohled\u0148uje snadnou \u00fadr\u017ebu a v\u00fdm\u011bnu, co\u017e usnad\u0148uje pravideln\u00e9 kontroly a \u00fadr\u017ebu a zkracuje prostoje za\u0159\u00edzen\u00ed.<\/li>\n<\/ul>\n<p><img decoding=\"async\" src=\"https:\/\/www.hydraulic-cylinders.net\/wp-content\/uploads\/2025\/01\/songte-oil-pipes-and-spare-parts.webp\" alt=\"Obr\u00e1zek n\u00e1hradn\u00edch d\u00edl\u016f v\u00e1lce ramene\"><\/p>\n<h2>Aplikace<\/h2>\n<p>V\u00e1lec ramene m\u00e1 r\u016fzn\u00e9 uplatn\u011bn\u00ed v r\u016fzn\u00fdch pr\u016fmyslov\u00fdch odv\u011btv\u00edch a oblastech:<\/p>\n<ul>\n<li><strong>Konstrukce:<\/strong> U bagr\u016f a je\u0159\u00e1b\u016f se v\u00e1lec ramene pou\u017e\u00edv\u00e1 k ovl\u00e1d\u00e1n\u00ed pohybu l\u017e\u00edc nebo v\u00fdlo\u017en\u00edk\u016f pro zemn\u00ed pr\u00e1ce, manipulaci s materi\u00e1lem a mont\u00e1\u017e konstrukc\u00ed.<\/li>\n<li><strong>V\u00fdrobn\u00ed:<\/strong> V automatizovan\u00fdch v\u00fdrobn\u00edch link\u00e1ch se v\u00e1lec ramene pou\u017e\u00edv\u00e1 k pohybu robotick\u00fdch ramen pro mont\u00e1\u017en\u00ed, sva\u0159ovac\u00ed a manipula\u010dn\u00ed procesy, co\u017e zlep\u0161uje efektivitu a p\u0159esnost v\u00fdroby.<\/li>\n<li><strong>Zem\u011bd\u011blsk\u00e9 stroje:<\/strong> V zem\u011bd\u011blsk\u00fdch stroj\u00edch, jako jsou skl\u00edzec\u00ed a s\u00e1zec\u00ed stroje, v\u00e1lec ramene \u0159\u00edd\u00ed pohyb opera\u010dn\u00edch ramen pro \u00fakoly, jako je s\u00e1zen\u00ed, hnojen\u00ed a sklize\u0148.<\/li>\n<li><strong>Hornictv\u00ed:<\/strong> V t\u011b\u017eebn\u00edch za\u0159\u00edzen\u00edch se v\u00e1lec ramene pou\u017e\u00edv\u00e1 k ovl\u00e1d\u00e1n\u00ed pohybu ramen t\u011b\u017eebn\u00edho za\u0159\u00edzen\u00ed pro t\u011b\u017ebu a p\u0159epravu rudy.<\/li>\n<li><strong>Logistika a doprava:<\/strong> U vysokozdvi\u017en\u00fdch voz\u00edk\u016f a manipula\u010dn\u00edch robot\u016f se v\u00e1lec ramene pou\u017e\u00edv\u00e1 k ovl\u00e1d\u00e1n\u00ed zved\u00e1n\u00ed a pohybu vidlic, \u010d\u00edm\u017e se realizuje manipulace s materi\u00e1lem a jeho stohov\u00e1n\u00ed.<\/li>\n<\/ul>\n<h2>Konstruk\u010dn\u00ed aspekty a krit\u00e9ria v\u00fdb\u011bru<\/h2>\n<p>Pokud jde o konstruk\u010dn\u00ed aspekty, n\u00ed\u017ee jsou pops\u00e1ny nosnost, t\u011bsn\u011bn\u00ed, trvanlivost, bezpe\u010dnost a \u00fadr\u017eba v\u00e1lce ramene:<\/p>\n<ul>\n<li><strong>Nosnost:<\/strong> V\u00e1lec ramene by m\u011bl m\u00edt dostate\u010dnou nosnost, aby unesl provoz stroje a p\u0159\u00edslu\u0161enstv\u00ed.<\/li>\n<li><strong>T\u011bsn\u011bn\u00ed:<\/strong> V ramenov\u00e9m v\u00e1lci se pou\u017e\u00edvaj\u00ed r\u016fzn\u00e1 t\u011bsn\u011bn\u00ed, jako nap\u0159\u00edklad t\u011bsn\u011bn\u00ed p\u00edstu a t\u011bsn\u011bn\u00ed p\u00edstnice, kter\u00e1 zabra\u0148uj\u00ed \u00faniku kapaliny a zaji\u0161\u0165uj\u00ed hladk\u00fd chod v\u00e1lce. T\u011bsn\u011bn\u00ed jsou vyrobena z materi\u00e1l\u016f odoln\u00fdch proti opot\u0159eben\u00ed, jako je polyuretan a nitrilov\u00e1 pry\u017e.<\/li>\n<li><strong>Trvanlivost:<\/strong> V\u00e1lec ramene je obvykle vyroben z vysoce pevn\u00fdch materi\u00e1l\u016f, jako je ocel, a proch\u00e1z\u00ed p\u0159esn\u00fdm zpracov\u00e1n\u00edm pro zv\u00fd\u0161en\u00ed odolnosti proti opot\u0159eben\u00ed a korozi, co\u017e zaji\u0161\u0165uje dlouhodob\u00e9 pou\u017e\u00edv\u00e1n\u00ed v n\u00e1ro\u010dn\u00fdch podm\u00ednk\u00e1ch.<\/li>\n<li><strong>Bezpe\u010dnost:<\/strong> V\u00e1lec ramene by m\u011bl b\u00fdt navr\u017een tak, aby se zabr\u00e1nilo potenci\u00e1ln\u00edm nebezpe\u010d\u00edm, jako je p\u0159et\u00ed\u017een\u00ed nebo n\u00e1hl\u00e9 selh\u00e1n\u00ed, a aby se zajistil bezpe\u010dn\u00fd provoz strojn\u00edho za\u0159\u00edzen\u00ed a jeho obsluhy.<\/li>\n<li><strong>\u00dadr\u017eba:<\/strong> Konstrukce v\u00e1lce ramene by m\u011bla zohled\u0148ovat snadnou \u00fadr\u017ebu a v\u00fdm\u011bnu d\u00edl\u016f, jako jsou t\u011bsn\u011bn\u00ed, aby se sn\u00ed\u017eily prostoje a n\u00e1klady na \u00fadr\u017ebu.<\/li>\n<\/ul>\n<p><img decoding=\"async\" src=\"https:\/\/www.hydraulic-cylinders.net\/wp-content\/uploads\/2025\/01\/songte-cylinder-head-with-all-kinds-excavator-models.webp\" alt=\"Obr\u00e1zek hlavy v\u00e1lc\u016f ramene\"><\/p>\n<h2>T\u011bsn\u011bn\u00ed a maz\u00e1n\u00ed<\/h2>\n<p>V\u00e1lec ramene pou\u017e\u00edv\u00e1 r\u016fzn\u00e9 t\u011bsnic\u00ed komponenty, jako jsou t\u011bsn\u011bn\u00ed p\u00edstu, t\u011bsn\u011bn\u00ed p\u00edstnice a st\u00edrac\u00ed t\u011bsn\u011bn\u00ed, aby se zabr\u00e1nilo \u00faniku kapaliny a zajistil se hladk\u00fd chod. T\u011bsn\u011bn\u00ed jsou vyrobena z materi\u00e1l\u016f odoln\u00fdch proti opot\u0159eben\u00ed, jako je polyuretan a nitrilov\u00e1 pry\u017e.<\/p>\n<p>T\u011bleso v\u00e1lce a povrch z\u00e1vitov\u00e9ho konce proch\u00e1zej\u00ed p\u0159esn\u00fdm zpracov\u00e1n\u00edm pro zv\u00fd\u0161en\u00ed odolnosti proti opot\u0159eben\u00ed a pro zaji\u0161t\u011bn\u00ed maz\u00e1n\u00ed a prodlou\u017een\u00ed \u017eivotnosti v\u00e1lce je nutn\u00e9 pravideln\u00e9 dopl\u0148ov\u00e1n\u00ed oleje.<\/p>\n<h2>Inspekce a \u00fadr\u017eba<\/h2>\n<p>Pro zaji\u0161t\u011bn\u00ed optim\u00e1ln\u00edho v\u00fdkonu v\u00e1lce ramene a prodlou\u017een\u00ed jeho \u017eivotnosti je nutn\u00e1 pravideln\u00e1 kontrola a \u00fadr\u017eba. Doporu\u010duj\u00ed se n\u00e1sleduj\u00edc\u00ed opat\u0159en\u00ed:<\/p>\n<ul>\n<li><strong>Pravideln\u011b kontrolujte a upravujte hladinu hydraulick\u00e9ho oleje.<\/strong><\/li>\n<li><strong>Pravideln\u011b kontrolujte a vym\u011b\u0148ujte t\u011bsn\u011bn\u00ed.<\/strong><\/li>\n<li><strong>V\u010das zkontrolujte a vym\u011b\u0148te opot\u0159ebovan\u00e9 d\u00edly.<\/strong><\/li>\n<li><strong>Pravideln\u011b kontrolujte a udr\u017eujte hydraulick\u00fd syst\u00e9m.<\/strong><\/li>\n<li><strong>Udr\u017eujte v\u00e1lec \u010dist\u00fd a zabra\u0148te vniknut\u00ed ne\u010distot nebo ciz\u00edch p\u0159edm\u011bt\u016f.<\/strong><\/li>\n<\/ul>\n<p><img decoding=\"async\" src=\"https:\/\/www.hydraulic-cylinders.net\/wp-content\/uploads\/2025\/01\/songte-chushion-collar.webp\" alt=\"Obr\u00e1zek l\u00edmce s pol\u0161t\u00e1\u0159em na pa\u017ei\"><\/p>\n<h2>Instala\u010dn\u00ed p\u0159\u00edru\u010dka<\/h2>\n<p>V\u00e1lec ramene by m\u011bl b\u00fdt spr\u00e1vn\u011b nainstalov\u00e1n, aby byl zaji\u0161t\u011bn jeho optim\u00e1ln\u00ed v\u00fdkon a bezpe\u010dnost. Postup instalace je n\u00e1sleduj\u00edc\u00ed:<\/p>\n<ul>\n<li><strong>P\u0159ipravte si pot\u0159ebn\u00e9 n\u00e1stroje a vybaven\u00ed.<\/strong><\/li>\n<li><strong>Vyjm\u011bte star\u00fd v\u00e1lec a o\u010dist\u011bte mont\u00e1\u017en\u00ed povrch.<\/strong><\/li>\n<li><strong>Nainstalujte nov\u00fd v\u00e1lec a ujist\u011bte se, \u017ee je spr\u00e1vn\u011b se\u0159\u00edzen.<\/strong><\/li>\n<li><strong>P\u0159ipojte hydraulick\u00e9 hadice a zkontrolujte t\u011bsnost.<\/strong><\/li>\n<li><strong>Otestujte funkci v\u00e1lce a zkontrolujte, zda nevyd\u00e1v\u00e1 abnorm\u00e1ln\u00ed zvuky nebo se nepohybuje.<\/strong><\/li>\n<\/ul>\n<p><img decoding=\"async\" src=\"https:\/\/www.hydraulic-cylinders.net\/wp-content\/uploads\/2025\/01\/songte-bushings-with-all-kinds-of-excavator-models.webp\" alt=\"Obr\u00e1zek pouzder v\u00e1lc\u016f ramene\"><\/p>\n<h2>Bezpe\u010dnostn\u00ed a environment\u00e1ln\u00ed aspekty<\/h2>\n<p>P\u0159i pou\u017e\u00edv\u00e1n\u00ed v\u00e1lce s ramenem je t\u0159eba p\u0159ijmout bezpe\u010dnostn\u00ed opat\u0159en\u00ed, aby se zabr\u00e1nilo potenci\u00e1ln\u00edm nebezpe\u010d\u00edm, jako je p\u0159et\u00ed\u017een\u00ed nebo n\u00e1hl\u00e9 selh\u00e1n\u00ed. Pro minimalizaci dopadu na \u017eivotn\u00ed prost\u0159ed\u00ed je nezbytn\u00e1 spr\u00e1vn\u00e1 likvidace pou\u017eit\u00fdch nebo po\u0161kozen\u00fdch v\u00e1lc\u016f. <\/p>\n<h2>Odstra\u0148ov\u00e1n\u00ed probl\u00e9m\u016f a b\u011b\u017en\u00e9 probl\u00e9my<\/h2>\n<p>B\u011bhem provozu se m\u016f\u017ee vyskytnout \u0159ada probl\u00e9m\u016f s v\u00e1lcem ramene, jako je net\u011bsnost, abnorm\u00e1ln\u00ed zvuk nebo pomal\u00fd pohyb. N\u00e1sleduj\u00edc\u00ed tipy a \u0159e\u0161en\u00ed v\u00e1m mohou pomoci s diagnostikou a vy\u0159e\u0161en\u00edm probl\u00e9m\u016f:<\/p>\n<ul>\n<li><strong>\u00danik:<\/strong> Zkontrolujte t\u011bsn\u011bn\u00ed a v p\u0159\u00edpad\u011b pot\u0159eby ut\u00e1hn\u011bte \u0161rouby nebo matice.<\/li>\n<li><strong>Abnorm\u00e1ln\u00ed zvuk:<\/strong> Zkontrolujte hladinu hydraulick\u00e9ho oleje a se\u0159\u00edzen\u00ed v\u00e1lce.<\/li>\n<li><strong>Pomal\u00fd pohyb:<\/strong> Zkontrolujte tlak a pr\u016ftok v hydraulick\u00e9m syst\u00e9mu.<\/li>\n<\/ul>\n<p>Preventivn\u00ed opat\u0159en\u00ed, jako je pravideln\u00e1 kontrola a \u00fadr\u017eba, mohou sn\u00ed\u017eit potenci\u00e1ln\u00ed probl\u00e9my a zajistit optim\u00e1ln\u00ed v\u00fdkon v\u00e1lce ramene.<\/p>\n<p><img decoding=\"async\" src=\"https:\/\/www.hydraulic-cylinders.net\/wp-content\/uploads\/2025\/01\/songte-company-4.webp\" alt=\"Obr\u00e1zek spole\u010dnosti Songte\"><\/p>\n<h2>O n\u00e1s<\/h2>\n<p>Jsme profesion\u00e1ln\u00ed v\u00fdrobce n\u00e1hradn\u00edch hydraulick\u00fdch v\u00e1lc\u016f, nab\u00edz\u00edme \u0161irokou \u0161k\u00e1lu produkt\u016f a st\u00e1v\u00e1me se jedn\u00edm z p\u0159edn\u00edch v\u00fdrobc\u016f a velkoobchodn\u00edch distributor\u016f hydraulick\u00fdch v\u00e1lc\u016f na dom\u00e1c\u00edm i mezin\u00e1rodn\u00edm trhu. \u0158\u00edd\u00edme se z\u00e1sadami vynikaj\u00edc\u00ed kvality, spol\u00e9h\u00e1me na industrializovan\u00e9 strategie \u0159\u00edzen\u00ed v\u00fdroby v precizn\u011b zpracovan\u00fdch d\u00edln\u00e1ch a neust\u00e1le zlep\u0161ujeme na\u0161i technologii a efektivitu v\u00fdroby. S vysokou \u00fa\u010dinnost\u00ed, p\u0159esnost\u00ed a principy vysok\u00e9 kvality se sna\u017e\u00edme uspokojit rozmanit\u00e9 pot\u0159eby z\u00e1kazn\u00edk\u016f.<\/p>\n<p>Nab\u00edz\u00edme profesion\u00e1ln\u00ed slu\u017eby, mezin\u00e1rodn\u00ed certifikace, slu\u017eby na m\u00edru, modern\u00ed v\u00fdrobn\u00ed za\u0159\u00edzen\u00ed a poprodejn\u00ed servis.<\/p>\n<p><img decoding=\"async\" src=\"https:\/\/www.hydraulic-cylinders.net\/wp-content\/uploads\/2025\/01\/songte-company-3.webp\" alt=\"Obr\u00e1zek d\u00edlny spole\u010dnosti Songte\"><\/p>\n<p>Autor: lyl.<\/p>","protected":false},"excerpt":{"rendered":"<p>Arm Cylinder For Kato Small Excavator HD250-7 Introduction Definition and Explanation The arm cylinder is a specially designed hydraulic cylinder that provides linear motion and power to the arm of various types of machinery, such as excavators, cranes, and robotic arms. The arm cylinder plays a critical role in the hydraulic system, enabling attachments or [&hellip;]<\/p>","protected":false},"featured_media":14766,"comment_status":"open","ping_status":"closed","template":"","meta":{"_et_pb_use_builder":"","_et_pb_old_content":"","_et_gb_content_width":""},"product_brand":[],"product_cat":[1497],"product_tag":[1498,1496],"class_list":{"0":"post-16945","1":"product","2":"type-product","3":"status-publish","4":"has-post-thumbnail","6":"product_cat-arm-cylinders","7":"product_tag-arm-cylinders","8":"product_tag-hydraulic-cylinders","10":"first","11":"instock","12":"shipping-taxable","13":"product-type-simple"},"amp_enabled":true,"_links":{"self":[{"href":"https:\/\/www.hydraulic-cylinders.net\/cs\/wp-json\/wp\/v2\/product\/16945","targetHints":{"allow":["GET"]}}],"collection":[{"href":"https:\/\/www.hydraulic-cylinders.net\/cs\/wp-json\/wp\/v2\/product"}],"about":[{"href":"https:\/\/www.hydraulic-cylinders.net\/cs\/wp-json\/wp\/v2\/types\/product"}],"replies":[{"embeddable":true,"href":"https:\/\/www.hydraulic-cylinders.net\/cs\/wp-json\/wp\/v2\/comments?post=16945"}],"wp:featuredmedia":[{"embeddable":true,"href":"https:\/\/www.hydraulic-cylinders.net\/cs\/wp-json\/wp\/v2\/media\/14766"}],"wp:attachment":[{"href":"https:\/\/www.hydraulic-cylinders.net\/cs\/wp-json\/wp\/v2\/media?parent=16945"}],"wp:term":[{"taxonomy":"product_brand","embeddable":true,"href":"https:\/\/www.hydraulic-cylinders.net\/cs\/wp-json\/wp\/v2\/product_brand?post=16945"},{"taxonomy":"product_cat","embeddable":true,"href":"https:\/\/www.hydraulic-cylinders.net\/cs\/wp-json\/wp\/v2\/product_cat?post=16945"},{"taxonomy":"product_tag","embeddable":true,"href":"https:\/\/www.hydraulic-cylinders.net\/cs\/wp-json\/wp\/v2\/product_tag?post=16945"}],"curies":[{"name":"wp","href":"https:\/\/api.w.org\/{rel}","templated":true}]}}