{"id":16950,"date":"2025-01-21T06:15:00","date_gmt":"2025-01-21T06:15:00","guid":{"rendered":"https:\/\/www.hydraulic-cylinders.net\/product\/arm-cylinder-for-kato-small-excavator-hd1430r\/"},"modified":"2025-01-21T06:15:02","modified_gmt":"2025-01-21T06:15:02","slug":"arm-cylinder-for-kato-small-excavator-hd1430r","status":"publish","type":"product","link":"https:\/\/www.hydraulic-cylinders.net\/cs\/produkt\/arm-cylinder-for-kato-small-excavator-hd1430r\/","title":{"rendered":"V\u00e1lec ramene pro mal\u00e9 rypadlo Kato HD1430R"},"content":{"rendered":"<h1>V\u00e1lec ramene pro mal\u00e9 rypadlo Kato HD1430R<\/h1>\n<h2>Zaveden\u00ed<\/h2>\n<p>V\u00e1lec ramene je speci\u00e1ln\u011b navr\u017een\u00fd hydraulick\u00fd v\u00e1lec, kter\u00fd poskytuje line\u00e1rn\u00ed pohyb a s\u00edlu rameni r\u016fzn\u00fdch stroj\u016f, jako jsou bagry, je\u0159\u00e1by a robotick\u00e1 ramena. Hraje kl\u00ed\u010dovou roli v hydraulick\u00fdch syst\u00e9mech, proto\u017ee umo\u017e\u0148uje efektivn\u00ed pohyb a ovl\u00e1d\u00e1n\u00ed p\u0159\u00edslu\u0161enstv\u00ed nebo p\u0159\u00eddavn\u00fdch za\u0159\u00edzen\u00ed. Tyto v\u00e1lce nejen zaji\u0161\u0165uj\u00ed plynul\u00fd pohyb, ale tak\u00e9 odol\u00e1vaj\u00ed t\u011b\u017ek\u00fdm z\u00e1t\u011b\u017e\u00edm, \u010d\u00edm\u017e zaji\u0161\u0165uj\u00ed vysokou \u00fa\u010dinnost a spolehlivost stroj\u016f v r\u016fzn\u00fdch provozn\u00edch podm\u00ednk\u00e1ch.<\/p>\n<p><img decoding=\"async\" src=\"https:\/\/www.hydraulic-cylinders.net\/wp-content\/uploads\/2025\/01\/songte-company-2.webp\"><\/p>\n<h2>Funkce<\/h2>\n<ul>\n<li><strong>Vysoce \u00fa\u010dinn\u00fd p\u0159enos:<\/strong> V\u00e1lec ramene poskytuje siln\u00fd line\u00e1rn\u00ed pohyb a s\u00edlu, co\u017e zaji\u0161\u0165uje vysokou \u00fa\u010dinnost p\u0159i r\u016fzn\u00fdch operac\u00edch.<\/li>\n<li><strong>P\u0159esn\u00e9 ovl\u00e1d\u00e1n\u00ed:<\/strong> D\u00edky hydraulick\u00e9mu syst\u00e9mu umo\u017e\u0148uje v\u00e1lec ramene p\u0159esn\u00e9 ovl\u00e1d\u00e1n\u00ed pohybu, \u010d\u00edm\u017e je ovl\u00e1d\u00e1n\u00ed p\u0159ipojen\u00e9ho n\u00e1\u0159ad\u00ed flexibiln\u011bj\u0161\u00ed a p\u0159esn\u011bj\u0161\u00ed.<\/li>\n<li><strong>Trvanlivost:<\/strong> V\u00e1lce ramen jsou obvykle vyrobeny z vysoce pevn\u00fdch materi\u00e1l\u016f, kter\u00e9 nab\u00edzej\u00ed vynikaj\u00edc\u00ed odolnost proti opot\u0159eben\u00ed a korozi a jsou vhodn\u00e9 pro dlouhodob\u00e9 pou\u017e\u00edv\u00e1n\u00ed v n\u00e1ro\u010dn\u00fdch podm\u00ednk\u00e1ch.<\/li>\n<li><strong>Multifunk\u010dn\u00ed p\u0159izp\u016fsobivost:<\/strong> Tyto v\u00e1lce jsou \u0161iroce pou\u017eiteln\u00e9 v r\u016fzn\u00fdch mechanick\u00fdch za\u0159\u00edzen\u00edch, jako jsou bagry, je\u0159\u00e1by a robotick\u00e1 ramena, a p\u0159izp\u016fsobuj\u00ed se r\u016fzn\u00fdm pracovn\u00edm po\u017eadavk\u016fm.<\/li>\n<li><strong>Snadn\u00e1 \u00fadr\u017eba:<\/strong> Konstruk\u010dn\u00ed aspekty pro snadnou \u00fadr\u017ebu a v\u00fdm\u011bnu usnad\u0148uj\u00ed pravideln\u00e9 kontroly a \u00fadr\u017ebu, co\u017e zkracuje prostoje za\u0159\u00edzen\u00ed.<\/li>\n<\/ul>\n<p><img decoding=\"async\" src=\"https:\/\/www.hydraulic-cylinders.net\/wp-content\/uploads\/2025\/01\/songte-oil-pipes-and-spare-parts.webp\"><\/p>\n<h2>Aplikace<\/h2>\n<p>Rameno v\u00e1lce nach\u00e1z\u00ed uplatn\u011bn\u00ed v r\u016fzn\u00fdch pr\u016fmyslov\u00fdch odv\u011btv\u00edch:<\/p>\n<h3>1. Stavebn\u00ed in\u017een\u00fdrstv\u00ed<\/h3>\n<p>U bagr\u016f a je\u0159\u00e1b\u016f se v\u00e1lec ramene pou\u017e\u00edv\u00e1 k ovl\u00e1d\u00e1n\u00ed pohybu l\u017e\u00edc nebo v\u00fdlo\u017en\u00edk\u016f pro zemn\u00ed pr\u00e1ce, manipulaci s materi\u00e1lem a mont\u00e1\u017e konstrukc\u00ed.<\/p>\n<h3>2. V\u00fdroba<\/h3>\n<p>V automatizovan\u00fdch v\u00fdrobn\u00edch link\u00e1ch se v\u00e1lec ramene pou\u017e\u00edv\u00e1 k pohybu robotick\u00fdch ramen, co\u017e usnad\u0148uje procesy, jako je mont\u00e1\u017e, sva\u0159ov\u00e1n\u00ed a manipulace s materi\u00e1lem, a zvy\u0161uje efektivitu a p\u0159esnost v\u00fdroby.<\/p>\n<h3>3. Zem\u011bd\u011blsk\u00e9 stroje<\/h3>\n<p>V zem\u011bd\u011blsk\u00fdch stroj\u00edch, jako jsou skl\u00edzec\u00ed a sec\u00ed stroje, \u0159\u00edd\u00ed v\u00e1lec ramene pohyb ovl\u00e1dac\u00edch ramen pro \u00fakoly, jako je set\u00ed, hnojen\u00ed a sklize\u0148.<\/p>\n<h3>4. T\u011b\u017eba<\/h3>\n<p>V t\u011b\u017eebn\u00edch za\u0159\u00edzen\u00edch se v\u00e1lec ramene pou\u017e\u00edv\u00e1 k ovl\u00e1d\u00e1n\u00ed pohybu ramene t\u011b\u017eebn\u00edch stroj\u016f pro t\u011b\u017ebu a p\u0159epravu rudy.<\/p>\n<h3>5. Logistika a doprava<\/h3>\n<p>U vysokozdvi\u017en\u00fdch voz\u00edk\u016f a transportn\u00edch robot\u016f ovl\u00e1d\u00e1 v\u00e1lec ramene zved\u00e1n\u00ed a pohyb vidlic, co\u017e umo\u017e\u0148uje manipulaci s materi\u00e1lem a jeho stohov\u00e1n\u00ed.<\/p>\n<p><img decoding=\"async\" src=\"https:\/\/www.hydraulic-cylinders.net\/wp-content\/uploads\/2025\/01\/songte-cylinder-head-with-all-kinds-excavator-models.webp\"><\/p>\n<h2>Konstruk\u010dn\u00ed aspekty a krit\u00e9ria v\u00fdb\u011bru<\/h2>\n<ul>\n<li><strong>Nosnost:<\/strong> The arm cylinder&#8217;s load-bearing capacity is a crucial design consideration, ensuring it can withstand the intended workload.<\/li>\n<li><strong>T\u011bsn\u011bn\u00ed:<\/strong> Pou\u017e\u00edvaj\u00ed se r\u016fzn\u00e9 t\u011bsnic\u00ed komponenty, jako jsou t\u011bsn\u011bn\u00ed p\u00edst\u016f a p\u00edstnic, s materi\u00e1ly jako polyuretan a nitrilov\u00e1 pry\u017e pro odolnost proti opot\u0159eben\u00ed. Hlava v\u00e1lc\u016f a z\u00e1vitov\u00e9 koncov\u00e9 plochy jsou jemn\u011b o\u0161et\u0159eny pro zv\u00fd\u0161en\u00ed odolnosti.<\/li>\n<li><strong>Trvanlivost:<\/strong> Velk\u00fd d\u016fraz je kladen na v\u00fdb\u011br materi\u00e1l\u016f s vynikaj\u00edc\u00ed odolnost\u00ed proti opot\u0159eben\u00ed a korozi, aby byla zaji\u0161t\u011bna dlouhov\u011bkost v\u00e1lce ramene v n\u00e1ro\u010dn\u00fdch prost\u0159ed\u00edch.<\/li>\n<li><strong>Bezpe\u010dnost:<\/strong> Bezpe\u010dnostn\u00ed prvky a mechanismy jsou integrov\u00e1ny do konstrukce, aby se zabr\u00e1nilo nehod\u00e1m a byla zaji\u0161t\u011bna bezpe\u010dnost obsluhy a za\u0159\u00edzen\u00ed.<\/li>\n<li><strong>\u00dadr\u017eba:<\/strong> Pravideln\u00e9 maz\u00e1n\u00ed vhodn\u00fdm hydraulick\u00fdm olejem a snadn\u00e1 dostupnost pro \u00fadr\u017ebu jsou kl\u00ed\u010dov\u00fdmi faktory p\u0159i konstrukci v\u00e1lc\u016f ramene.<\/li>\n<\/ul>\n<p><img decoding=\"async\" src=\"https:\/\/www.hydraulic-cylinders.net\/wp-content\/uploads\/2025\/01\/songte-chushion-collar.webp\"><\/p>\n<h2>Inspekce, preventivn\u00ed \u00fadr\u017eba a instalace<\/h2>\n<p>Pravideln\u00e1 kontrola a preventivn\u00ed \u00fadr\u017eba jsou nezbytn\u00e9 pro zaji\u0161t\u011bn\u00ed optim\u00e1ln\u00edho v\u00fdkonu a dlouh\u00e9 \u017eivotnosti v\u00e1lce ramene. Je t\u0159eba dodr\u017eovat spr\u00e1vn\u00e9 pokyny pro instalaci:<\/p>\n<h3>Inspekce a preventivn\u00ed \u00fadr\u017eba:<\/h3>\n<ul>\n<li>Pravideln\u011b kontrolujte, zda t\u011bsn\u011bn\u00ed, p\u00edsty a ty\u010de nevykazuj\u00ed zn\u00e1mky net\u011bsnosti, po\u0161kozen\u00ed nebo opot\u0159eben\u00ed.<\/li>\n<li>Inspect and clean the cylinder&#8217;s exterior and ensure proper lubrication.<\/li>\n<li>Opot\u0159ebovan\u00e9 nebo po\u0161kozen\u00e9 sou\u010d\u00e1sti ihned vym\u011b\u0148te, abyste p\u0159ede\u0161li dal\u0161\u00edm probl\u00e9m\u016fm.<\/li>\n<li>Follow the manufacturer&#8217;s maintenance schedule for comprehensive servicing.<\/li>\n<\/ul>\n<h3>Instala\u010dn\u00ed pr\u016fvodce:<\/h3>\n<ul>\n<li>B\u011bhem instalace zajist\u011bte spr\u00e1vn\u00e9 vyrovn\u00e1n\u00ed v\u00e1lce ramene.<\/li>\n<li>Bezpe\u010dn\u011b ut\u00e1hn\u011bte v\u0161echny spoje, abyste zabr\u00e1nili \u00fanik\u016fm.<\/li>\n<li>Dodr\u017eujte doporu\u010den\u00e9 utahovac\u00ed momenty pro v\u0161echny spojovac\u00ed prvky.<\/li>\n<li>P\u0159ed pou\u017eit\u00edm otestujte funk\u010dnost v\u00e1lce ramene.<\/li>\n<\/ul>\n<p><img decoding=\"async\" src=\"https:\/\/www.hydraulic-cylinders.net\/wp-content\/uploads\/2025\/01\/songte-bushings-with-all-kinds-of-excavator-models.webp\"><\/p>\n<h2>Bezpe\u010dnostn\u00ed aspekty a faktory prost\u0159ed\u00ed<\/h2>\n<p>When using the arm cylinder, adhering to safety measures is of utmost importance to prevent accidents and ensure the well-being of personnel and equipment. Environmental factors such as temperature and humidity may affect the cylinder&#8217;s performance, and appropriate precautions should be taken accordingly.<\/p>\n<h2>Odstra\u0148ov\u00e1n\u00ed probl\u00e9m\u016f a b\u011b\u017en\u00e9 probl\u00e9my<\/h2>\n<p>V p\u0159\u00edpad\u011b jak\u00fdchkoli poruch nebo probl\u00e9m\u016f s v\u00e1lcem ramene v\u00e1m n\u00e1sleduj\u00edc\u00ed kroky a \u0159e\u0161en\u00ed probl\u00e9m\u016f pomohou diagnostikovat a efektivn\u011b vy\u0159e\u0161it probl\u00e9my. D\u00e1le se doporu\u010duj\u00ed preventivn\u00ed opat\u0159en\u00ed k minimalizaci potenci\u00e1ln\u00edch probl\u00e9m\u016f:<\/p>\n<p><img decoding=\"async\" src=\"https:\/\/www.hydraulic-cylinders.net\/wp-content\/uploads\/2025\/01\/songte-chushion-collar.webp\"><\/p>\n<h2>O na\u0161\u00ed spole\u010dnosti<\/h2>\n<p>We are a professional manufacturer specializing in the production of replacement hydraulic cylinders. With a wide range of product offerings, we have become one of the leading manufacturers and wholesale distributors of hydraulic cylinders in domestic and international markets. Our commitment to excellence and industrialized production management strategies in our state-of-the-art manufacturing facility enable us to continually enhance our technical expertise and production efficiency. By introducing high-end digital manufacturing equipment and professional testing systems, we optimize our manufacturing platform, improve product quality control processes, and demonstrate strong innovative capabilities. Our goal is to meet our customers&#8217; diverse needs with principles of efficiency, precision, and high quality.<\/p>\n<p><img decoding=\"async\" src=\"https:\/\/www.hydraulic-cylinders.net\/wp-content\/uploads\/2025\/01\/songte-company-4.webp\"><br \/>\n<img decoding=\"async\" src=\"https:\/\/www.hydraulic-cylinders.net\/wp-content\/uploads\/2025\/01\/songte-company-3.webp\"><\/p>\n<p>Autor: lyl<\/p>","protected":false},"excerpt":{"rendered":"<p>Arm Cylinder For Kato Small Excavator HD1430R Introduction The arm cylinder is a specially designed hydraulic cylinder that provides linear motion and power to the arm of various machinery, such as excavators, cranes, and robotic arms. It plays a crucial role in hydraulic systems, enabling the efficient movement and control of attachments or accessories. These [&hellip;]<\/p>","protected":false},"featured_media":14779,"comment_status":"open","ping_status":"closed","template":"","meta":{"_et_pb_use_builder":"","_et_pb_old_content":"","_et_gb_content_width":""},"product_brand":[],"product_cat":[1497],"product_tag":[1498,1496],"class_list":{"0":"post-16950","1":"product","2":"type-product","3":"status-publish","4":"has-post-thumbnail","6":"product_cat-arm-cylinders","7":"product_tag-arm-cylinders","8":"product_tag-hydraulic-cylinders","10":"first","11":"instock","12":"shipping-taxable","13":"product-type-simple"},"amp_enabled":true,"_links":{"self":[{"href":"https:\/\/www.hydraulic-cylinders.net\/cs\/wp-json\/wp\/v2\/product\/16950","targetHints":{"allow":["GET"]}}],"collection":[{"href":"https:\/\/www.hydraulic-cylinders.net\/cs\/wp-json\/wp\/v2\/product"}],"about":[{"href":"https:\/\/www.hydraulic-cylinders.net\/cs\/wp-json\/wp\/v2\/types\/product"}],"replies":[{"embeddable":true,"href":"https:\/\/www.hydraulic-cylinders.net\/cs\/wp-json\/wp\/v2\/comments?post=16950"}],"wp:featuredmedia":[{"embeddable":true,"href":"https:\/\/www.hydraulic-cylinders.net\/cs\/wp-json\/wp\/v2\/media\/14779"}],"wp:attachment":[{"href":"https:\/\/www.hydraulic-cylinders.net\/cs\/wp-json\/wp\/v2\/media?parent=16950"}],"wp:term":[{"taxonomy":"product_brand","embeddable":true,"href":"https:\/\/www.hydraulic-cylinders.net\/cs\/wp-json\/wp\/v2\/product_brand?post=16950"},{"taxonomy":"product_cat","embeddable":true,"href":"https:\/\/www.hydraulic-cylinders.net\/cs\/wp-json\/wp\/v2\/product_cat?post=16950"},{"taxonomy":"product_tag","embeddable":true,"href":"https:\/\/www.hydraulic-cylinders.net\/cs\/wp-json\/wp\/v2\/product_tag?post=16950"}],"curies":[{"name":"wp","href":"https:\/\/api.w.org\/{rel}","templated":true}]}}