{"id":16955,"date":"2025-01-21T06:15:29","date_gmt":"2025-01-21T06:15:29","guid":{"rendered":"https:\/\/www.hydraulic-cylinders.net\/product\/arm-cylinder-for-kato-small-excavator-hd820r820v\/"},"modified":"2025-01-21T06:15:31","modified_gmt":"2025-01-21T06:15:31","slug":"arm-cylinder-for-kato-small-excavator-hd820r820v","status":"publish","type":"product","link":"https:\/\/www.hydraulic-cylinders.net\/cs\/produkt\/arm-cylinder-for-kato-small-excavator-hd820r820v\/","title":{"rendered":"V\u00e1lec ramene pro mal\u00e9 rypadlo Kato HD820R820V"},"content":{"rendered":"<h2>V\u00e1lec ramene pro mal\u00e9 rypadlo Kato HD820R820V<\/h2>\n<h3>Definice a vysv\u011btlen\u00ed<\/h3>\n<p>V\u00e1lec ramene je speci\u00e1ln\u011b navr\u017een\u00fd hydraulick\u00fd v\u00e1lec, kter\u00fd zaji\u0161\u0165uje line\u00e1rn\u00ed pohyb a s\u00edlu ramene r\u016fzn\u00fdch typ\u016f stroj\u016f, jako jsou bagry, je\u0159\u00e1by a mechanick\u00e1 ramena. V\u00e1lec ramene hraje kl\u00ed\u010dovou roli v hydraulick\u00e9m syst\u00e9mu, proto\u017ee umo\u017e\u0148uje efektivn\u00ed pohyb a ovl\u00e1d\u00e1n\u00ed dal\u0161\u00edho n\u00e1\u0159ad\u00ed nebo p\u0159\u00edslu\u0161enstv\u00ed. Tyto v\u00e1lce nejen zaji\u0161\u0165uj\u00ed plynul\u00fd pohyb, ale tak\u00e9 odol\u00e1vaj\u00ed t\u011b\u017ek\u00fdm z\u00e1t\u011b\u017e\u00edm, \u010d\u00edm\u017e zaji\u0161\u0165uj\u00ed efektivn\u00ed provoz a spolehlivost stroje za r\u016fzn\u00fdch pracovn\u00edch podm\u00ednek.<\/p>\n<p><img decoding=\"async\" src=\"https:\/\/www.hydraulic-cylinders.net\/wp-content\/uploads\/2025\/01\/songte-company-2.webp\" alt=\"V\u00e1lec ramene\"><\/p>\n<h3>Vlastnosti produktu<\/h3>\n<ul>\n<li><strong>Vysoce \u00fa\u010dinn\u00fd p\u0159enos:<\/strong> V\u00e1lec ramene m\u016f\u017ee poskytovat siln\u00fd line\u00e1rn\u00ed pohyb a s\u00edlu, co\u017e zaji\u0161\u0165uje vysokou \u00fa\u010dinnost p\u0159i r\u016fzn\u00fdch operac\u00edch.<\/li>\n<li><strong>P\u0159esn\u00e9 ovl\u00e1d\u00e1n\u00ed:<\/strong> D\u00edky hydraulick\u00e9mu syst\u00e9mu m\u016f\u017ee v\u00e1lec ramene dos\u00e1hnout p\u0159esn\u00e9ho \u0159\u00edzen\u00ed pohybu, co\u017e zvy\u0161uje flexibilitu a p\u0159esnost ovl\u00e1d\u00e1n\u00ed dal\u0161\u00edch n\u00e1stroj\u016f.<\/li>\n<li><strong>Siln\u00e1 trvanlivost:<\/strong> V\u00e1lec ramene je obvykle vyroben z vysoce pevn\u00fdch materi\u00e1l\u016f s dobrou odolnost\u00ed proti opot\u0159eben\u00ed a korozi, vhodn\u00fdch pro dlouhodob\u00e9 pou\u017eit\u00ed v n\u00e1ro\u010dn\u00fdch podm\u00ednk\u00e1ch.<\/li>\n<li><strong>Multifunk\u010dn\u00ed p\u0159izp\u016fsobivost:<\/strong> Tyto v\u00e1lce lze \u0161iroce pou\u017e\u00edvat v r\u016fzn\u00fdch mechanick\u00fdch za\u0159\u00edzen\u00edch, jako jsou bagry, je\u0159\u00e1by a mechanick\u00e1 ramena, aby spl\u0148ovaly r\u016fzn\u00e9 pracovn\u00ed po\u017eadavky.<\/li>\n<li><strong>Snadn\u00e1 \u00fadr\u017eba:<\/strong> Konstrukce zohled\u0148uje snadnou \u00fadr\u017ebu a v\u00fdm\u011bnu, co\u017e usnad\u0148uje pravideln\u00e9 kontroly a \u00fadr\u017ebu a zkracuje prostoje za\u0159\u00edzen\u00ed.<\/li>\n<\/ul>\n<p>N\u00e1\u0161 produkt dok\u00e1\u017ee tyto hydraulick\u00e9 v\u00e1lce dokonale nahradit. <br \/> <img decoding=\"async\" src=\"https:\/\/www.hydraulic-cylinders.net\/wp-content\/uploads\/2025\/01\/songte-oil-pipes-and-spare-parts.webp\" alt=\"Obr\u00e1zek produktu\"><\/p>\n<h3>Aplikace<\/h3>\n<p>V\u00e1lec ramene lze pou\u017e\u00edt v r\u016fzn\u00fdch pr\u016fmyslov\u00fdch odv\u011btv\u00edch a za\u0159\u00edzen\u00edch:<\/p>\n<ul>\n<li><strong>Stavebn\u00ed in\u017een\u00fdrstv\u00ed:<\/strong> U bagr\u016f a je\u0159\u00e1b\u016f se v\u00e1lec ramene pou\u017e\u00edv\u00e1 k ovl\u00e1d\u00e1n\u00ed pohybu l\u017e\u00edce nebo v\u00fdlo\u017en\u00edku pro zemn\u00ed pr\u00e1ce, manipulaci s materi\u00e1lem a mont\u00e1\u017e konstrukc\u00ed.<\/li>\n<li><strong>V\u00fdrobn\u00ed:<\/strong> V automatizovan\u00fdch v\u00fdrobn\u00edch link\u00e1ch se v\u00e1lec ramene pou\u017e\u00edv\u00e1 pro pohyb mechanick\u00fdch ramen, jako je mont\u00e1\u017e, sva\u0159ov\u00e1n\u00ed a manipulace, ke zlep\u0161en\u00ed efektivity a p\u0159esnosti v\u00fdroby.<\/li>\n<li><strong>Zem\u011bd\u011blsk\u00e9 stroje:<\/strong> V zem\u011bd\u011blsk\u00fdch stroj\u00edch, jako jsou skl\u00edzec\u00ed a s\u00e1zec\u00ed stroje, v\u00e1lec ramene ovl\u00e1d\u00e1 pohyb ovl\u00e1dac\u00edho ramene pro prov\u00e1d\u011bn\u00ed \u00fakol\u016f, jako je set\u00ed, hnojen\u00ed a sklize\u0148.<\/li>\n<li><strong>Hornictv\u00ed:<\/strong> V t\u011b\u017eebn\u00edm za\u0159\u00edzen\u00ed se v\u00e1lec ramene pou\u017e\u00edv\u00e1 k ovl\u00e1d\u00e1n\u00ed pohybu ramene t\u011b\u017eebn\u00edho za\u0159\u00edzen\u00ed pro t\u011b\u017ebu a manipulaci s rudou.<\/li>\n<li><strong>Logistika a doprava:<\/strong> U vysokozdvi\u017en\u00fdch voz\u00edk\u016f a manipula\u010dn\u00edch robot\u016f se v\u00e1lec ramene pou\u017e\u00edv\u00e1 k ovl\u00e1d\u00e1n\u00ed zved\u00e1n\u00ed a pohybu n\u00e1kladu, \u010d\u00edm\u017e se realizuje manipulace s materi\u00e1lem a jeho stohov\u00e1n\u00ed.<\/li>\n<\/ul>\n<h3>\u00davahy o n\u00e1vrhu a standardy v\u00fdb\u011bru<\/h3>\n<p>V\u00e1lec ramene mus\u00ed spl\u0148ovat n\u00e1sleduj\u00edc\u00ed konstruk\u010dn\u00ed a v\u00fdb\u011brov\u00e9 standardy:<\/p>\n<ul>\n<li><strong>Nosnost:<\/strong> V\u00e1lec ramene mus\u00ed m\u00edt dostate\u010dnou nosnost pro zat\u00ed\u017een\u00ed, kter\u00e9 nese.<\/li>\n<li><strong>T\u011bsn\u011bn\u00ed:<\/strong> V\u00e1lec ramene mus\u00ed pou\u017e\u00edvat r\u016fzn\u00e9 t\u011bsnic\u00ed komponenty, jako jsou t\u011bsn\u011bn\u00ed p\u00edstu a t\u011bsn\u011bn\u00ed p\u00edstnice, vyroben\u00e9 z materi\u00e1l\u016f odoln\u00fdch proti opot\u0159eben\u00ed, jako je polyuretan a nitrilov\u00e1 pry\u017e, aby byl zaji\u0161t\u011bn t\u011bsnic\u00ed v\u00fdkon.<\/li>\n<li><strong>Trvanlivost:<\/strong> V\u00e1lec ramene mus\u00ed b\u00fdt vyroben z vysoce pevn\u00fdch materi\u00e1l\u016f s dobrou odolnost\u00ed proti opot\u0159eben\u00ed a korozi, aby bylo zaji\u0161t\u011bno dlouhodob\u00e9 pou\u017e\u00edv\u00e1n\u00ed v n\u00e1ro\u010dn\u00fdch podm\u00ednk\u00e1ch.<\/li>\n<li><strong>Bezpe\u010dnost:<\/strong> V\u00e1lec ramene mus\u00ed b\u00fdt navr\u017een s bezpe\u010dnostn\u00edmi prvky, jako je ochrana proti p\u0159et\u00ed\u017een\u00ed a nouzov\u00e9 zastaven\u00ed, aby byl zaji\u0161t\u011bn bezpe\u010dn\u00fd provoz.<\/li>\n<li><strong>\u00dadr\u017eba:<\/strong> V\u00e1lec ramene mus\u00ed b\u00fdt navr\u017een pro snadnou \u00fadr\u017ebu a v\u00fdm\u011bnu, nap\u0159\u00edklad pro snadn\u00fd p\u0159\u00edstup k bod\u016fm \u00fadr\u017eby a standardn\u00edm komponent\u016fm.<\/li>\n<\/ul>\n<p><img decoding=\"async\" src=\"https:\/\/www.hydraulic-cylinders.net\/wp-content\/uploads\/2025\/01\/songte-cylinder-head-with-all-kinds-excavator-models.webp\" alt=\"\u00davahy o designu\"><\/p>\n<h3>T\u011bsn\u011bn\u00ed a maz\u00e1n\u00ed<\/h3>\n<p>Pro zaji\u0161t\u011bn\u00ed t\u011bsnic\u00edho \u00fa\u010dinku mus\u00ed b\u00fdt v v\u00e1lci ramene pou\u017eity r\u016fzn\u00e9 t\u011bsnic\u00ed prvky, jako jsou t\u011bsn\u011bn\u00ed p\u00edst\u016f a p\u00edstnic, vyroben\u00e9 z materi\u00e1l\u016f odoln\u00fdch proti opot\u0159eben\u00ed, jako je polyuretan a nitrilov\u00fd kau\u010duk. T\u011bleso v\u00e1lce a povrch z\u00e1vitu proch\u00e1zej\u00ed jemn\u00fdm opracov\u00e1n\u00edm pro zlep\u0161en\u00ed odolnosti proti opot\u0159eben\u00ed. V\u00e1lec ramene je t\u0159eba pravideln\u011b mazat vhodn\u00fdm mno\u017estv\u00edm hydraulick\u00e9ho oleje, aby byl zaji\u0161t\u011bn hladk\u00fd chod.<\/p>\n<p><img decoding=\"async\" src=\"https:\/\/www.hydraulic-cylinders.net\/wp-content\/uploads\/2025\/01\/songte-chushion-collar.webp\" alt=\"T\u011bsn\u011bn\u00ed a maz\u00e1n\u00ed\"><\/p>\n<h3>Preventivn\u00ed \u00fadr\u017eba<\/h3>\n<p>V\u00e1lec ramene vy\u017eaduje pravidelnou kontrolu a preventivn\u00ed \u00fadr\u017ebu, aby byla zaji\u0161t\u011bna jeho v\u00fdkonnost a prodlou\u017eena jeho \u017eivotnost.<\/p>\n<ul>\n<li><strong>\u010cistota:<\/strong> Udr\u017eujte v\u00e1lec ramene a hydraulick\u00fd syst\u00e9m v \u010distot\u011b, abyste zabr\u00e1nili jejich kontaminaci.<\/li>\n<li><strong>Kontrola opot\u0159eben\u00ed:<\/strong> Pravideln\u011b kontrolujte v\u00e1lec ramene, zda nen\u00ed opot\u0159ebovan\u00fd, deformovan\u00fd nebo po\u0161kozen\u00fd, a v p\u0159\u00edpad\u011b pot\u0159eby jej vym\u011b\u0148te.<\/li>\n<li><strong>Maz\u00e1n\u00ed:<\/strong> Pravideln\u011b promaz\u00e1vejte v\u00e1lec ramene vhodn\u00fdm mno\u017estv\u00edm hydraulick\u00e9ho oleje, abyste zajistili hladk\u00fd chod.<\/li>\n<li><strong>Kontrola t\u011bsnosti:<\/strong> Pravideln\u011b kontrolujte v\u00e1lec ramene, zda nedoch\u00e1z\u00ed k \u00faniku, a v p\u0159\u00edpad\u011b pot\u0159eby jej opravte.<\/li>\n<\/ul>\n<h3>Instala\u010dn\u00ed p\u0159\u00edru\u010dka<\/h3>\n<p>Pro spr\u00e1vnou instalaci v\u00e1lce ramene postupujte podle t\u011bchto krok\u016f:<\/p>\n<ol>\n<li>Zkontrolujte kompatibilitu v\u00e1lce ramene se strojem a hydraulick\u00fdm syst\u00e9mem.<\/li>\n<li>Vy\u010dist\u011bte m\u00edsto instalace a p\u0159ipojen\u00ed hydraulick\u00e9ho syst\u00e9mu.<\/li>\n<li>Namontujte v\u00e1lec ramene a ut\u00e1hn\u011bte spojovac\u00ed \u0161rouby p\u0159edepsan\u00fdm utahovac\u00edm momentem.<\/li>\n<li>P\u0159ipojte hydraulick\u00e9 hadice a armatury k v\u00e1lci ramene.<\/li>\n<li>Zkontrolujte v\u00e1lec ramene, zda spr\u00e1vn\u011b funguje a zda nedoch\u00e1z\u00ed k \u00faniku.<\/li>\n<\/ol>\n<p><img decoding=\"async\" src=\"https:\/\/www.hydraulic-cylinders.net\/wp-content\/uploads\/2025\/01\/songte-bushings-with-all-kinds-of-excavator-models.webp\" alt=\"Instala\u010dn\u00ed p\u0159\u00edru\u010dka\"><\/p>\n<h3>Bezpe\u010dnostn\u00ed aspekty a faktory prost\u0159ed\u00ed<\/h3>\n<p>P\u0159i pou\u017e\u00edv\u00e1n\u00ed v\u00e1lce s ramenem je d\u016fle\u017eit\u00e9 dodr\u017eovat bezpe\u010dnostn\u00ed p\u0159edpisy a pokyny, aby se p\u0159ede\u0161lo nehod\u00e1m a zran\u011bn\u00edm. Faktory prost\u0159ed\u00ed, jako je teplota a vlhkost, mohou ovlivnit v\u00fdkon a \u017eivotnost v\u00e1lce s ramenem, a proto je nutn\u00e9 tyto faktory zv\u00e1\u017eit p\u0159i v\u00fdb\u011bru a pou\u017e\u00edv\u00e1n\u00ed v\u00e1lce s ramenem.<\/p>\n<h3>Odstra\u0148ov\u00e1n\u00ed probl\u00e9m\u016f a b\u011b\u017en\u00e9 probl\u00e9my<\/h3>\n<p>Mezi b\u011b\u017en\u00e9 probl\u00e9my s v\u00e1lcem ramene pat\u0159\u00ed net\u011bsnost, opot\u0159eben\u00ed a po\u0161kozen\u00ed. Chcete-li tyto probl\u00e9my diagnostikovat a vy\u0159e\u0161it, postupujte takto:<\/p>\n<ol>\n<li>Identifikujte p\u0159\u00edznaky a p\u0159\u00ed\u010diny probl\u00e9mu.<\/li>\n<li>Zkontrolujte v\u00e1lec ramene a hydraulick\u00fd syst\u00e9m, zda nejsou opot\u0159ebovan\u00e9, deformovan\u00e9 nebo po\u0161kozen\u00e9.<\/li>\n<li>Opravte nebo vym\u011b\u0148te po\u0161kozen\u00e9 sou\u010d\u00e1sti.<\/li>\n<li>Zkontrolujte v\u00e1lec ramene, zda spr\u00e1vn\u011b funguje a zda nedoch\u00e1z\u00ed k \u00faniku.<\/li>\n<\/ol>\n<p><img decoding=\"async\" src=\"https:\/\/www.hydraulic-cylinders.net\/wp-content\/uploads\/2025\/01\/songte-company-4.webp\" alt=\"Informace o spole\u010dnosti\"><\/p>\n<p>We are a professional manufacturer of replacement hydraulic cylinders, with a wide range of products. We have become one of the leading hydraulic cylinder manufacturers and wholesale distributors in the domestic and international markets. We always adhere to the principle of excellent quality, rely on the industrialized production management strategy of fine manufacturing workshops, continuously improve our technical level and production efficiency. By introducing high-end digital manufacturing equipment and professional inspection systems, we continuously optimize our manufacturing platform, improve product quality control processes and have strong innovation capabilities. Our goal is to meet customer&#8217;s diversified needs with principles of high efficiency, accuracy, and high-quality.<\/p>\n<h3>O na\u0161\u00ed spole\u010dnosti<\/h3>\n<p>Na\u0161e spole\u010dnost m\u00e1 n\u00e1sleduj\u00edc\u00ed v\u00fdhody:<\/p>\n<ul>\n<li><strong>Profesionalita:<\/strong> Na\u0161e spole\u010dnost m\u00e1 profesion\u00e1ln\u00ed t\u00fdm s bohat\u00fdmi zku\u0161enostmi v oblasti n\u00e1vrhu, v\u00fdroby a prodeje hydraulick\u00fdch v\u00e1lc\u016f.<\/li>\n<li><strong>Mezin\u00e1rodn\u00ed certifikace:<\/strong> Na\u0161e v\u00fdrobky z\u00edskaly mezin\u00e1rodn\u00ed certifikace kvality a bezpe\u010dnosti, jako jsou ISO9001, CE a SGS.<\/li>\n<li><strong>Slu\u017eby p\u0159izp\u016fsoben\u00ed:<\/strong> Our company provides customized hydraulic cylinder services according to customer&#8217;s specific requirements.<\/li>\n<li><strong>V\u00fdrobn\u00ed za\u0159\u00edzen\u00ed:<\/strong> Na\u0161e spole\u010dnost disponuje pokro\u010dil\u00fdm digit\u00e1ln\u00edm v\u00fdrobn\u00edm za\u0159\u00edzen\u00edm, jako jsou CNC stroje a testovac\u00ed syst\u00e9my, kter\u00e9 zaji\u0161\u0165uj\u00ed kvalitu a efektivitu v\u00fdrobk\u016f.<\/li>\n<li><strong>Poprodejn\u00ed slu\u017eby:<\/strong> Na\u0161e spole\u010dnost m\u00e1 profesion\u00e1ln\u00ed t\u00fdm poprodejn\u00edch slu\u017eeb, kter\u00fd poskytuje v\u010dasnou technickou podporu a \u00fadr\u017ebu.<\/li>\n<\/ul>\n<p><img decoding=\"async\" src=\"https:\/\/www.hydraulic-cylinders.net\/wp-content\/uploads\/2025\/01\/songte-company-3.webp\" alt=\"Informace o spole\u010dnosti\"><\/p>\n<p>Autor: lyl.<\/p>","protected":false},"excerpt":{"rendered":"<p>Arm Cylinder For Kato Small Excavator HD820R820V Definition and Explanation The arm cylinder is a specially designed hydraulic cylinder that provides linear motion and power to the arm of various types of machinery, such as excavators, cranes, and mechanical arms. The arm cylinder plays a critical role in the hydraulic system, enabling additional tools or [&hellip;]<\/p>","protected":false},"featured_media":14766,"comment_status":"open","ping_status":"closed","template":"","meta":{"_et_pb_use_builder":"","_et_pb_old_content":"","_et_gb_content_width":""},"product_brand":[],"product_cat":[1497],"product_tag":[1498,1496],"class_list":{"0":"post-16955","1":"product","2":"type-product","3":"status-publish","4":"has-post-thumbnail","6":"product_cat-arm-cylinders","7":"product_tag-arm-cylinders","8":"product_tag-hydraulic-cylinders","10":"first","11":"instock","12":"shipping-taxable","13":"product-type-simple"},"amp_enabled":true,"_links":{"self":[{"href":"https:\/\/www.hydraulic-cylinders.net\/cs\/wp-json\/wp\/v2\/product\/16955","targetHints":{"allow":["GET"]}}],"collection":[{"href":"https:\/\/www.hydraulic-cylinders.net\/cs\/wp-json\/wp\/v2\/product"}],"about":[{"href":"https:\/\/www.hydraulic-cylinders.net\/cs\/wp-json\/wp\/v2\/types\/product"}],"replies":[{"embeddable":true,"href":"https:\/\/www.hydraulic-cylinders.net\/cs\/wp-json\/wp\/v2\/comments?post=16955"}],"wp:featuredmedia":[{"embeddable":true,"href":"https:\/\/www.hydraulic-cylinders.net\/cs\/wp-json\/wp\/v2\/media\/14766"}],"wp:attachment":[{"href":"https:\/\/www.hydraulic-cylinders.net\/cs\/wp-json\/wp\/v2\/media?parent=16955"}],"wp:term":[{"taxonomy":"product_brand","embeddable":true,"href":"https:\/\/www.hydraulic-cylinders.net\/cs\/wp-json\/wp\/v2\/product_brand?post=16955"},{"taxonomy":"product_cat","embeddable":true,"href":"https:\/\/www.hydraulic-cylinders.net\/cs\/wp-json\/wp\/v2\/product_cat?post=16955"},{"taxonomy":"product_tag","embeddable":true,"href":"https:\/\/www.hydraulic-cylinders.net\/cs\/wp-json\/wp\/v2\/product_tag?post=16955"}],"curies":[{"name":"wp","href":"https:\/\/api.w.org\/{rel}","templated":true}]}}