{"id":16958,"date":"2025-01-21T06:15:42","date_gmt":"2025-01-21T06:15:42","guid":{"rendered":"https:\/\/www.hydraulic-cylinders.net\/product\/arm-cylinder-for-kato-small-excavator-hd308r\/"},"modified":"2025-01-21T06:15:43","modified_gmt":"2025-01-21T06:15:43","slug":"arm-cylinder-for-kato-small-excavator-hd308r","status":"publish","type":"product","link":"https:\/\/www.hydraulic-cylinders.net\/cs\/produkt\/arm-cylinder-for-kato-small-excavator-hd308r\/","title":{"rendered":"V\u00e1lec ramene pro mal\u00e9 rypadlo Kato HD308R"},"content":{"rendered":"<h1>V\u00e1lec ramene pro mal\u00e9 rypadlo Kato HD308R<\/h1>\n<h2>Zaveden\u00ed<\/h2>\n<p>Hydraulick\u00fd v\u00e1lec ramene pro mal\u00e9 rypadlo Kato HD308R je speci\u00e1ln\u011b navr\u017een\u00fd hydraulick\u00fd v\u00e1lec, kter\u00fd poskytuje line\u00e1rn\u00ed pohyb a s\u00edlu rameni r\u016fzn\u00fdch typ\u016f stroj\u016f, jako jsou rypadla, je\u0159\u00e1by a mechanick\u00e1 ramena. V\u00e1lec ramene hraje kl\u00ed\u010dovou roli v hydraulick\u00fdch syst\u00e9mech, proto\u017ee umo\u017e\u0148uje efektivn\u00ed pohyb a ovl\u00e1d\u00e1n\u00ed p\u0159\u00eddavn\u00e9ho n\u00e1\u0159ad\u00ed nebo p\u0159\u00edslu\u0161enstv\u00ed. Tyto v\u00e1lce nejen umo\u017e\u0148uj\u00ed plynul\u00fd pohyb, ale tak\u00e9 odol\u00e1vaj\u00ed t\u011b\u017ek\u00fdm z\u00e1t\u011b\u017e\u00edm, co\u017e zaji\u0161\u0165uj\u00ed efektivn\u00ed provoz a spolehlivost stroje v r\u016fzn\u00fdch pracovn\u00edch podm\u00ednk\u00e1ch.<\/p>\n<p><img decoding=\"async\" src=\"https:\/\/www.hydraulic-cylinders.net\/wp-content\/uploads\/2025\/01\/songte-company-2.webp\" alt=\"Obr\u00e1zek produktu\"><\/p>\n<h2>Funkce<\/h2>\n<ul>\n<li><strong>Vysoce \u00fa\u010dinn\u00fd p\u0159enos:<\/strong> V\u00e1lec ramene poskytuje siln\u00fd line\u00e1rn\u00ed pohyb a s\u00edlu, co\u017e zaji\u0161\u0165uje vysok\u00fd v\u00fdkon mechanick\u00e9ho ramene v r\u016fzn\u00fdch operac\u00edch.<\/li>\n<li><strong>P\u0159esn\u00e9 ovl\u00e1d\u00e1n\u00ed:<\/strong> D\u00edky hydraulick\u00e9mu syst\u00e9mu umo\u017e\u0148uje v\u00e1lec ramene p\u0159esn\u00e9 ovl\u00e1d\u00e1n\u00ed pohybu, co\u017e zvy\u0161uje flexibilitu a p\u0159esnost ovl\u00e1d\u00e1n\u00ed dal\u0161\u00edch n\u00e1stroj\u016f.<\/li>\n<li><strong>Trvanlivost:<\/strong> V\u00e1lce ramen jsou obvykle vyrobeny z vysoce pevn\u00fdch materi\u00e1l\u016f, kter\u00e9 nab\u00edzej\u00ed vynikaj\u00edc\u00ed odolnost proti opot\u0159eben\u00ed a korozi, d\u00edky \u010demu\u017e jsou vhodn\u00e9 pro dlouhodob\u00e9 pou\u017e\u00edv\u00e1n\u00ed v n\u00e1ro\u010dn\u00fdch podm\u00ednk\u00e1ch.<\/li>\n<li><strong>Multifunk\u010dn\u00ed p\u0159izp\u016fsobivost:<\/strong> Tyto v\u00e1lce lze \u0161iroce pou\u017e\u00edt v r\u016fzn\u00fdch typech stroj\u016f, jako jsou bagry, je\u0159\u00e1by a mechanick\u00e1 ramena, a p\u0159izp\u016fsobit se tak r\u016fzn\u00fdm pracovn\u00edm po\u017eadavk\u016fm.<\/li>\n<li><strong>Snadn\u00e1 \u00fadr\u017eba:<\/strong> Konstrukce t\u011bchto v\u00e1lc\u016f zohled\u0148uje snadnou \u00fadr\u017ebu a v\u00fdm\u011bnu, co\u017e usnad\u0148uje pravideln\u00e9 kontroly a \u00fadr\u017ebu a zkracuje prostoje za\u0159\u00edzen\u00ed.<\/li>\n<\/ul>\n<p><img decoding=\"async\" src=\"https:\/\/www.hydraulic-cylinders.net\/wp-content\/uploads\/2025\/01\/songte-oil-pipes-and-spare-parts.webp\" alt=\"Obr\u00e1zek produktu\"><\/p>\n<h2>Aplikace<\/h2>\n<p>V\u00e1lec ramene pro mal\u00e9 rypadlo Kato HD308R nach\u00e1z\u00ed uplatn\u011bn\u00ed v r\u016fzn\u00fdch odv\u011btv\u00edch:<\/p>\n<ol>\n<li><strong>Stavebn\u00ed in\u017een\u00fdrstv\u00ed:<\/strong> U bagr\u016f a je\u0159\u00e1b\u016f se v\u00e1lec ramene pou\u017e\u00edv\u00e1 k ovl\u00e1d\u00e1n\u00ed pohybu l\u017e\u00edc nebo v\u00fdlo\u017en\u00edk\u016f pro zemn\u00ed pr\u00e1ce, manipulaci s materi\u00e1lem a mont\u00e1\u017e konstrukc\u00ed.<\/li>\n<li><strong>Zpracovatelsk\u00fd pr\u016fmysl:<\/strong> V automatizovan\u00fdch v\u00fdrobn\u00edch link\u00e1ch se v\u00e1lec ramene pou\u017e\u00edv\u00e1 k pohybu mechanick\u00fdch ramen v procesech, jako je mont\u00e1\u017e, sva\u0159ov\u00e1n\u00ed a manipulace s materi\u00e1lem, co\u017e zlep\u0161uje efektivitu a p\u0159esnost v\u00fdroby.<\/li>\n<li><strong>Zem\u011bd\u011blsk\u00e9 stroje:<\/strong> V zem\u011bd\u011blsk\u00fdch stroj\u00edch, jako jsou skl\u00edzec\u00ed a sec\u00ed stroje, \u0159\u00edd\u00ed v\u00e1lec ramene pohyb ovl\u00e1dac\u00edch ramen pro \u00fakoly, jako je set\u00ed, hnojen\u00ed a sklize\u0148.<\/li>\n<li><strong>T\u011b\u017eebn\u00ed pr\u016fmysl:<\/strong> V t\u011b\u017eebn\u00edch za\u0159\u00edzen\u00edch se v\u00e1lec ramene pou\u017e\u00edv\u00e1 k ovl\u00e1d\u00e1n\u00ed pohybu ramene t\u011b\u017eebn\u00edch za\u0159\u00edzen\u00ed, co\u017e usnad\u0148uje t\u011b\u017ebu a p\u0159epravu rud.<\/li>\n<li><strong>Logistika a doprava:<\/strong> U vysokozdvi\u017en\u00fdch voz\u00edk\u016f a manipula\u010dn\u00edch robot\u016f se v\u00e1lec ramene pou\u017e\u00edv\u00e1 k ovl\u00e1d\u00e1n\u00ed zved\u00e1n\u00ed a pohybu vidlic, co\u017e umo\u017e\u0148uje p\u0159epravu a stohov\u00e1n\u00ed materi\u00e1l\u016f.<\/li>\n<\/ol>\n<h2>Konstruk\u010dn\u00ed aspekty a krit\u00e9ria v\u00fdb\u011bru<\/h2>\n<p>Pokud jde o konstrukci v\u00e1lce ramene, je t\u0159eba zv\u00e1\u017eit n\u011bkolik kl\u00ed\u010dov\u00fdch faktor\u016f a krit\u00e9ri\u00ed v\u00fdb\u011bru:<\/p>\n<ol>\n<li><strong>Nosnost:<\/strong> V\u00e1lec ramene by m\u011bl b\u00fdt navr\u017een tak, aby odolal zam\u00fd\u0161len\u00e9mu zat\u00ed\u017een\u00ed a sil\u00e1m, aby byl zaji\u0161t\u011bn bezpe\u010dn\u00fd a efektivn\u00ed provoz.<\/li>\n<li><strong>T\u011bsn\u011bn\u00ed:<\/strong> K zabr\u00e1n\u011bn\u00ed \u00faniku hydraulick\u00e9 kapaliny a zachov\u00e1n\u00ed spr\u00e1vn\u00e9 funkce by se m\u011bly pou\u017e\u00edvat r\u016fzn\u00e9 t\u011bsnic\u00ed prvky, jako jsou t\u011bsn\u011bn\u00ed p\u00edst\u016f a p\u00edstnic. Tato t\u011bsn\u011bn\u00ed jsou \u010dasto vyrobena z materi\u00e1l\u016f odoln\u00fdch proti opot\u0159eben\u00ed, jako je polyuretan a nitrilov\u00e1 pry\u017e.<\/li>\n<li><strong>Trvanlivost:<\/strong> T\u011bleso v\u00e1lce a z\u00e1vitov\u00e9 konce by m\u011bly b\u00fdt precizn\u011b o\u0161et\u0159eny, aby se zv\u00fd\u0161ila odolnost proti opot\u0159eben\u00ed. Pro zaji\u0161t\u011bn\u00ed plynul\u00e9ho provozu a dlouh\u00e9 \u017eivotnosti je nav\u00edc nezbytn\u00e9 spr\u00e1vn\u00e9 maz\u00e1n\u00ed hydraulick\u00fdm olejem.<\/li>\n<li><strong>Bezpe\u010dnost:<\/strong> Aby se zabr\u00e1nilo p\u0159et\u00ed\u017een\u00ed a zajistil bezpe\u010dn\u00fd provoz v\u00e1lce ramene, m\u011bly by b\u00fdt zabudov\u00e1ny bezpe\u010dnostn\u00ed prvky, jako nap\u0159\u00edklad p\u0159etlakov\u00e9 ventily.<\/li>\n<li><strong>\u00dadr\u017eba:<\/strong> P\u0159i n\u00e1vrhu by se m\u011blo db\u00e1t na snadnou dostupnost pro \u00fadr\u017ebu a v\u00fdm\u011bnu, zkr\u00e1cen\u00ed prostoj\u016f a usnadn\u011bn\u00ed efektivn\u00edho servisu.<\/li>\n<\/ol>\n<p><img decoding=\"async\" src=\"https:\/\/www.hydraulic-cylinders.net\/wp-content\/uploads\/2025\/01\/songte-cylinder-head-with-all-kinds-excavator-models.webp\" alt=\"Obr\u00e1zek produktu\"><\/p>\n<h2>T\u011bsn\u011bn\u00ed a maz\u00e1n\u00ed<\/h2>\n<p>V\u00e1lec ramene vyu\u017e\u00edv\u00e1 r\u016fzn\u00e9 t\u011bsnic\u00ed komponenty, jako jsou t\u011bsn\u011bn\u00ed p\u00edst\u016f a p\u00edstnic, vyroben\u00e9 z materi\u00e1l\u016f odoln\u00fdch proti opot\u0159eben\u00ed, jako je polyuretan a nitrilov\u00e1 pry\u017e. T\u011bleso v\u00e1lce a z\u00e1vitov\u00e9 konce proch\u00e1zej\u00ed p\u0159esn\u00fdm o\u0161et\u0159en\u00edm pro zlep\u0161en\u00ed odolnosti proti opot\u0159eben\u00ed. Pravideln\u00e9 maz\u00e1n\u00ed vhodn\u00fdm mno\u017estv\u00edm hydraulick\u00e9ho oleje je nezbytn\u00e9 pro zaji\u0161t\u011bn\u00ed plynul\u00e9ho chodu a sn\u00ed\u017een\u00ed t\u0159en\u00ed.<\/p>\n<h2>Pravideln\u00e1 kontrola a preventivn\u00ed \u00fadr\u017eba<\/h2>\n<p>Pro zaji\u0161t\u011bn\u00ed optim\u00e1ln\u00edho v\u00fdkonu a dlouh\u00e9 \u017eivotnosti v\u00e1lce ramene se doporu\u010duj\u00ed n\u00e1sleduj\u00edc\u00ed pravideln\u00e9 kontroly a preventivn\u00ed \u00fadr\u017eba:<\/p>\n<ol>\n<li>Zkontrolujte v\u00e1lec, zda nevykazuje zn\u00e1mky net\u011bsnosti, opot\u0159eben\u00ed nebo po\u0161kozen\u00ed.<\/li>\n<li>Pravideln\u011b kontrolujte hladinu a kvalitu hydraulick\u00e9ho oleje a v p\u0159\u00edpad\u011b pot\u0159eby jej vym\u011b\u0148te.<\/li>\n<li>Ujist\u011bte se, \u017ee v\u0161echna spojen\u00ed a armatury jsou t\u011bsn\u00e9 a bezpe\u010dn\u00e9.<\/li>\n<li>Vy\u010dist\u011bte v\u00e1lec a odstra\u0148te ve\u0161ker\u00e9 ne\u010distoty nebo ne\u010distoty, kter\u00e9 by mohly ovlivnit jeho funkci.<\/li>\n<li>Ov\u011b\u0159te spr\u00e1vnou funkci bezpe\u010dnostn\u00edch prvk\u016f, jako jsou nap\u0159\u00edklad p\u0159etlakov\u00e9 ventily.<\/li>\n<\/ol>\n<h2>Pokyny k instalaci produktu<\/h2>\n<p>Spr\u00e1vn\u00e1 instalace v\u00e1lce ramene je nezbytn\u00e1 pro jeho v\u00fdkon a bezpe\u010dnost. Je t\u0159eba dodr\u017eovat n\u00e1sleduj\u00edc\u00ed pokyny:<\/p>\n<ol>\n<li>Ujist\u011bte se, \u017ee mont\u00e1\u017en\u00ed povrchy jsou \u010dist\u00e9 a bez jak\u00fdchkoli ne\u010distot nebo ot\u0159ep\u016f.<\/li>\n<li>Zarovnejte v\u00e1lec s mont\u00e1\u017en\u00edmi otvory a zajist\u011bte jej pomoc\u00ed vhodn\u00fdch \u0161roub\u016f a spojovac\u00edho materi\u00e1lu.<\/li>\n<li>\u0160rouby utahujte postupn\u011b a rovnom\u011brn\u011b podle p\u0159edepsan\u00e9ho utahovac\u00edho momentu.<\/li>\n<li>Po instalaci zkontrolujte vyrovn\u00e1n\u00ed a pohyb v\u00e1lce, abyste zajistili jeho spr\u00e1vnou funkci.<\/li>\n<\/ol>\n<p><img decoding=\"async\" src=\"https:\/\/www.hydraulic-cylinders.net\/wp-content\/uploads\/2025\/01\/songte-bushings-with-all-kinds-of-excavator-models.webp\" alt=\"Obr\u00e1zek produktu\"><\/p>\n<h2>Bezpe\u010dnostn\u00ed aspekty a faktory prost\u0159ed\u00ed<\/h2>\n<p>P\u0159i pou\u017e\u00edv\u00e1n\u00ed v\u00e1lce s ramenem je z\u00e1sadn\u00ed up\u0159ednostnit bezpe\u010dnostn\u00ed opat\u0159en\u00ed. Spr\u00e1vn\u00e9 \u0161kolen\u00ed a dodr\u017eov\u00e1n\u00ed bezpe\u010dnostn\u00edch protokol\u016f jsou nezbytn\u00e9 pro prevenci nehod a zaji\u0161t\u011bn\u00ed pohody obsluhy a okoln\u00edho person\u00e1lu. Zohledn\u011bn\u00ed faktor\u016f prost\u0159ed\u00ed, jako je teplota, vlhkost a vystaven\u00ed korozivn\u00edm l\u00e1tk\u00e1m, m\u016f\u017ee nav\u00edc pomoci prodlou\u017eit \u017eivotnost v\u00e1lce s ramenem a udr\u017eet jeho v\u00fdkon.<\/p>\n<h2>Diagnostika z\u00e1vad a b\u011b\u017en\u00e9 probl\u00e9my<\/h2>\n<p>B\u011bhem provozu se u v\u00e1lce ramene mohou vyskytnout r\u016fzn\u00e9 z\u00e1vady nebo probl\u00e9my. Mezi b\u011b\u017en\u00e9 probl\u00e9my pat\u0159\u00ed:<\/p>\n<ol>\n<li>\u00danik hydraulick\u00e9 kapaliny.<\/li>\n<li>Nerovnom\u011brn\u00fd nebo trhav\u00fd pohyb pa\u017ee.<\/li>\n<li>Nadm\u011brn\u00e9 vibrace nebo hluk.<\/li>\n<li>Nedostate\u010dn\u00fd v\u00fdkon nebo jeho ztr\u00e1ta.<\/li>\n<li>Nekonzistentn\u00ed nebo nevyzpytateln\u00e9 ovl\u00e1d\u00e1n\u00ed pohybu.<\/li>\n<\/ol>\n<p>Pro \u0159e\u0161en\u00ed t\u011bchto probl\u00e9m\u016f mohou b\u00fdt u\u017eite\u010dn\u00e9 n\u00e1sleduj\u00edc\u00ed tipy a metody \u0159e\u0161en\u00ed probl\u00e9m\u016f:<\/p>\n<ol>\n<li>Zkontrolujte v\u0161echny spoje a t\u011bsn\u011bn\u00ed, zda nedoch\u00e1z\u00ed k \u00faniku, a v p\u0159\u00edpad\u011b pot\u0159eby je ut\u00e1hn\u011bte nebo vym\u011b\u0148te.<\/li>\n<li>Zkontrolujte hladinu a kvalitu hydraulick\u00e9 kapaliny a ujist\u011bte se, \u017ee je v doporu\u010den\u00e9m rozsahu.<\/li>\n<li>Zkontrolujte stav p\u00edstn\u00ed ty\u010de a t\u011blesa v\u00e1lce, zda nejsou opot\u0159ebovan\u00e9 nebo po\u0161kozen\u00e9.<\/li>\n<li>Ov\u011b\u0159te spr\u00e1vnou funkci regula\u010dn\u00edch ventil\u016f a syst\u00e9m\u016f pro pojistn\u00e9 p\u0159etlaky.<\/li>\n<li>\u0158i\u010fte se pokyny v\u00fdrobce a v p\u0159\u00edpad\u011b pot\u0159eby vyhledejte odbornou pomoc.<\/li>\n<\/ol>\n<p><img decoding=\"async\" src=\"https:\/\/www.hydraulic-cylinders.net\/wp-content\/uploads\/2025\/01\/songte-chushion-collar.webp\" alt=\"Obr\u00e1zek produktu\"><\/p>\n<p>Nezapome\u0148te \u010dl\u00e1nek logicky uspo\u0159\u00e1dat, pou\u017e\u00edvat podnadpisy pro snadnou navigaci, za\u010dlenit relevantn\u00ed obr\u00e1zky nebo grafy pro lep\u0161\u00ed pochopen\u00ed a zajistit, aby obsah byl jasn\u00fd, stru\u010dn\u00fd a vhodn\u00fd pro \u010dten\u00e1\u0159e s r\u016fznou \u00farovn\u00ed technick\u00fdch znalost\u00ed.<\/p>\n<p><em>Autor: lyl<\/em><\/p>\n<p><img decoding=\"async\" src=\"https:\/\/www.hydraulic-cylinders.net\/wp-content\/uploads\/2025\/01\/songte-company-4.webp\" alt=\"Image spole\u010dnosti\"><br \/>\n<img decoding=\"async\" src=\"https:\/\/www.hydraulic-cylinders.net\/wp-content\/uploads\/2025\/01\/songte-company-3.webp\" alt=\"Image spole\u010dnosti\"><\/p>","protected":false},"excerpt":{"rendered":"<p>Arm Cylinder For Kato Small Excavator HD308R Introduction The Arm Cylinder for Kato Small Excavator HD308R is a specially designed hydraulic cylinder that provides linear motion and power to the arm of various types of machinery, such as excavators, cranes, and mechanical arms. The arm cylinder plays a crucial role in hydraulic systems, allowing for [&hellip;]<\/p>","protected":false},"featured_media":14786,"comment_status":"open","ping_status":"closed","template":"","meta":{"_et_pb_use_builder":"","_et_pb_old_content":"","_et_gb_content_width":""},"product_brand":[],"product_cat":[1497],"product_tag":[1498,1496],"class_list":{"0":"post-16958","1":"product","2":"type-product","3":"status-publish","4":"has-post-thumbnail","6":"product_cat-arm-cylinders","7":"product_tag-arm-cylinders","8":"product_tag-hydraulic-cylinders","10":"first","11":"instock","12":"shipping-taxable","13":"product-type-simple"},"amp_enabled":true,"_links":{"self":[{"href":"https:\/\/www.hydraulic-cylinders.net\/cs\/wp-json\/wp\/v2\/product\/16958","targetHints":{"allow":["GET"]}}],"collection":[{"href":"https:\/\/www.hydraulic-cylinders.net\/cs\/wp-json\/wp\/v2\/product"}],"about":[{"href":"https:\/\/www.hydraulic-cylinders.net\/cs\/wp-json\/wp\/v2\/types\/product"}],"replies":[{"embeddable":true,"href":"https:\/\/www.hydraulic-cylinders.net\/cs\/wp-json\/wp\/v2\/comments?post=16958"}],"wp:featuredmedia":[{"embeddable":true,"href":"https:\/\/www.hydraulic-cylinders.net\/cs\/wp-json\/wp\/v2\/media\/14786"}],"wp:attachment":[{"href":"https:\/\/www.hydraulic-cylinders.net\/cs\/wp-json\/wp\/v2\/media?parent=16958"}],"wp:term":[{"taxonomy":"product_brand","embeddable":true,"href":"https:\/\/www.hydraulic-cylinders.net\/cs\/wp-json\/wp\/v2\/product_brand?post=16958"},{"taxonomy":"product_cat","embeddable":true,"href":"https:\/\/www.hydraulic-cylinders.net\/cs\/wp-json\/wp\/v2\/product_cat?post=16958"},{"taxonomy":"product_tag","embeddable":true,"href":"https:\/\/www.hydraulic-cylinders.net\/cs\/wp-json\/wp\/v2\/product_tag?post=16958"}],"curies":[{"name":"wp","href":"https:\/\/api.w.org\/{rel}","templated":true}]}}