{"id":16960,"date":"2025-01-21T08:27:32","date_gmt":"2025-01-21T08:27:32","guid":{"rendered":"https:\/\/www.hydraulic-cylinders.net\/?post_type=product&#038;p=16960"},"modified":"2025-04-11T01:44:58","modified_gmt":"2025-04-11T01:44:58","slug":"hcyy11112000-forklift-lifting-cylinder","status":"publish","type":"product","link":"https:\/\/www.hydraulic-cylinders.net\/cs\/produkt\/hcyy11112000-forklift-lifting-cylinder\/","title":{"rendered":"HCYY11112000 Zvedac\u00ed v\u00e1lec vysokozdvi\u017en\u00e9ho voz\u00edku"},"content":{"rendered":"<h1 style=\"text-align: center;\"><strong>HCYY11112000 Zvedac\u00ed v\u00e1lec vysokozdvi\u017en\u00e9ho voz\u00edku<\/strong><\/h1>\n<p><img loading=\"lazy\" decoding=\"async\" class=\"alignnone wp-image-16964\" src=\"https:\/\/www.hydraulic-cylinders.net\/wp-content\/uploads\/2025\/01\/hcyy11112000-forklift-lifting-cylinder-1.webp\" alt=\"\" width=\"1000\" height=\"345\" srcset=\"https:\/\/www.hydraulic-cylinders.net\/wp-content\/uploads\/2025\/01\/hcyy11112000-forklift-lifting-cylinder-1-980x338.webp 980w, https:\/\/www.hydraulic-cylinders.net\/wp-content\/uploads\/2025\/01\/hcyy11112000-forklift-lifting-cylinder-1-480x166.webp 480w\" sizes=\"(min-width: 0px) and (max-width: 480px) 480px, (min-width: 481px) and (max-width: 980px) 980px, (min-width: 981px) 1000px, 100vw\" \/><\/p>\n<p>Zvedac\u00ed v\u00e1lec vysokozdvi\u017en\u00e9ho voz\u00edku HCYY11112000 je kl\u00ed\u010dovou sou\u010d\u00e1st\u00ed pro provoz vysokozdvi\u017en\u00e9ho voz\u00edku, kter\u00e1 usnad\u0148uje efektivn\u00ed zved\u00e1n\u00ed a spou\u0161t\u011bn\u00ed t\u011b\u017ek\u00fdch b\u0159emen. Tento hydraulick\u00fd v\u00e1lec, navr\u017een\u00fd pro odolnost a vysok\u00fd v\u00fdkon, v\u00fdrazn\u011b zvy\u0161uje produktivitu v r\u016fzn\u00fdch pr\u016fmyslov\u00fdch prost\u0159ed\u00edch.<\/p>\n<p>Jako\u017eto nezbytn\u00fd prvek pro jak\u00fdkoli provoz vysokozdvi\u017en\u00e9ho voz\u00edku se HCYY11112000 vyzna\u010duje robustn\u00ed konstrukc\u00ed a vysokou nosnost\u00ed, co\u017e z n\u011bj \u010din\u00ed ide\u00e1ln\u00ed volbu pro odv\u011btv\u00ed, jako je skladov\u00e1n\u00ed a stavebnictv\u00ed. Sezn\u00e1men\u00edm se s jeho vlastnostmi, spr\u00e1vn\u00fdm pou\u017e\u00edv\u00e1n\u00edm a po\u017eadavky na \u00fadr\u017ebu si oper\u00e1to\u0159i mohou b\u00fdt jisti, \u017ee tento hydraulick\u00fd v\u00e1lec bude poskytovat spolehliv\u00fd provoz a zvy\u0161ovat produktivitu po mnoho let.<\/p>\n<h2><strong>Parametr zvedac\u00edho v\u00e1lce vysokozdvi\u017en\u00e9ho voz\u00edku HCYY11112000:<\/strong><\/h2>\n<h2><img loading=\"lazy\" decoding=\"async\" class=\"alignnone size-full wp-image-16968\" src=\"https:\/\/www.hydraulic-cylinders.net\/wp-content\/uploads\/2025\/01\/hcyy11112000-forklift-lifting-cylinder-5.webp\" alt=\"\" width=\"1517\" height=\"144\" srcset=\"https:\/\/www.hydraulic-cylinders.net\/wp-content\/uploads\/2025\/01\/hcyy11112000-forklift-lifting-cylinder-5.webp 1517w, https:\/\/www.hydraulic-cylinders.net\/wp-content\/uploads\/2025\/01\/hcyy11112000-forklift-lifting-cylinder-5-1280x122.webp 1280w, https:\/\/www.hydraulic-cylinders.net\/wp-content\/uploads\/2025\/01\/hcyy11112000-forklift-lifting-cylinder-5-980x93.webp 980w, https:\/\/www.hydraulic-cylinders.net\/wp-content\/uploads\/2025\/01\/hcyy11112000-forklift-lifting-cylinder-5-480x46.webp 480w\" sizes=\"(min-width: 0px) and (max-width: 480px) 480px, (min-width: 481px) and (max-width: 980px) 980px, (min-width: 981px) and (max-width: 1280px) 1280px, (min-width: 1281px) 1517px, 100vw\" \/><img loading=\"lazy\" decoding=\"async\" class=\"alignnone wp-image-16965\" style=\"color: #666666; font-size: 14px;\" src=\"https:\/\/www.hydraulic-cylinders.net\/wp-content\/uploads\/2025\/01\/hcyy11112000-forklift-lifting-cylinder-2.webp\" alt=\"\" width=\"1000\" height=\"482\" srcset=\"https:\/\/www.hydraulic-cylinders.net\/wp-content\/uploads\/2025\/01\/hcyy11112000-forklift-lifting-cylinder-2-980x472.webp 980w, https:\/\/www.hydraulic-cylinders.net\/wp-content\/uploads\/2025\/01\/hcyy11112000-forklift-lifting-cylinder-2-480x231.webp 480w\" sizes=\"(min-width: 0px) and (max-width: 480px) 480px, (min-width: 481px) and (max-width: 980px) 980px, (min-width: 981px) 1000px, 100vw\" \/><span style=\"color: #666666; font-size: 14px;\">\u00a0<\/span><img loading=\"lazy\" decoding=\"async\" class=\"alignnone wp-image-16966\" style=\"color: #666666; font-size: 14px;\" src=\"https:\/\/www.hydraulic-cylinders.net\/wp-content\/uploads\/2025\/01\/hcyy11112000-forklift-lifting-cylinder-3.webp\" alt=\"\" width=\"1000\" height=\"482\" srcset=\"https:\/\/www.hydraulic-cylinders.net\/wp-content\/uploads\/2025\/01\/hcyy11112000-forklift-lifting-cylinder-3-980x473.webp 980w, https:\/\/www.hydraulic-cylinders.net\/wp-content\/uploads\/2025\/01\/hcyy11112000-forklift-lifting-cylinder-3-480x232.webp 480w\" sizes=\"(min-width: 0px) and (max-width: 480px) 480px, (min-width: 481px) and (max-width: 980px) 980px, (min-width: 981px) 1000px, 100vw\" \/><img loading=\"lazy\" decoding=\"async\" class=\"alignnone size-full wp-image-16967\" src=\"https:\/\/www.hydraulic-cylinders.net\/wp-content\/uploads\/2025\/01\/hcyy11112000-forklift-lifting-cylinder-4.webp\" alt=\"\" width=\"1496\" height=\"774\" srcset=\"https:\/\/www.hydraulic-cylinders.net\/wp-content\/uploads\/2025\/01\/hcyy11112000-forklift-lifting-cylinder-4.webp 1496w, https:\/\/www.hydraulic-cylinders.net\/wp-content\/uploads\/2025\/01\/hcyy11112000-forklift-lifting-cylinder-4-1280x662.webp 1280w, https:\/\/www.hydraulic-cylinders.net\/wp-content\/uploads\/2025\/01\/hcyy11112000-forklift-lifting-cylinder-4-980x507.webp 980w, https:\/\/www.hydraulic-cylinders.net\/wp-content\/uploads\/2025\/01\/hcyy11112000-forklift-lifting-cylinder-4-480x248.webp 480w\" sizes=\"(min-width: 0px) and (max-width: 480px) 480px, (min-width: 481px) and (max-width: 980px) 980px, (min-width: 981px) and (max-width: 1280px) 1280px, (min-width: 1281px) 1496px, 100vw\" \/><\/h2>\n<h2><strong>\u0158ada v\u00e1lc\u016f pro vysokozdvi\u017en\u00e9 voz\u00edky:\u00a0<\/strong><\/h2>\n<h2><img loading=\"lazy\" decoding=\"async\" class=\"alignnone size-full wp-image-16971\" src=\"https:\/\/www.hydraulic-cylinders.net\/wp-content\/uploads\/2025\/01\/fork-lift-cylinder.webp\" alt=\"\" width=\"2004\" height=\"2529\" srcset=\"https:\/\/www.hydraulic-cylinders.net\/wp-content\/uploads\/2025\/01\/fork-lift-cylinder.webp 2004w, https:\/\/www.hydraulic-cylinders.net\/wp-content\/uploads\/2025\/01\/fork-lift-cylinder-1280x1615.webp 1280w, https:\/\/www.hydraulic-cylinders.net\/wp-content\/uploads\/2025\/01\/fork-lift-cylinder-980x1237.webp 980w, https:\/\/www.hydraulic-cylinders.net\/wp-content\/uploads\/2025\/01\/fork-lift-cylinder-480x606.webp 480w\" sizes=\"(min-width: 0px) and (max-width: 480px) 480px, (min-width: 481px) and (max-width: 980px) 980px, (min-width: 981px) and (max-width: 1280px) 1280px, (min-width: 1281px) 2004px, 100vw\" \/><\/h2>\n<h2><strong>Kl\u00ed\u010dov\u00e9 vlastnosti zdvihac\u00edho v\u00e1lce pro vysokozdvi\u017en\u00fd voz\u00edk HCYY11112000:<\/strong><\/h2>\n<p>Zvedac\u00ed v\u00e1lec pro vysokozdvi\u017en\u00fd voz\u00edk HCYY11112000 je navr\u017een s n\u011bkolika vynikaj\u00edc\u00edmi vlastnostmi, kter\u00e9 zvy\u0161uj\u00ed jeho v\u00fdkon a spolehlivost v n\u00e1ro\u010dn\u00fdch pr\u016fmyslov\u00fdch prost\u0159ed\u00edch.<\/p>\n<h4><strong>Vysok\u00e1 nosnost<\/strong><\/h4>\n<p>HCYY11112000, navr\u017een\u00fd pro n\u00e1ro\u010dn\u00e9 aplikace, si bez n\u00e1mahy porad\u00ed s velk\u00fdmi hmotnostmi. Tato vysok\u00e1 nosnost zaji\u0161\u0165uje, \u017ee obsluha m\u016f\u017ee s jistotou zvedat a p\u0159epravovat velk\u00e9 materi\u00e1ly, co\u017e z n\u011bj \u010din\u00ed neoceniteln\u00fd n\u00e1stroj ve skladech, na stavb\u00e1ch a ve v\u00fdrobn\u00edch z\u00e1vodech.<\/p>\n<h4><strong>Odoln\u00e1 konstrukce<\/strong><\/h4>\n<p>Tato v\u00e1lec je vyrobena z vysoce pevn\u00fdch materi\u00e1l\u016f a py\u0161n\u00ed se v\u00fdjime\u010dnou odolnost\u00ed. Jej\u00ed robustn\u00ed konstrukce odol\u00e1v\u00e1 opot\u0159eben\u00ed, co\u017e j\u00ed umo\u017e\u0148uje odolat n\u00e1ro\u010dn\u00fdm ka\u017edodenn\u00edmu pou\u017e\u00edv\u00e1n\u00ed. Tato odolnost se prom\u00edt\u00e1 do del\u0161\u00ed \u017eivotnosti, sni\u017euje pot\u0159ebu \u010dast\u00fdch v\u00fdm\u011bn a minimalizuje provozn\u00ed n\u00e1klady.<\/p>\n<h4><strong>P\u0159esn\u00e9 stroj\u00edrenstv\u00ed<\/strong><\/h4>\n<p>HCYY11112000 se vyzna\u010duje inovativn\u00edm designem, kter\u00fd umo\u017e\u0148uje plynul\u00e9 a p\u0159esn\u00e9 zved\u00e1n\u00ed. Toto p\u0159esn\u00e9 konstruk\u010dn\u00ed \u0159e\u0161en\u00ed minimalizuje riziko posunut\u00ed b\u0159emene a zvy\u0161uje bezpe\u010dnost b\u011bhem provozu. Obsluha se m\u016f\u017ee spolehnout na tento v\u00e1lec, \u017ee \u200b\u200bsi udr\u017e\u00ed stabilitu, a to i p\u0159i zved\u00e1n\u00ed nerovn\u00fdch nebo objemn\u00fdch b\u0159emen.<\/p>\n<h4><strong>Odolnost proti korozi<\/strong><\/h4>\n<p>V n\u00e1ro\u010dn\u00e9m prost\u0159ed\u00ed m\u016f\u017ee vystaven\u00ed vlhkosti a agresivn\u00edm chemik\u00e1li\u00edm v\u00e9st k p\u0159ed\u010dasn\u00e9mu opot\u0159eben\u00ed. HCYY11112000 je vybaven speci\u00e1ln\u00edmi povlaky, kter\u00e9 poskytuj\u00ed \u00fa\u010dinnou ochranu proti reziv\u011bn\u00ed a korozi. Tato vlastnost zaji\u0161\u0165uje spolehliv\u00fd provoz a prodlu\u017euje \u017eivotnost v\u00e1lce bez ohledu na podm\u00ednky, kter\u00fdm \u010del\u00ed.<\/p>\n<h4><strong>Efektivn\u00ed provoz<\/strong><\/h4>\n<p>Optimalizovan\u00e1 konstrukce hydraulick\u00e9ho toku zvy\u0161uje rychlost zdvihu a \u00fa\u010dinnost modelu HCYY11112000. Tato promy\u0161len\u00e1 konstrukce sni\u017euje prostoje a umo\u017e\u0148uje obsluze plnit \u00fakoly rychleji a efektivn\u011bji. Vylep\u0161en\u00fd v\u00fdkon nejen \u0161et\u0159\u00ed \u010das, ale tak\u00e9 zvy\u0161uje celkovou produktivitu v rychl\u00fdch pracovn\u00edch prost\u0159ed\u00edch.<\/p>\n<h4><strong>V\u0161estrann\u00e9 pou\u017eit\u00ed<\/strong><\/h4>\n<p>Model HCYY11112000 je dostate\u010dn\u011b v\u0161estrann\u00fd pro pou\u017eit\u00ed v r\u016fzn\u00fdch aplikac\u00edch, od zved\u00e1n\u00ed t\u011b\u017ek\u00fdch pr\u016fmyslov\u00fdch sou\u010d\u00e1st\u00ed a\u017e po manipulaci s paletami ve skladu. Jeho p\u0159izp\u016fsobivost z n\u011bj \u010din\u00ed preferovanou volbu v mnoha odv\u011btv\u00edch a zaji\u0161\u0165uje, \u017ee spl\u0148uje rozmanit\u00e9 pot\u0159eby oper\u00e1tor\u016f.<\/p>\n<h4><strong>Snadn\u00e1 instalace a \u00fadr\u017eba<\/strong><\/h4>\n<p>HCYY11112000, navr\u017een\u00fd s ohledem na u\u017eivatelskou p\u0159\u00edv\u011btivost, umo\u017e\u0148uje snadnou instalaci a \u00fadr\u017ebu. Obsluha jej m\u016f\u017ee rychle nastavit a prov\u00e1d\u011bt pravideln\u00e9 kontroly, co\u017e zaji\u0161\u0165uje bezprobl\u00e9mov\u00fd provoz bez rozs\u00e1hl\u00fdch prostoj\u016f.<\/p>\n<p>D\u00edky sv\u00fdm p\u016fsobiv\u00fdm vlastnostem zvedac\u00ed v\u00e1lec pro vysokozdvi\u017en\u00fd voz\u00edk HCYY11112000 nejen zvy\u0161uje \u00fa\u010dinnost zved\u00e1n\u00ed, ale tak\u00e9 zvy\u0161uje standardy bezpe\u010dnosti a odolnosti. Investic\u00ed do tohoto vysoce v\u00fdkonn\u00e9ho v\u00e1lce mohou pr\u016fmyslov\u00e1 odv\u011btv\u00ed zv\u00fd\u0161it produktivitu a zajistit spolehliv\u00fd provoz po mnoho let.<\/p>\n<h2><strong>Jak\u00e9 kl\u00ed\u010dov\u00e9 postupy \u00fadr\u017eby pom\u00e1haj\u00ed prodlou\u017eit \u017eivotnost zdvihac\u00edho v\u00e1lce vysokozdvi\u017en\u00e9ho voz\u00edku?<\/strong><\/h2>\n<p>Pro v\u00fdrazn\u00e9 prodlou\u017een\u00ed \u017eivotnosti zdvihac\u00edho v\u00e1lce vysokozdvi\u017en\u00e9ho voz\u00edku je nezbytn\u00e9 zaujmout proaktivn\u00ed p\u0159\u00edstup k \u00fadr\u017eb\u011b. Zde je n\u011bkolik kl\u00ed\u010dov\u00fdch postup\u016f, kter\u00e9 nejen prodlu\u017euj\u00ed \u017eivotnost, ale tak\u00e9 zaji\u0161\u0165uj\u00ed bezpe\u010dn\u00fd a efektivn\u00ed provoz:<\/p>\n<h4><strong>1. Pravideln\u00e9 kontroly<\/strong><\/h4>\n<ul>\n<li><strong>Pro\u010d na tom z\u00e1le\u017e\u00ed<\/strong>\u010cast\u00e9 kontroly jsou z\u00e1sadn\u00ed pro v\u010dasnou identifikaci opot\u0159eben\u00ed, net\u011bsnost\u00ed nebo po\u0161kozen\u00ed. Odhalen\u00ed t\u011bchto probl\u00e9m\u016f d\u0159\u00edve, ne\u017e se zhor\u0161\u00ed, m\u016f\u017ee u\u0161et\u0159it n\u00e1kladn\u00e9 opravy a prostoje.<\/li>\n<li><strong>Tip<\/strong>Vytvo\u0159te kontroln\u00ed seznam pro systematickou kontrolu v\u0161ech sou\u010d\u00e1st\u00ed, v\u010detn\u011b hadic, t\u011bsn\u011bn\u00ed a samotn\u00e9ho v\u00e1lce.<\/li>\n<\/ul>\n<h4><strong>2. Kontroly hydraulick\u00e9 kapaliny<\/strong><\/h4>\n<ul>\n<li><strong>Pro\u010d na tom z\u00e1le\u017e\u00ed<\/strong>Hydraulick\u00e1 kapalina slou\u017e\u00ed jako krevn\u00ed ob\u011bh zvedac\u00edho v\u00e1lce a umo\u017e\u0148uje plynul\u00fd provoz. Udr\u017eov\u00e1n\u00ed spr\u00e1vn\u00e9 hladiny a kvality kapaliny je z\u00e1sadn\u00ed pro optim\u00e1ln\u00ed v\u00fdkon.<\/li>\n<li><strong>Tip<\/strong>Pravideln\u011b kontrolujte zne\u010di\u0161t\u011bn\u00ed a vym\u011b\u0148ujte kapalinu dle doporu\u010den\u00ed v\u00fdrobce.<\/li>\n<\/ul>\n<h4><strong>3. \u00dadr\u017eba t\u011bsn\u011bn\u00ed<\/strong><\/h4>\n<ul>\n<li><strong>Pro\u010d na tom z\u00e1le\u017e\u00ed<\/strong>T\u011bsn\u011bn\u00ed hraj\u00ed kl\u00ed\u010dovou roli v prevenci \u00fanik\u016f a udr\u017eov\u00e1n\u00ed tlaku uvnit\u0159 v\u00e1lce. Opot\u0159ebovan\u00e1 nebo po\u0161kozen\u00e1 t\u011bsn\u011bn\u00ed mohou v\u00e9st k probl\u00e9m\u016fm s v\u00fdkonem a bezpe\u010dnostn\u00edm rizik\u016fm.<\/li>\n<li><strong>Tip<\/strong>: T\u011bsn\u011bn\u00ed kontrolujte p\u0159i pravideln\u00fdch kontrol\u00e1ch a v\u010das je vym\u011b\u0148te, abyste p\u0159ede\u0161li z\u00e1va\u017en\u011bj\u0161\u00edm probl\u00e9m\u016fm.<\/li>\n<\/ul>\n<h4><strong>4. \u010ci\u0161t\u011bn\u00ed<\/strong><\/h4>\n<ul>\n<li><strong>Pro\u010d na tom z\u00e1le\u017e\u00ed<\/strong>Udr\u017eov\u00e1n\u00ed v\u00e1lce a jeho okol\u00ed bez ne\u010distot a \u00falomk\u016f je nezbytn\u00e9 pro prevenci kontaminace a zaji\u0161t\u011bn\u00ed bezprobl\u00e9mov\u00e9ho provozu.<\/li>\n<li><strong>Tip<\/strong>Pou\u017e\u00edvejte m\u011bkk\u00fd had\u0159\u00edk a vhodn\u00e9 \u010distic\u00ed prost\u0159edky, abyste nepo\u0161kodili povrch a z\u00e1rove\u0148 zajistili, \u017ee oblast z\u016fstane \u010dist\u00e1.<\/li>\n<\/ul>\n<h4><strong>5. Maz\u00e1n\u00ed<\/strong><\/h4>\n<ul>\n<li><strong>Pro\u010d na tom z\u00e1le\u017e\u00ed<\/strong>Spr\u00e1vn\u00e9 maz\u00e1n\u00ed pohybliv\u00fdch \u010d\u00e1st\u00ed sni\u017euje t\u0159en\u00ed a opot\u0159eben\u00ed, co\u017e m\u016f\u017ee prodlou\u017eit \u017eivotnost v\u00e1lce.<\/li>\n<li><strong>Tip<\/strong>\u0158i\u010fte se pokyny v\u00fdrobce maziv a zajist\u011bte, aby v\u0161echny pohybliv\u00e9 \u010d\u00e1sti byly \u0159\u00e1dn\u011b servisov\u00e1ny.<\/li>\n<\/ul>\n<h4><strong>6. \u0158\u00edzen\u00ed z\u00e1t\u011b\u017ee<\/strong><\/h4>\n<ul>\n<li><strong>Pro\u010d na tom z\u00e1le\u017e\u00ed<\/strong>Provoz v r\u00e1mci specifikovan\u00e9 nosnosti je z\u00e1sadn\u00ed pro bezpe\u010dnost a efektivitu. P\u0159et\u00ed\u017een\u00ed m\u016f\u017ee v\u00e9st k mechanick\u00e9mu selh\u00e1n\u00ed a zv\u00fd\u0161en\u00e9mu opot\u0159eben\u00ed.<\/li>\n<li><strong>Tip<\/strong>V\u017edy si m\u011bjte na pam\u011bti limity zat\u00ed\u017een\u00ed a obsluha vlaku by si m\u011bla uv\u011bdomit d\u016fle\u017eitost jejich dodr\u017eov\u00e1n\u00ed.<\/li>\n<\/ul>\n<h4><strong>7. Profesion\u00e1ln\u00ed servis<\/strong><\/h4>\n<ul>\n<li><strong>Pro\u010d na tom z\u00e1le\u017e\u00ed<\/strong>Zapojen\u00ed odborn\u00edk\u016f do pravideln\u00fdch kontrol \u00fadr\u017eby m\u016f\u017ee pomoci identifikovat potenci\u00e1ln\u00ed probl\u00e9my, kter\u00e9 nemus\u00ed b\u00fdt b\u011bhem b\u011b\u017en\u00fdch kontrol zjevn\u00e9.<\/li>\n<li><strong>Tip<\/strong>: S certifikovan\u00fdm technikem si sestavte pl\u00e1n \u00fadr\u017eby, abyste zajistili, \u017ee v\u0161echny komponenty jsou v perfektn\u00edm stavu.<\/li>\n<\/ul>\n<p>Za\u010dlen\u011bn\u00edm t\u011bchto z\u00e1kladn\u00edch postup\u016f \u00fadr\u017eby do va\u0161eho b\u011b\u017en\u00e9ho provozu prodlou\u017e\u00edte \u017eivotnost zdvihac\u00edho v\u00e1lce va\u0161eho vysokozdvi\u017en\u00e9ho voz\u00edku a zv\u00fd\u0161\u00edte bezpe\u010dnost a efektivitu v cel\u00e9m provozu. Dob\u0159e udr\u017eovan\u00fd zdvihac\u00ed v\u00e1lec m\u016f\u017ee v\u00e9st ke zv\u00fd\u0161en\u00ed produktivity, sn\u00ed\u017een\u00ed provozn\u00edch n\u00e1klad\u016f a bezpe\u010dn\u011bj\u0161\u00edmu pracovi\u0161ti, tak\u017ee tyto postupy se vyplat\u00ed!<\/p>\n<h2><strong>V\u00fdrobn\u00ed oblast v\u00e1lc\u016f pro vysokozdvi\u017en\u00e9 voz\u00edky:<\/strong><\/h2>\n<h2><img loading=\"lazy\" decoding=\"async\" class=\"alignnone size-full wp-image-16972\" src=\"https:\/\/www.hydraulic-cylinders.net\/wp-content\/uploads\/2025\/01\/hydraulic-cylinder-factory-1-scaled.webp\" alt=\"\" width=\"2016\" height=\"2560\" srcset=\"https:\/\/www.hydraulic-cylinders.net\/wp-content\/uploads\/2025\/01\/hydraulic-cylinder-factory-1-scaled.webp 2016w, https:\/\/www.hydraulic-cylinders.net\/wp-content\/uploads\/2025\/01\/hydraulic-cylinder-factory-1-1280x1625.webp 1280w, https:\/\/www.hydraulic-cylinders.net\/wp-content\/uploads\/2025\/01\/hydraulic-cylinder-factory-1-980x1244.webp 980w, https:\/\/www.hydraulic-cylinders.net\/wp-content\/uploads\/2025\/01\/hydraulic-cylinder-factory-1-480x610.webp 480w\" sizes=\"(min-width: 0px) and (max-width: 480px) 480px, (min-width: 481px) and (max-width: 980px) 980px, (min-width: 981px) and (max-width: 1280px) 1280px, (min-width: 1281px) 2016px, 100vw\" \/><\/h2>\n<p>Disponujeme prvot\u0159\u00eddn\u00ed nez\u00e1vislou v\u00fdzkumnou a v\u00fdvojovou platformou pro mont\u00e1\u017e. D\u00edlna na v\u00fdrobu v\u00e1lc\u016f pro vysokozdvi\u017en\u00e9 voz\u00edky m\u00e1 \u010dty\u0159i poloautomatick\u00e9 mont\u00e1\u017en\u00ed linky pro zdvihac\u00ed v\u00e1lce a pln\u011b automatickou mont\u00e1\u017en\u00ed linku pro nakl\u00e1p\u011bc\u00ed v\u00e1lce s projektovanou ro\u010dn\u00ed v\u00fdrobn\u00ed kapacitou milionu kus\u016f. D\u00edlna na speci\u00e1ln\u00ed v\u00e1lce m\u00e1 poloautomatick\u00e9 \u010distic\u00ed a mont\u00e1\u017en\u00ed syst\u00e9my r\u016fzn\u00fdch specifikac\u00ed s projektovanou ro\u010dn\u00ed v\u00fdrobn\u00ed kapacitou 200 000 kus\u016f. Je vybavena CNC obr\u00e1b\u011bc\u00edmi za\u0159\u00edzen\u00edmi zn\u00e1m\u00fdch zna\u010dek, obr\u00e1b\u011bc\u00edmi centry, speci\u00e1ln\u00edm za\u0159\u00edzen\u00edm pro vysoce p\u0159esn\u00e9 zpracov\u00e1n\u00ed v\u00e1lc\u016f, robotick\u00fdmi sva\u0159ovac\u00edmi stroji, automatick\u00fdmi \u010distic\u00edmi stroji, automatick\u00fdmi mont\u00e1\u017en\u00edmi stroji pro v\u00e1lce a automatick\u00fdmi linkami na v\u00fdrobu lak\u016f. M\u00e1me v provozu v\u00edce ne\u017e 300 sad kl\u00ed\u010dov\u00e9ho vybaven\u00ed. Optimalizovan\u00e9 rozd\u011blen\u00ed a efektivn\u00ed vyu\u017eit\u00ed zdroj\u016f za\u0159\u00edzen\u00ed zaji\u0161\u0165uje po\u017eadavky na p\u0159esnost v\u00fdrobk\u016f a spl\u0148uje vysok\u00e9 po\u017eadavky na kvalitu v\u00fdrobk\u016f.<\/p>\n<p>Obr\u00e1b\u011bc\u00ed d\u00edlna je vybavena zak\u00e1zkov\u011b vyroben\u00fdmi soustru\u017enick\u00fdmi centry s nakl\u00e1p\u011bc\u00edmi vodic\u00edmi kolejnicemi, obr\u00e1b\u011bc\u00edmi centry, vysokorychlostn\u00edmi honovac\u00edmi stroji, sva\u0159ovac\u00edmi roboty a dal\u0161\u00edm relevantn\u00edm za\u0159\u00edzen\u00edm, kter\u00e9 zvl\u00e1dne obr\u00e1b\u011bn\u00ed v\u00e1lcov\u00fdch trubek s maxim\u00e1ln\u00edm vnit\u0159n\u00edm pr\u016fm\u011brem 400 mm a maxim\u00e1ln\u00ed d\u00e9lkou 6 metr\u016f.<\/p>\n<h2><img loading=\"lazy\" decoding=\"async\" class=\"alignnone size-full wp-image-16973\" src=\"https:\/\/www.hydraulic-cylinders.net\/wp-content\/uploads\/2025\/01\/hydraulic-cylinder-factory-2-scaled.webp\" alt=\"\" width=\"2011\" height=\"2560\" srcset=\"https:\/\/www.hydraulic-cylinders.net\/wp-content\/uploads\/2025\/01\/hydraulic-cylinder-factory-2-scaled.webp 2011w, https:\/\/www.hydraulic-cylinders.net\/wp-content\/uploads\/2025\/01\/hydraulic-cylinder-factory-2-1280x1629.webp 1280w, https:\/\/www.hydraulic-cylinders.net\/wp-content\/uploads\/2025\/01\/hydraulic-cylinder-factory-2-980x1248.webp 980w, https:\/\/www.hydraulic-cylinders.net\/wp-content\/uploads\/2025\/01\/hydraulic-cylinder-factory-2-480x611.webp 480w\" sizes=\"(min-width: 0px) and (max-width: 480px) 480px, (min-width: 481px) and (max-width: 980px) 980px, (min-width: 981px) and (max-width: 1280px) 1280px, (min-width: 1281px) 2011px, 100vw\" \/><\/h2>\n<p>Disponujeme pln\u011b automatickou linkou na nan\u00e1\u0161en\u00ed barev na vodn\u00ed b\u00e1zi pro mal\u00e9 a st\u0159edn\u00ed v\u00e1lce, kter\u00e1 realizuje automatick\u00e9 nakl\u00e1d\u00e1n\u00ed a vykl\u00e1d\u00e1n\u00ed a automatick\u00e9 st\u0159\u00edkac\u00ed roboty s projektovanou v\u00fdrobn\u00ed kapacitou 4000 m\u00edst za sm\u011bnu. M\u00e1me dal\u0161\u00ed poloautomatickou lakovac\u00ed linku pro velk\u00e9 v\u00e1lce poh\u00e1n\u011bnou \u0159et\u011bzem s projektovanou kapacitou 60 p\u0159epravek za sm\u011bnu.<\/p>\n<p>Abychom d\u00e1le zlep\u0161ili v\u00fdkon na\u0161ich produkt\u016f a upevnili si vedouc\u00ed pozici na\u0161ich hydraulick\u00fdch v\u00e1lc\u016f v oboru, zalo\u017eili jsme spole\u010dn\u011b se spole\u010dnost\u00ed Zjimee Komplexn\u00ed laborato\u0159 pro hydraulick\u00e9 v\u00e1lce, hydraulick\u00e9 ventily a hydraulick\u00e1 \u010derpadla. Laborato\u0159 prov\u00e1d\u00ed po\u010d\u00edta\u010dov\u00e9 testov\u00e1n\u00ed s vyu\u017eit\u00edm elektrohydraulick\u00e9 technologie. Zku\u0161ebn\u00ed podm\u00ednky jsou p\u0159ednastaveny po\u010d\u00edta\u010dem, co\u017e zlep\u0161uje p\u0159esnost test\u016f a v\u0161estrannost syst\u00e9mu, a tak\u00e9 experiment\u00e1ln\u00ed data.<\/p>\n<p>Automatick\u00fd sb\u011br dat se prov\u00e1d\u00ed pomoc\u00ed senzor\u016f a v\u00fdstupn\u00ed data, jako je vnit\u0159n\u00ed net\u011bsnost a \u00fa\u010dinnost zat\u00ed\u017een\u00ed v\u00e1lce nebo ventilu, jsou p\u0159\u00edmo zpracov\u00e1v\u00e1na po\u010d\u00edta\u010dem a p\u0159ev\u00e1d\u011bna na standardn\u00ed jednotky (ml\/min%). Sou\u010dasn\u011b se pro zaji\u0161t\u011bn\u00ed bezpe\u010dnosti provozu hydraulick\u00e9ho syst\u00e9mu prov\u00e1d\u00ed monitorov\u00e1n\u00ed stavu kl\u00ed\u010dov\u00fdch v\u00fdkonnostn\u00edch parametr\u016f, jako je \u201emonitorov\u00e1n\u00ed teploty oleje, monitorov\u00e1n\u00ed hladiny kapaliny, monitorov\u00e1n\u00ed filtra\u010dn\u00edho za\u0159\u00edzen\u00ed\u201c atd. Zku\u0161ebn\u00ed stanice hydraulick\u00fdch v\u00e1lc\u016f mimo jin\u00e9 dok\u00e1\u017ee testovat v\u00fdkon \u201ez\u00e1t\u011b\u017ee\u201c.<br \/>\n\u00fa\u010dinnost \u201ea\u201c vnit\u0159n\u00ed net\u011bsnost\u201c nam\u011b\u0159en\u00fdmi hodnotami. Z\u00e1rove\u0148 je vybaven m\u011b\u0159ic\u00edm p\u0159\u00edstrojem s m\u0159\u00ed\u017ekov\u00fdm prav\u00edtkem, kter\u00fd spl\u0148uje po\u017eadavky v\u0161ech testovan\u00fdch polo\u017eek hydraulick\u00fdch v\u00e1lc\u016f dle n\u00e1rodn\u00ed normy.<\/p>","protected":false},"excerpt":{"rendered":"<p>HCYY11112000 Forklift Lifting Cylinder The HCYY11112000 Forklift Lifting Cylinder is a crucial component for forklift operations, facilitating the efficient lifting and lowering of heavy loads. Engineered for durability and high performance, this hydraulic cylinder significantly boosts productivity across various industrial environments. As an essential asset for any forklift operation, the HCYY11112000 features a robust design [&hellip;]<\/p>","protected":false},"featured_media":16974,"comment_status":"open","ping_status":"closed","template":"","meta":{"_et_pb_use_builder":"","_et_pb_old_content":"","_et_gb_content_width":""},"product_brand":[],"product_cat":[1484,1549],"product_tag":[],"class_list":{"0":"post-16960","1":"product","2":"type-product","3":"status-publish","4":"has-post-thumbnail","6":"product_cat-forklift-hydraulic-cylinders","7":"product_cat-single-acting-hydraulic-cylinder","9":"first","10":"instock","11":"shipping-taxable","12":"product-type-simple"},"amp_enabled":true,"_links":{"self":[{"href":"https:\/\/www.hydraulic-cylinders.net\/cs\/wp-json\/wp\/v2\/product\/16960","targetHints":{"allow":["GET"]}}],"collection":[{"href":"https:\/\/www.hydraulic-cylinders.net\/cs\/wp-json\/wp\/v2\/product"}],"about":[{"href":"https:\/\/www.hydraulic-cylinders.net\/cs\/wp-json\/wp\/v2\/types\/product"}],"replies":[{"embeddable":true,"href":"https:\/\/www.hydraulic-cylinders.net\/cs\/wp-json\/wp\/v2\/comments?post=16960"}],"wp:featuredmedia":[{"embeddable":true,"href":"https:\/\/www.hydraulic-cylinders.net\/cs\/wp-json\/wp\/v2\/media\/16974"}],"wp:attachment":[{"href":"https:\/\/www.hydraulic-cylinders.net\/cs\/wp-json\/wp\/v2\/media?parent=16960"}],"wp:term":[{"taxonomy":"product_brand","embeddable":true,"href":"https:\/\/www.hydraulic-cylinders.net\/cs\/wp-json\/wp\/v2\/product_brand?post=16960"},{"taxonomy":"product_cat","embeddable":true,"href":"https:\/\/www.hydraulic-cylinders.net\/cs\/wp-json\/wp\/v2\/product_cat?post=16960"},{"taxonomy":"product_tag","embeddable":true,"href":"https:\/\/www.hydraulic-cylinders.net\/cs\/wp-json\/wp\/v2\/product_tag?post=16960"}],"curies":[{"name":"wp","href":"https:\/\/api.w.org\/{rel}","templated":true}]}}