{"id":16975,"date":"2025-01-21T08:40:18","date_gmt":"2025-01-21T08:40:18","guid":{"rendered":"https:\/\/www.hydraulic-cylinders.net\/?post_type=product&#038;p=16975"},"modified":"2025-04-11T03:15:42","modified_gmt":"2025-04-11T03:15:42","slug":"hcyy11112001-forklift-tilt-cylinder","status":"publish","type":"product","link":"https:\/\/www.hydraulic-cylinders.net\/cs\/produkt\/hcyy11112001-forklift-tilt-cylinder\/","title":{"rendered":"HCYY11112001 Nakl\u00e1p\u011bc\u00ed v\u00e1lec vysokozdvi\u017en\u00e9ho voz\u00edku"},"content":{"rendered":"<h1 style=\"text-align: center;\"><strong>HCYY11112001 Nakl\u00e1p\u011bc\u00ed v\u00e1lec vysokozdvi\u017en\u00e9ho voz\u00edku<\/strong><\/h1>\n<h1 style=\"text-align: center;\"><strong><img loading=\"lazy\" decoding=\"async\" class=\"alignnone size-full wp-image-16977\" src=\"https:\/\/www.hydraulic-cylinders.net\/wp-content\/uploads\/2025\/01\/hcyy11112001-forklift-lifting-cylinder-2.webp\" alt=\"\" width=\"1500\" height=\"517\" srcset=\"https:\/\/www.hydraulic-cylinders.net\/wp-content\/uploads\/2025\/01\/hcyy11112001-forklift-lifting-cylinder-2.webp 1500w, https:\/\/www.hydraulic-cylinders.net\/wp-content\/uploads\/2025\/01\/hcyy11112001-forklift-lifting-cylinder-2-1280x441.webp 1280w, https:\/\/www.hydraulic-cylinders.net\/wp-content\/uploads\/2025\/01\/hcyy11112001-forklift-lifting-cylinder-2-980x338.webp 980w, https:\/\/www.hydraulic-cylinders.net\/wp-content\/uploads\/2025\/01\/hcyy11112001-forklift-lifting-cylinder-2-480x165.webp 480w\" sizes=\"(min-width: 0px) and (max-width: 480px) 480px, (min-width: 481px) and (max-width: 980px) 980px, (min-width: 981px) and (max-width: 1280px) 1280px, (min-width: 1281px) 1500px, 100vw\" \/><\/strong><\/h1>\n<p>Nakl\u00e1p\u011bc\u00ed v\u00e1lec pro vysokozdvi\u017en\u00fd voz\u00edk HCYY11112001 je nezbytn\u00fdm pomocn\u00edkem pro ka\u017ed\u00fd vysokozdvi\u017en\u00fd voz\u00edk, kter\u00fd v\u00fdrazn\u011b zvy\u0161uje provozn\u00ed efektivitu. Tento vysoce v\u00fdkonn\u00fd nakl\u00e1p\u011bc\u00ed v\u00e1lec zaji\u0161\u0165uje plynul\u00e9 a p\u0159esn\u00e9 nakl\u00e1p\u011bn\u00ed ramen vidlice, co\u017e umo\u017e\u0148uje obsluze manipulovat s b\u0159emeny bez n\u00e1mahy a p\u0159esn\u011b. A\u0165 u\u017e jste v ru\u0161n\u00e9m skladu, na staveni\u0161ti nebo \u0159\u00edd\u00edte distribu\u010dn\u00ed centrum, tento nakl\u00e1p\u011bc\u00ed v\u00e1lec je kl\u00ed\u010dem k bezprobl\u00e9mov\u00e9mu zved\u00e1n\u00ed a stohov\u00e1n\u00ed.<\/p>\n<p>Navr\u017een\u00fd s ohledem na robustnost, nakl\u00e1p\u011bc\u00ed v\u00e1lec pro vysokozdvi\u017en\u00fd voz\u00edk HCYY11112001 vynik\u00e1 svou p\u016fsobivou nosnost\u00ed a spolehliv\u00fdm v\u00fdkonem. Nen\u00ed to jen sou\u010d\u00e1stka; je to pr\u016flom v produktivit\u011b v r\u016fzn\u00fdch aplikac\u00edch. Dodr\u017eov\u00e1n\u00edm spr\u00e1vn\u00fdch metod pou\u017e\u00edv\u00e1n\u00ed a postup\u016f \u00fadr\u017eby m\u016f\u017eete tento nakl\u00e1p\u011bc\u00ed v\u00e1lec udr\u017eet v nejlep\u0161\u00edm v\u00fdkonu, co\u017e zv\u00fd\u0161\u00ed jak bezpe\u010dnost, tak efektivitu provozu va\u0161eho vysokozdvi\u017en\u00e9ho voz\u00edku.<\/p>\n<p>Investice do \u0161pi\u010dkov\u00fdch komponent\u016f, jako je HCYY11112001, nejen zv\u00fd\u0161\u00ed v\u00fdkon va\u0161eho vysokozdvi\u017en\u00e9ho voz\u00edku, ale tak\u00e9 prodlou\u017e\u00ed jeho \u017eivotnost. Za\u017eijte rozd\u00edl, kter\u00fd kvalita d\u011bl\u00e1, a zajist\u011bte si hladk\u00fd chod sv\u00e9ho provozu s t\u00edmto nepostradateln\u00fdm nakl\u00e1p\u011bc\u00edm v\u00e1lcem u kormidla!<\/p>\n<h2><strong> Parametr nakl\u00e1p\u011bc\u00edho v\u00e1lce vysokozdvi\u017en\u00e9ho voz\u00edku HCYY11112001:<\/strong><\/h2>\n<h1 style=\"text-align: center;\"><strong><img loading=\"lazy\" decoding=\"async\" class=\"alignnone size-full wp-image-16976\" src=\"https:\/\/www.hydraulic-cylinders.net\/wp-content\/uploads\/2025\/01\/hcyy11112001-forklift-lifting-cylinder-1.webp\" alt=\"\" width=\"1512\" height=\"145\" srcset=\"https:\/\/www.hydraulic-cylinders.net\/wp-content\/uploads\/2025\/01\/hcyy11112001-forklift-lifting-cylinder-1.webp 1512w, https:\/\/www.hydraulic-cylinders.net\/wp-content\/uploads\/2025\/01\/hcyy11112001-forklift-lifting-cylinder-1-1280x123.webp 1280w, https:\/\/www.hydraulic-cylinders.net\/wp-content\/uploads\/2025\/01\/hcyy11112001-forklift-lifting-cylinder-1-980x94.webp 980w, https:\/\/www.hydraulic-cylinders.net\/wp-content\/uploads\/2025\/01\/hcyy11112001-forklift-lifting-cylinder-1-480x46.webp 480w\" sizes=\"(min-width: 0px) and (max-width: 480px) 480px, (min-width: 481px) and (max-width: 980px) 980px, (min-width: 981px) and (max-width: 1280px) 1280px, (min-width: 1281px) 1512px, 100vw\" \/><\/strong><\/h1>\n<h1 style=\"text-align: center;\"><strong><img loading=\"lazy\" decoding=\"async\" class=\"alignnone size-full wp-image-16978\" src=\"https:\/\/www.hydraulic-cylinders.net\/wp-content\/uploads\/2025\/01\/hcyy11112001-forklift-lifting-cylinder-3.webp\" alt=\"\" width=\"1480\" height=\"709\" srcset=\"https:\/\/www.hydraulic-cylinders.net\/wp-content\/uploads\/2025\/01\/hcyy11112001-forklift-lifting-cylinder-3.webp 1480w, https:\/\/www.hydraulic-cylinders.net\/wp-content\/uploads\/2025\/01\/hcyy11112001-forklift-lifting-cylinder-3-1280x613.webp 1280w, https:\/\/www.hydraulic-cylinders.net\/wp-content\/uploads\/2025\/01\/hcyy11112001-forklift-lifting-cylinder-3-980x469.webp 980w, https:\/\/www.hydraulic-cylinders.net\/wp-content\/uploads\/2025\/01\/hcyy11112001-forklift-lifting-cylinder-3-480x230.webp 480w\" sizes=\"(min-width: 0px) and (max-width: 480px) 480px, (min-width: 481px) and (max-width: 980px) 980px, (min-width: 981px) and (max-width: 1280px) 1280px, (min-width: 1281px) 1480px, 100vw\" \/> <img loading=\"lazy\" decoding=\"async\" class=\"alignnone size-full wp-image-16979\" src=\"https:\/\/www.hydraulic-cylinders.net\/wp-content\/uploads\/2025\/01\/hcyy11112001-forklift-lifting-cylinder-4.webp\" alt=\"\" width=\"1480\" height=\"711\" srcset=\"https:\/\/www.hydraulic-cylinders.net\/wp-content\/uploads\/2025\/01\/hcyy11112001-forklift-lifting-cylinder-4.webp 1480w, https:\/\/www.hydraulic-cylinders.net\/wp-content\/uploads\/2025\/01\/hcyy11112001-forklift-lifting-cylinder-4-1280x615.webp 1280w, https:\/\/www.hydraulic-cylinders.net\/wp-content\/uploads\/2025\/01\/hcyy11112001-forklift-lifting-cylinder-4-980x471.webp 980w, https:\/\/www.hydraulic-cylinders.net\/wp-content\/uploads\/2025\/01\/hcyy11112001-forklift-lifting-cylinder-4-480x231.webp 480w\" sizes=\"(min-width: 0px) and (max-width: 480px) 480px, (min-width: 481px) and (max-width: 980px) 980px, (min-width: 981px) and (max-width: 1280px) 1280px, (min-width: 1281px) 1480px, 100vw\" \/> <img loading=\"lazy\" decoding=\"async\" class=\"alignnone size-full wp-image-16980\" src=\"https:\/\/www.hydraulic-cylinders.net\/wp-content\/uploads\/2025\/01\/hcyy11112001-forklift-lifting-cylinder-5.webp\" alt=\"\" width=\"1496\" height=\"772\" srcset=\"https:\/\/www.hydraulic-cylinders.net\/wp-content\/uploads\/2025\/01\/hcyy11112001-forklift-lifting-cylinder-5.webp 1496w, https:\/\/www.hydraulic-cylinders.net\/wp-content\/uploads\/2025\/01\/hcyy11112001-forklift-lifting-cylinder-5-1280x661.webp 1280w, https:\/\/www.hydraulic-cylinders.net\/wp-content\/uploads\/2025\/01\/hcyy11112001-forklift-lifting-cylinder-5-980x506.webp 980w, https:\/\/www.hydraulic-cylinders.net\/wp-content\/uploads\/2025\/01\/hcyy11112001-forklift-lifting-cylinder-5-480x248.webp 480w\" sizes=\"(min-width: 0px) and (max-width: 480px) 480px, (min-width: 481px) and (max-width: 980px) 980px, (min-width: 981px) and (max-width: 1280px) 1280px, (min-width: 1281px) 1496px, 100vw\" \/><\/strong><\/h1>\n<h2><\/h2>\n<h2><strong>\u0158ada v\u00e1lc\u016f pro vysokozdvi\u017en\u00e9 voz\u00edky:\u00a0<\/strong><\/h2>\n<h2><img loading=\"lazy\" decoding=\"async\" class=\"alignnone size-full wp-image-16971\" src=\"https:\/\/www.hydraulic-cylinders.net\/wp-content\/uploads\/2025\/01\/fork-lift-cylinder.webp\" alt=\"\" width=\"2004\" height=\"2529\" srcset=\"https:\/\/www.hydraulic-cylinders.net\/wp-content\/uploads\/2025\/01\/fork-lift-cylinder.webp 2004w, https:\/\/www.hydraulic-cylinders.net\/wp-content\/uploads\/2025\/01\/fork-lift-cylinder-1280x1615.webp 1280w, https:\/\/www.hydraulic-cylinders.net\/wp-content\/uploads\/2025\/01\/fork-lift-cylinder-980x1237.webp 980w, https:\/\/www.hydraulic-cylinders.net\/wp-content\/uploads\/2025\/01\/fork-lift-cylinder-480x606.webp 480w\" sizes=\"(min-width: 0px) and (max-width: 480px) 480px, (min-width: 481px) and (max-width: 980px) 980px, (min-width: 981px) and (max-width: 1280px) 1280px, (min-width: 1281px) 2004px, 100vw\" \/><\/h2>\n<h1><strong>Kl\u00ed\u010dov\u00e9 vlastnosti nakl\u00e1p\u011bc\u00edho v\u00e1lce pro vysokozdvi\u017en\u00fd voz\u00edk HCYY11112001:<\/strong><\/h1>\n<h4><strong>1. Odoln\u00e1 konstrukce<\/strong><\/h4>\n<p>V\u00e1lec pro nakl\u00e1p\u011bn\u00ed vysokozdvi\u017en\u00e9ho voz\u00edku HCYY11112001 je vyroben z prvot\u0159\u00eddn\u00edch materi\u00e1l\u016f a je konstruov\u00e1n tak, aby vydr\u017eel n\u00e1ro\u010dn\u00e9 podm\u00ednky t\u011b\u017ek\u00e9ho pou\u017e\u00edv\u00e1n\u00ed a n\u00e1ro\u010dn\u00e9 prost\u0159ed\u00ed. Tato robustn\u00ed konstrukce zaji\u0161\u0165uje, \u017ee v\u00e1lec odol\u00e1 n\u00e1raz\u016fm, vibrac\u00edm a extr\u00e9mn\u00edm podm\u00ednk\u00e1m, co\u017e z n\u011bj \u010din\u00ed spolehlivou volbu pro jak\u00e9koli provozn\u00ed prost\u0159ed\u00ed.<\/p>\n<h4><strong>2. Vysok\u00e1 nosnost<\/strong><\/h4>\n<p>Tento nakl\u00e1p\u011bc\u00ed v\u00e1lec je navr\u017een s p\u016fsobivou nosnost\u00ed a zaji\u0161\u0165uje maxim\u00e1ln\u00ed stabilitu a bezpe\u010dnost b\u011bhem zdvihac\u00edch operac\u00ed. Jeho schopnost zvl\u00e1dat zna\u010dn\u00e9 n\u00e1klady znamen\u00e1, \u017ee se na n\u011bj m\u016f\u017eete spolehnout, \u017ee bude fungovat spolehliv\u011b, a\u0165 u\u017e stohujete palety ve skladu nebo zved\u00e1te materi\u00e1ly na staveni\u0161ti.<\/p>\n<h4><strong>3. Plynul\u00fd provoz<\/strong><\/h4>\n<p>Model HCYY11112001 se vyzna\u010duje pokro\u010dilou hydraulickou konstrukc\u00ed, kter\u00e1 umo\u017e\u0148uje plynul\u00e9 nakl\u00e1p\u011bn\u00ed. Tento plynul\u00fd provoz zvy\u0161uje p\u0159esnost um\u00edst\u011bn\u00ed n\u00e1kladu a p\u0159isp\u00edv\u00e1 ke zv\u00fd\u0161en\u00ed celkov\u00e9 produktivity. Obsluha m\u016f\u017ee bez n\u00e1mahy nastavit \u00fahel nakl\u00e1p\u011bn\u00ed, co\u017e umo\u017e\u0148uje efektivn\u011bj\u0161\u00ed manipulaci s r\u016fzn\u00fdmi materi\u00e1ly.<\/p>\n<h4><strong>4. Odolnost proti korozi<\/strong><\/h4>\n<p>D\u00edky speci\u00e1ln\u011b upraven\u00fdm povrch\u016fm je HCYY11112001 navr\u017een tak, aby odol\u00e1val korozi a opot\u0159eben\u00ed. Tato odolnost proti korozi v\u00fdrazn\u011b prodlu\u017euje \u017eivotnost v\u00e1lce a zaji\u0161\u0165uje, \u017ee si udr\u017e\u00ed optim\u00e1ln\u00ed v\u00fdkon i ve vlhk\u00e9m nebo chemicky agresivn\u00edm prost\u0159ed\u00ed. M\u016f\u017eete se spolehnout, \u017ee tento komponent bude spolehliv\u011b fungovat po mnoho let.<\/p>\n<h4><strong>5. Snadn\u00e1 instalace<\/strong><\/h4>\n<p>HCYY11112001 je navr\u017een pro snadnou instalaci a minimalizuje prostoje a n\u00e1klady na \u00fadr\u017ebu. Intuitivn\u00ed design umo\u017e\u0148uje rychl\u00e9 nastaven\u00ed, tak\u017ee m\u016f\u017eete sv\u016fj vysokozdvi\u017en\u00fd voz\u00edk znovu uv\u00e9st do provozu bez zbyte\u010dn\u00fdch prodlev. Tato snadn\u00e1 instalace znamen\u00e1 m\u00e9n\u011b starost\u00ed a vy\u0161\u0161\u00ed produktivitu va\u0161eho provozu.<\/p>\n<h4><strong>6. V\u0161estrann\u00e1 kompatibilita<\/strong><\/h4>\n<p>Model HCYY11112001 je navr\u017een tak, aby byl kompatibiln\u00ed s \u0161irokou \u0161k\u00e1lou model\u016f vysokozdvi\u017en\u00fdch voz\u00edk\u016f, co\u017e z n\u011bj \u010din\u00ed v\u0161estrannou volbu pro r\u016fzn\u00e9 aplikace. Tato p\u0159izp\u016fsobivost umo\u017e\u0148uje firm\u00e1m modernizovat sv\u00e1 st\u00e1vaj\u00edc\u00ed za\u0159\u00edzen\u00ed bez obav z probl\u00e9m\u016f s kompatibilitou a zaji\u0161\u0165uje tak bezprobl\u00e9movou integraci do jejich vozov\u00e9ho parku.<\/p>\n<h4><strong>7. Vylep\u0161en\u00e9 bezpe\u010dnostn\u00ed prvky<\/strong><\/h4>\n<p>Tento nakl\u00e1p\u011bc\u00ed v\u00e1lec, vybaven\u00fd vestav\u011bn\u00fdmi bezpe\u010dnostn\u00edmi mechanismy, poskytuje b\u011bhem provozu klid. Jeho konstrukce zabra\u0148uje neo\u010dek\u00e1van\u00fdm pohyb\u016fm, sni\u017euje riziko nehod a zaji\u0161\u0165uje bezpe\u010dn\u00e9 ulo\u017een\u00ed n\u00e1kladu. Up\u0159ednost\u0148ov\u00e1n\u00ed bezpe\u010dnosti pom\u00e1h\u00e1 vytv\u00e1\u0159et spolehliv\u011bj\u0161\u00ed pracovn\u00ed prost\u0159ed\u00ed.<\/p>\n<p>V\u00fdb\u011brem nakl\u00e1p\u011bc\u00edho v\u00e1lce pro vysokozdvi\u017en\u00fd voz\u00edk HCYY11112001 z\u00edsk\u00e1te v\u00fdhodu produktu, kter\u00fd kombinuje odolnost, efektivitu a bezpe\u010dnost a zaji\u0161\u0165uje hladk\u00fd a efektivn\u00ed provoz va\u0161eho vysokozdvi\u017en\u00e9ho voz\u00edku.<\/p>\n<h2><strong>Jak nakl\u00e1p\u011bc\u00ed v\u00e1lec vysokozdvi\u017en\u00e9ho voz\u00edku zlep\u0161uje manipulaci s n\u00e1kladem a provozn\u00ed efektivitu?<\/strong><\/h2>\n<p>Nakl\u00e1p\u011bc\u00ed v\u00e1lec vysokozdvi\u017en\u00e9ho voz\u00edku transformuje manipulaci s n\u00e1kladem a zvy\u0161uje provozn\u00ed efektivitu. Zde je n\u00e1vod, jak toho dosahuje:<\/p>\n<h4>1. <strong>P\u0159esn\u00e9 \u0159\u00edzen\u00ed<\/strong><\/h4>\n<p>Nakl\u00e1p\u011bc\u00ed v\u00e1lec umo\u017e\u0148uje obsluze jemn\u011b nastavit \u00fahel vidlic, co\u017e umo\u017e\u0148uje pe\u010dliv\u00e9 um\u00edst\u011bn\u00ed n\u00e1kladu. Tato p\u0159esnost je nezbytn\u00e1 pro prevenci p\u00e1d\u016f nebo nespr\u00e1vn\u00e9ho vyrovn\u00e1n\u00ed, zejm\u00e9na p\u0159i manipulaci s t\u011b\u017ek\u00fdmi nebo k\u0159ehk\u00fdmi p\u0159edm\u011bty. P\u0159edstavte si, \u017ee um\u00edst\u00edte n\u00e1klad p\u0159esn\u011b tam, kam m\u00e1 \u2013 tato kontrola zvy\u0161uje bezpe\u010dnost a sni\u017euje riziko n\u00e1kladn\u00e9ho po\u0161kozen\u00ed.<\/p>\n<h4>2. <strong>Zv\u00fd\u0161en\u00e1 stabilita<\/strong><\/h4>\n<p>V\u00e1lec pom\u00e1h\u00e1 udr\u017eovat ni\u017e\u0161\u00ed t\u011b\u017ei\u0161t\u011b n\u00e1kladu t\u00edm, \u017ee umo\u017e\u0148uje obsluze nakl\u00e1n\u011bt vidlice. Tato zv\u00fd\u0161en\u00e1 stabilita je kl\u00ed\u010dov\u00e1 p\u0159i zved\u00e1n\u00ed a p\u0159eprav\u011b, zejm\u00e9na v ru\u0161n\u00e9m prost\u0159ed\u00ed nebo na nerovn\u00e9m povrchu. D\u00edky lep\u0161\u00ed stabilit\u011b se v\u00fdrazn\u011b minimalizuje pravd\u011bpodobnost p\u0159evr\u00e1cen\u00ed nebo kym\u00e1cen\u00ed, co\u017e obsluze d\u00e1v\u00e1 jistotu p\u0159i ka\u017ed\u00e9m man\u00e9vru.<\/p>\n<h4>3. <strong>Efektivn\u00ed stohov\u00e1n\u00ed<\/strong><\/h4>\n<p>Mo\u017enost nakl\u00e1p\u011bn\u00ed vidlic usnad\u0148uje efektivn\u011bj\u0161\u00ed stohov\u00e1n\u00ed palet a materi\u00e1l\u016f. Tato funkce je obzvl\u00e1\u0161t\u011b v\u00fdhodn\u00e1 pro maximalizaci vertik\u00e1ln\u00edho skladovac\u00edho prostoru ve skladech nebo distribu\u010dn\u00edch centrech. Obsluha m\u016f\u017ee snadno man\u00e9vrovat s b\u0159emeny do \u00fazk\u00fdch prostor, \u010d\u00edm\u017e maxim\u00e1ln\u011b vyu\u017eije ka\u017ed\u00fd centimetr dostupn\u00e9ho prostoru a zlep\u0161\u00ed celkovou organizaci skladu.<\/p>\n<h4>4. <strong>Sn\u00ed\u017een\u00e1 n\u00e1maha obsluhy<\/strong><\/h4>\n<p>Dob\u0159e navr\u017een\u00fd nakl\u00e1p\u011bc\u00ed v\u00e1lec sni\u017euje fyzickou n\u00e1mahu obsluhy t\u00edm, \u017ee umo\u017e\u0148uje optim\u00e1ln\u00ed um\u00edst\u011bn\u00ed b\u0159emen s minim\u00e1ln\u00edm manu\u00e1ln\u00edm z\u00e1sahem. Tato ergonomick\u00e1 v\u00fdhoda nejen sni\u017euje \u00fanavu obsluhy, ale tak\u00e9 v\u00fdrazn\u011b sni\u017euje riziko \u00faraz\u016f na pracovi\u0161ti. Zv\u00fd\u0161en\u00edm pohodl\u00ed umo\u017e\u0148uje obsluze soust\u0159edit se na dan\u00fd \u00fakol a zvy\u0161ovat produktivitu.<\/p>\n<h4>5. <strong>Zrychlen\u00e9 operace<\/strong><\/h4>\n<p>D\u00edky plynul\u00e9mu a rychl\u00e9mu nastaven\u00ed, kter\u00e9 zaji\u0161\u0165uj\u00ed nakl\u00e1p\u011bc\u00ed v\u00e1lce, se procesy nakl\u00e1d\u00e1n\u00ed a vykl\u00e1d\u00e1n\u00ed v\u00fdrazn\u011b zrychluj\u00ed. Tato efektivita znamen\u00e1 krat\u0161\u00ed dobu odezvy, co\u017e je z\u00e1sadn\u00ed ve vysoce n\u00e1ro\u010dn\u00fdch prost\u0159ed\u00edch. P\u0159edstavte si, o kolik v\u00edce se d\u00e1 za sm\u011bnu zvl\u00e1dnout, kdy\u017e se po\u010d\u00edt\u00e1 ka\u017ed\u00e1 sekunda!<\/p>\n<h4>6. <strong>V\u0161estrannost v manipulaci<\/strong><\/h4>\n<p>Nakl\u00e1p\u011bc\u00ed v\u00e1lce umo\u017e\u0148uj\u00ed vysokozdvi\u017en\u00fdm voz\u00edk\u016fm manipulovat s \u0161irokou \u0161k\u00e1lou n\u00e1klad\u016f, v\u010detn\u011b n\u00e1klad\u016f s jedine\u010dn\u00fdmi tvary nebo velikostmi. Tato v\u0161estrannost eliminuje pot\u0159ebu specializovan\u00e9ho vybaven\u00ed pro r\u016fzn\u00e9 \u00fakoly, co\u017e umo\u017e\u0148uje firm\u00e1m rychle se p\u0159izp\u016fsobit m\u011bn\u00edc\u00edm se po\u017eadavk\u016fm. A\u0165 u\u017e se jedn\u00e1 o zved\u00e1n\u00ed palet, kontejner\u016f nebo materi\u00e1l\u016f nepravideln\u00fdch tvar\u016f, nakl\u00e1p\u011bc\u00ed v\u00e1lec zaji\u0161\u0165uje bezprobl\u00e9mov\u00fd provoz.<\/p>\n<h4>7. <strong>Vylep\u0161en\u00e9 bezpe\u010dnostn\u00ed funkce<\/strong><\/h4>\n<p>Mnoho modern\u00edch nakl\u00e1p\u011bc\u00edch v\u00e1lc\u016f je vybaveno vestav\u011bn\u00fdmi bezpe\u010dnostn\u00edmi mechanismy, kter\u00e9 zabra\u0148uj\u00ed neo\u010dek\u00e1van\u00fdm pohyb\u016fm. Tato dodate\u010dn\u00e1 vrstva bezpe\u010dnosti poskytuje obsluze klid, proto\u017ee v\u00ed, \u017ee n\u00e1klady z\u016fstanou b\u011bhem p\u0159epravy v bezpe\u010d\u00ed. Bezpe\u010dn\u011bj\u0161\u00ed pracovn\u00ed prost\u0159ed\u00ed zvy\u0161uje celkovou mor\u00e1lku t\u00fdmu a zvy\u0161uje provozn\u00ed efektivitu.<\/p>\n<p>Stru\u010dn\u011b \u0159e\u010deno, nakl\u00e1p\u011bc\u00ed v\u00e1lec vysokozdvi\u017en\u00e9ho voz\u00edku nen\u00ed jen sou\u010d\u00e1stka; je to pr\u016flom v manipulaci s materi\u00e1lem. Zv\u00fd\u0161en\u00edm p\u0159esnosti, stability a v\u0161estrannosti umo\u017e\u0148uje obsluze vykon\u00e1vat sv\u00e9 \u00fakoly efektivn\u011bji a bezpe\u010dn\u011bji. Investice do vysoce kvalitn\u00edch nakl\u00e1p\u011bc\u00edch v\u00e1lc\u016f, jako je HCYY11112001, m\u016f\u017ee v\u00e9st k v\u00fdznamn\u00e9mu zlep\u0161en\u00ed produktivity a bezpe\u010dnosti na pracovi\u0161ti, co\u017e z nich \u010din\u00ed neoceniteln\u00fd p\u0159\u00ednos pro jakoukoli operaci.<\/p>\n<h2><strong>V\u00fdrobn\u00ed oblast v\u00e1lc\u016f pro vysokozdvi\u017en\u00e9 voz\u00edky:<\/strong><\/h2>\n<h2><img loading=\"lazy\" decoding=\"async\" class=\"alignnone size-full wp-image-16972\" src=\"https:\/\/www.hydraulic-cylinders.net\/wp-content\/uploads\/2025\/01\/hydraulic-cylinder-factory-1-scaled.webp\" alt=\"\" width=\"2016\" height=\"2560\" srcset=\"https:\/\/www.hydraulic-cylinders.net\/wp-content\/uploads\/2025\/01\/hydraulic-cylinder-factory-1-scaled.webp 2016w, https:\/\/www.hydraulic-cylinders.net\/wp-content\/uploads\/2025\/01\/hydraulic-cylinder-factory-1-1280x1625.webp 1280w, https:\/\/www.hydraulic-cylinders.net\/wp-content\/uploads\/2025\/01\/hydraulic-cylinder-factory-1-980x1244.webp 980w, https:\/\/www.hydraulic-cylinders.net\/wp-content\/uploads\/2025\/01\/hydraulic-cylinder-factory-1-480x610.webp 480w\" sizes=\"(min-width: 0px) and (max-width: 480px) 480px, (min-width: 481px) and (max-width: 980px) 980px, (min-width: 981px) and (max-width: 1280px) 1280px, (min-width: 1281px) 2016px, 100vw\" \/><\/h2>\n<p>Disponujeme prvot\u0159\u00eddn\u00ed nez\u00e1vislou v\u00fdzkumnou a v\u00fdvojovou platformou pro mont\u00e1\u017e. D\u00edlna na v\u00fdrobu v\u00e1lc\u016f pro vysokozdvi\u017en\u00e9 voz\u00edky m\u00e1 \u010dty\u0159i poloautomatick\u00e9 mont\u00e1\u017en\u00ed linky pro zdvihac\u00ed v\u00e1lce a pln\u011b automatickou mont\u00e1\u017en\u00ed linku pro nakl\u00e1p\u011bc\u00ed v\u00e1lce s projektovanou ro\u010dn\u00ed v\u00fdrobn\u00ed kapacitou milionu kus\u016f. D\u00edlna na speci\u00e1ln\u00ed v\u00e1lce m\u00e1 poloautomatick\u00e9 \u010distic\u00ed a mont\u00e1\u017en\u00ed syst\u00e9my r\u016fzn\u00fdch specifikac\u00ed s projektovanou ro\u010dn\u00ed v\u00fdrobn\u00ed kapacitou 200 000 kus\u016f. Je vybavena CNC obr\u00e1b\u011bc\u00edmi za\u0159\u00edzen\u00edmi zn\u00e1m\u00fdch zna\u010dek, obr\u00e1b\u011bc\u00edmi centry, speci\u00e1ln\u00edm za\u0159\u00edzen\u00edm pro vysoce p\u0159esn\u00e9 zpracov\u00e1n\u00ed v\u00e1lc\u016f, robotick\u00fdmi sva\u0159ovac\u00edmi stroji, automatick\u00fdmi \u010distic\u00edmi stroji, automatick\u00fdmi mont\u00e1\u017en\u00edmi stroji pro v\u00e1lce a automatick\u00fdmi linkami na v\u00fdrobu lak\u016f. M\u00e1me v provozu v\u00edce ne\u017e 300 sad kl\u00ed\u010dov\u00e9ho vybaven\u00ed. Optimalizovan\u00e9 rozd\u011blen\u00ed a efektivn\u00ed vyu\u017eit\u00ed zdroj\u016f za\u0159\u00edzen\u00ed zaji\u0161\u0165uje po\u017eadavky na p\u0159esnost v\u00fdrobk\u016f a spl\u0148uje vysok\u00e9 po\u017eadavky na kvalitu v\u00fdrobk\u016f.<\/p>\n<p>Obr\u00e1b\u011bc\u00ed d\u00edlna je vybavena zak\u00e1zkov\u011b vyroben\u00fdmi soustru\u017enick\u00fdmi centry s nakl\u00e1p\u011bc\u00edmi vodic\u00edmi kolejnicemi, obr\u00e1b\u011bc\u00edmi centry, vysokorychlostn\u00edmi honovac\u00edmi stroji, sva\u0159ovac\u00edmi roboty a dal\u0161\u00edm relevantn\u00edm za\u0159\u00edzen\u00edm, kter\u00e9 zvl\u00e1dne obr\u00e1b\u011bn\u00ed v\u00e1lcov\u00fdch trubek s maxim\u00e1ln\u00edm vnit\u0159n\u00edm pr\u016fm\u011brem 400 mm a maxim\u00e1ln\u00ed d\u00e9lkou 6 metr\u016f.<\/p>\n<h2><img loading=\"lazy\" decoding=\"async\" class=\"alignnone size-full wp-image-16973\" src=\"https:\/\/www.hydraulic-cylinders.net\/wp-content\/uploads\/2025\/01\/hydraulic-cylinder-factory-2-scaled.webp\" alt=\"\" width=\"2011\" height=\"2560\" srcset=\"https:\/\/www.hydraulic-cylinders.net\/wp-content\/uploads\/2025\/01\/hydraulic-cylinder-factory-2-scaled.webp 2011w, https:\/\/www.hydraulic-cylinders.net\/wp-content\/uploads\/2025\/01\/hydraulic-cylinder-factory-2-1280x1629.webp 1280w, https:\/\/www.hydraulic-cylinders.net\/wp-content\/uploads\/2025\/01\/hydraulic-cylinder-factory-2-980x1248.webp 980w, https:\/\/www.hydraulic-cylinders.net\/wp-content\/uploads\/2025\/01\/hydraulic-cylinder-factory-2-480x611.webp 480w\" sizes=\"(min-width: 0px) and (max-width: 480px) 480px, (min-width: 481px) and (max-width: 980px) 980px, (min-width: 981px) and (max-width: 1280px) 1280px, (min-width: 1281px) 2011px, 100vw\" \/><\/h2>\n<p>Disponujeme pln\u011b automatickou linkou na nan\u00e1\u0161en\u00ed barev na vodn\u00ed b\u00e1zi pro mal\u00e9 a st\u0159edn\u00ed v\u00e1lce, kter\u00e1 realizuje automatick\u00e9 nakl\u00e1d\u00e1n\u00ed a vykl\u00e1d\u00e1n\u00ed a automatick\u00e9 st\u0159\u00edkac\u00ed roboty s projektovanou v\u00fdrobn\u00ed kapacitou 4000 m\u00edst za sm\u011bnu. M\u00e1me dal\u0161\u00ed poloautomatickou lakovac\u00ed linku pro velk\u00e9 v\u00e1lce poh\u00e1n\u011bnou \u0159et\u011bzem s projektovanou kapacitou 60 p\u0159epravek za sm\u011bnu.<\/p>\n<p>Abychom d\u00e1le zlep\u0161ili v\u00fdkon na\u0161ich produkt\u016f a upevnili si vedouc\u00ed pozici na\u0161ich hydraulick\u00fdch v\u00e1lc\u016f v oboru, zalo\u017eili jsme spole\u010dn\u011b se spole\u010dnost\u00ed Zjimee Komplexn\u00ed laborato\u0159 pro hydraulick\u00e9 v\u00e1lce, hydraulick\u00e9 ventily a hydraulick\u00e1 \u010derpadla. Laborato\u0159 prov\u00e1d\u00ed po\u010d\u00edta\u010dov\u00e9 testov\u00e1n\u00ed s vyu\u017eit\u00edm elektrohydraulick\u00e9 technologie. Zku\u0161ebn\u00ed podm\u00ednky jsou p\u0159ednastaveny po\u010d\u00edta\u010dem, co\u017e zlep\u0161uje p\u0159esnost test\u016f a v\u0161estrannost syst\u00e9mu, a tak\u00e9 experiment\u00e1ln\u00ed data.<\/p>\n<p>Automatick\u00fd sb\u011br dat se prov\u00e1d\u00ed pomoc\u00ed senzor\u016f a v\u00fdstupn\u00ed data, jako je vnit\u0159n\u00ed net\u011bsnost a \u00fa\u010dinnost zat\u00ed\u017een\u00ed v\u00e1lce nebo ventilu, jsou p\u0159\u00edmo zpracov\u00e1v\u00e1na po\u010d\u00edta\u010dem a p\u0159ev\u00e1d\u011bna na standardn\u00ed jednotky (ml\/min%). Sou\u010dasn\u011b se pro zaji\u0161t\u011bn\u00ed bezpe\u010dnosti provozu hydraulick\u00e9ho syst\u00e9mu prov\u00e1d\u00ed monitorov\u00e1n\u00ed stavu kl\u00ed\u010dov\u00fdch v\u00fdkonnostn\u00edch parametr\u016f, jako je \u201emonitorov\u00e1n\u00ed teploty oleje, monitorov\u00e1n\u00ed hladiny kapaliny, monitorov\u00e1n\u00ed filtra\u010dn\u00edho za\u0159\u00edzen\u00ed\u201c atd. Zku\u0161ebn\u00ed stanice hydraulick\u00fdch v\u00e1lc\u016f mimo jin\u00e9 dok\u00e1\u017ee testovat v\u00fdkon \u201ez\u00e1t\u011b\u017ee\u201c.<br \/>\n\u00fa\u010dinnost \u201ea\u201c vnit\u0159n\u00ed net\u011bsnost\u201c nam\u011b\u0159en\u00fdmi hodnotami. Z\u00e1rove\u0148 je vybaven m\u011b\u0159ic\u00edm p\u0159\u00edstrojem s m\u0159\u00ed\u017ekov\u00fdm prav\u00edtkem, kter\u00fd spl\u0148uje po\u017eadavky v\u0161ech testovan\u00fdch polo\u017eek hydraulick\u00fdch v\u00e1lc\u016f dle n\u00e1rodn\u00ed normy.<\/p>","protected":false},"excerpt":{"rendered":"<p>HCYY11112001 Forklift Tilt Cylinder The HCYY11112001 Forklift Tilt Cylinder is an essential powerhouse for any forklift, significantly boosting operational efficiency. This high-performance tilt cylinder ensures smooth and precise tilting of the fork arms, allowing operators to maneuver loads effortlessly and accurately. Whether you&#8217;re in a bustling warehouse, on a construction site, or managing a distribution [&hellip;]<\/p>","protected":false},"featured_media":16981,"comment_status":"open","ping_status":"closed","template":"","meta":{"_et_pb_use_builder":"","_et_pb_old_content":"","_et_gb_content_width":""},"product_brand":[],"product_cat":[1550,1484,1376],"product_tag":[],"class_list":{"0":"post-16975","1":"product","2":"type-product","3":"status-publish","4":"has-post-thumbnail","6":"product_cat-double-acting-hydraulic-cylinder","7":"product_cat-forklift-hydraulic-cylinders","8":"product_cat-hydraulic-cylinder","10":"first","11":"instock","12":"shipping-taxable","13":"product-type-simple"},"amp_enabled":true,"_links":{"self":[{"href":"https:\/\/www.hydraulic-cylinders.net\/cs\/wp-json\/wp\/v2\/product\/16975","targetHints":{"allow":["GET"]}}],"collection":[{"href":"https:\/\/www.hydraulic-cylinders.net\/cs\/wp-json\/wp\/v2\/product"}],"about":[{"href":"https:\/\/www.hydraulic-cylinders.net\/cs\/wp-json\/wp\/v2\/types\/product"}],"replies":[{"embeddable":true,"href":"https:\/\/www.hydraulic-cylinders.net\/cs\/wp-json\/wp\/v2\/comments?post=16975"}],"wp:featuredmedia":[{"embeddable":true,"href":"https:\/\/www.hydraulic-cylinders.net\/cs\/wp-json\/wp\/v2\/media\/16981"}],"wp:attachment":[{"href":"https:\/\/www.hydraulic-cylinders.net\/cs\/wp-json\/wp\/v2\/media?parent=16975"}],"wp:term":[{"taxonomy":"product_brand","embeddable":true,"href":"https:\/\/www.hydraulic-cylinders.net\/cs\/wp-json\/wp\/v2\/product_brand?post=16975"},{"taxonomy":"product_cat","embeddable":true,"href":"https:\/\/www.hydraulic-cylinders.net\/cs\/wp-json\/wp\/v2\/product_cat?post=16975"},{"taxonomy":"product_tag","embeddable":true,"href":"https:\/\/www.hydraulic-cylinders.net\/cs\/wp-json\/wp\/v2\/product_tag?post=16975"}],"curies":[{"name":"wp","href":"https:\/\/api.w.org\/{rel}","templated":true}]}}