{"id":16982,"date":"2025-01-21T08:46:17","date_gmt":"2025-01-21T08:46:17","guid":{"rendered":"https:\/\/www.hydraulic-cylinders.net\/?post_type=product&#038;p=16982"},"modified":"2025-04-11T03:15:39","modified_gmt":"2025-04-11T03:15:39","slug":"hcyy11112002-forklift-steering-cylinder","status":"publish","type":"product","link":"https:\/\/www.hydraulic-cylinders.net\/cs\/produkt\/hcyy11112002-forklift-steering-cylinder\/","title":{"rendered":"HCYY11112002 V\u00e1lec \u0159\u00edzen\u00ed vysokozdvi\u017en\u00e9ho voz\u00edku"},"content":{"rendered":"<h1 style=\"text-align: center;\"><strong>HCYY11112002 V\u00e1lec \u0159\u00edzen\u00ed vysokozdvi\u017en\u00e9ho voz\u00edku\u00a0<\/strong><\/h1>\n<h1 style=\"text-align: center;\"><strong><img loading=\"lazy\" decoding=\"async\" class=\"alignnone size-full wp-image-16984\" src=\"https:\/\/www.hydraulic-cylinders.net\/wp-content\/uploads\/2025\/01\/hcyy11112002-forklift-lifting-cylinder-2.webp\" alt=\"\" width=\"1496\" height=\"517\" srcset=\"https:\/\/www.hydraulic-cylinders.net\/wp-content\/uploads\/2025\/01\/hcyy11112002-forklift-lifting-cylinder-2.webp 1496w, https:\/\/www.hydraulic-cylinders.net\/wp-content\/uploads\/2025\/01\/hcyy11112002-forklift-lifting-cylinder-2-1280x442.webp 1280w, https:\/\/www.hydraulic-cylinders.net\/wp-content\/uploads\/2025\/01\/hcyy11112002-forklift-lifting-cylinder-2-980x339.webp 980w, https:\/\/www.hydraulic-cylinders.net\/wp-content\/uploads\/2025\/01\/hcyy11112002-forklift-lifting-cylinder-2-480x166.webp 480w\" sizes=\"(min-width: 0px) and (max-width: 480px) 480px, (min-width: 481px) and (max-width: 980px) 980px, (min-width: 981px) and (max-width: 1280px) 1280px, (min-width: 1281px) 1496px, 100vw\" \/> <\/strong><\/h1>\n<p>\u0158\u00eddic\u00ed v\u00e1lec pro vysokozdvi\u017en\u00e9 voz\u00edky HCYY11112002 je kl\u00ed\u010dovou sou\u010d\u00e1st\u00ed, kter\u00e1 v\u00fdrazn\u011b zvy\u0161uje man\u00e9vrovatelnost a ovl\u00e1d\u00e1n\u00ed vysokozdvi\u017en\u00fdch voz\u00edk\u016f v r\u016fzn\u00fdch provozn\u00edch prost\u0159ed\u00edch. Tento v\u00e1lec \u0159\u00edzen\u00ed, vyroben\u00fd s ohledem na efektivitu i spolehlivost, umo\u017e\u0148uje obsluze snadno se orientovat v t\u011bsn\u00fdch prostorech a manipulovat s t\u011b\u017ek\u00fdmi b\u0159emeny.<\/p>\n<p>Jako\u017eto nezbytn\u00e1 sou\u010d\u00e1st ka\u017ed\u00e9ho vysokozdvi\u017en\u00e9ho voz\u00edku nab\u00edz\u00ed HCYY11112002 robustn\u00ed konstrukci, v\u00fdjime\u010dnou odezvu a snadnou \u00fadr\u017ebu, co\u017e z n\u011bj \u010din\u00ed ide\u00e1ln\u00ed volbu pro firmy, kter\u00e9 cht\u011bj\u00ed zlep\u0161it sv\u00e9 schopnosti manipulace s materi\u00e1lem. Dodr\u017eov\u00e1n\u00edm spr\u00e1vn\u00fdch postup\u016f pou\u017e\u00edv\u00e1n\u00ed a \u00fadr\u017eby m\u016f\u017eete zajistit hladk\u00fd a efektivn\u00ed chod v\u00e1lce \u0159\u00edzen\u00ed, co\u017e povede k bezpe\u010dn\u011bj\u0161\u00edmu a efektivn\u011bj\u0161\u00edmu provozu.<\/p>\n<p>Investice do vysoce kvalitn\u00edch komponent\u016f, jako je HCYY11112002, nejen zvy\u0161uje produktivitu, ale tak\u00e9 zlep\u0161uje celkovou bezpe\u010dnost va\u0161ich zam\u011bstnanc\u016f. Za\u017eijte rozd\u00edl, kter\u00fd m\u016f\u017ee spolehliv\u00e9 \u0159\u00edzen\u00ed ud\u011blat a transformovat va\u0161i provozn\u00ed efektivitu je\u0161t\u011b dnes!<\/p>\n<h2><strong>Parametr v\u00e1lce \u0159\u00edzen\u00ed vysokozdvi\u017en\u00e9ho voz\u00edku HCYY11112002:<\/strong><\/h2>\n<h1 style=\"text-align: center;\"><strong><img loading=\"lazy\" decoding=\"async\" class=\"alignnone size-full wp-image-16983\" src=\"https:\/\/www.hydraulic-cylinders.net\/wp-content\/uploads\/2025\/01\/hcyy11112002-forklift-lifting-cylinder-1.webp\" alt=\"\" width=\"1514\" height=\"142\" srcset=\"https:\/\/www.hydraulic-cylinders.net\/wp-content\/uploads\/2025\/01\/hcyy11112002-forklift-lifting-cylinder-1.webp 1514w, https:\/\/www.hydraulic-cylinders.net\/wp-content\/uploads\/2025\/01\/hcyy11112002-forklift-lifting-cylinder-1-1280x120.webp 1280w, https:\/\/www.hydraulic-cylinders.net\/wp-content\/uploads\/2025\/01\/hcyy11112002-forklift-lifting-cylinder-1-980x92.webp 980w, https:\/\/www.hydraulic-cylinders.net\/wp-content\/uploads\/2025\/01\/hcyy11112002-forklift-lifting-cylinder-1-480x45.webp 480w\" sizes=\"(min-width: 0px) and (max-width: 480px) 480px, (min-width: 481px) and (max-width: 980px) 980px, (min-width: 981px) and (max-width: 1280px) 1280px, (min-width: 1281px) 1514px, 100vw\" \/><\/strong><\/h1>\n<h1 style=\"text-align: center;\"><strong><img loading=\"lazy\" decoding=\"async\" class=\"alignnone size-full wp-image-16985\" src=\"https:\/\/www.hydraulic-cylinders.net\/wp-content\/uploads\/2025\/01\/hcyy11112002-forklift-lifting-cylinder-3.webp\" alt=\"\" width=\"1479\" height=\"707\" srcset=\"https:\/\/www.hydraulic-cylinders.net\/wp-content\/uploads\/2025\/01\/hcyy11112002-forklift-lifting-cylinder-3.webp 1479w, https:\/\/www.hydraulic-cylinders.net\/wp-content\/uploads\/2025\/01\/hcyy11112002-forklift-lifting-cylinder-3-1280x612.webp 1280w, https:\/\/www.hydraulic-cylinders.net\/wp-content\/uploads\/2025\/01\/hcyy11112002-forklift-lifting-cylinder-3-980x468.webp 980w, https:\/\/www.hydraulic-cylinders.net\/wp-content\/uploads\/2025\/01\/hcyy11112002-forklift-lifting-cylinder-3-480x229.webp 480w\" sizes=\"(min-width: 0px) and (max-width: 480px) 480px, (min-width: 481px) and (max-width: 980px) 980px, (min-width: 981px) and (max-width: 1280px) 1280px, (min-width: 1281px) 1479px, 100vw\" \/> <img loading=\"lazy\" decoding=\"async\" class=\"alignnone size-full wp-image-16986\" src=\"https:\/\/www.hydraulic-cylinders.net\/wp-content\/uploads\/2025\/01\/hcyy11112002-forklift-lifting-cylinder-4.webp\" alt=\"\" width=\"1477\" height=\"710\" srcset=\"https:\/\/www.hydraulic-cylinders.net\/wp-content\/uploads\/2025\/01\/hcyy11112002-forklift-lifting-cylinder-4.webp 1477w, https:\/\/www.hydraulic-cylinders.net\/wp-content\/uploads\/2025\/01\/hcyy11112002-forklift-lifting-cylinder-4-1280x615.webp 1280w, https:\/\/www.hydraulic-cylinders.net\/wp-content\/uploads\/2025\/01\/hcyy11112002-forklift-lifting-cylinder-4-980x471.webp 980w, https:\/\/www.hydraulic-cylinders.net\/wp-content\/uploads\/2025\/01\/hcyy11112002-forklift-lifting-cylinder-4-480x231.webp 480w\" sizes=\"(min-width: 0px) and (max-width: 480px) 480px, (min-width: 481px) and (max-width: 980px) 980px, (min-width: 981px) and (max-width: 1280px) 1280px, (min-width: 1281px) 1477px, 100vw\" \/> <img loading=\"lazy\" decoding=\"async\" class=\"alignnone size-full wp-image-16987\" src=\"https:\/\/www.hydraulic-cylinders.net\/wp-content\/uploads\/2025\/01\/hcyy11112002-forklift-lifting-cylinder-5.webp\" alt=\"\" width=\"1495\" height=\"730\" srcset=\"https:\/\/www.hydraulic-cylinders.net\/wp-content\/uploads\/2025\/01\/hcyy11112002-forklift-lifting-cylinder-5.webp 1495w, https:\/\/www.hydraulic-cylinders.net\/wp-content\/uploads\/2025\/01\/hcyy11112002-forklift-lifting-cylinder-5-1280x625.webp 1280w, https:\/\/www.hydraulic-cylinders.net\/wp-content\/uploads\/2025\/01\/hcyy11112002-forklift-lifting-cylinder-5-980x479.webp 980w, https:\/\/www.hydraulic-cylinders.net\/wp-content\/uploads\/2025\/01\/hcyy11112002-forklift-lifting-cylinder-5-480x234.webp 480w\" sizes=\"(min-width: 0px) and (max-width: 480px) 480px, (min-width: 481px) and (max-width: 980px) 980px, (min-width: 981px) and (max-width: 1280px) 1280px, (min-width: 1281px) 1495px, 100vw\" \/><\/strong><\/h1>\n<h1 style=\"text-align: center;\"><\/h1>\n<h2>\u00a0<strong>\u0158ada v\u00e1lc\u016f pro vysokozdvi\u017en\u00e9 voz\u00edky:\u00a0<\/strong><\/h2>\n<h2><img loading=\"lazy\" decoding=\"async\" class=\"alignnone size-full wp-image-16971\" src=\"https:\/\/www.hydraulic-cylinders.net\/wp-content\/uploads\/2025\/01\/fork-lift-cylinder.webp\" alt=\"\" width=\"2004\" height=\"2529\" srcset=\"https:\/\/www.hydraulic-cylinders.net\/wp-content\/uploads\/2025\/01\/fork-lift-cylinder.webp 2004w, https:\/\/www.hydraulic-cylinders.net\/wp-content\/uploads\/2025\/01\/fork-lift-cylinder-1280x1615.webp 1280w, https:\/\/www.hydraulic-cylinders.net\/wp-content\/uploads\/2025\/01\/fork-lift-cylinder-980x1237.webp 980w, https:\/\/www.hydraulic-cylinders.net\/wp-content\/uploads\/2025\/01\/fork-lift-cylinder-480x606.webp 480w\" sizes=\"(min-width: 0px) and (max-width: 480px) 480px, (min-width: 481px) and (max-width: 980px) 980px, (min-width: 981px) and (max-width: 1280px) 1280px, (min-width: 1281px) 2004px, 100vw\" \/><\/h2>\n<h2><strong>Kl\u00ed\u010dov\u00e9 vlastnosti v\u00e1lce \u0159\u00edzen\u00ed pro vysokozdvi\u017en\u00fd voz\u00edk HCYY11112002:<\/strong><\/h2>\n<ul>\n<li><strong>Odoln\u00e1 konstrukce<\/strong>Model HCYY11112002 je vyroben z prvot\u0159\u00eddn\u00edch materi\u00e1l\u016f a je konstruov\u00e1n tak, aby vydr\u017eel n\u00e1roky n\u00e1ro\u010dn\u00e9ho provozu a drsn\u00fdch pracovn\u00edch podm\u00ednek. Jeho robustn\u00ed konstrukce zaji\u0161\u0165uje v\u00fdjime\u010dnou \u017eivotnost a spolehlivost a minimalizuje pot\u0159ebu \u010dast\u00fdch v\u00fdm\u011bn.<\/li>\n<li><strong>Vysok\u00e1 odezva<\/strong>Za\u017eijte bezkonkuren\u010dn\u00ed kontrolu s t\u00edmto v\u00e1lcem \u0159\u00edzen\u00ed, kter\u00fd poskytuje rychl\u00e9 a p\u0159esn\u00e9 reakce \u0159\u00edzen\u00ed. \u0158idi\u010di se mohou bez n\u00e1mahy pohybovat v \u00fazk\u00fdch zat\u00e1\u010dk\u00e1ch a na slo\u017eit\u00fdch tras\u00e1ch, co\u017e m\u00e1 za n\u00e1sledek plynulej\u0161\u00ed zat\u00e1\u010den\u00ed a lep\u0161\u00ed manipulaci s b\u0159emeny. Tato odezva nejen zvy\u0161uje efektivitu, ale tak\u00e9 zvy\u0161uje celkovou bezpe\u010dnost.<\/li>\n<li><strong>Odolnost proti korozi<\/strong>HCYY11112002 m\u00e1 speci\u00e1ln\u011b upraven\u00e9 povrchy, kter\u00e9 odol\u00e1vaj\u00ed korozi a opot\u0159eben\u00ed. Tato vlastnost odoln\u00e1 proti korozi prodlu\u017euje \u017eivotnost v\u00e1lce a udr\u017euje optim\u00e1ln\u00ed v\u00fdkon i v prost\u0159ed\u00ed vystaven\u00e9m vlhkosti nebo agresivn\u00edm chemik\u00e1li\u00edm.<\/li>\n<li><strong>Snadn\u00e1 instalace<\/strong>HCYY11112002, navr\u017een\u00fd s ohledem na u\u017eivatelsk\u00e9 pohodl\u00ed, umo\u017e\u0148uje snadnou instalaci. Jeho intuitivn\u00ed proces nastaven\u00ed minimalizuje prostoje a umo\u017e\u0148uje rychl\u00e9 v\u00fdm\u011bny a opravy. Tato funkce znamen\u00e1 men\u0161\u00ed naru\u0161en\u00ed va\u0161eho provozu a v\u00edce \u010dasu na produktivitu.<\/li>\n<li><strong>\u0160irok\u00e1 kompatibilita<\/strong>V\u0161estrannost je charakteristick\u00fdm znakem modelu HCYY11112002. Tento v\u00e1lec \u0159\u00edzen\u00ed, navr\u017een\u00fd pro r\u016fzn\u00e9 modely vysokozdvi\u017en\u00fdch voz\u00edk\u016f, se bez probl\u00e9m\u016f p\u0159izp\u016fsob\u00ed r\u016fzn\u00fdm syst\u00e9m\u016fm, co\u017e z n\u011bj \u010din\u00ed ide\u00e1ln\u00ed volbu pro rozmanit\u00e9 podniky. A\u0165 u\u017e obsluhujete jeden typ vysokozdvi\u017en\u00e9ho voz\u00edku nebo cel\u00fd vozov\u00fd park, tento komponent snadno spln\u00ed va\u0161e rozmanit\u00e9 pot\u0159eby.<\/li>\n<li><strong>Vylep\u0161en\u00e9 bezpe\u010dnostn\u00ed funkce<\/strong>D\u00edky pokro\u010dil\u00fdm bezpe\u010dnostn\u00edm mechanism\u016fm zaji\u0161\u0165uje model HCYY11112002 stabiln\u00ed provoz za r\u016fzn\u00fdch podm\u00ednek. Tato p\u0159idan\u00e1 vrstva bezpe\u010dnosti chr\u00e1n\u00ed jak obsluhu, tak i b\u0159emena a d\u00e1le zlep\u0161uje celkov\u00e9 pracovn\u00ed prost\u0159ed\u00ed.<\/li>\n<li><strong>N\u00edzk\u00e9 n\u00e1roky na \u00fadr\u017ebu<\/strong>Model HCYY11112002, navr\u017een\u00fd pro odolnost a efektivitu, vy\u017eaduje minim\u00e1ln\u00ed \u00fadr\u017ebu. Pravideln\u00e9 kontroly a ob\u010dasn\u00e9 maz\u00e1n\u00ed udr\u017euj\u00ed jeho optim\u00e1ln\u00ed v\u00fdkon, co\u017e va\u0161emu t\u00fdmu umo\u017e\u0148uje soust\u0159edit se na sv\u00e9 \u00fakoly, ani\u017e by se musel starat o \u010dast\u00fd servis.<\/li>\n<\/ul>\n<p>V\u00fdb\u011brem v\u00e1lce \u0159\u00edzen\u00ed pro vysokozdvi\u017en\u00fd voz\u00edk HCYY11112002 investujete do produktu, kter\u00fd zvy\u0161uje provozn\u00ed efektivitu a p\u0159isp\u00edv\u00e1 k bezpe\u010dn\u011bj\u0161\u00edmu a produktivn\u011bj\u0161\u00edmu pracovi\u0161ti. Za\u017eijte rozd\u00edl, kter\u00fd tyto pokro\u010dil\u00e9 funkce mohou p\u0159in\u00e9st ve va\u0161ich manipula\u010dn\u00edch operac\u00edch!<\/p>\n<h2><strong>Jak\u00e9 jsou zn\u00e1mky toho, \u017ee je t\u0159eba vym\u011bnit v\u00e1lec \u0159\u00edzen\u00ed vysokozdvi\u017en\u00e9ho voz\u00edku?<\/strong><\/h2>\n<p>Dob\u0159e funguj\u00edc\u00ed v\u00e1lec \u0159\u00edzen\u00ed je kl\u00ed\u010dov\u00fd pro bezpe\u010dn\u00fd provoz va\u0161eho vysokozdvi\u017en\u00e9ho voz\u00edku. Zde je n\u011bkolik varovn\u00fdch sign\u00e1l\u016f, \u017ee by mohl b\u00fdt \u010das na v\u00fdm\u011bnu:<\/p>\n<ol>\n<li><strong>\u00daniky hydraulick\u00e9 kapaliny<\/strong><br \/>\nPokud si pod vysokozdvi\u017en\u00fdm voz\u00edkem v\u0161imnete kalu\u017e\u00ed hydraulick\u00e9 kapaliny, je to varovn\u00fd sign\u00e1l. Net\u011bsnosti nazna\u010duj\u00ed, \u017ee t\u011bsn\u011bn\u00ed uvnit\u0159 v\u00e1lce \u0159\u00edzen\u00ed mohou b\u00fdt opot\u0159ebovan\u00e1 nebo po\u0161kozen\u00e1, co\u017e ohro\u017euje integritu syst\u00e9mu.<\/li>\n<li><strong>Pot\u00ed\u017ee s \u0159\u00edzen\u00edm<\/strong><br \/>\nPot\u00ed\u017ee s ot\u00e1\u010den\u00edm volantu nebo pocit siln\u00e9ho odporu mohou signalizovat skryt\u00e9 probl\u00e9my. Citliv\u00fd syst\u00e9m \u0159\u00edzen\u00ed je nezbytn\u00fd pro efektivitu a bezpe\u010dnost, proto tyto p\u0159\u00edznaky neignorujte.<\/li>\n<li><strong>Neobvykl\u00e9 zvuky<\/strong><br \/>\nB\u011bhem provozu v\u011bnujte pozornost jak\u00e9mukoli sk\u0159\u00edpav\u00e9mu, vrzav\u00e9mu nebo klepav\u00e9mu zvuku. Tyto zvuky mohou nazna\u010dovat mechanick\u00e9 opot\u0159eben\u00ed nebo \u0161patn\u00e9 se\u0159\u00edzen\u00ed v\u00e1lce \u0159\u00edzen\u00ed, co\u017e by mohlo v\u00e9st k z\u00e1va\u017en\u011bj\u0161\u00edm probl\u00e9m\u016fm, pokud by se jim nev\u011bnovala pozornost.<\/li>\n<li><strong>Opot\u0159ebovan\u00e1 t\u011bsn\u011bn\u00ed a pouzdra<\/strong><br \/>\nPravideln\u011b kontrolujte t\u011bsn\u011bn\u00ed a pouzdra, zda nevykazuj\u00ed zn\u00e1mky opot\u0159eben\u00ed. Praskliny nebo rozt\u0159epen\u00ed mohou v\u00e9st k net\u011bsnostem a sn\u00ed\u017een\u00e9mu v\u00fdkonu, proto je v\u010dasn\u00e1 v\u00fdm\u011bna z\u00e1sadn\u00ed.<\/li>\n<li><strong>Nekonzistentn\u00ed pohyb<\/strong><br \/>\nPokud se \u0159\u00edzen\u00ed va\u0161eho vysokozdvi\u017en\u00e9ho voz\u00edku jev\u00ed trhav\u00e9 nebo nestabiln\u00ed, m\u016f\u017ee to znamenat probl\u00e9my s hydraulick\u00fdm v\u00e1lcem. Plynul\u00e9 \u0159\u00edzen\u00ed je nezbytn\u00e9 pro p\u0159esn\u00e9 man\u00e9vrov\u00e1n\u00ed, zejm\u00e9na v t\u011bsn\u00fdch prostorech.<\/li>\n<li><strong>Nadm\u011brn\u00e1 hra<\/strong><br \/>\nZnateln\u00e9 zv\u00fd\u0161en\u00ed v\u016fle nebo uvoln\u011bn\u00ed volantu m\u016f\u017ee znamenat, \u017ee v\u00e1lec \u0159\u00edzen\u00ed nefunguje spr\u00e1vn\u011b. To m\u016f\u017ee ovlivnit va\u0161i ovladatelnost a zv\u00fd\u0161it riziko nehod.<\/li>\n<li><strong>V\u00fdstra\u017en\u00e1 sv\u011btla<\/strong><br \/>\nMnoho modern\u00edch vysokozdvi\u017en\u00fdch voz\u00edk\u016f m\u00e1 diagnostick\u00e9 syst\u00e9my, kter\u00e9 v\u00e1s upozorn\u00ed na potenci\u00e1ln\u00ed probl\u00e9my. Pokud se rozsv\u00edt\u00ed v\u00fdstra\u017en\u00e1 kontrolka souvisej\u00edc\u00ed s \u0159\u00edzen\u00edm, berte to v\u00e1\u017en\u011b a neprodlen\u011b pro\u0161et\u0159ete probl\u00e9m.<\/li>\n<\/ol>\n<p>Proaktivn\u00ed p\u0159\u00edstup k t\u011bmto p\u0159\u00edznak\u016fm v\u00e1m m\u016f\u017ee u\u0161et\u0159it n\u00e1kladn\u00e9 opravy a nebezpe\u010dn\u00e9 provozn\u00ed podm\u00ednky. Pravideln\u00e1 \u00fadr\u017eba a v\u010dasn\u00e9 v\u00fdm\u011bny zaji\u0161\u0165uj\u00ed, \u017ee v\u00e1\u0161 vysokozdvi\u017en\u00fd voz\u00edk z\u016fstane spolehliv\u00fd a efektivn\u00ed. Pokud si v\u0161imnete n\u011bkter\u00e9ho z t\u011bchto p\u0159\u00edznak\u016f, pora\u010fte se s odborn\u00edkem, aby posoudil situaci, a zva\u017ete v\u00fdm\u011bnu v\u00e1lce \u0159\u00edzen\u00ed pro optim\u00e1ln\u00ed v\u00fdkon. Z\u00e1vis\u00ed na tom va\u0161e bezpe\u010dnost a produktivita!<\/p>\n<h2><strong>V\u00fdrobn\u00ed oblast v\u00e1lc\u016f pro vysokozdvi\u017en\u00e9 voz\u00edky:<\/strong><\/h2>\n<h2><img loading=\"lazy\" decoding=\"async\" class=\"alignnone size-full wp-image-16972\" src=\"https:\/\/www.hydraulic-cylinders.net\/wp-content\/uploads\/2025\/01\/hydraulic-cylinder-factory-1-scaled.webp\" alt=\"\" width=\"2016\" height=\"2560\" srcset=\"https:\/\/www.hydraulic-cylinders.net\/wp-content\/uploads\/2025\/01\/hydraulic-cylinder-factory-1-scaled.webp 2016w, https:\/\/www.hydraulic-cylinders.net\/wp-content\/uploads\/2025\/01\/hydraulic-cylinder-factory-1-1280x1625.webp 1280w, https:\/\/www.hydraulic-cylinders.net\/wp-content\/uploads\/2025\/01\/hydraulic-cylinder-factory-1-980x1244.webp 980w, https:\/\/www.hydraulic-cylinders.net\/wp-content\/uploads\/2025\/01\/hydraulic-cylinder-factory-1-480x610.webp 480w\" sizes=\"(min-width: 0px) and (max-width: 480px) 480px, (min-width: 481px) and (max-width: 980px) 980px, (min-width: 981px) and (max-width: 1280px) 1280px, (min-width: 1281px) 2016px, 100vw\" \/><\/h2>\n<p>Disponujeme prvot\u0159\u00eddn\u00ed nez\u00e1vislou v\u00fdzkumnou a v\u00fdvojovou platformou pro mont\u00e1\u017e. D\u00edlna na v\u00fdrobu v\u00e1lc\u016f pro vysokozdvi\u017en\u00e9 voz\u00edky m\u00e1 \u010dty\u0159i poloautomatick\u00e9 mont\u00e1\u017en\u00ed linky pro zdvihac\u00ed v\u00e1lce a pln\u011b automatickou mont\u00e1\u017en\u00ed linku pro nakl\u00e1p\u011bc\u00ed v\u00e1lce s projektovanou ro\u010dn\u00ed v\u00fdrobn\u00ed kapacitou milionu kus\u016f. D\u00edlna na speci\u00e1ln\u00ed v\u00e1lce m\u00e1 poloautomatick\u00e9 \u010distic\u00ed a mont\u00e1\u017en\u00ed syst\u00e9my r\u016fzn\u00fdch specifikac\u00ed s projektovanou ro\u010dn\u00ed v\u00fdrobn\u00ed kapacitou 200 000 kus\u016f. Je vybavena CNC obr\u00e1b\u011bc\u00edmi za\u0159\u00edzen\u00edmi zn\u00e1m\u00fdch zna\u010dek, obr\u00e1b\u011bc\u00edmi centry, speci\u00e1ln\u00edm za\u0159\u00edzen\u00edm pro vysoce p\u0159esn\u00e9 zpracov\u00e1n\u00ed v\u00e1lc\u016f, robotick\u00fdmi sva\u0159ovac\u00edmi stroji, automatick\u00fdmi \u010distic\u00edmi stroji, automatick\u00fdmi mont\u00e1\u017en\u00edmi stroji pro v\u00e1lce a automatick\u00fdmi linkami na v\u00fdrobu lak\u016f. M\u00e1me v provozu v\u00edce ne\u017e 300 sad kl\u00ed\u010dov\u00e9ho vybaven\u00ed. Optimalizovan\u00e9 rozd\u011blen\u00ed a efektivn\u00ed vyu\u017eit\u00ed zdroj\u016f za\u0159\u00edzen\u00ed zaji\u0161\u0165uje po\u017eadavky na p\u0159esnost v\u00fdrobk\u016f a spl\u0148uje vysok\u00e9 po\u017eadavky na kvalitu v\u00fdrobk\u016f.<\/p>\n<p>Obr\u00e1b\u011bc\u00ed d\u00edlna je vybavena zak\u00e1zkov\u011b vyroben\u00fdmi soustru\u017enick\u00fdmi centry s nakl\u00e1p\u011bc\u00edmi vodic\u00edmi kolejnicemi, obr\u00e1b\u011bc\u00edmi centry, vysokorychlostn\u00edmi honovac\u00edmi stroji, sva\u0159ovac\u00edmi roboty a dal\u0161\u00edm relevantn\u00edm za\u0159\u00edzen\u00edm, kter\u00e9 zvl\u00e1dne obr\u00e1b\u011bn\u00ed v\u00e1lcov\u00fdch trubek s maxim\u00e1ln\u00edm vnit\u0159n\u00edm pr\u016fm\u011brem 400 mm a maxim\u00e1ln\u00ed d\u00e9lkou 6 metr\u016f.<\/p>\n<h2><img loading=\"lazy\" decoding=\"async\" class=\"alignnone size-full wp-image-16973\" src=\"https:\/\/www.hydraulic-cylinders.net\/wp-content\/uploads\/2025\/01\/hydraulic-cylinder-factory-2-scaled.webp\" alt=\"\" width=\"2011\" height=\"2560\" srcset=\"https:\/\/www.hydraulic-cylinders.net\/wp-content\/uploads\/2025\/01\/hydraulic-cylinder-factory-2-scaled.webp 2011w, https:\/\/www.hydraulic-cylinders.net\/wp-content\/uploads\/2025\/01\/hydraulic-cylinder-factory-2-1280x1629.webp 1280w, https:\/\/www.hydraulic-cylinders.net\/wp-content\/uploads\/2025\/01\/hydraulic-cylinder-factory-2-980x1248.webp 980w, https:\/\/www.hydraulic-cylinders.net\/wp-content\/uploads\/2025\/01\/hydraulic-cylinder-factory-2-480x611.webp 480w\" sizes=\"(min-width: 0px) and (max-width: 480px) 480px, (min-width: 481px) and (max-width: 980px) 980px, (min-width: 981px) and (max-width: 1280px) 1280px, (min-width: 1281px) 2011px, 100vw\" \/><\/h2>\n<p>Disponujeme pln\u011b automatickou linkou na nan\u00e1\u0161en\u00ed barev na vodn\u00ed b\u00e1zi pro mal\u00e9 a st\u0159edn\u00ed v\u00e1lce, kter\u00e1 realizuje automatick\u00e9 nakl\u00e1d\u00e1n\u00ed a vykl\u00e1d\u00e1n\u00ed a automatick\u00e9 st\u0159\u00edkac\u00ed roboty s projektovanou v\u00fdrobn\u00ed kapacitou 4000 m\u00edst za sm\u011bnu. M\u00e1me dal\u0161\u00ed poloautomatickou lakovac\u00ed linku pro velk\u00e9 v\u00e1lce poh\u00e1n\u011bnou \u0159et\u011bzem s projektovanou kapacitou 60 p\u0159epravek za sm\u011bnu.<\/p>\n<p>Abychom d\u00e1le zlep\u0161ili v\u00fdkon na\u0161ich produkt\u016f a upevnili si vedouc\u00ed pozici na\u0161ich hydraulick\u00fdch v\u00e1lc\u016f v oboru, zalo\u017eili jsme spole\u010dn\u011b se spole\u010dnost\u00ed Zjimee Komplexn\u00ed laborato\u0159 pro hydraulick\u00e9 v\u00e1lce, hydraulick\u00e9 ventily a hydraulick\u00e1 \u010derpadla. Laborato\u0159 prov\u00e1d\u00ed po\u010d\u00edta\u010dov\u00e9 testov\u00e1n\u00ed s vyu\u017eit\u00edm elektrohydraulick\u00e9 technologie. Zku\u0161ebn\u00ed podm\u00ednky jsou p\u0159ednastaveny po\u010d\u00edta\u010dem, co\u017e zlep\u0161uje p\u0159esnost test\u016f a v\u0161estrannost syst\u00e9mu, a tak\u00e9 experiment\u00e1ln\u00ed data.<\/p>\n<p>Automatick\u00fd sb\u011br dat se prov\u00e1d\u00ed pomoc\u00ed senzor\u016f a v\u00fdstupn\u00ed data, jako je vnit\u0159n\u00ed net\u011bsnost a \u00fa\u010dinnost zat\u00ed\u017een\u00ed v\u00e1lce nebo ventilu, jsou p\u0159\u00edmo zpracov\u00e1v\u00e1na po\u010d\u00edta\u010dem a p\u0159ev\u00e1d\u011bna na standardn\u00ed jednotky (ml\/min%). Sou\u010dasn\u011b se pro zaji\u0161t\u011bn\u00ed bezpe\u010dnosti provozu hydraulick\u00e9ho syst\u00e9mu prov\u00e1d\u00ed monitorov\u00e1n\u00ed stavu kl\u00ed\u010dov\u00fdch v\u00fdkonnostn\u00edch parametr\u016f, jako je \u201emonitorov\u00e1n\u00ed teploty oleje, monitorov\u00e1n\u00ed hladiny kapaliny, monitorov\u00e1n\u00ed filtra\u010dn\u00edho za\u0159\u00edzen\u00ed\u201c atd. Zku\u0161ebn\u00ed stanice hydraulick\u00fdch v\u00e1lc\u016f mimo jin\u00e9 dok\u00e1\u017ee testovat v\u00fdkon \u201ez\u00e1t\u011b\u017ee\u201c.<br \/>\n\u00fa\u010dinnost \u201ea\u201c vnit\u0159n\u00ed net\u011bsnost\u201c nam\u011b\u0159en\u00fdmi hodnotami. Z\u00e1rove\u0148 je vybaven m\u011b\u0159ic\u00edm p\u0159\u00edstrojem s m\u0159\u00ed\u017ekov\u00fdm prav\u00edtkem, kter\u00fd spl\u0148uje po\u017eadavky v\u0161ech testovan\u00fdch polo\u017eek hydraulick\u00fdch v\u00e1lc\u016f dle n\u00e1rodn\u00ed normy.<\/p>","protected":false},"excerpt":{"rendered":"<p>HCYY11112002 Forklift Steering Cylinder\u00a0 The HCYY11112002 Forklift Steering Cylinder stands as a vital component that significantly boosts the maneuverability and control of forklifts across diverse operational environments. Crafted for both efficiency and reliability, this steering cylinder empowers operators to navigate tight spaces and manage heavy loads effortlessly. As an essential part of any forklift operation, [&hellip;]<\/p>","protected":false},"featured_media":16988,"comment_status":"open","ping_status":"closed","template":"","meta":{"_et_pb_use_builder":"","_et_pb_old_content":"","_et_gb_content_width":""},"product_brand":[],"product_cat":[1550,1484,1376],"product_tag":[],"class_list":{"0":"post-16982","1":"product","2":"type-product","3":"status-publish","4":"has-post-thumbnail","6":"product_cat-double-acting-hydraulic-cylinder","7":"product_cat-forklift-hydraulic-cylinders","8":"product_cat-hydraulic-cylinder","10":"first","11":"instock","12":"shipping-taxable","13":"product-type-simple"},"amp_enabled":true,"_links":{"self":[{"href":"https:\/\/www.hydraulic-cylinders.net\/cs\/wp-json\/wp\/v2\/product\/16982","targetHints":{"allow":["GET"]}}],"collection":[{"href":"https:\/\/www.hydraulic-cylinders.net\/cs\/wp-json\/wp\/v2\/product"}],"about":[{"href":"https:\/\/www.hydraulic-cylinders.net\/cs\/wp-json\/wp\/v2\/types\/product"}],"replies":[{"embeddable":true,"href":"https:\/\/www.hydraulic-cylinders.net\/cs\/wp-json\/wp\/v2\/comments?post=16982"}],"wp:featuredmedia":[{"embeddable":true,"href":"https:\/\/www.hydraulic-cylinders.net\/cs\/wp-json\/wp\/v2\/media\/16988"}],"wp:attachment":[{"href":"https:\/\/www.hydraulic-cylinders.net\/cs\/wp-json\/wp\/v2\/media?parent=16982"}],"wp:term":[{"taxonomy":"product_brand","embeddable":true,"href":"https:\/\/www.hydraulic-cylinders.net\/cs\/wp-json\/wp\/v2\/product_brand?post=16982"},{"taxonomy":"product_cat","embeddable":true,"href":"https:\/\/www.hydraulic-cylinders.net\/cs\/wp-json\/wp\/v2\/product_cat?post=16982"},{"taxonomy":"product_tag","embeddable":true,"href":"https:\/\/www.hydraulic-cylinders.net\/cs\/wp-json\/wp\/v2\/product_tag?post=16982"}],"curies":[{"name":"wp","href":"https:\/\/api.w.org\/{rel}","templated":true}]}}