{"id":17032,"date":"2025-01-23T08:17:40","date_gmt":"2025-01-23T08:17:40","guid":{"rendered":"https:\/\/www.hydraulic-cylinders.net\/?post_type=product&#038;p=17032"},"modified":"2025-04-15T05:47:52","modified_gmt":"2025-04-15T05:47:52","slug":"hcyy11112014-swing-arm-cylinder-for-environmental-protection","status":"publish","type":"product","link":"https:\/\/www.hydraulic-cylinders.net\/cs\/produkt\/hcyy11112014-swing-arm-cylinder-for-environmental-protection\/","title":{"rendered":"HCYY11112014 V\u00e1lec kyvn\u00e9 vidlice pro ochranu \u017eivotn\u00edho prost\u0159ed\u00ed"},"content":{"rendered":"<h1 style=\"text-align: center;\"><strong>HCYY11112014 V\u00e1lec kyvn\u00e9 vidlice pro ochranu \u017eivotn\u00edho prost\u0159ed\u00ed<\/strong><\/h1>\n<h1 style=\"text-align: center;\"><img loading=\"lazy\" decoding=\"async\" class=\"alignnone size-full wp-image-17034\" src=\"https:\/\/www.hydraulic-cylinders.net\/wp-content\/uploads\/2025\/01\/hcyy11112014-swing-arm-cylinder-2.webp\" alt=\"\" width=\"1495\" height=\"516\" srcset=\"https:\/\/www.hydraulic-cylinders.net\/wp-content\/uploads\/2025\/01\/hcyy11112014-swing-arm-cylinder-2.webp 1495w, https:\/\/www.hydraulic-cylinders.net\/wp-content\/uploads\/2025\/01\/hcyy11112014-swing-arm-cylinder-2-1280x442.webp 1280w, https:\/\/www.hydraulic-cylinders.net\/wp-content\/uploads\/2025\/01\/hcyy11112014-swing-arm-cylinder-2-980x338.webp 980w, https:\/\/www.hydraulic-cylinders.net\/wp-content\/uploads\/2025\/01\/hcyy11112014-swing-arm-cylinder-2-480x166.webp 480w\" sizes=\"(min-width: 0px) and (max-width: 480px) 480px, (min-width: 481px) and (max-width: 980px) 980px, (min-width: 981px) and (max-width: 1280px) 1280px, (min-width: 1281px) 1495px, 100vw\" \/><\/h1>\n<p>V\u00e1lec kyvn\u00e9 vidlice HCYY11112014 je nejmodern\u011bj\u0161\u00ed \u0159e\u0161en\u00ed, kter\u00e9 zvy\u0161uje provozn\u00ed efektivitu a z\u00e1rove\u0148 klade d\u016fraz na environment\u00e1ln\u00ed udr\u017eitelnost. Tento inovativn\u00ed produkt slou\u017e\u00ed r\u016fzn\u00fdm odv\u011btv\u00edm a poskytuje spolehliv\u00fd v\u00fdkon s minim\u00e1ln\u00edm dopadem na \u017eivotn\u00ed prost\u0159ed\u00ed.<\/p>\n<p>Jako\u017eto v\u00fdznamn\u00fd pokrok v ekologick\u00e9 technologii zt\u011bles\u0148uje v\u00e1lec s oto\u010dn\u00fdm ramenem HCYY11112014 odolnost a efektivitu, co\u017e z n\u011bj \u010din\u00ed perfektn\u00ed volbu pro firmy zav\u00e1zan\u00e9 k udr\u017eitelnosti. Za\u010dlen\u011bn\u00edm tohoto produktu do va\u0161ich provoz\u016f nejen zv\u00fd\u0161\u00edte produktivitu, ale tak\u00e9 p\u0159isp\u011bjete ke zdrav\u011bj\u0161\u00ed planet\u011b. Ud\u011blejte chytrou volbu je\u0161t\u011b dnes investov\u00e1n\u00edm do HCYY11112014 a vyu\u017eijte v\u00fdhody \u0161pi\u010dkov\u00e9 technologie navr\u017een\u00e9 s ohledem na ochranu \u017eivotn\u00edho prost\u0159ed\u00ed.<\/p>\n<h2><strong>HCYY11112014 V\u00e1lec kyvn\u00e9 vidlice pro ochranu \u017eivotn\u00edho prost\u0159ed\u00ed Parametr:<\/strong><\/h2>\n<h1 style=\"text-align: center;\"><img loading=\"lazy\" decoding=\"async\" class=\"alignnone size-full wp-image-17033\" src=\"https:\/\/www.hydraulic-cylinders.net\/wp-content\/uploads\/2025\/01\/hcyy11112014-swing-arm-cylinder-1.webp\" alt=\"\" width=\"1515\" height=\"142\" srcset=\"https:\/\/www.hydraulic-cylinders.net\/wp-content\/uploads\/2025\/01\/hcyy11112014-swing-arm-cylinder-1.webp 1515w, https:\/\/www.hydraulic-cylinders.net\/wp-content\/uploads\/2025\/01\/hcyy11112014-swing-arm-cylinder-1-1280x120.webp 1280w, https:\/\/www.hydraulic-cylinders.net\/wp-content\/uploads\/2025\/01\/hcyy11112014-swing-arm-cylinder-1-980x92.webp 980w, https:\/\/www.hydraulic-cylinders.net\/wp-content\/uploads\/2025\/01\/hcyy11112014-swing-arm-cylinder-1-480x45.webp 480w\" sizes=\"(min-width: 0px) and (max-width: 480px) 480px, (min-width: 481px) and (max-width: 980px) 980px, (min-width: 981px) and (max-width: 1280px) 1280px, (min-width: 1281px) 1515px, 100vw\" \/><\/h1>\n<h1 style=\"text-align: center;\"><img loading=\"lazy\" decoding=\"async\" class=\"alignnone size-full wp-image-17035\" src=\"https:\/\/www.hydraulic-cylinders.net\/wp-content\/uploads\/2025\/01\/hcyy11112014-swing-arm-cylinder-3.webp\" alt=\"\" width=\"1480\" height=\"710\" srcset=\"https:\/\/www.hydraulic-cylinders.net\/wp-content\/uploads\/2025\/01\/hcyy11112014-swing-arm-cylinder-3.webp 1480w, https:\/\/www.hydraulic-cylinders.net\/wp-content\/uploads\/2025\/01\/hcyy11112014-swing-arm-cylinder-3-1280x614.webp 1280w, https:\/\/www.hydraulic-cylinders.net\/wp-content\/uploads\/2025\/01\/hcyy11112014-swing-arm-cylinder-3-980x470.webp 980w, https:\/\/www.hydraulic-cylinders.net\/wp-content\/uploads\/2025\/01\/hcyy11112014-swing-arm-cylinder-3-480x230.webp 480w\" sizes=\"(min-width: 0px) and (max-width: 480px) 480px, (min-width: 481px) and (max-width: 980px) 980px, (min-width: 981px) and (max-width: 1280px) 1280px, (min-width: 1281px) 1480px, 100vw\" \/> <img loading=\"lazy\" decoding=\"async\" class=\"alignnone size-full wp-image-17036\" src=\"https:\/\/www.hydraulic-cylinders.net\/wp-content\/uploads\/2025\/01\/hcyy11112014-swing-arm-cylinder-4.webp\" alt=\"\" width=\"1476\" height=\"707\" srcset=\"https:\/\/www.hydraulic-cylinders.net\/wp-content\/uploads\/2025\/01\/hcyy11112014-swing-arm-cylinder-4.webp 1476w, https:\/\/www.hydraulic-cylinders.net\/wp-content\/uploads\/2025\/01\/hcyy11112014-swing-arm-cylinder-4-1280x613.webp 1280w, https:\/\/www.hydraulic-cylinders.net\/wp-content\/uploads\/2025\/01\/hcyy11112014-swing-arm-cylinder-4-980x469.webp 980w, https:\/\/www.hydraulic-cylinders.net\/wp-content\/uploads\/2025\/01\/hcyy11112014-swing-arm-cylinder-4-480x230.webp 480w\" sizes=\"(min-width: 0px) and (max-width: 480px) 480px, (min-width: 481px) and (max-width: 980px) 980px, (min-width: 981px) and (max-width: 1280px) 1280px, (min-width: 1281px) 1476px, 100vw\" \/> <img loading=\"lazy\" decoding=\"async\" class=\"alignnone size-full wp-image-17037\" src=\"https:\/\/www.hydraulic-cylinders.net\/wp-content\/uploads\/2025\/01\/hcyy11112014-swing-arm-cylinder-5.webp\" alt=\"\" width=\"1411\" height=\"704\" srcset=\"https:\/\/www.hydraulic-cylinders.net\/wp-content\/uploads\/2025\/01\/hcyy11112014-swing-arm-cylinder-5.webp 1411w, https:\/\/www.hydraulic-cylinders.net\/wp-content\/uploads\/2025\/01\/hcyy11112014-swing-arm-cylinder-5-1280x639.webp 1280w, https:\/\/www.hydraulic-cylinders.net\/wp-content\/uploads\/2025\/01\/hcyy11112014-swing-arm-cylinder-5-980x489.webp 980w, https:\/\/www.hydraulic-cylinders.net\/wp-content\/uploads\/2025\/01\/hcyy11112014-swing-arm-cylinder-5-480x239.webp 480w\" sizes=\"(min-width: 0px) and (max-width: 480px) 480px, (min-width: 481px) and (max-width: 980px) 980px, (min-width: 981px) and (max-width: 1280px) 1280px, (min-width: 1281px) 1411px, 100vw\" \/><\/h1>\n<h2><strong>\u0158ada v\u00e1lc\u016f pro ochranu \u017eivotn\u00edho prost\u0159ed\u00ed:<\/strong><\/h2>\n<h2><img loading=\"lazy\" decoding=\"async\" class=\"alignnone size-full wp-image-17030\" src=\"https:\/\/www.hydraulic-cylinders.net\/wp-content\/uploads\/2025\/01\/cylinder-series-for-environmental-protection-scaled.webp\" alt=\"\" width=\"2044\" height=\"2560\" srcset=\"https:\/\/www.hydraulic-cylinders.net\/wp-content\/uploads\/2025\/01\/cylinder-series-for-environmental-protection-scaled.webp 2044w, https:\/\/www.hydraulic-cylinders.net\/wp-content\/uploads\/2025\/01\/cylinder-series-for-environmental-protection-1280x1603.webp 1280w, https:\/\/www.hydraulic-cylinders.net\/wp-content\/uploads\/2025\/01\/cylinder-series-for-environmental-protection-980x1227.webp 980w, https:\/\/www.hydraulic-cylinders.net\/wp-content\/uploads\/2025\/01\/cylinder-series-for-environmental-protection-480x601.webp 480w\" sizes=\"(min-width: 0px) and (max-width: 480px) 480px, (min-width: 481px) and (max-width: 980px) 980px, (min-width: 981px) and (max-width: 1280px) 1280px, (min-width: 1281px) 2044px, 100vw\" \/><\/h2>\n<h2><strong>Kl\u00ed\u010dov\u00e9 vlastnosti v\u00e1lce kyvn\u00e9 vidlice HCYY11112014 pro ochranu \u017eivotn\u00edho prost\u0159ed\u00ed:<\/strong><\/h2>\n<h4><strong>Ekologick\u00e9 materi\u00e1ly<\/strong><\/h4>\n<p>V\u00e1lec s kyvnou vidlic\u00ed HCYY11112014 je vyroben z vysoce kvalitn\u00edch, recyklovateln\u00fdch a udr\u017eiteln\u00fdch materi\u00e1l\u016f. Tento z\u00e1vazek k zodpov\u011bdn\u00e9 v\u00fdrob\u011b minimalizuje dopad na \u017eivotn\u00ed prost\u0159ed\u00ed a podporuje ob\u011bhov\u00e9 hospod\u00e1\u0159stv\u00ed. V\u00fdb\u011brem tohoto v\u00e1lce p\u0159isp\u00edv\u00e1te k budoucnosti, kde se sni\u017euje mno\u017estv\u00ed odpadu a maximalizuj\u00ed zdroje.<\/p>\n<h4><strong>N\u00edzk\u00e1 spot\u0159eba energie<\/strong><\/h4>\n<p>Model HCYY11112014, navr\u017een\u00fd s ohledem na energetickou \u00fa\u010dinnost, v\u00fdrazn\u011b sni\u017euje provozn\u00ed n\u00e1klady. Jeho inovativn\u00ed konstrukce sni\u017euje spot\u0159ebu energie, co\u017e vede ke sn\u00ed\u017een\u00ed emis\u00ed uhl\u00edku. To znamen\u00e1, \u017ee nejen u\u0161et\u0159\u00edte na v\u00fddaj\u00edch, ale tak\u00e9 hrajete z\u00e1sadn\u00ed roli v boji proti zm\u011bn\u011b klimatu. Je to v\u00fdhodn\u00e9 pro va\u0161i firmu i planetu.<\/p>\n<h4><strong>Pokro\u010dil\u00e1 technologie t\u011bsn\u011bn\u00ed<\/strong><\/h4>\n<p>Bezpe\u010dnost a ochrana \u017eivotn\u00edho prost\u0159ed\u00ed jsou prvo\u0159ad\u00e9, proto je model HCYY11112014 vybaven nejmodern\u011bj\u0161\u00edmi t\u011bsnic\u00edmi mechanismy. Tato pokro\u010dil\u00e1 t\u011bsn\u011bn\u00ed \u00fa\u010dinn\u011b zabra\u0148uj\u00ed \u00fanik\u016fm nebezpe\u010dn\u00fdch l\u00e1tek a zaji\u0161\u0165uj\u00ed, \u017ee va\u0161e operace neohro\u017euj\u00ed okoln\u00ed ekosyst\u00e9m. Tato technologie zvy\u0161uje bezpe\u010dnost a posiluje d\u016fv\u011bru mezi z\u00fa\u010dastn\u011bn\u00fdmi stranami a komunitou.<\/p>\n<h4><strong>Odoln\u00e1 konstrukce<\/strong><\/h4>\n<p>Model HCYY11112014, vyroben\u00fd tak, aby vydr\u017eel ty nejn\u00e1ro\u010dn\u011bj\u0161\u00ed podm\u00ednky, se py\u0161n\u00ed v\u00fdjime\u010dnou odolnost\u00ed. Jeho robustn\u00ed konstrukce zaji\u0161\u0165uje dlouhou \u017eivotnost a minimalizuje pot\u0159ebu \u010dast\u00fdch v\u00fdm\u011bn. Tato odolnost se prom\u00edt\u00e1 do spolehlivosti, kter\u00e1 umo\u017e\u0148uje plynul\u00fd provoz bez p\u0159eru\u0161en\u00ed a sni\u017euje celkov\u00e9 n\u00e1klady na \u00fadr\u017ebu.<\/p>\n<h4><strong>Kompaktn\u00ed design<\/strong><\/h4>\n<p>Inovativn\u00ed kompaktn\u00ed design HCYY11112014 z n\u011bj \u010din\u00ed v\u0161estrannou volbu pro r\u016fzn\u00e9 aplikace. Jeho prostorov\u011b \u00fasporn\u00fd profil umo\u017e\u0148uje bezprobl\u00e9movou integraci do st\u00e1vaj\u00edc\u00edch syst\u00e9m\u016f bez kompromis\u016f v oblasti v\u00fdkonu. Tato p\u0159izp\u016fsobivost v\u00e1m umo\u017e\u0148uje optimalizovat v\u00e1\u0161 pracovn\u00ed prostor a maximalizovat efektivitu a produktivitu va\u0161eho provozu.<\/p>\n<p>V\u00fdb\u011brem v\u00e1lce s oto\u010dn\u00fdm ramenem HCYY11112014 se hl\u00e1s\u00edte k produktu, kter\u00fd zt\u011bles\u0148uje udr\u017eitelnost, efektivitu a inovaci. Za\u017eijte rozd\u00edl, kter\u00fd m\u016f\u017ee ekologicky \u0161etrn\u00e9 in\u017een\u00fdrstv\u00ed p\u0159in\u00e9st va\u0161emu podnik\u00e1n\u00ed a budoucnosti na\u0161\u00ed planety.<\/p>\n<h2><strong>Co d\u011bl\u00e1 v\u00e1lec kyvn\u00e9 vidlice Hcyy11112014 ekologick\u00fdm?<\/strong><\/h2>\n<p>V\u00e1lec kyvn\u00e9 vidlice HCYY11112014 vynik\u00e1 jako ekologick\u00e1 volba z n\u011bkolika p\u0159esv\u011bd\u010div\u00fdch d\u016fvod\u016f:<\/p>\n<h4><strong>1. Udr\u017eiteln\u00e9 materi\u00e1ly<\/strong><\/h4>\n<p>Tato l\u00e1hev, vyroben\u00e1 z recyklovateln\u00fdch a udr\u017eiteln\u00fdch materi\u00e1l\u016f, odr\u00e1\u017e\u00ed z\u00e1vazek k zodpov\u011bdn\u00e9 v\u00fdrob\u011b. V\u00fdb\u011brem tohoto produktu podporujete ob\u011bhov\u00e9 hospod\u00e1\u0159stv\u00ed, kter\u00e9 up\u0159ednost\u0148uje ochranu zdroj\u016f a sni\u017euje mno\u017estv\u00ed odpadu.<\/p>\n<h4><strong>2. Energetick\u00e1 \u00fa\u010dinnost<\/strong><\/h4>\n<p>Model HCYY11112014, navr\u017een\u00fd s n\u00edzkou spot\u0159ebou energie, v\u00fdrazn\u011b sni\u017euje provozn\u00ed n\u00e1klady. Jeho energeticky \u00fasporn\u00e1 technologie v\u00e1m \u0161et\u0159\u00ed pen\u00edze a sni\u017euje emise uhl\u00edku, co\u017e hraje kl\u00ed\u010dovou roli v boji proti zm\u011bn\u011b klimatu. To znamen\u00e1, \u017ee m\u016f\u017eete zv\u00fd\u0161it produktivitu a z\u00e1rove\u0148 b\u00fdt \u0161etrn\u00ed k planet\u011b.<\/p>\n<h4><strong>3. Pokro\u010dil\u00e1 technologie t\u011bsn\u011bn\u00ed<\/strong><\/h4>\n<p>Bezpe\u010dnost je prvo\u0159ad\u00e1 a HCYY11112014 v t\u00e9to oblasti vynik\u00e1. Jeho nejmodern\u011bj\u0161\u00ed t\u011bsnic\u00ed mechanismy \u00fa\u010dinn\u011b zabra\u0148uj\u00ed \u00fanik\u016fm nebezpe\u010dn\u00fdch l\u00e1tek, chr\u00e1n\u00ed \u017eivotn\u00ed prost\u0159ed\u00ed a zaji\u0161\u0165uj\u00ed dodr\u017eov\u00e1n\u00ed bezpe\u010dnostn\u00edch norem. Tato technologie posiluje d\u016fv\u011bru mezi z\u00fa\u010dastn\u011bn\u00fdmi stranami a demonstruje z\u00e1vazek k ochran\u011b \u017eivotn\u00edho prost\u0159ed\u00ed.<\/p>\n<h4><strong>4. V\u00fdjime\u010dn\u00e1 odolnost<\/strong><\/h4>\n<p>V\u00e1lce HCYY11112014, vyroben\u00e9 tak, aby odolaly n\u00e1ro\u010dn\u00fdm podm\u00ednk\u00e1m, nab\u00edzej\u00ed dlouhou \u017eivotnost. Tato odolnost sni\u017euje pot\u0159ebu \u010dast\u00fdch v\u00fdm\u011bn, minimalizuje odpad a p\u0159isp\u00edv\u00e1 k udr\u017eiteln\u011bj\u0161\u00edmu provozn\u00edmu modelu. S touto v\u00e1lcovou vlo\u017ekou z\u00edsk\u00e1te spolehlivost a klid.<\/p>\n<h4><strong>5. Prostorov\u011b \u00fasporn\u00fd design<\/strong><\/h4>\n<p>Jeho kompaktn\u00ed design umo\u017e\u0148uje snadnou integraci do st\u00e1vaj\u00edc\u00edch syst\u00e9m\u016f bez kompromis\u016f ve v\u00fdkonu. Tato p\u0159izp\u016fsobivost optimalizuje v\u00e1\u0161 pracovn\u00ed prostor a zvy\u0161uje celkovou efektivitu, co\u017e z n\u011bj \u010din\u00ed v\u0161estrann\u00e9 \u0159e\u0161en\u00ed pro r\u016fzn\u00e9 aplikace.<\/p>\n<p>Stru\u010dn\u011b \u0159e\u010deno, v\u00e1lec kyvn\u00e9 vidlice HCYY11112014 je v\u00edce ne\u017e jen funk\u010dn\u00ed sou\u010d\u00e1st; je to progresivn\u00ed investice do udr\u017eitelnosti. Volbou t\u00e9to ekologick\u00e9 varianty pozitivn\u011b ovliv\u0148ujete jak sv\u016fj provoz, tak i \u017eivotn\u00ed prost\u0159ed\u00ed a p\u0159ipravujete si cestu k zelen\u011bj\u0161\u00ed budoucnosti.<\/p>\n<h2><strong>V\u00fdrobn\u00ed oblast v\u00e1lc\u016f pro vysokozdvi\u017en\u00e9 voz\u00edky:<\/strong><\/h2>\n<h2><img loading=\"lazy\" decoding=\"async\" class=\"alignnone size-full wp-image-16972\" src=\"https:\/\/www.hydraulic-cylinders.net\/wp-content\/uploads\/2025\/01\/hydraulic-cylinder-factory-1-scaled.webp\" alt=\"\" width=\"2016\" height=\"2560\" srcset=\"https:\/\/www.hydraulic-cylinders.net\/wp-content\/uploads\/2025\/01\/hydraulic-cylinder-factory-1-scaled.webp 2016w, https:\/\/www.hydraulic-cylinders.net\/wp-content\/uploads\/2025\/01\/hydraulic-cylinder-factory-1-1280x1625.webp 1280w, https:\/\/www.hydraulic-cylinders.net\/wp-content\/uploads\/2025\/01\/hydraulic-cylinder-factory-1-980x1244.webp 980w, https:\/\/www.hydraulic-cylinders.net\/wp-content\/uploads\/2025\/01\/hydraulic-cylinder-factory-1-480x610.webp 480w\" sizes=\"(min-width: 0px) and (max-width: 480px) 480px, (min-width: 481px) and (max-width: 980px) 980px, (min-width: 981px) and (max-width: 1280px) 1280px, (min-width: 1281px) 2016px, 100vw\" \/><\/h2>\n<p>Py\u0161n\u00edme se nejmodern\u011bj\u0161\u00ed nez\u00e1vislou platformou v\u00fdzkumu a v\u00fdvoje zam\u011b\u0159enou na mont\u00e1\u017e, kter\u00e1 zaji\u0161\u0165uje \u0161pi\u010dkov\u00e9 inovace a kvalitu v na\u0161ich v\u00fdrobn\u00edch procesech. Na\u0161e d\u00edlna na v\u00fdrobu v\u00e1lc\u016f pro vysokozdvi\u017en\u00e9 voz\u00edky disponuje \u010dty\u0159mi poloautomatick\u00fdmi mont\u00e1\u017en\u00edmi linkami pro zdvihac\u00ed v\u00e1lce a pln\u011b automatickou mont\u00e1\u017en\u00ed linkou pro nakl\u00e1p\u011bc\u00ed v\u00e1lce, kter\u00e9 jsou dohromady navr\u017eeny tak, aby vyr\u00e1b\u011bly a\u017e jeden milion kus\u016f ro\u010dn\u011b.<\/p>\n<p>Na\u0161e specializovan\u00e1 d\u00edlna na v\u00fdrobu v\u00e1lc\u016f je nav\u00edc vybavena poloautomatick\u00fdmi \u010distic\u00edmi a mont\u00e1\u017en\u00edmi syst\u00e9my p\u0159izp\u016fsoben\u00fdmi r\u016fzn\u00fdm specifikac\u00edm s ro\u010dn\u00ed v\u00fdrobn\u00ed kapacitou 200 000 kus\u016f. Pro vysoce p\u0159esn\u00e9 zpracov\u00e1n\u00ed v\u00e1lc\u016f vyu\u017e\u00edv\u00e1me renomovan\u00e9 CNC za\u0159\u00edzen\u00ed, obr\u00e1b\u011bc\u00ed centra a specializovan\u00e9 n\u00e1stroje. Na\u0161e za\u0159\u00edzen\u00ed zahrnuje tak\u00e9 pokro\u010dil\u00e9 robotick\u00e9 sva\u0159ovac\u00ed stroje, automatick\u00e9 \u010distic\u00ed syst\u00e9my a pln\u011b automatizovan\u00e9 linky na mont\u00e1\u017e a lakov\u00e1n\u00ed v\u00e1lc\u016f. S v\u00edce ne\u017e 300 kl\u00ed\u010dov\u00fdmi za\u0159\u00edzen\u00edmi v provozu optimalizujeme alokaci zdroj\u016f a zaji\u0161\u0165ujeme efektivn\u00ed vyu\u017eit\u00ed p\u0159i spln\u011bn\u00ed p\u0159\u00edsn\u00fdch standard\u016f p\u0159esnosti a kvality.<\/p>\n<p>Na\u0161e obr\u00e1b\u011bc\u00ed d\u00edlna disponuje zak\u00e1zkov\u00fdmi soustru\u017enick\u00fdmi centry pro nakl\u00e1p\u011bc\u00ed vodic\u00ed li\u0161ty, obr\u00e1b\u011bc\u00edmi centry, vysokorychlostn\u00edmi honovac\u00edmi stroji, sva\u0159ovac\u00edmi roboty a dal\u0161\u00edm nezbytn\u00fdm vybaven\u00edm. Toto nastaven\u00ed n\u00e1m umo\u017e\u0148uje obr\u00e1b\u011bt v\u00e1lcov\u00e9 trubky s maxim\u00e1ln\u00edm vnit\u0159n\u00edm pr\u016fm\u011brem 400 mm a d\u00e9lkou a\u017e 6 metr\u016f, co\u017e d\u00e1le zvy\u0161uje na\u0161e v\u00fdrobn\u00ed kapacity.<\/p>\n<h2><img loading=\"lazy\" decoding=\"async\" class=\"alignnone size-full wp-image-16973\" src=\"https:\/\/www.hydraulic-cylinders.net\/wp-content\/uploads\/2025\/01\/hydraulic-cylinder-factory-2-scaled.webp\" alt=\"\" width=\"2011\" height=\"2560\" srcset=\"https:\/\/www.hydraulic-cylinders.net\/wp-content\/uploads\/2025\/01\/hydraulic-cylinder-factory-2-scaled.webp 2011w, https:\/\/www.hydraulic-cylinders.net\/wp-content\/uploads\/2025\/01\/hydraulic-cylinder-factory-2-1280x1629.webp 1280w, https:\/\/www.hydraulic-cylinders.net\/wp-content\/uploads\/2025\/01\/hydraulic-cylinder-factory-2-980x1248.webp 980w, https:\/\/www.hydraulic-cylinders.net\/wp-content\/uploads\/2025\/01\/hydraulic-cylinder-factory-2-480x611.webp 480w\" sizes=\"(min-width: 0px) and (max-width: 480px) 480px, (min-width: 481px) and (max-width: 980px) 980px, (min-width: 981px) and (max-width: 1280px) 1280px, (min-width: 1281px) 2011px, 100vw\" \/><\/h2>\n<p>Provozujeme pln\u011b automatickou linku na nan\u00e1\u0161en\u00ed barev na vodn\u00ed b\u00e1zi, speci\u00e1ln\u011b navr\u017eenou pro mal\u00e9 a st\u0159edn\u00ed tlakov\u00e9 lahve, s automatick\u00fdmi roboty pro nakl\u00e1d\u00e1n\u00ed, vykl\u00e1d\u00e1n\u00ed a st\u0159\u00edk\u00e1n\u00ed. Tento modern\u00ed syst\u00e9m se py\u0161n\u00ed v\u00fdrobn\u00ed kapacitou 4 000 kus\u016f za sm\u011bnu. Krom\u011b toho m\u00e1me poloautomatickou lakovac\u00ed linku pro velk\u00e9 tlakov\u00e9 lahve, poh\u00e1n\u011bnou \u0159et\u011bzov\u00fdm pohonem, s konstruk\u010dn\u00ed kapacitou 60 beden za sm\u011bnu.<\/p>\n<p>Abychom zlep\u0161ili v\u00fdkon produkt\u016f a upevnili na\u0161i vedouc\u00ed pozici v odv\u011btv\u00ed hydraulick\u00fdch v\u00e1lc\u016f, nav\u00e1zali jsme partnerstv\u00ed se spole\u010dnost\u00ed ZJIMEE a z\u0159\u00eddili komplexn\u00ed v\u00fdkonnostn\u00ed laborato\u0159 zam\u011b\u0159enou na hydraulick\u00e9 v\u00e1lce, ventily a \u010derpadla. Tato pokro\u010dil\u00e1 laborato\u0159 vyu\u017e\u00edv\u00e1 po\u010d\u00edta\u010dem podporovan\u00e9 testov\u00e1n\u00ed s elektrohydraulickou technologi\u00ed, co\u017e umo\u017e\u0148uje p\u0159ednastaven\u00e9 zku\u0161ebn\u00ed podm\u00ednky, kter\u00e9 zlep\u0161uj\u00ed p\u0159esnost a v\u0161estrannost syst\u00e9mu. Automatizovan\u00fd proces sb\u011bru dat vyu\u017e\u00edv\u00e1 senzory ke shroma\u017e\u010fov\u00e1n\u00ed v\u00fdstupn\u00edch dat, jako je vnit\u0159n\u00ed net\u011bsnost a \u00fa\u010dinnost zat\u00ed\u017een\u00ed, kter\u00e1 jsou pot\u00e9 zpracov\u00e1na po\u010d\u00edta\u010dem a p\u0159evedena na standardn\u00ed jednotky (ml\/min%).<\/p>\n<p>D\u00e1le pro zaji\u0161t\u011bn\u00ed bezpe\u010dnosti na\u0161ich hydraulick\u00fdch syst\u00e9m\u016f zav\u00e1d\u00edme monitorov\u00e1n\u00ed stavu kl\u00ed\u010dov\u00fdch v\u00fdkonnostn\u00edch parametr\u016f, v\u010detn\u011b teploty oleje, hladiny kapaliny a stavu filtra\u010dn\u00edho za\u0159\u00edzen\u00ed. Na\u0161e zku\u0161ebn\u00ed stanice pro hydraulick\u00e9 v\u00e1lce je schopna posoudit \u201e\u00fa\u010dinnost zat\u00ed\u017een\u00ed\u201c a \u201evnit\u0159n\u00ed net\u011bsnost\u201c pomoc\u00ed p\u0159esn\u00fdch \u00fadaj\u016f. Je tak\u00e9 vybavena m\u011b\u0159ic\u00edm p\u0159\u00edstrojem s m\u0159\u00ed\u017ekov\u00fdm prav\u00edtkem, kter\u00fd spl\u0148uje n\u00e1rodn\u00ed normy a zaji\u0161\u0165uje tak soulad se v\u0161emi zku\u0161ebn\u00edmi po\u017eadavky pro hydraulick\u00e9 v\u00e1lce.<\/p>\n<p>&nbsp;<\/p>","protected":false},"excerpt":{"rendered":"<p>HCYY11112014 Swing Arm Cylinder For Environmental Protection The HCYY11112014 Swing Arm Cylinder is a state-of-the-art solution that boosts operational efficiency while prioritizing environmental sustainability. This innovative product serves various industries, delivering reliable performance with minimal ecological impact. As a significant advancement in eco-friendly technology, the HCYY11112014 Swing Arm Cylinder embodies durability and efficiency, making it [&hellip;]<\/p>","protected":false},"featured_media":17044,"comment_status":"open","ping_status":"closed","template":"","meta":{"_et_pb_use_builder":"","_et_pb_old_content":"","_et_gb_content_width":""},"product_brand":[],"product_cat":[1550,1486,1552,1376],"product_tag":[],"class_list":{"0":"post-17032","1":"product","2":"type-product","3":"status-publish","4":"has-post-thumbnail","6":"product_cat-double-acting-hydraulic-cylinder","7":"product_cat-sanitation-machinery-hydraulic-cylinders","8":"product_cat-stainless-steel-hydraulic-cylinder","9":"product_cat-hydraulic-cylinder","11":"first","12":"instock","13":"shipping-taxable","14":"product-type-simple"},"amp_enabled":true,"_links":{"self":[{"href":"https:\/\/www.hydraulic-cylinders.net\/cs\/wp-json\/wp\/v2\/product\/17032","targetHints":{"allow":["GET"]}}],"collection":[{"href":"https:\/\/www.hydraulic-cylinders.net\/cs\/wp-json\/wp\/v2\/product"}],"about":[{"href":"https:\/\/www.hydraulic-cylinders.net\/cs\/wp-json\/wp\/v2\/types\/product"}],"replies":[{"embeddable":true,"href":"https:\/\/www.hydraulic-cylinders.net\/cs\/wp-json\/wp\/v2\/comments?post=17032"}],"wp:featuredmedia":[{"embeddable":true,"href":"https:\/\/www.hydraulic-cylinders.net\/cs\/wp-json\/wp\/v2\/media\/17044"}],"wp:attachment":[{"href":"https:\/\/www.hydraulic-cylinders.net\/cs\/wp-json\/wp\/v2\/media?parent=17032"}],"wp:term":[{"taxonomy":"product_brand","embeddable":true,"href":"https:\/\/www.hydraulic-cylinders.net\/cs\/wp-json\/wp\/v2\/product_brand?post=17032"},{"taxonomy":"product_cat","embeddable":true,"href":"https:\/\/www.hydraulic-cylinders.net\/cs\/wp-json\/wp\/v2\/product_cat?post=17032"},{"taxonomy":"product_tag","embeddable":true,"href":"https:\/\/www.hydraulic-cylinders.net\/cs\/wp-json\/wp\/v2\/product_tag?post=17032"}],"curies":[{"name":"wp","href":"https:\/\/api.w.org\/{rel}","templated":true}]}}