{"id":17058,"date":"2025-02-05T06:07:17","date_gmt":"2025-02-05T06:07:17","guid":{"rendered":"https:\/\/www.hydraulic-cylinders.net\/?post_type=product&#038;p=17058"},"modified":"2025-04-11T03:28:20","modified_gmt":"2025-04-11T03:28:20","slug":"arm-anti-tilt-hydraulic-cylinders-for-crawler-crane","status":"publish","type":"product","link":"https:\/\/www.hydraulic-cylinders.net\/cs\/produkt\/arm-anti-tilt-hydraulic-cylinders-for-crawler-crane\/","title":{"rendered":"Hydraulick\u00e9 v\u00e1lce s protiskluzov\u00fdm ramenem pro p\u00e1sov\u00fd je\u0159\u00e1b"},"content":{"rendered":"<h1 style=\"text-align: center;\"><strong>Hydraulick\u00e9 v\u00e1lce s protiskluzov\u00fdm ramenem pro p\u00e1sov\u00fd je\u0159\u00e1b<\/strong><\/h1>\n<h1 style=\"text-align: center;\"><img loading=\"lazy\" decoding=\"async\" class=\"alignnone size-full wp-image-17060\" src=\"https:\/\/www.hydraulic-cylinders.net\/wp-content\/uploads\/2025\/02\/hcyy11112019-cylinder-for-preventing-rear-tlit-of-boom-2.webp\" alt=\"\" width=\"1499\" height=\"519\" srcset=\"https:\/\/www.hydraulic-cylinders.net\/wp-content\/uploads\/2025\/02\/hcyy11112019-cylinder-for-preventing-rear-tlit-of-boom-2.webp 1499w, https:\/\/www.hydraulic-cylinders.net\/wp-content\/uploads\/2025\/02\/hcyy11112019-cylinder-for-preventing-rear-tlit-of-boom-2-1280x443.webp 1280w, https:\/\/www.hydraulic-cylinders.net\/wp-content\/uploads\/2025\/02\/hcyy11112019-cylinder-for-preventing-rear-tlit-of-boom-2-980x339.webp 980w, https:\/\/www.hydraulic-cylinders.net\/wp-content\/uploads\/2025\/02\/hcyy11112019-cylinder-for-preventing-rear-tlit-of-boom-2-480x166.webp 480w\" sizes=\"(min-width: 0px) and (max-width: 480px) 480px, (min-width: 481px) and (max-width: 980px) 980px, (min-width: 981px) and (max-width: 1280px) 1280px, (min-width: 1281px) 1499px, 100vw\" \/><\/h1>\n<p>Na\u0161e hydraulick\u00e9 v\u00e1lce s ochranou proti nakl\u00e1n\u011bn\u00ed ramene pro p\u00e1sov\u00e9 je\u0159\u00e1by jsou navr\u017eeny tak, aby zv\u00fd\u0161ily bezpe\u010dnost a stabilitu p\u0159i t\u011b\u017ek\u00fdch zdvihac\u00edch operac\u00edch. Tyto v\u00e1lce, navr\u017een\u00e9 speci\u00e1ln\u011b pro p\u00e1sov\u00e9 je\u0159\u00e1by, zabra\u0148uj\u00ed nakl\u00e1n\u011bn\u00ed ramene je\u0159\u00e1bu dozadu p\u0159i extr\u00e9mn\u00edm zat\u00ed\u017een\u00ed, \u010d\u00edm\u017e zaji\u0161\u0165uj\u00ed provozn\u00ed bezpe\u010dnost v n\u00e1ro\u010dn\u00fdch prost\u0159ed\u00edch, jako jsou staveni\u0161t\u011b, p\u0159\u00edstavn\u00ed provoz a pr\u016fmyslov\u00e9 projekty. Na\u0161e v\u00e1lce jsou vyrobeny z vysoce pevn\u00fdch materi\u00e1l\u016f a pou\u017e\u00edvaj\u00ed pokro\u010dilou t\u011bsnic\u00ed technologii, tak\u017ee nab\u00edzej\u00ed v\u00fdjime\u010dnou odolnost, odol\u00e1vaj\u00ed dynamick\u00e9mu zat\u00ed\u017een\u00ed a drsn\u00fdm podm\u00ednk\u00e1m a z\u00e1rove\u0148 si zachov\u00e1vaj\u00ed p\u0159esn\u00e9 ovl\u00e1d\u00e1n\u00ed.<\/p>\n<p>D\u00edky jmenovit\u00e9mu tlaku a\u017e 35 MPa a korozivzdorn\u00fdm povlak\u016fm jsou ide\u00e1ln\u00ed pro dlouhodob\u00e9 pou\u017eit\u00ed v n\u00e1ro\u010dn\u00e9m ter\u00e9nu. A\u0165 u\u017e zved\u00e1te t\u011b\u017ek\u00e9 ocelov\u00e9 konstrukce nebo manipulujete s nadrozm\u011brn\u00fdm n\u00e1kladem, na\u0161e hydraulick\u00e9 v\u00e1lce s ochranou proti nakl\u00e1n\u011bn\u00ed ramen poskytuj\u00ed spolehlivost a v\u00fdkon, kter\u00e9 pot\u0159ebujete k bezpe\u010dn\u00e9mu a efektivn\u00edmu provozu va\u0161eho p\u00e1sov\u00e9ho je\u0159\u00e1bu.<\/p>\n<h2><strong>Hydraulick\u00e9 v\u00e1lce s protiskluzov\u00fdm ramenem pro p\u00e1sov\u00fd je\u0159\u00e1b Parametr:<\/strong><\/h2>\n<h1 style=\"text-align: center;\"><img loading=\"lazy\" decoding=\"async\" class=\"alignnone size-full wp-image-17059\" src=\"https:\/\/www.hydraulic-cylinders.net\/wp-content\/uploads\/2025\/02\/hcyy11112019-cylinder-for-preventing-rear-tlit-of-boom-1.webp\" alt=\"\" width=\"1512\" height=\"147\" srcset=\"https:\/\/www.hydraulic-cylinders.net\/wp-content\/uploads\/2025\/02\/hcyy11112019-cylinder-for-preventing-rear-tlit-of-boom-1.webp 1512w, https:\/\/www.hydraulic-cylinders.net\/wp-content\/uploads\/2025\/02\/hcyy11112019-cylinder-for-preventing-rear-tlit-of-boom-1-1280x124.webp 1280w, https:\/\/www.hydraulic-cylinders.net\/wp-content\/uploads\/2025\/02\/hcyy11112019-cylinder-for-preventing-rear-tlit-of-boom-1-980x95.webp 980w, https:\/\/www.hydraulic-cylinders.net\/wp-content\/uploads\/2025\/02\/hcyy11112019-cylinder-for-preventing-rear-tlit-of-boom-1-480x47.webp 480w\" sizes=\"(min-width: 0px) and (max-width: 480px) 480px, (min-width: 481px) and (max-width: 980px) 980px, (min-width: 981px) and (max-width: 1280px) 1280px, (min-width: 1281px) 1512px, 100vw\" \/><img loading=\"lazy\" decoding=\"async\" class=\"alignnone size-full wp-image-17061\" src=\"https:\/\/www.hydraulic-cylinders.net\/wp-content\/uploads\/2025\/02\/hcyy11112019-cylinder-for-preventing-rear-tlit-of-boom-3.webp\" alt=\"\" width=\"1477\" height=\"707\" srcset=\"https:\/\/www.hydraulic-cylinders.net\/wp-content\/uploads\/2025\/02\/hcyy11112019-cylinder-for-preventing-rear-tlit-of-boom-3.webp 1477w, https:\/\/www.hydraulic-cylinders.net\/wp-content\/uploads\/2025\/02\/hcyy11112019-cylinder-for-preventing-rear-tlit-of-boom-3-1280x613.webp 1280w, https:\/\/www.hydraulic-cylinders.net\/wp-content\/uploads\/2025\/02\/hcyy11112019-cylinder-for-preventing-rear-tlit-of-boom-3-980x469.webp 980w, https:\/\/www.hydraulic-cylinders.net\/wp-content\/uploads\/2025\/02\/hcyy11112019-cylinder-for-preventing-rear-tlit-of-boom-3-480x230.webp 480w\" sizes=\"(min-width: 0px) and (max-width: 480px) 480px, (min-width: 481px) and (max-width: 980px) 980px, (min-width: 981px) and (max-width: 1280px) 1280px, (min-width: 1281px) 1477px, 100vw\" \/> <img loading=\"lazy\" decoding=\"async\" class=\"alignnone size-full wp-image-17062\" src=\"https:\/\/www.hydraulic-cylinders.net\/wp-content\/uploads\/2025\/02\/hcyy11112019-cylinder-for-preventing-rear-tlit-of-boom-4.webp\" alt=\"\" width=\"1477\" height=\"711\" srcset=\"https:\/\/www.hydraulic-cylinders.net\/wp-content\/uploads\/2025\/02\/hcyy11112019-cylinder-for-preventing-rear-tlit-of-boom-4.webp 1477w, https:\/\/www.hydraulic-cylinders.net\/wp-content\/uploads\/2025\/02\/hcyy11112019-cylinder-for-preventing-rear-tlit-of-boom-4-1280x616.webp 1280w, https:\/\/www.hydraulic-cylinders.net\/wp-content\/uploads\/2025\/02\/hcyy11112019-cylinder-for-preventing-rear-tlit-of-boom-4-980x472.webp 980w, https:\/\/www.hydraulic-cylinders.net\/wp-content\/uploads\/2025\/02\/hcyy11112019-cylinder-for-preventing-rear-tlit-of-boom-4-480x231.webp 480w\" sizes=\"(min-width: 0px) and (max-width: 480px) 480px, (min-width: 481px) and (max-width: 980px) 980px, (min-width: 981px) and (max-width: 1280px) 1280px, (min-width: 1281px) 1477px, 100vw\" \/> <img loading=\"lazy\" decoding=\"async\" class=\"alignnone size-full wp-image-17063\" src=\"https:\/\/www.hydraulic-cylinders.net\/wp-content\/uploads\/2025\/02\/hcyy11112019-cylinder-for-preventing-rear-tlit-of-boom-5.webp\" alt=\"\" width=\"1401\" height=\"671\" srcset=\"https:\/\/www.hydraulic-cylinders.net\/wp-content\/uploads\/2025\/02\/hcyy11112019-cylinder-for-preventing-rear-tlit-of-boom-5.webp 1401w, https:\/\/www.hydraulic-cylinders.net\/wp-content\/uploads\/2025\/02\/hcyy11112019-cylinder-for-preventing-rear-tlit-of-boom-5-1280x613.webp 1280w, https:\/\/www.hydraulic-cylinders.net\/wp-content\/uploads\/2025\/02\/hcyy11112019-cylinder-for-preventing-rear-tlit-of-boom-5-980x469.webp 980w, https:\/\/www.hydraulic-cylinders.net\/wp-content\/uploads\/2025\/02\/hcyy11112019-cylinder-for-preventing-rear-tlit-of-boom-5-480x230.webp 480w\" sizes=\"(min-width: 0px) and (max-width: 480px) 480px, (min-width: 481px) and (max-width: 980px) 980px, (min-width: 981px) and (max-width: 1280px) 1280px, (min-width: 1281px) 1401px, 100vw\" \/><\/h1>\n<h2><strong>\u0158ada v\u00e1lc\u016f p\u00e1sov\u00e9ho je\u0159\u00e1bu:<\/strong><\/h2>\n<h2><img loading=\"lazy\" decoding=\"async\" class=\"alignnone size-full wp-image-17054 aligncenter\" src=\"https:\/\/www.hydraulic-cylinders.net\/wp-content\/uploads\/2025\/02\/cylinder-series-of-crawler-crane-1.webp\" alt=\"\" width=\"709\" height=\"791\" srcset=\"https:\/\/www.hydraulic-cylinders.net\/wp-content\/uploads\/2025\/02\/cylinder-series-of-crawler-crane-1.webp 709w, https:\/\/www.hydraulic-cylinders.net\/wp-content\/uploads\/2025\/02\/cylinder-series-of-crawler-crane-1-480x536.webp 480w\" sizes=\"(min-width: 0px) and (max-width: 480px) 480px, (min-width: 481px) 709px, 100vw\" \/><\/h2>\n<h2><strong>Kl\u00ed\u010dov\u00e9 vlastnosti hydraulick\u00fdch v\u00e1lc\u016f s protiskluzov\u00fdm mechanismem pro p\u00e1sov\u00fd je\u0159\u00e1b:<\/strong><\/h2>\n<h4><strong>Robustn\u00ed konstrukce<\/strong><\/h4>\n<p>Hydraulick\u00e9 v\u00e1lce s ochranou proti nakl\u00e1p\u011bn\u00ed ramen se py\u0161n\u00ed robustn\u00ed konstrukc\u00ed vyrobenou z vysoce pevn\u00fdch materi\u00e1l\u016f, pe\u010dliv\u011b vybran\u00fdch tak, aby vydr\u017eely i ty nejn\u00e1ro\u010dn\u011bj\u0161\u00ed pracovn\u00ed podm\u00ednky. Tato konstrukce nejen zaji\u0161\u0165uje mimo\u0159\u00e1dnou odolnost, ale tak\u00e9 zvy\u0161uje spolehlivost, co\u017e umo\u017e\u0148uje obsluze soust\u0159edit se na dan\u00fd \u00fakol, ani\u017e by se musela ob\u00e1vat poruch za\u0159\u00edzen\u00ed. Odolnost v\u00e1lce znamen\u00e1, \u017ee si porad\u00ed se v\u0161emi podm\u00ednkami od extr\u00e9mn\u00edch teplot a\u017e po siln\u00e9 vibrace, co\u017e z n\u011bj \u010din\u00ed spolehlivou volbu pro jakoukoli je\u0159\u00e1bnickou operaci.<\/p>\n<h4><strong>Vysok\u00e1 nosnost<\/strong><\/h4>\n<p>Hydraulick\u00e9 v\u00e1lce s ochranou proti nakl\u00e1p\u011bn\u00ed ramen, navr\u017een\u00e9 pro manipulaci s vysok\u00fdmi hmotnostmi, umo\u017e\u0148uj\u00ed obsluze s jistotou zvedat a manipulovat s t\u011b\u017ek\u00fdmi materi\u00e1ly. Jejich p\u016fsobiv\u00e1 nosnost hraje kl\u00ed\u010dovou roli v roz\u0161i\u0159ov\u00e1n\u00ed mo\u017enost\u00ed p\u00e1sov\u00fdch je\u0159\u00e1b\u016f a umo\u017e\u0148uje jim prov\u00e1d\u011bt slo\u017eit\u00e9 \u00fakoly vy\u017eaduj\u00edc\u00ed pevnost a stabilitu. A\u0165 u\u017e se jedn\u00e1 o zved\u00e1n\u00ed ocelov\u00fdch nosn\u00edk\u016f nebo p\u0159epravu t\u011b\u017ek\u00fdch stroj\u016f, tento v\u00e1lec poskytuje s\u00edlu pot\u0159ebnou k bezpe\u010dn\u00e9mu a efektivn\u00edmu proveden\u00ed pr\u00e1ce.<\/p>\n<h4><strong>P\u0159esn\u00e9 stroj\u00edrenstv\u00ed<\/strong><\/h4>\n<p>D\u00edky konstrukci s p\u0159esn\u00fdmi tolerancemi podporuj\u00ed hydraulick\u00e9 v\u00e1lce s ochranou proti nakl\u00e1n\u011bn\u00ed ramen plynul\u00fd chod a p\u0159esn\u00e9 polohov\u00e1n\u00ed v\u00fdlo\u017en\u00edku. Tato \u00farove\u0148 p\u0159esnosti minimalizuje riziko nehod a zvy\u0161uje celkovou provozn\u00ed bezpe\u010dnost. Obsluha se m\u016f\u017ee spolehnout na p\u0159esnost v\u00e1lce, co\u017e je z\u00e1sadn\u00ed pro \u00fakoly vy\u017eaduj\u00edc\u00ed pe\u010dlivou kontrolu. Tato pozornost k detail\u016fm nejen zvy\u0161uje v\u00fdkon, ale tak\u00e9 dod\u00e1v\u00e1 obsluze sebev\u011bdom\u00ed p\u0159i zvl\u00e1d\u00e1n\u00ed n\u00e1ro\u010dn\u00fdch zdvihac\u00edch situac\u00ed.<\/p>\n<h4><strong>Odolnost proti korozi<\/strong><\/h4>\n<p>Hydraulick\u00e9 v\u00e1lce s ochranou proti nakl\u00e1p\u011bn\u00ed ramen jsou dod\u00e1v\u00e1ny se specializovanou povrchovou \u00fapravou, kter\u00e1 nab\u00edz\u00ed vynikaj\u00edc\u00ed ochranu proti reziv\u011bn\u00ed a korozi. Tato vlastnost je obzvl\u00e1\u0161t\u011b v\u00fdhodn\u00e1 v n\u00e1ro\u010dn\u00fdch prost\u0159ed\u00edch, kde je b\u011b\u017en\u00e9 vystaven\u00ed vlhkosti a agresivn\u00edm chemik\u00e1li\u00edm. Prodlou\u017een\u00edm \u017eivotnosti v\u00e1lce zaji\u0161\u0165uje tato odolnost proti korozi konzistentn\u00ed v\u00fdkon v pr\u016fb\u011bhu \u010dasu, sni\u017euje n\u00e1klady na \u00fadr\u017ebu a zvy\u0161uje celkovou hodnotu va\u0161\u00ed investice.<\/p>\n<h4><strong>Kompaktn\u00ed design<\/strong><\/h4>\n<p>Prostorov\u011b efektivn\u00ed konstrukce v\u00e1lce umo\u017e\u0148uje snadnou instalaci a bezprobl\u00e9movou integraci do r\u016fzn\u00fdch model\u016f p\u00e1sov\u00fdch je\u0159\u00e1b\u016f. Tato kompaktnost maximalizuje provozn\u00ed efektivitu a umo\u017e\u0148uje je\u0159\u00e1b\u016fm pracovat v t\u011bsn\u00fdch prostorech bez kompromis\u016f v oblasti v\u00fdkonu. Obsluha oce\u0148uje jednoduch\u00fd proces instalace, kter\u00fd \u0161et\u0159\u00ed drahocenn\u00fd \u010das a minimalizuje prostoje. Konstrukce zaji\u0161\u0165uje, \u017ee hydraulick\u00e9 v\u00e1lce s ochranou proti nakl\u00e1p\u011bn\u00ed ramene snadno zapadaj\u00ed do va\u0161eho st\u00e1vaj\u00edc\u00edho za\u0159\u00edzen\u00ed, co\u017e zvy\u0161uje v\u0161estrannost a funk\u010dnost.<\/p>\n<p>Stru\u010dn\u011b \u0159e\u010deno, v\u00e1lec HCYY11112019 vynik\u00e1 svou robustn\u00ed konstrukc\u00ed, vysokou nosnost\u00ed, p\u0159esn\u00fdm zpracov\u00e1n\u00edm, odolnost\u00ed proti korozi a kompaktn\u00edm designem. Ka\u017ed\u00e1 z t\u011bchto vlastnost\u00ed p\u0159isp\u00edv\u00e1 ke spolehliv\u00e9mu, efektivn\u00edmu a bezpe\u010dn\u00e9mu zved\u00e1n\u00ed, co\u017e z n\u011bj \u010din\u00ed neoceniteln\u00fd p\u0159\u00ednos pro jak\u00fdkoli provoz s p\u00e1sov\u00fdm je\u0159\u00e1bem.<\/p>\n<h2><strong>Jak v\u00e1lec pro zabr\u00e1n\u011bn\u00ed zadn\u00edmu n\u00e1klonu zvy\u0161uje bezpe\u010dnost provozu p\u00e1sov\u00e9ho je\u0159\u00e1bu?<\/strong><\/h2>\n<p>V\u00e1lec pro zabr\u00e1n\u011bn\u00ed zadn\u00edmu naklon\u011bn\u00ed je kl\u00ed\u010dovou sou\u010d\u00e1st\u00ed, kter\u00e1 dramaticky zvy\u0161uje bezpe\u010dnost provozu p\u00e1sov\u00e9ho je\u0159\u00e1bu n\u011bkolika p\u0159esv\u011bd\u010div\u00fdmi zp\u016fsoby:<\/p>\n<ol>\n<li><strong>Stabilita p\u0159i zved\u00e1n\u00ed<\/strong>P\u0159edstavte si ten klid, kter\u00fd p\u0159ich\u00e1z\u00ed s v\u011bdom\u00edm, \u017ee je v\u00e1\u0161 je\u0159\u00e1b stabiln\u00ed, zejm\u00e9na p\u0159i manipulaci s t\u011b\u017ek\u00fdmi b\u0159emeny. V\u00e1lec zabra\u0148uje zadn\u00edmu naklon\u011bn\u00ed v\u00fdlo\u017en\u00edku a zaji\u0161\u0165uje, \u017ee je\u0159\u00e1b udr\u017euje vyv\u00e1\u017eenou polohu. Tato stabilita je kl\u00ed\u010dov\u00e1, proto\u017ee v\u00fdrazn\u011b sni\u017euje riziko p\u0159evr\u00e1cen\u00ed nebo ztr\u00e1ty kontroly p\u0159i n\u00e1ro\u010dn\u00fdch zdvihac\u00edch \u00fakonech. Obsluha se m\u016f\u017ee soust\u0159edit na svou pr\u00e1ci bez neust\u00e1l\u00fdch obav z mo\u017en\u00fdch nehod.<\/li>\n<li><strong>P\u0159esn\u00e9 \u0159\u00edzen\u00ed zat\u00ed\u017een\u00ed<\/strong>P\u0159esnost je p\u0159i je\u0159\u00e1bnictv\u00ed kl\u00ed\u010dov\u00e1 a tento v\u00e1lec ji vynik\u00e1. D\u00edky p\u0159esn\u00e9mu polohov\u00e1n\u00ed v\u00fdlo\u017en\u00edku mohou oper\u00e1to\u0159i man\u00e9vrovat s b\u0159emeny s pozoruhodnou p\u0159esnost\u00ed. Tato schopnost je obzvl\u00e1\u0161t\u011b d\u016fle\u017eit\u00e1 p\u0159i pohybu v t\u011bsn\u00fdch prostorech nebo p\u0159i citliv\u00e9m polohov\u00e1n\u00ed b\u0159emen. D\u00edky vylep\u0161en\u00e9 kontrole se minimalizuje riziko nehod v d\u016fsledku nespr\u00e1vn\u00e9ho um\u00edst\u011bn\u00ed b\u0159emene, co\u017e zaji\u0161\u0165uje plynulej\u0161\u00ed pracovn\u00ed postup.<\/li>\n<li><strong>Sn\u00ed\u017een\u00e9 riziko mechanick\u00e9ho selh\u00e1n\u00ed<\/strong>Robustn\u00ed konstrukce v\u00e1lce je navr\u017eena tak, aby odolala n\u00e1ro\u010dn\u00fdm podm\u00ednk\u00e1m zved\u00e1n\u00ed t\u011b\u017ek\u00fdch b\u0159emen. Tato odolnost umo\u017e\u0148uje efektivn\u011b zvl\u00e1dat nam\u00e1h\u00e1n\u00ed a deformace, co\u017e je z\u00e1sadn\u00ed pro prevenci mechanick\u00fdch poruch. Sn\u00ed\u017een\u00edm pravd\u011bpodobnosti poruch v\u00e1lec nejen zvy\u0161uje bezpe\u010dnost, ale tak\u00e9 p\u0159isp\u00edv\u00e1 k provozn\u00ed efektivit\u011b, co\u017e umo\u017e\u0148uje projekt\u016fm dodr\u017eet pl\u00e1n bez neo\u010dek\u00e1van\u00fdch p\u0159eru\u0161en\u00ed.<\/li>\n<li><strong>Zv\u00fd\u0161en\u00e1 d\u016fv\u011bra obsluhy<\/strong>D\u016fv\u011bra je kl\u00ed\u010dov\u00fdm faktorem bezpe\u010dnosti. Kdy\u017e obsluha v\u00ed, \u017ee v\u00e1lec aktivn\u011b zabra\u0148uje naklon\u011bn\u00ed dozadu, m\u016f\u017ee se pln\u011b soust\u0159edit na sv\u00e9 \u00fakoly bez rozptylov\u00e1n\u00ed. Tato jistota podporuje kulturu bezpe\u010dnosti na pracovi\u0161ti, proto\u017ee obsluha je pozorn\u011bj\u0161\u00ed a uv\u011bdomuje si sv\u00e9 okol\u00ed, co\u017e d\u00e1le sni\u017euje pravd\u011bpodobnost nehod.<\/li>\n<li><strong>Dodr\u017eov\u00e1n\u00ed bezpe\u010dnostn\u00edch norem<\/strong>V odv\u011btv\u00ed, kde jsou bezpe\u010dnostn\u00ed p\u0159edpisy prvo\u0159ad\u00e9, pom\u00e1h\u00e1 pou\u017eit\u00ed zadn\u00edho v\u00e1lce proti p\u0159evr\u00e1cen\u00ed zajistit, aby je\u0159\u00e1by dodr\u017eovaly p\u0159\u00edsn\u00e9 bezpe\u010dnostn\u00ed normy. Toto dodr\u017eov\u00e1n\u00ed nejen chr\u00e1n\u00ed obsluhu a pos\u00e1dku, ale tak\u00e9 posiluje reputaci spole\u010dnosti a dokazuje z\u00e1vazek k bezpe\u010dnosti a profesionalit\u011b.<\/li>\n<\/ol>\n<p>Stru\u010dn\u011b \u0159e\u010deno, v\u00e1lec pro zabr\u00e1n\u011bn\u00ed zadn\u00edmu naklon\u011bn\u00ed je v\u00edce ne\u017e jen sou\u010d\u00e1st; je to z\u00e1sadn\u00ed prvek v oblasti bezpe\u010dnosti je\u0159\u00e1bu. T\u00edm, \u017ee zaji\u0161\u0165uje stabilitu, podporuje p\u0159esnost, sni\u017euje mechanick\u00e1 rizika, zvy\u0161uje sebev\u011bdom\u00ed obsluhy a zaji\u0161\u0165uje dodr\u017eov\u00e1n\u00ed bezpe\u010dnostn\u00edch norem, hraje tento v\u00e1lec z\u00e1sadn\u00ed roli p\u0159i vytv\u00e1\u0159en\u00ed bezpe\u010dn\u00e9ho a efektivn\u00edho pracovn\u00edho prost\u0159ed\u00ed. Investice do t\u011bchto bezpe\u010dnostn\u00edch opat\u0159en\u00ed nejen chr\u00e1n\u00ed \u017eivoty, ale tak\u00e9 zvy\u0161uje produktivitu, co\u017e z n\u011bj \u010din\u00ed chytrou volbu pro jak\u00fdkoli provoz p\u00e1sov\u00e9ho je\u0159\u00e1bu.<\/p>\n<h2><strong>V\u00fdrobn\u00ed oblast v\u00e1lc\u016f pro vysokozdvi\u017en\u00e9 voz\u00edky:<\/strong><\/h2>\n<h2><img loading=\"lazy\" decoding=\"async\" class=\"alignnone size-full wp-image-16972\" src=\"https:\/\/www.hydraulic-cylinders.net\/wp-content\/uploads\/2025\/01\/hydraulic-cylinder-factory-1-scaled.webp\" alt=\"\" width=\"2016\" height=\"2560\" srcset=\"https:\/\/www.hydraulic-cylinders.net\/wp-content\/uploads\/2025\/01\/hydraulic-cylinder-factory-1-scaled.webp 2016w, https:\/\/www.hydraulic-cylinders.net\/wp-content\/uploads\/2025\/01\/hydraulic-cylinder-factory-1-1280x1625.webp 1280w, https:\/\/www.hydraulic-cylinders.net\/wp-content\/uploads\/2025\/01\/hydraulic-cylinder-factory-1-980x1244.webp 980w, https:\/\/www.hydraulic-cylinders.net\/wp-content\/uploads\/2025\/01\/hydraulic-cylinder-factory-1-480x610.webp 480w\" sizes=\"(min-width: 0px) and (max-width: 480px) 480px, (min-width: 481px) and (max-width: 980px) 980px, (min-width: 981px) and (max-width: 1280px) 1280px, (min-width: 1281px) 2016px, 100vw\" \/><\/h2>\n<p>Py\u0161n\u00edme se nejmodern\u011bj\u0161\u00ed nez\u00e1vislou platformou v\u00fdzkumu a v\u00fdvoje zam\u011b\u0159enou na mont\u00e1\u017e, kter\u00e1 zaji\u0161\u0165uje \u0161pi\u010dkov\u00e9 inovace a kvalitu v na\u0161ich v\u00fdrobn\u00edch procesech. Na\u0161e d\u00edlna na v\u00fdrobu v\u00e1lc\u016f pro vysokozdvi\u017en\u00e9 voz\u00edky disponuje \u010dty\u0159mi poloautomatick\u00fdmi mont\u00e1\u017en\u00edmi linkami pro zdvihac\u00ed v\u00e1lce a pln\u011b automatickou mont\u00e1\u017en\u00ed linkou pro nakl\u00e1p\u011bc\u00ed v\u00e1lce, kter\u00e9 jsou dohromady navr\u017eeny tak, aby vyr\u00e1b\u011bly a\u017e jeden milion kus\u016f ro\u010dn\u011b.<\/p>\n<p>Na\u0161e specializovan\u00e1 d\u00edlna na v\u00fdrobu v\u00e1lc\u016f je nav\u00edc vybavena poloautomatick\u00fdmi \u010distic\u00edmi a mont\u00e1\u017en\u00edmi syst\u00e9my p\u0159izp\u016fsoben\u00fdmi r\u016fzn\u00fdm specifikac\u00edm s ro\u010dn\u00ed v\u00fdrobn\u00ed kapacitou 200 000 kus\u016f. Pro vysoce p\u0159esn\u00e9 zpracov\u00e1n\u00ed v\u00e1lc\u016f vyu\u017e\u00edv\u00e1me renomovan\u00e9 CNC za\u0159\u00edzen\u00ed, obr\u00e1b\u011bc\u00ed centra a specializovan\u00e9 n\u00e1stroje. Na\u0161e za\u0159\u00edzen\u00ed zahrnuje tak\u00e9 pokro\u010dil\u00e9 robotick\u00e9 sva\u0159ovac\u00ed stroje, automatick\u00e9 \u010distic\u00ed syst\u00e9my a pln\u011b automatizovan\u00e9 linky na mont\u00e1\u017e a lakov\u00e1n\u00ed v\u00e1lc\u016f. S v\u00edce ne\u017e 300 kl\u00ed\u010dov\u00fdmi za\u0159\u00edzen\u00edmi v provozu optimalizujeme alokaci zdroj\u016f a zaji\u0161\u0165ujeme efektivn\u00ed vyu\u017eit\u00ed p\u0159i spln\u011bn\u00ed p\u0159\u00edsn\u00fdch standard\u016f p\u0159esnosti a kvality.<\/p>\n<p>Na\u0161e obr\u00e1b\u011bc\u00ed d\u00edlna disponuje zak\u00e1zkov\u00fdmi soustru\u017enick\u00fdmi centry pro nakl\u00e1p\u011bc\u00ed vodic\u00ed li\u0161ty, obr\u00e1b\u011bc\u00edmi centry, vysokorychlostn\u00edmi honovac\u00edmi stroji, sva\u0159ovac\u00edmi roboty a dal\u0161\u00edm nezbytn\u00fdm vybaven\u00edm. Toto nastaven\u00ed n\u00e1m umo\u017e\u0148uje obr\u00e1b\u011bt v\u00e1lcov\u00e9 trubky s maxim\u00e1ln\u00edm vnit\u0159n\u00edm pr\u016fm\u011brem 400 mm a d\u00e9lkou a\u017e 6 metr\u016f, co\u017e d\u00e1le zvy\u0161uje na\u0161e v\u00fdrobn\u00ed kapacity.<\/p>\n<h2><img loading=\"lazy\" decoding=\"async\" class=\"alignnone size-full wp-image-16973\" src=\"https:\/\/www.hydraulic-cylinders.net\/wp-content\/uploads\/2025\/01\/hydraulic-cylinder-factory-2-scaled.webp\" alt=\"\" width=\"2011\" height=\"2560\" srcset=\"https:\/\/www.hydraulic-cylinders.net\/wp-content\/uploads\/2025\/01\/hydraulic-cylinder-factory-2-scaled.webp 2011w, https:\/\/www.hydraulic-cylinders.net\/wp-content\/uploads\/2025\/01\/hydraulic-cylinder-factory-2-1280x1629.webp 1280w, https:\/\/www.hydraulic-cylinders.net\/wp-content\/uploads\/2025\/01\/hydraulic-cylinder-factory-2-980x1248.webp 980w, https:\/\/www.hydraulic-cylinders.net\/wp-content\/uploads\/2025\/01\/hydraulic-cylinder-factory-2-480x611.webp 480w\" sizes=\"(min-width: 0px) and (max-width: 480px) 480px, (min-width: 481px) and (max-width: 980px) 980px, (min-width: 981px) and (max-width: 1280px) 1280px, (min-width: 1281px) 2011px, 100vw\" \/><\/h2>\n<p>Provozujeme pln\u011b automatickou linku na nan\u00e1\u0161en\u00ed barev na vodn\u00ed b\u00e1zi, speci\u00e1ln\u011b navr\u017eenou pro mal\u00e9 a st\u0159edn\u00ed tlakov\u00e9 lahve, s automatick\u00fdmi roboty pro nakl\u00e1d\u00e1n\u00ed, vykl\u00e1d\u00e1n\u00ed a st\u0159\u00edk\u00e1n\u00ed. Tento modern\u00ed syst\u00e9m se py\u0161n\u00ed v\u00fdrobn\u00ed kapacitou 4 000 kus\u016f za sm\u011bnu. Krom\u011b toho m\u00e1me poloautomatickou lakovac\u00ed linku pro velk\u00e9 tlakov\u00e9 lahve, poh\u00e1n\u011bnou \u0159et\u011bzov\u00fdm pohonem, s konstruk\u010dn\u00ed kapacitou 60 beden za sm\u011bnu.<\/p>\n<p>Abychom zlep\u0161ili v\u00fdkon produkt\u016f a upevnili na\u0161i vedouc\u00ed pozici v odv\u011btv\u00ed hydraulick\u00fdch v\u00e1lc\u016f, nav\u00e1zali jsme partnerstv\u00ed se spole\u010dnost\u00ed ZJIMEE a z\u0159\u00eddili komplexn\u00ed v\u00fdkonnostn\u00ed laborato\u0159 zam\u011b\u0159enou na hydraulick\u00e9 v\u00e1lce, ventily a \u010derpadla. Tato pokro\u010dil\u00e1 laborato\u0159 vyu\u017e\u00edv\u00e1 po\u010d\u00edta\u010dem podporovan\u00e9 testov\u00e1n\u00ed s elektrohydraulickou technologi\u00ed, co\u017e umo\u017e\u0148uje p\u0159ednastaven\u00e9 zku\u0161ebn\u00ed podm\u00ednky, kter\u00e9 zlep\u0161uj\u00ed p\u0159esnost a v\u0161estrannost syst\u00e9mu. Automatizovan\u00fd proces sb\u011bru dat vyu\u017e\u00edv\u00e1 senzory ke shroma\u017e\u010fov\u00e1n\u00ed v\u00fdstupn\u00edch dat, jako je vnit\u0159n\u00ed net\u011bsnost a \u00fa\u010dinnost zat\u00ed\u017een\u00ed, kter\u00e1 jsou pot\u00e9 zpracov\u00e1na po\u010d\u00edta\u010dem a p\u0159evedena na standardn\u00ed jednotky (ml\/min%).<\/p>\n<p>D\u00e1le pro zaji\u0161t\u011bn\u00ed bezpe\u010dnosti na\u0161ich hydraulick\u00fdch syst\u00e9m\u016f zav\u00e1d\u00edme monitorov\u00e1n\u00ed stavu kl\u00ed\u010dov\u00fdch v\u00fdkonnostn\u00edch parametr\u016f, v\u010detn\u011b teploty oleje, hladiny kapaliny a stavu filtra\u010dn\u00edho za\u0159\u00edzen\u00ed. Na\u0161e zku\u0161ebn\u00ed stanice pro hydraulick\u00e9 v\u00e1lce je schopna posoudit \u201e\u00fa\u010dinnost zat\u00ed\u017een\u00ed\u201c a \u201evnit\u0159n\u00ed net\u011bsnost\u201c pomoc\u00ed p\u0159esn\u00fdch \u00fadaj\u016f. Je tak\u00e9 vybavena m\u011b\u0159ic\u00edm p\u0159\u00edstrojem s m\u0159\u00ed\u017ekov\u00fdm prav\u00edtkem, kter\u00fd spl\u0148uje n\u00e1rodn\u00ed normy a zaji\u0161\u0165uje tak soulad se v\u0161emi zku\u0161ebn\u00edmi po\u017eadavky pro hydraulick\u00e9 v\u00e1lce.<\/p>\n<p>&nbsp;<\/p>","protected":false},"excerpt":{"rendered":"<p>Arm Anti Tilt Hydraulic Cylinders For Crawler Crane Our arm anti tilt hydraulic cylinders for crawler cranes are engineered to enhance safety and stability during heavy-duty lifting operations. Designed specifically for crawler cranes, these cylinders prevent the crane arm (boom) from tilting backward under extreme loads, ensuring operational safety in demanding environments like construction sites, [&hellip;]<\/p>","protected":false},"featured_media":17064,"comment_status":"open","ping_status":"closed","template":"","meta":{"_et_pb_use_builder":"","_et_pb_old_content":"","_et_gb_content_width":""},"product_brand":[],"product_cat":[1550,1514,1376],"product_tag":[],"class_list":{"0":"post-17058","1":"product","2":"type-product","3":"status-publish","4":"has-post-thumbnail","6":"product_cat-double-acting-hydraulic-cylinder","7":"product_cat-mobile-crane-hydraulic-cylinders","8":"product_cat-hydraulic-cylinder","10":"first","11":"instock","12":"shipping-taxable","13":"product-type-simple"},"amp_enabled":true,"_links":{"self":[{"href":"https:\/\/www.hydraulic-cylinders.net\/cs\/wp-json\/wp\/v2\/product\/17058","targetHints":{"allow":["GET"]}}],"collection":[{"href":"https:\/\/www.hydraulic-cylinders.net\/cs\/wp-json\/wp\/v2\/product"}],"about":[{"href":"https:\/\/www.hydraulic-cylinders.net\/cs\/wp-json\/wp\/v2\/types\/product"}],"replies":[{"embeddable":true,"href":"https:\/\/www.hydraulic-cylinders.net\/cs\/wp-json\/wp\/v2\/comments?post=17058"}],"wp:featuredmedia":[{"embeddable":true,"href":"https:\/\/www.hydraulic-cylinders.net\/cs\/wp-json\/wp\/v2\/media\/17064"}],"wp:attachment":[{"href":"https:\/\/www.hydraulic-cylinders.net\/cs\/wp-json\/wp\/v2\/media?parent=17058"}],"wp:term":[{"taxonomy":"product_brand","embeddable":true,"href":"https:\/\/www.hydraulic-cylinders.net\/cs\/wp-json\/wp\/v2\/product_brand?post=17058"},{"taxonomy":"product_cat","embeddable":true,"href":"https:\/\/www.hydraulic-cylinders.net\/cs\/wp-json\/wp\/v2\/product_cat?post=17058"},{"taxonomy":"product_tag","embeddable":true,"href":"https:\/\/www.hydraulic-cylinders.net\/cs\/wp-json\/wp\/v2\/product_tag?post=17058"}],"curies":[{"name":"wp","href":"https:\/\/api.w.org\/{rel}","templated":true}]}}