{"id":17074,"date":"2025-02-05T08:31:40","date_gmt":"2025-02-05T08:31:40","guid":{"rendered":"https:\/\/www.hydraulic-cylinders.net\/?post_type=product&#038;p=17074"},"modified":"2025-04-11T03:00:55","modified_gmt":"2025-04-11T03:00:55","slug":"hcyy11112016-grain-tank-lifting-cylinder-for-agricultural-machinery","status":"publish","type":"product","link":"https:\/\/www.hydraulic-cylinders.net\/cs\/produkt\/hcyy11112016-grain-tank-lifting-cylinder-for-agricultural-machinery\/","title":{"rendered":"HCYY11112016 Zvedac\u00ed v\u00e1lec pro z\u00e1sobn\u00edky obil\u00ed pro zem\u011bd\u011blsk\u00e9 stroje"},"content":{"rendered":"<h1 style=\"text-align: center;\"><strong>HCYY11112016 Zvedac\u00ed v\u00e1lec pro z\u00e1sobn\u00edky obil\u00ed pro zem\u011bd\u011blsk\u00e9 stroje<\/strong><\/h1>\n<h1 style=\"text-align: center;\"><img loading=\"lazy\" decoding=\"async\" class=\"alignnone size-full wp-image-17077\" src=\"https:\/\/www.hydraulic-cylinders.net\/wp-content\/uploads\/2025\/02\/hcyy11112016-grain-tank-lifting-cylinder-2.webp\" alt=\"\" width=\"1500\" height=\"515\" srcset=\"https:\/\/www.hydraulic-cylinders.net\/wp-content\/uploads\/2025\/02\/hcyy11112016-grain-tank-lifting-cylinder-2.webp 1500w, https:\/\/www.hydraulic-cylinders.net\/wp-content\/uploads\/2025\/02\/hcyy11112016-grain-tank-lifting-cylinder-2-1280x439.webp 1280w, https:\/\/www.hydraulic-cylinders.net\/wp-content\/uploads\/2025\/02\/hcyy11112016-grain-tank-lifting-cylinder-2-980x336.webp 980w, https:\/\/www.hydraulic-cylinders.net\/wp-content\/uploads\/2025\/02\/hcyy11112016-grain-tank-lifting-cylinder-2-480x165.webp 480w\" sizes=\"(min-width: 0px) and (max-width: 480px) 480px, (min-width: 481px) and (max-width: 980px) 980px, (min-width: 981px) and (max-width: 1280px) 1280px, (min-width: 1281px) 1500px, 100vw\" \/><\/h1>\n<p>Ten\/Ta\/To <strong>HCYY11112016 Zvedac\u00ed v\u00e1lec z\u00e1sobn\u00edku obil\u00ed<\/strong> hraje kl\u00ed\u010dovou roli v zem\u011bd\u011blsk\u00fdch stroj\u00edch a je navr\u017een tak, aby zvy\u0161oval efektivitu a \u00fa\u010dinnost manipulace s obil\u00edm. Tento hydraulick\u00fd v\u00e1lec poskytuje v\u00fdkon a p\u0159esnost pot\u0159ebn\u00e9 k plynul\u00e9mu zved\u00e1n\u00ed a spou\u0161t\u011bn\u00ed z\u00e1sobn\u00edk\u016f obil\u00ed, co\u017e zaji\u0161\u0165uje optim\u00e1ln\u00ed v\u00fdkon b\u011bhem sklizn\u011b i p\u0159epravy.<\/p>\n<p>Jako\u017eto nezbytn\u00fd n\u00e1stroj pro jakoukoli zem\u011bd\u011blskou \u010dinnost, kter\u00e1 klade d\u016fraz na efektivitu a spolehlivost, vynik\u00e1 HCYY11112016 sv\u00fdmi robustn\u00edmi vlastnostmi a u\u017eivatelsky p\u0159\u00edv\u011btiv\u00fdm designem. Jeho nen\u00e1ro\u010dn\u00e9 po\u017eadavky na \u00fadr\u017ebu z n\u011bj \u010din\u00ed preferovanou volbu mezi zem\u011bd\u011blci a zem\u011bd\u011blsk\u00fdmi profesion\u00e1ly. Investic\u00ed do tohoto vysoce kvalitn\u00edho zvedac\u00edho v\u00e1lce v\u00fdrazn\u011b zv\u00fd\u0161\u00edte v\u00fdkon sv\u00fdch stroj\u016f a zefektivn\u00edte procesy manipulace s obil\u00edm, co\u017e povede k produktivn\u011bj\u0161\u00ed a \u00fasp\u011b\u0161n\u011bj\u0161\u00ed zem\u011bd\u011blsk\u00e9 \u010dinnosti.<\/p>\n<h2><strong>HCYY11112016 Zvedac\u00ed v\u00e1lec z\u00e1sobn\u00edku obil\u00ed pro zem\u011bd\u011blsk\u00e9 stroje Parametr:<\/strong><\/h2>\n<h1 style=\"text-align: center;\"><img loading=\"lazy\" decoding=\"async\" class=\"alignnone size-full wp-image-17076\" src=\"https:\/\/www.hydraulic-cylinders.net\/wp-content\/uploads\/2025\/02\/hcyy11112016-grain-tank-lifting-cylinder-1.webp\" alt=\"\" width=\"1510\" height=\"146\" srcset=\"https:\/\/www.hydraulic-cylinders.net\/wp-content\/uploads\/2025\/02\/hcyy11112016-grain-tank-lifting-cylinder-1.webp 1510w, https:\/\/www.hydraulic-cylinders.net\/wp-content\/uploads\/2025\/02\/hcyy11112016-grain-tank-lifting-cylinder-1-1280x124.webp 1280w, https:\/\/www.hydraulic-cylinders.net\/wp-content\/uploads\/2025\/02\/hcyy11112016-grain-tank-lifting-cylinder-1-980x95.webp 980w, https:\/\/www.hydraulic-cylinders.net\/wp-content\/uploads\/2025\/02\/hcyy11112016-grain-tank-lifting-cylinder-1-480x46.webp 480w\" sizes=\"(min-width: 0px) and (max-width: 480px) 480px, (min-width: 481px) and (max-width: 980px) 980px, (min-width: 981px) and (max-width: 1280px) 1280px, (min-width: 1281px) 1510px, 100vw\" \/><img loading=\"lazy\" decoding=\"async\" class=\"alignnone size-full wp-image-17078\" src=\"https:\/\/www.hydraulic-cylinders.net\/wp-content\/uploads\/2025\/02\/hcyy11112016-grain-tank-lifting-cylinder-3.webp\" alt=\"\" width=\"1477\" height=\"710\" srcset=\"https:\/\/www.hydraulic-cylinders.net\/wp-content\/uploads\/2025\/02\/hcyy11112016-grain-tank-lifting-cylinder-3.webp 1477w, https:\/\/www.hydraulic-cylinders.net\/wp-content\/uploads\/2025\/02\/hcyy11112016-grain-tank-lifting-cylinder-3-1280x615.webp 1280w, https:\/\/www.hydraulic-cylinders.net\/wp-content\/uploads\/2025\/02\/hcyy11112016-grain-tank-lifting-cylinder-3-980x471.webp 980w, https:\/\/www.hydraulic-cylinders.net\/wp-content\/uploads\/2025\/02\/hcyy11112016-grain-tank-lifting-cylinder-3-480x231.webp 480w\" sizes=\"(min-width: 0px) and (max-width: 480px) 480px, (min-width: 481px) and (max-width: 980px) 980px, (min-width: 981px) and (max-width: 1280px) 1280px, (min-width: 1281px) 1477px, 100vw\" \/> <img loading=\"lazy\" decoding=\"async\" class=\"alignnone size-full wp-image-17079\" src=\"https:\/\/www.hydraulic-cylinders.net\/wp-content\/uploads\/2025\/02\/hcyy11112016-grain-tank-lifting-cylinder-4.webp\" alt=\"\" width=\"1476\" height=\"711\" srcset=\"https:\/\/www.hydraulic-cylinders.net\/wp-content\/uploads\/2025\/02\/hcyy11112016-grain-tank-lifting-cylinder-4.webp 1476w, https:\/\/www.hydraulic-cylinders.net\/wp-content\/uploads\/2025\/02\/hcyy11112016-grain-tank-lifting-cylinder-4-1280x617.webp 1280w, https:\/\/www.hydraulic-cylinders.net\/wp-content\/uploads\/2025\/02\/hcyy11112016-grain-tank-lifting-cylinder-4-980x472.webp 980w, https:\/\/www.hydraulic-cylinders.net\/wp-content\/uploads\/2025\/02\/hcyy11112016-grain-tank-lifting-cylinder-4-480x231.webp 480w\" sizes=\"(min-width: 0px) and (max-width: 480px) 480px, (min-width: 481px) and (max-width: 980px) 980px, (min-width: 981px) and (max-width: 1280px) 1280px, (min-width: 1281px) 1476px, 100vw\" \/> <img loading=\"lazy\" decoding=\"async\" class=\"alignnone size-full wp-image-17080\" src=\"https:\/\/www.hydraulic-cylinders.net\/wp-content\/uploads\/2025\/02\/hcyy11112016-grain-tank-lifting-cylinder-5.webp\" alt=\"\" width=\"1419\" height=\"765\" srcset=\"https:\/\/www.hydraulic-cylinders.net\/wp-content\/uploads\/2025\/02\/hcyy11112016-grain-tank-lifting-cylinder-5.webp 1419w, https:\/\/www.hydraulic-cylinders.net\/wp-content\/uploads\/2025\/02\/hcyy11112016-grain-tank-lifting-cylinder-5-1280x690.webp 1280w, https:\/\/www.hydraulic-cylinders.net\/wp-content\/uploads\/2025\/02\/hcyy11112016-grain-tank-lifting-cylinder-5-980x528.webp 980w, https:\/\/www.hydraulic-cylinders.net\/wp-content\/uploads\/2025\/02\/hcyy11112016-grain-tank-lifting-cylinder-5-480x259.webp 480w\" sizes=\"(min-width: 0px) and (max-width: 480px) 480px, (min-width: 481px) and (max-width: 980px) 980px, (min-width: 981px) and (max-width: 1280px) 1280px, (min-width: 1281px) 1419px, 100vw\" \/><\/h1>\n<h2><strong>\u0158ada v\u00e1lc\u016f p\u00e1sov\u00e9ho je\u0159\u00e1bu:<\/strong><\/h2>\n<h2><img loading=\"lazy\" decoding=\"async\" class=\"alignnone size-full wp-image-17082\" src=\"https:\/\/www.hydraulic-cylinders.net\/wp-content\/uploads\/2025\/02\/cylinder-series-for-agricultural-machinery-1-1-scaled.webp\" alt=\"\" width=\"2066\" height=\"2560\" srcset=\"https:\/\/www.hydraulic-cylinders.net\/wp-content\/uploads\/2025\/02\/cylinder-series-for-agricultural-machinery-1-1-scaled.webp 2066w, https:\/\/www.hydraulic-cylinders.net\/wp-content\/uploads\/2025\/02\/cylinder-series-for-agricultural-machinery-1-1-1280x1586.webp 1280w, https:\/\/www.hydraulic-cylinders.net\/wp-content\/uploads\/2025\/02\/cylinder-series-for-agricultural-machinery-1-1-980x1214.webp 980w, https:\/\/www.hydraulic-cylinders.net\/wp-content\/uploads\/2025\/02\/cylinder-series-for-agricultural-machinery-1-1-480x595.webp 480w\" sizes=\"(min-width: 0px) and (max-width: 480px) 480px, (min-width: 481px) and (max-width: 980px) 980px, (min-width: 981px) and (max-width: 1280px) 1280px, (min-width: 1281px) 2066px, 100vw\" \/><\/h2>\n<h2><strong>Kl\u00ed\u010dov\u00e9 vlastnosti zvedac\u00edho v\u00e1lce z\u00e1sobn\u00edku obil\u00ed HCYY11112016 pro zem\u011bd\u011blsk\u00e9 stroje:<\/strong><\/h2>\n<h4><strong>Vysok\u00e1 nosnost<\/strong><\/h4>\n<p>Ten\/Ta\/To <strong>HCYY11112016 Zvedac\u00ed v\u00e1lec z\u00e1sobn\u00edku obil\u00ed<\/strong> je odborn\u011b navr\u017een tak, aby zvl\u00e1dl zna\u010dn\u00e9 hmotnosti, a je tak schopen bez n\u00e1mahy zvedat pln\u011b nalo\u017een\u00e9 z\u00e1sobn\u00edky obil\u00ed. Tato vysok\u00e1 nosnost zaji\u0161\u0165uje nejen bezpe\u010dn\u00fd provoz, ale tak\u00e9 zvy\u0161uje efektivitu b\u011bhem kl\u00ed\u010dov\u00fdch obdob\u00ed sklizn\u011b a p\u0159epravy. Zem\u011bd\u011blci se mohou spolehnout, \u017ee tento v\u00e1lec bude spolehliv\u011b fungovat pod tlakem, co\u017e jim umo\u017en\u00ed soust\u0159edit se na jejich \u00fakoly bez obav z poruchy za\u0159\u00edzen\u00ed.<\/p>\n<h4><strong>Odoln\u00e1 konstrukce<\/strong><\/h4>\n<p>Stroj HCYY11112016 je vyroben z vysoce pevn\u00fdch materi\u00e1l\u016f a je navr\u017een tak, aby odolal n\u00e1ro\u010dn\u00fdm zem\u011bd\u011blsk\u00fdm podm\u00ednk\u00e1m. Jeho odoln\u00e1 konstrukce odol\u00e1v\u00e1 opot\u0159eben\u00ed a zaji\u0161\u0165uje tak dlouhou \u017eivotnost a konzistentn\u00ed v\u00fdkon. Tato odolnost je nezbytn\u00e1 pro zem\u011bd\u011blce, kte\u0159\u00ed se na sv\u00e9 vybaven\u00ed spol\u00e9haj\u00ed den co den, proto\u017ee minimalizuje prostoje a n\u00e1klady na \u00fadr\u017ebu.<\/p>\n<h4><strong>Odolnost proti korozi<\/strong><\/h4>\n<p>D\u00edky pokro\u010dil\u00e9 povrchov\u00e9 \u00faprav\u011b nab\u00edz\u00ed HCYY11112016 v\u00fdjime\u010dnou ochranu proti reziv\u011bn\u00ed a korozi. Tato vlastnost zvy\u0161uje odolnost v\u00e1lce a umo\u017e\u0148uje mu udr\u017eet si \u0161pi\u010dkov\u00fd v\u00fdkon i v n\u00e1ro\u010dn\u00fdch pov\u011btrnostn\u00edch podm\u00ednk\u00e1ch. Investic\u00ed do tohoto korozivzdorn\u00e9ho v\u00e1lce si mohou zem\u011bd\u011blci b\u00fdt jisti, \u017ee jejich za\u0159\u00edzen\u00ed odol\u00e1 nep\u0159\u00edzniv\u00fdm vliv\u016fm, co\u017e p\u0159isp\u011bje k del\u0161\u00ed \u017eivotnosti a lep\u0161\u00ed n\u00e1vratnosti investice.<\/p>\n<h4><strong>Kompaktn\u00ed design<\/strong><\/h4>\n<p>Jednou z v\u00fdjime\u010dn\u00fdch vlastnost\u00ed modelu HCYY11112016 je jeho kompaktn\u00ed konstrukce, kter\u00e1 usnad\u0148uje bezprobl\u00e9movou integraci do r\u016fzn\u00fdch zem\u011bd\u011blsk\u00fdch stroj\u016f. Tato prostorov\u011b efektivn\u00ed konstrukce maximalizuje dostupn\u00fd prostor a umo\u017e\u0148uje efektivn\u011bj\u0161\u00ed vyu\u017eit\u00ed za\u0159\u00edzen\u00ed bez kompromis\u016f ve funk\u010dnosti. Zem\u011bd\u011blci t\u011b\u017e\u00ed z efektivn\u00edho uspo\u0159\u00e1d\u00e1n\u00ed, kter\u00e9 zvy\u0161uje man\u00e9vrovatelnost a celkovou provozn\u00ed efektivitu.<\/p>\n<h4><strong>P\u0159esn\u00e9 stroj\u00edrenstv\u00ed<\/strong><\/h4>\n<p>Vyrobeno s p\u0159esn\u00fdmi tolerancemi, v\u00e1lce HCYY11112016 zaji\u0161\u0165uj\u00ed plynul\u00fd provoz a p\u0159esn\u00e9 polohov\u00e1n\u00ed n\u00e1kladu, co\u017e je z\u00e1sadn\u00ed pro prevenci nehod p\u0159i manipulaci s obil\u00edm. Tato \u00farove\u0148 p\u0159esnosti umo\u017e\u0148uje obsluze s jistotou manipulovat s n\u00e1kladem a sni\u017euje rizika spojen\u00e1 se zved\u00e1n\u00edm a p\u0159epravou t\u011b\u017ek\u00fdch materi\u00e1l\u016f. Spolehliv\u00fd v\u00fdkon v\u00e1lce se prom\u00edt\u00e1 do bezpe\u010dn\u011bj\u0161\u00edch pracovn\u00edch podm\u00ednek, co\u017e je pro zem\u011bd\u011blsk\u00e9 profesion\u00e1ly nejvy\u0161\u0161\u00ed prioritou.<\/p>\n<p>Volbou zvedac\u00edho v\u00e1lce z\u00e1sobn\u00edku obil\u00ed HCYY11112016 se zem\u011bd\u011blci vybavuj\u00ed n\u00e1strojem, kter\u00fd nejen spl\u0148uje, ale i p\u0159ekra\u010duje po\u017eadavky modern\u00edho zem\u011bd\u011blstv\u00ed. Jeho kombinace vysok\u00e9 nosnosti, trvanlivosti, odolnosti proti korozi, kompaktn\u00edho designu a p\u0159esn\u00e9ho zpracov\u00e1n\u00ed z n\u011bj \u010din\u00ed nezbytn\u00fd n\u00e1stroj pro jakoukoli zem\u011bd\u011blskou \u010dinnost.<\/p>\n<h2><strong>Jak kompaktn\u00ed konstrukce zvedac\u00edho v\u00e1lce z\u00e1sobn\u00edku obil\u00ed Hcyy11112016 zlep\u0161uje jeho integraci se zem\u011bd\u011blsk\u00fdmi stroji?<\/strong><\/h2>\n<p>Kompaktn\u00ed design <strong>HCYY11112016 Zvedac\u00ed v\u00e1lec z\u00e1sobn\u00edku obil\u00ed<\/strong> hraje z\u00e1sadn\u00ed roli v jeho bezprobl\u00e9mov\u00e9 integraci se zem\u011bd\u011blsk\u00fdmi stroji a nab\u00edz\u00ed \u0159adu v\u00fdhod, kter\u00e9 zvy\u0161uj\u00ed celkov\u00fd v\u00fdkon:<\/p>\n<h4><strong>Prostorov\u00e1 efektivita<\/strong><\/h4>\n<ul>\n<li><strong>Maximalizovan\u00fd prostor<\/strong>Aerodynamick\u00fd profil v\u00e1lce je navr\u017een pro optim\u00e1ln\u00ed vyu\u017eit\u00ed dostupn\u00e9ho prostoru, co\u017e umo\u017e\u0148uje snadnou integraci do r\u016fzn\u00fdch konfigurac\u00ed stroj\u016f. Toto efektivn\u00ed vyu\u017eit\u00ed prostoru nejen zefektiv\u0148uje design, ale tak\u00e9 sni\u017euje nepo\u0159\u00e1dek, d\u00edky \u010demu\u017e je za\u0159\u00edzen\u00ed u\u017eivatelsky p\u0159\u00edv\u011btiv\u011bj\u0161\u00ed a p\u0159\u00edstupn\u011bj\u0161\u00ed.<\/li>\n<\/ul>\n<h4><strong>Zlep\u0161en\u00e1 man\u00e9vrovatelnost<\/strong><\/h4>\n<ul>\n<li><strong>Zv\u00fd\u0161en\u00e1 mobilita<\/strong>Kompaktn\u00ed konstrukce v\u00fdrazn\u011b zlep\u0161uje man\u00e9vrovatelnost a umo\u017e\u0148uje zem\u011bd\u011blc\u016fm orientovat se v u\u017e\u0161\u00edch prostor\u00e1ch na pol\u00edch, ve stodol\u00e1ch nebo skladovac\u00edch prostor\u00e1ch. Tato obratnost je kl\u00ed\u010dov\u00e1 b\u011bhem ru\u0161n\u00e9ho obdob\u00ed sklizn\u011b, kdy je nutn\u00e9 rychl\u00e9 nastaven\u00ed, co\u017e v kone\u010dn\u00e9m d\u016fsledku \u0161et\u0159\u00ed \u010das a zvy\u0161uje produktivitu.<\/li>\n<\/ul>\n<h4><strong>Zjednodu\u0161en\u00e1 instalace<\/strong><\/h4>\n<ul>\n<li><strong>Snadn\u00e1 integrace<\/strong>Men\u0161\u00ed velikost v\u00e1lce zjednodu\u0161uje proces instalace v cel\u00e9 \u0159ad\u011b zem\u011bd\u011blsk\u00fdch stroj\u016f. Tato snadn\u00e1 integrace minimalizuje dobu nastaven\u00ed, co\u017e umo\u017e\u0148uje obsluze rychle nasadit za\u0159\u00edzen\u00ed a vr\u00e1tit se k pr\u00e1ci, co\u017e je obzvl\u00e1\u0161t\u011b cenn\u00e9 v hlavn\u00ed sez\u00f3n\u011b.<\/li>\n<\/ul>\n<h4><strong>Vyv\u00e1\u017een\u00e9 rozlo\u017een\u00ed hmotnosti<\/strong><\/h4>\n<ul>\n<li><strong>Ni\u017e\u0161\u00ed t\u011b\u017ei\u0161t\u011b<\/strong>Kompaktn\u00ed rozm\u011bry pom\u00e1haj\u00ed udr\u017eovat ni\u017e\u0161\u00ed t\u011b\u017ei\u0161t\u011b, co\u017e je nezbytn\u00e9 pro zv\u00fd\u0161en\u00ed stability b\u011bhem provozu. Tato konstruk\u010dn\u00ed vlastnost minimalizuje riziko p\u0159evr\u00e1cen\u00ed p\u0159i zved\u00e1n\u00ed t\u011b\u017ek\u00fdch z\u00e1sobn\u00edk\u016f obil\u00ed a zaji\u0161\u0165uje tak bezpe\u010dn\u011bj\u0161\u00ed manipulaci a provoz v r\u016fzn\u00fdch poln\u00edch podm\u00ednk\u00e1ch.<\/li>\n<\/ul>\n<h4><strong>V\u0161estrann\u00e1 kompatibilita<\/strong><\/h4>\n<ul>\n<li><strong>P\u0159izp\u016fsobivost<\/strong>Kompaktn\u00ed konstrukce modelu HCYY11112016 zaji\u0161\u0165uje kompatibilitu s \u0161irokou \u0161k\u00e1lou zem\u011bd\u011blsk\u00fdch stroj\u016f, od traktor\u016f a\u017e po p\u0159evozn\u00edky obil\u00ed. Tato v\u0161estrannost umo\u017e\u0148uje zem\u011bd\u011blc\u016fm p\u0159ech\u00e1zet mezi r\u016fzn\u00fdmi stroji bez nutnosti rozs\u00e1hl\u00fdch \u00faprav, co\u017e \u0161et\u0159\u00ed \u010das i zdroje.<\/li>\n<\/ul>\n<h4><strong>Zv\u00fd\u0161en\u00e1 provozn\u00ed efektivita<\/strong><\/h4>\n<ul>\n<li><strong>Zjednodu\u0161en\u00fd v\u00fdkon<\/strong>D\u00edky bezprobl\u00e9mov\u00e9 integraci s r\u016fzn\u00fdmi stroji p\u0159isp\u00edv\u00e1 kompaktn\u00ed v\u00e1lec k celkov\u00e9 provozn\u00ed efektivit\u011b. Jeho schopnost harmonick\u00e9 spolupr\u00e1ce s ostatn\u00edmi komponenty sni\u017euje opot\u0159eben\u00ed stroj\u016f a prodlu\u017euje \u017eivotnost jak v\u00e1lce, tak i za\u0159\u00edzen\u00ed, kter\u00e9 nese.<\/li>\n<\/ul>\n<h4><strong>Bezpe\u010dnostn\u00ed aspekty<\/strong><\/h4>\n<ul>\n<li><strong>Sn\u00ed\u017een\u00ed rizika<\/strong>Kombinace ni\u017e\u0161\u00edho t\u011b\u017ei\u0161t\u011b a zv\u00fd\u0161en\u00e9 stability sni\u017euje pravd\u011bpodobnost nehod p\u0159i manipulaci s obil\u00edm. Zem\u011bd\u011blci mohou pracovat s jistotou, proto\u017ee v\u011bd\u00ed, \u017ee jejich za\u0159\u00edzen\u00ed je navr\u017eeno s ohledem na bezpe\u010dnost p\u0159i manipulaci s t\u011b\u017ek\u00fdmi b\u0159emeny.<\/li>\n<\/ul>\n<p>Stru\u010dn\u011b \u0159e\u010deno, kompaktn\u00ed konstrukce zvedac\u00edho v\u00e1lce z\u00e1sobn\u00edku obil\u00ed HCYY11112016 nejen zlep\u0161uje jeho integraci se zem\u011bd\u011blsk\u00fdmi stroji, ale tak\u00e9 p\u0159isp\u00edv\u00e1 ke zv\u00fd\u0161en\u00ed efektivity, bezpe\u010dnosti a p\u0159izp\u016fsobivosti. Volbou tohoto inovativn\u00edho v\u00e1lce investuj\u00ed zem\u011bd\u011blci do n\u00e1stroje, kter\u00fd maximalizuje v\u00fdkon a spolehlivost, co\u017e z n\u011bj \u010din\u00ed nezbytn\u00fd prvek pro modern\u00ed zem\u011bd\u011blsk\u00e9 provozy.<\/p>\n<h2><strong>V\u00fdrobn\u00ed oblast v\u00e1lc\u016f pro vysokozdvi\u017en\u00e9 voz\u00edky:<\/strong><\/h2>\n<h2><img loading=\"lazy\" decoding=\"async\" class=\"alignnone size-full wp-image-16972\" src=\"https:\/\/www.hydraulic-cylinders.net\/wp-content\/uploads\/2025\/01\/hydraulic-cylinder-factory-1-scaled.webp\" alt=\"\" width=\"2016\" height=\"2560\" srcset=\"https:\/\/www.hydraulic-cylinders.net\/wp-content\/uploads\/2025\/01\/hydraulic-cylinder-factory-1-scaled.webp 2016w, https:\/\/www.hydraulic-cylinders.net\/wp-content\/uploads\/2025\/01\/hydraulic-cylinder-factory-1-1280x1625.webp 1280w, https:\/\/www.hydraulic-cylinders.net\/wp-content\/uploads\/2025\/01\/hydraulic-cylinder-factory-1-980x1244.webp 980w, https:\/\/www.hydraulic-cylinders.net\/wp-content\/uploads\/2025\/01\/hydraulic-cylinder-factory-1-480x610.webp 480w\" sizes=\"(min-width: 0px) and (max-width: 480px) 480px, (min-width: 481px) and (max-width: 980px) 980px, (min-width: 981px) and (max-width: 1280px) 1280px, (min-width: 1281px) 2016px, 100vw\" \/><\/h2>\n<p>Py\u0161n\u00edme se nejmodern\u011bj\u0161\u00ed nez\u00e1vislou platformou v\u00fdzkumu a v\u00fdvoje zam\u011b\u0159enou na mont\u00e1\u017e, kter\u00e1 zaji\u0161\u0165uje \u0161pi\u010dkov\u00e9 inovace a kvalitu v na\u0161ich v\u00fdrobn\u00edch procesech. Na\u0161e d\u00edlna na v\u00fdrobu v\u00e1lc\u016f pro vysokozdvi\u017en\u00e9 voz\u00edky disponuje \u010dty\u0159mi poloautomatick\u00fdmi mont\u00e1\u017en\u00edmi linkami pro zdvihac\u00ed v\u00e1lce a pln\u011b automatickou mont\u00e1\u017en\u00ed linkou pro nakl\u00e1p\u011bc\u00ed v\u00e1lce, kter\u00e9 jsou dohromady navr\u017eeny tak, aby vyr\u00e1b\u011bly a\u017e jeden milion kus\u016f ro\u010dn\u011b.<\/p>\n<p>Na\u0161e specializovan\u00e1 d\u00edlna na v\u00fdrobu v\u00e1lc\u016f je nav\u00edc vybavena poloautomatick\u00fdmi \u010distic\u00edmi a mont\u00e1\u017en\u00edmi syst\u00e9my p\u0159izp\u016fsoben\u00fdmi r\u016fzn\u00fdm specifikac\u00edm s ro\u010dn\u00ed v\u00fdrobn\u00ed kapacitou 200 000 kus\u016f. Pro vysoce p\u0159esn\u00e9 zpracov\u00e1n\u00ed v\u00e1lc\u016f vyu\u017e\u00edv\u00e1me renomovan\u00e9 CNC za\u0159\u00edzen\u00ed, obr\u00e1b\u011bc\u00ed centra a specializovan\u00e9 n\u00e1stroje. Na\u0161e za\u0159\u00edzen\u00ed zahrnuje tak\u00e9 pokro\u010dil\u00e9 robotick\u00e9 sva\u0159ovac\u00ed stroje, automatick\u00e9 \u010distic\u00ed syst\u00e9my a pln\u011b automatizovan\u00e9 linky na mont\u00e1\u017e a lakov\u00e1n\u00ed v\u00e1lc\u016f. S v\u00edce ne\u017e 300 kl\u00ed\u010dov\u00fdmi za\u0159\u00edzen\u00edmi v provozu optimalizujeme alokaci zdroj\u016f a zaji\u0161\u0165ujeme efektivn\u00ed vyu\u017eit\u00ed p\u0159i spln\u011bn\u00ed p\u0159\u00edsn\u00fdch standard\u016f p\u0159esnosti a kvality.<\/p>\n<p>Na\u0161e obr\u00e1b\u011bc\u00ed d\u00edlna disponuje zak\u00e1zkov\u00fdmi soustru\u017enick\u00fdmi centry pro nakl\u00e1p\u011bc\u00ed vodic\u00ed li\u0161ty, obr\u00e1b\u011bc\u00edmi centry, vysokorychlostn\u00edmi honovac\u00edmi stroji, sva\u0159ovac\u00edmi roboty a dal\u0161\u00edm nezbytn\u00fdm vybaven\u00edm. Toto nastaven\u00ed n\u00e1m umo\u017e\u0148uje obr\u00e1b\u011bt v\u00e1lcov\u00e9 trubky s maxim\u00e1ln\u00edm vnit\u0159n\u00edm pr\u016fm\u011brem 400 mm a d\u00e9lkou a\u017e 6 metr\u016f, co\u017e d\u00e1le zvy\u0161uje na\u0161e v\u00fdrobn\u00ed kapacity.<\/p>\n<h2><img loading=\"lazy\" decoding=\"async\" class=\"alignnone size-full wp-image-16973\" src=\"https:\/\/www.hydraulic-cylinders.net\/wp-content\/uploads\/2025\/01\/hydraulic-cylinder-factory-2-scaled.webp\" alt=\"\" width=\"2011\" height=\"2560\" srcset=\"https:\/\/www.hydraulic-cylinders.net\/wp-content\/uploads\/2025\/01\/hydraulic-cylinder-factory-2-scaled.webp 2011w, https:\/\/www.hydraulic-cylinders.net\/wp-content\/uploads\/2025\/01\/hydraulic-cylinder-factory-2-1280x1629.webp 1280w, https:\/\/www.hydraulic-cylinders.net\/wp-content\/uploads\/2025\/01\/hydraulic-cylinder-factory-2-980x1248.webp 980w, https:\/\/www.hydraulic-cylinders.net\/wp-content\/uploads\/2025\/01\/hydraulic-cylinder-factory-2-480x611.webp 480w\" sizes=\"(min-width: 0px) and (max-width: 480px) 480px, (min-width: 481px) and (max-width: 980px) 980px, (min-width: 981px) and (max-width: 1280px) 1280px, (min-width: 1281px) 2011px, 100vw\" \/><\/h2>\n<p>Provozujeme pln\u011b automatickou linku na nan\u00e1\u0161en\u00ed barev na vodn\u00ed b\u00e1zi, speci\u00e1ln\u011b navr\u017eenou pro mal\u00e9 a st\u0159edn\u00ed tlakov\u00e9 lahve, s automatick\u00fdmi roboty pro nakl\u00e1d\u00e1n\u00ed, vykl\u00e1d\u00e1n\u00ed a st\u0159\u00edk\u00e1n\u00ed. Tento modern\u00ed syst\u00e9m se py\u0161n\u00ed v\u00fdrobn\u00ed kapacitou 4 000 kus\u016f za sm\u011bnu. Krom\u011b toho m\u00e1me poloautomatickou lakovac\u00ed linku pro velk\u00e9 tlakov\u00e9 lahve, poh\u00e1n\u011bnou \u0159et\u011bzov\u00fdm pohonem, s konstruk\u010dn\u00ed kapacitou 60 beden za sm\u011bnu.<\/p>\n<p>Abychom zlep\u0161ili v\u00fdkon produkt\u016f a upevnili na\u0161i vedouc\u00ed pozici v odv\u011btv\u00ed hydraulick\u00fdch v\u00e1lc\u016f, nav\u00e1zali jsme partnerstv\u00ed se spole\u010dnost\u00ed ZJIMEE a z\u0159\u00eddili komplexn\u00ed v\u00fdkonnostn\u00ed laborato\u0159 zam\u011b\u0159enou na hydraulick\u00e9 v\u00e1lce, ventily a \u010derpadla. Tato pokro\u010dil\u00e1 laborato\u0159 vyu\u017e\u00edv\u00e1 po\u010d\u00edta\u010dem podporovan\u00e9 testov\u00e1n\u00ed s elektrohydraulickou technologi\u00ed, co\u017e umo\u017e\u0148uje p\u0159ednastaven\u00e9 zku\u0161ebn\u00ed podm\u00ednky, kter\u00e9 zlep\u0161uj\u00ed p\u0159esnost a v\u0161estrannost syst\u00e9mu. Automatizovan\u00fd proces sb\u011bru dat vyu\u017e\u00edv\u00e1 senzory ke shroma\u017e\u010fov\u00e1n\u00ed v\u00fdstupn\u00edch dat, jako je vnit\u0159n\u00ed net\u011bsnost a \u00fa\u010dinnost zat\u00ed\u017een\u00ed, kter\u00e1 jsou pot\u00e9 zpracov\u00e1na po\u010d\u00edta\u010dem a p\u0159evedena na standardn\u00ed jednotky (ml\/min%).<\/p>\n<p>D\u00e1le pro zaji\u0161t\u011bn\u00ed bezpe\u010dnosti na\u0161ich hydraulick\u00fdch syst\u00e9m\u016f zav\u00e1d\u00edme monitorov\u00e1n\u00ed stavu kl\u00ed\u010dov\u00fdch v\u00fdkonnostn\u00edch parametr\u016f, v\u010detn\u011b teploty oleje, hladiny kapaliny a stavu filtra\u010dn\u00edho za\u0159\u00edzen\u00ed. Na\u0161e zku\u0161ebn\u00ed stanice pro hydraulick\u00e9 v\u00e1lce je schopna posoudit \u201e\u00fa\u010dinnost zat\u00ed\u017een\u00ed\u201c a \u201evnit\u0159n\u00ed net\u011bsnost\u201c pomoc\u00ed p\u0159esn\u00fdch \u00fadaj\u016f. Je tak\u00e9 vybavena m\u011b\u0159ic\u00edm p\u0159\u00edstrojem s m\u0159\u00ed\u017ekov\u00fdm prav\u00edtkem, kter\u00fd spl\u0148uje n\u00e1rodn\u00ed normy a zaji\u0161\u0165uje tak soulad se v\u0161emi zku\u0161ebn\u00edmi po\u017eadavky pro hydraulick\u00e9 v\u00e1lce.<\/p>\n<p>&nbsp;<\/p>","protected":false},"excerpt":{"rendered":"<p>HCYY11112016 Grain Tank Lifting Cylinder For Agricultural Machinery The HCYY11112016 Grain Tank Lifting Cylinder plays a crucial role in agricultural machinery, designed to boost the efficiency and effectiveness of grain handling operations. This hydraulic cylinder provides the power and precision required to raise and lower grain tanks smoothly, ensuring optimal performance during both harvest and [&hellip;]<\/p>","protected":false},"featured_media":17083,"comment_status":"open","ping_status":"closed","template":"","meta":{"_et_pb_use_builder":"","_et_pb_old_content":"","_et_gb_content_width":""},"product_brand":[],"product_cat":[1528,1549,1376],"product_tag":[],"class_list":{"0":"post-17074","1":"product","2":"type-product","3":"status-publish","4":"has-post-thumbnail","6":"product_cat-harvesting-machinery-hydraulic-cylinders","7":"product_cat-single-acting-hydraulic-cylinder","8":"product_cat-hydraulic-cylinder","10":"first","11":"instock","12":"shipping-taxable","13":"product-type-simple"},"amp_enabled":true,"_links":{"self":[{"href":"https:\/\/www.hydraulic-cylinders.net\/cs\/wp-json\/wp\/v2\/product\/17074","targetHints":{"allow":["GET"]}}],"collection":[{"href":"https:\/\/www.hydraulic-cylinders.net\/cs\/wp-json\/wp\/v2\/product"}],"about":[{"href":"https:\/\/www.hydraulic-cylinders.net\/cs\/wp-json\/wp\/v2\/types\/product"}],"replies":[{"embeddable":true,"href":"https:\/\/www.hydraulic-cylinders.net\/cs\/wp-json\/wp\/v2\/comments?post=17074"}],"wp:featuredmedia":[{"embeddable":true,"href":"https:\/\/www.hydraulic-cylinders.net\/cs\/wp-json\/wp\/v2\/media\/17083"}],"wp:attachment":[{"href":"https:\/\/www.hydraulic-cylinders.net\/cs\/wp-json\/wp\/v2\/media?parent=17074"}],"wp:term":[{"taxonomy":"product_brand","embeddable":true,"href":"https:\/\/www.hydraulic-cylinders.net\/cs\/wp-json\/wp\/v2\/product_brand?post=17074"},{"taxonomy":"product_cat","embeddable":true,"href":"https:\/\/www.hydraulic-cylinders.net\/cs\/wp-json\/wp\/v2\/product_cat?post=17074"},{"taxonomy":"product_tag","embeddable":true,"href":"https:\/\/www.hydraulic-cylinders.net\/cs\/wp-json\/wp\/v2\/product_tag?post=17074"}],"curies":[{"name":"wp","href":"https:\/\/api.w.org\/{rel}","templated":true}]}}