{"id":17084,"date":"2025-02-05T08:51:31","date_gmt":"2025-02-05T08:51:31","guid":{"rendered":"https:\/\/www.hydraulic-cylinders.net\/?post_type=product&#038;p=17084"},"modified":"2025-04-11T05:30:22","modified_gmt":"2025-04-11T05:30:22","slug":"hcyy11112017-towing-and-lifting-cylinder-for-agricultural-machinery","status":"publish","type":"product","link":"https:\/\/www.hydraulic-cylinders.net\/cs\/produkt\/hcyy11112017-towing-and-lifting-cylinder-for-agricultural-machinery\/","title":{"rendered":"HCYY11112017 Ta\u017en\u00fd a zvedac\u00ed v\u00e1lec pro zem\u011bd\u011blsk\u00e9 stroje"},"content":{"rendered":"<h1 style=\"text-align: center;\"><strong>HCYY11112017 Ta\u017en\u00fd a zvedac\u00ed v\u00e1lec pro zem\u011bd\u011blsk\u00e9 stroje<\/strong><\/h1>\n<h1 style=\"text-align: center;\"><img loading=\"lazy\" decoding=\"async\" class=\"alignnone size-full wp-image-17086\" src=\"https:\/\/www.hydraulic-cylinders.net\/wp-content\/uploads\/2025\/02\/hcyy11112017-towing-and-lifting-cylinder-2.webp\" alt=\"\" width=\"1495\" height=\"517\" srcset=\"https:\/\/www.hydraulic-cylinders.net\/wp-content\/uploads\/2025\/02\/hcyy11112017-towing-and-lifting-cylinder-2.webp 1495w, https:\/\/www.hydraulic-cylinders.net\/wp-content\/uploads\/2025\/02\/hcyy11112017-towing-and-lifting-cylinder-2-1280x443.webp 1280w, https:\/\/www.hydraulic-cylinders.net\/wp-content\/uploads\/2025\/02\/hcyy11112017-towing-and-lifting-cylinder-2-980x339.webp 980w, https:\/\/www.hydraulic-cylinders.net\/wp-content\/uploads\/2025\/02\/hcyy11112017-towing-and-lifting-cylinder-2-480x166.webp 480w\" sizes=\"(min-width: 0px) and (max-width: 480px) 480px, (min-width: 481px) and (max-width: 980px) 980px, (min-width: 981px) and (max-width: 1280px) 1280px, (min-width: 1281px) 1495px, 100vw\" \/><\/h1>\n<p>Ten\/Ta\/To <strong>HCYY11112017 Ta\u017en\u00fd a zvedac\u00ed v\u00e1lec<\/strong> je kl\u00ed\u010dovou sou\u010d\u00e1st\u00ed pro zem\u011bd\u011blsk\u00e9 a pr\u016fmyslov\u00e9 aplikace, navr\u017eenou pro v\u00fdjime\u010dn\u00fd v\u00fdkon p\u0159i ta\u017een\u00ed t\u011b\u017ek\u00fdch b\u0159emen a zved\u00e1n\u00ed za\u0159\u00edzen\u00ed. D\u00edky sv\u00e9 v\u0161estrannosti je nepostradateln\u00fdm n\u00e1strojem pro profesion\u00e1ly v ter\u00e9nu.<\/p>\n<p>Tento v\u00e1lec vynik\u00e1 jako spolehliv\u00e9 a efektivn\u00ed \u0159e\u0161en\u00ed pro r\u016fzn\u00e9 \u00fakoly ta\u017een\u00ed a zved\u00e1n\u00ed. D\u00edky vysok\u00e9 nosnosti, odoln\u00e9 konstrukci a kompaktn\u00edmu designu zvy\u0161uje schopnosti jak\u00e9hokoli strojn\u00edho parku. Dodr\u017eov\u00e1n\u00edm doporu\u010den\u00fdch pokyn\u016f pro pou\u017e\u00edv\u00e1n\u00ed a \u00fadr\u017ebu mohou u\u017eivatel\u00e9 optimalizovat v\u00fdkon v\u00e1lce a prodlou\u017eit jeho \u017eivotnost, \u010d\u00edm\u017e zajist\u00ed maxim\u00e1ln\u00ed efektivitu provozu.<\/p>\n<p>Investujte do HCYY11112017 a z\u00edskejte spolehliv\u00e9 \u0159e\u0161en\u00ed, kter\u00e9 efektivn\u011b spl\u0148uje v\u0161echny va\u0161e po\u017eadavky na ta\u017een\u00ed a zved\u00e1n\u00ed.<\/p>\n<h2><strong>Parametr ta\u017en\u00e9ho a zvedac\u00edho v\u00e1lce HCYY11112017:<\/strong><\/h2>\n<h1 style=\"text-align: center;\"><img loading=\"lazy\" decoding=\"async\" class=\"alignnone size-full wp-image-17085\" src=\"https:\/\/www.hydraulic-cylinders.net\/wp-content\/uploads\/2025\/02\/hcyy11112017-towing-and-lifting-cylinder-1.webp\" alt=\"\" width=\"1519\" height=\"151\" srcset=\"https:\/\/www.hydraulic-cylinders.net\/wp-content\/uploads\/2025\/02\/hcyy11112017-towing-and-lifting-cylinder-1.webp 1519w, https:\/\/www.hydraulic-cylinders.net\/wp-content\/uploads\/2025\/02\/hcyy11112017-towing-and-lifting-cylinder-1-1280x127.webp 1280w, https:\/\/www.hydraulic-cylinders.net\/wp-content\/uploads\/2025\/02\/hcyy11112017-towing-and-lifting-cylinder-1-980x97.webp 980w, https:\/\/www.hydraulic-cylinders.net\/wp-content\/uploads\/2025\/02\/hcyy11112017-towing-and-lifting-cylinder-1-480x48.webp 480w\" sizes=\"(min-width: 0px) and (max-width: 480px) 480px, (min-width: 481px) and (max-width: 980px) 980px, (min-width: 981px) and (max-width: 1280px) 1280px, (min-width: 1281px) 1519px, 100vw\" \/><img loading=\"lazy\" decoding=\"async\" class=\"alignnone size-full wp-image-17087\" src=\"https:\/\/www.hydraulic-cylinders.net\/wp-content\/uploads\/2025\/02\/hcyy11112017-towing-and-lifting-cylinder-3.webp\" alt=\"\" width=\"1474\" height=\"710\" srcset=\"https:\/\/www.hydraulic-cylinders.net\/wp-content\/uploads\/2025\/02\/hcyy11112017-towing-and-lifting-cylinder-3.webp 1474w, https:\/\/www.hydraulic-cylinders.net\/wp-content\/uploads\/2025\/02\/hcyy11112017-towing-and-lifting-cylinder-3-1280x617.webp 1280w, https:\/\/www.hydraulic-cylinders.net\/wp-content\/uploads\/2025\/02\/hcyy11112017-towing-and-lifting-cylinder-3-980x472.webp 980w, https:\/\/www.hydraulic-cylinders.net\/wp-content\/uploads\/2025\/02\/hcyy11112017-towing-and-lifting-cylinder-3-480x231.webp 480w\" sizes=\"(min-width: 0px) and (max-width: 480px) 480px, (min-width: 481px) and (max-width: 980px) 980px, (min-width: 981px) and (max-width: 1280px) 1280px, (min-width: 1281px) 1474px, 100vw\" \/> <img loading=\"lazy\" decoding=\"async\" class=\"alignnone size-full wp-image-17088\" src=\"https:\/\/www.hydraulic-cylinders.net\/wp-content\/uploads\/2025\/02\/hcyy11112017-towing-and-lifting-cylinder-4.webp\" alt=\"\" width=\"1480\" height=\"705\" srcset=\"https:\/\/www.hydraulic-cylinders.net\/wp-content\/uploads\/2025\/02\/hcyy11112017-towing-and-lifting-cylinder-4.webp 1480w, https:\/\/www.hydraulic-cylinders.net\/wp-content\/uploads\/2025\/02\/hcyy11112017-towing-and-lifting-cylinder-4-1280x610.webp 1280w, https:\/\/www.hydraulic-cylinders.net\/wp-content\/uploads\/2025\/02\/hcyy11112017-towing-and-lifting-cylinder-4-980x467.webp 980w, https:\/\/www.hydraulic-cylinders.net\/wp-content\/uploads\/2025\/02\/hcyy11112017-towing-and-lifting-cylinder-4-480x229.webp 480w\" sizes=\"(min-width: 0px) and (max-width: 480px) 480px, (min-width: 481px) and (max-width: 980px) 980px, (min-width: 981px) and (max-width: 1280px) 1280px, (min-width: 1281px) 1480px, 100vw\" \/> <img loading=\"lazy\" decoding=\"async\" class=\"alignnone size-full wp-image-17089\" src=\"https:\/\/www.hydraulic-cylinders.net\/wp-content\/uploads\/2025\/02\/hcyy11112017-towing-and-lifting-cylinder-5.webp\" alt=\"\" width=\"1394\" height=\"691\" srcset=\"https:\/\/www.hydraulic-cylinders.net\/wp-content\/uploads\/2025\/02\/hcyy11112017-towing-and-lifting-cylinder-5.webp 1394w, https:\/\/www.hydraulic-cylinders.net\/wp-content\/uploads\/2025\/02\/hcyy11112017-towing-and-lifting-cylinder-5-1280x634.webp 1280w, https:\/\/www.hydraulic-cylinders.net\/wp-content\/uploads\/2025\/02\/hcyy11112017-towing-and-lifting-cylinder-5-980x486.webp 980w, https:\/\/www.hydraulic-cylinders.net\/wp-content\/uploads\/2025\/02\/hcyy11112017-towing-and-lifting-cylinder-5-480x238.webp 480w\" sizes=\"(min-width: 0px) and (max-width: 480px) 480px, (min-width: 481px) and (max-width: 980px) 980px, (min-width: 981px) and (max-width: 1280px) 1280px, (min-width: 1281px) 1394px, 100vw\" \/><\/h1>\n<h2><strong>\u0158ada v\u00e1lc\u016f p\u00e1sov\u00e9ho je\u0159\u00e1bu:<\/strong><\/h2>\n<h2><img loading=\"lazy\" decoding=\"async\" class=\"alignnone size-full wp-image-17082\" src=\"https:\/\/www.hydraulic-cylinders.net\/wp-content\/uploads\/2025\/02\/cylinder-series-for-agricultural-machinery-1-1-scaled.webp\" alt=\"\" width=\"2066\" height=\"2560\" srcset=\"https:\/\/www.hydraulic-cylinders.net\/wp-content\/uploads\/2025\/02\/cylinder-series-for-agricultural-machinery-1-1-scaled.webp 2066w, https:\/\/www.hydraulic-cylinders.net\/wp-content\/uploads\/2025\/02\/cylinder-series-for-agricultural-machinery-1-1-1280x1586.webp 1280w, https:\/\/www.hydraulic-cylinders.net\/wp-content\/uploads\/2025\/02\/cylinder-series-for-agricultural-machinery-1-1-980x1214.webp 980w, https:\/\/www.hydraulic-cylinders.net\/wp-content\/uploads\/2025\/02\/cylinder-series-for-agricultural-machinery-1-1-480x595.webp 480w\" sizes=\"(min-width: 0px) and (max-width: 480px) 480px, (min-width: 481px) and (max-width: 980px) 980px, (min-width: 981px) and (max-width: 1280px) 1280px, (min-width: 1281px) 2066px, 100vw\" \/><\/h2>\n<h2><strong>Kl\u00ed\u010dov\u00e9 vlastnosti ta\u017en\u00e9ho a zvedac\u00edho v\u00e1lce HCYY11112017:<\/strong><\/h2>\n<p>Ten\/Ta\/To <strong>HCYY11112017 Ta\u017en\u00fd a zvedac\u00ed v\u00e1lec<\/strong> se m\u016f\u017ee pochlubit n\u011bkolika kl\u00ed\u010dov\u00fdmi funkcemi, kter\u00e9 v\u00fdrazn\u011b zvy\u0161uj\u00ed jeho funk\u010dnost a atraktivitu:<\/p>\n<h4><strong>Vysok\u00e1 nosnost<\/strong><\/h4>\n<p>Tento v\u00e1lec je navr\u017een tak, aby bez n\u00e1mahy zvl\u00e1dal zna\u010dn\u00e9 hmotnosti, a je tak ide\u00e1ln\u00ed pro n\u00e1ro\u010dn\u00e9 aplikace. Jeho p\u016fsobiv\u00e1 nosnost zaji\u0161\u0165uje bezpe\u010dn\u00e9 a efektivn\u00ed ta\u017een\u00ed a zved\u00e1n\u00ed, co\u017e u\u017eivatel\u016fm umo\u017e\u0148uje bez v\u00e1h\u00e1n\u00ed zvl\u00e1dat n\u00e1ro\u010dn\u00e9 \u00fakoly. A\u0165 u\u017e se jedn\u00e1 o zved\u00e1n\u00ed velk\u00fdch zem\u011bd\u011blsk\u00fdch stroj\u016f nebo ta\u017een\u00ed t\u011b\u017ek\u00fdch p\u0159\u00edv\u011bs\u016f, tento v\u00e1lec poskytuje s\u00edlu pot\u0159ebnou k efektivn\u00edmu proveden\u00ed pr\u00e1ce.<\/p>\n<h4><strong>Odoln\u00e1 konstrukce<\/strong><\/h4>\n<p>Model HCYY11112017 je vyroben z vysoce pevn\u00fdch materi\u00e1l\u016f a je navr\u017een tak, aby odol\u00e1val opot\u0159eben\u00ed i v t\u011bch nejn\u00e1ro\u010dn\u011bj\u0161\u00edch prost\u0159ed\u00edch. Jeho robustn\u00ed konstrukce chr\u00e1n\u00ed p\u0159ed n\u00e1strahami ka\u017edodenn\u00edho pou\u017e\u00edv\u00e1n\u00ed a zaji\u0161\u0165uje dlouhou \u017eivotnost. Tato odolnost se prom\u00edt\u00e1 do men\u0161\u00edho po\u010dtu v\u00fdm\u011bn a oprav, co\u017e u\u017eivatel\u016fm nab\u00edz\u00ed klid a dlouhodobou \u00fasporu n\u00e1klad\u016f.<\/p>\n<h4><strong>Odolnost proti korozi<\/strong><\/h4>\n<p>V\u00e1lec se vyzna\u010duje pokro\u010dilou povrchovou \u00fapravou, kter\u00e1 jej chr\u00e1n\u00ed p\u0159ed reziv\u011bn\u00edm a koroz\u00ed. Tato kl\u00ed\u010dov\u00e1 vlastnost je obzvl\u00e1\u0161t\u011b v\u00fdhodn\u00e1 v zem\u011bd\u011blsk\u00e9m a pr\u016fmyslov\u00e9m prost\u0159ed\u00ed, kde je b\u011b\u017en\u00e9 vystaven\u00ed vlhkosti a agresivn\u00edm chemik\u00e1li\u00edm. Prodlou\u017een\u00edm \u017eivotnosti v\u00e1lce a zachov\u00e1n\u00edm spolehlivosti zaji\u0161\u0165uje tato odolnost proti korozi, \u017ee HCYY11112017 z\u016fstane d\u016fv\u011bryhodn\u00fdm n\u00e1strojem po dlouhou dobu.<\/p>\n<h4><strong>Kompaktn\u00ed design<\/strong><\/h4>\n<p>Jeho prostorov\u011b \u00fasporn\u00e1 konstrukce umo\u017e\u0148uje snadnou integraci do st\u00e1vaj\u00edc\u00edch stroj\u016f bez kompromis\u016f ve v\u00fdkonu. Tato kompaktn\u00ed konstrukce je obzvl\u00e1\u0161t\u011b v\u00fdhodn\u00e1 pro provozy s omezen\u00fdm prostorem, co\u017e u\u017eivatel\u016fm umo\u017e\u0148uje maximalizovat mo\u017enosti jejich za\u0159\u00edzen\u00ed. Mal\u00e9 rozm\u011bry v\u00e1lce nesni\u017euj\u00ed v\u00fdkon, co\u017e z n\u011bj \u010din\u00ed praktickou volbu pro rozmanit\u00e9 aplikace.<\/p>\n<h4><strong>P\u0159esn\u00e9 stroj\u00edrenstv\u00ed<\/strong><\/h4>\n<p>Vyrobeno s p\u0159esn\u00fdmi tolerancemi, HCYY11112017 zaru\u010duje plynul\u00fd provoz a p\u0159esn\u00e9 polohov\u00e1n\u00ed n\u00e1kladu. Toto p\u0159esn\u00e9 konstruk\u010dn\u00ed \u0159e\u0161en\u00ed zvy\u0161uje celkov\u00fd v\u00fdkon a zaji\u0161\u0165uje, \u017ee n\u00e1klady jsou zved\u00e1v\u00e1ny a ta\u017eeny s v\u00fdjime\u010dnou kontrolou. U\u017eivatel\u00e9 se mohou na tuto p\u0159esnost spolehnout, \u017ee dos\u00e1hnou optim\u00e1ln\u00edch v\u00fdsledk\u016f p\u0159i sv\u00fdch \u00fakolech, co\u017e podpo\u0159\u00ed efektivitu a bezpe\u010dnost provozu.<\/p>\n<p>Stru\u010dn\u011b \u0159e\u010deno, ta\u017en\u00fd a zvedac\u00ed v\u00e1lec HCYY11112017 kombinuje vysokou nosnost, odolnou konstrukci, odolnost proti korozi, kompaktn\u00ed design a p\u0159esn\u00e9 zpracov\u00e1n\u00ed. Tyto vlastnosti nejen zvy\u0161uj\u00ed jeho funk\u010dnost, ale tak\u00e9 z n\u011bj \u010din\u00ed spolehliv\u00fd n\u00e1stroj pro jak\u00e9koli zem\u011bd\u011blsk\u00e9 nebo pr\u016fmyslov\u00e9 aplikace, co\u017e u\u017eivatel\u016fm umo\u017e\u0148uje s jistotou zvl\u00e1dat i ty nejn\u00e1ro\u010dn\u011bj\u0161\u00ed v\u00fdzvy.<\/p>\n<h2><strong>Jak kompaktn\u00ed konstrukce ta\u017en\u00e9ho a zvedac\u00edho v\u00e1lce HCYY11112017 zlep\u0161uje jeho pou\u017eitelnost ve st\u00edsn\u011bn\u00fdch prostorech?<\/strong><\/h2>\n<p>Ten\/Ta\/To <strong>kompaktn\u00ed design<\/strong> z <strong>HCYY11112017 Ta\u017en\u00fd a zvedac\u00ed v\u00e1lec<\/strong> v\u00fdrazn\u011b zvy\u0161uje jeho pou\u017eitelnost ve st\u00edsn\u011bn\u00fdch prostorech a nab\u00edz\u00ed n\u011bkolik kl\u00ed\u010dov\u00fdch v\u00fdhod:<\/p>\n<h4><strong>Prostorov\u00e1 efektivita<\/strong><\/h4>\n<ul>\n<li><strong>Minim\u00e1ln\u00ed zastav\u011bn\u00e1 plocha<\/strong>Men\u0161\u00ed rozm\u011bry v\u00e1lce umo\u017e\u0148uj\u00ed jeho um\u00edst\u011bn\u00ed v omezen\u00fdch prostor\u00e1ch, kde by v\u011bt\u0161\u00ed modely byly nepraktick\u00e9. Tato prostorov\u00e1 efektivita maximalizuje vyu\u017eit\u00ed dostupn\u00e9ho prostoru v sestav\u00e1ch stroj\u016f, co\u017e z n\u011bj \u010din\u00ed vynikaj\u00edc\u00ed volbu pro kompaktn\u00ed za\u0159\u00edzen\u00ed.<\/li>\n<\/ul>\n<h4><strong>Zlep\u0161en\u00e1 man\u00e9vrovatelnost<\/strong><\/h4>\n<ul>\n<li><strong>Agilita v provozu<\/strong>Jeho lehk\u00e1 a kompaktn\u00ed konstrukce usnad\u0148uje pohyb a se\u0159izov\u00e1n\u00ed v \u00fazk\u00fdch prostorech. Obsluha se m\u016f\u017ee sn\u00e1ze pohybovat kolem p\u0159ek\u00e1\u017eek, co\u017e umo\u017e\u0148uje flexibiln\u011bj\u0161\u00ed provoz v p\u0159epln\u011bn\u00fdch nebo omezen\u00fdch prostorech.<\/li>\n<\/ul>\n<h4><strong>V\u0161estrann\u00e1 integrace<\/strong><\/h4>\n<ul>\n<li><strong>Bezprobl\u00e9mov\u00e1 kompatibilita<\/strong>HCYY11112017 je navr\u017een pro snadnou integraci s nejr\u016fzn\u011bj\u0161\u00edmi za\u0159\u00edzen\u00edmi. Tato v\u0161estrannost umo\u017e\u0148uje u\u017eivatel\u016fm za\u010dlenit v\u00e1lec do st\u00e1vaj\u00edc\u00edch strojn\u00edch za\u0159\u00edzen\u00ed bez nutnosti rozs\u00e1hl\u00fdch \u00faprav, co\u017e \u0161et\u0159\u00ed \u010das a \u00fasil\u00ed b\u011bhem instalace.<\/li>\n<\/ul>\n<h4><strong>Zv\u00fd\u0161en\u00e1 stabilita<\/strong><\/h4>\n<ul>\n<li><strong>Ni\u017e\u0161\u00ed t\u011b\u017ei\u0161t\u011b<\/strong>Kompaktn\u00ed konstrukce p\u0159isp\u00edv\u00e1 k ni\u017e\u0161\u00edmu t\u011b\u017ei\u0161ti, co\u017e zvy\u0161uje stabilitu b\u011bhem provozu. To je obzvl\u00e1\u0161t\u011b v\u00fdhodn\u00e9 v \u00fazk\u00e9m nebo nerovn\u00e9m ter\u00e9nu, kde se sni\u017euje riziko p\u0159evr\u00e1cen\u00ed a zaji\u0161\u0165uje bezpe\u010dn\u011bj\u0161\u00ed procesy zved\u00e1n\u00ed a ta\u017een\u00ed.<\/li>\n<\/ul>\n<h4><strong>Zjednodu\u0161en\u00e1 obsluha<\/strong><\/h4>\n<ul>\n<li><strong>Snadnost p\u0159\u00edstupu<\/strong>Obsluha m\u016f\u017ee snadno dos\u00e1hnout na v\u00e1lec a ovl\u00e1dat ho i ve st\u00edsn\u011bn\u00fdch pracovn\u00edch podm\u00ednk\u00e1ch. Tato dostupnost zvy\u0161uje bezpe\u010dnost a efektivitu a umo\u017e\u0148uje u\u017eivatel\u016fm vykon\u00e1vat \u00fakoly bez zbyte\u010dn\u00e9 n\u00e1mahy nebo obt\u00ed\u017e\u00ed.<\/li>\n<\/ul>\n<h4><strong>Zv\u00fd\u0161en\u00e1 produktivita<\/strong><\/h4>\n<ul>\n<li><strong>Rychlej\u0161\u00ed vy\u0159\u00edzen\u00ed<\/strong>Kombinace man\u00e9vrovatelnosti, stability a snadn\u00e9ho p\u0159\u00edstupu umo\u017e\u0148uje rychlej\u0161\u00ed nastaven\u00ed a prov\u00e1d\u011bn\u00ed \u00fakol\u016f. Tato zv\u00fd\u0161en\u00e1 produktivita je nezbytn\u00e1 v ru\u0161n\u00e9m prost\u0159ed\u00ed, kde je \u010das kl\u00ed\u010dov\u00fd.<\/li>\n<\/ul>\n<h4><strong>P\u0159izp\u016fsobivost r\u016fzn\u00fdm aplikac\u00edm<\/strong><\/h4>\n<ul>\n<li><strong>Multifunk\u010dn\u00ed pou\u017eit\u00ed<\/strong>Kompaktn\u00ed konstrukce je vhodn\u00e1 pro \u0161irokou \u0161k\u00e1lu aplikac\u00ed, od zem\u011bd\u011blsk\u00e9ho prost\u0159ed\u00ed a\u017e po pr\u016fmyslov\u00e9 prost\u0159ed\u00ed. Tato p\u0159izp\u016fsobivost znamen\u00e1, \u017ee HCYY11112017 lze vyu\u017e\u00edt v r\u016fzn\u00fdch projektech bez kompromis\u016f v oblasti v\u00fdkonu.<\/li>\n<\/ul>\n<p>Stru\u010dn\u011b \u0159e\u010deno, kompaktn\u00ed konstrukce ta\u017en\u00e9ho a zvedac\u00edho v\u00e1lce HCYY11112017 nejen zlep\u0161uje pou\u017eitelnost ve st\u00edsn\u011bn\u00fdch prostorech, ale tak\u00e9 p\u0159isp\u00edv\u00e1 k celkov\u00e9 provozn\u00ed efektivit\u011b. D\u00edky kombinaci prostorov\u00e9 efektivity, vylep\u0161en\u00e9 man\u00e9vrovatelnosti, v\u0161estrann\u00e9 integrace, zv\u00fd\u0161en\u00e9 stability a snadn\u00e9ho p\u0159\u00edstupu se tento v\u00e1lec jev\u00ed jako neoceniteln\u00fd p\u0159\u00ednos pro profesion\u00e1ly pracuj\u00edc\u00ed ve st\u00edsn\u011bn\u00fdch prostor\u00e1ch.<\/p>\n<h2><strong>V\u00fdrobn\u00ed oblast v\u00e1lc\u016f pro vysokozdvi\u017en\u00e9 voz\u00edky:<\/strong><\/h2>\n<h2><img loading=\"lazy\" decoding=\"async\" class=\"alignnone size-full wp-image-16972\" src=\"https:\/\/www.hydraulic-cylinders.net\/wp-content\/uploads\/2025\/01\/hydraulic-cylinder-factory-1-scaled.webp\" alt=\"\" width=\"2016\" height=\"2560\" srcset=\"https:\/\/www.hydraulic-cylinders.net\/wp-content\/uploads\/2025\/01\/hydraulic-cylinder-factory-1-scaled.webp 2016w, https:\/\/www.hydraulic-cylinders.net\/wp-content\/uploads\/2025\/01\/hydraulic-cylinder-factory-1-1280x1625.webp 1280w, https:\/\/www.hydraulic-cylinders.net\/wp-content\/uploads\/2025\/01\/hydraulic-cylinder-factory-1-980x1244.webp 980w, https:\/\/www.hydraulic-cylinders.net\/wp-content\/uploads\/2025\/01\/hydraulic-cylinder-factory-1-480x610.webp 480w\" sizes=\"(min-width: 0px) and (max-width: 480px) 480px, (min-width: 481px) and (max-width: 980px) 980px, (min-width: 981px) and (max-width: 1280px) 1280px, (min-width: 1281px) 2016px, 100vw\" \/><\/h2>\n<p>Py\u0161n\u00edme se nejmodern\u011bj\u0161\u00ed nez\u00e1vislou platformou v\u00fdzkumu a v\u00fdvoje zam\u011b\u0159enou na mont\u00e1\u017e, kter\u00e1 zaji\u0161\u0165uje \u0161pi\u010dkov\u00e9 inovace a kvalitu v na\u0161ich v\u00fdrobn\u00edch procesech. Na\u0161e d\u00edlna na v\u00fdrobu v\u00e1lc\u016f pro vysokozdvi\u017en\u00e9 voz\u00edky disponuje \u010dty\u0159mi poloautomatick\u00fdmi mont\u00e1\u017en\u00edmi linkami pro zdvihac\u00ed v\u00e1lce a pln\u011b automatickou mont\u00e1\u017en\u00ed linkou pro nakl\u00e1p\u011bc\u00ed v\u00e1lce, kter\u00e9 jsou dohromady navr\u017eeny tak, aby vyr\u00e1b\u011bly a\u017e jeden milion kus\u016f ro\u010dn\u011b.<\/p>\n<p>Na\u0161e specializovan\u00e1 d\u00edlna na v\u00fdrobu v\u00e1lc\u016f je nav\u00edc vybavena poloautomatick\u00fdmi \u010distic\u00edmi a mont\u00e1\u017en\u00edmi syst\u00e9my p\u0159izp\u016fsoben\u00fdmi r\u016fzn\u00fdm specifikac\u00edm s ro\u010dn\u00ed v\u00fdrobn\u00ed kapacitou 200 000 kus\u016f. Pro vysoce p\u0159esn\u00e9 zpracov\u00e1n\u00ed v\u00e1lc\u016f vyu\u017e\u00edv\u00e1me renomovan\u00e9 CNC za\u0159\u00edzen\u00ed, obr\u00e1b\u011bc\u00ed centra a specializovan\u00e9 n\u00e1stroje. Na\u0161e za\u0159\u00edzen\u00ed zahrnuje tak\u00e9 pokro\u010dil\u00e9 robotick\u00e9 sva\u0159ovac\u00ed stroje, automatick\u00e9 \u010distic\u00ed syst\u00e9my a pln\u011b automatizovan\u00e9 linky na mont\u00e1\u017e a lakov\u00e1n\u00ed v\u00e1lc\u016f. S v\u00edce ne\u017e 300 kl\u00ed\u010dov\u00fdmi za\u0159\u00edzen\u00edmi v provozu optimalizujeme alokaci zdroj\u016f a zaji\u0161\u0165ujeme efektivn\u00ed vyu\u017eit\u00ed p\u0159i spln\u011bn\u00ed p\u0159\u00edsn\u00fdch standard\u016f p\u0159esnosti a kvality.<\/p>\n<p>Na\u0161e obr\u00e1b\u011bc\u00ed d\u00edlna disponuje zak\u00e1zkov\u00fdmi soustru\u017enick\u00fdmi centry pro nakl\u00e1p\u011bc\u00ed vodic\u00ed li\u0161ty, obr\u00e1b\u011bc\u00edmi centry, vysokorychlostn\u00edmi honovac\u00edmi stroji, sva\u0159ovac\u00edmi roboty a dal\u0161\u00edm nezbytn\u00fdm vybaven\u00edm. Toto nastaven\u00ed n\u00e1m umo\u017e\u0148uje obr\u00e1b\u011bt v\u00e1lcov\u00e9 trubky s maxim\u00e1ln\u00edm vnit\u0159n\u00edm pr\u016fm\u011brem 400 mm a d\u00e9lkou a\u017e 6 metr\u016f, co\u017e d\u00e1le zvy\u0161uje na\u0161e v\u00fdrobn\u00ed kapacity.<\/p>\n<h2><img loading=\"lazy\" decoding=\"async\" class=\"alignnone size-full wp-image-16973\" src=\"https:\/\/www.hydraulic-cylinders.net\/wp-content\/uploads\/2025\/01\/hydraulic-cylinder-factory-2-scaled.webp\" alt=\"\" width=\"2011\" height=\"2560\" srcset=\"https:\/\/www.hydraulic-cylinders.net\/wp-content\/uploads\/2025\/01\/hydraulic-cylinder-factory-2-scaled.webp 2011w, https:\/\/www.hydraulic-cylinders.net\/wp-content\/uploads\/2025\/01\/hydraulic-cylinder-factory-2-1280x1629.webp 1280w, https:\/\/www.hydraulic-cylinders.net\/wp-content\/uploads\/2025\/01\/hydraulic-cylinder-factory-2-980x1248.webp 980w, https:\/\/www.hydraulic-cylinders.net\/wp-content\/uploads\/2025\/01\/hydraulic-cylinder-factory-2-480x611.webp 480w\" sizes=\"(min-width: 0px) and (max-width: 480px) 480px, (min-width: 481px) and (max-width: 980px) 980px, (min-width: 981px) and (max-width: 1280px) 1280px, (min-width: 1281px) 2011px, 100vw\" \/><\/h2>\n<p>Provozujeme pln\u011b automatickou linku na nan\u00e1\u0161en\u00ed barev na vodn\u00ed b\u00e1zi, speci\u00e1ln\u011b navr\u017eenou pro mal\u00e9 a st\u0159edn\u00ed tlakov\u00e9 lahve, s automatick\u00fdmi roboty pro nakl\u00e1d\u00e1n\u00ed, vykl\u00e1d\u00e1n\u00ed a st\u0159\u00edk\u00e1n\u00ed. Tento modern\u00ed syst\u00e9m se py\u0161n\u00ed v\u00fdrobn\u00ed kapacitou 4 000 kus\u016f za sm\u011bnu. Krom\u011b toho m\u00e1me poloautomatickou lakovac\u00ed linku pro velk\u00e9 tlakov\u00e9 lahve, poh\u00e1n\u011bnou \u0159et\u011bzov\u00fdm pohonem, s konstruk\u010dn\u00ed kapacitou 60 beden za sm\u011bnu.<\/p>\n<p>Abychom zlep\u0161ili v\u00fdkon produkt\u016f a upevnili na\u0161i vedouc\u00ed pozici v odv\u011btv\u00ed hydraulick\u00fdch v\u00e1lc\u016f, nav\u00e1zali jsme partnerstv\u00ed se spole\u010dnost\u00ed ZJIMEE a z\u0159\u00eddili komplexn\u00ed v\u00fdkonnostn\u00ed laborato\u0159 zam\u011b\u0159enou na hydraulick\u00e9 v\u00e1lce, ventily a \u010derpadla. Tato pokro\u010dil\u00e1 laborato\u0159 vyu\u017e\u00edv\u00e1 po\u010d\u00edta\u010dem podporovan\u00e9 testov\u00e1n\u00ed s elektrohydraulickou technologi\u00ed, co\u017e umo\u017e\u0148uje p\u0159ednastaven\u00e9 zku\u0161ebn\u00ed podm\u00ednky, kter\u00e9 zlep\u0161uj\u00ed p\u0159esnost a v\u0161estrannost syst\u00e9mu. Automatizovan\u00fd proces sb\u011bru dat vyu\u017e\u00edv\u00e1 senzory ke shroma\u017e\u010fov\u00e1n\u00ed v\u00fdstupn\u00edch dat, jako je vnit\u0159n\u00ed net\u011bsnost a \u00fa\u010dinnost zat\u00ed\u017een\u00ed, kter\u00e1 jsou pot\u00e9 zpracov\u00e1na po\u010d\u00edta\u010dem a p\u0159evedena na standardn\u00ed jednotky (ml\/min%).<\/p>\n<p>D\u00e1le pro zaji\u0161t\u011bn\u00ed bezpe\u010dnosti na\u0161ich hydraulick\u00fdch syst\u00e9m\u016f zav\u00e1d\u00edme monitorov\u00e1n\u00ed stavu kl\u00ed\u010dov\u00fdch v\u00fdkonnostn\u00edch parametr\u016f, v\u010detn\u011b teploty oleje, hladiny kapaliny a stavu filtra\u010dn\u00edho za\u0159\u00edzen\u00ed. Na\u0161e zku\u0161ebn\u00ed stanice pro hydraulick\u00e9 v\u00e1lce je schopna posoudit \u201e\u00fa\u010dinnost zat\u00ed\u017een\u00ed\u201c a \u201evnit\u0159n\u00ed net\u011bsnost\u201c pomoc\u00ed p\u0159esn\u00fdch \u00fadaj\u016f. Je tak\u00e9 vybavena m\u011b\u0159ic\u00edm p\u0159\u00edstrojem s m\u0159\u00ed\u017ekov\u00fdm prav\u00edtkem, kter\u00fd spl\u0148uje n\u00e1rodn\u00ed normy a zaji\u0161\u0165uje tak soulad se v\u0161emi zku\u0161ebn\u00edmi po\u017eadavky pro hydraulick\u00e9 v\u00e1lce.<\/p>\n<p>&nbsp;<\/p>","protected":false},"excerpt":{"rendered":"<p>HCYY11112017 Towing And Lifting Cylinder For Agricultural Machinery The HCYY11112017 Towing and Lifting Cylinder is a crucial component for agricultural and industrial applications, designed for exceptional performance in towing heavy loads and lifting equipment. Its versatility makes it an indispensable tool for professionals in the field. This cylinder excels as a reliable and efficient solution [&hellip;]<\/p>","protected":false},"featured_media":17090,"comment_status":"open","ping_status":"closed","template":"","meta":{"_et_pb_use_builder":"","_et_pb_old_content":"","_et_gb_content_width":""},"product_brand":[],"product_cat":[1550,1529],"product_tag":[],"class_list":{"0":"post-17084","1":"product","2":"type-product","3":"status-publish","4":"has-post-thumbnail","6":"product_cat-double-acting-hydraulic-cylinder","7":"product_cat-tractor-hydraulic-cylinders","9":"first","10":"instock","11":"shipping-taxable","12":"product-type-simple"},"amp_enabled":true,"_links":{"self":[{"href":"https:\/\/www.hydraulic-cylinders.net\/cs\/wp-json\/wp\/v2\/product\/17084","targetHints":{"allow":["GET"]}}],"collection":[{"href":"https:\/\/www.hydraulic-cylinders.net\/cs\/wp-json\/wp\/v2\/product"}],"about":[{"href":"https:\/\/www.hydraulic-cylinders.net\/cs\/wp-json\/wp\/v2\/types\/product"}],"replies":[{"embeddable":true,"href":"https:\/\/www.hydraulic-cylinders.net\/cs\/wp-json\/wp\/v2\/comments?post=17084"}],"wp:featuredmedia":[{"embeddable":true,"href":"https:\/\/www.hydraulic-cylinders.net\/cs\/wp-json\/wp\/v2\/media\/17090"}],"wp:attachment":[{"href":"https:\/\/www.hydraulic-cylinders.net\/cs\/wp-json\/wp\/v2\/media?parent=17084"}],"wp:term":[{"taxonomy":"product_brand","embeddable":true,"href":"https:\/\/www.hydraulic-cylinders.net\/cs\/wp-json\/wp\/v2\/product_brand?post=17084"},{"taxonomy":"product_cat","embeddable":true,"href":"https:\/\/www.hydraulic-cylinders.net\/cs\/wp-json\/wp\/v2\/product_cat?post=17084"},{"taxonomy":"product_tag","embeddable":true,"href":"https:\/\/www.hydraulic-cylinders.net\/cs\/wp-json\/wp\/v2\/product_tag?post=17084"}],"curies":[{"name":"wp","href":"https:\/\/api.w.org\/{rel}","templated":true}]}}