{"id":17140,"date":"2025-02-07T02:31:10","date_gmt":"2025-02-07T02:31:10","guid":{"rendered":"https:\/\/www.hydraulic-cylinders.net\/?post_type=product&#038;p=17140"},"modified":"2025-04-11T01:52:02","modified_gmt":"2025-04-11T01:52:02","slug":"hcyy11112027-behind-cylinder-for-frame-support-for-truck-cranes","status":"publish","type":"product","link":"https:\/\/www.hydraulic-cylinders.net\/cs\/produkt\/hcyy11112027-behind-cylinder-for-frame-support-for-truck-cranes\/","title":{"rendered":"HCYY11112027 Za v\u00e1lcem pro podp\u011bru r\u00e1mu pro autoje\u0159\u00e1by"},"content":{"rendered":"<h1 style=\"text-align: center;\"><strong>HCYY11112027 Za v\u00e1lcem pro podp\u011bru r\u00e1mu pro autoje\u0159\u00e1by<\/strong><\/h1>\n<h1 style=\"text-align: center;\"><img loading=\"lazy\" decoding=\"async\" class=\"alignnone size-full wp-image-17142\" src=\"https:\/\/www.hydraulic-cylinders.net\/wp-content\/uploads\/2025\/02\/hcyy11112027-behind-cylinder-for-frame-support-2.webp\" alt=\"\" width=\"1496\" height=\"517\" srcset=\"https:\/\/www.hydraulic-cylinders.net\/wp-content\/uploads\/2025\/02\/hcyy11112027-behind-cylinder-for-frame-support-2.webp 1496w, https:\/\/www.hydraulic-cylinders.net\/wp-content\/uploads\/2025\/02\/hcyy11112027-behind-cylinder-for-frame-support-2-1280x442.webp 1280w, https:\/\/www.hydraulic-cylinders.net\/wp-content\/uploads\/2025\/02\/hcyy11112027-behind-cylinder-for-frame-support-2-980x339.webp 980w, https:\/\/www.hydraulic-cylinders.net\/wp-content\/uploads\/2025\/02\/hcyy11112027-behind-cylinder-for-frame-support-2-480x166.webp 480w\" sizes=\"(min-width: 0px) and (max-width: 480px) 480px, (min-width: 481px) and (max-width: 980px) 980px, (min-width: 981px) and (max-width: 1280px) 1280px, (min-width: 1281px) 1496px, 100vw\" \/><\/h1>\n<p>Ten\/Ta\/To <strong>Za v\u00e1lcem pro podp\u011bru r\u00e1mu pro autoje\u0159\u00e1by<\/strong> je kl\u00ed\u010dovou sou\u010d\u00e1st\u00ed, kter\u00e1 v\u00fdrazn\u011b zlep\u0161uje stabilitu a provozn\u00ed efektivitu autoje\u0159\u00e1b\u016f. Tento robustn\u00ed v\u00e1lec je nezbytn\u00fd pro podep\u0159en\u00ed r\u00e1mu je\u0159\u00e1bu a umo\u017e\u0148uje bezpe\u010dnou a efektivn\u00ed manipulaci s t\u011b\u017ek\u00fdmi b\u0159emeny.<\/p>\n<p>D\u00edky vysok\u00e9 nosnosti, odoln\u00e9 konstrukci a snadn\u00e9 instalaci zvy\u0161uje v\u00e1lec za je\u0159\u00e1bem stabilitu i bezpe\u010dnost b\u011bhem zdvihac\u00edch operac\u00ed. Dodr\u017eov\u00e1n\u00ed spr\u00e1vn\u00fdch postup\u016f pou\u017e\u00edv\u00e1n\u00ed a \u00fadr\u017eby zaji\u0161\u0165uje spolehliv\u00fd v\u00fdkon a prodlu\u017euje \u017eivotnost tohoto nezbytn\u00e9ho za\u0159\u00edzen\u00ed.<\/p>\n<p>Investice do tohoto v\u00e1lce nejen zvy\u0161uje provozn\u00ed efektivitu, ale tak\u00e9 zvy\u0161uje bezpe\u010dnost na pracovi\u0161ti, co\u017e z n\u011bj \u010din\u00ed nepostradatelnou volbu pro jakoukoli je\u0159\u00e1bnickou pr\u00e1ci.<\/p>\n<h2><strong>HCYY11112027 Za v\u00e1lcem pro podp\u011bru r\u00e1mu pro autoje\u0159\u00e1by Parametr:<\/strong><\/h2>\n<h1 style=\"text-align: center;\"><img loading=\"lazy\" decoding=\"async\" class=\"alignnone size-full wp-image-17141\" src=\"https:\/\/www.hydraulic-cylinders.net\/wp-content\/uploads\/2025\/02\/hcyy11112027-behind-cylinder-for-frame-support-1.webp\" alt=\"\" width=\"1514\" height=\"145\" srcset=\"https:\/\/www.hydraulic-cylinders.net\/wp-content\/uploads\/2025\/02\/hcyy11112027-behind-cylinder-for-frame-support-1.webp 1514w, https:\/\/www.hydraulic-cylinders.net\/wp-content\/uploads\/2025\/02\/hcyy11112027-behind-cylinder-for-frame-support-1-1280x123.webp 1280w, https:\/\/www.hydraulic-cylinders.net\/wp-content\/uploads\/2025\/02\/hcyy11112027-behind-cylinder-for-frame-support-1-980x94.webp 980w, https:\/\/www.hydraulic-cylinders.net\/wp-content\/uploads\/2025\/02\/hcyy11112027-behind-cylinder-for-frame-support-1-480x46.webp 480w\" sizes=\"(min-width: 0px) and (max-width: 480px) 480px, (min-width: 481px) and (max-width: 980px) 980px, (min-width: 981px) and (max-width: 1280px) 1280px, (min-width: 1281px) 1514px, 100vw\" \/><\/h1>\n<h1 style=\"text-align: center;\"><img loading=\"lazy\" decoding=\"async\" class=\"alignnone size-full wp-image-17143\" src=\"https:\/\/www.hydraulic-cylinders.net\/wp-content\/uploads\/2025\/02\/hcyy11112027-behind-cylinder-for-frame-support-3.webp\" alt=\"\" width=\"1476\" height=\"710\" srcset=\"https:\/\/www.hydraulic-cylinders.net\/wp-content\/uploads\/2025\/02\/hcyy11112027-behind-cylinder-for-frame-support-3.webp 1476w, https:\/\/www.hydraulic-cylinders.net\/wp-content\/uploads\/2025\/02\/hcyy11112027-behind-cylinder-for-frame-support-3-1280x616.webp 1280w, https:\/\/www.hydraulic-cylinders.net\/wp-content\/uploads\/2025\/02\/hcyy11112027-behind-cylinder-for-frame-support-3-980x471.webp 980w, https:\/\/www.hydraulic-cylinders.net\/wp-content\/uploads\/2025\/02\/hcyy11112027-behind-cylinder-for-frame-support-3-480x231.webp 480w\" sizes=\"(min-width: 0px) and (max-width: 480px) 480px, (min-width: 481px) and (max-width: 980px) 980px, (min-width: 981px) and (max-width: 1280px) 1280px, (min-width: 1281px) 1476px, 100vw\" \/> <img loading=\"lazy\" decoding=\"async\" class=\"alignnone size-full wp-image-17144\" src=\"https:\/\/www.hydraulic-cylinders.net\/wp-content\/uploads\/2025\/02\/hcyy11112027-behind-cylinder-for-frame-support-4.webp\" alt=\"\" width=\"1472\" height=\"706\" srcset=\"https:\/\/www.hydraulic-cylinders.net\/wp-content\/uploads\/2025\/02\/hcyy11112027-behind-cylinder-for-frame-support-4.webp 1472w, https:\/\/www.hydraulic-cylinders.net\/wp-content\/uploads\/2025\/02\/hcyy11112027-behind-cylinder-for-frame-support-4-1280x614.webp 1280w, https:\/\/www.hydraulic-cylinders.net\/wp-content\/uploads\/2025\/02\/hcyy11112027-behind-cylinder-for-frame-support-4-980x470.webp 980w, https:\/\/www.hydraulic-cylinders.net\/wp-content\/uploads\/2025\/02\/hcyy11112027-behind-cylinder-for-frame-support-4-480x230.webp 480w\" sizes=\"(min-width: 0px) and (max-width: 480px) 480px, (min-width: 481px) and (max-width: 980px) 980px, (min-width: 981px) and (max-width: 1280px) 1280px, (min-width: 1281px) 1472px, 100vw\" \/> <img loading=\"lazy\" decoding=\"async\" class=\"alignnone size-full wp-image-17145\" src=\"https:\/\/www.hydraulic-cylinders.net\/wp-content\/uploads\/2025\/02\/hcyy11112027-behind-cylinder-for-frame-support-5.webp\" alt=\"\" width=\"1371\" height=\"712\" srcset=\"https:\/\/www.hydraulic-cylinders.net\/wp-content\/uploads\/2025\/02\/hcyy11112027-behind-cylinder-for-frame-support-5.webp 1371w, https:\/\/www.hydraulic-cylinders.net\/wp-content\/uploads\/2025\/02\/hcyy11112027-behind-cylinder-for-frame-support-5-1280x665.webp 1280w, https:\/\/www.hydraulic-cylinders.net\/wp-content\/uploads\/2025\/02\/hcyy11112027-behind-cylinder-for-frame-support-5-980x509.webp 980w, https:\/\/www.hydraulic-cylinders.net\/wp-content\/uploads\/2025\/02\/hcyy11112027-behind-cylinder-for-frame-support-5-480x249.webp 480w\" sizes=\"(min-width: 0px) and (max-width: 480px) 480px, (min-width: 481px) and (max-width: 980px) 980px, (min-width: 981px) and (max-width: 1280px) 1280px, (min-width: 1281px) 1371px, 100vw\" \/><\/h1>\n<h2><strong>\u0158ada v\u00e1lc\u016f pro autoje\u0159\u00e1by:<\/strong><\/h2>\n<h2><img loading=\"lazy\" decoding=\"async\" class=\"alignnone size-full wp-image-17123\" src=\"https:\/\/www.hydraulic-cylinders.net\/wp-content\/uploads\/2025\/02\/cylinder-series-for-truck-cranes-2.webp\" alt=\"\" width=\"1240\" height=\"825\" srcset=\"https:\/\/www.hydraulic-cylinders.net\/wp-content\/uploads\/2025\/02\/cylinder-series-for-truck-cranes-2.webp 1240w, https:\/\/www.hydraulic-cylinders.net\/wp-content\/uploads\/2025\/02\/cylinder-series-for-truck-cranes-2-980x652.webp 980w, https:\/\/www.hydraulic-cylinders.net\/wp-content\/uploads\/2025\/02\/cylinder-series-for-truck-cranes-2-480x319.webp 480w\" sizes=\"(min-width: 0px) and (max-width: 480px) 480px, (min-width: 481px) and (max-width: 980px) 980px, (min-width: 981px) 1240px, 100vw\" \/><\/h2>\n<h2><strong>Kl\u00ed\u010dov\u00e9 vlastnosti HCYY11112027 Za v\u00e1lcem pro podep\u0159en\u00ed r\u00e1mu autoje\u0159\u00e1bu:<\/strong><\/h2>\n<h4><strong>Vysok\u00e1 nosnost<\/strong><\/h4>\n<p>Zvedac\u00ed za\u0159\u00edzen\u00ed Behind Cylinder je navr\u017eeno pro manipulaci s velk\u00fdmi hmotnostmi a je navr\u017eeno tak, aby vynikalo v n\u00e1ro\u010dn\u00fdch situac\u00edch zved\u00e1n\u00ed. Jeho robustn\u00ed konstrukce zaji\u0161\u0165uje, \u017ee zvl\u00e1dne t\u011b\u017ek\u00e9 n\u00e1klady bez kompromis\u016f v oblasti bezpe\u010dnosti. Tato schopnost je obzvl\u00e1\u0161t\u011b d\u016fle\u017eit\u00e1 ve stavebnictv\u00ed a pr\u016fmyslov\u00e9m prost\u0159ed\u00ed, kde schopnost efektivn\u011b zvedat a manipulovat s velk\u00fdmi materi\u00e1ly m\u016f\u017ee p\u0159\u00edmo ovlivnit produktivitu a \u010dasov\u00fd harmonogram projektu.<\/p>\n<h4><strong>Odoln\u00e1 konstrukce<\/strong><\/h4>\n<p>Tento v\u00e1lec je vyroben z vysoce kvalitn\u00edch materi\u00e1l\u016f, odol\u00e1v\u00e1 opot\u0159eben\u00ed a zaji\u0161\u0165uje dlouhou \u017eivotnost i v n\u00e1ro\u010dn\u00fdch podm\u00ednk\u00e1ch. Jeho odolnost znamen\u00e1 m\u00e9n\u011b v\u00fdm\u011bn a oprav, co\u017e se v pr\u016fb\u011bhu \u010dasu prom\u00edt\u00e1 do ni\u017e\u0161\u00edch provozn\u00edch n\u00e1klad\u016f. Obsluha se m\u016f\u017ee spolehnout, \u017ee v\u00e1lec bude fungovat konzistentn\u011b, a to i v n\u00e1ro\u010dn\u00fdch podm\u00ednk\u00e1ch, kde by mohly selhat jin\u00e9 komponenty.<\/p>\n<h4><strong>Odolnost proti korozi<\/strong><\/h4>\n<p>The Behind Cylinder features a specialized coating that protects against rust and corrosion, making it ideal for use in harsh environments. This corrosion resistance is vital for truck cranes that often operate outdoors or in areas with exposure to moisture and chemicals. By preventing rust, the coating enhances the cylinder&#8217;s longevity and maintains its performance, ensuring that it remains a reliable asset for years to come.<\/p>\n<h4><strong>P\u0159esn\u00e9 stroj\u00edrenstv\u00ed<\/strong><\/h4>\n<p>Vyrobeno dle p\u0159esn\u00fdch specifikac\u00ed, zaru\u010duje v\u00e1lec za vozidlem kompatibilitu s r\u016fzn\u00fdmi modely autoje\u0159\u00e1b\u016f. Toto p\u0159esn\u00e9 konstruk\u010dn\u00ed \u0159e\u0161en\u00ed zaji\u0161\u0165uje, \u017ee v\u00e1lec bezprobl\u00e9mov\u011b zapadne do st\u00e1vaj\u00edc\u00edch je\u0159\u00e1bov\u00fdch syst\u00e9m\u016f, \u010d\u00edm\u017e eliminuje pot\u0159ebu rozs\u00e1hl\u00fdch \u00faprav. Oper\u00e1to\u0159i t\u011b\u017e\u00ed z jednoduch\u00e9ho integra\u010dn\u00edho procesu, kter\u00fd umo\u017e\u0148uje okam\u017eit\u00e9 pou\u017eit\u00ed bez zpo\u017ed\u011bn\u00ed a komplikac\u00ed.<\/p>\n<h4><strong>Snadn\u00e1 instalace<\/strong><\/h4>\n<p>Je\u0159\u00e1b Behind Cylinder je navr\u017een pro rychlou a snadnou integraci a minimalizuje prostoje b\u011bhem instalace. Jeho u\u017eivatelsky p\u0159\u00edv\u011btiv\u00fd design umo\u017e\u0148uje obsluze jej nainstalovat s minim\u00e1ln\u00edm \u00fasil\u00edm, co\u017e zaji\u0161\u0165uje, \u017ee je\u0159\u00e1by budou co nejd\u0159\u00edve v provozu. Tato snadn\u00e1 instalace je obzvl\u00e1\u0161t\u011b v\u00fdhodn\u00e1 v dynamick\u00e9m prost\u0159ed\u00ed, kde je \u010das kl\u00ed\u010dov\u00fd, co\u017e umo\u017e\u0148uje t\u00fdm\u016fm soust\u0159edit se na sv\u00e9 zdvihac\u00ed \u00fakoly bez zbyte\u010dn\u00fdch p\u0159eru\u0161en\u00ed.<\/p>\n<p>V\u00e1lec pro podep\u0159en\u00ed r\u00e1mu autoje\u0159\u00e1bu vynik\u00e1 sv\u00fdmi p\u016fsobiv\u00fdmi vlastnostmi, kter\u00e9 zvy\u0161uj\u00ed stabilitu a v\u00fdkon. Ka\u017ed\u00e1 jeho vlastnost \u2013 od vysok\u00e9 nosnosti a\u017e po odolnost proti korozi \u2013 p\u0159isp\u00edv\u00e1 k tomu, \u017ee se z tohoto v\u00e1lce st\u00e1v\u00e1 nezbytn\u00e1 sou\u010d\u00e1st ka\u017ed\u00e9 je\u0159\u00e1bnick\u00e9 operace. Pochopen\u00edm t\u011bchto v\u00fdhod mohou oper\u00e1to\u0159i ocenit hodnotu, kterou toto za\u0159\u00edzen\u00ed p\u0159isp\u00edv\u00e1 k jejich zdvihac\u00edm operac\u00edm a celkov\u00e9 bezpe\u010dnosti.<\/p>\n<h2><strong>Jak zadn\u00ed v\u00e1lec zlep\u0161uje stabilitu p\u0159i t\u011b\u017ek\u00fdch zdvihac\u00edch operac\u00edch u autoje\u0159\u00e1b\u016f?<\/strong><\/h2>\n<p>Ten\/Ta\/To <strong>Za v\u00e1lcem<\/strong> v\u00fdrazn\u011b zvy\u0161uje stabilitu b\u011bhem t\u011b\u017ek\u00fdch zdvihac\u00edch operac\u00ed v autoje\u0159\u00e1bech prost\u0159ednictv\u00edm n\u011bkolika kl\u00ed\u010dov\u00fdch mechanism\u016f:<\/p>\n<h4><strong>1. Rozlo\u017een\u00ed hmotnosti<\/strong><\/h4>\n<p>The Behind Cylinder plays a vital role in ensuring even weight distribution across the crane&#8217;s frame. By evenly distributing the load, it prevents excessive stress on any single point, thereby reducing the risk of tipping or structural failure. This balanced approach is essential, especially when lifting large or awkwardly shaped loads, as it helps maintain the crane&#8217;s center of gravity.<\/p>\n<h4><strong>2. Struktur\u00e1ln\u00ed podpora<\/strong><\/h4>\n<p>This cylinder provides robust structural support to the crane&#8217;s frame, minimizing flexing and bending during operations. By reinforcing key areas, it enhances the overall rigidity of the crane, which is crucial for maintaining stability when lifting heavy weights. This added strength allows the crane to operate more confidently under challenging conditions, ensuring that it remains stable even during dynamic movements.<\/p>\n<h4><strong>3. Tlumen\u00ed n\u00e1raz\u016f<\/strong><\/h4>\n<p>The design of the Behind Cylinder incorporates features that absorb shocks and vibrations that occur during lifting operations. By dampening these forces, the cylinder contributes to smoother, more controlled movements. This shock absorption is particularly important when maneuvering heavy loads, as it reduces the likelihood of sudden jolts that could compromise the crane&#8217;s stability and safety.<\/p>\n<h4><strong>4. Vylep\u0161en\u00e1 kontrola<\/strong><\/h4>\n<p>D\u00edky spolehliv\u00e9 podpo\u0159e umo\u017e\u0148uje zadn\u00ed v\u00e1lec obsluze prov\u00e1d\u011bt p\u0159esn\u00e9 man\u00e9vry s jistotou. Zv\u00fd\u0161en\u00e1 stabilita znamen\u00e1, \u017ee je\u0159\u00e1by si dok\u00e1\u017e\u00ed udr\u017eet rovnov\u00e1hu i p\u0159i p\u0159emis\u0165ov\u00e1n\u00ed t\u011b\u017ek\u00fdch b\u0159emen nebo pohybu v t\u011bsn\u00fdch prostorech. Tato p\u0159esnost je kl\u00ed\u010dov\u00e1 pro slo\u017eit\u00e9 zdvihac\u00ed \u00fakoly, kde jsou nutn\u00e9 p\u0159esn\u00e9 pohyby k vyh\u00fdb\u00e1n\u00ed se p\u0159ek\u00e1\u017ek\u00e1m a zaji\u0161t\u011bn\u00ed bezpe\u010dn\u00e9ho um\u00edst\u011bn\u00ed materi\u00e1l\u016f.<\/p>\n<h4><strong>5. Zaji\u0161t\u011bn\u00ed bezpe\u010dnosti<\/strong><\/h4>\n<p>V\u00fdrazn\u00fdm zv\u00fd\u0161en\u00edm stability hraje je\u0159\u00e1b za v\u00e1lcem kl\u00ed\u010dovou roli ve zvy\u0161ov\u00e1n\u00ed bezpe\u010dnosti b\u011bhem zdvihac\u00edch operac\u00ed. Stabiln\u00ed je\u0159\u00e1b sni\u017euje riziko nehod, jako je p\u0159evr\u00e1cen\u00ed nebo p\u00e1d b\u0159emene, kter\u00e9 mohou ohrozit obsluhu i kolemjdouc\u00ed. Zaji\u0161t\u011bn\u00ed stability podporuje bezpe\u010dn\u011bj\u0161\u00ed pracovn\u00ed prost\u0159ed\u00ed a umo\u017e\u0148uje t\u00fdm\u016fm soust\u0159edit se na sv\u00e9 \u00fakoly bez neust\u00e1l\u00fdch obav z potenci\u00e1ln\u00edch nebezpe\u010d\u00ed.<\/p>\n<p>Stru\u010dn\u011b \u0159e\u010deno, zadn\u00ed v\u00e1lec je nezbytnou sou\u010d\u00e1st\u00ed, kter\u00e1 v\u00fdrazn\u011b zlep\u0161uje stabilitu autoje\u0159\u00e1b\u016f b\u011bhem t\u011b\u017ek\u00fdch zdvihac\u00edch operac\u00ed. D\u00edky efektivn\u00edmu rozlo\u017een\u00ed hmotnosti, struktur\u00e1ln\u00ed podpo\u0159e, tlumen\u00ed n\u00e1raz\u016f, vylep\u0161en\u00e9 kontrole a zaji\u0161t\u011bn\u00ed bezpe\u010dnosti zaji\u0161\u0165uje, \u017ee je\u0159\u00e1bn\u00edci mohou vykon\u00e1vat sv\u00e9 \u00fakoly efektivn\u011b a bezpe\u010dn\u011b. Investice do t\u00e9to z\u00e1sadn\u00ed sou\u010d\u00e1sti nejen zvy\u0161uje provozn\u00ed v\u00fdkon, ale tak\u00e9 p\u0159isp\u00edv\u00e1 k bezpe\u010dn\u011bj\u0161\u00edmu pracovi\u0161ti, co\u017e z n\u00ed \u010din\u00ed nepostradateln\u00fd prvek p\u0159i jak\u00e9koli zdvihac\u00ed operaci.<\/p>\n<h2><strong>V\u00fdrobn\u00ed oblast v\u00e1lc\u016f pro vysokozdvi\u017en\u00e9 voz\u00edky:<\/strong><\/h2>\n<h2><img loading=\"lazy\" decoding=\"async\" class=\"alignnone size-full wp-image-16972\" src=\"https:\/\/www.hydraulic-cylinders.net\/wp-content\/uploads\/2025\/01\/hydraulic-cylinder-factory-1-scaled.webp\" alt=\"\" width=\"2016\" height=\"2560\" srcset=\"https:\/\/www.hydraulic-cylinders.net\/wp-content\/uploads\/2025\/01\/hydraulic-cylinder-factory-1-scaled.webp 2016w, https:\/\/www.hydraulic-cylinders.net\/wp-content\/uploads\/2025\/01\/hydraulic-cylinder-factory-1-1280x1625.webp 1280w, https:\/\/www.hydraulic-cylinders.net\/wp-content\/uploads\/2025\/01\/hydraulic-cylinder-factory-1-980x1244.webp 980w, https:\/\/www.hydraulic-cylinders.net\/wp-content\/uploads\/2025\/01\/hydraulic-cylinder-factory-1-480x610.webp 480w\" sizes=\"(min-width: 0px) and (max-width: 480px) 480px, (min-width: 481px) and (max-width: 980px) 980px, (min-width: 981px) and (max-width: 1280px) 1280px, (min-width: 1281px) 2016px, 100vw\" \/><\/h2>\n<p>Py\u0161n\u00edme se nejmodern\u011bj\u0161\u00ed nez\u00e1vislou platformou v\u00fdzkumu a v\u00fdvoje zam\u011b\u0159enou na mont\u00e1\u017e, kter\u00e1 zaji\u0161\u0165uje \u0161pi\u010dkov\u00e9 inovace a kvalitu v na\u0161ich v\u00fdrobn\u00edch procesech. Na\u0161e d\u00edlna na v\u00fdrobu v\u00e1lc\u016f pro vysokozdvi\u017en\u00e9 voz\u00edky disponuje \u010dty\u0159mi poloautomatick\u00fdmi mont\u00e1\u017en\u00edmi linkami pro zdvihac\u00ed v\u00e1lce a pln\u011b automatickou mont\u00e1\u017en\u00ed linkou pro nakl\u00e1p\u011bc\u00ed v\u00e1lce, kter\u00e9 jsou dohromady navr\u017eeny tak, aby vyr\u00e1b\u011bly a\u017e jeden milion kus\u016f ro\u010dn\u011b.<\/p>\n<p>Na\u0161e specializovan\u00e1 d\u00edlna na v\u00fdrobu v\u00e1lc\u016f je nav\u00edc vybavena poloautomatick\u00fdmi \u010distic\u00edmi a mont\u00e1\u017en\u00edmi syst\u00e9my p\u0159izp\u016fsoben\u00fdmi r\u016fzn\u00fdm specifikac\u00edm s ro\u010dn\u00ed v\u00fdrobn\u00ed kapacitou 200 000 kus\u016f. Pro vysoce p\u0159esn\u00e9 zpracov\u00e1n\u00ed v\u00e1lc\u016f vyu\u017e\u00edv\u00e1me renomovan\u00e9 CNC za\u0159\u00edzen\u00ed, obr\u00e1b\u011bc\u00ed centra a specializovan\u00e9 n\u00e1stroje. Na\u0161e za\u0159\u00edzen\u00ed zahrnuje tak\u00e9 pokro\u010dil\u00e9 robotick\u00e9 sva\u0159ovac\u00ed stroje, automatick\u00e9 \u010distic\u00ed syst\u00e9my a pln\u011b automatizovan\u00e9 linky na mont\u00e1\u017e a lakov\u00e1n\u00ed v\u00e1lc\u016f. S v\u00edce ne\u017e 300 kl\u00ed\u010dov\u00fdmi za\u0159\u00edzen\u00edmi v provozu optimalizujeme alokaci zdroj\u016f a zaji\u0161\u0165ujeme efektivn\u00ed vyu\u017eit\u00ed p\u0159i spln\u011bn\u00ed p\u0159\u00edsn\u00fdch standard\u016f p\u0159esnosti a kvality.<\/p>\n<p>Na\u0161e obr\u00e1b\u011bc\u00ed d\u00edlna disponuje zak\u00e1zkov\u00fdmi soustru\u017enick\u00fdmi centry pro nakl\u00e1p\u011bc\u00ed vodic\u00ed li\u0161ty, obr\u00e1b\u011bc\u00edmi centry, vysokorychlostn\u00edmi honovac\u00edmi stroji, sva\u0159ovac\u00edmi roboty a dal\u0161\u00edm nezbytn\u00fdm vybaven\u00edm. Toto nastaven\u00ed n\u00e1m umo\u017e\u0148uje obr\u00e1b\u011bt v\u00e1lcov\u00e9 trubky s maxim\u00e1ln\u00edm vnit\u0159n\u00edm pr\u016fm\u011brem 400 mm a d\u00e9lkou a\u017e 6 metr\u016f, co\u017e d\u00e1le zvy\u0161uje na\u0161e v\u00fdrobn\u00ed kapacity.<\/p>\n<h2><img loading=\"lazy\" decoding=\"async\" class=\"alignnone size-full wp-image-16973\" src=\"https:\/\/www.hydraulic-cylinders.net\/wp-content\/uploads\/2025\/01\/hydraulic-cylinder-factory-2-scaled.webp\" alt=\"\" width=\"2011\" height=\"2560\" srcset=\"https:\/\/www.hydraulic-cylinders.net\/wp-content\/uploads\/2025\/01\/hydraulic-cylinder-factory-2-scaled.webp 2011w, https:\/\/www.hydraulic-cylinders.net\/wp-content\/uploads\/2025\/01\/hydraulic-cylinder-factory-2-1280x1629.webp 1280w, https:\/\/www.hydraulic-cylinders.net\/wp-content\/uploads\/2025\/01\/hydraulic-cylinder-factory-2-980x1248.webp 980w, https:\/\/www.hydraulic-cylinders.net\/wp-content\/uploads\/2025\/01\/hydraulic-cylinder-factory-2-480x611.webp 480w\" sizes=\"(min-width: 0px) and (max-width: 480px) 480px, (min-width: 481px) and (max-width: 980px) 980px, (min-width: 981px) and (max-width: 1280px) 1280px, (min-width: 1281px) 2011px, 100vw\" \/><\/h2>\n<p>Provozujeme pln\u011b automatickou linku na nan\u00e1\u0161en\u00ed barev na vodn\u00ed b\u00e1zi, speci\u00e1ln\u011b navr\u017eenou pro mal\u00e9 a st\u0159edn\u00ed tlakov\u00e9 lahve, s automatick\u00fdmi roboty pro nakl\u00e1d\u00e1n\u00ed, vykl\u00e1d\u00e1n\u00ed a st\u0159\u00edk\u00e1n\u00ed. Tento modern\u00ed syst\u00e9m se py\u0161n\u00ed v\u00fdrobn\u00ed kapacitou 4 000 kus\u016f za sm\u011bnu. Krom\u011b toho m\u00e1me poloautomatickou lakovac\u00ed linku pro velk\u00e9 tlakov\u00e9 lahve, poh\u00e1n\u011bnou \u0159et\u011bzov\u00fdm pohonem, s konstruk\u010dn\u00ed kapacitou 60 beden za sm\u011bnu.<\/p>\n<p>Abychom zlep\u0161ili v\u00fdkon produkt\u016f a upevnili na\u0161i vedouc\u00ed pozici v odv\u011btv\u00ed hydraulick\u00fdch v\u00e1lc\u016f, nav\u00e1zali jsme partnerstv\u00ed se spole\u010dnost\u00ed ZJIMEE a z\u0159\u00eddili komplexn\u00ed v\u00fdkonnostn\u00ed laborato\u0159 zam\u011b\u0159enou na hydraulick\u00e9 v\u00e1lce, ventily a \u010derpadla. Tato pokro\u010dil\u00e1 laborato\u0159 vyu\u017e\u00edv\u00e1 po\u010d\u00edta\u010dem podporovan\u00e9 testov\u00e1n\u00ed s elektrohydraulickou technologi\u00ed, co\u017e umo\u017e\u0148uje p\u0159ednastaven\u00e9 zku\u0161ebn\u00ed podm\u00ednky, kter\u00e9 zlep\u0161uj\u00ed p\u0159esnost a v\u0161estrannost syst\u00e9mu. Automatizovan\u00fd proces sb\u011bru dat vyu\u017e\u00edv\u00e1 senzory ke shroma\u017e\u010fov\u00e1n\u00ed v\u00fdstupn\u00edch dat, jako je vnit\u0159n\u00ed net\u011bsnost a \u00fa\u010dinnost zat\u00ed\u017een\u00ed, kter\u00e1 jsou pot\u00e9 zpracov\u00e1na po\u010d\u00edta\u010dem a p\u0159evedena na standardn\u00ed jednotky (ml\/min%).<\/p>\n<p>D\u00e1le pro zaji\u0161t\u011bn\u00ed bezpe\u010dnosti na\u0161ich hydraulick\u00fdch syst\u00e9m\u016f zav\u00e1d\u00edme monitorov\u00e1n\u00ed stavu kl\u00ed\u010dov\u00fdch v\u00fdkonnostn\u00edch parametr\u016f, v\u010detn\u011b teploty oleje, hladiny kapaliny a stavu filtra\u010dn\u00edho za\u0159\u00edzen\u00ed. Na\u0161e zku\u0161ebn\u00ed stanice pro hydraulick\u00e9 v\u00e1lce je schopna posoudit \u201e\u00fa\u010dinnost zat\u00ed\u017een\u00ed\u201c a \u201evnit\u0159n\u00ed net\u011bsnost\u201c pomoc\u00ed p\u0159esn\u00fdch \u00fadaj\u016f. Je tak\u00e9 vybavena m\u011b\u0159ic\u00edm p\u0159\u00edstrojem s m\u0159\u00ed\u017ekov\u00fdm prav\u00edtkem, kter\u00fd spl\u0148uje n\u00e1rodn\u00ed normy a zaji\u0161\u0165uje tak soulad se v\u0161emi zku\u0161ebn\u00edmi po\u017eadavky pro hydraulick\u00e9 v\u00e1lce.<\/p>\n<p>&nbsp;<\/p>","protected":false},"excerpt":{"rendered":"<p>HCYY11112027 Behind Cylinder For Frame Support For Truck Cranes The Behind Cylinder for Frame Support for Truck Cranes is a critical component that significantly improves the stability and operational efficiency of truck cranes. This robust cylinder is vital for supporting the crane\u2019s frame, allowing for the safe and effective management of heavy loads. With its [&hellip;]<\/p>","protected":false},"featured_media":17146,"comment_status":"open","ping_status":"closed","template":"","meta":{"_et_pb_use_builder":"","_et_pb_old_content":"","_et_gb_content_width":""},"product_brand":[],"product_cat":[1514,1549,1376],"product_tag":[],"class_list":{"0":"post-17140","1":"product","2":"type-product","3":"status-publish","4":"has-post-thumbnail","6":"product_cat-mobile-crane-hydraulic-cylinders","7":"product_cat-single-acting-hydraulic-cylinder","8":"product_cat-hydraulic-cylinder","10":"first","11":"instock","12":"shipping-taxable","13":"product-type-simple"},"amp_enabled":true,"_links":{"self":[{"href":"https:\/\/www.hydraulic-cylinders.net\/cs\/wp-json\/wp\/v2\/product\/17140","targetHints":{"allow":["GET"]}}],"collection":[{"href":"https:\/\/www.hydraulic-cylinders.net\/cs\/wp-json\/wp\/v2\/product"}],"about":[{"href":"https:\/\/www.hydraulic-cylinders.net\/cs\/wp-json\/wp\/v2\/types\/product"}],"replies":[{"embeddable":true,"href":"https:\/\/www.hydraulic-cylinders.net\/cs\/wp-json\/wp\/v2\/comments?post=17140"}],"wp:featuredmedia":[{"embeddable":true,"href":"https:\/\/www.hydraulic-cylinders.net\/cs\/wp-json\/wp\/v2\/media\/17146"}],"wp:attachment":[{"href":"https:\/\/www.hydraulic-cylinders.net\/cs\/wp-json\/wp\/v2\/media?parent=17140"}],"wp:term":[{"taxonomy":"product_brand","embeddable":true,"href":"https:\/\/www.hydraulic-cylinders.net\/cs\/wp-json\/wp\/v2\/product_brand?post=17140"},{"taxonomy":"product_cat","embeddable":true,"href":"https:\/\/www.hydraulic-cylinders.net\/cs\/wp-json\/wp\/v2\/product_cat?post=17140"},{"taxonomy":"product_tag","embeddable":true,"href":"https:\/\/www.hydraulic-cylinders.net\/cs\/wp-json\/wp\/v2\/product_tag?post=17140"}],"curies":[{"name":"wp","href":"https:\/\/api.w.org\/{rel}","templated":true}]}}