{"id":17147,"date":"2025-02-07T06:47:22","date_gmt":"2025-02-07T06:47:22","guid":{"rendered":"https:\/\/www.hydraulic-cylinders.net\/?post_type=product&#038;p=17147"},"modified":"2025-04-15T05:52:21","modified_gmt":"2025-04-15T05:52:21","slug":"wind-power-series-cylinders","status":"publish","type":"product","link":"https:\/\/www.hydraulic-cylinders.net\/cs\/produkt\/wind-power-series-cylinders\/","title":{"rendered":"V\u00e1lce \u0159ady Wind Power"},"content":{"rendered":"<h1 style=\"text-align: center;\"><strong>V\u00e1lce \u0159ady Wind Power<\/strong><\/h1>\n<h1 style=\"text-align: center;\">\u00a0<img loading=\"lazy\" decoding=\"async\" class=\"alignnone size-full wp-image-17149\" src=\"https:\/\/www.hydraulic-cylinders.net\/wp-content\/uploads\/2025\/02\/wind_power_series_cylinders-1-removebg-preview.webp\" alt=\"\" width=\"644\" height=\"644\" srcset=\"https:\/\/www.hydraulic-cylinders.net\/wp-content\/uploads\/2025\/02\/wind_power_series_cylinders-1-removebg-preview.webp 644w, https:\/\/www.hydraulic-cylinders.net\/wp-content\/uploads\/2025\/02\/wind_power_series_cylinders-1-removebg-preview-480x480.webp 480w\" sizes=\"(min-width: 0px) and (max-width: 480px) 480px, (min-width: 481px) 644px, 100vw\" \/><\/h1>\n<p>Ten\/Ta\/To <strong>V\u00e1lce \u0159ady Wind Power<\/strong> jsou speci\u00e1ln\u011b navr\u017eeny pro sektor v\u011btrn\u00e9 energie a poskytuj\u00ed spolehliv\u00fd a efektivn\u00ed v\u00fdkon v r\u016fzn\u00fdch aplikac\u00edch. Tyto v\u00e1lce hraj\u00ed z\u00e1sadn\u00ed roli v \u0159\u00edzen\u00ed mechanism\u016f, kter\u00e9 vyu\u017e\u00edvaj\u00ed v\u011btrnou energii, a v\u00fdrazn\u011b zvy\u0161uj\u00ed \u00fa\u010dinnost a efektivitu v\u011btrn\u00fdch turb\u00edn. Jsou vyrobeny s p\u0159esnost\u00ed a konstruov\u00e1ny tak, aby odolaly n\u00e1ro\u010dn\u00fdm podm\u00ednk\u00e1m dan\u00e9ho odv\u011btv\u00ed, a spl\u0148uj\u00ed tak n\u00e1ro\u010dn\u00e9 po\u017eadavky tohoto rychle se rozv\u00edjej\u00edc\u00edho oboru.<\/p>\n<p>V\u00e1lce \u0159ady Wind Power nab\u00edzej\u00ed kombinaci odolnosti, \u00fa\u010dinnosti a u\u017eivatelsk\u00e9 p\u0159\u00edv\u011btivosti a vynikaj\u00ed jako spolehliv\u00e1 volba pro aplikace v oblasti v\u011btrn\u00e9 energie. D\u00edky vysok\u00e9 nosnosti a odolnosti proti korozi jsou ide\u00e1ln\u00ed pro n\u00e1ro\u010dn\u00e1 prost\u0159ed\u00ed provozu v\u011btrn\u00fdch turb\u00edn. Dodr\u017eov\u00e1n\u00edm doporu\u010den\u00fdch postup\u016f pou\u017e\u00edv\u00e1n\u00ed a \u00fadr\u017eby mohou provozovatel\u00e9 zajistit, aby si tyto v\u00e1lce udr\u017eely optim\u00e1ln\u00ed v\u00fdkon po mnoho let. Investice do t\u011bchto v\u00e1lc\u016f nejen zlep\u0161uje spolehlivost syst\u00e9m\u016f v\u011btrn\u00e9 energie, ale tak\u00e9 podporuje udr\u017eitelnou budoucnost.<\/p>\n<h2><strong>Parametr v\u00e1lc\u016f pro v\u011btrnou energii:<\/strong><\/h2>\n<h2><img loading=\"lazy\" decoding=\"async\" class=\"alignnone size-full wp-image-17148\" style=\"color: #666666; font-size: 14px;\" src=\"https:\/\/www.hydraulic-cylinders.net\/wp-content\/uploads\/2025\/02\/wind-power-series-cylinders-2.webp\" alt=\"\" width=\"1394\" height=\"731\" srcset=\"https:\/\/www.hydraulic-cylinders.net\/wp-content\/uploads\/2025\/02\/wind-power-series-cylinders-2.webp 1394w, https:\/\/www.hydraulic-cylinders.net\/wp-content\/uploads\/2025\/02\/wind-power-series-cylinders-2-1280x671.webp 1280w, https:\/\/www.hydraulic-cylinders.net\/wp-content\/uploads\/2025\/02\/wind-power-series-cylinders-2-980x514.webp 980w, https:\/\/www.hydraulic-cylinders.net\/wp-content\/uploads\/2025\/02\/wind-power-series-cylinders-2-480x252.webp 480w\" sizes=\"(min-width: 0px) and (max-width: 480px) 480px, (min-width: 481px) and (max-width: 980px) 980px, (min-width: 981px) and (max-width: 1280px) 1280px, (min-width: 1281px) 1394px, 100vw\" \/><\/h2>\n<p>\u00b7Re\u017eim v\u00e1lce: HCYY11112028<br \/>\n\u00b7Provozn\u00ed tlak: 16 MPa<br \/>\n\u00b7 Maxim\u00e1ln\u00ed odoln\u00fd tlak: 25 MPa<br \/>\n\u00b7Pr\u016fm\u011br v\u00e1lcov\u00e9 trubky: 100 mm<br \/>\n\u00b7Pr\u016fm\u011br p\u00edstn\u00ed ty\u010de: 50 mm<br \/>\n\u00b7Pr\u016fm\u011br \u010depu: 150 mm<br \/>\n\u00b7D\u00e9lka: 80 mm<br \/>\n\u00b7D\u00e9lka v\u00e1lce: 855 mm<br \/>\n\u00b7 Hmotnost: 140 kg<\/p>\n<h2><strong>Kl\u00ed\u010dov\u00e9 vlastnosti v\u00e1lc\u016f \u0159ady Wind Power:<\/strong><\/h2>\n<h4><strong>Vysok\u00e1 nosnost<\/strong><\/h4>\n<p>V\u00e1lce \u0159ady Wind Power vynikaj\u00ed v podpo\u0159e zna\u010dn\u00e9ho zat\u00ed\u017een\u00ed, co\u017e je kl\u00ed\u010dov\u00e9 pro n\u00e1ro\u010dn\u00e9 aplikace ve v\u011btrn\u00e9 energii. Jejich robustn\u00ed konstrukce zaji\u0161\u0165uje, \u017ee mohou spolehliv\u011b pracovat i v n\u00e1ro\u010dn\u00fdch podm\u00ednk\u00e1ch, jako je siln\u00fd v\u00edtr nebo extr\u00e9mn\u00ed po\u010das\u00ed. Tato schopnost nejen zvy\u0161uje \u00fa\u010dinnost v\u011btrn\u00fdch turb\u00edn, ale tak\u00e9 vzbuzuje jistotu v obsluze, proto\u017ee v\u011bd\u00ed, \u017ee jejich za\u0159\u00edzen\u00ed zvl\u00e1dne zna\u010dnou hmotnost bez kompromis\u016f v oblasti bezpe\u010dnosti nebo v\u00fdkonu.<\/p>\n<h4><strong>Odoln\u00e1 konstrukce<\/strong><\/h4>\n<p>Tyto v\u00e1lce, vyroben\u00e9 z prvot\u0159\u00eddn\u00edch materi\u00e1l\u016f, jsou navr\u017eeny tak, aby odol\u00e1valy opot\u0159eben\u00ed v pr\u016fb\u011bhu \u010dasu. Jejich odoln\u00e1 konstrukce v\u00fdrazn\u011b sni\u017euje pot\u0159ebu \u010dast\u00fdch v\u00fdm\u011bn, co\u017e z nich \u010din\u00ed cenov\u011b dostupnou volbu pro dlouhodob\u00fd provoz. A\u0165 u\u017e jsou vystaveny drsn\u00fdm podm\u00ednk\u00e1m prost\u0159ed\u00ed nebo n\u00e1ro\u010dn\u00fdm ka\u017edodenn\u00edmu pou\u017e\u00edv\u00e1n\u00ed, v\u00e1lce si zachov\u00e1vaj\u00ed svou integritu a zaji\u0161\u0165uj\u00ed tak hladk\u00fd a efektivn\u00ed provoz syst\u00e9m\u016f v\u011btrn\u00e9 energie.<\/p>\n<h4><strong>Odolnost proti korozi<\/strong><\/h4>\n<p>V\u00e1lce jsou vybaveny speci\u00e1ln\u00edm povlakem, d\u00edky kter\u00e9mu jsou odoln\u00e9 v\u016f\u010di korozi a po\u0161kozen\u00ed vlivem prost\u0159ed\u00ed. Tato odolnost proti korozi je obzvl\u00e1\u0161t\u011b d\u016fle\u017eit\u00e1 pro venkovn\u00ed pou\u017eit\u00ed, kde vystaven\u00ed vlhkosti, soli a dal\u0161\u00edm agresivn\u00edm vliv\u016fm m\u016f\u017ee v\u00e9st k po\u0161kozen\u00ed. Chr\u00e1n\u00edc\u00ed v\u00e1lce p\u0159ed koroz\u00ed tato vlastnost nejen prodlu\u017euje jejich \u017eivotnost, ale tak\u00e9 minimalizuje n\u00e1roky na \u00fadr\u017ebu, co\u017e umo\u017e\u0148uje obsluze soust\u0159edit se na maximalizaci v\u00fdroby energie.<\/p>\n<h4><strong>P\u0159esn\u00e9 stroj\u00edrenstv\u00ed<\/strong><\/h4>\n<p>V\u00e1lce \u0159ady Wind Power, vyroben\u00e9 podle p\u0159esn\u00fdch specifikac\u00ed, zaru\u010duj\u00ed bezprobl\u00e9movou kompatibilitu s r\u016fzn\u00fdmi modely v\u011btrn\u00fdch turb\u00edn. Toto p\u0159esn\u00e9 konstruk\u010dn\u00ed \u0159e\u0161en\u00ed umo\u017e\u0148uje snadnou instalaci a integraci do st\u00e1vaj\u00edc\u00edch syst\u00e9m\u016f, \u010d\u00edm\u017e se sni\u017euje riziko provozn\u00edch probl\u00e9m\u016f. S t\u011bmito v\u00e1lci si mohou provozovatel\u00e9 u\u017e\u00edvat klidu s v\u011bdom\u00edm, \u017ee pou\u017e\u00edvaj\u00ed komponenty navr\u017een\u00e9 pro optim\u00e1ln\u00ed fungov\u00e1n\u00ed v r\u00e1mci jejich specifick\u00fdch nastaven\u00ed turb\u00edny.<\/p>\n<h4><strong>Snadn\u00e1 instalace<\/strong><\/h4>\n<p>V\u00e1lce, navr\u017een\u00e9 s ohledem na pohodl\u00ed u\u017eivatele, umo\u017e\u0148uj\u00ed rychlou a bezprobl\u00e9movou instalaci. Jejich intuitivn\u00ed design minimalizuje prostoje b\u011bhem instalace, co\u017e umo\u017e\u0148uje oper\u00e1tor\u016fm rychle uv\u00e9st syst\u00e9my do provozu. Tato snadn\u00e1 instalace nejen zvy\u0161uje provozn\u00ed efektivitu, ale tak\u00e9 umo\u017e\u0148uje rychlej\u0161\u00ed reakce na pot\u0159eby \u00fadr\u017eby, co\u017e zaji\u0161\u0165uje, \u017ee syst\u00e9my v\u011btrn\u00e9 energie z\u016fstanou neust\u00e1le produktivn\u00ed.<\/p>\n<p>D\u00edky d\u016frazu na tyto vlastnosti poskytuj\u00ed v\u00e1lce \u0159ady HCYY11112028 Wind Power v\u00fdjime\u010dn\u00fd v\u00fdkon, kter\u00fd spl\u0148uje vyv\u00edjej\u00edc\u00ed se po\u017eadavky odv\u011btv\u00ed v\u011btrn\u00e9 energie.<\/p>\n<h2><strong>Jak odolnost v\u00e1lc\u016f \u0159ady Wind Power proti korozi zvy\u0161uje jejich v\u00fdkon ve venkovn\u00edm prost\u0159ed\u00ed?<\/strong><\/h2>\n<p>Jist\u011b! Zde je poutav\u011bj\u0161\u00ed a podrobn\u011bj\u0161\u00ed popis toho, jak odolnost v\u00e1lc\u016f \u0159ady Wind Power proti korozi zvy\u0161uje jejich v\u00fdkon ve venkovn\u00edm prost\u0159ed\u00ed:<\/p>\n<h4><strong>1. Dlouhov\u011bkost<\/strong><\/h4>\n<p>Speci\u00e1ln\u00ed korozivzdorn\u00fd povlak na v\u00e1lc\u00edch p\u016fsob\u00ed jako spolehliv\u00e1 bari\u00e9ra proti rzi a zhor\u0161en\u00ed stavu. Tato ochrann\u00e1 vrstva je obzvl\u00e1\u0161t\u011b cenn\u00e1 v prost\u0159ed\u00edch, kde se vyskytuje vlhkost, soln\u00e1 mlha a kol\u00eds\u00e1n\u00ed teplot. D\u00edky v\u00fdrazn\u00e9mu prodlou\u017een\u00ed \u017eivotnosti v\u00e1lc\u016f si mohou obsluha u\u017e\u00edvat klidu, kter\u00fd pramen\u00ed z v\u011bdom\u00ed, \u017ee jejich investice vydr\u017e\u00ed zkou\u0161ku \u010dasu, a umo\u017en\u00ed tak dlouhodob\u00fd a nep\u0159eru\u0161ovan\u00fd provoz v ter\u00e9nu.<\/p>\n<h4><strong>2. Sn\u00ed\u017een\u00e1 \u00fadr\u017eba<\/strong><\/h4>\n<p>Jednou z hlavn\u00edch v\u00fdhod odolnosti proti korozi je podstatn\u00e9 sn\u00ed\u017een\u00ed po\u017eadavk\u016f na \u00fadr\u017ebu. D\u00edky tomu, \u017ee v\u00e1lce jsou m\u00e9n\u011b n\u00e1chyln\u00e9 k reziv\u011bn\u00ed a opot\u0159eben\u00ed, mohou provozovatel\u00e9 vynakl\u00e1dat m\u00e9n\u011b zdroj\u016f \u2013 \u010dasu i pen\u011bz \u2013 na \u00fadr\u017ebu. Tato efektivita znamen\u00e1, \u017ee se \u00fadr\u017eb\u00e1\u0159sk\u00e9 t\u00fdmy mohou soust\u0159edit na dal\u0161\u00ed kritick\u00e9 aspekty provozu v\u011btrn\u00fdch turb\u00edn, co\u017e zvy\u0161uje celkovou produktivitu. V\u00fdsledkem je, \u017ee syst\u00e9m v\u011btrn\u00e9 energie m\u016f\u017ee b\u011b\u017eet plynuleji a maximalizovat energetick\u00fd v\u00fdkon bez neust\u00e1l\u00fdch obav z poruch sou\u010d\u00e1st\u00ed.<\/p>\n<h4><strong>3. Konzistentn\u00ed v\u00fdkon<\/strong><\/h4>\n<p>Koroze m\u016f\u017ee \u010dasem oslabovat materi\u00e1ly, co\u017e vede k nepravidelnostem v provozu, kter\u00e9 mohou naru\u0161it v\u00fdrobu energie. V\u00e1lce, opevn\u011bn\u00e9 proti korozi, si zachov\u00e1vaj\u00ed svou struktur\u00e1ln\u00ed integritu a v\u00fdkonnostn\u00ed standardy i v nejn\u00e1ro\u010dn\u011bj\u0161\u00edch venkovn\u00edch podm\u00ednk\u00e1ch. Tato spolehlivost zaji\u0161\u0165uje, \u017ee turb\u00edny funguj\u00ed efektivn\u011b, co\u017e se prom\u00edt\u00e1 do optim\u00e1ln\u00ed v\u00fdroby energie. Provozovatel\u00e9 mohou o\u010dek\u00e1vat konzistentn\u00ed v\u00fdkon, kter\u00fd je nezbytn\u00fd pro spln\u011bn\u00ed energetick\u00e9 popt\u00e1vky a dosa\u017een\u00ed c\u00edl\u016f udr\u017eitelnosti.<\/p>\n<h4><strong>4. Bezpe\u010dnost<\/strong><\/h4>\n<p>Bezpe\u010dnost je v jak\u00e9mkoli pr\u016fmyslov\u00e9m prost\u0159ed\u00ed prvo\u0159ad\u00e1 a riziko selh\u00e1n\u00ed v d\u016fsledku koroze je probl\u00e9m, kter\u00fd nelze p\u0159ehl\u00ed\u017eet. V\u00e1lce pom\u00e1haj\u00ed zm\u00edr\u0148ovat tato rizika t\u00edm, \u017ee si zachov\u00e1vaj\u00ed svou pevnost a funk\u010dnost v n\u00e1ro\u010dn\u00fdch podm\u00ednk\u00e1ch. T\u00edm, \u017ee tyto v\u00e1lce zabra\u0148uj\u00ed selh\u00e1n\u00edm souvisej\u00edc\u00edm s koroz\u00ed, p\u0159isp\u00edvaj\u00ed k bezpe\u010dn\u011bj\u0161\u00edmu provozn\u00edmu prost\u0159ed\u00ed pro person\u00e1l i za\u0159\u00edzen\u00ed. Tento d\u016fraz na bezpe\u010dnost podporuje kulturu spolehlivosti a d\u016fv\u011bry v odv\u011btv\u00ed v\u011btrn\u00e9 energie.<\/p>\n<h4><strong>5. N\u00e1kladov\u00e1 efektivita<\/strong><\/h4>\n<p>Investice do korozivzdorn\u00fdch lahv\u00ed nen\u00ed jen o okam\u017eit\u00e9m v\u00fdkonu, ale tak\u00e9 o dlouhodob\u00e9 finan\u010dn\u00ed \u0161etrnosti. Trvanlivost a sn\u00ed\u017een\u00e9 n\u00e1roky na \u00fadr\u017ebu lahv\u00ed vedou v pr\u016fb\u011bhu \u010dasu k v\u00fdznamn\u00fdm \u00faspor\u00e1m n\u00e1klad\u016f. Provozovatel\u00e9 se mohou vyhnout n\u00e1klad\u016fm spojen\u00fdm s \u010dast\u00fdmi v\u00fdm\u011bnami a opravami, co\u017e umo\u017e\u0148uje lep\u0161\u00ed alokaci rozpo\u010dtov\u00fdch prost\u0159edk\u016f. Tato n\u00e1kladov\u00e1 efektivita \u010din\u00ed z t\u011bchto lahv\u00ed atraktivn\u00ed volbu pro podniky, kter\u00e9 cht\u011bj\u00ed optimalizovat sv\u00e9 provozn\u00ed rozpo\u010dty a z\u00e1rove\u0148 zajistit spolehlivou v\u00fdrobu energie.<\/p>\n<p>Stru\u010dn\u011b \u0159e\u010deno, odolnost v\u00e1lc\u016f Wind Power Series proti korozi je v\u00edce ne\u017e jen vlastnost \u2013 je to kl\u00ed\u010dov\u00fd atribut, kter\u00fd prodlu\u017euje \u017eivotnost, sni\u017euje n\u00e1roky na \u00fadr\u017ebu, zaji\u0161\u0165uje konzistentn\u00ed v\u00fdkon, zvy\u0161uje bezpe\u010dnost a p\u0159in\u00e1\u0161\u00ed n\u00e1kladovou efektivitu. Tyto v\u00fdhody spole\u010dn\u011b p\u0159isp\u00edvaj\u00ed k efektivn\u011bj\u0161\u00edmu a udr\u017eiteln\u011bj\u0161\u00edmu p\u0159\u00edstupu k vyu\u017e\u00edv\u00e1n\u00ed v\u011btrn\u00e9 energie, co\u017e \u010din\u00ed tyto v\u00e1lce v tomto odv\u011btv\u00ed nepostradatelnou volbou.<\/p>\n<h2><strong>V\u00fdrobn\u00ed oblast v\u00e1lc\u016f pro vysokozdvi\u017en\u00e9 voz\u00edky:<\/strong><\/h2>\n<h2><img loading=\"lazy\" decoding=\"async\" class=\"alignnone size-full wp-image-16972\" src=\"https:\/\/www.hydraulic-cylinders.net\/wp-content\/uploads\/2025\/01\/hydraulic-cylinder-factory-1-scaled.webp\" alt=\"\" width=\"2016\" height=\"2560\" srcset=\"https:\/\/www.hydraulic-cylinders.net\/wp-content\/uploads\/2025\/01\/hydraulic-cylinder-factory-1-scaled.webp 2016w, https:\/\/www.hydraulic-cylinders.net\/wp-content\/uploads\/2025\/01\/hydraulic-cylinder-factory-1-1280x1625.webp 1280w, https:\/\/www.hydraulic-cylinders.net\/wp-content\/uploads\/2025\/01\/hydraulic-cylinder-factory-1-980x1244.webp 980w, https:\/\/www.hydraulic-cylinders.net\/wp-content\/uploads\/2025\/01\/hydraulic-cylinder-factory-1-480x610.webp 480w\" sizes=\"(min-width: 0px) and (max-width: 480px) 480px, (min-width: 481px) and (max-width: 980px) 980px, (min-width: 981px) and (max-width: 1280px) 1280px, (min-width: 1281px) 2016px, 100vw\" \/><\/h2>\n<p>Py\u0161n\u00edme se nejmodern\u011bj\u0161\u00ed nez\u00e1vislou platformou v\u00fdzkumu a v\u00fdvoje zam\u011b\u0159enou na mont\u00e1\u017e, kter\u00e1 zaji\u0161\u0165uje \u0161pi\u010dkov\u00e9 inovace a kvalitu v na\u0161ich v\u00fdrobn\u00edch procesech. Na\u0161e d\u00edlna na v\u00fdrobu v\u00e1lc\u016f pro vysokozdvi\u017en\u00e9 voz\u00edky disponuje \u010dty\u0159mi poloautomatick\u00fdmi mont\u00e1\u017en\u00edmi linkami pro zdvihac\u00ed v\u00e1lce a pln\u011b automatickou mont\u00e1\u017en\u00ed linkou pro nakl\u00e1p\u011bc\u00ed v\u00e1lce, kter\u00e9 jsou dohromady navr\u017eeny tak, aby vyr\u00e1b\u011bly a\u017e jeden milion kus\u016f ro\u010dn\u011b.<\/p>\n<p>Na\u0161e specializovan\u00e1 d\u00edlna na v\u00fdrobu v\u00e1lc\u016f je nav\u00edc vybavena poloautomatick\u00fdmi \u010distic\u00edmi a mont\u00e1\u017en\u00edmi syst\u00e9my p\u0159izp\u016fsoben\u00fdmi r\u016fzn\u00fdm specifikac\u00edm s ro\u010dn\u00ed v\u00fdrobn\u00ed kapacitou 200 000 kus\u016f. Pro vysoce p\u0159esn\u00e9 zpracov\u00e1n\u00ed v\u00e1lc\u016f vyu\u017e\u00edv\u00e1me renomovan\u00e9 CNC za\u0159\u00edzen\u00ed, obr\u00e1b\u011bc\u00ed centra a specializovan\u00e9 n\u00e1stroje. Na\u0161e za\u0159\u00edzen\u00ed zahrnuje tak\u00e9 pokro\u010dil\u00e9 robotick\u00e9 sva\u0159ovac\u00ed stroje, automatick\u00e9 \u010distic\u00ed syst\u00e9my a pln\u011b automatizovan\u00e9 linky na mont\u00e1\u017e a lakov\u00e1n\u00ed v\u00e1lc\u016f. S v\u00edce ne\u017e 300 kl\u00ed\u010dov\u00fdmi za\u0159\u00edzen\u00edmi v provozu optimalizujeme alokaci zdroj\u016f a zaji\u0161\u0165ujeme efektivn\u00ed vyu\u017eit\u00ed p\u0159i spln\u011bn\u00ed p\u0159\u00edsn\u00fdch standard\u016f p\u0159esnosti a kvality.<\/p>\n<p>Na\u0161e obr\u00e1b\u011bc\u00ed d\u00edlna disponuje zak\u00e1zkov\u00fdmi soustru\u017enick\u00fdmi centry pro nakl\u00e1p\u011bc\u00ed vodic\u00ed li\u0161ty, obr\u00e1b\u011bc\u00edmi centry, vysokorychlostn\u00edmi honovac\u00edmi stroji, sva\u0159ovac\u00edmi roboty a dal\u0161\u00edm nezbytn\u00fdm vybaven\u00edm. Toto nastaven\u00ed n\u00e1m umo\u017e\u0148uje obr\u00e1b\u011bt v\u00e1lcov\u00e9 trubky s maxim\u00e1ln\u00edm vnit\u0159n\u00edm pr\u016fm\u011brem 400 mm a d\u00e9lkou a\u017e 6 metr\u016f, co\u017e d\u00e1le zvy\u0161uje na\u0161e v\u00fdrobn\u00ed kapacity.<\/p>\n<h2><img loading=\"lazy\" decoding=\"async\" class=\"alignnone size-full wp-image-16973\" src=\"https:\/\/www.hydraulic-cylinders.net\/wp-content\/uploads\/2025\/01\/hydraulic-cylinder-factory-2-scaled.webp\" alt=\"\" width=\"2011\" height=\"2560\" srcset=\"https:\/\/www.hydraulic-cylinders.net\/wp-content\/uploads\/2025\/01\/hydraulic-cylinder-factory-2-scaled.webp 2011w, https:\/\/www.hydraulic-cylinders.net\/wp-content\/uploads\/2025\/01\/hydraulic-cylinder-factory-2-1280x1629.webp 1280w, https:\/\/www.hydraulic-cylinders.net\/wp-content\/uploads\/2025\/01\/hydraulic-cylinder-factory-2-980x1248.webp 980w, https:\/\/www.hydraulic-cylinders.net\/wp-content\/uploads\/2025\/01\/hydraulic-cylinder-factory-2-480x611.webp 480w\" sizes=\"(min-width: 0px) and (max-width: 480px) 480px, (min-width: 481px) and (max-width: 980px) 980px, (min-width: 981px) and (max-width: 1280px) 1280px, (min-width: 1281px) 2011px, 100vw\" \/><\/h2>\n<p>Provozujeme pln\u011b automatickou linku na nan\u00e1\u0161en\u00ed barev na vodn\u00ed b\u00e1zi, speci\u00e1ln\u011b navr\u017eenou pro mal\u00e9 a st\u0159edn\u00ed tlakov\u00e9 lahve, s automatick\u00fdmi roboty pro nakl\u00e1d\u00e1n\u00ed, vykl\u00e1d\u00e1n\u00ed a st\u0159\u00edk\u00e1n\u00ed. Tento modern\u00ed syst\u00e9m se py\u0161n\u00ed v\u00fdrobn\u00ed kapacitou 4 000 kus\u016f za sm\u011bnu. Krom\u011b toho m\u00e1me poloautomatickou lakovac\u00ed linku pro velk\u00e9 tlakov\u00e9 lahve, poh\u00e1n\u011bnou \u0159et\u011bzov\u00fdm pohonem, s konstruk\u010dn\u00ed kapacitou 60 beden za sm\u011bnu.<\/p>\n<p>Abychom zlep\u0161ili v\u00fdkon produkt\u016f a upevnili na\u0161i vedouc\u00ed pozici v odv\u011btv\u00ed hydraulick\u00fdch v\u00e1lc\u016f, nav\u00e1zali jsme partnerstv\u00ed se spole\u010dnost\u00ed ZJIMEE a z\u0159\u00eddili komplexn\u00ed v\u00fdkonnostn\u00ed laborato\u0159 zam\u011b\u0159enou na hydraulick\u00e9 v\u00e1lce, ventily a \u010derpadla. Tato pokro\u010dil\u00e1 laborato\u0159 vyu\u017e\u00edv\u00e1 po\u010d\u00edta\u010dem podporovan\u00e9 testov\u00e1n\u00ed s elektrohydraulickou technologi\u00ed, co\u017e umo\u017e\u0148uje p\u0159ednastaven\u00e9 zku\u0161ebn\u00ed podm\u00ednky, kter\u00e9 zlep\u0161uj\u00ed p\u0159esnost a v\u0161estrannost syst\u00e9mu. Automatizovan\u00fd proces sb\u011bru dat vyu\u017e\u00edv\u00e1 senzory ke shroma\u017e\u010fov\u00e1n\u00ed v\u00fdstupn\u00edch dat, jako je vnit\u0159n\u00ed net\u011bsnost a \u00fa\u010dinnost zat\u00ed\u017een\u00ed, kter\u00e1 jsou pot\u00e9 zpracov\u00e1na po\u010d\u00edta\u010dem a p\u0159evedena na standardn\u00ed jednotky (ml\/min%).<\/p>\n<p>D\u00e1le pro zaji\u0161t\u011bn\u00ed bezpe\u010dnosti na\u0161ich hydraulick\u00fdch syst\u00e9m\u016f zav\u00e1d\u00edme monitorov\u00e1n\u00ed stavu kl\u00ed\u010dov\u00fdch v\u00fdkonnostn\u00edch parametr\u016f, v\u010detn\u011b teploty oleje, hladiny kapaliny a stavu filtra\u010dn\u00edho za\u0159\u00edzen\u00ed. Na\u0161e zku\u0161ebn\u00ed stanice pro hydraulick\u00e9 v\u00e1lce je schopna posoudit \u201e\u00fa\u010dinnost zat\u00ed\u017een\u00ed\u201c a \u201evnit\u0159n\u00ed net\u011bsnost\u201c pomoc\u00ed p\u0159esn\u00fdch \u00fadaj\u016f. Je tak\u00e9 vybavena m\u011b\u0159ic\u00edm p\u0159\u00edstrojem s m\u0159\u00ed\u017ekov\u00fdm prav\u00edtkem, kter\u00fd spl\u0148uje n\u00e1rodn\u00ed normy a zaji\u0161\u0165uje tak soulad se v\u0161emi zku\u0161ebn\u00edmi po\u017eadavky pro hydraulick\u00e9 v\u00e1lce.<\/p>\n<p>&nbsp;<\/p>","protected":false},"excerpt":{"rendered":"<p>Wind Power Series Cylinders \u00a0 The Wind Power Series Cylinders are specifically engineered for the wind energy sector, delivering reliable and efficient performance across various applications. These cylinders play a vital role in controlling the mechanisms that harness wind energy, significantly enhancing the efficiency and effectiveness of wind turbines. Crafted with precision and built to [&hellip;]<\/p>","protected":false},"featured_media":17150,"comment_status":"open","ping_status":"closed","template":"","meta":{"_et_pb_use_builder":"","_et_pb_old_content":"","_et_gb_content_width":""},"product_brand":[],"product_cat":[1552,1513,1376],"product_tag":[],"class_list":{"0":"post-17147","1":"product","2":"type-product","3":"status-publish","4":"has-post-thumbnail","6":"product_cat-stainless-steel-hydraulic-cylinder","7":"product_cat-wind-turbine-hydraulic-cylinders","8":"product_cat-hydraulic-cylinder","10":"first","11":"instock","12":"shipping-taxable","13":"product-type-simple"},"amp_enabled":true,"_links":{"self":[{"href":"https:\/\/www.hydraulic-cylinders.net\/cs\/wp-json\/wp\/v2\/product\/17147","targetHints":{"allow":["GET"]}}],"collection":[{"href":"https:\/\/www.hydraulic-cylinders.net\/cs\/wp-json\/wp\/v2\/product"}],"about":[{"href":"https:\/\/www.hydraulic-cylinders.net\/cs\/wp-json\/wp\/v2\/types\/product"}],"replies":[{"embeddable":true,"href":"https:\/\/www.hydraulic-cylinders.net\/cs\/wp-json\/wp\/v2\/comments?post=17147"}],"wp:featuredmedia":[{"embeddable":true,"href":"https:\/\/www.hydraulic-cylinders.net\/cs\/wp-json\/wp\/v2\/media\/17150"}],"wp:attachment":[{"href":"https:\/\/www.hydraulic-cylinders.net\/cs\/wp-json\/wp\/v2\/media?parent=17147"}],"wp:term":[{"taxonomy":"product_brand","embeddable":true,"href":"https:\/\/www.hydraulic-cylinders.net\/cs\/wp-json\/wp\/v2\/product_brand?post=17147"},{"taxonomy":"product_cat","embeddable":true,"href":"https:\/\/www.hydraulic-cylinders.net\/cs\/wp-json\/wp\/v2\/product_cat?post=17147"},{"taxonomy":"product_tag","embeddable":true,"href":"https:\/\/www.hydraulic-cylinders.net\/cs\/wp-json\/wp\/v2\/product_tag?post=17147"}],"curies":[{"name":"wp","href":"https:\/\/api.w.org\/{rel}","templated":true}]}}