{"id":17316,"date":"2025-03-06T08:26:04","date_gmt":"2025-03-06T08:26:04","guid":{"rendered":"https:\/\/www.hydraulic-cylinders.net\/?post_type=product&#038;p=17316"},"modified":"2025-04-11T05:27:11","modified_gmt":"2025-04-11T05:27:11","slug":"hsg-series-hydraulic-cylinders-for-harvesting-machinery","status":"publish","type":"product","link":"https:\/\/www.hydraulic-cylinders.net\/cs\/produkt\/hsg-series-hydraulic-cylinders-for-harvesting-machinery\/","title":{"rendered":"Hydraulick\u00e9 v\u00e1lce \u0159ady HSG pro skl\u00edzec\u00ed stroje"},"content":{"rendered":"<h1 style=\"text-align: center;\"><strong>Hydraulick\u00e9 v\u00e1lce \u0159ady HSG pro skl\u00edzec\u00ed stroje<br \/>\n<\/strong><\/h1>\n<h1 style=\"text-align: center;\"><strong><img loading=\"lazy\" decoding=\"async\" class=\"alignnone wp-image-17302\" src=\"https:\/\/www.hydraulic-cylinders.net\/wp-content\/uploads\/2025\/03\/Zg-And-Hsg-Series-Hydraulic-Cylinders-For-Harvesting-Machinery-2.webp\" alt=\"\" width=\"500\" height=\"500\" \/><\/strong><\/h1>\n<h1 style=\"text-align: center;\"><strong>\u00a0<\/strong><\/h1>\n<p>Hydraulick\u00e9 v\u00e1lce \u0159ady HSG jsou navr\u017eeny speci\u00e1ln\u011b pro skl\u00edzec\u00ed stroje a poskytuj\u00ed v\u00fdkon a p\u0159esnost nezbytn\u00e9 pro modern\u00ed zem\u011bd\u011blsk\u00e9 operace. Tyto v\u00e1lce zvy\u0161uj\u00ed efektivitu r\u016fzn\u00fdch skl\u00edzec\u00edch \u00fakol\u016f, od zved\u00e1n\u00ed a spou\u0161t\u011bn\u00ed za\u0159\u00edzen\u00ed a\u017e po p\u0159esn\u00e9 man\u00e9vrov\u00e1n\u00ed se stroji. \u0158ada HSG je navr\u017eena tak, aby odolala n\u00e1ro\u010dn\u00fdm zem\u011bd\u011blsk\u00fdm podm\u00ednk\u00e1m, a zaji\u0161\u0165uje spolehliv\u00fd v\u00fdkon a odolnost, co\u017e z nich \u010din\u00ed nepostradatelnou sou\u010d\u00e1st pro jakoukoli skliz\u0148ovou operaci.<br \/>\nHydraulick\u00e9 v\u00e1lce \u0159ady HSG pro skl\u00edzec\u00ed stroje p\u0159edstavuj\u00ed v\u00fdkonn\u00e9 a spolehliv\u00e9 \u0159e\u0161en\u00ed pro modern\u00ed zem\u011bd\u011blsk\u00e9 pot\u0159eby. D\u00edky vysok\u00e9 nosnosti, odoln\u00e9 konstrukci a pokro\u010dil\u00e9 technologii t\u011bsn\u011bn\u00ed tyto v\u00e1lce zvy\u0161uj\u00ed v\u00fdkon skl\u00edzec\u00edch stroj\u016f. Dodr\u017eov\u00e1n\u00edm doporu\u010den\u00fdch postup\u016f pou\u017e\u00edv\u00e1n\u00ed a \u00fadr\u017eby si obsluha m\u016f\u017ee zajistit, aby jej\u00ed stroje fungovaly co nejl\u00e9pe, co\u017e p\u0159isp\u00edv\u00e1 k \u00fasp\u011b\u0161n\u00e9 sklizni a vy\u0161\u0161\u00ed produktivit\u011b na poli. Investice do hydraulick\u00fdch v\u00e1lc\u016f \u0159ady HSG znamen\u00e1 volbu efektivity, odolnosti a p\u0159esnosti pro va\u0161e zem\u011bd\u011blsk\u00e9 operace.<\/p>\n<h2><strong>Hydraulick\u00e9 v\u00e1lce \u0159ady HSG pro stavebn\u00ed stroje <\/strong><strong>Parametry:<\/strong><\/h2>\n<h1 style=\"text-align: center;\"><strong><img loading=\"lazy\" decoding=\"async\" class=\"alignnone size-full wp-image-17300\" src=\"https:\/\/www.hydraulic-cylinders.net\/wp-content\/uploads\/2025\/03\/Zg-And-Hsg-Series-Hydraulic-Cylinders-For-Harvesting-Machinery-parameter.webp\" alt=\"\" width=\"2265\" height=\"607\" srcset=\"https:\/\/www.hydraulic-cylinders.net\/wp-content\/uploads\/2025\/03\/Zg-And-Hsg-Series-Hydraulic-Cylinders-For-Harvesting-Machinery-parameter.webp 2265w, https:\/\/www.hydraulic-cylinders.net\/wp-content\/uploads\/2025\/03\/Zg-And-Hsg-Series-Hydraulic-Cylinders-For-Harvesting-Machinery-parameter-1280x343.webp 1280w, https:\/\/www.hydraulic-cylinders.net\/wp-content\/uploads\/2025\/03\/Zg-And-Hsg-Series-Hydraulic-Cylinders-For-Harvesting-Machinery-parameter-980x263.webp 980w, https:\/\/www.hydraulic-cylinders.net\/wp-content\/uploads\/2025\/03\/Zg-And-Hsg-Series-Hydraulic-Cylinders-For-Harvesting-Machinery-parameter-480x129.webp 480w\" sizes=\"(min-width: 0px) and (max-width: 480px) 480px, (min-width: 481px) and (max-width: 980px) 980px, (min-width: 981px) and (max-width: 1280px) 1280px, (min-width: 1281px) 2265px, 100vw\" \/><\/strong><\/h1>\n<h2><strong>Hydraulick\u00e9 v\u00e1lce \u0159ady HSG pro stavebn\u00ed stroje <\/strong><strong> Kl\u00ed\u010dov\u00e9 vlastnosti:<\/strong><\/h2>\n<h4><strong>V\u00fdjime\u010dn\u00e1 manipulace s n\u00e1kladem<\/strong><\/h4>\n<p>Hydraulick\u00e9 v\u00e1lce \u0159ady HSG vynikaj\u00ed v zvl\u00e1d\u00e1n\u00ed t\u011b\u017ek\u00fdch b\u0159emen a umo\u017e\u0148uj\u00ed skl\u00edzec\u00edm stroj\u016fm snadno zvedat a manipulovat s podstatn\u00fdmi sou\u010d\u00e1stmi. Tato v\u00fdkonn\u00e1 funkce zvy\u0161uje provozn\u00ed efektivitu a umo\u017e\u0148uje obsluze rychle zvl\u00e1dat \u00fakoly, \u010d\u00edm\u017e maximalizuje produktivitu b\u011bhem n\u00e1ro\u010dn\u00fdch obdob\u00ed sklizn\u011b.<\/p>\n<h4><strong>Robustn\u00ed a odoln\u00e1 konstrukce<\/strong><\/h4>\n<p>Tyto hydraulick\u00e9 v\u00e1lce jsou vyrobeny z vysoce kvalitn\u00edch materi\u00e1l\u016f a jsou navr\u017eeny tak, aby odolaly n\u00e1ro\u010dn\u00fdm podm\u00ednk\u00e1m zem\u011bd\u011blsk\u00e9ho prost\u0159ed\u00ed. Jejich odoln\u00e1 konstrukce minimalizuje opot\u0159eben\u00ed, zaji\u0161\u0165uje dlouhodob\u00fd v\u00fdkon a sni\u017euje p\u0159eru\u0161en\u00ed \u00fadr\u017eby. Tato spolehlivost zaji\u0161\u0165uje hladk\u00fd chod provozu a umo\u017e\u0148uje zem\u011bd\u011blc\u016fm soust\u0159edit se na svou pr\u00e1ci bez zbyte\u010dn\u00fdch prostoj\u016f.<\/p>\n<h4><strong>Vynikaj\u00edc\u00ed p\u0159esn\u00e9 in\u017een\u00fdrstv\u00ed<\/strong><\/h4>\n<p>Ka\u017ed\u00fd v\u00e1lec \u0159ady HSG proch\u00e1z\u00ed pe\u010dliv\u00fdmi v\u00fdrobn\u00edmi procesy, kter\u00e9 zaru\u010duj\u00ed p\u0159esn\u00e9 rozm\u011bry. Tato pozornost k detail\u016fm optimalizuje hydraulick\u00fd v\u00fdkon, co\u017e vede k plynulej\u0161\u00edmu provozu a lep\u0161\u00edmu ovl\u00e1d\u00e1n\u00ed b\u011bhem skliz\u0148ov\u00fdch prac\u00ed. Obsluha t\u011b\u017e\u00ed ze zv\u00fd\u0161en\u00fdch reakc\u00ed, d\u00edky \u010demu\u017e jsou slo\u017eit\u00e9 man\u00e9vry l\u00e9pe zvl\u00e1dnuteln\u00e9 a efektivn\u011bj\u0161\u00ed.<\/p>\n<h4><strong>\u0160irok\u00e1 kompatibilita<\/strong><\/h4>\n<p>V\u00e1lce \u0159ady HSG jsou navr\u017eeny pro bezprobl\u00e9movou integraci s \u0161irokou \u0161k\u00e1lou model\u016f skl\u00edzec\u00edch stroj\u016f. Tato v\u0161estrannost usnad\u0148uje obsluze p\u0159izp\u016fsobit se r\u016fzn\u00fdm zem\u011bd\u011blsk\u00fdm aplikac\u00edm bez nutnosti rozs\u00e1hl\u00fdch \u00faprav. Takov\u00e1 kompatibilita zjednodu\u0161uje modernizaci a zaji\u0161\u0165uje, \u017ee za\u0159\u00edzen\u00ed z\u016fstane flexibiln\u00ed a efektivn\u00ed p\u0159i pln\u011bn\u00ed r\u016fzn\u00fdch \u00fakol\u016f.<\/p>\n<h4><strong>Inovativn\u00ed prevence \u00fanik\u016f<\/strong><\/h4>\n<p>D\u00edky pokro\u010dil\u00e9 technologii t\u011bsn\u011bn\u00ed tyto hydraulick\u00e9 v\u00e1lce v\u00fdrazn\u011b minimalizuj\u00ed riziko \u00faniku hydraulick\u00e9 kapaliny. Tato inovace nejen zvy\u0161uje efektivitu, ale tak\u00e9 sni\u017euje n\u00e1klady na \u00fadr\u017ebu, co\u017e umo\u017e\u0148uje obsluze soust\u0159edit se na sklize\u0148. Zaji\u0161t\u011bn\u00edm spolehliv\u00e9ho hydraulick\u00e9ho syst\u00e9mu tyto v\u00e1lce zvy\u0161uj\u00ed celkovou provozn\u00ed efektivitu.<\/p>\n<p>Hydraulick\u00e9 v\u00e1lce \u0159ady HSG vynikaj\u00ed svou v\u00fdjime\u010dnou manipulac\u00ed s n\u00e1kladem, robustn\u00ed konstrukc\u00ed, vynikaj\u00edc\u00ed p\u0159esnost\u00ed, \u0161irokou kompatibilitou a inovativn\u00ed ochranou proti \u00fanik\u016fm. D\u00edky t\u011bmto vlastnostem jsou nepostradateln\u00fdm n\u00e1strojem pro jakoukoli sklize\u0148 a zaji\u0161\u0165uj\u00ed efektivitu a spolehlivost na poli. Volbou v\u00e1lc\u016f \u0159ady HSG investuj\u00ed obsluha do \u0159e\u0161en\u00ed, kter\u00e9 zvy\u0161uje produktivitu a podporuje \u00fasp\u011b\u0161n\u00e9 zem\u011bd\u011blsk\u00e9 v\u00fdsledky.<\/p>\n<h2><strong>Hydraulick\u00e9 v\u00e1lce \u0159ady HSG pro stavebn\u00ed stroje <\/strong><strong> Aplikace:<\/strong><\/h2>\n<h1 style=\"text-align: center;\"><strong><img loading=\"lazy\" decoding=\"async\" class=\"alignnone size-full wp-image-17301\" src=\"https:\/\/www.hydraulic-cylinders.net\/wp-content\/uploads\/2025\/03\/Zg-And-Hsg-Series-Hydraulic-Cylinders-For-Harvesting-Machinery-1.webp\" alt=\"\" width=\"2481\" height=\"685\" srcset=\"https:\/\/www.hydraulic-cylinders.net\/wp-content\/uploads\/2025\/03\/Zg-And-Hsg-Series-Hydraulic-Cylinders-For-Harvesting-Machinery-1.webp 2481w, https:\/\/www.hydraulic-cylinders.net\/wp-content\/uploads\/2025\/03\/Zg-And-Hsg-Series-Hydraulic-Cylinders-For-Harvesting-Machinery-1-1280x353.webp 1280w, https:\/\/www.hydraulic-cylinders.net\/wp-content\/uploads\/2025\/03\/Zg-And-Hsg-Series-Hydraulic-Cylinders-For-Harvesting-Machinery-1-980x271.webp 980w, https:\/\/www.hydraulic-cylinders.net\/wp-content\/uploads\/2025\/03\/Zg-And-Hsg-Series-Hydraulic-Cylinders-For-Harvesting-Machinery-1-480x133.webp 480w\" sizes=\"(min-width: 0px) and (max-width: 480px) 480px, (min-width: 481px) and (max-width: 980px) 980px, (min-width: 981px) and (max-width: 1280px) 1280px, (min-width: 1281px) 2481px, 100vw\" \/><\/strong><\/h1>\n<h2><strong>Hydraulick\u00e9 v\u00e1lce \u0159ady HSG pro stavebn\u00ed stroje <\/strong><strong> Zp\u016fsob pou\u017eit\u00ed:<\/strong><\/h2>\n<p>Pou\u017e\u00edv\u00e1n\u00ed hydraulick\u00fdch v\u00e1lc\u016f \u0159ady HSG je jednoduch\u00fd proces, kter\u00fd v\u00fdrazn\u011b zvy\u0161uje v\u00fdkon skl\u00edzec\u00edch stroj\u016f. Pro maximalizaci jejich \u00fa\u010dinnosti a zaji\u0161t\u011bn\u00ed spolehliv\u00e9ho provozu postupujte podle t\u011bchto krok\u016f:<\/p>\n<h4><strong>Instalace<\/strong><\/h4>\n<p>Za\u010dn\u011bte bezpe\u010dnou mont\u00e1\u017e\u00ed hydraulick\u00fdch v\u00e1lc\u016f na skl\u00edzec\u00ed stroj pomoc\u00ed standardn\u00edch armatur. V\u011bnujte \u010das zaji\u0161t\u011bn\u00ed t\u011bsnosti v\u0161ech spoj\u016f, proto\u017ee i drobn\u00e9 net\u011bsnosti mohou v\u00e9st k v\u00fdznamn\u00fdm probl\u00e9m\u016fm s v\u00fdkonem. Dob\u0159e proveden\u00e1 instalace nejen zaru\u010duje bezpe\u010dnost, ale tak\u00e9 p\u0159ipravuje p\u016fdu pro optim\u00e1ln\u00ed hydraulickou funkci. Dvojit\u00e1 kontrola pr\u00e1ce p\u0159ed dal\u0161\u00edm postupem v\u00e1m m\u016f\u017ee u\u0161et\u0159it potenci\u00e1ln\u00ed bolesti hlavy v budoucnu.<\/p>\n<h4><strong>P\u0159ipojen\u00ed hydraulick\u00fdch potrub\u00ed<\/strong><\/h4>\n<p>D\u00e1le p\u0159ipojte hydraulick\u00e9 potrub\u00ed k v\u00e1lc\u016fm a pe\u010dliv\u011b dodr\u017eujte spr\u00e1vn\u00fd sm\u011br pr\u016ftoku uveden\u00fd v n\u00e1vodu k obsluze za\u0159\u00edzen\u00ed. Spr\u00e1vn\u00e9 p\u0159ipojen\u00ed je nezbytn\u00e9 pro dosa\u017een\u00ed maxim\u00e1ln\u00edho hydraulick\u00e9ho v\u00fdkonu; nespr\u00e1vn\u00e9 nastaven\u00ed m\u016f\u017ee br\u00e1nit pohybu kapaliny a dokonce po\u0161kodit syst\u00e9m. Ujist\u011bte se, \u017ee potrub\u00ed nen\u00ed zalomen\u00e9 nebo p\u0159ek\u00e1\u017eej\u00edc\u00ed, aby byl zaji\u0161t\u011bn plynul\u00fd tok kapaliny. Tato pozornost k detail\u016fm zaji\u0161\u0165uje, \u017ee hydraulick\u00fd syst\u00e9m pracuje efektivn\u011b a umo\u017e\u0148uje pohotov\u00fd a v\u00fdkonn\u00fd provoz stroje.<\/p>\n<h4><strong>Operace<\/strong><\/h4>\n<p>Jakmile je instalace a p\u0159ipojen\u00ed dokon\u010deno, m\u016f\u017ee obsluha p\u0159evz\u00edt plnou kontrolu nad pohyby skl\u00edzec\u00edch stroj\u016f. Hydraulick\u00fd syst\u00e9m umo\u017e\u0148uje u\u017eivatel\u016fm zvedat, spou\u0161t\u011bt a man\u00e9vrovat se za\u0159\u00edzen\u00edm s pozoruhodnou p\u0159esnost\u00ed. Tato \u00farove\u0148 ovl\u00e1d\u00e1n\u00ed zjednodu\u0161uje \u0159adu \u00fakol\u016f, a\u0165 u\u017e se jedn\u00e1 o nastaven\u00ed v\u00fd\u0161ky \u017eac\u00edho n\u00e1\u0159ad\u00ed nebo navigaci v t\u011bsn\u00fdch prostorech na poli. S \u0159adou HSG m\u016f\u017ee obsluha s jistotou prov\u00e1d\u011bt slo\u017eit\u00e9 man\u00e9vry, co\u017e vede ke zv\u00fd\u0161en\u00ed efektivity a produktivity b\u011bhem n\u00e1ro\u010dn\u00fdch skliz\u0148ov\u00fdch sez\u00f3n.<\/p>\n<h4><strong>Monitorov\u00e1n\u00ed v\u00fdkonu<\/strong><\/h4>\n<p>Pravideln\u00e9 sledov\u00e1n\u00ed hydraulick\u00e9ho syst\u00e9mu je z\u00e1sadn\u00ed pro udr\u017een\u00ed optim\u00e1ln\u00edho v\u00fdkonu. Pravideln\u011b kontrolujte hladinu hydraulick\u00e9 kapaliny a tlakom\u011bry. Dodr\u017eov\u00e1n\u00ed parametr\u016f doporu\u010den\u00fdch v\u00fdrobcem pom\u00e1h\u00e1 identifikovat potenci\u00e1ln\u00ed probl\u00e9my d\u0159\u00edve, ne\u017e povedou k n\u00e1kladn\u00fdm oprav\u00e1m. Tento proaktivn\u00ed p\u0159\u00edstup nejen zaji\u0161\u0165uje, \u017ee stroj pracuje co nejl\u00e9pe, ale tak\u00e9 prodlu\u017euje \u017eivotnost hydraulick\u00fdch komponent\u016f. Pe\u010dliv\u00fdm sledov\u00e1n\u00edm v\u00fdkonu syst\u00e9mu mohou oper\u00e1to\u0159i udr\u017eovat spolehliv\u00fd a efektivn\u00ed proces sklizn\u011b.<\/p>\n<p>Dodr\u017een\u00edm t\u011bchto jednoduch\u00fdch krok\u016f pro instalaci, p\u0159ipojen\u00ed hydraulick\u00fdch potrub\u00ed, provoz a monitorov\u00e1n\u00ed v\u00fdkonu mohou oper\u00e1to\u0159i pln\u011b vyu\u017e\u00edt potenci\u00e1l hydraulick\u00fdch v\u00e1lc\u016f \u0159ady HSG ve sv\u00fdch skl\u00edzec\u00edch stroj\u00edch. Tento p\u0159\u00edstup nejen zvy\u0161uje produktivitu, ale tak\u00e9 zaji\u0161\u0165uje spolehliv\u00fd provoz, co\u017e vede k \u00fasp\u011b\u0161n\u00fdm zem\u011bd\u011blsk\u00fdm v\u00fdsledk\u016fm. P\u0159ijet\u00ed t\u011bchto postup\u016f znamen\u00e1 investici do plynulej\u0161\u00edho a efektivn\u011bj\u0161\u00edho procesu sklizn\u011b.<\/p>\n<h2><strong>Zku\u0161ebn\u00ed za\u0159\u00edzen\u00ed:<\/strong><\/h2>\n<p><strong><img loading=\"lazy\" decoding=\"async\" class=\"alignnone size-full wp-image-17293\" src=\"https:\/\/www.hydraulic-cylinders.net\/wp-content\/uploads\/2025\/03\/test-equipment.webp-2.webp\" alt=\"\" width=\"1932\" height=\"1741\" srcset=\"https:\/\/www.hydraulic-cylinders.net\/wp-content\/uploads\/2025\/03\/test-equipment.webp-2.webp 1932w, https:\/\/www.hydraulic-cylinders.net\/wp-content\/uploads\/2025\/03\/test-equipment.webp-2-1280x1153.webp 1280w, https:\/\/www.hydraulic-cylinders.net\/wp-content\/uploads\/2025\/03\/test-equipment.webp-2-980x883.webp 980w, https:\/\/www.hydraulic-cylinders.net\/wp-content\/uploads\/2025\/03\/test-equipment.webp-2-480x433.webp 480w\" sizes=\"(min-width: 0px) and (max-width: 480px) 480px, (min-width: 481px) and (max-width: 980px) 980px, (min-width: 981px) and (max-width: 1280px) 1280px, (min-width: 1281px) 1932px, 100vw\" \/><\/strong><\/p>\n<ul>\n<li>1: Zku\u0161ebn\u00ed komora se solnou mlhou<\/li>\n<li>2: Chemick\u00e1 anal\u00fdza<\/li>\n<li>3: Stroj na zkou\u0161en\u00ed tahem<\/li>\n<li>4: Rockwell\u016fv tvrdom\u011br<\/li>\n<li>5: Stroj na testov\u00e1n\u00ed \u010distoty<\/li>\n<li>6: Tester tvrdosti TH110 s odrazem<\/li>\n<li>7: M\u011b\u0159idlo tlou\u0161\u0165ky povlaku<\/li>\n<li>8: Zkou\u0161ka n\u00e1razem kyvadla<\/li>\n<\/ul>\n<p><img loading=\"lazy\" decoding=\"async\" class=\"alignnone size-full wp-image-17292\" src=\"https:\/\/www.hydraulic-cylinders.net\/wp-content\/uploads\/2025\/03\/test-equipment.webp-1.webp\" alt=\"\" width=\"1600\" height=\"1216\" srcset=\"https:\/\/www.hydraulic-cylinders.net\/wp-content\/uploads\/2025\/03\/test-equipment.webp-1.webp 1600w, https:\/\/www.hydraulic-cylinders.net\/wp-content\/uploads\/2025\/03\/test-equipment.webp-1-1280x973.webp 1280w, https:\/\/www.hydraulic-cylinders.net\/wp-content\/uploads\/2025\/03\/test-equipment.webp-1-980x745.webp 980w, https:\/\/www.hydraulic-cylinders.net\/wp-content\/uploads\/2025\/03\/test-equipment.webp-1-480x365.webp 480w\" sizes=\"(min-width: 0px) and (max-width: 480px) 480px, (min-width: 481px) and (max-width: 980px) 980px, (min-width: 981px) and (max-width: 1280px) 1280px, (min-width: 1281px) 1600px, 100vw\" \/><\/p>\n<p>Na\u0161e spole\u010dnost pova\u017euje kvalitu za z\u00e1klad na\u0161eho \u00fasp\u011bchu. Abychom tento z\u00e1vazek dodr\u017eeli, investovali jsme do nejmodern\u011bj\u0161\u00edho dom\u00e1c\u00edho testovac\u00edho a laboratorn\u00edho vybaven\u00ed, kter\u00e9 podporuje t\u00fdm vysoce kvalifikovan\u00fdch odborn\u00edk\u016f v oblasti v\u011bdy a techniky.<\/p>\n<p>Udr\u017eujeme p\u0159\u00edsn\u00fd syst\u00e9m \u0159\u00edzen\u00ed kvality, kter\u00fd spl\u0148uje oborov\u00e9 standardy a zaji\u0161\u0165uje, aby ka\u017ed\u00e1 \u0161ar\u017ee produkt\u016f, kter\u00e9 vyr\u00e1b\u00edme, spl\u0148ovala nejvy\u0161\u0161\u00ed krit\u00e9ria kvality. Standardizac\u00ed na\u0161ich operac\u00ed a neust\u00e1l\u00fdm sledov\u00e1n\u00edm na\u0161ich proces\u016f zaji\u0161\u0165ujeme, aby na\u0161i z\u00e1kazn\u00edci dost\u00e1vali jen to nejlep\u0161\u00ed.<\/p>\n<p>Toto neochv\u011bjn\u00e9 \u00fasil\u00ed o kvalitu nejen zvy\u0161uje spolehlivost na\u0161ich produkt\u016f, ale tak\u00e9 buduje d\u016fv\u011bru a spokojenost na\u0161ich klient\u016f. V\u011b\u0159\u00edme, \u017ee up\u0159ednost\u0148ov\u00e1n\u00edm excelence v ka\u017ed\u00e9m aspektu na\u0161\u00ed v\u00fdroby p\u0159isp\u00edv\u00e1me k \u00fasp\u011bchu na\u0161ich partner\u016f a cel\u00e9ho odv\u011btv\u00ed. Spole\u010dn\u011b usilujeme o inovace a kvalitu, kter\u00e9 vydr\u017e\u00ed dlouhodob\u011b.<\/p>\n<h2><strong>V\u00fdrobn\u00ed z\u00e1vod hydraulick\u00fdch v\u00e1lc\u016f:<\/strong><\/h2>\n<p>Na\u0161e spole\u010dnost je p\u0159edn\u00edm v\u00fdrobcem specializuj\u00edc\u00edm se na hydraulick\u00e9 v\u00e1lce, a to d\u00edky vlastn\u00edmu nez\u00e1visl\u00e9mu v\u00fdzkumu, v\u00fdvoji a konstruk\u010dn\u00edm schopnostem. D\u00edky modern\u00edmu za\u0159\u00edzen\u00ed, kter\u00e9 obsahuje v\u00edce ne\u017e 170 b\u011b\u017en\u00fdch obr\u00e1b\u011bc\u00edch stroj\u016f, CNC stroj\u016f, obr\u00e1b\u011bc\u00edch center, sva\u0159ovac\u00edch za\u0159\u00edzen\u00ed a specializovan\u00fdch testovac\u00edch a kontroln\u00edch n\u00e1stroj\u016f, jsme dob\u0159e vybaveni k uspokojen\u00ed rozmanit\u00fdch pr\u016fmyslov\u00fdch po\u017eadavk\u016f.<\/p>\n<p>D\u00edky let\u016fm nashrom\u00e1\u017ed\u011bn\u00fdch technologick\u00fdch znalost\u00ed a zdokonalov\u00e1n\u00ed proces\u016f jsme vybudovali vysp\u011bl\u00fd v\u00fdrobn\u00ed proces, kter\u00fd bezprobl\u00e9mov\u011b integruje v\u00fdzkum a v\u00fdvoj s v\u00fdrobou. Tato integrace se stala na\u0161\u00ed hlavn\u00ed konkuren\u010dn\u00ed v\u00fdhodou, kter\u00e1 n\u00e1m umo\u017e\u0148uje navrhovat a vyr\u00e1b\u011bt \u0161irokou \u0161k\u00e1lu hydraulick\u00fdch v\u00e1lc\u016f p\u0159izp\u016fsoben\u00fdch specifick\u00fdm po\u017eadavk\u016fm z\u00e1kazn\u00edk\u016f.<\/p>\n<p>Na\u0161e produkty se \u0161iroce pou\u017e\u00edvaj\u00ed v r\u016fzn\u00fdch odv\u011btv\u00edch, v\u010detn\u011b zem\u011bd\u011blsk\u00fdch stroj\u016f, stavebn\u00edch za\u0159\u00edzen\u00ed, vozidel, silni\u010dn\u00edho in\u017een\u00fdrstv\u00ed a specializovan\u00fdch stroj\u016f. S hrdost\u00ed podporujeme \u0159adu v\u00fdrobc\u016f origin\u00e1ln\u00edho vybaven\u00ed (OEM), v\u010detn\u011b spole\u010dnost\u00ed Bonong Xingda, Bojin Hummer, Jilin Ruifeng, Debang Dawei, Shandong Yineng Heavy Industry, Tai'an Modern Heavy Industry a Shifeng Group.<\/p>\n<p><img loading=\"lazy\" decoding=\"async\" class=\"alignnone size-full wp-image-17290\" src=\"https:\/\/www.hydraulic-cylinders.net\/wp-content\/uploads\/2025\/03\/production-site-1.webp\" alt=\"\" width=\"1971\" height=\"2253\" srcset=\"https:\/\/www.hydraulic-cylinders.net\/wp-content\/uploads\/2025\/03\/production-site-1.webp 1971w, https:\/\/www.hydraulic-cylinders.net\/wp-content\/uploads\/2025\/03\/production-site-1-1280x1463.webp 1280w, https:\/\/www.hydraulic-cylinders.net\/wp-content\/uploads\/2025\/03\/production-site-1-980x1120.webp 980w, https:\/\/www.hydraulic-cylinders.net\/wp-content\/uploads\/2025\/03\/production-site-1-480x549.webp 480w\" sizes=\"(min-width: 0px) and (max-width: 480px) 480px, (min-width: 481px) and (max-width: 980px) 980px, (min-width: 981px) and (max-width: 1280px) 1280px, (min-width: 1281px) 1971px, 100vw\" \/><\/p>\n<p>Jsme odhodl\u00e1ni poskytovat v\u00fdjime\u010dn\u00e9 slu\u017eby prost\u0159ednictv\u00edm siln\u00e9 politiky kvality, kter\u00e1 klade d\u016fraz na neust\u00e1l\u00e9 inovace ve v\u00fdzkumu a v\u00fdvoji, \u0159\u00edzen\u00ed, kontrole kvality a z\u00e1kaznick\u00e9m servisu. N\u00e1\u0161 z\u00e1vazek ke kvalit\u011b byl ocen\u011bn certifikac\u00ed ISO\/TS16949, kter\u00e1 zaji\u0161\u0165uje, \u017ee nejen spl\u0148ujeme, ale tak\u00e9 trvale p\u0159ekra\u010dujeme o\u010dek\u00e1v\u00e1n\u00ed na\u0161ich klient\u016f.<\/p>\n<p>S v\u00fdhledem do budoucna budeme i nad\u00e1le zdokonalovat na\u0161e technologie a roz\u0161i\u0159ovat na\u0161e mo\u017enosti s v\u017edy c\u00edlem poskytovat na\u0161im z\u00e1kazn\u00edk\u016fm produkty a slu\u017eby nejvy\u0161\u0161\u00ed kvality. Spole\u010dn\u011b vytv\u00e1\u0159\u00edme tradici excelence v odv\u011btv\u00ed hydraulick\u00fdch v\u00e1lc\u016f.<\/p>\n<p><strong>\u00a0<\/strong><\/p>","protected":false},"excerpt":{"rendered":"<p>HSG Series Hydraulic Cylinders For Harvesting Machinery \u00a0 The HSG Series Hydraulic Cylinders are engineered specifically for harvesting machinery, providing the power and precision necessary for modern agricultural operations. These cylinders enhance the efficiency of various harvesting tasks, from lifting and lowering equipment to precise maneuvering of machinery. Designed to withstand the rigors of agricultural [&hellip;]<\/p>","protected":false},"featured_media":17312,"comment_status":"open","ping_status":"closed","template":"","meta":{"_et_pb_use_builder":"","_et_pb_old_content":"","_et_gb_content_width":""},"product_brand":[],"product_cat":[1550,1528,1376],"product_tag":[],"class_list":{"0":"post-17316","1":"product","2":"type-product","3":"status-publish","4":"has-post-thumbnail","6":"product_cat-double-acting-hydraulic-cylinder","7":"product_cat-harvesting-machinery-hydraulic-cylinders","8":"product_cat-hydraulic-cylinder","10":"first","11":"instock","12":"shipping-taxable","13":"product-type-simple"},"amp_enabled":true,"_links":{"self":[{"href":"https:\/\/www.hydraulic-cylinders.net\/cs\/wp-json\/wp\/v2\/product\/17316","targetHints":{"allow":["GET"]}}],"collection":[{"href":"https:\/\/www.hydraulic-cylinders.net\/cs\/wp-json\/wp\/v2\/product"}],"about":[{"href":"https:\/\/www.hydraulic-cylinders.net\/cs\/wp-json\/wp\/v2\/types\/product"}],"replies":[{"embeddable":true,"href":"https:\/\/www.hydraulic-cylinders.net\/cs\/wp-json\/wp\/v2\/comments?post=17316"}],"wp:featuredmedia":[{"embeddable":true,"href":"https:\/\/www.hydraulic-cylinders.net\/cs\/wp-json\/wp\/v2\/media\/17312"}],"wp:attachment":[{"href":"https:\/\/www.hydraulic-cylinders.net\/cs\/wp-json\/wp\/v2\/media?parent=17316"}],"wp:term":[{"taxonomy":"product_brand","embeddable":true,"href":"https:\/\/www.hydraulic-cylinders.net\/cs\/wp-json\/wp\/v2\/product_brand?post=17316"},{"taxonomy":"product_cat","embeddable":true,"href":"https:\/\/www.hydraulic-cylinders.net\/cs\/wp-json\/wp\/v2\/product_cat?post=17316"},{"taxonomy":"product_tag","embeddable":true,"href":"https:\/\/www.hydraulic-cylinders.net\/cs\/wp-json\/wp\/v2\/product_tag?post=17316"}],"curies":[{"name":"wp","href":"https:\/\/api.w.org\/{rel}","templated":true}]}}