{"id":17332,"date":"2025-03-07T07:58:20","date_gmt":"2025-03-07T07:58:20","guid":{"rendered":"https:\/\/www.hydraulic-cylinders.net\/?post_type=product&#038;p=17332"},"modified":"2025-04-11T05:31:12","modified_gmt":"2025-04-11T05:31:12","slug":"bi-directional-scriber-cylinder-for-no-tillage-machines","status":"publish","type":"product","link":"https:\/\/www.hydraulic-cylinders.net\/cs\/produkt\/bi-directional-scriber-cylinder-for-no-tillage-machines\/","title":{"rendered":"Obousm\u011brn\u00fd v\u00e1lec r\u00fdsovac\u00edho hrnce pro stroje bez orby"},"content":{"rendered":"<h1 style=\"text-align: center;\"><strong>Obousm\u011brn\u00fd v\u00e1lec r\u00fdsovac\u00edho hrnce pro stroje bez orby<br \/>\n<img loading=\"lazy\" decoding=\"async\" class=\"alignnone wp-image-17269\" src=\"https:\/\/www.hydraulic-cylinders.net\/wp-content\/uploads\/2025\/03\/bi-directional-scriber-cylinder-1.webp\" alt=\"\" width=\"500\" height=\"499\" srcset=\"https:\/\/www.hydraulic-cylinders.net\/wp-content\/uploads\/2025\/03\/bi-directional-scriber-cylinder-1.webp 500w, https:\/\/www.hydraulic-cylinders.net\/wp-content\/uploads\/2025\/03\/bi-directional-scriber-cylinder-1-480x479.webp 480w\" sizes=\"(min-width: 0px) and (max-width: 480px) 480px, (min-width: 481px) 500px, 100vw\" \/><br \/>\n<\/strong><\/h1>\n<p>Dvousm\u011brn\u00fd v\u00e1lec r\u00fdsovac\u00edho za\u0159\u00edzen\u00ed je kl\u00ed\u010dovou sou\u010d\u00e1st\u00ed stroj\u016f pro bezorebn\u00e9 zpracov\u00e1n\u00ed p\u016fdy, kter\u00e9 v\u00fdrazn\u011b zvy\u0161uj\u00ed jejich efektivitu p\u0159i p\u0159\u00edprav\u011b p\u016fdy a set\u00ed. Tento inovativn\u00ed v\u00e1lec umo\u017e\u0148uje p\u0159esn\u00e9 a v\u0161estrann\u00e9 hospoda\u0159en\u00ed s p\u016fdou, co\u017e zem\u011bd\u011blc\u016fm umo\u017e\u0148uje vytv\u00e1\u0159et optim\u00e1ln\u00ed podm\u00ednky pro set\u00ed a z\u00e1rove\u0148 zachovat strukturu p\u016fdy. Vyu\u017eit\u00edm pokro\u010dil\u00e9 hydraulick\u00e9 technologie dvousm\u011brn\u00fd v\u00e1lec r\u00fdsovac\u00edho za\u0159\u00edzen\u00ed zlep\u0161uje provozn\u00ed efektivitu a maximalizuje v\u00fdnosy plodin.<\/p>\n<p>Jako\u017eto nezbytn\u00fd n\u00e1stroj pro modern\u00ed bezorebn\u00e9 postupy zvy\u0161uje obousm\u011brn\u00fd ryc\u00ed v\u00e1lec p\u0159esnost a efektivitu obhospoda\u0159ov\u00e1n\u00ed p\u016fdy. Jeho robustn\u00ed konstrukce, obousm\u011brn\u00e1 funk\u010dnost a snadn\u00e1 instalace umo\u017e\u0148uj\u00ed zem\u011bd\u011blc\u016fm udr\u017eovat ide\u00e1ln\u00ed podm\u00ednky pro set\u00ed s minim\u00e1ln\u00edm naru\u0161en\u00edm p\u016fdy. Dodr\u017eov\u00e1n\u00edm spr\u00e1vn\u00fdch pokyn\u016f pro pou\u017e\u00edv\u00e1n\u00ed a \u00fadr\u017ebu si u\u017eivatel\u00e9 mohou zajistit spolehliv\u00fd v\u00fdkon, co\u017e vede k vy\u0161\u0161\u00edm v\u00fdnos\u016fm plodin a \u00fasp\u011b\u0161n\u00fdm zem\u011bd\u011blsk\u00fdm v\u00fdsledk\u016fm. Investice do obousm\u011brn\u00e9ho ryc\u00edho v\u00e1lce je chytr\u00fdm rozhodnut\u00edm pro ka\u017ed\u00fd zem\u011bd\u011blsk\u00fd podnik, kter\u00fd chce zv\u00fd\u0161it produktivitu a prosazovat udr\u017eiteln\u00e9 postupy.<\/p>\n<h2><strong>Obousm\u011brn\u00fd v\u00e1lec r\u00fdsovac\u00edho hrnce pro stroje bez orby Parametr:<\/strong><\/h2>\n<h1 style=\"text-align: center;\"><strong><img loading=\"lazy\" decoding=\"async\" class=\"alignnone size-full wp-image-17283\" src=\"https:\/\/www.hydraulic-cylinders.net\/wp-content\/uploads\/2025\/03\/hydraulic-cylinders-for-no-tillage-machines-parameter-1.webp\" alt=\"\" width=\"2237\" height=\"1271\" srcset=\"https:\/\/www.hydraulic-cylinders.net\/wp-content\/uploads\/2025\/03\/hydraulic-cylinders-for-no-tillage-machines-parameter-1.webp 2237w, https:\/\/www.hydraulic-cylinders.net\/wp-content\/uploads\/2025\/03\/hydraulic-cylinders-for-no-tillage-machines-parameter-1-1280x727.webp 1280w, https:\/\/www.hydraulic-cylinders.net\/wp-content\/uploads\/2025\/03\/hydraulic-cylinders-for-no-tillage-machines-parameter-1-980x557.webp 980w, https:\/\/www.hydraulic-cylinders.net\/wp-content\/uploads\/2025\/03\/hydraulic-cylinders-for-no-tillage-machines-parameter-1-480x273.webp 480w\" sizes=\"(min-width: 0px) and (max-width: 480px) 480px, (min-width: 481px) and (max-width: 980px) 980px, (min-width: 981px) and (max-width: 1280px) 1280px, (min-width: 1281px) 2237px, 100vw\" \/><\/strong><\/h1>\n<h2><strong>Obousm\u011brn\u00fd v\u00e1lec r\u00fdsovac\u00edho hrotu pro stroje bez orby Pou\u017eit\u00ed:<\/strong><\/h2>\n<p><img loading=\"lazy\" decoding=\"async\" class=\"alignnone size-full wp-image-17282\" src=\"https:\/\/www.hydraulic-cylinders.net\/wp-content\/uploads\/2025\/03\/hydraulic-cylinders-for-no-tillage-machines-application-1.webp\" alt=\"\" width=\"2273\" height=\"976\" srcset=\"https:\/\/www.hydraulic-cylinders.net\/wp-content\/uploads\/2025\/03\/hydraulic-cylinders-for-no-tillage-machines-application-1.webp 2273w, https:\/\/www.hydraulic-cylinders.net\/wp-content\/uploads\/2025\/03\/hydraulic-cylinders-for-no-tillage-machines-application-1-1280x550.webp 1280w, https:\/\/www.hydraulic-cylinders.net\/wp-content\/uploads\/2025\/03\/hydraulic-cylinders-for-no-tillage-machines-application-1-980x421.webp 980w, https:\/\/www.hydraulic-cylinders.net\/wp-content\/uploads\/2025\/03\/hydraulic-cylinders-for-no-tillage-machines-application-1-480x206.webp 480w\" sizes=\"(min-width: 0px) and (max-width: 480px) 480px, (min-width: 481px) and (max-width: 980px) 980px, (min-width: 981px) and (max-width: 1280px) 1280px, (min-width: 1281px) 2273px, 100vw\" \/><\/p>\n<h2><strong>Obousm\u011brn\u00fd v\u00e1lec r\u00fdsovac\u00edho hrotu pro stroje bez orby Kl\u00ed\u010dov\u00e9 vlastnosti:<\/strong><\/h2>\n<h4><strong>V\u0161estrann\u00fd provoz v obou sm\u011brech<\/strong><\/h4>\n<p>Obousm\u011brn\u00fd v\u00e1lec je\u0159\u00e1bky je navr\u017een pro efektivn\u00ed pohyb v obou sm\u011brech, co\u017e umo\u017e\u0148uje obsluze snadno se p\u0159izp\u016fsobit r\u016fzn\u00fdm poln\u00edm podm\u00ednk\u00e1m. A\u0165 u\u017e se pohybujete ve svaz\u00edch, nerovn\u00e9m ter\u00e9nu nebo st\u00edsn\u011bn\u00fdch prostor\u00e1ch, tato mo\u017enost obou sm\u011br\u016f zvy\u0161uje man\u00e9vrovatelnost a celkovou efektivitu. D\u00edky tomu mohou zem\u011bd\u011blci pokr\u00fdt v\u011bt\u0161\u00ed plochu za krat\u0161\u00ed dobu a udr\u017eet si vysokou produktivitu i v n\u00e1ro\u010dn\u00e9m zem\u011bd\u011blsk\u00e9m prost\u0159ed\u00ed.<\/p>\n<h4><strong>V\u00fdjime\u010dn\u00e1 p\u0159esnost<\/strong><\/h4>\n<p>Dvousm\u011brn\u00fd v\u00e1lec r\u00fdsovac\u00ed li\u0161ty, vybaven\u00fd pokro\u010dil\u00fdm hydraulick\u00fdm syst\u00e9mem, poskytuje pozoruhodnou p\u0159esnost p\u0159i ovl\u00e1d\u00e1n\u00ed hloubky i \u00fahlu. Tato p\u0159esnost je kl\u00ed\u010dov\u00e1 pro efektivn\u00ed ukl\u00e1d\u00e1n\u00ed semen, co\u017e zaji\u0161\u0165uje, \u017ee semena jsou zaseta do optim\u00e1ln\u00ed hloubky pro kl\u00ed\u010den\u00ed. P\u0159esn\u00e9 nastaven\u00ed nav\u00edc zlep\u0161uje provzdu\u0161n\u011bn\u00ed p\u016fdy, kter\u00e9 je nezbytn\u00e9 pro zdrav\u00fd v\u00fdvoj ko\u0159en\u016f. Tato pozornost k detail\u016fm zvy\u0161uje celkovou kvalitu procesu set\u00ed, co\u017e vede k lep\u0161\u00edm v\u00fdsledk\u016fm v oblasti sklizn\u011b a vy\u0161\u0161\u00edm v\u00fdnos\u016fm.<\/p>\n<h4><strong>Odoln\u00e1 konstrukce<\/strong><\/h4>\n<p>Obousm\u011brn\u00fd v\u00e1lec r\u00fdsovac\u00edho za\u0159\u00edzen\u00ed, vyroben\u00fd z vysoce kvalitn\u00edch materi\u00e1l\u016f, je navr\u017een tak, aby odolal n\u00e1rok\u016fm n\u00e1ro\u010dn\u00fdch zem\u011bd\u011blsk\u00fdch podm\u00ednek. Jeho robustn\u00ed konstrukce odol\u00e1v\u00e1 opot\u0159eben\u00ed a poskytuje spolehliv\u00fd v\u00fdkon po celou zem\u011bd\u011blskou sez\u00f3nu. Tato odolnost sni\u017euje pot\u0159ebu \u010dast\u00fdch v\u00fdm\u011bn, co\u017e zem\u011bd\u011blc\u016fm \u0161et\u0159\u00ed \u010das i pen\u00edze. D\u00edky zam\u011b\u0159en\u00ed na dlouhou \u017eivotnost umo\u017e\u0148uje v\u00e1lec p\u011bstitel\u016fm soust\u0159edit se na sv\u00e9 plodiny bez obav z poruch za\u0159\u00edzen\u00ed.<\/p>\n<h4><strong>U\u017eivatelsky p\u0159\u00edv\u011btiv\u00e1 instalace<\/strong><\/h4>\n<p>Obousm\u011brn\u00fd v\u00e1lec r\u00fdsovac\u00edho prvku, navr\u017een\u00fd s ohledem na pohodl\u00ed, se vyzna\u010duje snadnou instalac\u00ed. Zem\u011bd\u011blci jej mohou snadno integrovat do sv\u00fdch st\u00e1vaj\u00edc\u00edch stroj\u016f pro bezorebn\u00e9 zpracov\u00e1n\u00ed p\u016fdy bez rozs\u00e1hl\u00fdch \u00faprav. Tato snadn\u00e1 instalace minimalizuje prostoje a umo\u017e\u0148uje zem\u011bd\u011blc\u016fm rychle obnovit provoz. D\u00edky krat\u0161\u00edmu \u010dasu str\u00e1ven\u00e9mu nastaven\u00edm se p\u011bstitel\u00e9 mohou soust\u0159edit na maximalizaci produktivity a pln\u011bn\u00ed sv\u00fdch zem\u011bd\u011blsk\u00fdch pl\u00e1n\u016f.<\/p>\n<h4><strong>Minim\u00e1ln\u00ed naru\u0161en\u00ed p\u016fdy<\/strong><\/h4>\n<p>Konstrukce obousm\u011brn\u00e9ho v\u00e1lce r\u00fdsovac\u00edho za\u0159\u00edzen\u00ed v\u00fdrazn\u011b sni\u017euje naru\u0161ov\u00e1n\u00ed p\u016fdy b\u011bhem provozu. Zachov\u00e1n\u00edm struktury p\u016fdy a \u00farovn\u011b vlhkosti tato funkce podporuje lep\u0161\u00ed v\u00fdvoj ko\u0159en\u016f a celkov\u00e9 zdrav\u00ed plodin. Sn\u00ed\u017een\u00e9 naru\u0161ov\u00e1n\u00ed p\u016fdy nav\u00edc pom\u00e1h\u00e1 udr\u017eovat prosp\u011b\u0161n\u00e9 mikroorganismy, co\u017e p\u0159isp\u00edv\u00e1 ke zlep\u0161en\u00ed \u00farodnosti p\u016fdy. Tento pe\u010dliv\u00fd p\u0159\u00edstup k hospoda\u0159en\u00ed s p\u016fdou podporuje udr\u017eiteln\u00e9 zem\u011bd\u011blsk\u00e9 postupy a zaji\u0161\u0165uje dlouhodobou \u017eivotaschopnost p\u016fdy.<\/p>\n<p>Stru\u010dn\u011b \u0159e\u010deno, obousm\u011brn\u00fd r\u00fdsovac\u00ed v\u00e1lec vynik\u00e1 sv\u00fdm v\u0161estrann\u00fdm obousm\u011brn\u00fdm provozem, mimo\u0159\u00e1dnou p\u0159esnost\u00ed, odolnou konstrukc\u00ed, u\u017eivatelsky p\u0159\u00edv\u011btivou instalac\u00ed a minim\u00e1ln\u00edm naru\u0161en\u00edm p\u016fdy. Ka\u017ed\u00e1 z t\u011bchto vlastnost\u00ed vylep\u0161uje zem\u011bd\u011blsk\u00e9 zku\u0161enosti a \u010din\u00ed z n\u011bj nepostradateln\u00fd n\u00e1stroj pro modern\u00ed zem\u011bd\u011blsk\u00e9 postupy.<\/p>\n<h2><strong>Obousm\u011brn\u00fd v\u00e1lec r\u00fdsovac\u00edho hrnce pro stroje bez orby Pou\u017eiteln\u00fd model:<\/strong><\/h2>\n<h1 style=\"text-align: center;\"><strong><img loading=\"lazy\" decoding=\"async\" class=\"alignnone size-full wp-image-17284\" src=\"https:\/\/www.hydraulic-cylinders.net\/wp-content\/uploads\/2025\/03\/hydraulic-cylinders-for-no-tillage-machines-2.webp\" alt=\"\" width=\"2312\" height=\"600\" srcset=\"https:\/\/www.hydraulic-cylinders.net\/wp-content\/uploads\/2025\/03\/hydraulic-cylinders-for-no-tillage-machines-2.webp 2312w, https:\/\/www.hydraulic-cylinders.net\/wp-content\/uploads\/2025\/03\/hydraulic-cylinders-for-no-tillage-machines-2-1280x332.webp 1280w, https:\/\/www.hydraulic-cylinders.net\/wp-content\/uploads\/2025\/03\/hydraulic-cylinders-for-no-tillage-machines-2-980x254.webp 980w, https:\/\/www.hydraulic-cylinders.net\/wp-content\/uploads\/2025\/03\/hydraulic-cylinders-for-no-tillage-machines-2-480x125.webp 480w\" sizes=\"(min-width: 0px) and (max-width: 480px) 480px, (min-width: 481px) and (max-width: 980px) 980px, (min-width: 981px) and (max-width: 1280px) 1280px, (min-width: 1281px) 2312px, 100vw\" \/><\/strong><\/h1>\n<h2><strong>Jak obousm\u011brn\u00fd provoz obousm\u011brn\u00e9ho v\u00e1lce r\u00fdsovac\u00edho za\u0159\u00edzen\u00ed zlep\u0161uje efektivitu zem\u011bd\u011blstv\u00ed?<\/strong><\/h2>\n<p>Dvousm\u011brn\u00fd provoz obousm\u011brn\u00e9ho v\u00e1lce jehly v\u00fdrazn\u011b zvy\u0161uje efektivitu zem\u011bd\u011blstv\u00ed d\u00edky n\u011bkolika kl\u00ed\u010dov\u00fdm v\u00fdhod\u00e1m:<\/p>\n<h4><strong>Zv\u00fd\u0161en\u00e1 man\u00e9vrovatelnost<\/strong>:<\/h4>\n<p>Schopnost pohybu vp\u0159ed i vzad umo\u017e\u0148uje obsluze snadno se pohybovat v rozmanit\u00e9m ter\u00e9nu. Tato flexibilita je obzvl\u00e1\u0161t\u011b v\u00fdhodn\u00e1 na pol\u00edch se svahy, nerovn\u00fdm povrchem nebo st\u00edsn\u011bn\u00fdmi prostory, kde se tradi\u010dn\u00ed stroje s jednosm\u011brn\u00fdm pohybem mohou pot\u00fdkat s obt\u00ed\u017eemi. Sn\u00ed\u017een\u00edm pot\u0159eby neust\u00e1l\u00e9ho p\u0159emis\u0165ov\u00e1n\u00ed mohou zem\u011bd\u011blci udr\u017eovat stabiln\u00ed pracovn\u00ed postup a zajistit efektivn\u00ed obd\u011bl\u00e1v\u00e1n\u00ed ka\u017ed\u00e9ho centimetru pole.<\/p>\n<h4><strong>\u00daspora \u010dasu<\/strong>:<\/h4>\n<p>D\u00edky mo\u017enosti ot\u00e1\u010den\u00ed v obou sm\u011brech mohou zem\u011bd\u011blci obs\u00e1hnout v\u011bt\u0161\u00ed plochu za krat\u0161\u00ed dobu. Tato funkce minimalizuje \u010das str\u00e1ven\u00fd ot\u00e1\u010den\u00edm a se\u0159izov\u00e1n\u00edm, co\u017e umo\u017e\u0148uje nep\u0159etr\u017eit\u00fd provoz. V d\u016fsledku toho se celkov\u00e1 doba p\u0159\u00edpravy p\u016fdy a set\u00ed v\u00fdrazn\u011b zkracuje, co\u017e zem\u011bd\u011blc\u016fm umo\u017e\u0148uje efektivn\u011bji vykon\u00e1vat pr\u00e1ci a v\u011bnovat \u010das dal\u0161\u00edm nezbytn\u00fdm zem\u011bd\u011blsk\u00fdm \u010dinnostem.<\/p>\n<h4><strong>Zv\u00fd\u0161en\u00e1 produktivita<\/strong>:<\/h4>\n<p>Plynul\u00fd p\u0159echod mezi sm\u011bry usnad\u0148uje plynulej\u0161\u00ed pracovn\u00ed postupy a sni\u017euje p\u0159eru\u0161en\u00ed. Tato efektivita je kl\u00ed\u010dov\u00e1 b\u011bhem hlavn\u00edch obdob\u00ed set\u00ed, kdy se po\u010d\u00edt\u00e1 ka\u017ed\u00fd okam\u017eik. Maximalizac\u00ed efektivity ka\u017ed\u00e9ho pr\u016fjezdu polem mohou zem\u011bd\u011blci dos\u00e1hnout vy\u0161\u0161\u00ed \u00farovn\u011b produkce, co\u017e zaji\u0161\u0165uje dodr\u017een\u00ed term\u00edn\u016f set\u00ed a optimalizaci v\u00fdnos\u016f plodin.<\/p>\n<h4><strong>Zlep\u0161en\u00e9 hospoda\u0159en\u00ed s p\u016fdou<\/strong>:<\/h4>\n<p>Konstrukce obousm\u011brn\u00e9ho v\u00e1lce r\u00fdsovac\u00edho za\u0159\u00edzen\u00ed minimalizuje naru\u0161ov\u00e1n\u00ed p\u016fdy b\u011bhem provozu, co\u017e je z\u00e1sadn\u00ed pro udr\u017een\u00ed jej\u00edho zdrav\u00ed. Zachov\u00e1n\u00edm struktury p\u016fdy a \u00farovn\u011b vlhkosti tato funkce podporuje lep\u0161\u00ed v\u00fdvoj ko\u0159en\u016f a celkovou vitalitu plodin. Sn\u00ed\u017een\u00e9 naru\u0161ov\u00e1n\u00ed p\u016fdy nav\u00edc pom\u00e1h\u00e1 udr\u017eovat prosp\u011b\u0161n\u00e9 mikroorganismy v p\u016fd\u011b, co\u017e p\u0159isp\u00edv\u00e1 ke zv\u00fd\u0161en\u00ed \u00farodnosti a udr\u017eiteln\u00fdm zem\u011bd\u011blsk\u00fdm postup\u016fm.<\/p>\n<p>Stru\u010dn\u011b \u0159e\u010deno, obousm\u011brn\u00fd provoz obousm\u011brn\u00e9ho v\u00e1lce jesovac\u00ed r\u00fdhovac\u00edho za\u0159\u00edzen\u00ed nejen zefektiv\u0148uje zem\u011bd\u011blsk\u00e9 procesy, ale tak\u00e9 podporuje lep\u0161\u00ed hospoda\u0159en\u00ed s p\u016fdou, co\u017e vede ke zv\u00fd\u0161en\u00ed produktivity a dlouhodob\u00e9 udr\u017eitelnosti zem\u011bd\u011blsk\u00fdch postup\u016f.<\/p>\n<h2><strong>Zku\u0161ebn\u00ed za\u0159\u00edzen\u00ed:<\/strong><\/h2>\n<p><strong><img loading=\"lazy\" decoding=\"async\" class=\"alignnone size-full wp-image-17293\" src=\"https:\/\/www.hydraulic-cylinders.net\/wp-content\/uploads\/2025\/03\/test-equipment.webp-2.webp\" alt=\"\" width=\"1932\" height=\"1741\" srcset=\"https:\/\/www.hydraulic-cylinders.net\/wp-content\/uploads\/2025\/03\/test-equipment.webp-2.webp 1932w, https:\/\/www.hydraulic-cylinders.net\/wp-content\/uploads\/2025\/03\/test-equipment.webp-2-1280x1153.webp 1280w, https:\/\/www.hydraulic-cylinders.net\/wp-content\/uploads\/2025\/03\/test-equipment.webp-2-980x883.webp 980w, https:\/\/www.hydraulic-cylinders.net\/wp-content\/uploads\/2025\/03\/test-equipment.webp-2-480x433.webp 480w\" sizes=\"(min-width: 0px) and (max-width: 480px) 480px, (min-width: 481px) and (max-width: 980px) 980px, (min-width: 981px) and (max-width: 1280px) 1280px, (min-width: 1281px) 1932px, 100vw\" \/><\/strong><\/p>\n<ul>\n<li>1: Zku\u0161ebn\u00ed komora se solnou mlhou<\/li>\n<li>2: Chemick\u00e1 anal\u00fdza<\/li>\n<li>3: Stroj na zkou\u0161en\u00ed tahem<\/li>\n<li>4: Rockwell\u016fv tvrdom\u011br<\/li>\n<li>5: Stroj na testov\u00e1n\u00ed \u010distoty<\/li>\n<li>6: Tester tvrdosti TH110 s odrazem<\/li>\n<li>7: M\u011b\u0159idlo tlou\u0161\u0165ky povlaku<\/li>\n<li>8: Zkou\u0161ka n\u00e1razem kyvadla<\/li>\n<\/ul>\n<p><img loading=\"lazy\" decoding=\"async\" class=\"alignnone size-full wp-image-17292\" src=\"https:\/\/www.hydraulic-cylinders.net\/wp-content\/uploads\/2025\/03\/test-equipment.webp-1.webp\" alt=\"\" width=\"1600\" height=\"1216\" srcset=\"https:\/\/www.hydraulic-cylinders.net\/wp-content\/uploads\/2025\/03\/test-equipment.webp-1.webp 1600w, https:\/\/www.hydraulic-cylinders.net\/wp-content\/uploads\/2025\/03\/test-equipment.webp-1-1280x973.webp 1280w, https:\/\/www.hydraulic-cylinders.net\/wp-content\/uploads\/2025\/03\/test-equipment.webp-1-980x745.webp 980w, https:\/\/www.hydraulic-cylinders.net\/wp-content\/uploads\/2025\/03\/test-equipment.webp-1-480x365.webp 480w\" sizes=\"(min-width: 0px) and (max-width: 480px) 480px, (min-width: 481px) and (max-width: 980px) 980px, (min-width: 981px) and (max-width: 1280px) 1280px, (min-width: 1281px) 1600px, 100vw\" \/><\/p>\n<p>Na\u0161e spole\u010dnost pova\u017euje kvalitu za z\u00e1klad na\u0161eho \u00fasp\u011bchu. Abychom tento z\u00e1vazek dodr\u017eeli, investovali jsme do nejmodern\u011bj\u0161\u00edho dom\u00e1c\u00edho testovac\u00edho a laboratorn\u00edho vybaven\u00ed, kter\u00e9 podporuje t\u00fdm vysoce kvalifikovan\u00fdch odborn\u00edk\u016f v oblasti v\u011bdy a techniky.<\/p>\n<p>Udr\u017eujeme p\u0159\u00edsn\u00fd syst\u00e9m \u0159\u00edzen\u00ed kvality, kter\u00fd spl\u0148uje oborov\u00e9 standardy a zaji\u0161\u0165uje, aby ka\u017ed\u00e1 \u0161ar\u017ee produkt\u016f, kter\u00e9 vyr\u00e1b\u00edme, spl\u0148ovala nejvy\u0161\u0161\u00ed krit\u00e9ria kvality. Standardizac\u00ed na\u0161ich operac\u00ed a neust\u00e1l\u00fdm sledov\u00e1n\u00edm na\u0161ich proces\u016f zaji\u0161\u0165ujeme, aby na\u0161i z\u00e1kazn\u00edci dost\u00e1vali jen to nejlep\u0161\u00ed.<\/p>\n<p>Toto neochv\u011bjn\u00e9 \u00fasil\u00ed o kvalitu nejen zvy\u0161uje spolehlivost na\u0161ich produkt\u016f, ale tak\u00e9 buduje d\u016fv\u011bru a spokojenost na\u0161ich klient\u016f. V\u011b\u0159\u00edme, \u017ee up\u0159ednost\u0148ov\u00e1n\u00edm excelence v ka\u017ed\u00e9m aspektu na\u0161\u00ed v\u00fdroby p\u0159isp\u00edv\u00e1me k \u00fasp\u011bchu na\u0161ich partner\u016f a cel\u00e9ho odv\u011btv\u00ed. Spole\u010dn\u011b usilujeme o inovace a kvalitu, kter\u00e9 vydr\u017e\u00ed dlouhodob\u011b.<\/p>\n<h2><strong>V\u00fdrobn\u00ed z\u00e1vod hydraulick\u00fdch v\u00e1lc\u016f:<\/strong><\/h2>\n<p>Na\u0161e spole\u010dnost je p\u0159edn\u00edm v\u00fdrobcem specializuj\u00edc\u00edm se na hydraulick\u00e9 v\u00e1lce, a to d\u00edky vlastn\u00edmu nez\u00e1visl\u00e9mu v\u00fdzkumu, v\u00fdvoji a konstruk\u010dn\u00edm schopnostem. D\u00edky modern\u00edmu za\u0159\u00edzen\u00ed, kter\u00e9 obsahuje v\u00edce ne\u017e 170 b\u011b\u017en\u00fdch obr\u00e1b\u011bc\u00edch stroj\u016f, CNC stroj\u016f, obr\u00e1b\u011bc\u00edch center, sva\u0159ovac\u00edch za\u0159\u00edzen\u00ed a specializovan\u00fdch testovac\u00edch a kontroln\u00edch n\u00e1stroj\u016f, jsme dob\u0159e vybaveni k uspokojen\u00ed rozmanit\u00fdch pr\u016fmyslov\u00fdch po\u017eadavk\u016f.<\/p>\n<p>D\u00edky let\u016fm nashrom\u00e1\u017ed\u011bn\u00fdch technologick\u00fdch znalost\u00ed a zdokonalov\u00e1n\u00ed proces\u016f jsme vybudovali vysp\u011bl\u00fd v\u00fdrobn\u00ed proces, kter\u00fd bezprobl\u00e9mov\u011b integruje v\u00fdzkum a v\u00fdvoj s v\u00fdrobou. Tato integrace se stala na\u0161\u00ed hlavn\u00ed konkuren\u010dn\u00ed v\u00fdhodou, kter\u00e1 n\u00e1m umo\u017e\u0148uje navrhovat a vyr\u00e1b\u011bt \u0161irokou \u0161k\u00e1lu hydraulick\u00fdch v\u00e1lc\u016f p\u0159izp\u016fsoben\u00fdch specifick\u00fdm po\u017eadavk\u016fm z\u00e1kazn\u00edk\u016f.<\/p>\n<p>Na\u0161e produkty se \u0161iroce pou\u017e\u00edvaj\u00ed v r\u016fzn\u00fdch odv\u011btv\u00edch, v\u010detn\u011b zem\u011bd\u011blsk\u00fdch stroj\u016f, stavebn\u00edch za\u0159\u00edzen\u00ed, vozidel, silni\u010dn\u00edho in\u017een\u00fdrstv\u00ed a specializovan\u00fdch stroj\u016f. S hrdost\u00ed podporujeme \u0159adu v\u00fdrobc\u016f origin\u00e1ln\u00edho vybaven\u00ed (OEM), v\u010detn\u011b spole\u010dnost\u00ed Bonong Xingda, Bojin Hummer, Jilin Ruifeng, Debang Dawei, Shandong Yineng Heavy Industry, Tai'an Modern Heavy Industry a Shifeng Group.<\/p>\n<p><img loading=\"lazy\" decoding=\"async\" class=\"alignnone size-full wp-image-17290\" src=\"https:\/\/www.hydraulic-cylinders.net\/wp-content\/uploads\/2025\/03\/production-site-1.webp\" alt=\"\" width=\"1971\" height=\"2253\" srcset=\"https:\/\/www.hydraulic-cylinders.net\/wp-content\/uploads\/2025\/03\/production-site-1.webp 1971w, https:\/\/www.hydraulic-cylinders.net\/wp-content\/uploads\/2025\/03\/production-site-1-1280x1463.webp 1280w, https:\/\/www.hydraulic-cylinders.net\/wp-content\/uploads\/2025\/03\/production-site-1-980x1120.webp 980w, https:\/\/www.hydraulic-cylinders.net\/wp-content\/uploads\/2025\/03\/production-site-1-480x549.webp 480w\" sizes=\"(min-width: 0px) and (max-width: 480px) 480px, (min-width: 481px) and (max-width: 980px) 980px, (min-width: 981px) and (max-width: 1280px) 1280px, (min-width: 1281px) 1971px, 100vw\" \/><\/p>\n<p>Jsme odhodl\u00e1ni poskytovat v\u00fdjime\u010dn\u00e9 slu\u017eby prost\u0159ednictv\u00edm siln\u00e9 politiky kvality, kter\u00e1 klade d\u016fraz na neust\u00e1l\u00e9 inovace ve v\u00fdzkumu a v\u00fdvoji, \u0159\u00edzen\u00ed, kontrole kvality a z\u00e1kaznick\u00e9m servisu. N\u00e1\u0161 z\u00e1vazek ke kvalit\u011b byl ocen\u011bn certifikac\u00ed ISO\/TS16949, kter\u00e1 zaji\u0161\u0165uje, \u017ee nejen spl\u0148ujeme, ale tak\u00e9 trvale p\u0159ekra\u010dujeme o\u010dek\u00e1v\u00e1n\u00ed na\u0161ich klient\u016f.<\/p>\n<p>S v\u00fdhledem do budoucna budeme i nad\u00e1le zdokonalovat na\u0161e technologie a roz\u0161i\u0159ovat na\u0161e mo\u017enosti s v\u017edy c\u00edlem poskytovat na\u0161im z\u00e1kazn\u00edk\u016fm produkty a slu\u017eby nejvy\u0161\u0161\u00ed kvality. Spole\u010dn\u011b vytv\u00e1\u0159\u00edme tradici excelence v odv\u011btv\u00ed hydraulick\u00fdch v\u00e1lc\u016f.<\/p>\n<p><strong>\u00a0<\/strong><\/p>","protected":false},"excerpt":{"rendered":"<p>BI-Directional Scriber Cylinder For No Tillage Machines The BI-Directional Scriber Cylinder is a crucial component for no-tillage machines, significantly enhancing their effectiveness in soil preparation and planting. This innovative cylinder allows for precise and versatile soil management, enabling farmers to create optimal planting conditions while preserving the soil structure. By leveraging advanced hydraulic technology, the [&hellip;]<\/p>","protected":false},"featured_media":17303,"comment_status":"open","ping_status":"closed","template":"","meta":{"_et_pb_use_builder":"","_et_pb_old_content":"","_et_gb_content_width":""},"product_brand":[],"product_cat":[1550,1530,1376],"product_tag":[],"class_list":{"0":"post-17332","1":"product","2":"type-product","3":"status-publish","4":"has-post-thumbnail","6":"product_cat-double-acting-hydraulic-cylinder","7":"product_cat-no-tillage-machinery-hydraulic-cylinders","8":"product_cat-hydraulic-cylinder","10":"first","11":"instock","12":"shipping-taxable","13":"product-type-simple"},"amp_enabled":true,"_links":{"self":[{"href":"https:\/\/www.hydraulic-cylinders.net\/cs\/wp-json\/wp\/v2\/product\/17332","targetHints":{"allow":["GET"]}}],"collection":[{"href":"https:\/\/www.hydraulic-cylinders.net\/cs\/wp-json\/wp\/v2\/product"}],"about":[{"href":"https:\/\/www.hydraulic-cylinders.net\/cs\/wp-json\/wp\/v2\/types\/product"}],"replies":[{"embeddable":true,"href":"https:\/\/www.hydraulic-cylinders.net\/cs\/wp-json\/wp\/v2\/comments?post=17332"}],"wp:featuredmedia":[{"embeddable":true,"href":"https:\/\/www.hydraulic-cylinders.net\/cs\/wp-json\/wp\/v2\/media\/17303"}],"wp:attachment":[{"href":"https:\/\/www.hydraulic-cylinders.net\/cs\/wp-json\/wp\/v2\/media?parent=17332"}],"wp:term":[{"taxonomy":"product_brand","embeddable":true,"href":"https:\/\/www.hydraulic-cylinders.net\/cs\/wp-json\/wp\/v2\/product_brand?post=17332"},{"taxonomy":"product_cat","embeddable":true,"href":"https:\/\/www.hydraulic-cylinders.net\/cs\/wp-json\/wp\/v2\/product_cat?post=17332"},{"taxonomy":"product_tag","embeddable":true,"href":"https:\/\/www.hydraulic-cylinders.net\/cs\/wp-json\/wp\/v2\/product_tag?post=17332"}],"curies":[{"name":"wp","href":"https:\/\/api.w.org\/{rel}","templated":true}]}}