{"id":17333,"date":"2025-03-07T07:52:56","date_gmt":"2025-03-07T07:52:56","guid":{"rendered":"https:\/\/www.hydraulic-cylinders.net\/?post_type=product&#038;p=17333"},"modified":"2025-04-11T03:04:59","modified_gmt":"2025-04-11T03:04:59","slug":"main-and-auxiliary-lifting-spring-cylinders-for-no-tillage-machines","status":"publish","type":"product","link":"https:\/\/www.hydraulic-cylinders.net\/cs\/produkt\/main-and-auxiliary-lifting-spring-cylinders-for-no-tillage-machines\/","title":{"rendered":"Hlavn\u00ed a pomocn\u00e9 zvedac\u00ed pru\u017einov\u00e9 v\u00e1lce pro stroje bez orby"},"content":{"rendered":"<h1 style=\"text-align: center;\"><strong>Hlavn\u00ed a pomocn\u00e9 zvedac\u00ed pru\u017einov\u00e9 v\u00e1lce pro stroje bez orby<br \/>\n<img loading=\"lazy\" decoding=\"async\" class=\"alignnone wp-image-17289\" src=\"https:\/\/www.hydraulic-cylinders.net\/wp-content\/uploads\/2025\/03\/main-and-auxiliary-lifting-spring-cylinder-1-1.webp\" alt=\"\" width=\"500\" height=\"500\" srcset=\"https:\/\/www.hydraulic-cylinders.net\/wp-content\/uploads\/2025\/03\/main-and-auxiliary-lifting-spring-cylinder-1-1.webp 500w, https:\/\/www.hydraulic-cylinders.net\/wp-content\/uploads\/2025\/03\/main-and-auxiliary-lifting-spring-cylinder-1-1-480x480.webp 480w\" sizes=\"(min-width: 0px) and (max-width: 480px) 480px, (min-width: 481px) 500px, 100vw\" \/><br \/>\n<\/strong><\/h1>\n<p>Hlavn\u00ed a pomocn\u00e9 zvedac\u00ed pru\u017einov\u00e9 v\u00e1lce jsou z\u00e1kladn\u00edmi sou\u010d\u00e1stmi stroj\u016f pro bezorebn\u00e9 zpracov\u00e1n\u00ed p\u016fdy a jsou dovedn\u011b navr\u017eeny pro zv\u00fd\u0161en\u00ed funk\u010dnosti i efektivity. Tyto hydraulick\u00e9 v\u00e1lce umo\u017e\u0148uj\u00ed p\u0159esn\u00e9 zved\u00e1n\u00ed a spou\u0161t\u011bn\u00ed za\u0159\u00edzen\u00ed a zaji\u0161\u0165uj\u00ed tak bezprobl\u00e9mov\u00fd provoz p\u0159i kl\u00ed\u010dov\u00fdch zem\u011bd\u011blsk\u00fdch \u00fakonech. D\u00edky sv\u00e9 robustn\u00ed konstrukci a pokro\u010dil\u00e9mu in\u017een\u00fdrstv\u00ed jsou kl\u00ed\u010dov\u00e9 v modern\u00edm zem\u011bd\u011blstv\u00ed a p\u0159isp\u00edvaj\u00ed k lep\u0161\u00edmu hospoda\u0159en\u00ed s p\u016fdou a zvy\u0161ov\u00e1n\u00ed v\u00fdnos\u016f plodin.<\/p>\n<p>Tyto zvedac\u00ed pru\u017einov\u00e9 v\u00e1lce jsou ned\u00edlnou sou\u010d\u00e1st\u00ed efektivn\u00edho v\u00fdkonu stroj\u016f pro bezorebn\u00e9 zpracov\u00e1n\u00ed p\u016fdy. Jejich p\u016fsobiv\u00e1 nosnost, odoln\u00e1 konstrukce a plynul\u00fd chod v\u00fdrazn\u011b zvy\u0161uj\u00ed efektivitu zem\u011bd\u011blstv\u00ed. Pokud zem\u011bd\u011blci dodr\u017euj\u00ed spr\u00e1vn\u00e9 postupy pou\u017e\u00edv\u00e1n\u00ed a \u00fadr\u017eby, mohou se spolehnout na spolehliv\u00fd provoz t\u011bchto v\u00e1lc\u016f, co\u017e vede ke zv\u00fd\u0161en\u00ed produktivity a \u00fasp\u011b\u0161n\u00fdm zem\u011bd\u011blsk\u00fdm v\u00fdsledk\u016fm. Investice do vysoce kvalitn\u00edch zvedac\u00edch pru\u017einov\u00fdch v\u00e1lc\u016f je chytrou volbou pro ka\u017ed\u00fd progresivn\u00ed zem\u011bd\u011blsk\u00fd podnik.<\/p>\n<h2><strong>Hlavn\u00ed a pomocn\u00e9 zvedac\u00ed pru\u017einov\u00e9 v\u00e1lce pro stroje bez orby Parametr stroj\u016f:<\/strong><\/h2>\n<h1 style=\"text-align: center;\"><strong><img loading=\"lazy\" decoding=\"async\" class=\"alignnone size-full wp-image-17283\" src=\"https:\/\/www.hydraulic-cylinders.net\/wp-content\/uploads\/2025\/03\/hydraulic-cylinders-for-no-tillage-machines-parameter-1.webp\" alt=\"\" width=\"2237\" height=\"1271\" srcset=\"https:\/\/www.hydraulic-cylinders.net\/wp-content\/uploads\/2025\/03\/hydraulic-cylinders-for-no-tillage-machines-parameter-1.webp 2237w, https:\/\/www.hydraulic-cylinders.net\/wp-content\/uploads\/2025\/03\/hydraulic-cylinders-for-no-tillage-machines-parameter-1-1280x727.webp 1280w, https:\/\/www.hydraulic-cylinders.net\/wp-content\/uploads\/2025\/03\/hydraulic-cylinders-for-no-tillage-machines-parameter-1-980x557.webp 980w, https:\/\/www.hydraulic-cylinders.net\/wp-content\/uploads\/2025\/03\/hydraulic-cylinders-for-no-tillage-machines-parameter-1-480x273.webp 480w\" sizes=\"(min-width: 0px) and (max-width: 480px) 480px, (min-width: 481px) and (max-width: 980px) 980px, (min-width: 981px) and (max-width: 1280px) 1280px, (min-width: 1281px) 2237px, 100vw\" \/><\/strong><\/h1>\n<h2><strong>Hlavn\u00ed a pomocn\u00e9 zvedac\u00ed pru\u017einov\u00e9 v\u00e1lce pro stroje bez orby Pou\u017eit\u00ed:<\/strong><\/h2>\n<p><img loading=\"lazy\" decoding=\"async\" class=\"alignnone size-full wp-image-17282\" src=\"https:\/\/www.hydraulic-cylinders.net\/wp-content\/uploads\/2025\/03\/hydraulic-cylinders-for-no-tillage-machines-application-1.webp\" alt=\"\" width=\"2273\" height=\"976\" srcset=\"https:\/\/www.hydraulic-cylinders.net\/wp-content\/uploads\/2025\/03\/hydraulic-cylinders-for-no-tillage-machines-application-1.webp 2273w, https:\/\/www.hydraulic-cylinders.net\/wp-content\/uploads\/2025\/03\/hydraulic-cylinders-for-no-tillage-machines-application-1-1280x550.webp 1280w, https:\/\/www.hydraulic-cylinders.net\/wp-content\/uploads\/2025\/03\/hydraulic-cylinders-for-no-tillage-machines-application-1-980x421.webp 980w, https:\/\/www.hydraulic-cylinders.net\/wp-content\/uploads\/2025\/03\/hydraulic-cylinders-for-no-tillage-machines-application-1-480x206.webp 480w\" sizes=\"(min-width: 0px) and (max-width: 480px) 480px, (min-width: 481px) and (max-width: 980px) 980px, (min-width: 981px) and (max-width: 1280px) 1280px, (min-width: 1281px) 2273px, 100vw\" \/><\/p>\n<h2><strong>Hlavn\u00ed a pomocn\u00e9 zvedac\u00ed pru\u017einov\u00e9 v\u00e1lce pro stroje bez orby Kl\u00ed\u010dov\u00e9 vlastnosti:<\/strong><\/h2>\n<h4><strong>V\u00fdjime\u010dn\u00e1 nosnost<\/strong><\/h4>\n<p>Tyto zvedac\u00ed pru\u017einov\u00e9 v\u00e1lce jsou navr\u017eeny tak, aby zvl\u00e1dly zna\u010dn\u00e9 hmotnosti a poskytovaly pot\u0159ebnou s\u00edlu pro bezprobl\u00e9mov\u00e9 zved\u00e1n\u00ed t\u011b\u017ek\u00e9ho zem\u011bd\u011blsk\u00e9ho n\u00e1\u0159ad\u00ed. Tato p\u016fsobiv\u00e1 nosnost umo\u017e\u0148uje zem\u011bd\u011blc\u016fm s jistotou p\u0159istupovat k n\u00e1ro\u010dn\u00fdm \u00fakol\u016fm, zvy\u0161ovat efektivitu a zvl\u00e1dat v\u011bt\u0161\u00ed pole a slo\u017eit\u011bj\u0161\u00ed operace.<\/p>\n<h4><strong>Robustn\u00ed v\u0161estrannost<\/strong><\/h4>\n<p>Tyto v\u00e1lce, navr\u017een\u00e9 pro kompatibilitu s \u0161irokou \u0161k\u00e1lou stroj\u016f pro bezorebn\u00e9 zpracov\u00e1n\u00ed p\u016fdy, nab\u00edzej\u00ed pozoruhodnou v\u0161estrannost pro r\u016fzn\u00e9 zem\u011bd\u011blsk\u00e9 aplikace. Jejich schopnost bezprobl\u00e9mov\u00e9 integrace se st\u00e1vaj\u00edc\u00edm vybaven\u00edm znamen\u00e1, \u017ee zem\u011bd\u011blci mohou sv\u00e9 stroje vylep\u0161ovat bez nutnosti rozs\u00e1hl\u00fdch \u00faprav. Tato p\u0159izp\u016fsobivost umo\u017e\u0148uje vytv\u00e1\u0159et \u0159e\u0161en\u00ed na m\u00edru, kter\u00e1 spl\u0148uj\u00ed specifick\u00e9 provozn\u00ed pot\u0159eby, a v kone\u010dn\u00e9m d\u016fsledku zvy\u0161uj\u00ed celkovou produktivitu.<\/p>\n<h4><strong>Plynul\u00fd a efektivn\u00ed provoz<\/strong><\/h4>\n<p>Pokro\u010dil\u00e1 hydraulick\u00e1 konstrukce t\u011bchto v\u00e1lc\u016f minimalizuje t\u0159en\u00ed, co\u017e vede k plynul\u00e9mu a kontrolovan\u00e9mu zved\u00e1n\u00ed a spou\u0161t\u011bn\u00ed. Tato funkce nejen zvy\u0161uje provozn\u00ed efektivitu, ale tak\u00e9 umo\u017e\u0148uje zem\u011bd\u011blc\u016fm vykon\u00e1vat jejich \u00fakoly s v\u011bt\u0161\u00ed p\u0159esnost\u00ed. Plynul\u00fd provoz p\u0159isp\u00edv\u00e1 ke zlep\u0161en\u00ed pracovn\u00edho postupu, lep\u0161\u00edmu hospoda\u0159en\u00ed s p\u016fdou a optim\u00e1ln\u00edmu um\u00edst\u011bn\u00ed plodiny.<\/p>\n<h4><strong>Odoln\u00e1 konstrukce<\/strong><\/h4>\n<p>Tyto zvedac\u00ed pru\u017einov\u00e9 v\u00e1lce, vyroben\u00e9 z vysoce kvalitn\u00edch materi\u00e1l\u016f, jsou konstruov\u00e1ny tak, aby odolaly n\u00e1ro\u010dn\u00fdm zem\u011bd\u011blsk\u00fdm podm\u00ednk\u00e1m. Jejich robustn\u00ed konstrukce odol\u00e1v\u00e1 opot\u0159eben\u00ed a zaji\u0161\u0165uje tak dlouhodob\u00fd v\u00fdkon i v n\u00e1ro\u010dn\u00fdch podm\u00ednk\u00e1ch. Tato odolnost sni\u017euje \u010detnost v\u00fdm\u011bn, co\u017e umo\u017e\u0148uje zem\u011bd\u011blc\u016fm soust\u0159edit se na svou pr\u00e1ci, nikoli na \u00fadr\u017ebu za\u0159\u00edzen\u00ed.<\/p>\n<h4><strong>Snadn\u00e1 instalace<\/strong><\/h4>\n<p>Tyto pru\u017einov\u00e9 zvedac\u00ed v\u00e1lce, navr\u017een\u00e9 s ohledem na u\u017eivatelskou p\u0159\u00edv\u011btivost, umo\u017e\u0148uj\u00ed snadnou instalaci a minimalizuj\u00ed prostoje b\u011bhem nastavov\u00e1n\u00ed. Zem\u011bd\u011blci mohou tyto v\u00e1lce rychle a efektivn\u011b integrovat do sv\u00fdch provoz\u016f a bez prodlev se vr\u00e1tit k pr\u00e1ci. Tato snadn\u00e1 instalace pom\u00e1h\u00e1 optimalizovat produktivitu hned od za\u010d\u00e1tku.<\/p>\n<p>Volbou t\u011bchto vysoce v\u00fdkonn\u00fdch zvedac\u00edch pru\u017einov\u00fdch v\u00e1lc\u016f mohou zem\u011bd\u011blci v\u00fdrazn\u011b vylep\u0161it sv\u00e9 stroje pro bezorebn\u00e9 zpracov\u00e1n\u00ed p\u016fdy, zajistit si spolehliv\u00fd provoz a zv\u00fd\u0161it efektivitu zem\u011bd\u011blstv\u00ed. Investice do kvalitn\u00edch komponent\u016f vede k produktivn\u011bj\u0161\u00edmu a \u00fasp\u011b\u0161n\u011bj\u0161\u00edmu zem\u011bd\u011blstv\u00ed a otev\u00edr\u00e1 cestu k sv\u011btlej\u0161\u00ed zem\u011bd\u011blsk\u00e9 budoucnosti.<\/p>\n<h2><strong>Hlavn\u00ed a pomocn\u00e9 zvedac\u00ed pru\u017einov\u00e9 v\u00e1lce pro stroje bez orby. Pou\u017eiteln\u00fd model:<\/strong><\/h2>\n<h1 style=\"text-align: center;\"><strong><img loading=\"lazy\" decoding=\"async\" class=\"alignnone size-full wp-image-17284\" src=\"https:\/\/www.hydraulic-cylinders.net\/wp-content\/uploads\/2025\/03\/hydraulic-cylinders-for-no-tillage-machines-2.webp\" alt=\"\" width=\"2312\" height=\"600\" srcset=\"https:\/\/www.hydraulic-cylinders.net\/wp-content\/uploads\/2025\/03\/hydraulic-cylinders-for-no-tillage-machines-2.webp 2312w, https:\/\/www.hydraulic-cylinders.net\/wp-content\/uploads\/2025\/03\/hydraulic-cylinders-for-no-tillage-machines-2-1280x332.webp 1280w, https:\/\/www.hydraulic-cylinders.net\/wp-content\/uploads\/2025\/03\/hydraulic-cylinders-for-no-tillage-machines-2-980x254.webp 980w, https:\/\/www.hydraulic-cylinders.net\/wp-content\/uploads\/2025\/03\/hydraulic-cylinders-for-no-tillage-machines-2-480x125.webp 480w\" sizes=\"(min-width: 0px) and (max-width: 480px) 480px, (min-width: 481px) and (max-width: 980px) 980px, (min-width: 981px) and (max-width: 1280px) 1280px, (min-width: 1281px) 2312px, 100vw\" \/><\/strong><\/h1>\n<h2><strong>Hlavn\u00ed a pomocn\u00e9 zvedac\u00ed pru\u017einov\u00e9 v\u00e1lce pro stroje bez orby. Zp\u016fsob pou\u017eit\u00ed:<\/strong><\/h2>\n<p><img loading=\"lazy\" decoding=\"async\" class=\"aligncenter wp-image-1044961\" src=\"https:\/\/images.hzpt.com\/2025\/03\/main-and-auxiliary-lifting-spring-cylinder-installation-1.webp\" alt=\"\" width=\"500\" height=\"575\" \/><\/p>\n<p>Pro maximalizaci \u00fa\u010dinnosti hlavn\u00edch a pomocn\u00fdch zdvihac\u00edch pru\u017einov\u00fdch v\u00e1lc\u016f zva\u017ete tyto z\u00e1kladn\u00ed kroky:<\/p>\n<h4><strong>1. Instalace<\/strong><\/h4>\n<p>Za\u010dn\u011bte instalac\u00ed v\u00e1lc\u016f zvedac\u00edch pru\u017ein v p\u0159\u00edsn\u00e9m souladu s pokyny v\u00fdrobce. Spr\u00e1vn\u00e1 instalace je z\u00e1sadn\u00ed pro dosa\u017een\u00ed optim\u00e1ln\u00edho v\u00fdkonu. V\u011bnujte dostate\u010dnou pozornost zaji\u0161t\u011bn\u00ed v\u0161ech spoj\u016f, abyste zabr\u00e1nili net\u011bsnostem, kter\u00e9 mohou zp\u016fsobit neefektivitu a potenci\u00e1ln\u00ed po\u0161kozen\u00ed. Zajist\u011bte, aby v\u00e1lce byly spr\u00e1vn\u011b vyrovn\u00e1ny, aby mohly plynule fungovat v bezorebn\u00e9m stroji. Dob\u0159e nainstalovan\u00fd v\u00e1lec nejen zvy\u0161uje funk\u010dnost, ale tak\u00e9 zvy\u0161uje celkovou bezpe\u010dnost za\u0159\u00edzen\u00ed.<\/p>\n<h4><strong>2. Kontrola hydraulick\u00e9ho syst\u00e9mu<\/strong><\/h4>\n<p>P\u0159ed zah\u00e1jen\u00edm jak\u00e9koli operace prove\u010fte d\u016fkladnou kontrolu hydraulick\u00e9ho syst\u00e9mu. Zkontrolujte hladiny hydraulick\u00e9 kapaliny, abyste se ujistili, \u017ee se pohybuj\u00ed v doporu\u010den\u00e9m rozsahu, proto\u017ee nedostate\u010dn\u00e9 mno\u017estv\u00ed kapaliny m\u016f\u017ee negativn\u011b ovlivnit v\u00fdkon a v\u00e9st k poruch\u00e1m syst\u00e9mu. Zkontrolujte hadice a armatury, zda nevykazuj\u00ed zn\u00e1mky opot\u0159eben\u00ed, prasklin nebo net\u011bsnost\u00ed. Udr\u017eov\u00e1n\u00ed spr\u00e1vn\u00e9ho hydraulick\u00e9ho tlaku je nezbytn\u00e9 pro efektivn\u00ed zved\u00e1n\u00ed a zaji\u0161\u0165uje optim\u00e1ln\u00ed provoz stroje. Pravideln\u00e9 kontroly se doporu\u010duj\u00ed k v\u010dasn\u00e9mu odhalen\u00ed potenci\u00e1ln\u00edch probl\u00e9m\u016f.<\/p>\n<h4><strong>3. Zapojen\u00ed<\/strong><\/h4>\n<p>Po instalaci a kontrole aktivujte hydraulick\u00fd syst\u00e9m pro zved\u00e1n\u00ed nebo spou\u0161t\u011bn\u00ed sou\u010d\u00e1st\u00ed stroje pro bezorebn\u00e9 zpracov\u00e1n\u00ed p\u016fdy. Ovl\u00e1dac\u00ed p\u00e1ky pou\u017e\u00edvejte promy\u0161len\u011b a umo\u017en\u011bte postupn\u00e9 a p\u0159esn\u00e9 pohyby. Tento pe\u010dliv\u00fd p\u0159\u00edstup umo\u017e\u0148uje p\u0159esn\u00e9 nastaven\u00ed na z\u00e1klad\u011b m\u011bn\u00edc\u00edch se poln\u00edch podm\u00ednek, jako jsou zm\u011bny ter\u00e9nu nebo v\u00fd\u0161ky plodiny. Plynul\u00e9 zap\u00edn\u00e1n\u00ed hydraulick\u00e9ho syst\u00e9mu nejen zvy\u0161uje \u00fa\u010dinnost, ale tak\u00e9 zlep\u0161uje celkov\u00e9 postupy hospoda\u0159en\u00ed s p\u016fdou.<\/p>\n<h4><strong>4. Monitorov\u00e1n\u00ed v\u00fdkonu<\/strong><\/h4>\n<p>B\u011bhem provozu bedliv\u011b sledujte v\u00fdkon zvedac\u00edch v\u00e1lc\u016f. Pravideln\u011b poslouchejte, zda se neoz\u00fdvaj\u00ed neobvykl\u00e9 zvuky, jako je sk\u0159\u00edp\u00e1n\u00ed nebo nadm\u011brn\u00fd hluk, a sledujte zn\u00e1mky odporu p\u0159i zved\u00e1n\u00ed a spou\u0161t\u011bn\u00ed. Tyto indik\u00e1tory mohou poukazovat na pot\u0159ebu \u00fadr\u017eby nebo mechanick\u00e9 probl\u00e9my. V\u010dasn\u00e9 odhalen\u00ed probl\u00e9m\u016f umo\u017e\u0148uje v\u010dasn\u00e9 opravy, pom\u00e1h\u00e1 p\u0159edch\u00e1zet n\u00e1kladn\u00fdm prostoj\u016fm a zaji\u0161\u0165uje, \u017ee stroj z\u016fstane v optim\u00e1ln\u00edm provozn\u00edm stavu. D\u00edky ostra\u017eitosti mohou zem\u011bd\u011blci prodlou\u017eit \u017eivotnost a spolehlivost sv\u00fdch zvedac\u00edch pru\u017einov\u00fdch v\u00e1lc\u016f.<\/p>\n<p>Dodr\u017eov\u00e1n\u00edm t\u011bchto krok\u016f si u\u017eivatel\u00e9 mohou zajistit efektivn\u00ed fungov\u00e1n\u00ed hlavn\u00edch a pomocn\u00fdch zvedac\u00edch pru\u017ein, co\u017e povede ke zv\u00fd\u0161en\u00ed produktivity a \u00fasp\u011b\u0161n\u00fdm zem\u011bd\u011blsk\u00fdm v\u00fdsledk\u016fm.<\/p>\n<h2><strong>Zku\u0161ebn\u00ed za\u0159\u00edzen\u00ed:<\/strong><\/h2>\n<p><strong><img loading=\"lazy\" decoding=\"async\" class=\"alignnone size-full wp-image-17293\" src=\"https:\/\/www.hydraulic-cylinders.net\/wp-content\/uploads\/2025\/03\/test-equipment.webp-2.webp\" alt=\"\" width=\"1932\" height=\"1741\" srcset=\"https:\/\/www.hydraulic-cylinders.net\/wp-content\/uploads\/2025\/03\/test-equipment.webp-2.webp 1932w, https:\/\/www.hydraulic-cylinders.net\/wp-content\/uploads\/2025\/03\/test-equipment.webp-2-1280x1153.webp 1280w, https:\/\/www.hydraulic-cylinders.net\/wp-content\/uploads\/2025\/03\/test-equipment.webp-2-980x883.webp 980w, https:\/\/www.hydraulic-cylinders.net\/wp-content\/uploads\/2025\/03\/test-equipment.webp-2-480x433.webp 480w\" sizes=\"(min-width: 0px) and (max-width: 480px) 480px, (min-width: 481px) and (max-width: 980px) 980px, (min-width: 981px) and (max-width: 1280px) 1280px, (min-width: 1281px) 1932px, 100vw\" \/><\/strong><\/p>\n<ul>\n<li>1: Zku\u0161ebn\u00ed komora se solnou mlhou<\/li>\n<li>2: Chemick\u00e1 anal\u00fdza<\/li>\n<li>3: Stroj na zkou\u0161en\u00ed tahem<\/li>\n<li>4: Rockwell\u016fv tvrdom\u011br<\/li>\n<li>5: Stroj na testov\u00e1n\u00ed \u010distoty<\/li>\n<li>6: Tester tvrdosti TH110 s odrazem<\/li>\n<li>7: M\u011b\u0159idlo tlou\u0161\u0165ky povlaku<\/li>\n<li>8: Zkou\u0161ka n\u00e1razem kyvadla<\/li>\n<\/ul>\n<p><img loading=\"lazy\" decoding=\"async\" class=\"alignnone size-full wp-image-17292\" src=\"https:\/\/www.hydraulic-cylinders.net\/wp-content\/uploads\/2025\/03\/test-equipment.webp-1.webp\" alt=\"\" width=\"1600\" height=\"1216\" srcset=\"https:\/\/www.hydraulic-cylinders.net\/wp-content\/uploads\/2025\/03\/test-equipment.webp-1.webp 1600w, https:\/\/www.hydraulic-cylinders.net\/wp-content\/uploads\/2025\/03\/test-equipment.webp-1-1280x973.webp 1280w, https:\/\/www.hydraulic-cylinders.net\/wp-content\/uploads\/2025\/03\/test-equipment.webp-1-980x745.webp 980w, https:\/\/www.hydraulic-cylinders.net\/wp-content\/uploads\/2025\/03\/test-equipment.webp-1-480x365.webp 480w\" sizes=\"(min-width: 0px) and (max-width: 480px) 480px, (min-width: 481px) and (max-width: 980px) 980px, (min-width: 981px) and (max-width: 1280px) 1280px, (min-width: 1281px) 1600px, 100vw\" \/><\/p>\n<p>Na\u0161e spole\u010dnost pova\u017euje kvalitu za z\u00e1klad na\u0161eho \u00fasp\u011bchu. Abychom tento z\u00e1vazek dodr\u017eeli, investovali jsme do nejmodern\u011bj\u0161\u00edho dom\u00e1c\u00edho testovac\u00edho a laboratorn\u00edho vybaven\u00ed, kter\u00e9 podporuje t\u00fdm vysoce kvalifikovan\u00fdch odborn\u00edk\u016f v oblasti v\u011bdy a techniky.<\/p>\n<p>Udr\u017eujeme p\u0159\u00edsn\u00fd syst\u00e9m \u0159\u00edzen\u00ed kvality, kter\u00fd spl\u0148uje oborov\u00e9 standardy a zaji\u0161\u0165uje, aby ka\u017ed\u00e1 \u0161ar\u017ee produkt\u016f, kter\u00e9 vyr\u00e1b\u00edme, spl\u0148ovala nejvy\u0161\u0161\u00ed krit\u00e9ria kvality. Standardizac\u00ed na\u0161ich operac\u00ed a neust\u00e1l\u00fdm sledov\u00e1n\u00edm na\u0161ich proces\u016f zaji\u0161\u0165ujeme, aby na\u0161i z\u00e1kazn\u00edci dost\u00e1vali jen to nejlep\u0161\u00ed.<\/p>\n<p>Toto neochv\u011bjn\u00e9 \u00fasil\u00ed o kvalitu nejen zvy\u0161uje spolehlivost na\u0161ich produkt\u016f, ale tak\u00e9 buduje d\u016fv\u011bru a spokojenost na\u0161ich klient\u016f. V\u011b\u0159\u00edme, \u017ee up\u0159ednost\u0148ov\u00e1n\u00edm excelence v ka\u017ed\u00e9m aspektu na\u0161\u00ed v\u00fdroby p\u0159isp\u00edv\u00e1me k \u00fasp\u011bchu na\u0161ich partner\u016f a cel\u00e9ho odv\u011btv\u00ed. Spole\u010dn\u011b usilujeme o inovace a kvalitu, kter\u00e9 vydr\u017e\u00ed dlouhodob\u011b.<\/p>\n<h2><strong>V\u00fdrobn\u00ed z\u00e1vod hydraulick\u00fdch v\u00e1lc\u016f:<\/strong><\/h2>\n<p>Na\u0161e spole\u010dnost je p\u0159edn\u00edm v\u00fdrobcem specializuj\u00edc\u00edm se na hydraulick\u00e9 v\u00e1lce, a to d\u00edky vlastn\u00edmu nez\u00e1visl\u00e9mu v\u00fdzkumu, v\u00fdvoji a konstruk\u010dn\u00edm schopnostem. D\u00edky modern\u00edmu za\u0159\u00edzen\u00ed, kter\u00e9 obsahuje v\u00edce ne\u017e 170 b\u011b\u017en\u00fdch obr\u00e1b\u011bc\u00edch stroj\u016f, CNC stroj\u016f, obr\u00e1b\u011bc\u00edch center, sva\u0159ovac\u00edch za\u0159\u00edzen\u00ed a specializovan\u00fdch testovac\u00edch a kontroln\u00edch n\u00e1stroj\u016f, jsme dob\u0159e vybaveni k uspokojen\u00ed rozmanit\u00fdch pr\u016fmyslov\u00fdch po\u017eadavk\u016f.<\/p>\n<p>D\u00edky let\u016fm nashrom\u00e1\u017ed\u011bn\u00fdch technologick\u00fdch znalost\u00ed a zdokonalov\u00e1n\u00ed proces\u016f jsme vybudovali vysp\u011bl\u00fd v\u00fdrobn\u00ed proces, kter\u00fd bezprobl\u00e9mov\u011b integruje v\u00fdzkum a v\u00fdvoj s v\u00fdrobou. Tato integrace se stala na\u0161\u00ed hlavn\u00ed konkuren\u010dn\u00ed v\u00fdhodou, kter\u00e1 n\u00e1m umo\u017e\u0148uje navrhovat a vyr\u00e1b\u011bt \u0161irokou \u0161k\u00e1lu hydraulick\u00fdch v\u00e1lc\u016f p\u0159izp\u016fsoben\u00fdch specifick\u00fdm po\u017eadavk\u016fm z\u00e1kazn\u00edk\u016f.<\/p>\n<p>Na\u0161e produkty se \u0161iroce pou\u017e\u00edvaj\u00ed v r\u016fzn\u00fdch odv\u011btv\u00edch, v\u010detn\u011b zem\u011bd\u011blsk\u00fdch stroj\u016f, stavebn\u00edch za\u0159\u00edzen\u00ed, vozidel, silni\u010dn\u00edho in\u017een\u00fdrstv\u00ed a specializovan\u00fdch stroj\u016f. S hrdost\u00ed podporujeme \u0159adu v\u00fdrobc\u016f origin\u00e1ln\u00edho vybaven\u00ed (OEM), v\u010detn\u011b spole\u010dnost\u00ed Bonong Xingda, Bojin Hummer, Jilin Ruifeng, Debang Dawei, Shandong Yineng Heavy Industry, Tai'an Modern Heavy Industry a Shifeng Group.<\/p>\n<p><img loading=\"lazy\" decoding=\"async\" class=\"alignnone size-full wp-image-17290\" src=\"https:\/\/www.hydraulic-cylinders.net\/wp-content\/uploads\/2025\/03\/production-site-1.webp\" alt=\"\" width=\"1971\" height=\"2253\" srcset=\"https:\/\/www.hydraulic-cylinders.net\/wp-content\/uploads\/2025\/03\/production-site-1.webp 1971w, https:\/\/www.hydraulic-cylinders.net\/wp-content\/uploads\/2025\/03\/production-site-1-1280x1463.webp 1280w, https:\/\/www.hydraulic-cylinders.net\/wp-content\/uploads\/2025\/03\/production-site-1-980x1120.webp 980w, https:\/\/www.hydraulic-cylinders.net\/wp-content\/uploads\/2025\/03\/production-site-1-480x549.webp 480w\" sizes=\"(min-width: 0px) and (max-width: 480px) 480px, (min-width: 481px) and (max-width: 980px) 980px, (min-width: 981px) and (max-width: 1280px) 1280px, (min-width: 1281px) 1971px, 100vw\" \/><\/p>\n<p>Jsme odhodl\u00e1ni poskytovat v\u00fdjime\u010dn\u00e9 slu\u017eby prost\u0159ednictv\u00edm siln\u00e9 politiky kvality, kter\u00e1 klade d\u016fraz na neust\u00e1l\u00e9 inovace ve v\u00fdzkumu a v\u00fdvoji, \u0159\u00edzen\u00ed, kontrole kvality a z\u00e1kaznick\u00e9m servisu. N\u00e1\u0161 z\u00e1vazek ke kvalit\u011b byl ocen\u011bn certifikac\u00ed ISO\/TS16949, kter\u00e1 zaji\u0161\u0165uje, \u017ee nejen spl\u0148ujeme, ale tak\u00e9 trvale p\u0159ekra\u010dujeme o\u010dek\u00e1v\u00e1n\u00ed na\u0161ich klient\u016f.<\/p>\n<p>S v\u00fdhledem do budoucna budeme i nad\u00e1le zdokonalovat na\u0161e technologie a roz\u0161i\u0159ovat na\u0161e mo\u017enosti s v\u017edy c\u00edlem poskytovat na\u0161im z\u00e1kazn\u00edk\u016fm produkty a slu\u017eby nejvy\u0161\u0161\u00ed kvality. Spole\u010dn\u011b vytv\u00e1\u0159\u00edme tradici excelence v odv\u011btv\u00ed hydraulick\u00fdch v\u00e1lc\u016f.<\/p>\n<p><strong>\u00a0<\/strong><\/p>","protected":false},"excerpt":{"rendered":"<p>Main And Auxiliary Lifting Spring Cylinders For No Tillage Machines Main and auxiliary lifting spring cylinders are essential components of no-tillage machines, skillfully designed to enhance both functionality and efficiency. These hydraulic cylinders enable precise lifting and lowering of equipment, ensuring seamless operation during critical agricultural tasks. With their robust construction and advanced engineering, they [&hellip;]<\/p>","protected":false},"featured_media":17335,"comment_status":"open","ping_status":"closed","template":"","meta":{"_et_pb_use_builder":"","_et_pb_old_content":"","_et_gb_content_width":""},"product_brand":[],"product_cat":[1530,1549,1376],"product_tag":[],"class_list":{"0":"post-17333","1":"product","2":"type-product","3":"status-publish","4":"has-post-thumbnail","6":"product_cat-no-tillage-machinery-hydraulic-cylinders","7":"product_cat-single-acting-hydraulic-cylinder","8":"product_cat-hydraulic-cylinder","10":"first","11":"instock","12":"shipping-taxable","13":"product-type-simple"},"amp_enabled":true,"_links":{"self":[{"href":"https:\/\/www.hydraulic-cylinders.net\/cs\/wp-json\/wp\/v2\/product\/17333","targetHints":{"allow":["GET"]}}],"collection":[{"href":"https:\/\/www.hydraulic-cylinders.net\/cs\/wp-json\/wp\/v2\/product"}],"about":[{"href":"https:\/\/www.hydraulic-cylinders.net\/cs\/wp-json\/wp\/v2\/types\/product"}],"replies":[{"embeddable":true,"href":"https:\/\/www.hydraulic-cylinders.net\/cs\/wp-json\/wp\/v2\/comments?post=17333"}],"wp:featuredmedia":[{"embeddable":true,"href":"https:\/\/www.hydraulic-cylinders.net\/cs\/wp-json\/wp\/v2\/media\/17335"}],"wp:attachment":[{"href":"https:\/\/www.hydraulic-cylinders.net\/cs\/wp-json\/wp\/v2\/media?parent=17333"}],"wp:term":[{"taxonomy":"product_brand","embeddable":true,"href":"https:\/\/www.hydraulic-cylinders.net\/cs\/wp-json\/wp\/v2\/product_brand?post=17333"},{"taxonomy":"product_cat","embeddable":true,"href":"https:\/\/www.hydraulic-cylinders.net\/cs\/wp-json\/wp\/v2\/product_cat?post=17333"},{"taxonomy":"product_tag","embeddable":true,"href":"https:\/\/www.hydraulic-cylinders.net\/cs\/wp-json\/wp\/v2\/product_tag?post=17333"}],"curies":[{"name":"wp","href":"https:\/\/api.w.org\/{rel}","templated":true}]}}