{"id":1735,"date":"2023-10-12T05:49:25","date_gmt":"2023-10-12T05:49:25","guid":{"rendered":"https:\/\/hydraulic-cylinders.net\/?post_type=product&#038;p=1735"},"modified":"2025-04-11T02:53:40","modified_gmt":"2025-04-11T02:53:40","slug":"cement-equipment-feeding-cylinder","status":"publish","type":"product","link":"https:\/\/www.hydraulic-cylinders.net\/cs\/produkt\/cement-equipment-feeding-cylinder\/","title":{"rendered":"V\u00e1lec pro pod\u00e1v\u00e1n\u00ed cementov\u00fdch za\u0159\u00edzen\u00ed"},"content":{"rendered":"<h1 style=\"text-align: center;\"><strong>V\u00e1lec pro pod\u00e1v\u00e1n\u00ed cementov\u00fdch za\u0159\u00edzen\u00ed<\/strong><\/h1>\n<p><img loading=\"lazy\" decoding=\"async\" class=\"aligncenter wp-image-1738\" src=\"https:\/\/hydraulic-cylinders.net\/wp-content\/uploads\/2023\/10\/feeding-cylinder-1-1-300x300.webp\" alt=\"\" width=\"400\" height=\"400\" \/><\/p>\n<p>D\u00e1vkovac\u00ed v\u00e1lec pro cement\u00e1\u0159sk\u00e9 za\u0159\u00edzen\u00ed je z\u00e1sadn\u00ed sou\u010d\u00e1st\u00ed v\u00fdroby cementu a je speci\u00e1ln\u011b navr\u017een pro zv\u00fd\u0161en\u00ed efektivity a p\u0159esnosti b\u011bhem procesu d\u00e1vkov\u00e1n\u00ed. Tento specializovan\u00fd v\u00e1lec hraje kl\u00ed\u010dovou roli v cement\u00e1rn\u00e1ch, proto\u017ee umo\u017e\u0148uje kontrolovan\u00e9 a p\u0159esn\u00e9 d\u00e1vkov\u00e1n\u00ed surovin do stroj\u016f na v\u00fdrobu cementu.<\/p>\n<p>D\u00e1vkovac\u00ed v\u00e1lec pro cement\u00e1\u0159sk\u00e9 za\u0159\u00edzen\u00ed je nepostradatelnou sou\u010d\u00e1st\u00ed v\u00fdroby cementu, kter\u00e1 zvy\u0161uje efektivitu a p\u0159esnost procesu d\u00e1vkov\u00e1n\u00ed. D\u00edky sv\u00e9 robustn\u00ed konstrukci, p\u0159esn\u00e9mu ovl\u00e1d\u00e1n\u00ed, nastaviteln\u00e9 d\u00e9lce zdvihu a spolehliv\u00e9mu t\u011bsnic\u00edmu mechanismu zaji\u0161\u0165uje tento v\u00e1lec p\u0159esn\u00fd a konzistentn\u00ed tok materi\u00e1lu, co\u017e p\u0159isp\u00edv\u00e1 k optimalizaci v\u00fdrobn\u00edch operac\u00ed cementu. Dodr\u017eov\u00e1n\u00edm doporu\u010den\u00fdch metod pou\u017e\u00edv\u00e1n\u00ed a postup\u016f \u00fadr\u017eby mohou oper\u00e1to\u0159i maximalizovat v\u00fdkon a \u017eivotnost d\u00e1vkovac\u00edho v\u00e1lce pro cement\u00e1\u0159sk\u00e9 za\u0159\u00edzen\u00ed, co\u017e v kone\u010dn\u00e9m d\u016fsledku zlep\u0161uje efektivitu, produktivitu a kvalitu v\u00fdroby cementu.<\/p>\n<p>Kl\u00ed\u010dov\u00e9 vlastnosti pod\u00e1vac\u00edho v\u00e1lce pro cementov\u00e9 za\u0159\u00edzen\u00ed:<\/p>\n<ol>\n<li>Robustn\u00ed konstrukce:<\/li>\n<\/ol>\n<ul>\n<li>D\u00e1vkovac\u00ed v\u00e1lec cementov\u00e9ho za\u0159\u00edzen\u00ed je vyroben z vysoce kvalitn\u00edch materi\u00e1l\u016f, aby byla zaji\u0161t\u011bna odolnost a dlouh\u00e1 \u017eivotnost v n\u00e1ro\u010dn\u00fdch prost\u0159ed\u00edch cement\u00e1rny.<\/li>\n<li>Dok\u00e1\u017ee odolat t\u011b\u017ek\u00e9 z\u00e1t\u011b\u017ei a n\u00e1ro\u010dn\u00fdm podm\u00ednk\u00e1m nep\u0159etr\u017eit\u00e9ho provozu bez kompromis\u016f ve v\u00fdkonu.<\/li>\n<\/ul>\n<ol start=\"2\">\n<li>P\u0159esn\u00e9 ovl\u00e1d\u00e1n\u00ed:<\/li>\n<\/ol>\n<ul>\n<li>Tento v\u00e1lec je navr\u017een tak, aby poskytoval p\u0159esn\u00e9 ovl\u00e1d\u00e1n\u00ed procesu pod\u00e1v\u00e1n\u00ed a umo\u017e\u0148oval p\u0159esn\u00fd a konzistentn\u00ed tok materi\u00e1lu.<\/li>\n<li>Umo\u017e\u0148uje obsluze udr\u017eovat optim\u00e1ln\u00ed rychlost pod\u00e1v\u00e1n\u00ed, \u010d\u00edm\u017e se zlep\u0161uje efektivita a kvalita produkt\u016f.<\/li>\n<\/ul>\n<ol start=\"3\">\n<li>Nastaviteln\u00e1 d\u00e9lka zdvihu:<\/li>\n<\/ol>\n<ul>\n<li>Pod\u00e1vac\u00ed v\u00e1lec cementov\u00e9ho za\u0159\u00edzen\u00ed nab\u00edz\u00ed nastavitelnou d\u00e9lku zdvihu, co\u017e umo\u017e\u0148uje flexibilitu v objemu materi\u00e1lu dod\u00e1van\u00e9ho b\u011bhem ka\u017ed\u00e9ho pod\u00e1vac\u00edho cyklu.<\/li>\n<li>Oper\u00e1to\u0159i mohou jemn\u011b doladit d\u00e9lku zdvihu na z\u00e1klad\u011b specifick\u00fdch v\u00fdrobn\u00edch po\u017eadavk\u016f a vlastnost\u00ed materi\u00e1lu.<\/li>\n<\/ul>\n<ol start=\"4\">\n<li>Spolehliv\u00fd t\u011bsnic\u00ed mechanismus:<\/li>\n<\/ol>\n<ul>\n<li>V\u00e1lec je vybaven spolehliv\u00fdm t\u011bsnic\u00edm mechanismem, kter\u00fd zabra\u0148uje \u00faniku a zaji\u0161\u0165uje konzistentn\u00ed proces pod\u00e1v\u00e1n\u00ed.<\/li>\n<li>Minimalizuje pl\u00fdtv\u00e1n\u00ed materi\u00e1lem a podporuje \u010dist\u00e9 a efektivn\u00ed v\u00fdrobn\u00ed prost\u0159ed\u00ed.<\/li>\n<\/ul>\n<h2><strong>Parametr pod\u00e1vac\u00edho v\u00e1lce pro cementov\u00e9 za\u0159\u00edzen\u00ed:<\/strong><\/h2>\n<table border=\"1\" cellspacing=\"0\" cellpadding=\"0\">\n<tbody>\n<tr>\n<td>N\u00e1zev produktu<\/td>\n<td>V\u00e1lec pro pod\u00e1v\u00e1n\u00ed cementov\u00fdch za\u0159\u00edzen\u00ed<\/td>\n<\/tr>\n<tr>\n<td>Vlastnosti:<\/td>\n<td>Podporujte vratn\u00fd pohyb ro\u0161tov\u00e9ho lo\u017ee ro\u0161tov\u00e9ho chladi\u010de<\/td>\n<\/tr>\n<tr>\n<td>Pr\u016fm\u011br otvoru:<\/td>\n<td>80 mm\uff5e140 mm<\/td>\n<\/tr>\n<tr>\n<td>Pr\u016fm\u011br ty\u010de:<\/td>\n<td>45 mm\uff5e80 mm<br \/>\nZdvih: \u22641200 mm<\/td>\n<\/tr>\n<tr>\n<td>Tahov\u00e1 s\u00edla:<\/td>\n<td>Max. 385 kN<br \/>\n(Pr\u016fm\u011br v\u00e1lce 140 mm\/tlak 25 MPa)<\/td>\n<\/tr>\n<tr>\n<td>Aplikace pod\u00e1vac\u00edho v\u00e1lce pro cement\u00e1\u0159sk\u00e9 za\u0159\u00edzen\u00ed:<\/td>\n<td>Cementov\u00e9 za\u0159\u00edzen\u00ed<\/td>\n<\/tr>\n<\/tbody>\n<\/table>\n<div><\/div>\n<div>\n<div class=\"txtboxL\">\n<div class=\"txtboxL\">\n<div class=\"txtboxL\">Vlastnosti:<\/div>\n<div class=\"txtboxR\">Podporujte vratn\u00fd pohyb ro\u0161tov\u00e9ho lo\u017ee ro\u0161tov\u00e9ho chladi\u010de<\/div>\n<div class=\"txtboxL\">Specifikace:<\/div>\n<div class=\"txtboxR\">Pr\u016fm\u011br otvoru: 80 mm\uff5e140 mm<br \/>\nPr\u016fm\u011br ty\u010de: 45 mm\uff5e80 mm<br \/>\nZdvih: \u22641200 mm<\/div>\n<div class=\"txtboxL\">Tahov\u00e1 s\u00edla:<\/div>\n<div class=\"txtboxR\">Max. 385 kN<br \/>\n(Pr\u016fm\u011br v\u00e1lce 140 mm\/tlak 25 MPa)<\/div>\n<\/div>\n<\/div>\n<\/div>\n<h2><strong>Cementov\u00e9 za\u0159\u00edzen\u00ed <\/strong><strong>Tov\u00e1rna na v\u00e1lce:<\/strong><\/h2>\n<p><img loading=\"lazy\" decoding=\"async\" class=\"alignnone wp-image-1734 size-full\" src=\"https:\/\/hydraulic-cylinders.net\/wp-content\/uploads\/2023\/10\/cement-equipment-cylinder-1.webp\" alt=\"\" width=\"1418\" height=\"946\" srcset=\"https:\/\/hydraulic-cylinders.net\/wp-content\/uploads\/2023\/10\/cement-equipment-cylinder-1.webp 1418w, https:\/\/hydraulic-cylinders.net\/wp-content\/uploads\/2023\/10\/cement-equipment-cylinder-1-1280x854.webp 1280w, https:\/\/hydraulic-cylinders.net\/wp-content\/uploads\/2023\/10\/cement-equipment-cylinder-1-980x654.webp 980w, https:\/\/hydraulic-cylinders.net\/wp-content\/uploads\/2023\/10\/cement-equipment-cylinder-1-480x320.webp 480w\" sizes=\"(min-width: 0px) and (max-width: 480px) 480px, (min-width: 481px) and (max-width: 980px) 980px, (min-width: 981px) and (max-width: 1280px) 1280px, (min-width: 1281px) 1418px, 100vw\" \/><\/p>\n<h2><strong>Zp\u016fsob pou\u017eit\u00ed v\u00e1lce pro pod\u00e1v\u00e1n\u00ed cementov\u00e9ho za\u0159\u00edzen\u00ed<\/strong><strong>:<\/strong><\/h2>\n<ol>\n<li><strong>Instalace:<\/strong><\/li>\n<\/ol>\n<ul>\n<li>Pro bezpe\u010dnou instalaci pod\u00e1vac\u00edho v\u00e1lce cementov\u00e9ho za\u0159\u00edzen\u00ed do stroje na v\u00fdrobu cementu dodr\u017eujte pokyny v\u00fdrobce.<\/li>\n<li>Zajist\u011bte spr\u00e1vn\u00e9 zarovn\u00e1n\u00ed, upevn\u011bn\u00ed a integraci s pod\u00e1vac\u00edm syst\u00e9mem.<\/li>\n<\/ul>\n<ol start=\"2\">\n<li><strong>Nastaven\u00ed:<\/strong><\/li>\n<\/ol>\n<ul>\n<li>Upravte d\u00e9lku zdvihu v\u00e1lce podle po\u017eadovan\u00e9ho objemu a rychlosti pod\u00e1v\u00e1n\u00ed.<\/li>\n<li>Konkr\u00e9tn\u00ed mechanismy a nastaven\u00ed naleznete v pokynech v\u00fdrobce.<\/li>\n<\/ul>\n<ol start=\"3\">\n<li><strong>Nakl\u00e1d\u00e1n\u00ed materi\u00e1lu:<\/strong><\/li>\n<\/ol>\n<ul>\n<li>Vlo\u017ete po\u017eadovan\u00e9 suroviny do pod\u00e1vac\u00edho syst\u00e9mu a ujist\u011bte se, \u017ee jsou spr\u00e1vn\u011b um\u00edst\u011bny pro plynul\u00e9 a nep\u0159eru\u0161ovan\u00e9 pod\u00e1v\u00e1n\u00ed.<\/li>\n<li>Zabra\u0148te p\u0159et\u00ed\u017een\u00ed syst\u00e9mu, proto\u017ee to m\u016f\u017ee nep\u0159\u00edzniv\u011b ovlivnit v\u00fdkon a \u00fa\u010dinnost pod\u00e1vac\u00edho v\u00e1lce cementov\u00e9ho za\u0159\u00edzen\u00ed.<\/li>\n<\/ul>\n<ol start=\"4\">\n<li><strong>Aktivace a ovl\u00e1d\u00e1n\u00ed:<\/strong><\/li>\n<\/ol>\n<ul>\n<li>Aktivujte pod\u00e1vac\u00ed syst\u00e9m zapojen\u00edm pod\u00e1vac\u00edho v\u00e1lce cementov\u00e9ho za\u0159\u00edzen\u00ed pro zah\u00e1jen\u00ed toku materi\u00e1lu.<\/li>\n<li>Pomoc\u00ed ovl\u00e1dac\u00edho panelu nebo rozhran\u00ed regulujte proces pod\u00e1v\u00e1n\u00ed a podle pot\u0159eby upravte d\u00e9lku zdvihu a rychlost.<\/li>\n<\/ul>\n<h2><strong>Jak funguj\u00ed hydraulick\u00e9 v\u00e1lce?<\/strong><\/h2>\n<p>Hydraulick\u00e9 v\u00e1lce jsou mechanick\u00e1 za\u0159\u00edzen\u00ed, kter\u00e1 vyu\u017e\u00edvaj\u00ed s\u00edlu hydraulick\u00e9 kapaliny k vytv\u00e1\u0159en\u00ed s\u00edly a usnadn\u011bn\u00ed line\u00e1rn\u00edho pohybu. B\u011b\u017en\u011b se pou\u017e\u00edvaj\u00ed v r\u016fzn\u00fdch aplikac\u00edch, od stavebn\u00edch stroj\u016f a\u017e po pr\u016fmyslov\u00e9 stroje. Zde je zjednodu\u0161en\u00e9 vysv\u011btlen\u00ed fungov\u00e1n\u00ed hydraulick\u00fdch v\u00e1lc\u016f:<\/p>\n<ol>\n<li><strong>Z\u00e1kladn\u00ed komponenty:<\/strong>\n<ul>\n<li>V\u00e1lec: Je to hlavn\u00ed t\u011bleso hydraulick\u00e9ho v\u00e1lce, v n\u011bm\u017e je ulo\u017een p\u00edst a dal\u0161\u00ed vnit\u0159n\u00ed komponenty.<\/li>\n<li>P\u00edst: V\u00e1lcov\u00e1 sou\u010d\u00e1st, kter\u00e1 d\u011bl\u00ed v\u00e1lec na dv\u011b komory.<\/li>\n<li>P\u00edstn\u00ed ty\u010d: Je spojena s p\u00edstem, vy\u010dn\u00edv\u00e1 z v\u00e1lce a p\u0159en\u00e1\u0161\u00ed generovanou s\u00edlu.<\/li>\n<li>T\u011bsn\u011bn\u00ed: Zabra\u0148uj\u00ed \u00faniku hydraulick\u00e9 kapaliny mezi p\u00edstem a v\u00e1lcem a zaji\u0161\u0165uj\u00ed tak efektivn\u00ed provoz.<\/li>\n<\/ul>\n<\/li>\n<li><strong>Hydraulick\u00fd syst\u00e9m:<\/strong>\n<ul>\n<li>Hydraulick\u00fd syst\u00e9m se skl\u00e1d\u00e1 z hydraulick\u00e9ho \u010derpadla, regula\u010dn\u00edch ventil\u016f a hydraulick\u00e9 kapaliny (obvykle oleje).<\/li>\n<li>Hydraulick\u00e9 \u010derpadlo natlakuje kapalinu a vytv\u00e1\u0159\u00ed hydraulickou energii, kterou lze vyu\u017e\u00edt k vytvo\u0159en\u00ed s\u00edly.<\/li>\n<\/ul>\n<\/li>\n<li><strong>Dv\u011b komory:<\/strong>\n<ul>\n<li>Hydraulick\u00fd v\u00e1lec m\u00e1 dv\u011b komory: stranu p\u00edstnice (nebo tlakovou stranu) a opa\u010dnou stranu (nebo vratnou stranu).<\/li>\n<li>Strana ty\u010de je p\u0159ipojena k hydraulick\u00e9mu \u010derpadlu, zat\u00edmco opa\u010dn\u00e1 strana je p\u0159ipojena k n\u00e1dr\u017ei nebo zp\u011btn\u00e9mu potrub\u00ed.<\/li>\n<\/ul>\n<\/li>\n<li><strong>Operace:<\/strong>\n<ul>\n<li>Kdy\u017e je hydraulick\u00e1 kapalina \u010derp\u00e1na do komory na stran\u011b p\u00edstnice, vyv\u00edj\u00ed tlak na p\u00edst, co\u017e zp\u016fsobuje jeho pohyb sm\u011brem ven.<\/li>\n<li>Jak se p\u00edst pohybuje, tla\u010d\u00ed na p\u00edstn\u00ed ty\u010d a vytv\u00e1\u0159\u00ed line\u00e1rn\u00ed s\u00edlu.<\/li>\n<li>Sou\u010dasn\u011b se hydraulick\u00e1 kapalina z prot\u011bj\u0161\u00ed komory vrac\u00ed do z\u00e1sobn\u00edku nebo zp\u011btn\u00fdm potrub\u00edm.<\/li>\n<\/ul>\n<\/li>\n<li><strong>Sm\u011brov\u00e9 \u0159\u00edzen\u00ed:<\/strong>\n<ul>\n<li>Sm\u011br pohybu hydraulick\u00e9ho v\u00e1lce lze ovl\u00e1dat pomoc\u00ed sm\u011brov\u00fdch regula\u010dn\u00edch ventil\u016f.<\/li>\n<li>Tyto ventily reguluj\u00ed tok hydraulick\u00e9 kapaliny do p\u0159\u00edslu\u0161n\u00e9 komory a ur\u010duj\u00ed sm\u011br pohybu p\u00edstu.<\/li>\n<\/ul>\n<\/li>\n<li><strong>\u0158\u00edzen\u00ed s\u00edly a rychlosti:<\/strong>\n<ul>\n<li>S\u00edla generovan\u00e1 hydraulick\u00fdm v\u00e1lcem z\u00e1vis\u00ed na hydraulick\u00e9m tlaku a efektivn\u00ed plo\u0161e p\u00edstu.<\/li>\n<li>Nastaven\u00edm hydraulick\u00e9ho tlaku lze regulovat v\u00fdstupn\u00ed s\u00edlu.<\/li>\n<li>Rychlost pohybu v\u00e1lce lze regulovat nastaven\u00edm pr\u016ftoku hydraulick\u00e9 kapaliny do v\u00e1lce nebo z n\u011bj.<\/li>\n<\/ul>\n<\/li>\n<li><strong>Aplikace:<\/strong>\n<ul>\n<li>Hydraulick\u00e9 v\u00e1lce se pou\u017e\u00edvaj\u00ed v r\u016fzn\u00fdch aplikac\u00edch, kter\u00e9 vy\u017eaduj\u00ed line\u00e1rn\u00ed s\u00edlu a pohyb, jako je zved\u00e1n\u00ed, tla\u010den\u00ed, tah\u00e1n\u00ed a oh\u00fdb\u00e1n\u00ed.<\/li>\n<li>B\u011b\u017en\u011b se vyskytuj\u00ed ve stavebn\u00edch stroj\u00edch, manipula\u010dn\u00edch stroj\u00edch, v\u00fdrobn\u00edch syst\u00e9mech a automobilov\u00fdch aplikac\u00edch.<\/li>\n<\/ul>\n<\/li>\n<\/ol>\n<h2><strong>Schopnosti a kapacita tov\u00e1rny:<\/strong><\/h2>\n<h3>(1) Mont\u00e1\u017e<\/h3>\n<p>Disponujeme prvot\u0159\u00eddn\u00ed nez\u00e1vislou v\u00fdzkumnou a v\u00fdvojovou mont\u00e1\u017en\u00ed platformou. D\u00edlna na v\u00fdrobu hydraulick\u00fdch v\u00e1lc\u016f m\u00e1 \u010dty\u0159i poloautomatick\u00e9 mont\u00e1\u017en\u00ed linky pro zvedac\u00ed v\u00e1lce a jednu automatickou mont\u00e1\u017en\u00ed linku pro nakl\u00e1p\u011bc\u00ed v\u00e1lce s projektovanou ro\u010dn\u00ed v\u00fdrobn\u00ed kapacitou 1 milion kus\u016f. D\u00edlna na speci\u00e1ln\u00ed v\u00e1lce je vybavena poloautomatick\u00fdm \u010distic\u00edm mont\u00e1\u017en\u00edm syst\u00e9mem s r\u016fzn\u00fdmi specifikacemi a projektovanou ro\u010dn\u00ed v\u00fdrobn\u00ed kapacitou 200 000 kus\u016f a je vybavena zn\u00e1m\u00fdm CNC obr\u00e1b\u011bc\u00edm za\u0159\u00edzen\u00edm, obr\u00e1b\u011bc\u00edm centrem, vysoce p\u0159esn\u00fdm speci\u00e1ln\u00edm za\u0159\u00edzen\u00edm pro zpracov\u00e1n\u00ed v\u00e1lc\u016f, robotick\u00fdm sva\u0159ovac\u00edm strojem, automatick\u00fdm \u010distic\u00edm strojem, automatick\u00fdm mont\u00e1\u017en\u00edm strojem pro v\u00e1lce a automatickou lakovac\u00ed v\u00fdrobn\u00ed linkou. St\u00e1vaj\u00edc\u00ed kritick\u00e9 vybaven\u00ed m\u00e1 v\u00edce ne\u017e 300 sad. Optim\u00e1ln\u00ed alokace a efektivn\u00ed vyu\u017eit\u00ed zdroj\u016f za\u0159\u00edzen\u00ed zaji\u0161\u0165uje po\u017eadavky na p\u0159esnost v\u00fdrobk\u016f a spl\u0148uje po\u017eadavky na vysokou kvalitu v\u00fdrobk\u016f.<\/p>\n<p><img loading=\"lazy\" decoding=\"async\" class=\"alignnone wp-image-626\" src=\"https:\/\/hydraulic-cylinders.net\/wp-content\/uploads\/2023\/08\/hydraulic-cylinder-product-1-300x158.webp\" alt=\"\" width=\"495\" height=\"260\" srcset=\"https:\/\/hydraulic-cylinders.net\/wp-content\/uploads\/2023\/08\/hydraulic-cylinder-product-1-300x158.webp 495w, https:\/\/hydraulic-cylinders.net\/wp-content\/uploads\/2023\/08\/hydraulic-cylinder-product-1-480x252.webp 480w\" sizes=\"(min-width: 0px) and (max-width: 480px) 480px, (min-width: 481px) 495px, 100vw\" \/> <img loading=\"lazy\" decoding=\"async\" class=\"alignnone wp-image-627\" src=\"https:\/\/hydraulic-cylinders.net\/wp-content\/uploads\/2023\/08\/hydraulic-cylinder-product-2-300x189.webp\" alt=\"\" width=\"413\" height=\"260\" \/><\/p>\n<h3>(2) Obr\u00e1b\u011bn\u00ed<\/h3>\n<p>Obrobna je vybavena zak\u00e1zkov\u00fdm soustru\u017enick\u00fdm centrem pro \u0161ikm\u00e9 kolejnice, obr\u00e1b\u011bc\u00edm centrem, vysokorychlostn\u00edm honovac\u00edm strojem, sva\u0159ovac\u00edm robotem a dal\u0161\u00edm souvisej\u00edc\u00edm za\u0159\u00edzen\u00edm, kter\u00e9 zvl\u00e1dne obr\u00e1b\u011bn\u00ed v\u00e1lcov\u00fdch trubek s maxim\u00e1ln\u00edm vnit\u0159n\u00edm pr\u016fm\u011brem 400 mm a maxim\u00e1ln\u00ed d\u00e9lkou 6 metr\u016f.<\/p>\n<p><img loading=\"lazy\" decoding=\"async\" class=\"alignnone wp-image-628 size-large\" src=\"https:\/\/hydraulic-cylinders.net\/wp-content\/uploads\/2023\/08\/hydraulic-cylinder-product-3-1024x391.webp\" alt=\"\" width=\"1024\" height=\"391\" srcset=\"https:\/\/hydraulic-cylinders.net\/wp-content\/uploads\/2023\/08\/hydraulic-cylinder-product-3-980x374.webp 980w, https:\/\/hydraulic-cylinders.net\/wp-content\/uploads\/2023\/08\/hydraulic-cylinder-product-3-480x183.webp 480w\" sizes=\"(min-width: 0px) and (max-width: 480px) 480px, (min-width: 481px) and (max-width: 980px) 980px, (min-width: 981px) 1024px, 100vw\" \/><\/p>\n<h3>(3) Sva\u0159ov\u00e1n\u00ed<\/h3>\n<p><img loading=\"lazy\" decoding=\"async\" class=\"alignnone wp-image-629 size-large\" src=\"https:\/\/hydraulic-cylinders.net\/wp-content\/uploads\/2023\/08\/hydraulic-cylinder-product-4-1024x510.webp\" alt=\"\" width=\"1024\" height=\"510\" srcset=\"https:\/\/hydraulic-cylinders.net\/wp-content\/uploads\/2023\/08\/hydraulic-cylinder-product-4-980x488.webp 980w, https:\/\/hydraulic-cylinders.net\/wp-content\/uploads\/2023\/08\/hydraulic-cylinder-product-4-480x239.webp 480w\" sizes=\"(min-width: 0px) and (max-width: 480px) 480px, (min-width: 481px) and (max-width: 980px) 980px, (min-width: 981px) 1024px, 100vw\" \/><\/p>\n<h3>(4) Lakov\u00e1n\u00ed a n\u00e1t\u011bry<\/h3>\n<p>S mal\u00fdmi a st\u0159edn\u00edmi v\u00e1lcov\u00fdmi automatick\u00fdmi linkami na nan\u00e1\u0161en\u00ed barev na vodn\u00ed b\u00e1zi, pro dosa\u017een\u00ed automatick\u00e9ho robotick\u00e9ho nakl\u00e1d\u00e1n\u00ed a vykl\u00e1d\u00e1n\u00ed a automatick\u00e9ho st\u0159\u00edk\u00e1n\u00ed, je konstruk\u010dn\u00ed kapacita 4000 kus\u016f za sm\u011bnu;<br \/>\nM\u00e1me tak\u00e9 poloautomatickou linku na v\u00fdrobu barev pro velk\u00e9 tlakov\u00e9 lahve poh\u00e1n\u011bn\u00e9 \u0159et\u011bzem s konstruk\u010dn\u00ed kapacitou 60 lahv\u00ed za sm\u011bnu.<\/p>\n<p><img loading=\"lazy\" decoding=\"async\" class=\"alignnone wp-image-630\" src=\"https:\/\/hydraulic-cylinders.net\/wp-content\/uploads\/2023\/08\/hydraulic-cylinder-product-5-300x213.webp\" alt=\"\" width=\"366\" height=\"260\" \/> <img loading=\"lazy\" decoding=\"async\" class=\"alignnone wp-image-631\" src=\"https:\/\/hydraulic-cylinders.net\/wp-content\/uploads\/2023\/08\/hydraulic-cylinder-product-6-300x225.webp\" alt=\"\" width=\"347\" height=\"260\" \/><\/p>\n<h3>(5) Testov\u00e1n\u00ed<\/h3>\n<p>Disponujeme prvot\u0159\u00eddn\u00edmi inspek\u010dn\u00edmi za\u0159\u00edzen\u00edmi a zku\u0161ebn\u00edmi laborato\u0159emi, abychom zajistili, \u017ee v\u00fdkon v\u00e1lce spl\u0148uje po\u017eadavky.<\/p>\n<p><img loading=\"lazy\" decoding=\"async\" class=\"alignnone wp-image-632\" src=\"https:\/\/hydraulic-cylinders.net\/wp-content\/uploads\/2023\/08\/hydraulic-cylinder-product-8-300x200.webp\" alt=\"\" width=\"389\" height=\"260\" \/><\/p>\n<p>&nbsp;<\/p>\n<p>&nbsp;<\/p>\n<p>Jsme jedn\u00edm z nejlep\u0161\u00edch v\u00fdrobc\u016f hydraulick\u00fdch v\u00e1lc\u016f. Nab\u00edz\u00edme komplexn\u00ed hydraulick\u00e9 v\u00e1lce. Dod\u00e1v\u00e1me tak\u00e9 odpov\u00eddaj\u00edc\u00ed <a href=\"https:\/\/hzpt.com\/agricultural-pto-gearbox\/\" target=\"_blank\" rel=\"noopener\">zem\u011bd\u011blsk\u00e9 p\u0159evodovky<\/a>Na\u0161e v\u00fdrobky jsme exportovali klient\u016fm po cel\u00e9m sv\u011bt\u011b a d\u00edky vynikaj\u00edc\u00ed kvalit\u011b v\u00fdrobk\u016f a poprodejn\u00edmu servisu jsme si z\u00edskali dobrou pov\u011bst. V\u00edt\u00e1me z\u00e1kazn\u00edky doma i v zahrani\u010d\u00ed, kte\u0159\u00ed n\u00e1s kontaktuj\u00ed za \u00fa\u010delem vyjedn\u00e1v\u00e1n\u00ed obchodn\u00edch p\u0159\u00edle\u017eitost\u00ed, v\u00fdm\u011bny informac\u00ed a <a href=\"https:\/\/www.hydraulic-cylinders.net\/cs\/contact-us\/\">spolupracujte s n\u00e1mi<\/a>!<\/p>","protected":false},"excerpt":{"rendered":"<p>Cement Equipment Feeding Cylinder The cement equipment feeding cylinder is a vital component in cement production, specifically designed to enhance efficiency and precision during the feeding process. This specialized cylinder plays a crucial role in cement plants, enabling controlled and accurate feeding of raw materials into the cement manufacturing machinery. The cement equipment feeding cylinder [&hellip;]<\/p>","protected":false},"featured_media":1736,"comment_status":"open","ping_status":"closed","template":"","meta":{"_et_pb_use_builder":"","_et_pb_old_content":"","_et_gb_content_width":""},"product_brand":[],"product_cat":[1520,1549],"product_tag":[1380],"class_list":{"0":"post-1735","1":"product","2":"type-product","3":"status-publish","4":"has-post-thumbnail","6":"product_cat-concrete-equipment-hydraulic-cylinders","7":"product_cat-single-acting-hydraulic-cylinder","8":"product_tag-hydraulic-cylinder","10":"first","11":"instock","12":"shipping-taxable","13":"product-type-simple"},"amp_enabled":true,"_links":{"self":[{"href":"https:\/\/www.hydraulic-cylinders.net\/cs\/wp-json\/wp\/v2\/product\/1735","targetHints":{"allow":["GET"]}}],"collection":[{"href":"https:\/\/www.hydraulic-cylinders.net\/cs\/wp-json\/wp\/v2\/product"}],"about":[{"href":"https:\/\/www.hydraulic-cylinders.net\/cs\/wp-json\/wp\/v2\/types\/product"}],"replies":[{"embeddable":true,"href":"https:\/\/www.hydraulic-cylinders.net\/cs\/wp-json\/wp\/v2\/comments?post=1735"}],"wp:featuredmedia":[{"embeddable":true,"href":"https:\/\/www.hydraulic-cylinders.net\/cs\/wp-json\/wp\/v2\/media\/1736"}],"wp:attachment":[{"href":"https:\/\/www.hydraulic-cylinders.net\/cs\/wp-json\/wp\/v2\/media?parent=1735"}],"wp:term":[{"taxonomy":"product_brand","embeddable":true,"href":"https:\/\/www.hydraulic-cylinders.net\/cs\/wp-json\/wp\/v2\/product_brand?post=1735"},{"taxonomy":"product_cat","embeddable":true,"href":"https:\/\/www.hydraulic-cylinders.net\/cs\/wp-json\/wp\/v2\/product_cat?post=1735"},{"taxonomy":"product_tag","embeddable":true,"href":"https:\/\/www.hydraulic-cylinders.net\/cs\/wp-json\/wp\/v2\/product_tag?post=1735"}],"curies":[{"name":"wp","href":"https:\/\/api.w.org\/{rel}","templated":true}]}}