{"id":17585,"date":"2025-03-18T05:51:01","date_gmt":"2025-03-18T05:51:01","guid":{"rendered":"https:\/\/www.hydraulic-cylinders.net\/?post_type=product&#038;p=17585"},"modified":"2025-04-11T03:15:29","modified_gmt":"2025-04-11T03:15:29","slug":"tilt-hydraulic-cylinders-for-large-forklift","status":"publish","type":"product","link":"https:\/\/www.hydraulic-cylinders.net\/cs\/produkt\/tilt-hydraulic-cylinders-for-large-forklift\/","title":{"rendered":"Hydraulick\u00e9 v\u00e1lce pro nakl\u00e1p\u011bn\u00ed pro velk\u00e9 vysokozdvi\u017en\u00e9 voz\u00edky"},"content":{"rendered":"<h1 style=\"text-align: center;\"><strong>Hydraulick\u00e9 v\u00e1lce pro nakl\u00e1p\u011bn\u00ed pro velk\u00e9 vysokozdvi\u017en\u00e9 voz\u00edky<\/strong><\/h1>\n<p>Hydraulick\u00e9 v\u00e1lce pro nakl\u00e1p\u011bn\u00ed jsou z\u00e1kladn\u00edmi sou\u010d\u00e1stmi velk\u00fdch vysokozdvi\u017en\u00fdch voz\u00edk\u016f a jsou navr\u017eeny tak, aby zvy\u0161ovaly jejich provozn\u00ed schopnosti. Tyto v\u00e1lce umo\u017e\u0148uj\u00ed p\u0159esn\u00e9 nakl\u00e1p\u011bn\u00ed vidlic vysokozdvi\u017en\u00e9ho voz\u00edku, co\u017e usnad\u0148uje bezpe\u010dn\u00e9 a efektivn\u00ed nakl\u00e1d\u00e1n\u00ed a vykl\u00e1d\u00e1n\u00ed materi\u00e1l\u016f. D\u00edky sv\u00e9 robustn\u00ed konstrukci a pokro\u010dil\u00e9 technologii hydraulick\u00e9 v\u00e1lce pro nakl\u00e1p\u011bn\u00ed v\u00fdrazn\u011b zvy\u0161uj\u00ed produktivitu ve skladech a na staveni\u0161t\u00edch.<\/p>\n<p>Hydraulick\u00e9 v\u00e1lce pro nakl\u00e1p\u011bn\u00ed jsou z\u00e1sadn\u00ed pro zlep\u0161en\u00ed funk\u010dnosti velk\u00fdch vysokozdvi\u017en\u00fdch voz\u00edk\u016f. Jejich schopnost usnad\u0148ovat p\u0159esn\u00e9 pohyby nejen zvy\u0161uje efektivitu, ale tak\u00e9 zaji\u0161\u0165uje bezpe\u010dnost p\u0159i manipulaci s materi\u00e1lem. Pochopen\u00edm jejich vlastnost\u00ed, zp\u016fsob\u016f pou\u017eit\u00ed a po\u017eadavk\u016f na \u00fadr\u017ebu mohou oper\u00e1to\u0159i maximalizovat v\u00fdhody t\u011bchto z\u00e1kladn\u00edch komponent. Investice do vysoce kvalitn\u00edch hydraulick\u00fdch v\u00e1lc\u016f pro nakl\u00e1p\u011bn\u00ed zaru\u010duje lep\u0161\u00ed v\u00fdkon a spolehlivost v jak\u00e9koli n\u00e1ro\u010dn\u00e9 aplikaci.<\/p>\n<h1 style=\"text-align: center;\"><img loading=\"lazy\" decoding=\"async\" class=\"alignnone wp-image-17587\" src=\"https:\/\/www.hydraulic-cylinders.net\/wp-content\/uploads\/2025\/03\/Tilt-hydraulic-cylinders-for-large-forklift.webp\" alt=\"Hydraulick\u00e9 v\u00e1lce pro nakl\u00e1p\u011bn\u00ed pro velk\u00e9 vysokozdvi\u017en\u00e9 voz\u00edky\" width=\"500\" height=\"500\" srcset=\"https:\/\/www.hydraulic-cylinders.net\/wp-content\/uploads\/2025\/03\/Tilt-hydraulic-cylinders-for-large-forklift.webp 500w, https:\/\/www.hydraulic-cylinders.net\/wp-content\/uploads\/2025\/03\/Tilt-hydraulic-cylinders-for-large-forklift-480x480.webp 480w\" sizes=\"(min-width: 0px) and (max-width: 480px) 480px, (min-width: 481px) 500px, 100vw\" \/><\/h1>\n<p style=\"text-align: center;\"><strong>Hydraulick\u00e9 v\u00e1lce pro nakl\u00e1p\u011bn\u00ed pro velk\u00e9 vysokozdvi\u017en\u00e9 voz\u00edky<\/strong><\/p>\n<h2><strong>Hydraulick\u00e9 v\u00e1lce pro nakl\u00e1p\u011bn\u00ed pro velk\u00e9 vysokozdvi\u017en\u00e9 voz\u00edky <\/strong><strong>Technick\u00e9 specifikace<\/strong><strong>:<\/strong><\/h2>\n<div class=\"Message_messageTextContainer__w64Sc\">\n<div>\n<div class=\"Markdown_markdownContainer__Tz3HQ\">\n<p><strong>Funkce:<\/strong> Implementujte nakl\u00e1p\u011bn\u00ed port\u00e1lu vysokozdvi\u017en\u00e9ho voz\u00edku dop\u0159edu a dozadu<br \/>\n<strong>Pr\u016fm\u011br v\u00e1lce:<\/strong> 90 mm\u2013220 mm<br \/>\n<strong>Pr\u016fm\u011br ty\u010de:<\/strong> 45 mm\u2013100 mm<br \/>\n<strong>Cestovat:<\/strong> 37 mm\u2013363 mm<br \/>\n<strong>Maxim\u00e1ln\u00ed tlak:<\/strong> 27 MPa<br \/>\n<strong>Maxim\u00e1ln\u00ed tah:<\/strong> 1026 kN<\/p>\n<\/div>\n<\/div>\n<\/div>\n<h2><strong>\u0158ada hydraulick\u00fdch v\u00e1lc\u016f pro velk\u00e9 vysokozdvi\u017en\u00e9 voz\u00edky:\u00a0<\/strong><\/h2>\n<h2><img loading=\"lazy\" decoding=\"async\" class=\"alignnone size-full wp-image-17582\" src=\"https:\/\/www.hydraulic-cylinders.net\/wp-content\/uploads\/2025\/03\/large-forklift-hydraulic-cylinder-construction.webp\" alt=\"\" width=\"1100\" height=\"615\" srcset=\"https:\/\/www.hydraulic-cylinders.net\/wp-content\/uploads\/2025\/03\/large-forklift-hydraulic-cylinder-construction.webp 1100w, https:\/\/www.hydraulic-cylinders.net\/wp-content\/uploads\/2025\/03\/large-forklift-hydraulic-cylinder-construction-980x548.webp 980w, https:\/\/www.hydraulic-cylinders.net\/wp-content\/uploads\/2025\/03\/large-forklift-hydraulic-cylinder-construction-480x268.webp 480w\" sizes=\"(min-width: 0px) and (max-width: 480px) 480px, (min-width: 481px) and (max-width: 980px) 980px, (min-width: 981px) 1100px, 100vw\" \/><\/h2>\n<h2><strong>Kl\u00ed\u010dov\u00e9 vlastnosti hydraulick\u00fdch v\u00e1lc\u016f pro nakl\u00e1p\u011bn\u00ed velk\u00fdch vysokozdvi\u017en\u00fdch voz\u00edk\u016f<\/strong><strong>:<\/strong><\/h2>\n<ul>\n<li><strong>Vysok\u00e1 nosnost:<\/strong> Hydraulick\u00e9 v\u00e1lce pro nakl\u00e1p\u011bn\u00ed jsou konstruov\u00e1ny tak, aby unesly zna\u010dn\u00e9 hmotnosti, a proto jsou kl\u00ed\u010dov\u00e9 pro n\u00e1ro\u010dn\u00e9 aplikace. Jejich robustn\u00ed konstrukce zaji\u0161\u0165uje bezpe\u010dn\u00fd a efektivn\u00ed provoz i p\u0159i zved\u00e1n\u00ed t\u011b\u017ek\u00fdch b\u0159emen, \u010d\u00edm\u017e sni\u017euje riziko nehod a zvy\u0161uje produktivitu na pracovi\u0161ti.<\/li>\n<li><strong>Odoln\u00e9 materi\u00e1ly:<\/strong> Tyto v\u00e1lce jsou vyrobeny z vysokopevnostn\u00ed oceli a dal\u0161\u00edch odoln\u00fdch materi\u00e1l\u016f, kter\u00e9 poskytuj\u00ed v\u00fdjime\u010dnou odolnost proti opot\u0159eben\u00ed. Tato trvanlivost nejen prodlu\u017euje \u017eivotnost v\u00e1lce, ale tak\u00e9 minimalizuje pot\u0159ebu \u010dast\u00fdch v\u00fdm\u011bn, co\u017e z dlouhodob\u00e9ho hlediska \u0161et\u0159\u00ed \u010das a n\u00e1klady.<\/li>\n<li><strong>Kompaktn\u00ed design:<\/strong> Zjednodu\u0161en\u00e1 konstrukce hydraulick\u00fdch v\u00e1lc\u016f pro nakl\u00e1p\u011bn\u00ed usnad\u0148uje integraci do st\u00e1vaj\u00edc\u00edch syst\u00e9m\u016f vysokozdvi\u017en\u00fdch voz\u00edk\u016f. Tato kompaktnost umo\u017e\u0148uje optimalizovan\u00e9 vyu\u017eit\u00ed prostoru bez kompromis\u016f v oblasti v\u00fdkonu, co\u017e obsluze usnad\u0148uje man\u00e9vrov\u00e1n\u00ed v t\u011bsn\u00fdch prostorech.<\/li>\n<li><strong>Nastaviteln\u00fd \u00fahel sklonu:<\/strong> Jednou z v\u00fdjime\u010dn\u00fdch vlastnost\u00ed je mo\u017enost obsluhy bez n\u00e1mahy nastavit \u00fahel n\u00e1klonu. Tato flexibilita umo\u017e\u0148uje r\u016fzn\u00e9 aplikace, od stohov\u00e1n\u00ed a\u017e po p\u0159epravu r\u016fzn\u00fdch typ\u016f materi\u00e1l\u016f, a zaji\u0161\u0165uje, \u017ee se vysokozdvi\u017en\u00fd voz\u00edk dok\u00e1\u017ee snadno p\u0159izp\u016fsobit specifick\u00fdm \u00fakol\u016fm.<\/li>\n<li><strong>Ut\u011bsn\u011bn\u00e9 komponenty:<\/strong> Ut\u011bsn\u011bn\u00e1 konstrukce t\u011bchto v\u00e1lc\u016f \u00fa\u010dinn\u011b chr\u00e1n\u00ed vnit\u0159n\u00ed sou\u010d\u00e1sti p\u0159ed ne\u010distotami a vlhkost\u00ed. Tato vlastnost je obzvl\u00e1\u0161t\u011b d\u016fle\u017eit\u00e1 v n\u00e1ro\u010dn\u00fdch prost\u0159ed\u00edch, proto\u017ee zaji\u0161\u0165uje spolehliv\u00fd provoz a minimalizuje riziko poruch, co\u017e v kone\u010dn\u00e9m d\u016fsledku vede k ni\u017e\u0161\u00edm n\u00e1klad\u016fm na \u00fadr\u017ebu a del\u0161\u00ed provozuschopnosti.<\/li>\n<\/ul>\n<h2><strong>P\u0159\u00edpady pou\u017eit\u00ed pro hydraulick\u00e9 v\u00e1lce s nakl\u00e1p\u011bn\u00edm pro velk\u00e9 vysokozdvi\u017en\u00e9 voz\u00edky:<\/strong><\/h2>\n<p>Hydraulick\u00e9 v\u00e1lce pro nakl\u00e1p\u011bn\u00ed hraj\u00ed kl\u00ed\u010dovou roli v r\u016fzn\u00fdch pr\u016fmyslov\u00fdch odv\u011btv\u00edch, proto\u017ee zvy\u0161uj\u00ed efektivitu a bezpe\u010dnost manipulace s materi\u00e1lem. Zde je n\u011bkolik kl\u00ed\u010dov\u00fdch aplikac\u00ed:<\/p>\n<h4>1. <strong>Skladov\u00e1n\u00ed a distribuce<\/strong><\/h4>\n<p>Ve skladech umo\u017e\u0148uj\u00ed hydraulick\u00e9 v\u00e1lce pro nakl\u00e1p\u011bn\u00ed vysokozdvi\u017en\u00fdch voz\u00edk\u016f snadn\u00e9 nastaven\u00ed \u00fahlu vidlic. Tato schopnost je nezbytn\u00e1 pro stohov\u00e1n\u00ed palet, co\u017e umo\u017e\u0148uje p\u0159esn\u00e9 um\u00edst\u011bn\u00ed a vyzvednut\u00ed zbo\u017e\u00ed. Zlep\u0161uje vyu\u017eit\u00ed prostoru a zefektiv\u0148uje operace b\u011bhem nakl\u00e1dky a vykl\u00e1dky.<\/p>\n<h4>2. <strong>Staveni\u0161t\u011b<\/strong><\/h4>\n<p>Na staveni\u0161t\u00edch tyto v\u00e1lce usnad\u0148uj\u00ed pohyb t\u011b\u017ek\u00fdch materi\u00e1l\u016f, jako jsou betonov\u00e9 bloky a ocelov\u00e9 nosn\u00edky. Mo\u017enost nakl\u00e1p\u011bn\u00ed vidlic pom\u00e1h\u00e1 zajistit n\u00e1klady b\u011bhem p\u0159epravy a zaji\u0161\u0165uje bezpe\u010dn\u00e9 doru\u010den\u00ed na konkr\u00e9tn\u00ed m\u00edsta, \u010d\u00edm\u017e sni\u017euje riziko nehod.<\/p>\n<h4>3. <strong>V\u00fdrobn\u00ed<\/strong><\/h4>\n<p>Ve v\u00fdrobn\u00edm prost\u0159ed\u00ed pom\u00e1haj\u00ed nakl\u00e1p\u011bc\u00ed hydraulick\u00e9 v\u00e1lce p\u0159i mont\u00e1\u017ei a p\u0159eprav\u011b d\u00edl\u016f. Umo\u017e\u0148uj\u00ed pracovn\u00edk\u016fm p\u0159esn\u011b um\u00edstit sou\u010d\u00e1sti, co\u017e je z\u00e1sadn\u00ed pro udr\u017een\u00ed kontroly kvality a efektivity b\u011bhem v\u00fdrobn\u00edch proces\u016f.<\/p>\n<h4>4. <strong>Zem\u011bd\u011blstv\u00ed<\/strong><\/h4>\n<p>V zem\u011bd\u011blstv\u00ed se hydraulick\u00e9 v\u00e1lce pro nakl\u00e1p\u011bn\u00ed pou\u017e\u00edvaj\u00ed u vysokozdvi\u017en\u00fdch voz\u00edk\u016f k manipulaci s bal\u00edky, bednami a dal\u0161\u00edmi zem\u011bd\u011blsk\u00fdmi produkty. Nastaviteln\u00fd \u00fahel nakl\u00e1p\u011bn\u00ed pom\u00e1h\u00e1 zem\u011bd\u011blc\u016fm rychle a bezpe\u010dn\u011b nakl\u00e1dat a vykl\u00e1dat materi\u00e1ly, co\u017e optimalizuje jejich pracovn\u00ed postup b\u011bhem hlavn\u00ed skliz\u0148ov\u00e9 sez\u00f3ny.<\/p>\n<h4>5. <strong>Recyklace a nakl\u00e1d\u00e1n\u00ed s odpady<\/strong><\/h4>\n<p>Tyto v\u00e1lce jsou nezbytn\u00e9 v recykla\u010dn\u00edch za\u0159\u00edzen\u00edch, kde pom\u00e1haj\u00ed s p\u0159epravou a stohov\u00e1n\u00edm recyklovateln\u00fdch materi\u00e1l\u016f. Mo\u017enost nakl\u00e1p\u011bn\u00ed umo\u017e\u0148uje lep\u0161\u00ed t\u0159\u00edd\u011bn\u00ed a zhut\u0148ov\u00e1n\u00ed odpadu, co\u017e zlep\u0161uje provozn\u00ed efektivitu a hospoda\u0159en\u00ed s prostorem.<\/p>\n<p>Hled\u00e1te v\u00e1lce pro t\u011b\u017ek\u00e9 vysokozdvi\u017en\u00e9 voz\u00edky? Pod\u00edvejte se na na\u0161e <a href=\"https:\/\/www.hydraulic-cylinders.net\/cs\/forklift-hydraulic-cylinder\/\">Vysoce odoln\u00e9 hydraulick\u00e9 v\u00e1lce<\/a>.<\/p>\n<h2><strong>V\u00fdrobn\u00ed oblast v\u00e1lc\u016f pro vysokozdvi\u017en\u00e9 voz\u00edky:<\/strong><\/h2>\n<h2><img loading=\"lazy\" decoding=\"async\" class=\"alignnone size-full wp-image-16972\" src=\"https:\/\/www.hydraulic-cylinders.net\/wp-content\/uploads\/2025\/01\/hydraulic-cylinder-factory-1-scaled.webp\" sizes=\"(min-width: 0px) and (max-width: 480px) 480px, (min-width: 481px) and (max-width: 980px) 980px, (min-width: 981px) and (max-width: 1280px) 1280px, (min-width: 1281px) 2016px, 100vw\" srcset=\"https:\/\/www.hydraulic-cylinders.net\/wp-content\/uploads\/2025\/01\/hydraulic-cylinder-factory-1-scaled.webp 2016w, https:\/\/www.hydraulic-cylinders.net\/wp-content\/uploads\/2025\/01\/hydraulic-cylinder-factory-1-1280x1625.webp 1280w, https:\/\/www.hydraulic-cylinders.net\/wp-content\/uploads\/2025\/01\/hydraulic-cylinder-factory-1-980x1244.webp 980w, https:\/\/www.hydraulic-cylinders.net\/wp-content\/uploads\/2025\/01\/hydraulic-cylinder-factory-1-480x610.webp 480w\" alt=\"\" width=\"2016\" height=\"2560\" \/><\/h2>\n<p>Disponujeme prvot\u0159\u00eddn\u00ed nez\u00e1vislou v\u00fdzkumnou a v\u00fdvojovou platformou pro mont\u00e1\u017e. D\u00edlna na v\u00fdrobu v\u00e1lc\u016f pro vysokozdvi\u017en\u00e9 voz\u00edky m\u00e1 \u010dty\u0159i poloautomatick\u00e9 mont\u00e1\u017en\u00ed linky pro zdvihac\u00ed v\u00e1lce a pln\u011b automatickou mont\u00e1\u017en\u00ed linku pro nakl\u00e1p\u011bc\u00ed v\u00e1lce s projektovanou ro\u010dn\u00ed v\u00fdrobn\u00ed kapacitou milionu kus\u016f. D\u00edlna na speci\u00e1ln\u00ed v\u00e1lce m\u00e1 poloautomatick\u00e9 \u010distic\u00ed a mont\u00e1\u017en\u00ed syst\u00e9my r\u016fzn\u00fdch specifikac\u00ed s projektovanou ro\u010dn\u00ed v\u00fdrobn\u00ed kapacitou 200 000 kus\u016f. Je vybavena CNC obr\u00e1b\u011bc\u00edmi za\u0159\u00edzen\u00edmi zn\u00e1m\u00fdch zna\u010dek, obr\u00e1b\u011bc\u00edmi centry, speci\u00e1ln\u00edm za\u0159\u00edzen\u00edm pro vysoce p\u0159esn\u00e9 zpracov\u00e1n\u00ed v\u00e1lc\u016f, robotick\u00fdmi sva\u0159ovac\u00edmi stroji, automatick\u00fdmi \u010distic\u00edmi stroji, automatick\u00fdmi mont\u00e1\u017en\u00edmi stroji pro v\u00e1lce a automatick\u00fdmi linkami na v\u00fdrobu lak\u016f. M\u00e1me v provozu v\u00edce ne\u017e 300 sad kl\u00ed\u010dov\u00e9ho vybaven\u00ed. Optimalizovan\u00e9 rozd\u011blen\u00ed a efektivn\u00ed vyu\u017eit\u00ed zdroj\u016f za\u0159\u00edzen\u00ed zaji\u0161\u0165uje po\u017eadavky na p\u0159esnost v\u00fdrobk\u016f a spl\u0148uje vysok\u00e9 po\u017eadavky na kvalitu v\u00fdrobk\u016f.<\/p>\n<p>Obr\u00e1b\u011bc\u00ed d\u00edlna je vybavena zak\u00e1zkov\u011b vyroben\u00fdmi soustru\u017enick\u00fdmi centry s nakl\u00e1p\u011bc\u00edmi vodic\u00edmi kolejnicemi, obr\u00e1b\u011bc\u00edmi centry, vysokorychlostn\u00edmi honovac\u00edmi stroji, sva\u0159ovac\u00edmi roboty a dal\u0161\u00edm relevantn\u00edm za\u0159\u00edzen\u00edm, kter\u00e9 zvl\u00e1dne obr\u00e1b\u011bn\u00ed v\u00e1lcov\u00fdch trubek s maxim\u00e1ln\u00edm vnit\u0159n\u00edm pr\u016fm\u011brem 400 mm a maxim\u00e1ln\u00ed d\u00e9lkou 6 metr\u016f.<\/p>\n<h2><img loading=\"lazy\" decoding=\"async\" class=\"alignnone size-full wp-image-16973\" src=\"https:\/\/www.hydraulic-cylinders.net\/wp-content\/uploads\/2025\/01\/hydraulic-cylinder-factory-2-scaled.webp\" sizes=\"(min-width: 0px) and (max-width: 480px) 480px, (min-width: 481px) and (max-width: 980px) 980px, (min-width: 981px) and (max-width: 1280px) 1280px, (min-width: 1281px) 2011px, 100vw\" srcset=\"https:\/\/www.hydraulic-cylinders.net\/wp-content\/uploads\/2025\/01\/hydraulic-cylinder-factory-2-scaled.webp 2011w, https:\/\/www.hydraulic-cylinders.net\/wp-content\/uploads\/2025\/01\/hydraulic-cylinder-factory-2-1280x1629.webp 1280w, https:\/\/www.hydraulic-cylinders.net\/wp-content\/uploads\/2025\/01\/hydraulic-cylinder-factory-2-980x1248.webp 980w, https:\/\/www.hydraulic-cylinders.net\/wp-content\/uploads\/2025\/01\/hydraulic-cylinder-factory-2-480x611.webp 480w\" alt=\"\" width=\"2011\" height=\"2560\" \/><\/h2>\n<p>Disponujeme pln\u011b automatickou linkou na nan\u00e1\u0161en\u00ed barev na vodn\u00ed b\u00e1zi pro mal\u00e9 a st\u0159edn\u00ed v\u00e1lce, kter\u00e1 realizuje automatick\u00e9 nakl\u00e1d\u00e1n\u00ed a vykl\u00e1d\u00e1n\u00ed a automatick\u00e9 st\u0159\u00edkac\u00ed roboty s projektovanou v\u00fdrobn\u00ed kapacitou 4000 m\u00edst za sm\u011bnu. M\u00e1me dal\u0161\u00ed poloautomatickou lakovac\u00ed linku pro velk\u00e9 v\u00e1lce poh\u00e1n\u011bnou \u0159et\u011bzem s projektovanou kapacitou 60 p\u0159epravek za sm\u011bnu.<\/p>\n<p>Abychom d\u00e1le zlep\u0161ili v\u00fdkon na\u0161ich produkt\u016f a upevnili si vedouc\u00ed pozici na\u0161ich hydraulick\u00fdch v\u00e1lc\u016f v oboru, zalo\u017eili jsme spole\u010dn\u011b se spole\u010dnost\u00ed Zjimee Komplexn\u00ed laborato\u0159 pro hydraulick\u00e9 v\u00e1lce, hydraulick\u00e9 ventily a hydraulick\u00e1 \u010derpadla. Laborato\u0159 prov\u00e1d\u00ed po\u010d\u00edta\u010dov\u00e9 testov\u00e1n\u00ed s vyu\u017eit\u00edm elektrohydraulick\u00e9 technologie. Zku\u0161ebn\u00ed podm\u00ednky jsou p\u0159ednastaveny po\u010d\u00edta\u010dem, co\u017e zlep\u0161uje p\u0159esnost test\u016f a v\u0161estrannost syst\u00e9mu, a tak\u00e9 experiment\u00e1ln\u00ed data.<\/p>\n<p>Automatick\u00fd sb\u011br dat se prov\u00e1d\u00ed pomoc\u00ed senzor\u016f a v\u00fdstupn\u00ed data, jako je vnit\u0159n\u00ed net\u011bsnost a \u00fa\u010dinnost zat\u00ed\u017een\u00ed v\u00e1lce nebo ventilu, jsou p\u0159\u00edmo zpracov\u00e1v\u00e1na po\u010d\u00edta\u010dem a p\u0159ev\u00e1d\u011bna na standardn\u00ed jednotky (ml\/min%). Sou\u010dasn\u011b se pro zaji\u0161t\u011bn\u00ed bezpe\u010dnosti provozu hydraulick\u00e9ho syst\u00e9mu prov\u00e1d\u00ed monitorov\u00e1n\u00ed stavu kl\u00ed\u010dov\u00fdch v\u00fdkonnostn\u00edch parametr\u016f, jako je \u201emonitorov\u00e1n\u00ed teploty oleje, monitorov\u00e1n\u00ed hladiny kapaliny, monitorov\u00e1n\u00ed filtra\u010dn\u00edho za\u0159\u00edzen\u00ed\u201c atd. Zku\u0161ebn\u00ed stanice hydraulick\u00fdch v\u00e1lc\u016f mimo jin\u00e9 dok\u00e1\u017ee testovat v\u00fdkon \u201ez\u00e1t\u011b\u017ee\u201c.<br \/>\n\u00fa\u010dinnost \u201ea\u201c vnit\u0159n\u00ed net\u011bsnost\u201c nam\u011b\u0159en\u00fdmi hodnotami. Z\u00e1rove\u0148 je vybaven m\u011b\u0159ic\u00edm p\u0159\u00edstrojem s m\u0159\u00ed\u017ekov\u00fdm prav\u00edtkem, kter\u00fd spl\u0148uje po\u017eadavky v\u0161ech testovan\u00fdch polo\u017eek hydraulick\u00fdch v\u00e1lc\u016f dle n\u00e1rodn\u00ed normy.<\/p>\n<p>&nbsp;<\/p>","protected":false},"excerpt":{"rendered":"<p>Tilt Hydraulic Cylinders For Large Forklift Tilt hydraulic cylinders are essential components in large forklifts, designed to enhance their operational capabilities. These cylinders allow for precise tilting of the forklift&#8217;s forks, facilitating safe and efficient loading and unloading of materials. With their robust construction and advanced technology, tilt hydraulic cylinders significantly improve productivity in warehouses [&hellip;]<\/p>","protected":false},"featured_media":17588,"comment_status":"open","ping_status":"closed","template":"","meta":{"_et_pb_use_builder":"","_et_pb_old_content":"","_et_gb_content_width":""},"product_brand":[],"product_cat":[1484,1550],"product_tag":[],"class_list":{"0":"post-17585","1":"product","2":"type-product","3":"status-publish","4":"has-post-thumbnail","6":"product_cat-forklift-hydraulic-cylinders","7":"product_cat-double-acting-hydraulic-cylinder","9":"first","10":"instock","11":"shipping-taxable","12":"product-type-simple"},"amp_enabled":true,"_links":{"self":[{"href":"https:\/\/www.hydraulic-cylinders.net\/cs\/wp-json\/wp\/v2\/product\/17585","targetHints":{"allow":["GET"]}}],"collection":[{"href":"https:\/\/www.hydraulic-cylinders.net\/cs\/wp-json\/wp\/v2\/product"}],"about":[{"href":"https:\/\/www.hydraulic-cylinders.net\/cs\/wp-json\/wp\/v2\/types\/product"}],"replies":[{"embeddable":true,"href":"https:\/\/www.hydraulic-cylinders.net\/cs\/wp-json\/wp\/v2\/comments?post=17585"}],"wp:featuredmedia":[{"embeddable":true,"href":"https:\/\/www.hydraulic-cylinders.net\/cs\/wp-json\/wp\/v2\/media\/17588"}],"wp:attachment":[{"href":"https:\/\/www.hydraulic-cylinders.net\/cs\/wp-json\/wp\/v2\/media?parent=17585"}],"wp:term":[{"taxonomy":"product_brand","embeddable":true,"href":"https:\/\/www.hydraulic-cylinders.net\/cs\/wp-json\/wp\/v2\/product_brand?post=17585"},{"taxonomy":"product_cat","embeddable":true,"href":"https:\/\/www.hydraulic-cylinders.net\/cs\/wp-json\/wp\/v2\/product_cat?post=17585"},{"taxonomy":"product_tag","embeddable":true,"href":"https:\/\/www.hydraulic-cylinders.net\/cs\/wp-json\/wp\/v2\/product_tag?post=17585"}],"curies":[{"name":"wp","href":"https:\/\/api.w.org\/{rel}","templated":true}]}}