{"id":17593,"date":"2025-03-18T06:19:55","date_gmt":"2025-03-18T06:19:55","guid":{"rendered":"https:\/\/www.hydraulic-cylinders.net\/?post_type=product&#038;p=17593"},"modified":"2025-04-11T03:15:26","modified_gmt":"2025-04-11T03:15:26","slug":"steering-hydraulic-cylinders-for-large-forklift","status":"publish","type":"product","link":"https:\/\/www.hydraulic-cylinders.net\/cs\/produkt\/steering-hydraulic-cylinders-for-large-forklift\/","title":{"rendered":"Hydraulick\u00e9 v\u00e1lce \u0159\u00edzen\u00ed pro velk\u00e9 vysokozdvi\u017en\u00e9 voz\u00edky"},"content":{"rendered":"<h1 style=\"text-align: center;\"><strong>Hydraulick\u00e9 v\u00e1lce \u0159\u00edzen\u00ed pro velk\u00e9 vysokozdvi\u017en\u00e9 voz\u00edky<\/strong><\/h1>\n<p>Hydraulick\u00e9 v\u00e1lce \u0159\u00edzen\u00ed jsou kl\u00ed\u010dov\u00fdmi sou\u010d\u00e1stmi velk\u00fdch vysokozdvi\u017en\u00fdch voz\u00edk\u016f, kter\u00e9 poskytuj\u00ed pot\u0159ebn\u00fd v\u00fdkon a p\u0159esnost pro ovl\u00e1d\u00e1n\u00ed \u0159\u00edzen\u00ed. Tyto v\u00e1lce umo\u017e\u0148uj\u00ed plynulou man\u00e9vrovatelnost, kter\u00e1 je nezbytn\u00e1 pro pohyb v \u00fazk\u00fdch prostorech a prov\u00e1d\u011bn\u00ed slo\u017eit\u00fdch \u00fakol\u016f. P\u0159em\u011bnou hydraulick\u00e9ho tlaku na mechanickou s\u00edlu zvy\u0161uj\u00ed hydraulick\u00e9 v\u00e1lce \u0159\u00edzen\u00ed celkovou efektivitu a bezpe\u010dnost provozu vysokozdvi\u017en\u00e9ho voz\u00edku.<\/p>\n<p>Hydraulick\u00e9 v\u00e1lce \u0159\u00edzen\u00ed jsou nezbytn\u00e9 pro efektivn\u00ed provoz velk\u00fdch vysokozdvi\u017en\u00fdch voz\u00edk\u016f. Jejich robustn\u00ed konstrukce, \u00fa\u010dinnost a p\u0159izp\u016fsobivost z nich \u010din\u00ed kl\u00ed\u010dovou sou\u010d\u00e1st v r\u016fzn\u00fdch pr\u016fmyslov\u00fdch aplikac\u00edch. Pochopen\u00edm jejich vlastnost\u00ed, spr\u00e1vn\u00fdch metod pou\u017e\u00edv\u00e1n\u00ed a po\u017eadavk\u016f na \u00fadr\u017ebu mohou oper\u00e1to\u0159i maximalizovat v\u00fdkon a bezpe\u010dnost sv\u00fdch vysokozdvi\u017en\u00fdch voz\u00edk\u016f, a t\u00edm v kone\u010dn\u00e9m d\u016fsledku zv\u00fd\u0161it produktivitu na pracovi\u0161ti. Investice do vysoce kvalitn\u00edch hydraulick\u00fdch v\u00e1lc\u016f \u0159\u00edzen\u00ed zaji\u0161\u0165uje spolehliv\u00e9 a p\u0159esn\u00e9 ovl\u00e1d\u00e1n\u00ed \u0159\u00edzen\u00ed, kter\u00e9 je kl\u00ed\u010dov\u00e9 pro navigaci v n\u00e1ro\u010dn\u00fdch podm\u00ednk\u00e1ch.<\/p>\n<h1 style=\"text-align: center;\"><img loading=\"lazy\" decoding=\"async\" class=\"alignnone wp-image-17590\" src=\"https:\/\/www.hydraulic-cylinders.net\/wp-content\/uploads\/2025\/03\/Lift-hydraulic-cylinders-for-large-forklift.jpg\" alt=\"\" width=\"500\" height=\"500\" srcset=\"https:\/\/www.hydraulic-cylinders.net\/wp-content\/uploads\/2025\/03\/Lift-hydraulic-cylinders-for-large-forklift.jpg 500w, https:\/\/www.hydraulic-cylinders.net\/wp-content\/uploads\/2025\/03\/Lift-hydraulic-cylinders-for-large-forklift-480x480.jpg 480w\" sizes=\"(min-width: 0px) and (max-width: 480px) 480px, (min-width: 481px) 500px, 100vw\" \/><\/h1>\n<p style=\"text-align: center;\"><strong>Hydraulick\u00e9 v\u00e1lce \u0159\u00edzen\u00ed pro velk\u00e9 vysokozdvi\u017en\u00e9 voz\u00edky<\/strong><\/p>\n<h2><strong>Hydraulick\u00e9 v\u00e1lce \u0159\u00edzen\u00ed pro velk\u00e9 vysokozdvi\u017en\u00e9 voz\u00edky <\/strong><strong>Technick\u00e9 specifikace<\/strong><strong>:<\/strong><\/h2>\n<p><strong>Funkce:<\/strong> Implementovat \u0159\u00edzen\u00ed n\u00e1prav vysokozdvi\u017en\u00e9ho voz\u00edku a povolit \u0159\u00edzen\u00ed pneumatik vysokozdvi\u017en\u00e9ho voz\u00edku<br \/>\n<strong>Pr\u016fm\u011br v\u00e1lce:<\/strong> 80 mm\u2013160 mm<br \/>\n<strong>Pr\u016fm\u011br ty\u010de:<\/strong> 50 mm\u2013110 mm<br \/>\n<strong>Cestovat:<\/strong> 71 mm \u00d7 2 \u2013 235 mm \u00d7 2<br \/>\n<strong>Maxim\u00e1ln\u00ed tlak:<\/strong> 18 MPa<br \/>\n<strong>Maxim\u00e1ln\u00ed tah:<\/strong> 362 kN<\/p>\n<h2><strong>\u0158ada hydraulick\u00fdch v\u00e1lc\u016f pro velk\u00e9 vysokozdvi\u017en\u00e9 voz\u00edky:\u00a0<\/strong><\/h2>\n<h2><img loading=\"lazy\" decoding=\"async\" class=\"alignnone size-full wp-image-17582\" src=\"https:\/\/www.hydraulic-cylinders.net\/wp-content\/uploads\/2025\/03\/large-forklift-hydraulic-cylinder-construction.webp\" alt=\"\" width=\"1100\" height=\"615\" srcset=\"https:\/\/www.hydraulic-cylinders.net\/wp-content\/uploads\/2025\/03\/large-forklift-hydraulic-cylinder-construction.webp 1100w, https:\/\/www.hydraulic-cylinders.net\/wp-content\/uploads\/2025\/03\/large-forklift-hydraulic-cylinder-construction-980x548.webp 980w, https:\/\/www.hydraulic-cylinders.net\/wp-content\/uploads\/2025\/03\/large-forklift-hydraulic-cylinder-construction-480x268.webp 480w\" sizes=\"(min-width: 0px) and (max-width: 480px) 480px, (min-width: 481px) and (max-width: 980px) 980px, (min-width: 981px) 1100px, 100vw\" \/><\/h2>\n<h2><strong>Kl\u00ed\u010dov\u00e9 vlastnosti hydraulick\u00fdch v\u00e1lc\u016f \u0159\u00edzen\u00ed pro velk\u00e9 vysokozdvi\u017en\u00e9 voz\u00edky<\/strong><strong>:<\/strong><\/h2>\n<ul>\n<li><strong>Robustn\u00ed konstrukce:<\/strong> Hydraulick\u00e9 v\u00e1lce \u0159\u00edzen\u00ed jsou vyrobeny z vysoce kvalitn\u00ed oceli a vyztu\u017een\u00fdch materi\u00e1l\u016f, co\u017e zaru\u010duje, \u017ee vydr\u017e\u00ed n\u00e1ro\u010dn\u00e9 podm\u00ednky v n\u00e1ro\u010dn\u00fdch aplikac\u00edch. Tato odolnost se prom\u00edt\u00e1 do dlouhodob\u00e9ho v\u00fdkonu, sni\u017euje pot\u0159ebu \u010dast\u00fdch v\u00fdm\u011bn a \u0161et\u0159\u00ed n\u00e1klady na \u00fadr\u017ebu.<\/li>\n<li><strong>Vysok\u00e1 \u00fa\u010dinnost:<\/strong> Tyto v\u00e1lce jsou navr\u017eeny pro rychl\u00e9 a citliv\u00e9 \u0159\u00edzen\u00ed. Tato konstrukce zlep\u0161uje kontrolu obsluhy nad vysokozdvi\u017en\u00fdm voz\u00edkem a usnad\u0148uje p\u0159esn\u00e9 man\u00e9vry. A\u0165 u\u017e se pohybuje v \u00fazk\u00fdch prostorech nebo prov\u00e1d\u00ed ostr\u00e9 zat\u00e1\u010dky, obsluha se m\u016f\u017ee spolehnout na okam\u017eitou reakci hydraulick\u00e9ho syst\u00e9mu, co\u017e zvy\u0161uje celkovou produktivitu.<\/li>\n<li><strong>Kompaktn\u00ed design:<\/strong> Kompaktn\u00ed rozm\u011bry hydraulick\u00fdch v\u00e1lc\u016f \u0159\u00edzen\u00ed umo\u017e\u0148uj\u00ed snadnou instalaci do r\u016fzn\u00fdch model\u016f vysokozdvi\u017en\u00fdch voz\u00edk\u016f. Tato funkce maximalizuje prostorovou efektivitu v r\u00e1mci konstrukce vysokozdvi\u017en\u00e9ho voz\u00edku, co\u017e umo\u017e\u0148uje v\u00fdrobc\u016fm optimalizovat v\u00fdkon bez ob\u011btov\u00e1n\u00ed funk\u010dnosti. Obsluha t\u011b\u017e\u00ed z efektivn\u00edho uspo\u0159\u00e1d\u00e1n\u00ed, kter\u00e9 zvy\u0161uje agilitu v omezen\u00e9m prost\u0159ed\u00ed.<\/li>\n<li><strong>Zape\u010det\u011bno pro ochranu:<\/strong> Ut\u011bsn\u011bn\u00e9 hydraulick\u00e9 syst\u00e9my t\u011bchto v\u00e1lc\u016f poskytuj\u00ed z\u00e1sadn\u00ed ochranu p\u0159ed ne\u010distotami a vlhkost\u00ed. Toto t\u011bsn\u011bn\u00ed pom\u00e1h\u00e1 udr\u017eovat integritu hydraulick\u00e9 kapaliny a zaji\u0161\u0165uje konzistentn\u00ed v\u00fdkon i v n\u00e1ro\u010dn\u00fdch podm\u00ednk\u00e1ch. T\u00edm, \u017ee tyto v\u00e1lce zabra\u0148uj\u00ed vniknut\u00ed ne\u010distot do syst\u00e9mu, sni\u017euj\u00ed opot\u0159eben\u00ed a prodlu\u017euj\u00ed tak svou provozn\u00ed \u017eivotnost.<\/li>\n<li><strong>V\u0161estrann\u00e1 kompatibilita:<\/strong> Hydraulick\u00e9 v\u00e1lce \u0159\u00edzen\u00ed jsou navr\u017eeny tak, aby byly kompatibiln\u00ed s \u0161irokou \u0161k\u00e1lou model\u016f vysokozdvi\u017en\u00fdch voz\u00edk\u016f. Tato v\u0161estrannost z nich \u010din\u00ed ide\u00e1ln\u00ed volbu pro \u00fadr\u017ebu a modernizaci vozov\u00e9ho parku, co\u017e firm\u00e1m umo\u017e\u0148uje standardizovat d\u00edly nap\u0159\u00ed\u010d r\u016fzn\u00fdmi stroji. Obsluha m\u016f\u017ee v\u00e1lce snadno vym\u011bnit nebo modernizovat, ani\u017e by se musela starat o probl\u00e9my s kompatibilitou, co\u017e zefektiv\u0148uje procesy \u00fadr\u017eby.<\/li>\n<\/ul>\n<h2><strong>P\u0159\u00edpady pou\u017eit\u00ed pro \u0159\u00edzen\u00ed hydraulick\u00fdch v\u00e1lc\u016f pro velk\u00e9 vysokozdvi\u017en\u00e9 voz\u00edky:<\/strong><\/h2>\n<p>Hydraulick\u00e9 v\u00e1lce \u0159\u00edzen\u00ed hraj\u00ed kl\u00ed\u010dovou roli ve zvy\u0161ov\u00e1n\u00ed funk\u010dnosti a efektivity velk\u00fdch vysokozdvi\u017en\u00fdch voz\u00edk\u016f v r\u016fzn\u00fdch odv\u011btv\u00edch. Zde je n\u011bkolik kl\u00ed\u010dov\u00fdch p\u0159\u00edpad\u016f pou\u017eit\u00ed:<\/p>\n<h4>1. <strong>Skladov\u00e9 operace<\/strong><\/h4>\n<p>Ve skladech se velk\u00e9 vysokozdvi\u017en\u00e9 voz\u00edky vybaven\u00e9 hydraulick\u00fdmi v\u00e1lci \u0159\u00edzen\u00ed pohybuj\u00ed \u00fazk\u00fdmi uli\u010dkami a manipuluj\u00ed s t\u011b\u017ek\u00fdmi paletami. P\u0159esn\u00e9 \u0159\u00edzen\u00ed umo\u017e\u0148uje obsluze efektivn\u011b stohovat a vyzved\u00e1vat zbo\u017e\u00ed, optimalizovat prostor a zlep\u0161ovat spr\u00e1vu z\u00e1sob.<\/p>\n<h4>2. <strong>Staveni\u0161t\u011b<\/strong><\/h4>\n<p>Na staveni\u0161t\u00edch tyto v\u00e1lce poskytuj\u00ed nezbytnou kontrolu pro pohyb t\u011b\u017ek\u00fdch materi\u00e1l\u016f, jako jsou ocelov\u00e9 nosn\u00edky a betonov\u00e9 bloky. Obsluha m\u016f\u017ee snadno \u0159\u00eddit vysokozdvi\u017en\u00fd voz\u00edk v t\u011bsn\u00fdch prostorech, co\u017e zaji\u0161\u0165uje bezpe\u010dn\u00e9 a p\u0159esn\u00e9 um\u00edst\u011bn\u00ed materi\u00e1l\u016f, co\u017e je z\u00e1sadn\u00ed pro harmonogramy projektu.<\/p>\n<h4>3. <strong>V\u00fdrobn\u00ed za\u0159\u00edzen\u00ed<\/strong><\/h4>\n<p>Ve v\u00fdrob\u011b usnad\u0148uj\u00ed hydraulick\u00e9 v\u00e1lce \u0159\u00edzen\u00ed p\u0159epravu d\u00edl\u016f a komponent\u016f mezi r\u016fzn\u00fdmi f\u00e1zemi v\u00fdroby. Rychl\u00e9 a citliv\u00e9 \u0159\u00edzen\u00ed umo\u017e\u0148uje obsluze efektivn\u011b p\u0159esouvat polo\u017eky, \u010d\u00edm\u017e se zkracuj\u00ed prostoje a zlep\u0161uje pracovn\u00ed postup v cel\u00e9m za\u0159\u00edzen\u00ed.<\/p>\n<h4>4. <strong>Zem\u011bd\u011blsk\u00e9 aplikace<\/strong><\/h4>\n<p>Velk\u00e9 zem\u011bd\u011blsk\u00e9 vysokozdvi\u017en\u00e9 voz\u00edky vyu\u017e\u00edvaj\u00ed hydraulick\u00e9 v\u00e1lce \u0159\u00edzen\u00ed k manipulaci s bal\u00edky, bednami a dal\u0161\u00edmi zem\u011bd\u011blsk\u00fdmi produkty. Zlep\u0161en\u00e1 man\u00e9vrovatelnost umo\u017e\u0148uje zem\u011bd\u011blc\u016fm rychle nakl\u00e1dat a vykl\u00e1dat materi\u00e1ly, co\u017e zefektiv\u0148uje provoz b\u011bhem hlavn\u00ed sez\u00f3ny.<\/p>\n<h4>5. <strong>Recyklace a nakl\u00e1d\u00e1n\u00ed s odpady<\/strong><\/h4>\n<p>V recykla\u010dn\u00edch za\u0159\u00edzen\u00edch pom\u00e1haj\u00ed hydraulick\u00e9 v\u00e1lce \u0159\u00edzen\u00ed vysokozdvi\u017en\u00fdch voz\u00edk\u016f p\u0159epravovat a stohovat recyklovateln\u00e9 materi\u00e1ly. Jejich schopnost orientovat se v p\u0159epln\u011bn\u00e9m prost\u0159ed\u00ed zaji\u0161\u0165uje hladk\u00fd pr\u016fb\u011bh provozu, zlep\u0161uje t\u0159\u00eddic\u00ed procesy a celkovou efektivitu.<\/p>\n<h3><span style=\"color: #666666; font-size: 14px;\">Hled\u00e1te v\u00e1lce pro t\u011b\u017ek\u00e9 vysokozdvi\u017en\u00e9 voz\u00edky? Pod\u00edvejte se na na\u0161e <\/span><a style=\"font-size: 14px;\" href=\"https:\/\/www.hydraulic-cylinders.net\/cs\/forklift-hydraulic-cylinder\/\">Vysoce odoln\u00e9 hydraulick\u00e9 v\u00e1lce<\/a><span style=\"color: #666666; font-size: 14px;\">.<\/span><\/h3>\n<h2><strong>V\u00fdrobn\u00ed oblast v\u00e1lc\u016f pro vysokozdvi\u017en\u00e9 voz\u00edky:<\/strong><\/h2>\n<h2><img loading=\"lazy\" decoding=\"async\" class=\"alignnone size-full wp-image-16972\" src=\"https:\/\/www.hydraulic-cylinders.net\/wp-content\/uploads\/2025\/01\/hydraulic-cylinder-factory-1-scaled.webp\" sizes=\"(min-width: 0px) and (max-width: 480px) 480px, (min-width: 481px) and (max-width: 980px) 980px, (min-width: 981px) and (max-width: 1280px) 1280px, (min-width: 1281px) 2016px, 100vw\" srcset=\"https:\/\/www.hydraulic-cylinders.net\/wp-content\/uploads\/2025\/01\/hydraulic-cylinder-factory-1-scaled.webp 2016w, https:\/\/www.hydraulic-cylinders.net\/wp-content\/uploads\/2025\/01\/hydraulic-cylinder-factory-1-1280x1625.webp 1280w, https:\/\/www.hydraulic-cylinders.net\/wp-content\/uploads\/2025\/01\/hydraulic-cylinder-factory-1-980x1244.webp 980w, https:\/\/www.hydraulic-cylinders.net\/wp-content\/uploads\/2025\/01\/hydraulic-cylinder-factory-1-480x610.webp 480w\" alt=\"\" width=\"2016\" height=\"2560\" \/><\/h2>\n<p>Disponujeme prvot\u0159\u00eddn\u00ed nez\u00e1vislou v\u00fdzkumnou a v\u00fdvojovou platformou pro mont\u00e1\u017e. D\u00edlna na v\u00fdrobu v\u00e1lc\u016f pro vysokozdvi\u017en\u00e9 voz\u00edky m\u00e1 \u010dty\u0159i poloautomatick\u00e9 mont\u00e1\u017en\u00ed linky pro zdvihac\u00ed v\u00e1lce a pln\u011b automatickou mont\u00e1\u017en\u00ed linku pro nakl\u00e1p\u011bc\u00ed v\u00e1lce s projektovanou ro\u010dn\u00ed v\u00fdrobn\u00ed kapacitou milionu kus\u016f. D\u00edlna na speci\u00e1ln\u00ed v\u00e1lce m\u00e1 poloautomatick\u00e9 \u010distic\u00ed a mont\u00e1\u017en\u00ed syst\u00e9my r\u016fzn\u00fdch specifikac\u00ed s projektovanou ro\u010dn\u00ed v\u00fdrobn\u00ed kapacitou 200 000 kus\u016f. Je vybavena CNC obr\u00e1b\u011bc\u00edmi za\u0159\u00edzen\u00edmi zn\u00e1m\u00fdch zna\u010dek, obr\u00e1b\u011bc\u00edmi centry, speci\u00e1ln\u00edm za\u0159\u00edzen\u00edm pro vysoce p\u0159esn\u00e9 zpracov\u00e1n\u00ed v\u00e1lc\u016f, robotick\u00fdmi sva\u0159ovac\u00edmi stroji, automatick\u00fdmi \u010distic\u00edmi stroji, automatick\u00fdmi mont\u00e1\u017en\u00edmi stroji pro v\u00e1lce a automatick\u00fdmi linkami na v\u00fdrobu lak\u016f. M\u00e1me v provozu v\u00edce ne\u017e 300 sad kl\u00ed\u010dov\u00e9ho vybaven\u00ed. Optimalizovan\u00e9 rozd\u011blen\u00ed a efektivn\u00ed vyu\u017eit\u00ed zdroj\u016f za\u0159\u00edzen\u00ed zaji\u0161\u0165uje po\u017eadavky na p\u0159esnost v\u00fdrobk\u016f a spl\u0148uje vysok\u00e9 po\u017eadavky na kvalitu v\u00fdrobk\u016f.<\/p>\n<p>Obr\u00e1b\u011bc\u00ed d\u00edlna je vybavena zak\u00e1zkov\u011b vyroben\u00fdmi soustru\u017enick\u00fdmi centry s nakl\u00e1p\u011bc\u00edmi vodic\u00edmi kolejnicemi, obr\u00e1b\u011bc\u00edmi centry, vysokorychlostn\u00edmi honovac\u00edmi stroji, sva\u0159ovac\u00edmi roboty a dal\u0161\u00edm relevantn\u00edm za\u0159\u00edzen\u00edm, kter\u00e9 zvl\u00e1dne obr\u00e1b\u011bn\u00ed v\u00e1lcov\u00fdch trubek s maxim\u00e1ln\u00edm vnit\u0159n\u00edm pr\u016fm\u011brem 400 mm a maxim\u00e1ln\u00ed d\u00e9lkou 6 metr\u016f.<\/p>\n<h2><img loading=\"lazy\" decoding=\"async\" class=\"alignnone size-full wp-image-16973\" src=\"https:\/\/www.hydraulic-cylinders.net\/wp-content\/uploads\/2025\/01\/hydraulic-cylinder-factory-2-scaled.webp\" sizes=\"(min-width: 0px) and (max-width: 480px) 480px, (min-width: 481px) and (max-width: 980px) 980px, (min-width: 981px) and (max-width: 1280px) 1280px, (min-width: 1281px) 2011px, 100vw\" srcset=\"https:\/\/www.hydraulic-cylinders.net\/wp-content\/uploads\/2025\/01\/hydraulic-cylinder-factory-2-scaled.webp 2011w, https:\/\/www.hydraulic-cylinders.net\/wp-content\/uploads\/2025\/01\/hydraulic-cylinder-factory-2-1280x1629.webp 1280w, https:\/\/www.hydraulic-cylinders.net\/wp-content\/uploads\/2025\/01\/hydraulic-cylinder-factory-2-980x1248.webp 980w, https:\/\/www.hydraulic-cylinders.net\/wp-content\/uploads\/2025\/01\/hydraulic-cylinder-factory-2-480x611.webp 480w\" alt=\"\" width=\"2011\" height=\"2560\" \/><\/h2>\n<p>Disponujeme pln\u011b automatickou linkou na nan\u00e1\u0161en\u00ed barev na vodn\u00ed b\u00e1zi pro mal\u00e9 a st\u0159edn\u00ed v\u00e1lce, kter\u00e1 realizuje automatick\u00e9 nakl\u00e1d\u00e1n\u00ed a vykl\u00e1d\u00e1n\u00ed a automatick\u00e9 st\u0159\u00edkac\u00ed roboty s projektovanou v\u00fdrobn\u00ed kapacitou 4000 m\u00edst za sm\u011bnu. M\u00e1me dal\u0161\u00ed poloautomatickou lakovac\u00ed linku pro velk\u00e9 v\u00e1lce poh\u00e1n\u011bnou \u0159et\u011bzem s projektovanou kapacitou 60 p\u0159epravek za sm\u011bnu.<\/p>\n<p>Abychom d\u00e1le zlep\u0161ili v\u00fdkon na\u0161ich produkt\u016f a upevnili si vedouc\u00ed pozici na\u0161ich hydraulick\u00fdch v\u00e1lc\u016f v oboru, zalo\u017eili jsme spole\u010dn\u011b se spole\u010dnost\u00ed Zjimee Komplexn\u00ed laborato\u0159 pro hydraulick\u00e9 v\u00e1lce, hydraulick\u00e9 ventily a hydraulick\u00e1 \u010derpadla. Laborato\u0159 prov\u00e1d\u00ed po\u010d\u00edta\u010dov\u00e9 testov\u00e1n\u00ed s vyu\u017eit\u00edm elektrohydraulick\u00e9 technologie. Zku\u0161ebn\u00ed podm\u00ednky jsou p\u0159ednastaveny po\u010d\u00edta\u010dem, co\u017e zlep\u0161uje p\u0159esnost test\u016f a v\u0161estrannost syst\u00e9mu, a tak\u00e9 experiment\u00e1ln\u00ed data.<\/p>\n<p>Automatick\u00fd sb\u011br dat se prov\u00e1d\u00ed pomoc\u00ed senzor\u016f a v\u00fdstupn\u00ed data, jako je vnit\u0159n\u00ed net\u011bsnost a \u00fa\u010dinnost zat\u00ed\u017een\u00ed v\u00e1lce nebo ventilu, jsou p\u0159\u00edmo zpracov\u00e1v\u00e1na po\u010d\u00edta\u010dem a p\u0159ev\u00e1d\u011bna na standardn\u00ed jednotky (ml\/min%). Sou\u010dasn\u011b se pro zaji\u0161t\u011bn\u00ed bezpe\u010dnosti provozu hydraulick\u00e9ho syst\u00e9mu prov\u00e1d\u00ed monitorov\u00e1n\u00ed stavu kl\u00ed\u010dov\u00fdch v\u00fdkonnostn\u00edch parametr\u016f, jako je \u201emonitorov\u00e1n\u00ed teploty oleje, monitorov\u00e1n\u00ed hladiny kapaliny, monitorov\u00e1n\u00ed filtra\u010dn\u00edho za\u0159\u00edzen\u00ed\u201c atd. Zku\u0161ebn\u00ed stanice hydraulick\u00fdch v\u00e1lc\u016f mimo jin\u00e9 dok\u00e1\u017ee testovat v\u00fdkon \u201ez\u00e1t\u011b\u017ee\u201c.<br \/>\n\u00fa\u010dinnost \u201ea\u201c vnit\u0159n\u00ed net\u011bsnost\u201c nam\u011b\u0159en\u00fdmi hodnotami. Z\u00e1rove\u0148 je vybaven m\u011b\u0159ic\u00edm p\u0159\u00edstrojem s m\u0159\u00ed\u017ekov\u00fdm prav\u00edtkem, kter\u00fd spl\u0148uje po\u017eadavky v\u0161ech testovan\u00fdch polo\u017eek hydraulick\u00fdch v\u00e1lc\u016f dle n\u00e1rodn\u00ed normy.<\/p>\n<p>&nbsp;<\/p>","protected":false},"excerpt":{"rendered":"<p>Steering Hydraulic Cylinders For Large Forklift Steering hydraulic cylinders are vital components in large forklifts, providing the necessary power and precision for steering control. These cylinders enable smooth maneuverability, essential for navigating tight spaces and performing complex tasks. By converting hydraulic pressure into mechanical force, steering hydraulic cylinders enhance the overall efficiency and safety of [&hellip;]<\/p>","protected":false},"featured_media":17595,"comment_status":"open","ping_status":"closed","template":"","meta":{"_et_pb_use_builder":"","_et_pb_old_content":"","_et_gb_content_width":""},"product_brand":[],"product_cat":[1484,1550],"product_tag":[],"class_list":{"0":"post-17593","1":"product","2":"type-product","3":"status-publish","4":"has-post-thumbnail","6":"product_cat-forklift-hydraulic-cylinders","7":"product_cat-double-acting-hydraulic-cylinder","9":"first","10":"instock","11":"shipping-taxable","12":"product-type-simple"},"amp_enabled":true,"_links":{"self":[{"href":"https:\/\/www.hydraulic-cylinders.net\/cs\/wp-json\/wp\/v2\/product\/17593","targetHints":{"allow":["GET"]}}],"collection":[{"href":"https:\/\/www.hydraulic-cylinders.net\/cs\/wp-json\/wp\/v2\/product"}],"about":[{"href":"https:\/\/www.hydraulic-cylinders.net\/cs\/wp-json\/wp\/v2\/types\/product"}],"replies":[{"embeddable":true,"href":"https:\/\/www.hydraulic-cylinders.net\/cs\/wp-json\/wp\/v2\/comments?post=17593"}],"wp:featuredmedia":[{"embeddable":true,"href":"https:\/\/www.hydraulic-cylinders.net\/cs\/wp-json\/wp\/v2\/media\/17595"}],"wp:attachment":[{"href":"https:\/\/www.hydraulic-cylinders.net\/cs\/wp-json\/wp\/v2\/media?parent=17593"}],"wp:term":[{"taxonomy":"product_brand","embeddable":true,"href":"https:\/\/www.hydraulic-cylinders.net\/cs\/wp-json\/wp\/v2\/product_brand?post=17593"},{"taxonomy":"product_cat","embeddable":true,"href":"https:\/\/www.hydraulic-cylinders.net\/cs\/wp-json\/wp\/v2\/product_cat?post=17593"},{"taxonomy":"product_tag","embeddable":true,"href":"https:\/\/www.hydraulic-cylinders.net\/cs\/wp-json\/wp\/v2\/product_tag?post=17593"}],"curies":[{"name":"wp","href":"https:\/\/api.w.org\/{rel}","templated":true}]}}