{"id":17606,"date":"2025-03-18T06:59:19","date_gmt":"2025-03-18T06:59:19","guid":{"rendered":"https:\/\/www.hydraulic-cylinders.net\/?post_type=product&#038;p=17606"},"modified":"2025-04-11T01:44:46","modified_gmt":"2025-04-11T01:44:46","slug":"lift-hydraulic-cylinders-for-forward-moving-forklift","status":"publish","type":"product","link":"https:\/\/www.hydraulic-cylinders.net\/cs\/produkt\/lift-hydraulic-cylinders-for-forward-moving-forklift\/","title":{"rendered":"Zdvihac\u00ed hydraulick\u00e9 v\u00e1lce pro vysokozdvi\u017en\u00fd voz\u00edk s pohybem vp\u0159ed"},"content":{"rendered":"<h1 style=\"text-align: center;\"><strong>Zvedac\u00ed hydraulick\u00e9 v\u00e1lce pro vysokozdvi\u017en\u00fd voz\u00edk s pohybem vp\u0159ed<\/strong><\/h1>\n<p>Hydraulick\u00e9 v\u00e1lce pro zdvih jsou nezbytn\u00fdmi sou\u010d\u00e1stmi vysokozdvi\u017en\u00fdch voz\u00edk\u016f pohybuj\u00edc\u00edch se vp\u0159ed a poskytuj\u00ed pot\u0159ebnou zvedac\u00ed s\u00edlu pro efektivn\u00ed manipulaci s t\u011b\u017ek\u00fdmi b\u0159emeny. Tyto v\u00e1lce p\u0159em\u011b\u0148uj\u00ed hydraulick\u00fd tlak na mechanickou s\u00edlu, co\u017e umo\u017e\u0148uje vysokozdvi\u017en\u00fdm voz\u00edk\u016fm p\u0159esn\u011b zvedat a spou\u0161t\u011bt b\u0159emena. D\u00edky sv\u00e9 robustn\u00ed konstrukci a spolehliv\u00e9mu v\u00fdkonu jsou nepostradateln\u00e9 v r\u016fzn\u00fdch pr\u016fmyslov\u00fdch aplikac\u00edch, kde zvy\u0161uj\u00ed produktivitu a bezpe\u010dnost.<\/p>\n<p>Hydraulick\u00e9 v\u00e1lce pro zdvih jsou nezbytn\u00e9 pro efektivn\u00ed provoz vysokozdvi\u017en\u00fdch voz\u00edk\u016f pohybuj\u00edc\u00edch se vp\u0159ed. Jejich vysok\u00e1 nosnost, odoln\u00e1 konstrukce a plynul\u00fd chod je \u010din\u00ed nepostradateln\u00fdmi v r\u016fzn\u00fdch pr\u016fmyslov\u00fdch aplikac\u00edch. Pochopen\u00edm jejich vlastnost\u00ed, spr\u00e1vn\u00fdch metod pou\u017e\u00edv\u00e1n\u00ed a po\u017eadavk\u016f na \u00fadr\u017ebu mohou oper\u00e1to\u0159i maximalizovat v\u00fdkon a bezpe\u010dnost sv\u00e9ho za\u0159\u00edzen\u00ed, a t\u00edm v kone\u010dn\u00e9m d\u016fsledku zv\u00fd\u0161it produktivitu p\u0159i manipulaci s materi\u00e1lem. Investice do vysoce kvalitn\u00edch hydraulick\u00fdch v\u00e1lc\u016f pro zdvih zaji\u0161\u0165uje spolehliv\u00fd a efektivn\u00ed provoz, kter\u00fd je kl\u00ed\u010dov\u00fd pro \u00fasp\u011bch v ka\u017ed\u00e9m podniku.<\/p>\n<h1 style=\"text-align: center;\"><img loading=\"lazy\" decoding=\"async\" class=\"alignnone wp-image-17609\" src=\"https:\/\/www.hydraulic-cylinders.net\/wp-content\/uploads\/2025\/03\/Lift-hydraulic-cylinders-for-Forward-moving-forklift--scaled.webp\" alt=\"\" width=\"500\" height=\"500\" \/><\/h1>\n<p style=\"text-align: center;\"><strong>Zved\u00e1n\u00ed hydraulick\u00fdch v\u00e1lc\u016f paletov\u00e9ho voz\u00edku<\/strong><\/p>\n<h2><strong>Zdvihac\u00ed hydraulick\u00e9 v\u00e1lce pro vysokozdvi\u017en\u00fd voz\u00edk s pohybem vp\u0159ed <\/strong><strong>Technick\u00e9 specifikace<\/strong><strong>:<\/strong><\/h2>\n<p><strong>Funkce:<\/strong> Pro dosa\u017een\u00ed zved\u00e1n\u00ed a spou\u0161t\u011bn\u00ed port\u00e1lu<br \/>\n<strong>Pr\u016fm\u011br v\u00e1lce:<\/strong> 45 mm\u201375 mm<br \/>\n<strong>Pr\u016fm\u011br ty\u010de:<\/strong> 45 mm\u201365 mm<br \/>\n<strong>Cestovat:<\/strong> 500 mm\u20133980 mm<br \/>\n<strong>Maxim\u00e1ln\u00ed tlak:<\/strong> 21 MPa<br \/>\n<strong>Maxim\u00e1ln\u00ed tah:<\/strong> 93 kN<\/p>\n<h2><strong>\u0158ada v\u00e1lc\u016f pro vysokozdvi\u017en\u00e9 voz\u00edky s pohybem vp\u0159ed:\u00a0<\/strong><\/h2>\n<h2><img loading=\"lazy\" decoding=\"async\" class=\"alignnone size-full wp-image-17611\" src=\"https:\/\/www.hydraulic-cylinders.net\/wp-content\/uploads\/2025\/03\/Forward-moving-forklift-hydraulic-cylinders-construction.webp\" alt=\"Konstrukce hydraulick\u00fdch v\u00e1lc\u016f pro vysokozdvi\u017en\u00e9 voz\u00edky s dop\u0159edn\u00fdm pohybem\" width=\"1100\" height=\"615\" srcset=\"https:\/\/www.hydraulic-cylinders.net\/wp-content\/uploads\/2025\/03\/Forward-moving-forklift-hydraulic-cylinders-construction.webp 1100w, https:\/\/www.hydraulic-cylinders.net\/wp-content\/uploads\/2025\/03\/Forward-moving-forklift-hydraulic-cylinders-construction-980x548.webp 980w, https:\/\/www.hydraulic-cylinders.net\/wp-content\/uploads\/2025\/03\/Forward-moving-forklift-hydraulic-cylinders-construction-480x268.webp 480w\" sizes=\"(min-width: 0px) and (max-width: 480px) 480px, (min-width: 481px) and (max-width: 980px) 980px, (min-width: 981px) 1100px, 100vw\" \/><\/h2>\n<h2><strong>Kl\u00ed\u010dov\u00e9 vlastnosti hydraulick\u00fdch v\u00e1lc\u016f pro zdvihac\u00ed za\u0159\u00edzen\u00ed pro vysokozdvi\u017en\u00e9 voz\u00edky s pohybem vp\u0159ed<\/strong><strong>:<\/strong><\/h2>\n<ul>\n<li><strong>Vysok\u00e1 nosnost:<\/strong> Zvedac\u00ed hydraulick\u00e9 v\u00e1lce jsou speci\u00e1ln\u011b navr\u017eeny pro manipulaci s velk\u00fdmi hmotnostmi a poskytuj\u00ed pot\u0159ebnou s\u00edlu pro bezpe\u010dn\u00e9 zved\u00e1n\u00ed t\u011b\u017ek\u00fdch b\u0159emen. Tato schopnost je kl\u00ed\u010dov\u00e1 pro prevenci nehod, proto\u017ee zaji\u0161\u0165uje, \u017ee vysokozdvi\u017en\u00fd voz\u00edk pracuje v r\u00e1mci sv\u00fdch nosnost\u00ed. Usnadn\u011bn\u00edm efektivn\u00ed manipulace s materi\u00e1lem tyto v\u00e1lce zvy\u0161uj\u00ed produktivitu a zkracuj\u00ed \u010das pot\u0159ebn\u00fd pro zdvihac\u00ed \u00fakony, co\u017e umo\u017e\u0148uje obsluze soust\u0159edit se na jin\u00e9 d\u016fle\u017eit\u00e9 \u010dinnosti.<\/li>\n<li><strong>Odoln\u00e1 konstrukce:<\/strong> Zvedac\u00ed hydraulick\u00e9 v\u00e1lce jsou vyrobeny z vysoce pevn\u00fdch materi\u00e1l\u016f a odol\u00e1vaj\u00ed opot\u0159eben\u00ed i v t\u011bch nejn\u00e1ro\u010dn\u011bj\u0161\u00edch prost\u0159ed\u00edch. Jejich robustn\u00ed konstrukce nejen zaji\u0161\u0165uje dlouhodob\u00fd v\u00fdkon, ale tak\u00e9 v\u00fdrazn\u011b minimalizuje riziko mechanick\u00e9ho selh\u00e1n\u00ed. Tato odolnost se prom\u00edt\u00e1 do ni\u017e\u0161\u00edch n\u00e1klad\u016f na \u00fadr\u017ebu a krat\u0161\u00edch prostoj\u016f, co\u017e z t\u011bchto v\u00e1lc\u016f \u010din\u00ed cenov\u011b dostupnou volbu pro firmy, kter\u00e9 hledaj\u00ed spolehliv\u00e9 za\u0159\u00edzen\u00ed, kter\u00e9 odol\u00e1 n\u00e1ro\u010dn\u00fdm ka\u017edodenn\u00edm podm\u00ednk\u00e1m.<\/li>\n<li><strong>Plynul\u00fd provoz:<\/strong> Hydraulick\u00fd syst\u00e9m v t\u011bchto v\u00e1lc\u00edch zaji\u0161\u0165uje konzistentn\u00ed a plynul\u00e9 zved\u00e1n\u00ed a spou\u0161t\u011bn\u00ed, co\u017e je z\u00e1sadn\u00ed pro udr\u017een\u00ed stability n\u00e1kladu. Minimalizac\u00ed n\u00e1raz\u016f a vibrac\u00ed b\u011bhem provozu zvy\u0161uj\u00ed hydraulick\u00e9 v\u00e1lce zved\u00e1n\u00ed bezpe\u010dnost jak pro obsluhu, tak pro okoln\u00ed person\u00e1l. Tento plynul\u00fd provoz tak\u00e9 p\u0159isp\u00edv\u00e1 k lep\u0161\u00ed kontrole p\u0159i manipulaci s citliv\u00fdmi nebo k\u0159ehk\u00fdmi materi\u00e1ly a zaji\u0161\u0165uje jejich bezpe\u010dn\u00e9 uchycen\u00ed po celou dobu zved\u00e1n\u00ed.<\/li>\n<li><strong>Kompaktn\u00ed design:<\/strong> Hydraulick\u00e9 v\u00e1lce pro zdvih se dod\u00e1vaj\u00ed v r\u016fzn\u00fdch velikostech, aby vyhovovaly r\u016fzn\u00fdm model\u016fm vysokozdvi\u017en\u00fdch voz\u00edk\u016f, a umo\u017e\u0148uj\u00ed tak bezprobl\u00e9movou integraci do st\u00e1vaj\u00edc\u00edho za\u0159\u00edzen\u00ed. Tato kompaktn\u00ed konstrukce neohro\u017euje man\u00e9vrovatelnost vozidla a umo\u017e\u0148uje obsluze snadno se pohybovat v t\u011bsn\u00fdch prostorech. P\u0159izp\u016fsobivost t\u011bchto v\u00e1lc\u016f zaji\u0161\u0165uje, \u017ee je lze pou\u017e\u00edt v r\u016fzn\u00fdch aplikac\u00edch bez nutnosti v\u00fdznamn\u00fdch \u00faprav vysokozdvi\u017en\u00e9ho voz\u00edku.<\/li>\n<li><strong>V\u0161estrann\u00e9 aplikace:<\/strong> Tyto hydraulick\u00e9 v\u00e1lce jsou vhodn\u00e9 pro \u0161irokou \u0161k\u00e1lu odv\u011btv\u00ed, v\u010detn\u011b logistiky, v\u00fdroby a stavebnictv\u00ed. D\u00edky sv\u00e9 v\u0161estrannosti jsou p\u0159izp\u016fsobiteln\u00e9 r\u016fzn\u00fdm provozn\u00edm pot\u0159eb\u00e1m, od stohov\u00e1n\u00ed a vychyst\u00e1v\u00e1n\u00ed ve skladu a\u017e po zved\u00e1n\u00ed t\u011b\u017ek\u00fdch b\u0159emen na staveni\u0161t\u00edch. Tato \u0161irok\u00e1 pou\u017eitelnost umo\u017e\u0148uje firm\u00e1m vyu\u017e\u00edvat zdvihac\u00ed hydraulick\u00e9 v\u00e1lce v r\u016fzn\u00fdch prost\u0159ed\u00edch, optimalizovat procesy manipulace s materi\u00e1lem a zvy\u0161ovat celkovou efektivitu.<\/li>\n<\/ul>\n<h2><strong>P\u0159\u00edpady pou\u017eit\u00ed pro hydraulick\u00e9 v\u00e1lce pro zdvihac\u00ed za\u0159\u00edzen\u00ed pro vysokozdvi\u017en\u00e9 voz\u00edky s pohybem vp\u0159ed<\/strong><strong>:<\/strong><\/h2>\n<p>Hydraulick\u00e9 v\u00e1lce pro zdvih hraj\u00ed kl\u00ed\u010dovou roli ve zvy\u0161ov\u00e1n\u00ed funk\u010dnosti a efektivity vysokozdvi\u017en\u00fdch voz\u00edk\u016f pohybuj\u00edc\u00edch se vp\u0159ed. Zde je n\u011bkolik kl\u00ed\u010dov\u00fdch p\u0159\u00edpad\u016f pou\u017eit\u00ed, kter\u00e9 zd\u016fraz\u0148uj\u00ed jejich v\u00fdznam v r\u016fzn\u00fdch odv\u011btv\u00edch:<\/p>\n<h3>1. <strong>Skladov\u00e9 operace<\/strong><\/h3>\n<p>Ve skladov\u00fdch podm\u00ednk\u00e1ch umo\u017e\u0148uj\u00ed hydraulick\u00e9 v\u00e1lce pro zved\u00e1n\u00ed vysokozdvi\u017en\u00fdch voz\u00edk\u016f stohovat a vyzved\u00e1vat palety v r\u016fzn\u00fdch v\u00fd\u0161k\u00e1ch. Tato schopnost optimalizuje vertik\u00e1ln\u00ed skladovac\u00ed prostor a umo\u017e\u0148uje rychl\u00fd p\u0159\u00edstup k z\u00e1sob\u00e1m, zefektiv\u0148uje provoz a zlep\u0161uje celkovou efektivitu.<\/p>\n<h3>2. <strong>Nakl\u00e1d\u00e1n\u00ed a vykl\u00e1d\u00e1n\u00ed<\/strong><\/h3>\n<p>Zvedac\u00ed hydraulick\u00e9 v\u00e1lce usnad\u0148uj\u00ed nakl\u00e1d\u00e1n\u00ed a vykl\u00e1d\u00e1n\u00ed zbo\u017e\u00ed z n\u00e1kladn\u00edch automobil\u016f a kontejner\u016f. T\u00edm, \u017ee umo\u017e\u0148uj\u00ed vysokozdvi\u017en\u00fdm voz\u00edk\u016fm plynul\u00e9 zved\u00e1n\u00ed a spou\u0161t\u011bn\u00ed b\u0159emen, minimalizuj\u00ed riziko po\u0161kozen\u00ed v\u00fdrobk\u016f a zkracuj\u00ed \u010das str\u00e1ven\u00fd t\u011bmito \u00fakony, \u010d\u00edm\u017e zvy\u0161uj\u00ed celkovou produktivitu.<\/p>\n<h3>3. <strong>Vychyst\u00e1v\u00e1n\u00ed objedn\u00e1vek<\/strong><\/h3>\n<p>V prost\u0159ed\u00edch, kde je vychyst\u00e1v\u00e1n\u00ed objedn\u00e1vek nezbytn\u00e9, umo\u017e\u0148uj\u00ed hydraulick\u00e9 v\u00e1lce vysokozdvi\u017en\u00fdm voz\u00edk\u016fm p\u0159esn\u011b se um\u00edstit do po\u017eadovan\u00e9 v\u00fd\u0161ky pro p\u0159\u00edstup ke konkr\u00e9tn\u00edm polo\u017ek\u00e1m. Tato funkce zlep\u0161uje p\u0159esnost p\u0159i pln\u011bn\u00ed objedn\u00e1vek a zvy\u0161uje celkovou provozn\u00ed efektivitu.<\/p>\n<h3>4. <strong>Cross-docking<\/strong><\/h3>\n<p>V cross-dockingov\u00fdch operac\u00edch, kde se produkty p\u0159epravuj\u00ed p\u0159\u00edmo z p\u0159\u00edchoz\u00ed do odchoz\u00ed p\u0159epravy, pom\u00e1haj\u00ed hydraulick\u00e9 v\u00e1lce zdvihu rychle a efektivn\u011b p\u0159esouvat palety. To zkracuje dobu manipulace a zaji\u0161\u0165uje plynul\u00fd tok zbo\u017e\u00ed v cel\u00e9m dodavatelsk\u00e9m \u0159et\u011bzci.<\/p>\n<h3>5. <strong>V\u00fdrobn\u00ed za\u0159\u00edzen\u00ed<\/strong><\/h3>\n<p>Ve v\u00fdrobn\u00edm prost\u0159ed\u00ed pom\u00e1haj\u00ed hydraulick\u00e9 v\u00e1lce pro zved\u00e1n\u00ed p\u0159i p\u0159eprav\u011b surovin a hotov\u00fdch v\u00fdrobk\u016f mezi r\u016fzn\u00fdmi f\u00e1zemi v\u00fdroby. Jejich schopnost bezpe\u010dn\u011b zvedat t\u011b\u017ek\u00e9 p\u0159edm\u011bty zvy\u0161uje pracovn\u00ed postup a produktivitu na mont\u00e1\u017en\u00edch link\u00e1ch.<\/p>\n<p>Hled\u00e1te v\u00e1lce pro t\u011b\u017ek\u00e9 vysokozdvi\u017en\u00e9 voz\u00edky? Pod\u00edvejte se na na\u0161e <a href=\"https:\/\/www.hydraulic-cylinders.net\/cs\/forklift-hydraulic-cylinder\/\">Vysoce odoln\u00e9 hydraulick\u00e9 v\u00e1lce<\/a>.<\/p>\n<h2><strong>V\u00fdrobn\u00ed oblast v\u00e1lc\u016f pro vysokozdvi\u017en\u00e9 voz\u00edky:<\/strong><\/h2>\n<h2><img loading=\"lazy\" decoding=\"async\" class=\"alignnone size-full wp-image-16972\" src=\"https:\/\/www.hydraulic-cylinders.net\/wp-content\/uploads\/2025\/01\/hydraulic-cylinder-factory-1-scaled.webp\" sizes=\"(min-width: 0px) and (max-width: 480px) 480px, (min-width: 481px) and (max-width: 980px) 980px, (min-width: 981px) and (max-width: 1280px) 1280px, (min-width: 1281px) 2016px, 100vw\" srcset=\"https:\/\/www.hydraulic-cylinders.net\/wp-content\/uploads\/2025\/01\/hydraulic-cylinder-factory-1-scaled.webp 2016w, https:\/\/www.hydraulic-cylinders.net\/wp-content\/uploads\/2025\/01\/hydraulic-cylinder-factory-1-1280x1625.webp 1280w, https:\/\/www.hydraulic-cylinders.net\/wp-content\/uploads\/2025\/01\/hydraulic-cylinder-factory-1-980x1244.webp 980w, https:\/\/www.hydraulic-cylinders.net\/wp-content\/uploads\/2025\/01\/hydraulic-cylinder-factory-1-480x610.webp 480w\" alt=\"\" width=\"2016\" height=\"2560\" \/><\/h2>\n<p>Disponujeme prvot\u0159\u00eddn\u00ed nez\u00e1vislou v\u00fdzkumnou a v\u00fdvojovou platformou pro mont\u00e1\u017e. D\u00edlna na v\u00fdrobu v\u00e1lc\u016f pro vysokozdvi\u017en\u00e9 voz\u00edky m\u00e1 \u010dty\u0159i poloautomatick\u00e9 mont\u00e1\u017en\u00ed linky pro zdvihac\u00ed v\u00e1lce a pln\u011b automatickou mont\u00e1\u017en\u00ed linku pro nakl\u00e1p\u011bc\u00ed v\u00e1lce s projektovanou ro\u010dn\u00ed v\u00fdrobn\u00ed kapacitou milionu kus\u016f. D\u00edlna na speci\u00e1ln\u00ed v\u00e1lce m\u00e1 poloautomatick\u00e9 \u010distic\u00ed a mont\u00e1\u017en\u00ed syst\u00e9my r\u016fzn\u00fdch specifikac\u00ed s projektovanou ro\u010dn\u00ed v\u00fdrobn\u00ed kapacitou 200 000 kus\u016f. Je vybavena CNC obr\u00e1b\u011bc\u00edmi za\u0159\u00edzen\u00edmi zn\u00e1m\u00fdch zna\u010dek, obr\u00e1b\u011bc\u00edmi centry, speci\u00e1ln\u00edm za\u0159\u00edzen\u00edm pro vysoce p\u0159esn\u00e9 zpracov\u00e1n\u00ed v\u00e1lc\u016f, robotick\u00fdmi sva\u0159ovac\u00edmi stroji, automatick\u00fdmi \u010distic\u00edmi stroji, automatick\u00fdmi mont\u00e1\u017en\u00edmi stroji pro v\u00e1lce a automatick\u00fdmi linkami na v\u00fdrobu lak\u016f. M\u00e1me v provozu v\u00edce ne\u017e 300 sad kl\u00ed\u010dov\u00e9ho vybaven\u00ed. Optimalizovan\u00e9 rozd\u011blen\u00ed a efektivn\u00ed vyu\u017eit\u00ed zdroj\u016f za\u0159\u00edzen\u00ed zaji\u0161\u0165uje po\u017eadavky na p\u0159esnost v\u00fdrobk\u016f a spl\u0148uje vysok\u00e9 po\u017eadavky na kvalitu v\u00fdrobk\u016f.<\/p>\n<p>Obr\u00e1b\u011bc\u00ed d\u00edlna je vybavena zak\u00e1zkov\u011b vyroben\u00fdmi soustru\u017enick\u00fdmi centry s nakl\u00e1p\u011bc\u00edmi vodic\u00edmi kolejnicemi, obr\u00e1b\u011bc\u00edmi centry, vysokorychlostn\u00edmi honovac\u00edmi stroji, sva\u0159ovac\u00edmi roboty a dal\u0161\u00edm relevantn\u00edm za\u0159\u00edzen\u00edm, kter\u00e9 zvl\u00e1dne obr\u00e1b\u011bn\u00ed v\u00e1lcov\u00fdch trubek s maxim\u00e1ln\u00edm vnit\u0159n\u00edm pr\u016fm\u011brem 400 mm a maxim\u00e1ln\u00ed d\u00e9lkou 6 metr\u016f.<\/p>\n<h2><img loading=\"lazy\" decoding=\"async\" class=\"alignnone size-full wp-image-16973\" src=\"https:\/\/www.hydraulic-cylinders.net\/wp-content\/uploads\/2025\/01\/hydraulic-cylinder-factory-2-scaled.webp\" sizes=\"(min-width: 0px) and (max-width: 480px) 480px, (min-width: 481px) and (max-width: 980px) 980px, (min-width: 981px) and (max-width: 1280px) 1280px, (min-width: 1281px) 2011px, 100vw\" srcset=\"https:\/\/www.hydraulic-cylinders.net\/wp-content\/uploads\/2025\/01\/hydraulic-cylinder-factory-2-scaled.webp 2011w, https:\/\/www.hydraulic-cylinders.net\/wp-content\/uploads\/2025\/01\/hydraulic-cylinder-factory-2-1280x1629.webp 1280w, https:\/\/www.hydraulic-cylinders.net\/wp-content\/uploads\/2025\/01\/hydraulic-cylinder-factory-2-980x1248.webp 980w, https:\/\/www.hydraulic-cylinders.net\/wp-content\/uploads\/2025\/01\/hydraulic-cylinder-factory-2-480x611.webp 480w\" alt=\"\" width=\"2011\" height=\"2560\" \/><\/h2>\n<p>Disponujeme pln\u011b automatickou linkou na nan\u00e1\u0161en\u00ed barev na vodn\u00ed b\u00e1zi pro mal\u00e9 a st\u0159edn\u00ed v\u00e1lce, kter\u00e1 realizuje automatick\u00e9 nakl\u00e1d\u00e1n\u00ed a vykl\u00e1d\u00e1n\u00ed a automatick\u00e9 st\u0159\u00edkac\u00ed roboty s projektovanou v\u00fdrobn\u00ed kapacitou 4000 m\u00edst za sm\u011bnu. M\u00e1me dal\u0161\u00ed poloautomatickou lakovac\u00ed linku pro velk\u00e9 v\u00e1lce poh\u00e1n\u011bnou \u0159et\u011bzem s projektovanou kapacitou 60 p\u0159epravek za sm\u011bnu.<\/p>\n<p>Abychom d\u00e1le zlep\u0161ili v\u00fdkon na\u0161ich produkt\u016f a upevnili si vedouc\u00ed pozici na\u0161ich hydraulick\u00fdch v\u00e1lc\u016f v oboru, zalo\u017eili jsme spole\u010dn\u011b se spole\u010dnost\u00ed Zjimee Komplexn\u00ed laborato\u0159 pro hydraulick\u00e9 v\u00e1lce, hydraulick\u00e9 ventily a hydraulick\u00e1 \u010derpadla. Laborato\u0159 prov\u00e1d\u00ed po\u010d\u00edta\u010dov\u00e9 testov\u00e1n\u00ed s vyu\u017eit\u00edm elektrohydraulick\u00e9 technologie. Zku\u0161ebn\u00ed podm\u00ednky jsou p\u0159ednastaveny po\u010d\u00edta\u010dem, co\u017e zlep\u0161uje p\u0159esnost test\u016f a v\u0161estrannost syst\u00e9mu, a tak\u00e9 experiment\u00e1ln\u00ed data.<\/p>\n<p>Automatick\u00fd sb\u011br dat se prov\u00e1d\u00ed pomoc\u00ed senzor\u016f a v\u00fdstupn\u00ed data, jako je vnit\u0159n\u00ed net\u011bsnost a \u00fa\u010dinnost zat\u00ed\u017een\u00ed v\u00e1lce nebo ventilu, jsou p\u0159\u00edmo zpracov\u00e1v\u00e1na po\u010d\u00edta\u010dem a p\u0159ev\u00e1d\u011bna na standardn\u00ed jednotky (ml\/min%). Sou\u010dasn\u011b se pro zaji\u0161t\u011bn\u00ed bezpe\u010dnosti provozu hydraulick\u00e9ho syst\u00e9mu prov\u00e1d\u00ed monitorov\u00e1n\u00ed stavu kl\u00ed\u010dov\u00fdch v\u00fdkonnostn\u00edch parametr\u016f, jako je \u201emonitorov\u00e1n\u00ed teploty oleje, monitorov\u00e1n\u00ed hladiny kapaliny, monitorov\u00e1n\u00ed filtra\u010dn\u00edho za\u0159\u00edzen\u00ed\u201c atd. Zku\u0161ebn\u00ed stanice hydraulick\u00fdch v\u00e1lc\u016f mimo jin\u00e9 dok\u00e1\u017ee testovat v\u00fdkon \u201ez\u00e1t\u011b\u017ee\u201c.<br \/>\n\u00fa\u010dinnost \u201ea\u201c vnit\u0159n\u00ed net\u011bsnost\u201c nam\u011b\u0159en\u00fdmi hodnotami. Z\u00e1rove\u0148 je vybaven m\u011b\u0159ic\u00edm p\u0159\u00edstrojem s m\u0159\u00ed\u017ekov\u00fdm prav\u00edtkem, kter\u00fd spl\u0148uje po\u017eadavky v\u0161ech testovan\u00fdch polo\u017eek hydraulick\u00fdch v\u00e1lc\u016f dle n\u00e1rodn\u00ed normy.<\/p>","protected":false},"excerpt":{"rendered":"<p>Lift Hydraulic Cylinders For Forward Moving Forklift Lift hydraulic cylinders are essential components of forward moving forklifts, providing the necessary lifting power to handle heavy loads efficiently. These cylinders convert hydraulic pressure into mechanical force, enabling forklifts to raise and lower loads with precision. Their robust design and reliable performance make them indispensable in various [&hellip;]<\/p>","protected":false},"featured_media":17610,"comment_status":"open","ping_status":"closed","template":"","meta":{"_et_pb_use_builder":"","_et_pb_old_content":"","_et_gb_content_width":""},"product_brand":[],"product_cat":[1484,1549],"product_tag":[],"class_list":{"0":"post-17606","1":"product","2":"type-product","3":"status-publish","4":"has-post-thumbnail","6":"product_cat-forklift-hydraulic-cylinders","7":"product_cat-single-acting-hydraulic-cylinder","9":"first","10":"instock","11":"shipping-taxable","12":"product-type-simple"},"amp_enabled":true,"_links":{"self":[{"href":"https:\/\/www.hydraulic-cylinders.net\/cs\/wp-json\/wp\/v2\/product\/17606","targetHints":{"allow":["GET"]}}],"collection":[{"href":"https:\/\/www.hydraulic-cylinders.net\/cs\/wp-json\/wp\/v2\/product"}],"about":[{"href":"https:\/\/www.hydraulic-cylinders.net\/cs\/wp-json\/wp\/v2\/types\/product"}],"replies":[{"embeddable":true,"href":"https:\/\/www.hydraulic-cylinders.net\/cs\/wp-json\/wp\/v2\/comments?post=17606"}],"wp:featuredmedia":[{"embeddable":true,"href":"https:\/\/www.hydraulic-cylinders.net\/cs\/wp-json\/wp\/v2\/media\/17610"}],"wp:attachment":[{"href":"https:\/\/www.hydraulic-cylinders.net\/cs\/wp-json\/wp\/v2\/media?parent=17606"}],"wp:term":[{"taxonomy":"product_brand","embeddable":true,"href":"https:\/\/www.hydraulic-cylinders.net\/cs\/wp-json\/wp\/v2\/product_brand?post=17606"},{"taxonomy":"product_cat","embeddable":true,"href":"https:\/\/www.hydraulic-cylinders.net\/cs\/wp-json\/wp\/v2\/product_cat?post=17606"},{"taxonomy":"product_tag","embeddable":true,"href":"https:\/\/www.hydraulic-cylinders.net\/cs\/wp-json\/wp\/v2\/product_tag?post=17606"}],"curies":[{"name":"wp","href":"https:\/\/api.w.org\/{rel}","templated":true}]}}