{"id":17607,"date":"2025-03-18T07:49:55","date_gmt":"2025-03-18T07:49:55","guid":{"rendered":"https:\/\/www.hydraulic-cylinders.net\/?post_type=product&#038;p=17607"},"modified":"2025-04-11T03:15:23","modified_gmt":"2025-04-11T03:15:23","slug":"left-and-right-forward-extension-cylinders-for-forward-moving-forklift","status":"publish","type":"product","link":"https:\/\/www.hydraulic-cylinders.net\/cs\/produkt\/left-and-right-forward-extension-cylinders-for-forward-moving-forklift\/","title":{"rendered":"Lev\u00fd a prav\u00fd v\u00fdsuvn\u00fd v\u00e1lec dop\u0159edu pro vysokozdvi\u017en\u00fd voz\u00edk s pohybem vp\u0159ed"},"content":{"rendered":"<h1 style=\"text-align: center;\"><strong>Lev\u00fd a prav\u00fd v\u00fdsuvn\u00fd v\u00e1lec dop\u0159edu pro vysokozdvi\u017en\u00fd voz\u00edk s pohybem vp\u0159ed<\/strong><\/h1>\n<p>Lev\u00e9 a prav\u00e9 v\u00fdsuvn\u00e9 v\u00e1lce dop\u0159edu jsou z\u00e1sadn\u00edmi sou\u010d\u00e1stmi pro vysokozdvi\u017en\u00e9 voz\u00edky pohybuj\u00edc\u00ed se vp\u0159ed, proto\u017ee zvy\u0161uj\u00ed jejich provozn\u00ed efektivitu a v\u0161estrannost. Tyto hydraulick\u00e9 v\u00e1lce umo\u017e\u0148uj\u00ed vysokozdvi\u017en\u00fdm voz\u00edk\u016fm prodlou\u017eit jejich dosah, co\u017e usnad\u0148uje manipulaci s b\u0159emeny um\u00edst\u011bn\u00fdmi na v\u011bt\u0161\u00ed vzd\u00e1lenosti. Zlep\u0161en\u00edm man\u00e9vrovac\u00edch a zvedac\u00edch schopnost\u00ed vysokozdvi\u017en\u00e9ho voz\u00edku hraj\u00ed tyto v\u00fdsuvn\u00e9 v\u00e1lce kl\u00ed\u010dovou roli v r\u016fzn\u00fdch aplikac\u00edch manipulace s materi\u00e1lem, od sklad\u016f a\u017e po staveni\u0161t\u011b.<\/p>\n<p>Lev\u00e9 a prav\u00e9 v\u00fdsuvn\u00e9 v\u00e1lce pro pohyb vp\u0159ed v\u00fdrazn\u011b zvy\u0161uj\u00ed funk\u010dnost vysokozdvi\u017en\u00fdch voz\u00edk\u016f s pohybem vp\u0159ed. Jejich schopnost zajistit v\u011bt\u0161\u00ed dosah v kombinaci s odolnou konstrukc\u00ed a plynul\u00fdm chodem je \u010din\u00ed nezbytn\u00fdmi pro r\u016fzn\u00e9 \u00fakoly manipulace s materi\u00e1lem. Pochopen\u00edm jejich vlastnost\u00ed, spr\u00e1vn\u00fdch metod pou\u017e\u00edv\u00e1n\u00ed a po\u017eadavk\u016f na \u00fadr\u017ebu mohou oper\u00e1to\u0159i maximalizovat efektivitu a bezpe\u010dnost sv\u00e9ho provozu. Investice do vysoce kvalitn\u00edch v\u00fdsuvn\u00fdch v\u00e1lc\u016f zaji\u0161\u0165uje spolehliv\u00fd v\u00fdkon a vy\u0161\u0161\u00ed produktivitu, co\u017e p\u0159isp\u00edv\u00e1 k celkov\u00e9mu \u00fasp\u011bchu ka\u017ed\u00e9ho podniku, kter\u00fd se spol\u00e9h\u00e1 na efektivn\u00ed \u0159e\u0161en\u00ed manipulace s materi\u00e1lem.<\/p>\n<h1 style=\"text-align: center;\"><img loading=\"lazy\" decoding=\"async\" class=\"alignnone wp-image-17613\" src=\"https:\/\/www.hydraulic-cylinders.net\/wp-content\/uploads\/2025\/03\/left-and-right-forward-extension-cylinder-1.webp\" alt=\"\" width=\"500\" height=\"500\" srcset=\"https:\/\/www.hydraulic-cylinders.net\/wp-content\/uploads\/2025\/03\/left-and-right-forward-extension-cylinder-1.webp 500w, https:\/\/www.hydraulic-cylinders.net\/wp-content\/uploads\/2025\/03\/left-and-right-forward-extension-cylinder-1-480x480.webp 480w\" sizes=\"(min-width: 0px) and (max-width: 480px) 480px, (min-width: 481px) 500px, 100vw\" \/><\/h1>\n<p style=\"text-align: center;\"><strong>Lev\u00fd a prav\u00fd v\u00fdsuvn\u00fd v\u00e1lec dop\u0159edu pro vysokozdvi\u017en\u00fd voz\u00edk s pohybem vp\u0159ed<\/strong><\/p>\n<h2><strong>Lev\u00fd a prav\u00fd v\u00fdsuvn\u00fd v\u00e1lec dop\u0159edu pro vysokozdvi\u017en\u00fd voz\u00edk s pohybem vp\u0159ed <\/strong><strong>Technick\u00e9 specifikace<\/strong><strong>:<\/strong><\/h2>\n<div class=\"Message_messageTextContainer__w64Sc\">\n<div>\n<div class=\"Markdown_markdownContainer__Tz3HQ\">\n<p><strong>Funkce:<\/strong> Pro dosa\u017een\u00ed pohybu vidlice vp\u0159ed a vzad<br \/>\n<strong>Pr\u016fm\u011br v\u00e1lce:<\/strong> 50mm<br \/>\n<strong>Pr\u016fm\u011br ty\u010de:<\/strong> 25mm<br \/>\n<strong>Cestovat:<\/strong> 101 mm\u2013112 mm<br \/>\n<strong>Maxim\u00e1ln\u00ed tlak:<\/strong> 20 MPa<br \/>\n<strong>Maxim\u00e1ln\u00ed tah:<\/strong> 39 kN<\/p>\n<\/div>\n<\/div>\n<\/div>\n<h2><strong>\u0158ada v\u00e1lc\u016f pro vysokozdvi\u017en\u00e9 voz\u00edky s pohybem vp\u0159ed:\u00a0<\/strong><\/h2>\n<h2><img loading=\"lazy\" decoding=\"async\" class=\"alignnone size-full wp-image-17611\" src=\"https:\/\/www.hydraulic-cylinders.net\/wp-content\/uploads\/2025\/03\/Forward-moving-forklift-hydraulic-cylinders-construction.webp\" alt=\"Konstrukce hydraulick\u00fdch v\u00e1lc\u016f pro vysokozdvi\u017en\u00e9 voz\u00edky s dop\u0159edn\u00fdm pohybem\" width=\"1100\" height=\"615\" srcset=\"https:\/\/www.hydraulic-cylinders.net\/wp-content\/uploads\/2025\/03\/Forward-moving-forklift-hydraulic-cylinders-construction.webp 1100w, https:\/\/www.hydraulic-cylinders.net\/wp-content\/uploads\/2025\/03\/Forward-moving-forklift-hydraulic-cylinders-construction-980x548.webp 980w, https:\/\/www.hydraulic-cylinders.net\/wp-content\/uploads\/2025\/03\/Forward-moving-forklift-hydraulic-cylinders-construction-480x268.webp 480w\" sizes=\"(min-width: 0px) and (max-width: 480px) 480px, (min-width: 481px) and (max-width: 980px) 980px, (min-width: 981px) 1100px, 100vw\" \/><\/h2>\n<h2><strong>Kl\u00ed\u010dov\u00e9 vlastnosti lev\u00fdch a prav\u00fdch v\u00e1lc\u016f pro v\u00fdsuv dop\u0159edu pro vysokozdvi\u017en\u00fd voz\u00edk s pohybem vp\u0159ed<\/strong><strong>:<\/strong><\/h2>\n<ul>\n<li><strong>Zv\u00fd\u0161en\u00fd dosah:<\/strong> Lev\u00e9 a prav\u00e9 v\u00fdsuvn\u00e9 v\u00e1lce pro v\u00fdsuv vp\u0159ed v\u00fdrazn\u011b zv\u011bt\u0161uj\u00ed dosah vysokozdvi\u017en\u00e9ho voz\u00edku, co\u017e umo\u017e\u0148uje obsluze p\u0159\u00edstup k n\u00e1klad\u016fm um\u00edst\u011bn\u00fdm d\u00e1le. Tento zv\u011bt\u0161en\u00fd dosah je obzvl\u00e1\u0161t\u011b v\u00fdhodn\u00fd p\u0159i nakl\u00e1dce a vykl\u00e1dce, kde je p\u0159esnost a efektivita kl\u00ed\u010dov\u00e1. T\u00edm, \u017ee umo\u017e\u0148uj\u00ed obsluze manipulovat s materi\u00e1ly z v\u011bt\u0161\u00ed vzd\u00e1lenosti, tyto v\u00e1lce zefektiv\u0148uj\u00ed pracovn\u00ed postupy, zkracuj\u00ed \u010das str\u00e1ven\u00fd ka\u017ed\u00fdm \u00fakolem a v kone\u010dn\u00e9m d\u016fsledku vedou k vy\u0161\u0161\u00ed \u00farovni produktivity.<\/li>\n<li><strong>Odoln\u00e1 konstrukce:<\/strong> Tyto prodlu\u017eovac\u00ed v\u00e1lce, vyroben\u00e9 z vysoce pevn\u00fdch materi\u00e1l\u016f, jsou navr\u017eeny tak, aby odolaly n\u00e1ro\u010dn\u00e9mu pou\u017e\u00edv\u00e1n\u00ed. Jejich robustn\u00ed konstrukce nejen zaji\u0161\u0165uje v\u00fdjime\u010dnou odolnost, ale tak\u00e9 v\u00fdrazn\u011b prodlu\u017euje jejich \u017eivotnost. Minimalizac\u00ed opot\u0159eben\u00ed tyto v\u00e1lce sni\u017euj\u00ed pot\u0159ebu \u010dast\u00fdch v\u00fdm\u011bn a oprav, co\u017e se prom\u00edt\u00e1 do ni\u017e\u0161\u00edch n\u00e1klad\u016f na \u00fadr\u017ebu a vy\u0161\u0161\u00ed provozn\u00ed efektivity podnik\u016f.<\/li>\n<li><strong>Plynul\u00fd provoz:<\/strong> Hydraulick\u00fd syst\u00e9m integrovan\u00fd do lev\u00e9ho a prav\u00e9ho p\u0159edn\u00edho v\u00fdsuvn\u00e9ho v\u00e1lce zaru\u010duje plynul\u00fd a efektivn\u00ed proces vysouv\u00e1n\u00ed a zasouv\u00e1n\u00ed. Tato funkce minimalizuje trhav\u00e9 pohyby b\u011bhem provozu a zvy\u0161uje celkovou stabilitu n\u00e1kladu. Obsluha tak t\u011b\u017e\u00ed ze zlep\u0161en\u00e9 ovladatelnosti, kter\u00e1 je kl\u00ed\u010dov\u00e1 p\u0159i manipulaci s jemn\u00fdmi nebo t\u011b\u017ek\u00fdmi b\u0159emeny. Plynul\u00fd provoz tak\u00e9 p\u0159isp\u00edv\u00e1 k bezpe\u010dn\u011bj\u0161\u00edmu pracovn\u00edmu prost\u0159ed\u00ed a sni\u017euje riziko nehod a zran\u011bn\u00ed.<\/li>\n<li><strong>Kompaktn\u00ed profil:<\/strong> Tyto prodlu\u017eovac\u00ed v\u00e1lce jsou navr\u017eeny s kompaktn\u00edm profilem, kter\u00fd bez probl\u00e9m\u016f pasuje na r\u016fzn\u00e9 modely vysokozdvi\u017en\u00fdch voz\u00edk\u016f. Tato promy\u0161len\u00e1 konstrukce zaji\u0161\u0165uje, \u017ee v\u00e1lce nebr\u00e1n\u00ed man\u00e9vrovatelnosti vysokozdvi\u017en\u00e9ho voz\u00edku, co\u017e umo\u017e\u0148uje obsluze snadno se pohybovat v t\u011bsn\u00fdch prostorech. A\u0165 u\u017e se jedn\u00e1 o p\u0159epln\u011bn\u00e9 sklady nebo ru\u0161n\u00e1 staveni\u0161t\u011b, kompaktn\u00ed konstrukce t\u011bchto v\u00e1lc\u016f zvy\u0161uje v\u0161estrannost vysokozdvi\u017en\u00e9ho voz\u00edku a umo\u017e\u0148uje mu efektivn\u011b pracovat v rozmanit\u00fdch prost\u0159ed\u00edch.<\/li>\n<li><strong>V\u0161estrann\u00e9 aplikace:<\/strong> V\u00e1lce s lev\u00fdm a prav\u00fdm v\u00fdsuvem dop\u0159edu jsou vhodn\u00e9 pro \u0161irokou \u0161k\u00e1lu odv\u011btv\u00ed, v\u010detn\u011b logistiky, v\u00fdroby a stavebnictv\u00ed. D\u00edky sv\u00e9 p\u0159izp\u016fsobivosti r\u016fzn\u00fdm provozn\u00edm pot\u0159eb\u00e1m jsou cenn\u00fdm dopl\u0148kem ka\u017ed\u00e9ho vozov\u00e9ho parku vysokozdvi\u017en\u00fdch voz\u00edk\u016f. A\u0165 u\u017e se jedn\u00e1 o zved\u00e1n\u00ed t\u011b\u017ek\u00fdch materi\u00e1l\u016f ve v\u00fdrobn\u00edm z\u00e1vod\u011b nebo dosahov\u00e1n\u00ed vysok\u00fdch stoh\u016f ve skladu, tyto v\u00e1lce zvy\u0161uj\u00ed v\u00fdkon vysokozdvi\u017en\u00e9ho voz\u00edku a \u010din\u00ed z n\u011bj nepostradateln\u00fd n\u00e1stroj pro efektivn\u00ed manipulaci s materi\u00e1lem.<\/li>\n<\/ul>\n<h2><strong>P\u0159\u00edpady pou\u017eit\u00ed pro <\/strong><strong>Lev\u00fd a prav\u00fd v\u00fdsuvn\u00fd v\u00e1lec dop\u0159edu pro vysokozdvi\u017en\u00fd voz\u00edk s pohybem vp\u0159ed<\/strong><strong>:<\/strong><\/h2>\n<p>Lev\u00e9 a prav\u00e9 v\u00fdsuvn\u00e9 v\u00e1lce pro j\u00edzdu vp\u0159ed v\u00fdrazn\u011b zlep\u0161uj\u00ed funk\u010dnost vysokozdvi\u017en\u00fdch voz\u00edk\u016f s pohybem vp\u0159ed v r\u016fzn\u00fdch odv\u011btv\u00edch. Zde je n\u011bkolik kl\u00ed\u010dov\u00fdch p\u0159\u00edpad\u016f pou\u017eit\u00ed, kter\u00e9 zd\u016fraz\u0148uj\u00ed jejich d\u016fle\u017eitost:<\/p>\n<h3>1. <strong>Skladov\u00e9 operace<\/strong><\/h3>\n<p>Ve skladov\u00fdch podm\u00ednk\u00e1ch umo\u017e\u0148uj\u00ed v\u00fdsuvn\u00e9 v\u00e1lce pro vysokozdvi\u017en\u00e9 voz\u00edky dosahovat k palet\u00e1m ulo\u017een\u00fdm ve v\u011bt\u0161\u00edch v\u00fd\u0161k\u00e1ch nebo vzd\u00e1lenostech. Tato schopnost umo\u017e\u0148uje efektivn\u00ed stohov\u00e1n\u00ed a vyzved\u00e1v\u00e1n\u00ed z\u00e1sob, optimalizuje vertik\u00e1ln\u00ed prostor a usnad\u0148uje rychlej\u0161\u00ed operace.<\/p>\n<h3>2. <strong>Nakl\u00e1d\u00e1n\u00ed a vykl\u00e1d\u00e1n\u00ed<\/strong><\/h3>\n<p>B\u011bhem nakl\u00e1d\u00e1n\u00ed a vykl\u00e1d\u00e1n\u00ed zbo\u017e\u00ed z n\u00e1kladn\u00edch automobil\u016f nebo p\u0159epravn\u00edch kontejner\u016f tyto prodlu\u017eovac\u00ed v\u00e1lce poskytuj\u00ed pot\u0159ebn\u00fd dosah pro manipulaci s p\u0159edm\u011bty um\u00edst\u011bn\u00fdmi d\u00e1le. Tato funkce minimalizuje pot\u0159ebu p\u0159emis\u0165ov\u00e1n\u00ed vysokozdvi\u017en\u00e9ho voz\u00edku, \u0161et\u0159\u00ed \u010das a zlep\u0161uje efektivitu pracovn\u00edho postupu.<\/p>\n<h3>3. <strong>Vychyst\u00e1v\u00e1n\u00ed objedn\u00e1vek<\/strong><\/h3>\n<p>V prost\u0159ed\u00edch, kde je vychyst\u00e1v\u00e1n\u00ed objedn\u00e1vek kritick\u00e9, umo\u017e\u0148uj\u00ed lev\u00e9 a prav\u00e9 v\u00fdsuvn\u00e9 v\u00e1lce dop\u0159edu vysokozdvi\u017en\u00fdm voz\u00edk\u016fm p\u0159\u00edstup ke specifick\u00fdm polo\u017ek\u00e1m um\u00edst\u011bn\u00fdm v r\u016fzn\u00fdch v\u00fd\u0161k\u00e1ch nebo vzd\u00e1lenostech. Tato p\u0159esnost zlep\u0161uje p\u0159esnost p\u0159i vy\u0159izov\u00e1n\u00ed objedn\u00e1vek a zvy\u0161uje celkovou produktivitu.<\/p>\n<h3>4. <strong>Cross-docking<\/strong><\/h3>\n<p>V cross-dockingov\u00fdch operac\u00edch, kde se zbo\u017e\u00ed p\u0159epravuje p\u0159\u00edmo mezi p\u0159\u00edchoz\u00edmi a odchoz\u00edmi z\u00e1silkami, usnad\u0148uj\u00ed v\u00fdsuvn\u00e9 v\u00e1lce rychl\u00fd a efektivn\u00ed pohyb palet. To zkracuje dobu manipulace a zaji\u0161\u0165uje plynul\u00fd tok materi\u00e1lu v dodavatelsk\u00e9m \u0159et\u011bzci.<\/p>\n<h3>5. <strong>Staveni\u0161t\u011b<\/strong><\/h3>\n<p>Na staveni\u0161t\u00edch umo\u017e\u0148uj\u00ed tyto prodlu\u017eovac\u00ed v\u00e1lce vysokozdvi\u017en\u00fdm voz\u00edk\u016fm zved\u00e1n\u00ed a umis\u0165ov\u00e1n\u00ed t\u011b\u017ek\u00fdch materi\u00e1l\u016f, jako jsou nosn\u00edky a betonov\u00e9 bloky, do r\u016fzn\u00fdch v\u00fd\u0161ek. Jejich schopnost prodlou\u017eit dosah zvy\u0161uje bezpe\u010dnost a efektivitu p\u0159i manipulaci s velk\u00fdmi a t\u011b\u017ekop\u00e1dn\u00fdmi b\u0159emeny.<\/p>\n<p>Hled\u00e1te v\u00e1lce pro t\u011b\u017ek\u00e9 vysokozdvi\u017en\u00e9 voz\u00edky? Pod\u00edvejte se na na\u0161e <a href=\"https:\/\/www.hydraulic-cylinders.net\/cs\/forklift-hydraulic-cylinder\/\">Vysoce odoln\u00e9 hydraulick\u00e9 v\u00e1lce<\/a>.<\/p>\n<h2><strong>V\u00fdrobn\u00ed oblast v\u00e1lc\u016f pro vysokozdvi\u017en\u00e9 voz\u00edky:<\/strong><\/h2>\n<h2><img loading=\"lazy\" decoding=\"async\" class=\"alignnone size-full wp-image-16972\" src=\"https:\/\/www.hydraulic-cylinders.net\/wp-content\/uploads\/2025\/01\/hydraulic-cylinder-factory-1-scaled.webp\" sizes=\"(min-width: 0px) and (max-width: 480px) 480px, (min-width: 481px) and (max-width: 980px) 980px, (min-width: 981px) and (max-width: 1280px) 1280px, (min-width: 1281px) 2016px, 100vw\" srcset=\"https:\/\/www.hydraulic-cylinders.net\/wp-content\/uploads\/2025\/01\/hydraulic-cylinder-factory-1-scaled.webp 2016w, https:\/\/www.hydraulic-cylinders.net\/wp-content\/uploads\/2025\/01\/hydraulic-cylinder-factory-1-1280x1625.webp 1280w, https:\/\/www.hydraulic-cylinders.net\/wp-content\/uploads\/2025\/01\/hydraulic-cylinder-factory-1-980x1244.webp 980w, https:\/\/www.hydraulic-cylinders.net\/wp-content\/uploads\/2025\/01\/hydraulic-cylinder-factory-1-480x610.webp 480w\" alt=\"\" width=\"2016\" height=\"2560\" \/><\/h2>\n<p>Disponujeme prvot\u0159\u00eddn\u00ed nez\u00e1vislou v\u00fdzkumnou a v\u00fdvojovou platformou pro mont\u00e1\u017e. D\u00edlna na v\u00fdrobu v\u00e1lc\u016f pro vysokozdvi\u017en\u00e9 voz\u00edky m\u00e1 \u010dty\u0159i poloautomatick\u00e9 mont\u00e1\u017en\u00ed linky pro zdvihac\u00ed v\u00e1lce a pln\u011b automatickou mont\u00e1\u017en\u00ed linku pro nakl\u00e1p\u011bc\u00ed v\u00e1lce s projektovanou ro\u010dn\u00ed v\u00fdrobn\u00ed kapacitou milionu kus\u016f. D\u00edlna na speci\u00e1ln\u00ed v\u00e1lce m\u00e1 poloautomatick\u00e9 \u010distic\u00ed a mont\u00e1\u017en\u00ed syst\u00e9my r\u016fzn\u00fdch specifikac\u00ed s projektovanou ro\u010dn\u00ed v\u00fdrobn\u00ed kapacitou 200 000 kus\u016f. Je vybavena CNC obr\u00e1b\u011bc\u00edmi za\u0159\u00edzen\u00edmi zn\u00e1m\u00fdch zna\u010dek, obr\u00e1b\u011bc\u00edmi centry, speci\u00e1ln\u00edm za\u0159\u00edzen\u00edm pro vysoce p\u0159esn\u00e9 zpracov\u00e1n\u00ed v\u00e1lc\u016f, robotick\u00fdmi sva\u0159ovac\u00edmi stroji, automatick\u00fdmi \u010distic\u00edmi stroji, automatick\u00fdmi mont\u00e1\u017en\u00edmi stroji pro v\u00e1lce a automatick\u00fdmi linkami na v\u00fdrobu lak\u016f. M\u00e1me v provozu v\u00edce ne\u017e 300 sad kl\u00ed\u010dov\u00e9ho vybaven\u00ed. Optimalizovan\u00e9 rozd\u011blen\u00ed a efektivn\u00ed vyu\u017eit\u00ed zdroj\u016f za\u0159\u00edzen\u00ed zaji\u0161\u0165uje po\u017eadavky na p\u0159esnost v\u00fdrobk\u016f a spl\u0148uje vysok\u00e9 po\u017eadavky na kvalitu v\u00fdrobk\u016f.<\/p>\n<p>Obr\u00e1b\u011bc\u00ed d\u00edlna je vybavena zak\u00e1zkov\u011b vyroben\u00fdmi soustru\u017enick\u00fdmi centry s nakl\u00e1p\u011bc\u00edmi vodic\u00edmi kolejnicemi, obr\u00e1b\u011bc\u00edmi centry, vysokorychlostn\u00edmi honovac\u00edmi stroji, sva\u0159ovac\u00edmi roboty a dal\u0161\u00edm relevantn\u00edm za\u0159\u00edzen\u00edm, kter\u00e9 zvl\u00e1dne obr\u00e1b\u011bn\u00ed v\u00e1lcov\u00fdch trubek s maxim\u00e1ln\u00edm vnit\u0159n\u00edm pr\u016fm\u011brem 400 mm a maxim\u00e1ln\u00ed d\u00e9lkou 6 metr\u016f.<\/p>\n<h2><img loading=\"lazy\" decoding=\"async\" class=\"alignnone size-full wp-image-16973\" src=\"https:\/\/www.hydraulic-cylinders.net\/wp-content\/uploads\/2025\/01\/hydraulic-cylinder-factory-2-scaled.webp\" sizes=\"(min-width: 0px) and (max-width: 480px) 480px, (min-width: 481px) and (max-width: 980px) 980px, (min-width: 981px) and (max-width: 1280px) 1280px, (min-width: 1281px) 2011px, 100vw\" srcset=\"https:\/\/www.hydraulic-cylinders.net\/wp-content\/uploads\/2025\/01\/hydraulic-cylinder-factory-2-scaled.webp 2011w, https:\/\/www.hydraulic-cylinders.net\/wp-content\/uploads\/2025\/01\/hydraulic-cylinder-factory-2-1280x1629.webp 1280w, https:\/\/www.hydraulic-cylinders.net\/wp-content\/uploads\/2025\/01\/hydraulic-cylinder-factory-2-980x1248.webp 980w, https:\/\/www.hydraulic-cylinders.net\/wp-content\/uploads\/2025\/01\/hydraulic-cylinder-factory-2-480x611.webp 480w\" alt=\"\" width=\"2011\" height=\"2560\" \/><\/h2>\n<p>Disponujeme pln\u011b automatickou linkou na nan\u00e1\u0161en\u00ed barev na vodn\u00ed b\u00e1zi pro mal\u00e9 a st\u0159edn\u00ed v\u00e1lce, kter\u00e1 realizuje automatick\u00e9 nakl\u00e1d\u00e1n\u00ed a vykl\u00e1d\u00e1n\u00ed a automatick\u00e9 st\u0159\u00edkac\u00ed roboty s projektovanou v\u00fdrobn\u00ed kapacitou 4000 m\u00edst za sm\u011bnu. M\u00e1me dal\u0161\u00ed poloautomatickou lakovac\u00ed linku pro velk\u00e9 v\u00e1lce poh\u00e1n\u011bnou \u0159et\u011bzem s projektovanou kapacitou 60 p\u0159epravek za sm\u011bnu.<\/p>\n<p>Abychom d\u00e1le zlep\u0161ili v\u00fdkon na\u0161ich produkt\u016f a upevnili si vedouc\u00ed pozici na\u0161ich hydraulick\u00fdch v\u00e1lc\u016f v oboru, zalo\u017eili jsme spole\u010dn\u011b se spole\u010dnost\u00ed Zjimee Komplexn\u00ed laborato\u0159 pro hydraulick\u00e9 v\u00e1lce, hydraulick\u00e9 ventily a hydraulick\u00e1 \u010derpadla. Laborato\u0159 prov\u00e1d\u00ed po\u010d\u00edta\u010dov\u00e9 testov\u00e1n\u00ed s vyu\u017eit\u00edm elektrohydraulick\u00e9 technologie. Zku\u0161ebn\u00ed podm\u00ednky jsou p\u0159ednastaveny po\u010d\u00edta\u010dem, co\u017e zlep\u0161uje p\u0159esnost test\u016f a v\u0161estrannost syst\u00e9mu, a tak\u00e9 experiment\u00e1ln\u00ed data.<\/p>\n<p>Automatick\u00fd sb\u011br dat se prov\u00e1d\u00ed pomoc\u00ed senzor\u016f a v\u00fdstupn\u00ed data, jako je vnit\u0159n\u00ed net\u011bsnost a \u00fa\u010dinnost zat\u00ed\u017een\u00ed v\u00e1lce nebo ventilu, jsou p\u0159\u00edmo zpracov\u00e1v\u00e1na po\u010d\u00edta\u010dem a p\u0159ev\u00e1d\u011bna na standardn\u00ed jednotky (ml\/min%). Sou\u010dasn\u011b se pro zaji\u0161t\u011bn\u00ed bezpe\u010dnosti provozu hydraulick\u00e9ho syst\u00e9mu prov\u00e1d\u00ed monitorov\u00e1n\u00ed stavu kl\u00ed\u010dov\u00fdch v\u00fdkonnostn\u00edch parametr\u016f, jako je \u201emonitorov\u00e1n\u00ed teploty oleje, monitorov\u00e1n\u00ed hladiny kapaliny, monitorov\u00e1n\u00ed filtra\u010dn\u00edho za\u0159\u00edzen\u00ed\u201c atd. Zku\u0161ebn\u00ed stanice hydraulick\u00fdch v\u00e1lc\u016f mimo jin\u00e9 dok\u00e1\u017ee testovat v\u00fdkon \u201ez\u00e1t\u011b\u017ee\u201c.<br \/>\n\u00fa\u010dinnost \u201ea\u201c vnit\u0159n\u00ed net\u011bsnost\u201c nam\u011b\u0159en\u00fdmi hodnotami. Z\u00e1rove\u0148 je vybaven m\u011b\u0159ic\u00edm p\u0159\u00edstrojem s m\u0159\u00ed\u017ekov\u00fdm prav\u00edtkem, kter\u00fd spl\u0148uje po\u017eadavky v\u0161ech testovan\u00fdch polo\u017eek hydraulick\u00fdch v\u00e1lc\u016f dle n\u00e1rodn\u00ed normy.<\/p>","protected":false},"excerpt":{"rendered":"<p>Left and Right Forward Extension Cylinders for Forward Moving Forklift Left and right forward extension cylinders are vital components for forward moving forklifts, enhancing their operational efficiency and versatility. These hydraulic cylinders allow forklifts to extend their reach, making it easier to handle loads positioned at greater distances. By improving the forklift&#8217;s ability to maneuver [&hellip;]<\/p>","protected":false},"featured_media":17612,"comment_status":"open","ping_status":"closed","template":"","meta":{"_et_pb_use_builder":"","_et_pb_old_content":"","_et_gb_content_width":""},"product_brand":[],"product_cat":[1484,1550],"product_tag":[],"class_list":{"0":"post-17607","1":"product","2":"type-product","3":"status-publish","4":"has-post-thumbnail","6":"product_cat-forklift-hydraulic-cylinders","7":"product_cat-double-acting-hydraulic-cylinder","9":"first","10":"instock","11":"shipping-taxable","12":"product-type-simple"},"amp_enabled":true,"_links":{"self":[{"href":"https:\/\/www.hydraulic-cylinders.net\/cs\/wp-json\/wp\/v2\/product\/17607","targetHints":{"allow":["GET"]}}],"collection":[{"href":"https:\/\/www.hydraulic-cylinders.net\/cs\/wp-json\/wp\/v2\/product"}],"about":[{"href":"https:\/\/www.hydraulic-cylinders.net\/cs\/wp-json\/wp\/v2\/types\/product"}],"replies":[{"embeddable":true,"href":"https:\/\/www.hydraulic-cylinders.net\/cs\/wp-json\/wp\/v2\/comments?post=17607"}],"wp:featuredmedia":[{"embeddable":true,"href":"https:\/\/www.hydraulic-cylinders.net\/cs\/wp-json\/wp\/v2\/media\/17612"}],"wp:attachment":[{"href":"https:\/\/www.hydraulic-cylinders.net\/cs\/wp-json\/wp\/v2\/media?parent=17607"}],"wp:term":[{"taxonomy":"product_brand","embeddable":true,"href":"https:\/\/www.hydraulic-cylinders.net\/cs\/wp-json\/wp\/v2\/product_brand?post=17607"},{"taxonomy":"product_cat","embeddable":true,"href":"https:\/\/www.hydraulic-cylinders.net\/cs\/wp-json\/wp\/v2\/product_cat?post=17607"},{"taxonomy":"product_tag","embeddable":true,"href":"https:\/\/www.hydraulic-cylinders.net\/cs\/wp-json\/wp\/v2\/product_tag?post=17607"}],"curies":[{"name":"wp","href":"https:\/\/api.w.org\/{rel}","templated":true}]}}