{"id":1761,"date":"2023-10-13T05:50:50","date_gmt":"2023-10-13T05:50:50","guid":{"rendered":"https:\/\/hydraulic-cylinders.net\/?post_type=product&#038;p=1761"},"modified":"2025-04-15T05:55:24","modified_gmt":"2025-04-15T05:55:24","slug":"cutter-suction-dredger-inverted-pile-cylinder","status":"publish","type":"product","link":"https:\/\/www.hydraulic-cylinders.net\/cs\/produkt\/cutter-suction-dredger-inverted-pile-cylinder\/","title":{"rendered":"V\u00e1lec s obr\u00e1cen\u00fdm pilotov\u00fdm bagrem pro sac\u00ed bagr"},"content":{"rendered":"<h1 style=\"text-align: center;\"><strong>V\u00e1lec s obr\u00e1cen\u00fdm pilotov\u00fdm bagrem pro sac\u00ed bagr<\/strong><\/h1>\n<p><img loading=\"lazy\" decoding=\"async\" class=\"aligncenter wp-image-1763\" src=\"https:\/\/hydraulic-cylinders.net\/wp-content\/uploads\/2023\/10\/cutter-suction-dredger-inverted-pile-cylinder-1-300x300.webp\" alt=\"\" width=\"400\" height=\"400\" \/><\/p>\n<p>Inverzn\u00ed pilotov\u00fd v\u00e1lec pro sac\u00ed bagrovac\u00ed fr\u00e9zu je pr\u016flomov\u00e9 hydraulick\u00e9 za\u0159\u00edzen\u00ed, kter\u00e9 transformuje projekty n\u00e1mo\u0159n\u00ed v\u00fdstavby. D\u00edky sv\u00e9mu inovativn\u00edmu designu a v\u00fdjime\u010dn\u00e9mu v\u00fdkonu je tento v\u00e1lec kl\u00ed\u010dov\u00fd pro modern\u00ed bagrovac\u00ed operace.<\/p>\n<p>Inverzn\u00ed pilotov\u00fd v\u00e1lec pro sac\u00ed bagr zp\u016fsobil revoluci v n\u00e1mo\u0159n\u00edm stavebnictv\u00ed t\u00edm, \u017ee nab\u00edz\u00ed v\u00fdjime\u010dn\u00fd v\u00fdkon p\u0159i pilotov\u00fdch operac\u00edch. Jeho inverzn\u00ed konstrukce, vysok\u00e1 tlakov\u00e1 kapacita a odolnost proti korozi z n\u011bj \u010din\u00ed spolehliv\u00e9 a odoln\u00e9 hydraulick\u00e9 za\u0159\u00edzen\u00ed. Dodr\u017eov\u00e1n\u00edm spr\u00e1vn\u00fdch metod pou\u017e\u00edv\u00e1n\u00ed a prov\u00e1d\u011bn\u00edm pravideln\u00e9 \u00fadr\u017eby mohou odborn\u00edci na n\u00e1mo\u0159n\u00ed stavebnictv\u00ed maximalizovat efektivitu a p\u0159esnost sv\u00fdch projekt\u016f. Vyu\u017eijte s\u00edlu inverzn\u00edho pilotov\u00e9ho v\u00e1lce pro sac\u00ed bagr a za\u017eijte rozd\u00edl, kter\u00fd m\u016f\u017ee p\u0159in\u00e9st do va\u0161ich n\u00e1mo\u0159n\u00edch stavebn\u00edch aktivit.<\/p>\n<p>Kl\u00ed\u010dov\u00e9 vlastnosti v\u00e1lce s obr\u00e1cen\u00fdmi piloty pro sac\u00ed bagr:<\/p>\n<ul>\n<li>Obr\u00e1cen\u00e1 konstrukce: Obr\u00e1cen\u00fd pilotov\u00fd v\u00e1lec pro sac\u00ed bagr se py\u0161n\u00ed unik\u00e1tn\u00ed obr\u00e1cenou konfigurac\u00ed, kde p\u00edstnice vy\u010dn\u00edv\u00e1 z v\u00e1lce sm\u011brem dol\u016f. Tato konstrukce umo\u017e\u0148uje efektivn\u00ed a p\u0159esn\u00e9 pilotov\u00e9 operace v mo\u0159sk\u00e9m prost\u0159ed\u00ed.<\/li>\n<li>Vysokotlak\u00e1 kapacita: Tento v\u00e1lec je navr\u017een tak, aby odolal podm\u00ednk\u00e1m vysok\u00e9ho tlaku, a zajistil tak spolehliv\u00fd a robustn\u00ed v\u00fdkon i v n\u00e1ro\u010dn\u00fdch projektech n\u00e1mo\u0159n\u00ed v\u00fdstavby. Dod\u00e1v\u00e1 v\u00fdkon a s\u00edlu pot\u0159ebnou k zatlouk\u00e1n\u00ed pilot do mo\u0159sk\u00e9ho dna s v\u00fdjime\u010dnou p\u0159esnost\u00ed.<\/li>\n<li>Odolnost proti korozi: V\u00e1lec s obr\u00e1cen\u00fdmi piloty je vyroben z vysoce kvalitn\u00edch materi\u00e1l\u016f a vykazuje vynikaj\u00edc\u00ed odolnost v\u016f\u010di korozi, rzi a od\u011bru. Tato vlastnost zvy\u0161uje jeho trvanlivost, d\u00edky \u010demu\u017e je vhodn\u00fd pro dlouhodob\u00e9 pou\u017e\u00edv\u00e1n\u00ed v n\u00e1ro\u010dn\u00fdch n\u00e1mo\u0159n\u00edch podm\u00ednk\u00e1ch.<\/li>\n<\/ul>\n<h2><strong>Parametr v\u00e1lce s obr\u00e1cenou pilotou sac\u00edho bagru \u0159eza\u010dky:<\/strong><\/h2>\n<table border=\"1\" cellspacing=\"0\" cellpadding=\"0\">\n<tbody>\n<tr>\n<td>N\u00e1zev produktu<\/td>\n<td>V\u00e1lec s obr\u00e1cen\u00fdm pilotov\u00fdm bagrem pro sac\u00ed bagr<\/td>\n<\/tr>\n<tr>\n<td>Vlastnosti:<\/td>\n<td>Zajist\u011bte tla\u010dnou a ta\u017enou s\u00edlu pro zasouv\u00e1n\u00ed a rozkl\u00e1d\u00e1n\u00ed ocelov\u00e9 piloty<\/td>\n<\/tr>\n<tr>\n<td>Pr\u016fm\u011br otvoru:<\/td>\n<td>A\u017e 620 mm<\/td>\n<\/tr>\n<tr>\n<td>Pr\u016fm\u011br ty\u010de:<\/td>\n<td>A\u017e 360 mm<br \/>\nZdvih a\u017e 5200 mm<\/td>\n<\/tr>\n<tr>\n<td>Tlak:<\/td>\n<td>a\u017e 32 MPa<\/td>\n<\/tr>\n<tr>\n<td>Tahov\u00e1 s\u00edla:<\/td>\n<td>Maxim\u00e1ln\u011b 7500 kN<\/td>\n<\/tr>\n<tr>\n<td>Ta\u017en\u00e1 s\u00edla:<\/td>\n<td>Maxim\u00e1ln\u011b 5000 kN<\/td>\n<\/tr>\n<tr>\n<td>Aplikace:<\/td>\n<td>Sac\u00ed bagr Cutter<\/td>\n<\/tr>\n<\/tbody>\n<\/table>\n<div><\/div>\n<div>\n<div class=\"txtboxL\">Vlastnosti:<\/div>\n<div class=\"txtboxR\">Zajist\u011bte tla\u010dnou a ta\u017enou s\u00edlu pro zasouv\u00e1n\u00ed a rozkl\u00e1d\u00e1n\u00ed ocelov\u00e9 piloty<\/div>\n<div class=\"txtboxL\">Specifikace:<\/div>\n<div class=\"txtboxR\">Pr\u016fm\u011br otvoru: a\u017e 620 mm<br \/>\nPr\u016fm\u011br ty\u010de: a\u017e 360 mm<br \/>\nZdvih a\u017e 5200 mm<\/div>\n<div class=\"txtboxL\">Tlak:<\/div>\n<div class=\"txtboxR\">a\u017e 32 MPa<\/div>\n<div class=\"txtboxL\">Tahov\u00e1 s\u00edla:<\/div>\n<div class=\"txtboxR\">Maxim\u00e1ln\u011b 7500 kN<\/div>\n<div class=\"txtboxL\">Ta\u017en\u00e1 s\u00edla:<\/div>\n<div class=\"txtboxR\">Maxim\u00e1ln\u011b 5000 kN<\/div>\n<\/div>\n<h2><strong>Pou\u017eit\u00ed sac\u00edch v\u00e1lc\u016f pro \u0159eza\u010dky n\u00e1dr\u017e\u00ed bagr\u016f:<\/strong><\/h2>\n<p><img loading=\"lazy\" decoding=\"async\" class=\"alignnone wp-image-1757 size-full\" src=\"https:\/\/hydraulic-cylinders.net\/wp-content\/uploads\/2023\/10\/dredger-tank-cylinder-1.webp\" alt=\"\" width=\"600\" height=\"400\" srcset=\"https:\/\/hydraulic-cylinders.net\/wp-content\/uploads\/2023\/10\/dredger-tank-cylinder-1.webp 600w, https:\/\/hydraulic-cylinders.net\/wp-content\/uploads\/2023\/10\/dredger-tank-cylinder-1-480x320.webp 480w\" sizes=\"(min-width: 0px) and (max-width: 480px) 480px, (min-width: 481px) 600px, 100vw\" \/><\/p>\n<h2><strong>Zp\u016fsob pou\u017eit\u00ed v\u00e1lce s obr\u00e1cenou pilotou sac\u00edho bagru \u0159eza\u010dky<\/strong><strong>:<\/strong><\/h2>\n<ul>\n<li><strong>P\u0159\u00edprava:<\/strong> P\u0159ed pou\u017eit\u00edm v\u00e1lce s obr\u00e1cenou pilotou pro sac\u00ed bagr se ujist\u011bte, \u017ee jsou p\u0159ijata v\u0161echna bezpe\u010dnostn\u00ed opat\u0159en\u00ed. Prove\u010fte vizu\u00e1ln\u00ed kontrolu, abyste ov\u011b\u0159ili, zda jsou v\u00e1lec a jeho sou\u010d\u00e1sti v dobr\u00e9m stavu, bez zn\u00e1mek po\u0161kozen\u00ed nebo net\u011bsnost\u00ed.<\/li>\n<li><strong>Um\u00edst\u011bn\u00ed:<\/strong> Um\u00edst\u011bte v\u00e1lec na po\u017eadovan\u00e9 m\u00edsto pro piloty. Ujist\u011bte se, \u017ee je bezpe\u010dn\u011b p\u0159ipevn\u011bn k bagru nebo jin\u00e9mu za\u0159\u00edzen\u00ed, co\u017e zaji\u0161\u0165uje stabilitu a oporu b\u011bhem provozu.<\/li>\n<li><strong>Spojen\u00ed:<\/strong> P\u0159ipojte hydraulick\u00e9 hadice nebo armatury k p\u0159\u00edslu\u0161n\u00fdm otvor\u016fm na v\u00e1lci a zdroji hydraulick\u00e9 energie. Ujist\u011bte se, \u017ee jsou spoje bezpe\u010dn\u00e9, bez \u00fanik\u016f a spr\u00e1vn\u011b zarovnan\u00e9.<\/li>\n<li><strong>Nastaven\u00ed d\u00e9lky zdvihu:<\/strong> Adjust the stroke length of the cylinder according to the required piling depth. This can typically be done using the controls or mechanisms provided. Follow the manufacturer&#8217;s instructions to ensure precise adjustment.<\/li>\n<li><strong>Pilotn\u00ed operace:<\/strong> Aktivujte hydraulick\u00fd zdroj energie pro zah\u00e1jen\u00ed pilotov\u00e1n\u00ed. Obr\u00e1cen\u00fd v\u00e1lec sac\u00edho bagru pro piloty vyvine kontrolovanou s\u00edlu k zatla\u010den\u00ed pilot do mo\u0159sk\u00e9ho dna. Pe\u010dliv\u011b sledujte proces a ujist\u011bte se, \u017ee je dosa\u017eeno po\u017eadovan\u00e9 hloubky a p\u0159esnosti.<\/li>\n<\/ul>\n<h2><strong>Jak vym\u011bnit t\u011bsn\u011bn\u00ed na hydraulick\u00e9m v\u00e1lci?<\/strong><\/h2>\n<p>Replacing seals on a hydraulic cylinder is a common maintenance task that helps restore its performance and prevent leaks. Here&#8217;s a step-by-step guide on how to replace seals on a hydraulic cylinder:<\/p>\n<ol>\n<li><strong>Bezpe\u010dnostn\u00ed opat\u0159en\u00ed:<\/strong>\n<ul>\n<li>Ujist\u011bte se, \u017ee hydraulick\u00fd syst\u00e9m je bez tlaku a v\u00e1lec je zcela vysunut\u00fd.<\/li>\n<li>Dodr\u017eujte spr\u00e1vn\u00e9 postupy pro blokov\u00e1n\u00ed\/ozna\u010dov\u00e1n\u00ed, abyste zabr\u00e1nili n\u00e1hodn\u00e9 aktivaci syst\u00e9mu.<\/li>\n<\/ul>\n<\/li>\n<li><strong>Demont\u00e1\u017e v\u00e1lce:<\/strong>\n<ul>\n<li>Odpojte v\u0161echny hydraulick\u00e9 hadice nebo armatury p\u0159ipojen\u00e9 k v\u00e1lci.<\/li>\n<li>Odstra\u0148te v\u0161echny pojistn\u00e9 kol\u00edky nebo \u0161rouby, kter\u00e9 upev\u0148uj\u00ed v\u00e1lec k za\u0159\u00edzen\u00ed.<\/li>\n<li>Opatrn\u011b vysu\u0148te nebo vyjm\u011bte v\u00e1lec z jeho mont\u00e1\u017en\u00edch konzol nebo spoj\u016f.<\/li>\n<\/ul>\n<\/li>\n<li><strong>Identifikace t\u011bsn\u011bn\u00ed:<\/strong>\n<ul>\n<li>Identify the types and sizes of the seals that need replacement. This information can be found in the cylinder&#8217;s documentation or by measuring the old seals.<\/li>\n<\/ul>\n<\/li>\n<li><strong>Demont\u00e1\u017e:<\/strong>\n<ul>\n<li>Um\u00edst\u011bte v\u00e1lec na \u010distou pracovn\u00ed plochu.<\/li>\n<li>Odstra\u0148te koncovku (uz\u00e1v\u011bry) v\u00e1lce pomoc\u00ed vhodn\u00e9ho n\u00e1\u0159ad\u00ed, jako jsou kl\u00ed\u010de nebo sady n\u00e1str\u010dn\u00fdch kl\u00ed\u010d\u016f.<\/li>\n<li>Opatrn\u011b vyjm\u011bte p\u00edst, ty\u010d a star\u00e1 t\u011bsn\u011bn\u00ed z v\u00e1lce v\u00e1lce.<\/li>\n<li>P\u0159i demont\u00e1\u017ei si v\u0161\u00edmejte po\u0159ad\u00ed a orientace sou\u010d\u00e1st\u00ed.<\/li>\n<\/ul>\n<\/li>\n<li><strong>Odstran\u011bn\u00ed t\u011bsn\u011bn\u00ed:<\/strong>\n<ul>\n<li>Star\u00e1 t\u011bsn\u011bn\u00ed opatrn\u011b odstra\u0148te z p\u0159\u00edslu\u0161n\u00fdch dr\u00e1\u017eek pomoc\u00ed n\u00e1stroj\u016f na odstra\u0148ov\u00e1n\u00ed t\u011bsn\u011bn\u00ed nebo \u0161pejl\u00ed.<\/li>\n<li>B\u011bhem tohoto procesu bu\u010fte opatrn\u00ed, abyste nepo\u0161kodili v\u00fdvrt v\u00e1lce ani jin\u00e9 povrchy.<\/li>\n<\/ul>\n<\/li>\n<li><strong>\u010ci\u0161t\u011bn\u00ed a kontrola:<\/strong>\n<ul>\n<li>Vy\u010dist\u011bte v\u00e1lec v\u00e1lce, p\u00edst, ty\u010d a dal\u0161\u00ed sou\u010d\u00e1sti vhodn\u00fdm \u010distic\u00edm prost\u0159edkem, abyste odstranili ne\u010distoty, \u00falomky a zbytky hydraulick\u00e9 kapaliny.<\/li>\n<li>Zkontrolujte v\u0161echny d\u00edly, zda nevykazuj\u00ed zn\u00e1mky po\u0161kozen\u00ed nebo opot\u0159eben\u00ed, jako jsou r\u00fdhy, d\u016flky nebo praskliny.<\/li>\n<li>V p\u0159\u00edpad\u011b pot\u0159eby vym\u011b\u0148te v\u0161echny po\u0161kozen\u00e9 nebo opot\u0159ebovan\u00e9 sou\u010d\u00e1sti.<\/li>\n<\/ul>\n<\/li>\n<li><strong>Instalace nov\u00e9ho t\u011bsn\u011bn\u00ed:<\/strong>\n<ul>\n<li>P\u0159ed instalac\u00ed nama\u017ete nov\u00e1 t\u011bsn\u011bn\u00ed hydraulick\u00fdm olejem.<\/li>\n<li>Opatrn\u011b vlo\u017ete nov\u00e1 t\u011bsn\u011bn\u00ed do p\u0159\u00edslu\u0161n\u00fdch dr\u00e1\u017eek a ujist\u011bte se, \u017ee jsou spr\u00e1vn\u011b usazena.<\/li>\n<li>Pro rovnom\u011brn\u00e9 p\u0159itla\u010den\u00ed t\u011bsn\u011bn\u00ed na m\u00edsto pou\u017eijte n\u00e1stroje pro instalaci t\u011bsn\u011bn\u00ed nebo vhodn\u00e9 improvizovan\u00e9 metody.<\/li>\n<li>B\u011bhem instalace bu\u010fte opatrn\u00ed, abyste nepo\u0161kodili t\u011bsn\u011bn\u00ed.<\/li>\n<\/ul>\n<\/li>\n<li><strong>Znovusemont\u00e1\u017e:<\/strong>\n<ul>\n<li>Nainstalujte p\u00edst, ty\u010d a t\u011bsn\u011bn\u00ed zp\u011bt do v\u00e1lce, dodr\u017eujte spr\u00e1vn\u00e9 po\u0159ad\u00ed a orientaci.<\/li>\n<li>Naneste tenkou vrstvu hydraulick\u00e9ho oleje na t\u011bsn\u011bn\u00ed a dal\u0161\u00ed kontaktn\u00ed plochy.<\/li>\n<li>Carefully reattach the end cap(s) and tighten them securely to the manufacturer&#8217;s specifications.<\/li>\n<li>Ujist\u011bte se, \u017ee v\u0161echny z\u00e1vitov\u00e9 spoje jsou spr\u00e1vn\u011b zarovn\u00e1ny a uta\u017eeny.<\/li>\n<\/ul>\n<\/li>\n<li><strong>Op\u011btovn\u00e1 instalace v\u00e1lce:<\/strong>\n<ul>\n<li>Zasu\u0148te nebo vsu\u0148te znovu sestaven\u00fd v\u00e1lec zp\u011bt do jeho mont\u00e1\u017en\u00edch konzol nebo spoj\u016f.<\/li>\n<li>Znovu nasa\u010fte v\u0161echny pojistn\u00e9 kol\u00edky nebo \u0161rouby, abyste v\u00e1lec zajistili na m\u00edst\u011b.<\/li>\n<li>Znovu p\u0159ipojte hydraulick\u00e9 hadice nebo armatury k v\u00e1lci a zajist\u011bte spr\u00e1vn\u00e9 vyrovn\u00e1n\u00ed a t\u011bsnost.<\/li>\n<\/ul>\n<\/li>\n<li><strong>Testov\u00e1n\u00ed a inspekce:<\/strong>\n<ul>\n<li>Znovu natlakujte hydraulick\u00fd syst\u00e9m a zkontrolujte, zda nedoch\u00e1z\u00ed k net\u011bsnostem nebo zda nedoch\u00e1z\u00ed k abnorm\u00e1ln\u00edmu provozu.<\/li>\n<li>Pro zaji\u0161t\u011bn\u00ed plynul\u00e9ho pohybu a spr\u00e1vn\u00e9 funkce v\u00e1lec zcela vysu\u0148te a zasu\u0148te.<\/li>\n<li>Zkontrolujte v\u00e1lec a jeho p\u0159ipojen\u00ed, zda nevykazuj\u00ed zn\u00e1mky net\u011bsnosti nebo jin\u00e9 probl\u00e9my.<\/li>\n<\/ul>\n<\/li>\n<\/ol>\n<h2><strong>Schopnosti a kapacita tov\u00e1rny:<\/strong><\/h2>\n<h3>(1) Mont\u00e1\u017e<\/h3>\n<p>Disponujeme prvot\u0159\u00eddn\u00ed nez\u00e1vislou v\u00fdzkumnou a v\u00fdvojovou mont\u00e1\u017en\u00ed platformou. D\u00edlna na v\u00fdrobu hydraulick\u00fdch v\u00e1lc\u016f m\u00e1 \u010dty\u0159i poloautomatick\u00e9 mont\u00e1\u017en\u00ed linky pro zvedac\u00ed v\u00e1lce a jednu automatickou mont\u00e1\u017en\u00ed linku pro nakl\u00e1p\u011bc\u00ed v\u00e1lce s projektovanou ro\u010dn\u00ed v\u00fdrobn\u00ed kapacitou 1 milion kus\u016f. D\u00edlna na speci\u00e1ln\u00ed v\u00e1lce je vybavena poloautomatick\u00fdm \u010distic\u00edm mont\u00e1\u017en\u00edm syst\u00e9mem s r\u016fzn\u00fdmi specifikacemi a projektovanou ro\u010dn\u00ed v\u00fdrobn\u00ed kapacitou 200 000 kus\u016f a je vybavena zn\u00e1m\u00fdm CNC obr\u00e1b\u011bc\u00edm za\u0159\u00edzen\u00edm, obr\u00e1b\u011bc\u00edm centrem, vysoce p\u0159esn\u00fdm speci\u00e1ln\u00edm za\u0159\u00edzen\u00edm pro zpracov\u00e1n\u00ed v\u00e1lc\u016f, robotick\u00fdm sva\u0159ovac\u00edm strojem, automatick\u00fdm \u010distic\u00edm strojem, automatick\u00fdm mont\u00e1\u017en\u00edm strojem pro v\u00e1lce a automatickou lakovac\u00ed v\u00fdrobn\u00ed linkou. St\u00e1vaj\u00edc\u00ed kritick\u00e9 vybaven\u00ed m\u00e1 v\u00edce ne\u017e 300 sad. Optim\u00e1ln\u00ed alokace a efektivn\u00ed vyu\u017eit\u00ed zdroj\u016f za\u0159\u00edzen\u00ed zaji\u0161\u0165uje po\u017eadavky na p\u0159esnost v\u00fdrobk\u016f a spl\u0148uje po\u017eadavky na vysokou kvalitu v\u00fdrobk\u016f.<\/p>\n<p><img loading=\"lazy\" decoding=\"async\" class=\"alignnone wp-image-626\" src=\"https:\/\/hydraulic-cylinders.net\/wp-content\/uploads\/2023\/08\/hydraulic-cylinder-product-1-300x158.webp\" alt=\"\" width=\"495\" height=\"260\" srcset=\"https:\/\/hydraulic-cylinders.net\/wp-content\/uploads\/2023\/08\/hydraulic-cylinder-product-1-300x158.webp 495w, https:\/\/hydraulic-cylinders.net\/wp-content\/uploads\/2023\/08\/hydraulic-cylinder-product-1-480x252.webp 480w\" sizes=\"(min-width: 0px) and (max-width: 480px) 480px, (min-width: 481px) 495px, 100vw\" \/> <img loading=\"lazy\" decoding=\"async\" class=\"alignnone wp-image-627\" src=\"https:\/\/hydraulic-cylinders.net\/wp-content\/uploads\/2023\/08\/hydraulic-cylinder-product-2-300x189.webp\" alt=\"\" width=\"413\" height=\"260\" \/><\/p>\n<h3>(2) Obr\u00e1b\u011bn\u00ed<\/h3>\n<p>Obrobna je vybavena zak\u00e1zkov\u00fdm soustru\u017enick\u00fdm centrem pro \u0161ikm\u00e9 kolejnice, obr\u00e1b\u011bc\u00edm centrem, vysokorychlostn\u00edm honovac\u00edm strojem, sva\u0159ovac\u00edm robotem a dal\u0161\u00edm souvisej\u00edc\u00edm za\u0159\u00edzen\u00edm, kter\u00e9 zvl\u00e1dne obr\u00e1b\u011bn\u00ed v\u00e1lcov\u00fdch trubek s maxim\u00e1ln\u00edm vnit\u0159n\u00edm pr\u016fm\u011brem 400 mm a maxim\u00e1ln\u00ed d\u00e9lkou 6 metr\u016f.<\/p>\n<p><img loading=\"lazy\" decoding=\"async\" class=\"alignnone wp-image-628 size-large\" src=\"https:\/\/hydraulic-cylinders.net\/wp-content\/uploads\/2023\/08\/hydraulic-cylinder-product-3-1024x391.webp\" alt=\"\" width=\"1024\" height=\"391\" srcset=\"https:\/\/hydraulic-cylinders.net\/wp-content\/uploads\/2023\/08\/hydraulic-cylinder-product-3-980x374.webp 980w, https:\/\/hydraulic-cylinders.net\/wp-content\/uploads\/2023\/08\/hydraulic-cylinder-product-3-480x183.webp 480w\" sizes=\"(min-width: 0px) and (max-width: 480px) 480px, (min-width: 481px) and (max-width: 980px) 980px, (min-width: 981px) 1024px, 100vw\" \/><\/p>\n<h3>(3) Sva\u0159ov\u00e1n\u00ed<\/h3>\n<p><img loading=\"lazy\" decoding=\"async\" class=\"alignnone wp-image-629 size-large\" src=\"https:\/\/hydraulic-cylinders.net\/wp-content\/uploads\/2023\/08\/hydraulic-cylinder-product-4-1024x510.webp\" alt=\"\" width=\"1024\" height=\"510\" srcset=\"https:\/\/hydraulic-cylinders.net\/wp-content\/uploads\/2023\/08\/hydraulic-cylinder-product-4-980x488.webp 980w, https:\/\/hydraulic-cylinders.net\/wp-content\/uploads\/2023\/08\/hydraulic-cylinder-product-4-480x239.webp 480w\" sizes=\"(min-width: 0px) and (max-width: 480px) 480px, (min-width: 481px) and (max-width: 980px) 980px, (min-width: 981px) 1024px, 100vw\" \/><\/p>\n<h3>(4) Lakov\u00e1n\u00ed a n\u00e1t\u011bry<\/h3>\n<p>S mal\u00fdmi a st\u0159edn\u00edmi v\u00e1lcov\u00fdmi automatick\u00fdmi linkami na nan\u00e1\u0161en\u00ed barev na vodn\u00ed b\u00e1zi, pro dosa\u017een\u00ed automatick\u00e9ho robotick\u00e9ho nakl\u00e1d\u00e1n\u00ed a vykl\u00e1d\u00e1n\u00ed a automatick\u00e9ho st\u0159\u00edk\u00e1n\u00ed, je konstruk\u010dn\u00ed kapacita 4000 kus\u016f za sm\u011bnu;<br \/>\nM\u00e1me tak\u00e9 poloautomatickou linku na v\u00fdrobu barev pro velk\u00e9 tlakov\u00e9 lahve poh\u00e1n\u011bn\u00e9 \u0159et\u011bzem s konstruk\u010dn\u00ed kapacitou 60 lahv\u00ed za sm\u011bnu.<\/p>\n<p><img loading=\"lazy\" decoding=\"async\" class=\"alignnone wp-image-630\" src=\"https:\/\/hydraulic-cylinders.net\/wp-content\/uploads\/2023\/08\/hydraulic-cylinder-product-5-300x213.webp\" alt=\"\" width=\"366\" height=\"260\" \/> <img loading=\"lazy\" decoding=\"async\" class=\"alignnone wp-image-631\" src=\"https:\/\/hydraulic-cylinders.net\/wp-content\/uploads\/2023\/08\/hydraulic-cylinder-product-6-300x225.webp\" alt=\"\" width=\"347\" height=\"260\" \/><\/p>\n<h3>(5) Testov\u00e1n\u00ed<\/h3>\n<p>Disponujeme prvot\u0159\u00eddn\u00edmi inspek\u010dn\u00edmi za\u0159\u00edzen\u00edmi a zku\u0161ebn\u00edmi laborato\u0159emi, abychom zajistili, \u017ee v\u00fdkon v\u00e1lce spl\u0148uje po\u017eadavky.<\/p>\n<p><img loading=\"lazy\" decoding=\"async\" class=\"alignnone wp-image-632\" src=\"https:\/\/hydraulic-cylinders.net\/wp-content\/uploads\/2023\/08\/hydraulic-cylinder-product-8-300x200.webp\" alt=\"\" width=\"389\" height=\"260\" \/><\/p>\n<p>&nbsp;<\/p>\n<p>&nbsp;<\/p>\n<p>Jsme jedn\u00edm z nejlep\u0161\u00edch v\u00fdrobc\u016f hydraulick\u00fdch v\u00e1lc\u016f. Nab\u00edz\u00edme komplexn\u00ed hydraulick\u00e9 v\u00e1lce. Dod\u00e1v\u00e1me tak\u00e9 odpov\u00eddaj\u00edc\u00ed <a href=\"https:\/\/hzpt.com\/agricultural-pto-gearbox\/\" target=\"_blank\" rel=\"noopener\">zem\u011bd\u011blsk\u00e9 p\u0159evodovky<\/a>Na\u0161e v\u00fdrobky jsme exportovali klient\u016fm po cel\u00e9m sv\u011bt\u011b a d\u00edky vynikaj\u00edc\u00ed kvalit\u011b v\u00fdrobk\u016f a poprodejn\u00edmu servisu jsme si z\u00edskali dobrou pov\u011bst. V\u00edt\u00e1me z\u00e1kazn\u00edky doma i v zahrani\u010d\u00ed, kte\u0159\u00ed n\u00e1s kontaktuj\u00ed za \u00fa\u010delem vyjedn\u00e1v\u00e1n\u00ed obchodn\u00edch p\u0159\u00edle\u017eitost\u00ed, v\u00fdm\u011bny informac\u00ed a <a href=\"https:\/\/www.hydraulic-cylinders.net\/cs\/contact-us\/\">spolupracujte s n\u00e1mi<\/a>!<\/p>","protected":false},"excerpt":{"rendered":"<p>Cutter Suction Dredger Inverted Pile Cylinder The cutter suction dredger inverted pile cylinder is a groundbreaking hydraulic device transforming marine construction projects. With its innovative design and exceptional performance, this cylinder is crucial to modern dredging operations. The cutter suction dredger inverted pile cylinder has revolutionized marine construction by offering exceptional performance in piling operations. [&hellip;]<\/p>","protected":false},"featured_media":1764,"comment_status":"open","ping_status":"closed","template":"","meta":{"_et_pb_use_builder":"","_et_pb_old_content":"","_et_gb_content_width":""},"product_brand":[],"product_cat":[1535,1549,1552,1376],"product_tag":[1380],"class_list":{"0":"post-1761","1":"product","2":"type-product","3":"status-publish","4":"has-post-thumbnail","6":"product_cat-dredger-hydraulic-cylinders","7":"product_cat-single-acting-hydraulic-cylinder","8":"product_cat-stainless-steel-hydraulic-cylinder","9":"product_cat-hydraulic-cylinder","10":"product_tag-hydraulic-cylinder","12":"first","13":"instock","14":"shipping-taxable","15":"product-type-simple"},"amp_enabled":true,"_links":{"self":[{"href":"https:\/\/www.hydraulic-cylinders.net\/cs\/wp-json\/wp\/v2\/product\/1761","targetHints":{"allow":["GET"]}}],"collection":[{"href":"https:\/\/www.hydraulic-cylinders.net\/cs\/wp-json\/wp\/v2\/product"}],"about":[{"href":"https:\/\/www.hydraulic-cylinders.net\/cs\/wp-json\/wp\/v2\/types\/product"}],"replies":[{"embeddable":true,"href":"https:\/\/www.hydraulic-cylinders.net\/cs\/wp-json\/wp\/v2\/comments?post=1761"}],"wp:featuredmedia":[{"embeddable":true,"href":"https:\/\/www.hydraulic-cylinders.net\/cs\/wp-json\/wp\/v2\/media\/1764"}],"wp:attachment":[{"href":"https:\/\/www.hydraulic-cylinders.net\/cs\/wp-json\/wp\/v2\/media?parent=1761"}],"wp:term":[{"taxonomy":"product_brand","embeddable":true,"href":"https:\/\/www.hydraulic-cylinders.net\/cs\/wp-json\/wp\/v2\/product_brand?post=1761"},{"taxonomy":"product_cat","embeddable":true,"href":"https:\/\/www.hydraulic-cylinders.net\/cs\/wp-json\/wp\/v2\/product_cat?post=1761"},{"taxonomy":"product_tag","embeddable":true,"href":"https:\/\/www.hydraulic-cylinders.net\/cs\/wp-json\/wp\/v2\/product_tag?post=1761"}],"curies":[{"name":"wp","href":"https:\/\/api.w.org\/{rel}","templated":true}]}}