{"id":1772,"date":"2023-10-13T06:29:47","date_gmt":"2023-10-13T06:29:47","guid":{"rendered":"https:\/\/hydraulic-cylinders.net\/?post_type=product&#038;p=1772"},"modified":"2025-04-15T05:54:57","modified_gmt":"2025-04-15T05:54:57","slug":"trailing-suction-dredger-mud-door-cylinder","status":"publish","type":"product","link":"https:\/\/www.hydraulic-cylinders.net\/cs\/produkt\/trailing-suction-dredger-mud-door-cylinder\/","title":{"rendered":"V\u00e1lec bahenn\u00edch dve\u0159\u00ed pro vle\u010dn\u00e9 sac\u00ed bagr"},"content":{"rendered":"<h1 style=\"text-align: center;\"><strong>V\u00e1lec bahenn\u00edch dve\u0159\u00ed pro vle\u010dn\u00e9 sac\u00ed bagr<\/strong><\/h1>\n<h1 style=\"text-align: center;\"><strong><img loading=\"lazy\" decoding=\"async\" class=\"alignnone wp-image-1774\" src=\"https:\/\/hydraulic-cylinders.net\/wp-content\/uploads\/2023\/10\/trailing-suction-dredger-mud-door-cylinder-1-1-300x300.webp\" alt=\"\" width=\"400\" height=\"400\" \/><\/strong><\/h1>\n<p>V\u00e1lec kalov\u00fdch dv\u00ed\u0159ek ta\u017een\u00e9ho sac\u00edho bagru je kl\u00ed\u010dovou hydraulickou sou\u010d\u00e1st\u00ed navr\u017eenou pro zlep\u0161en\u00ed \u00fa\u010dinnosti a \u00fa\u010dinnosti bagrovac\u00edch operac\u00ed. Tento v\u00e1lec hraje kl\u00ed\u010dovou roli v \u0159\u00edzen\u00ed otev\u00edr\u00e1n\u00ed a zav\u00edr\u00e1n\u00ed kalov\u00fdch dv\u00ed\u0159ek a zaji\u0161\u0165uje tak bezprobl\u00e9mov\u00e9 nas\u00e1v\u00e1n\u00ed a vypou\u0161t\u011bn\u00ed sediment\u016f.<\/p>\n<p>V\u00e1lec kalov\u00fdch dv\u00ed\u0159ek pro ta\u017een\u00fd sac\u00ed bagr je kl\u00ed\u010dovou sou\u010d\u00e1st\u00ed pro optimalizaci efektivity a produktivity bagrovac\u00edch operac\u00ed. D\u00edky sv\u00e9 robustn\u00ed konstrukci, p\u0159esn\u00e9mu ovl\u00e1d\u00e1n\u00ed a bezpe\u010dn\u00e9mu uzav\u0159en\u00ed zaji\u0161\u0165uje tento hydraulick\u00fd v\u00e1lec bezprobl\u00e9mov\u00e9 nas\u00e1v\u00e1n\u00ed a vypou\u0161t\u011bn\u00ed sediment\u016f, \u010d\u00edm\u017e zvy\u0161uje celkovou efektivitu bagrov\u00e1n\u00ed. Dodr\u017eov\u00e1n\u00edm spr\u00e1vn\u00fdch metod pou\u017e\u00edv\u00e1n\u00ed a pravideln\u00fdch postup\u016f \u00fadr\u017eby mohou odborn\u00edci na bagrov\u00e1n\u00ed maximalizovat v\u00fdkon a \u017eivotnost tohoto v\u00fdjime\u010dn\u00e9ho produktu. Vyu\u017eijte s\u00edlu v\u00e1lce kalov\u00fdch dv\u00ed\u0159ek pro ta\u017een\u00fd sac\u00ed bagr a za\u017eijte rozd\u00edl, kter\u00fd m\u016f\u017ee p\u0159in\u00e9st do va\u0161ich bagrovac\u00edch aktivit.<\/p>\n<p>Kl\u00ed\u010dov\u00e9 vlastnosti v\u00e1lce pro kalov\u00e9 dve\u0159e ta\u017een\u00e9ho sac\u00edho bagru:<\/p>\n<ol>\n<li>Robustn\u00ed konstrukce:<\/li>\n<\/ol>\n<ul>\n<li>V\u00e1lec bahenn\u00edch dve\u0159\u00ed je vyroben z vysoce kvalitn\u00edch materi\u00e1l\u016f, co\u017e zaru\u010duje odolnost a dlouhou \u017eivotnost i v n\u00e1ro\u010dn\u00fdch bagrovac\u00edch podm\u00ednk\u00e1ch.<br \/>\nJe navr\u017een tak, aby odolal vysok\u00fdm tlak\u016fm, drsn\u00e9mu prost\u0159ed\u00ed a neust\u00e1l\u00e9mu pou\u017e\u00edv\u00e1n\u00ed a udr\u017eoval si konzistentn\u00ed v\u00fdkon b\u011bhem bagrovac\u00edch operac\u00ed.<\/li>\n<\/ul>\n<ol start=\"2\">\n<li>Plynul\u00fd provoz:<\/li>\n<\/ol>\n<ul>\n<li>Tento v\u00e1lec nab\u00edz\u00ed plynul\u00fd a p\u0159esn\u00fd chod, co\u017e umo\u017e\u0148uje efektivn\u00ed ovl\u00e1d\u00e1n\u00ed a nastaven\u00ed mechanism\u016f otev\u00edr\u00e1n\u00ed a zav\u00edr\u00e1n\u00ed blatn\u00edk\u016f.<\/li>\n<li>Zaji\u0161\u0165uje spolehliv\u00e9 a p\u0159esn\u00e9 um\u00edst\u011bn\u00ed bahenn\u00edch dv\u00ed\u0159ek, co\u017e usnad\u0148uje optim\u00e1ln\u00ed bagrovac\u00ed v\u00fdkon.<\/li>\n<\/ul>\n<ol start=\"3\">\n<li>V\u00fdkonn\u00e9 ovl\u00e1d\u00e1n\u00ed:<\/li>\n<\/ol>\n<ul>\n<li>V\u00e1lec bahenn\u00edch dve\u0159\u00ed poskytuje v\u00fdkonn\u00e9 ovl\u00e1dac\u00ed schopnosti, kter\u00e9 umo\u017e\u0148uj\u00ed snadn\u00e9 otev\u00edr\u00e1n\u00ed a zav\u00edr\u00e1n\u00ed bahenn\u00edch dve\u0159\u00ed.<\/li>\n<li>Poskytuje pot\u0159ebnou s\u00edlu pro manipulaci s velk\u00fdmi objemy vybagrovan\u00e9ho materi\u00e1lu a zaji\u0161\u0165uje efektivn\u00ed zachycen\u00ed a vypou\u0161t\u011bn\u00ed b\u011bhem bagrovac\u00edch operac\u00ed.<\/li>\n<\/ul>\n<ol start=\"4\">\n<li>P\u0159izp\u016fsobiteln\u00e9 parametry:<\/li>\n<\/ol>\n<ul>\n<li>Tento v\u00e1lec umo\u017e\u0148uje p\u0159izp\u016fsobiteln\u00e9 nastaven\u00ed r\u016fzn\u00fdch parametr\u016f, jako je rychlost otev\u00edr\u00e1n\u00ed a zav\u00edr\u00e1n\u00ed, d\u00e9lka zdvihu a provozn\u00ed tlak.<\/li>\n<li>Oper\u00e1to\u0159i si mohou p\u0159izp\u016fsobit nastaven\u00ed v\u00e1lce tak, aby odpov\u00eddalo specifick\u00fdm po\u017eadavk\u016fm na bagrov\u00e1n\u00ed, a optimalizovat tak efektivitu a \u00fa\u010dinnost cel\u00e9ho provozu.<\/li>\n<\/ul>\n<h2><strong>Parametr v\u00e1lce bahenn\u00edch dve\u0159\u00ed vle\u010dn\u00e9ho sac\u00edho bagru:<\/strong><\/h2>\n<table border=\"1\" cellspacing=\"0\" cellpadding=\"0\">\n<tbody>\n<tr>\n<td>N\u00e1zev produktu<\/td>\n<td>V\u00e1lec bahenn\u00edch dve\u0159\u00ed pro vle\u010dn\u00e9 sac\u00ed bagr<\/td>\n<\/tr>\n<tr>\n<td>Vlastnosti:<\/td>\n<td>Ta\u017en\u00e1 s\u00edla pro otev\u00edr\u00e1n\u00ed a zav\u00edr\u00e1n\u00ed blatn\u00edk\u016f, v p\u0159\u00edpad\u011b pot\u0159eby lze vybavit sn\u00edma\u010dem posunut\u00ed<\/td>\n<\/tr>\n<tr>\n<td>Pr\u016fm\u011br otvoru:<\/td>\n<td>400 mm<\/td>\n<\/tr>\n<tr>\n<td>Pr\u016fm\u011br ty\u010de:<\/td>\n<td>200mm<br \/>\nZdvih: 1400 mm<\/td>\n<\/tr>\n<tr>\n<td>Tlak:<\/td>\n<td>a\u017e 32 MPa<\/td>\n<\/tr>\n<tr>\n<td>Ta\u017en\u00e1 s\u00edla:<\/td>\n<td>Maxim\u00e1ln\u00ed 2355 kN<\/td>\n<\/tr>\n<tr>\n<td>Aplikace:<\/td>\n<td>Ta\u017een\u00fd sac\u00ed bagr<\/td>\n<\/tr>\n<\/tbody>\n<\/table>\n<div><\/div>\n<div>\n<div class=\"txtboxL\">\n<div class=\"txtboxL\">\n<div class=\"txtboxL\">Vlastnosti:<\/div>\n<div class=\"txtboxR\">Ta\u017en\u00e1 s\u00edla pro otev\u00edr\u00e1n\u00ed a zav\u00edr\u00e1n\u00ed blatn\u00edk\u016f, v p\u0159\u00edpad\u011b pot\u0159eby lze vybavit sn\u00edma\u010dem posunut\u00ed<\/div>\n<div class=\"txtboxL\">Specifikace:<\/div>\n<div class=\"txtboxR\">Pr\u016fm\u011br otvoru: 400 mm<br \/>\nPr\u016fm\u011br ty\u010de: 200 mm<br \/>\nZdvih: 1400 mm<\/div>\n<div class=\"txtboxL\">Tlak:<\/div>\n<div class=\"txtboxR\">a\u017e 32 MPa<\/div>\n<div class=\"txtboxL\">Ta\u017en\u00e1 s\u00edla:<\/div>\n<div class=\"txtboxR\">Maxim\u00e1ln\u00ed 2355 kN<\/div>\n<\/div>\n<\/div>\n<\/div>\n<h2><strong>Pou\u017eit\u00ed sac\u00edch v\u00e1lc\u016f pro \u0159eza\u010dky n\u00e1dr\u017e\u00ed bagr\u016f:<\/strong><\/h2>\n<p><img loading=\"lazy\" decoding=\"async\" class=\"alignnone wp-image-1757 size-full\" src=\"https:\/\/hydraulic-cylinders.net\/wp-content\/uploads\/2023\/10\/dredger-tank-cylinder-1.webp\" alt=\"\" width=\"600\" height=\"400\" srcset=\"https:\/\/hydraulic-cylinders.net\/wp-content\/uploads\/2023\/10\/dredger-tank-cylinder-1.webp 600w, https:\/\/hydraulic-cylinders.net\/wp-content\/uploads\/2023\/10\/dredger-tank-cylinder-1-480x320.webp 480w\" sizes=\"(min-width: 0px) and (max-width: 480px) 480px, (min-width: 481px) 600px, 100vw\" \/><\/p>\n<h2><strong>Zp\u016fsob pou\u017eit\u00ed v\u00e1lce s bahenn\u00edmi dve\u0159mi pro ta\u017een\u00e9 sac\u00ed bagry<\/strong><strong>:<\/strong><\/h2>\n<ol>\n<li><strong>Instalace:<\/strong><\/li>\n<\/ol>\n<ul>\n<li>Dodr\u017eujte pokyny v\u00fdrobce pro bezpe\u010dnou instalaci v\u00e1lce bahenn\u00edch dv\u00ed\u0159ek na ta\u017een\u00fd sac\u00ed bagr.<\/li>\n<li>Zajist\u011bte spr\u00e1vn\u00e9 vyrovn\u00e1n\u00ed a upevn\u011bn\u00ed k blatn\u00edku a souvisej\u00edc\u00edm komponent\u016fm, aby byl zaji\u0161t\u011bn plynul\u00fd a spolehliv\u00fd provoz.<\/li>\n<\/ul>\n<ol start=\"2\">\n<li><strong>Ovl\u00e1d\u00e1n\u00ed a nastaven\u00ed:<\/strong><\/li>\n<\/ol>\n<ul>\n<li>K ovl\u00e1d\u00e1n\u00ed a se\u0159izov\u00e1n\u00ed v\u00e1lce bagru pou\u017eijte \u0159\u00eddic\u00ed syst\u00e9m bagru.<\/li>\n<li>Ovl\u00e1dejte otev\u00edr\u00e1n\u00ed a zav\u00edr\u00e1n\u00ed dv\u00ed\u0159ek bahna pomoc\u00ed ur\u010den\u00fdch ovl\u00e1dac\u00edch prvk\u016f, co\u017e umo\u017e\u0148uje p\u0159esnou kontrolu nad vypou\u0161t\u011bn\u00edm vybagrovan\u00e9ho materi\u00e1lu.<\/li>\n<\/ul>\n<ol start=\"3\">\n<li><strong>Bagrovac\u00ed operace:<\/strong><\/li>\n<\/ol>\n<ul>\n<li>Aktivujte v\u00e1lec kalov\u00e9 dv\u00ed\u0159ka pro otev\u0159en\u00ed nebo zav\u0159en\u00ed kalov\u00e9 dv\u00ed\u0159ky podle pot\u0159eby b\u011bhem bagrovac\u00edch operac\u00ed.<\/li>\n<li>Upravte parametry v\u00e1lce, jako je rychlost a d\u00e9lka zdvihu, pro optimalizaci procesu bagrov\u00e1n\u00ed a zaji\u0161t\u011bn\u00ed efektivn\u00edho zadr\u017eov\u00e1n\u00ed a vypou\u0161t\u011bn\u00ed materi\u00e1lu.<\/li>\n<\/ul>\n<h2><strong>Jak ovl\u00e1dat rychlost hydraulick\u00e9ho v\u00e1lce?<\/strong><\/h2>\n<p>Hydraulick\u00fd v\u00e1lec je mechanick\u00fd aktu\u00e1tor, kter\u00fd p\u0159em\u011b\u0148uje hydraulick\u00fd tlak na line\u00e1rn\u00ed s\u00edlu a pohyb. Skl\u00e1d\u00e1 se z v\u00e1lcov\u00e9ho v\u00e1lce, p\u00edstu, p\u00edstn\u00ed ty\u010de, t\u011bsn\u011bn\u00ed a otvor\u016f pro hydraulickou kapalinu. Zde je rozpis fungov\u00e1n\u00ed hydraulick\u00e9ho v\u00e1lce:<\/p>\n<ol>\n<li><strong>Dod\u00e1vka hydraulick\u00e9 kapaliny:<\/strong> Hydraulick\u00fd v\u00e1lec je p\u0159ipojen k hydraulick\u00e9 jednotce nebo \u010derpadlu, kter\u00e9 dod\u00e1v\u00e1 tlakovou hydraulickou kapalinu. Kapalina je obvykle na b\u00e1zi oleje.<\/li>\n<li><strong>Struktura v\u00e1lce:<\/strong> V\u00e1lec m\u00e1 dut\u00fd v\u00e1lcovit\u00fd pl\u00e1\u0161\u0165 s p\u00edstem uvnit\u0159. P\u00edst d\u011bl\u00ed v\u00e1lec na dv\u011b komory: komoru na konci p\u00edstnice a komoru na konci v\u00edka.<\/li>\n<li><strong>Aplikace tlaku:<\/strong> Hydraulick\u00e1 kapalina je p\u0159iv\u00e1d\u011bna do jedn\u00e9 z komor v\u00e1lce, bu\u010f do komory na konci p\u00edstnice, nebo do komory na konci v\u00edka, v z\u00e1vislosti na po\u017eadovan\u00e9m sm\u011bru pohybu.<\/li>\n<li><strong>Tlakov\u00fd rozd\u00edl:<\/strong> Tlakov\u00e1 hydraulick\u00e1 kapalina p\u016fsob\u00ed na povrch p\u00edstu a vytv\u00e1\u0159\u00ed s\u00edlu, kter\u00e1 poh\u00e1n\u00ed p\u00edst v ur\u010den\u00e9m sm\u011bru. Rozd\u00edl tlak\u016f mezi ob\u011bma komorami zp\u016fsobuje pohyb p\u00edstu.<\/li>\n<li><strong>Line\u00e1rn\u00ed pohyb:<\/strong> Jak hydraulick\u00e1 kapalina tla\u010d\u00ed na p\u00edst, p\u00edstn\u00ed ty\u010d p\u0159ipojen\u00e1 k p\u00edstu se line\u00e1rn\u011b vysouv\u00e1 nebo zasouv\u00e1 v z\u00e1vislosti na sm\u011bru proud\u011bn\u00ed kapaliny. Tento line\u00e1rn\u00ed pohyb p\u0159en\u00e1\u0161\u00ed s\u00edlu na z\u00e1t\u011b\u017e nebo mechanismus spojen\u00fd s p\u00edstn\u00ed ty\u010d\u00ed.<\/li>\n<li><strong>T\u011bsnic\u00ed mechanismus:<\/strong> Hydraulick\u00fd v\u00e1lec je vybaven t\u011bsn\u011bn\u00edmi, jako jsou t\u011bsn\u011bn\u00ed p\u00edstu a t\u011bsn\u011bn\u00ed p\u00edstnice, kter\u00e1 zabra\u0148uj\u00ed \u00faniku hydraulick\u00e9 kapaliny. Tato t\u011bsn\u011bn\u00ed udr\u017euj\u00ed tlak uvnit\u0159 v\u00e1lce a zaji\u0161\u0165uj\u00ed plynul\u00fd provoz t\u00edm, \u017ee zabra\u0148uj\u00ed \u00faniku kapaliny.<\/li>\n<li><strong>Regula\u010dn\u00ed ventily:<\/strong> \u0158\u00eddic\u00ed ventily se pou\u017e\u00edvaj\u00ed k \u0159\u00edzen\u00ed sm\u011bru a pr\u016ftoku hydraulick\u00e9 kapaliny. Tyto ventily sm\u011bruj\u00ed tok hydraulick\u00e9 kapaliny do p\u0159\u00edslu\u0161n\u00e9 komory v\u00e1lce, co\u017e umo\u017e\u0148uje vysouv\u00e1n\u00ed nebo zasouv\u00e1n\u00ed p\u00edstu.<\/li>\n<li><strong>\u00daleva od tlaku:<\/strong> Pro \u0159\u00edzen\u00ed rychlosti a s\u00edly hydraulick\u00e9ho v\u00e1lce mohou b\u00fdt do hydraulick\u00e9ho syst\u00e9mu zabudov\u00e1ny p\u0159etlakov\u00e9 ventily nebo regula\u010dn\u00ed ventily pr\u016ftoku. Tyto ventily reguluj\u00ed tlak a pr\u016ftok hydraulick\u00e9 kapaliny, \u010d\u00edm\u017e zabra\u0148uj\u00ed nadm\u011brn\u00e9mu n\u00e1r\u016fstu tlaku a zaji\u0161\u0165uj\u00ed bezpe\u010dn\u00fd provoz.<\/li>\n<li><strong>Aplikace zat\u00ed\u017een\u00ed:<\/strong> P\u00edstnice hydraulick\u00e9ho v\u00e1lce je spojena se z\u00e1t\u011b\u017e\u00ed nebo mechanismem, kter\u00fd vy\u017eaduje s\u00edlu \u010di pohyb. Jak se p\u00edst vysouv\u00e1 nebo zasouv\u00e1, generovan\u00e1 s\u00edla se p\u0159en\u00e1\u0161\u00ed p\u0159es p\u00edstnici na z\u00e1t\u011b\u017e, co\u017e j\u00ed umo\u017e\u0148uje pohyb nebo vyv\u00edjet s\u00edlu.<\/li>\n<\/ol>\n<h2><strong>Schopnosti a kapacita tov\u00e1rny:<\/strong><\/h2>\n<h3>(1) Mont\u00e1\u017e<\/h3>\n<p>Disponujeme prvot\u0159\u00eddn\u00ed nez\u00e1vislou v\u00fdzkumnou a v\u00fdvojovou mont\u00e1\u017en\u00ed platformou. D\u00edlna na v\u00fdrobu hydraulick\u00fdch v\u00e1lc\u016f m\u00e1 \u010dty\u0159i poloautomatick\u00e9 mont\u00e1\u017en\u00ed linky pro zvedac\u00ed v\u00e1lce a jednu automatickou mont\u00e1\u017en\u00ed linku pro nakl\u00e1p\u011bc\u00ed v\u00e1lce s projektovanou ro\u010dn\u00ed v\u00fdrobn\u00ed kapacitou 1 milion kus\u016f. D\u00edlna na speci\u00e1ln\u00ed v\u00e1lce je vybavena poloautomatick\u00fdm \u010distic\u00edm mont\u00e1\u017en\u00edm syst\u00e9mem s r\u016fzn\u00fdmi specifikacemi a projektovanou ro\u010dn\u00ed v\u00fdrobn\u00ed kapacitou 200 000 kus\u016f a je vybavena zn\u00e1m\u00fdm CNC obr\u00e1b\u011bc\u00edm za\u0159\u00edzen\u00edm, obr\u00e1b\u011bc\u00edm centrem, vysoce p\u0159esn\u00fdm speci\u00e1ln\u00edm za\u0159\u00edzen\u00edm pro zpracov\u00e1n\u00ed v\u00e1lc\u016f, robotick\u00fdm sva\u0159ovac\u00edm strojem, automatick\u00fdm \u010distic\u00edm strojem, automatick\u00fdm mont\u00e1\u017en\u00edm strojem pro v\u00e1lce a automatickou lakovac\u00ed v\u00fdrobn\u00ed linkou. St\u00e1vaj\u00edc\u00ed kritick\u00e9 vybaven\u00ed m\u00e1 v\u00edce ne\u017e 300 sad. Optim\u00e1ln\u00ed alokace a efektivn\u00ed vyu\u017eit\u00ed zdroj\u016f za\u0159\u00edzen\u00ed zaji\u0161\u0165uje po\u017eadavky na p\u0159esnost v\u00fdrobk\u016f a spl\u0148uje po\u017eadavky na vysokou kvalitu v\u00fdrobk\u016f.<\/p>\n<p><img loading=\"lazy\" decoding=\"async\" class=\"alignnone wp-image-626\" src=\"https:\/\/hydraulic-cylinders.net\/wp-content\/uploads\/2023\/08\/hydraulic-cylinder-product-1-300x158.webp\" alt=\"\" width=\"495\" height=\"260\" srcset=\"https:\/\/hydraulic-cylinders.net\/wp-content\/uploads\/2023\/08\/hydraulic-cylinder-product-1-300x158.webp 495w, https:\/\/hydraulic-cylinders.net\/wp-content\/uploads\/2023\/08\/hydraulic-cylinder-product-1-480x252.webp 480w\" sizes=\"(min-width: 0px) and (max-width: 480px) 480px, (min-width: 481px) 495px, 100vw\" \/> <img loading=\"lazy\" decoding=\"async\" class=\"alignnone wp-image-627\" src=\"https:\/\/hydraulic-cylinders.net\/wp-content\/uploads\/2023\/08\/hydraulic-cylinder-product-2-300x189.webp\" alt=\"\" width=\"413\" height=\"260\" \/><\/p>\n<h3>(2) Obr\u00e1b\u011bn\u00ed<\/h3>\n<p>Obrobna je vybavena zak\u00e1zkov\u00fdm soustru\u017enick\u00fdm centrem pro \u0161ikm\u00e9 kolejnice, obr\u00e1b\u011bc\u00edm centrem, vysokorychlostn\u00edm honovac\u00edm strojem, sva\u0159ovac\u00edm robotem a dal\u0161\u00edm souvisej\u00edc\u00edm za\u0159\u00edzen\u00edm, kter\u00e9 zvl\u00e1dne obr\u00e1b\u011bn\u00ed v\u00e1lcov\u00fdch trubek s maxim\u00e1ln\u00edm vnit\u0159n\u00edm pr\u016fm\u011brem 400 mm a maxim\u00e1ln\u00ed d\u00e9lkou 6 metr\u016f.<\/p>\n<p><img loading=\"lazy\" decoding=\"async\" class=\"alignnone wp-image-628 size-large\" src=\"https:\/\/hydraulic-cylinders.net\/wp-content\/uploads\/2023\/08\/hydraulic-cylinder-product-3-1024x391.webp\" alt=\"\" width=\"1024\" height=\"391\" srcset=\"https:\/\/hydraulic-cylinders.net\/wp-content\/uploads\/2023\/08\/hydraulic-cylinder-product-3-980x374.webp 980w, https:\/\/hydraulic-cylinders.net\/wp-content\/uploads\/2023\/08\/hydraulic-cylinder-product-3-480x183.webp 480w\" sizes=\"(min-width: 0px) and (max-width: 480px) 480px, (min-width: 481px) and (max-width: 980px) 980px, (min-width: 981px) 1024px, 100vw\" \/><\/p>\n<h3>(3) Sva\u0159ov\u00e1n\u00ed<\/h3>\n<p><img loading=\"lazy\" decoding=\"async\" class=\"alignnone wp-image-629 size-large\" src=\"https:\/\/hydraulic-cylinders.net\/wp-content\/uploads\/2023\/08\/hydraulic-cylinder-product-4-1024x510.webp\" alt=\"\" width=\"1024\" height=\"510\" srcset=\"https:\/\/hydraulic-cylinders.net\/wp-content\/uploads\/2023\/08\/hydraulic-cylinder-product-4-980x488.webp 980w, https:\/\/hydraulic-cylinders.net\/wp-content\/uploads\/2023\/08\/hydraulic-cylinder-product-4-480x239.webp 480w\" sizes=\"(min-width: 0px) and (max-width: 480px) 480px, (min-width: 481px) and (max-width: 980px) 980px, (min-width: 981px) 1024px, 100vw\" \/><\/p>\n<h3>(4) Lakov\u00e1n\u00ed a n\u00e1t\u011bry<\/h3>\n<p>S mal\u00fdmi a st\u0159edn\u00edmi v\u00e1lcov\u00fdmi automatick\u00fdmi linkami na nan\u00e1\u0161en\u00ed barev na vodn\u00ed b\u00e1zi, pro dosa\u017een\u00ed automatick\u00e9ho robotick\u00e9ho nakl\u00e1d\u00e1n\u00ed a vykl\u00e1d\u00e1n\u00ed a automatick\u00e9ho st\u0159\u00edk\u00e1n\u00ed, je konstruk\u010dn\u00ed kapacita 4000 kus\u016f za sm\u011bnu;<br \/>\nM\u00e1me tak\u00e9 poloautomatickou linku na v\u00fdrobu barev pro velk\u00e9 tlakov\u00e9 lahve poh\u00e1n\u011bn\u00e9 \u0159et\u011bzem s konstruk\u010dn\u00ed kapacitou 60 lahv\u00ed za sm\u011bnu.<\/p>\n<p><img loading=\"lazy\" decoding=\"async\" class=\"alignnone wp-image-630\" src=\"https:\/\/hydraulic-cylinders.net\/wp-content\/uploads\/2023\/08\/hydraulic-cylinder-product-5-300x213.webp\" alt=\"\" width=\"366\" height=\"260\" \/> <img loading=\"lazy\" decoding=\"async\" class=\"alignnone wp-image-631\" src=\"https:\/\/hydraulic-cylinders.net\/wp-content\/uploads\/2023\/08\/hydraulic-cylinder-product-6-300x225.webp\" alt=\"\" width=\"347\" height=\"260\" \/><\/p>\n<h3>(5) Testov\u00e1n\u00ed<\/h3>\n<p>Disponujeme prvot\u0159\u00eddn\u00edmi inspek\u010dn\u00edmi za\u0159\u00edzen\u00edmi a zku\u0161ebn\u00edmi laborato\u0159emi, abychom zajistili, \u017ee v\u00fdkon v\u00e1lce spl\u0148uje po\u017eadavky.<\/p>\n<p><img loading=\"lazy\" decoding=\"async\" class=\"alignnone wp-image-632\" src=\"https:\/\/hydraulic-cylinders.net\/wp-content\/uploads\/2023\/08\/hydraulic-cylinder-product-8-300x200.webp\" alt=\"\" width=\"389\" height=\"260\" \/><\/p>\n<p>&nbsp;<\/p>\n<p>&nbsp;<\/p>\n<p>Jsme jedn\u00edm z nejlep\u0161\u00edch v\u00fdrobc\u016f hydraulick\u00fdch v\u00e1lc\u016f. Nab\u00edz\u00edme komplexn\u00ed hydraulick\u00e9 v\u00e1lce. Dod\u00e1v\u00e1me tak\u00e9 odpov\u00eddaj\u00edc\u00ed <a href=\"https:\/\/hzpt.com\/agricultural-pto-gearbox\/\" target=\"_blank\" rel=\"noopener\">zem\u011bd\u011blsk\u00e9 p\u0159evodovky<\/a>Na\u0161e v\u00fdrobky jsme exportovali klient\u016fm po cel\u00e9m sv\u011bt\u011b a d\u00edky vynikaj\u00edc\u00ed kvalit\u011b v\u00fdrobk\u016f a poprodejn\u00edmu servisu jsme si z\u00edskali dobrou pov\u011bst. V\u00edt\u00e1me z\u00e1kazn\u00edky doma i v zahrani\u010d\u00ed, kte\u0159\u00ed n\u00e1s kontaktuj\u00ed za \u00fa\u010delem vyjedn\u00e1v\u00e1n\u00ed obchodn\u00edch p\u0159\u00edle\u017eitost\u00ed, v\u00fdm\u011bny informac\u00ed a <a href=\"https:\/\/www.hydraulic-cylinders.net\/cs\/contact-us\/\">spolupracujte s n\u00e1mi<\/a>!<\/p>","protected":false},"excerpt":{"rendered":"<p>Trailing Suction Dredger Mud Door Cylinder The trailing suction dredger mud door cylinder is a vital hydraulic component designed to improve the efficiency and effectiveness of dredging operations. This cylinder plays a crucial role in controlling the opening and closing of the mud doors, ensuring seamless sediment intake and discharge. The trailing suction dredger mud [&hellip;]<\/p>","protected":false},"featured_media":1773,"comment_status":"open","ping_status":"closed","template":"","meta":{"_et_pb_use_builder":"","_et_pb_old_content":"","_et_gb_content_width":""},"product_brand":[],"product_cat":[1550,1535,1552,1376],"product_tag":[1380],"class_list":{"0":"post-1772","1":"product","2":"type-product","3":"status-publish","4":"has-post-thumbnail","6":"product_cat-double-acting-hydraulic-cylinder","7":"product_cat-dredger-hydraulic-cylinders","8":"product_cat-stainless-steel-hydraulic-cylinder","9":"product_cat-hydraulic-cylinder","10":"product_tag-hydraulic-cylinder","12":"first","13":"instock","14":"shipping-taxable","15":"product-type-simple"},"amp_enabled":true,"_links":{"self":[{"href":"https:\/\/www.hydraulic-cylinders.net\/cs\/wp-json\/wp\/v2\/product\/1772","targetHints":{"allow":["GET"]}}],"collection":[{"href":"https:\/\/www.hydraulic-cylinders.net\/cs\/wp-json\/wp\/v2\/product"}],"about":[{"href":"https:\/\/www.hydraulic-cylinders.net\/cs\/wp-json\/wp\/v2\/types\/product"}],"replies":[{"embeddable":true,"href":"https:\/\/www.hydraulic-cylinders.net\/cs\/wp-json\/wp\/v2\/comments?post=1772"}],"wp:featuredmedia":[{"embeddable":true,"href":"https:\/\/www.hydraulic-cylinders.net\/cs\/wp-json\/wp\/v2\/media\/1773"}],"wp:attachment":[{"href":"https:\/\/www.hydraulic-cylinders.net\/cs\/wp-json\/wp\/v2\/media?parent=1772"}],"wp:term":[{"taxonomy":"product_brand","embeddable":true,"href":"https:\/\/www.hydraulic-cylinders.net\/cs\/wp-json\/wp\/v2\/product_brand?post=1772"},{"taxonomy":"product_cat","embeddable":true,"href":"https:\/\/www.hydraulic-cylinders.net\/cs\/wp-json\/wp\/v2\/product_cat?post=1772"},{"taxonomy":"product_tag","embeddable":true,"href":"https:\/\/www.hydraulic-cylinders.net\/cs\/wp-json\/wp\/v2\/product_tag?post=1772"}],"curies":[{"name":"wp","href":"https:\/\/api.w.org\/{rel}","templated":true}]}}