{"id":1775,"date":"2023-10-13T06:57:31","date_gmt":"2023-10-13T06:57:31","guid":{"rendered":"https:\/\/hydraulic-cylinders.net\/?post_type=product&#038;p=1775"},"modified":"2025-04-15T05:54:54","modified_gmt":"2025-04-15T05:54:54","slug":"trailing-suction-dredger-overflow-cylinder","status":"publish","type":"product","link":"https:\/\/www.hydraulic-cylinders.net\/cs\/produkt\/trailing-suction-dredger-overflow-cylinder\/","title":{"rendered":"P\u0159epadov\u00fd v\u00e1lec ta\u017een\u00e9ho sac\u00edho bagru"},"content":{"rendered":"<h1 style=\"text-align: center;\"><strong>P\u0159epadov\u00fd v\u00e1lec ta\u017een\u00e9ho sac\u00edho bagru<\/strong><\/h1>\n<h1 style=\"text-align: center;\"><img loading=\"lazy\" decoding=\"async\" class=\"alignnone wp-image-1776\" src=\"https:\/\/hydraulic-cylinders.net\/wp-content\/uploads\/2023\/10\/trailing-suction-dredger-overflow-cylinder-1-300x300.webp\" alt=\"\" width=\"400\" height=\"400\" \/><\/h1>\n<p>P\u0159epadov\u00fd v\u00e1lec ta\u017een\u00e9ho sac\u00edho bagru je z\u00e1sadn\u00ed sou\u010d\u00e1st\u00ed modern\u00edho bagrovac\u00edho za\u0159\u00edzen\u00ed. Tento v\u00e1lec, navr\u017een\u00fd pro optimalizaci v\u00fdkonu ta\u017een\u00fdch sac\u00edch bagr\u016f, hraje kl\u00ed\u010dovou roli v \u0159\u00edzen\u00ed p\u0159epadov\u00e9ho syst\u00e9mu.<\/p>\n<p>P\u0159epadov\u00fd v\u00e1lec ta\u017een\u00e9ho sac\u00edho bagru je nezbytnou sou\u010d\u00e1st\u00ed pro dosa\u017een\u00ed efektivn\u00edch a \u00fa\u010dinn\u00fdch bagrovac\u00edch operac\u00ed. D\u00edky sv\u00e9 robustn\u00ed konstrukci, p\u0159esn\u00e9mu ovl\u00e1d\u00e1n\u00ed, spolehliv\u00e9mu ovl\u00e1d\u00e1n\u00ed a p\u0159izp\u016fsobiteln\u00e9mu nastaven\u00ed tento v\u00e1lec zvy\u0161uje celkov\u00fd v\u00fdkon ta\u017een\u00fdch sac\u00edch bagr\u016f. Dodr\u017eov\u00e1n\u00edm doporu\u010den\u00fdch metod pou\u017e\u00edv\u00e1n\u00ed a postup\u016f \u00fadr\u017eby mohou oper\u00e1to\u0159i maximalizovat v\u00fdkon a \u017eivotnost p\u0159epadov\u00e9ho v\u00e1lce, co\u017e v kone\u010dn\u00e9m d\u016fsledku zlep\u0161\u00ed \u00fa\u010dinnost a efektivitu bagrovac\u00edch \u010dinnost\u00ed.<\/p>\n<p>Kl\u00ed\u010dov\u00e9 vlastnosti p\u0159epadov\u00e9ho v\u00e1lce ta\u017een\u00e9ho sac\u00edho bagru:<\/p>\n<ol>\n<li>Robustn\u00ed konstrukce:<\/li>\n<\/ol>\n<ul>\n<li>P\u0159epadov\u00fd v\u00e1lec je vyroben z vysoce kvalitn\u00edch materi\u00e1l\u016f, co\u017e zaru\u010duje odolnost a dlouhou \u017eivotnost i v n\u00e1ro\u010dn\u00fdch bagrovac\u00edch podm\u00ednk\u00e1ch.<\/li>\n<li>Jeho robustn\u00ed konstrukce umo\u017e\u0148uje odol\u00e1vat vysok\u00fdm tlak\u016fm, drsn\u00fdm podm\u00ednk\u00e1m a neust\u00e1l\u00e9mu pou\u017e\u00edv\u00e1n\u00ed a udr\u017eovat konzistentn\u00ed v\u00fdkon po celou dobu bagrovac\u00edch operac\u00ed.<\/li>\n<\/ul>\n<ol start=\"2\">\n<li>P\u0159esn\u00e9 ovl\u00e1d\u00e1n\u00ed:<\/li>\n<\/ol>\n<ul>\n<li>Tento v\u00e1lec nab\u00edz\u00ed p\u0159esn\u00e9 ovl\u00e1d\u00e1n\u00ed p\u0159epadov\u00e9ho syst\u00e9mu, co\u017e umo\u017e\u0148uje p\u0159esn\u00e9 \u0159\u00edzen\u00ed vybagrovan\u00e9ho materi\u00e1lu.<\/li>\n<li>Zaji\u0161\u0165uje optim\u00e1ln\u00ed \u0159\u00edzen\u00ed a regulaci procesu p\u0159epadu, co\u017e usnad\u0148uje efektivn\u00ed odd\u011blov\u00e1n\u00ed a vypou\u0161t\u011bn\u00ed sediment\u016f.<\/li>\n<\/ul>\n<ol start=\"3\">\n<li>Spolehliv\u00e9 ovl\u00e1d\u00e1n\u00ed:<\/li>\n<\/ol>\n<ul>\n<li>P\u0159epadov\u00fd v\u00e1lec poskytuje spolehliv\u00e9 ovl\u00e1dac\u00ed schopnosti a zaji\u0161\u0165uje plynul\u00fd a konzistentn\u00ed provoz p\u0159epadov\u00e9ho syst\u00e9mu.<\/li>\n<li>Dod\u00e1v\u00e1 pot\u0159ebnou s\u00edlu k \u0159\u00edzen\u00ed pohybu p\u0159epadov\u00e9 stavidla a zaji\u0161\u0165uje tak efektivn\u00ed \u0159\u00edzen\u00ed toku vybagrovan\u00e9ho materi\u00e1lu.<\/li>\n<\/ul>\n<ol start=\"4\">\n<li>P\u0159izp\u016fsobiteln\u00e1 nastaven\u00ed:<\/li>\n<\/ol>\n<ul>\n<li>Tento v\u00e1lec umo\u017e\u0148uje p\u0159izp\u016fsobiteln\u00e9 nastaven\u00ed r\u016fzn\u00fdch parametr\u016f, jako je rychlost otev\u00edr\u00e1n\u00ed a zav\u00edr\u00e1n\u00ed, d\u00e9lka zdvihu a ovl\u00e1dac\u00ed tlak.<\/li>\n<li>Oper\u00e1to\u0159i si mohou tato nastaven\u00ed p\u0159izp\u016fsobit specifick\u00fdm po\u017eadavk\u016fm na bagrov\u00e1n\u00ed, \u010d\u00edm\u017e optimalizuj\u00ed \u00fa\u010dinnost a efektivitu p\u0159epadov\u00e9ho syst\u00e9mu.<\/li>\n<\/ul>\n<h2><strong>Parametr p\u0159epadov\u00e9ho v\u00e1lce vle\u010dn\u00e9ho sac\u00edho bagru:<\/strong><\/h2>\n<table border=\"1\" cellspacing=\"0\" cellpadding=\"0\">\n<tbody>\n<tr>\n<td>N\u00e1zev produktu<\/td>\n<td>P\u0159epadov\u00fd v\u00e1lec ta\u017een\u00e9ho sac\u00edho bagru<\/td>\n<\/tr>\n<tr>\n<td>Vlastnosti:<\/td>\n<td>Zajist\u011bte ta\u017enou s\u00edlu pro zved\u00e1n\u00ed odleh\u010dovac\u00ed trubice<\/td>\n<\/tr>\n<tr>\n<td>Pr\u016fm\u011br otvoru:<\/td>\n<td>A\u017e 280 mm<\/td>\n<\/tr>\n<tr>\n<td>Pr\u016fm\u011br ty\u010de:<\/td>\n<td>A\u017e 180 mm<br \/>\nZdvih a\u017e 6000 mm<\/td>\n<\/tr>\n<tr>\n<td>Tlak:<\/td>\n<td>a\u017e 32 MPa<\/td>\n<\/tr>\n<tr>\n<td>Ta\u017en\u00e1 s\u00edla:<\/td>\n<td>Maxim\u00e1ln\u011b 900 kN<\/td>\n<\/tr>\n<tr>\n<td>Aplikace:<\/td>\n<td>Ta\u017een\u00fd sac\u00ed bagr<\/td>\n<\/tr>\n<\/tbody>\n<\/table>\n<div><\/div>\n<div>\n<div class=\"txtboxL\">\n<div class=\"txtboxL\">\n<div class=\"txtboxL\">\n<div class=\"txtboxL\">Vlastnosti:<\/div>\n<div class=\"txtboxR\">Zajist\u011bte ta\u017enou s\u00edlu pro zved\u00e1n\u00ed odleh\u010dovac\u00ed trubice<\/div>\n<div class=\"txtboxL\">Specifikace:<\/div>\n<div class=\"txtboxR\">Pr\u016fm\u011br otvoru: a\u017e 280 mm<br \/>\nPr\u016fm\u011br ty\u010de: a\u017e 180 mm<br \/>\nZdvih a\u017e 6000 mm<\/div>\n<div class=\"txtboxL\">Tlak:<\/div>\n<div class=\"txtboxR\">a\u017e 32 MPa<\/div>\n<div class=\"txtboxL\">Ta\u017en\u00e1 s\u00edla:<\/div>\n<div class=\"txtboxR\">Maxim\u00e1ln\u011b 900 kN<\/div>\n<\/div>\n<\/div>\n<\/div>\n<\/div>\n<h2><strong>Pou\u017eit\u00ed sac\u00edch v\u00e1lc\u016f pro \u0159eza\u010dky n\u00e1dr\u017e\u00ed bagr\u016f:<\/strong><\/h2>\n<p><img loading=\"lazy\" decoding=\"async\" class=\"alignnone wp-image-1757 size-full\" src=\"https:\/\/hydraulic-cylinders.net\/wp-content\/uploads\/2023\/10\/dredger-tank-cylinder-1.webp\" alt=\"\" width=\"600\" height=\"400\" srcset=\"https:\/\/hydraulic-cylinders.net\/wp-content\/uploads\/2023\/10\/dredger-tank-cylinder-1.webp 600w, https:\/\/hydraulic-cylinders.net\/wp-content\/uploads\/2023\/10\/dredger-tank-cylinder-1-480x320.webp 480w\" sizes=\"(min-width: 0px) and (max-width: 480px) 480px, (min-width: 481px) 600px, 100vw\" \/><\/p>\n<h2><strong>Zp\u016fsob pou\u017eit\u00ed p\u0159epadov\u00e9ho v\u00e1lce ta\u017een\u00e9ho sac\u00edho bagru<\/strong><strong>:<\/strong><\/h2>\n<ol>\n<li><strong>Instalace:<\/strong><\/li>\n<\/ol>\n<ul>\n<li>Pro bezpe\u010dnou instalaci p\u0159epadov\u00e9ho v\u00e1lce na ta\u017een\u00fd sac\u00ed bagr dodr\u017eujte pokyny v\u00fdrobce.<\/li>\n<li>Zajist\u011bte spr\u00e1vn\u00e9 vyrovn\u00e1n\u00ed a upevn\u011bn\u00ed v\u00e1lce k p\u0159epadov\u00e9 klapce a souvisej\u00edc\u00edm komponent\u016fm, abyste zajistili hladk\u00fd a spolehliv\u00fd provoz.<\/li>\n<\/ul>\n<ol start=\"2\">\n<li><strong>Spr\u00e1va p\u0159epln\u011bn\u00e9ho syst\u00e9mu:<\/strong><\/li>\n<\/ol>\n<ul>\n<li>K ovl\u00e1d\u00e1n\u00ed a spr\u00e1v\u011b p\u0159epadov\u00e9ho v\u00e1lce vyu\u017eijte \u0159\u00eddic\u00ed syst\u00e9m bagru.<\/li>\n<li>Ovl\u00e1dejte otev\u00edr\u00e1n\u00ed a zav\u00edr\u00e1n\u00ed p\u0159epadov\u00e9 br\u00e1ny pomoc\u00ed ur\u010den\u00fdch ovl\u00e1dac\u00edch prvk\u016f, co\u017e umo\u017e\u0148uje p\u0159esnou kontrolu nad tokem a vypou\u0161t\u011bn\u00edm vybagrovan\u00e9ho materi\u00e1lu.<\/li>\n<\/ul>\n<ol start=\"3\">\n<li><strong>Bagrovac\u00ed operace:<\/strong><\/li>\n<\/ol>\n<ul>\n<li>Aktivujte p\u0159epadov\u00fd v\u00e1lec pro nastaven\u00ed polohy p\u0159epadov\u00e9 klapky dle pot\u0159eby b\u011bhem bagrovac\u00edch operac\u00ed.<\/li>\n<li>Upravte nastaven\u00ed v\u00e1lce, jako je rychlost a d\u00e9lka zdvihu, pro optimalizaci procesu p\u0159ete\u010den\u00ed a zaji\u0161t\u011bn\u00ed efektivn\u00edho odd\u011blen\u00ed a vypou\u0161t\u011bn\u00ed sediment\u016f.<\/li>\n<\/ul>\n<h2><strong>Jak rozebrat hydraulick\u00fd v\u00e1lec?<\/strong><\/h2>\n<p>Demont\u00e1\u017e hydraulick\u00e9ho v\u00e1lce vy\u017eaduje pe\u010dlivou pozornost a dodr\u017eov\u00e1n\u00ed spr\u00e1vn\u00fdch postup\u016f, aby byla zaji\u0161t\u011bna bezpe\u010dn\u00e1 a efektivn\u00ed demont\u00e1\u017e. Zde je podrobn\u00fd n\u00e1vod, jak hydraulick\u00fd v\u00e1lec rozebrat:<\/p>\n<ol>\n<li><strong>Shrom\u00e1\u017ed\u011bte pot\u0159ebn\u00e9 n\u00e1stroje a vybaven\u00ed:<\/strong>\n<ul>\n<li>Sada kl\u00ed\u010d\u016f nebo n\u00e1str\u010dn\u00fdch kl\u00ed\u010d\u016f<\/li>\n<li>P\u00e1\u010didlo nebo \u0161roubov\u00e1k<\/li>\n<li>Gumov\u00e9 kladivo nebo kladivo s \u00fadernou hlavou<\/li>\n<li>\u010cist\u00e9 hadry nebo ut\u011brky do obchodu<\/li>\n<li>Z\u00e1chytn\u00e1 vana nebo n\u00e1doba na hydraulickou kapalinu<\/li>\n<li>Ochrann\u00e9 rukavice a ochrann\u00e9 br\u00fdle<\/li>\n<\/ul>\n<\/li>\n<li><strong>P\u0159ipravte si pracovn\u00ed prostor:<\/strong>\n<ul>\n<li>Ujist\u011bte se, \u017ee m\u00e1te \u010dist\u00e9 a organizovan\u00e9 pracovn\u00ed m\u00edsto s dostate\u010dn\u00fdm prostorem pro rozlo\u017een\u00ed demontovan\u00fdch sou\u010d\u00e1st\u00ed.<\/li>\n<li>Um\u00edst\u011bte savou podlo\u017eku nebo materi\u00e1l absorbuj\u00edc\u00ed olej, abyste zachytili rozlitou hydraulickou kapalinu.<\/li>\n<\/ul>\n<\/li>\n<li><strong>Uvoln\u011bte hydraulick\u00fd tlak:<\/strong>\n<ul>\n<li>P\u0159ed zah\u00e1jen\u00edm demont\u00e1\u017ee uvoln\u011bte hydraulick\u00fd tlak z v\u00e1lce. Toho lze dos\u00e1hnout aktivac\u00ed \u0159\u00eddic\u00edho ventilu hydraulick\u00e9ho syst\u00e9mu pro \u00fapln\u00e9 zasunut\u00ed v\u00e1lce.<\/li>\n<\/ul>\n<\/li>\n<li><strong>Demont\u00e1\u017e armatur a spoj\u016f:<\/strong>\n<ul>\n<li>Pomoc\u00ed kl\u00ed\u010d\u016f nebo sady n\u00e1str\u010dn\u00fdch kl\u00ed\u010d\u016f opatrn\u011b povolte a odstra\u0148te ve\u0161ker\u00e9 armatury, konektory nebo hydraulick\u00e9 hadice p\u0159ipojen\u00e9 k v\u00e1lci.<\/li>\n<li>Pro op\u011btovnou mont\u00e1\u017e si sledujte um\u00edst\u011bn\u00ed armatur a jejich um\u00edst\u011bn\u00ed.<\/li>\n<\/ul>\n<\/li>\n<li><strong>Zajist\u011bte v\u00e1lec:<\/strong>\n<ul>\n<li>Zajist\u011bte, aby byla v\u00e1lec \u0159\u00e1dn\u011b podep\u0159ena vhodn\u00fdm pracovn\u00edm stolem nebo sv\u011br\u00e1kem, aby se b\u011bhem demont\u00e1\u017ee nerozpadl ani nepohnul.<\/li>\n<\/ul>\n<\/li>\n<li><strong>Odstra\u0148te ucp\u00e1vku nebo koncovku:<\/strong>\n<ul>\n<li>Ucp\u00e1vka nebo koncov\u00e1 krytka se obvykle nach\u00e1z\u00ed na konci p\u00edstnice v\u00e1lce.<\/li>\n<li>K uvoln\u011bn\u00ed a odstran\u011bn\u00ed upev\u0148ovac\u00edch \u0161roub\u016f nebo matic pou\u017eijte kl\u00ed\u010d nebo obj\u00edmku.<\/li>\n<li>Pokud je ucp\u00e1vka nebo koncovka zaseknut\u00e1, m\u016f\u017eete na ni lehce poklepat gumov\u00fdm klad\u00edvkem nebo \u00fadern\u00fdm klad\u00edvkem, abyste ji uvolnili.<\/li>\n<li>Jakmile se uvoln\u00ed, opatrn\u011b odstra\u0148te ucp\u00e1vku nebo koncovku a nechte hydraulickou kapalinu odt\u00e9ct do z\u00e1chytn\u00e9 vany.<\/li>\n<\/ul>\n<\/li>\n<li><strong>Vyjm\u011bte sestavu p\u00edstu a ty\u010de:<\/strong>\n<ul>\n<li>Po odstran\u011bn\u00ed ucp\u00e1vky nebo koncov\u00e9ho v\u00ed\u010dka m\u00e1te nyn\u00ed p\u0159\u00edstup k sestav\u011b p\u00edstu a ty\u010de.<\/li>\n<li>Opatrn\u011b vysu\u0148te sestavu p\u00edstu a p\u00edstnice z v\u00e1lce a ujist\u011bte se, \u017ee ji pevn\u011b dr\u017e\u00edte, aby nedo\u0161lo k jej\u00edmu p\u00e1du nebo po\u0161kozen\u00ed.<\/li>\n<li>Pokud je sestava zaseknut\u00e1, m\u016f\u017eete k jej\u00edmu opatrn\u00e9mu vyta\u017een\u00ed pou\u017e\u00edt p\u00e1\u010didlo nebo \u0161roubov\u00e1k.<\/li>\n<\/ul>\n<\/li>\n<li><strong>Zkontrolujte a vy\u010dist\u011bte sou\u010d\u00e1sti:<\/strong>\n<ul>\n<li>Po demont\u00e1\u017ei zkontrolujte v\u0161echny sou\u010d\u00e1sti, zda nejev\u00ed zn\u00e1mky opot\u0159eben\u00ed, po\u0161kozen\u00ed nebo zne\u010di\u0161t\u011bn\u00ed.<\/li>\n<li>D\u016fkladn\u011b o\u010dist\u011bte sou\u010d\u00e1sti \u010dist\u00fdmi hadry nebo ut\u011brkami a odstra\u0148te ve\u0161ker\u00e9 ne\u010distoty, \u00falomky nebo hydraulickou kapalinu.<\/li>\n<li>V\u011bnujte zv\u00fd\u0161enou pozornost p\u00edstu, ty\u010di, v\u00e1lci a t\u011bsn\u011bn\u00ed.<\/li>\n<\/ul>\n<\/li>\n<li><strong>Vym\u011bnit nebo opravit komponenty:<\/strong>\n<ul>\n<li>Pokud jsou n\u011bkter\u00e9 sou\u010d\u00e1sti opot\u0159ebovan\u00e9 nebo po\u0161kozen\u00e9, doporu\u010duje se je vym\u011bnit za nov\u00e9.<\/li>\n<li>Zkontrolujte t\u011bsn\u011bn\u00ed, zda nevykazuj\u00ed zn\u00e1mky opot\u0159eben\u00ed, a v p\u0159\u00edpad\u011b pot\u0159eby je vym\u011b\u0148te.<\/li>\n<li>Pokud si nejste jisti v\u00fdm\u011bnou nebo opravou sou\u010d\u00e1sti, \u0159i\u010fte se pokyny v\u00fdrobce nebo vyhledejte odbornou pomoc.<\/li>\n<\/ul>\n<\/li>\n<li><strong>Znovusemont\u00e1\u017e:<\/strong>\n<ul>\n<li>Pro op\u011btovnou mont\u00e1\u017e hydraulick\u00e9ho v\u00e1lce dodr\u017eujte pokyny v\u00fdrobce.<\/li>\n<li>B\u011bhem zp\u011btn\u00e9 mont\u00e1\u017ee naneste na t\u011bsn\u011bn\u00ed a sou\u010d\u00e1sti vhodnou hydraulickou kapalinu nebo mazivo.<\/li>\n<li>Ujist\u011bte se, \u017ee v\u0161echny armatury a spoje jsou uta\u017eeny na p\u0159edepsan\u00e9 hodnoty utahovac\u00edho momentu.<\/li>\n<li>P\u0159ed dokon\u010den\u00edm op\u011btovn\u00e9 mont\u00e1\u017ee dvakr\u00e1t zkontrolujte spr\u00e1vn\u00e9 zarovn\u00e1n\u00ed a orientaci sou\u010d\u00e1st\u00ed.<\/li>\n<\/ul>\n<\/li>\n<\/ol>\n<h2><strong>Schopnosti a kapacita tov\u00e1rny:<\/strong><\/h2>\n<h3>(1) Mont\u00e1\u017e<\/h3>\n<p>Disponujeme prvot\u0159\u00eddn\u00ed nez\u00e1vislou v\u00fdzkumnou a v\u00fdvojovou mont\u00e1\u017en\u00ed platformou. D\u00edlna na v\u00fdrobu hydraulick\u00fdch v\u00e1lc\u016f m\u00e1 \u010dty\u0159i poloautomatick\u00e9 mont\u00e1\u017en\u00ed linky pro zvedac\u00ed v\u00e1lce a jednu automatickou mont\u00e1\u017en\u00ed linku pro nakl\u00e1p\u011bc\u00ed v\u00e1lce s projektovanou ro\u010dn\u00ed v\u00fdrobn\u00ed kapacitou 1 milion kus\u016f. D\u00edlna na speci\u00e1ln\u00ed v\u00e1lce je vybavena poloautomatick\u00fdm \u010distic\u00edm mont\u00e1\u017en\u00edm syst\u00e9mem s r\u016fzn\u00fdmi specifikacemi a projektovanou ro\u010dn\u00ed v\u00fdrobn\u00ed kapacitou 200 000 kus\u016f a je vybavena zn\u00e1m\u00fdm CNC obr\u00e1b\u011bc\u00edm za\u0159\u00edzen\u00edm, obr\u00e1b\u011bc\u00edm centrem, vysoce p\u0159esn\u00fdm speci\u00e1ln\u00edm za\u0159\u00edzen\u00edm pro zpracov\u00e1n\u00ed v\u00e1lc\u016f, robotick\u00fdm sva\u0159ovac\u00edm strojem, automatick\u00fdm \u010distic\u00edm strojem, automatick\u00fdm mont\u00e1\u017en\u00edm strojem pro v\u00e1lce a automatickou lakovac\u00ed v\u00fdrobn\u00ed linkou. St\u00e1vaj\u00edc\u00ed kritick\u00e9 vybaven\u00ed m\u00e1 v\u00edce ne\u017e 300 sad. Optim\u00e1ln\u00ed alokace a efektivn\u00ed vyu\u017eit\u00ed zdroj\u016f za\u0159\u00edzen\u00ed zaji\u0161\u0165uje po\u017eadavky na p\u0159esnost v\u00fdrobk\u016f a spl\u0148uje po\u017eadavky na vysokou kvalitu v\u00fdrobk\u016f.<\/p>\n<p><img loading=\"lazy\" decoding=\"async\" class=\"alignnone wp-image-626\" src=\"https:\/\/hydraulic-cylinders.net\/wp-content\/uploads\/2023\/08\/hydraulic-cylinder-product-1-300x158.webp\" alt=\"\" width=\"495\" height=\"260\" srcset=\"https:\/\/hydraulic-cylinders.net\/wp-content\/uploads\/2023\/08\/hydraulic-cylinder-product-1-300x158.webp 495w, https:\/\/hydraulic-cylinders.net\/wp-content\/uploads\/2023\/08\/hydraulic-cylinder-product-1-480x252.webp 480w\" sizes=\"(min-width: 0px) and (max-width: 480px) 480px, (min-width: 481px) 495px, 100vw\" \/> <img loading=\"lazy\" decoding=\"async\" class=\"alignnone wp-image-627\" src=\"https:\/\/hydraulic-cylinders.net\/wp-content\/uploads\/2023\/08\/hydraulic-cylinder-product-2-300x189.webp\" alt=\"\" width=\"413\" height=\"260\" \/><\/p>\n<h3>(2) Obr\u00e1b\u011bn\u00ed<\/h3>\n<p>Obrobna je vybavena zak\u00e1zkov\u00fdm soustru\u017enick\u00fdm centrem pro \u0161ikm\u00e9 kolejnice, obr\u00e1b\u011bc\u00edm centrem, vysokorychlostn\u00edm honovac\u00edm strojem, sva\u0159ovac\u00edm robotem a dal\u0161\u00edm souvisej\u00edc\u00edm za\u0159\u00edzen\u00edm, kter\u00e9 zvl\u00e1dne obr\u00e1b\u011bn\u00ed v\u00e1lcov\u00fdch trubek s maxim\u00e1ln\u00edm vnit\u0159n\u00edm pr\u016fm\u011brem 400 mm a maxim\u00e1ln\u00ed d\u00e9lkou 6 metr\u016f.<\/p>\n<p><img loading=\"lazy\" decoding=\"async\" class=\"alignnone wp-image-628 size-large\" src=\"https:\/\/hydraulic-cylinders.net\/wp-content\/uploads\/2023\/08\/hydraulic-cylinder-product-3-1024x391.webp\" alt=\"\" width=\"1024\" height=\"391\" srcset=\"https:\/\/hydraulic-cylinders.net\/wp-content\/uploads\/2023\/08\/hydraulic-cylinder-product-3-980x374.webp 980w, https:\/\/hydraulic-cylinders.net\/wp-content\/uploads\/2023\/08\/hydraulic-cylinder-product-3-480x183.webp 480w\" sizes=\"(min-width: 0px) and (max-width: 480px) 480px, (min-width: 481px) and (max-width: 980px) 980px, (min-width: 981px) 1024px, 100vw\" \/><\/p>\n<h3>(3) Sva\u0159ov\u00e1n\u00ed<\/h3>\n<p><img loading=\"lazy\" decoding=\"async\" class=\"alignnone wp-image-629 size-large\" src=\"https:\/\/hydraulic-cylinders.net\/wp-content\/uploads\/2023\/08\/hydraulic-cylinder-product-4-1024x510.webp\" alt=\"\" width=\"1024\" height=\"510\" srcset=\"https:\/\/hydraulic-cylinders.net\/wp-content\/uploads\/2023\/08\/hydraulic-cylinder-product-4-980x488.webp 980w, https:\/\/hydraulic-cylinders.net\/wp-content\/uploads\/2023\/08\/hydraulic-cylinder-product-4-480x239.webp 480w\" sizes=\"(min-width: 0px) and (max-width: 480px) 480px, (min-width: 481px) and (max-width: 980px) 980px, (min-width: 981px) 1024px, 100vw\" \/><\/p>\n<h3>(4) Lakov\u00e1n\u00ed a n\u00e1t\u011bry<\/h3>\n<p>S mal\u00fdmi a st\u0159edn\u00edmi v\u00e1lcov\u00fdmi automatick\u00fdmi linkami na nan\u00e1\u0161en\u00ed barev na vodn\u00ed b\u00e1zi, pro dosa\u017een\u00ed automatick\u00e9ho robotick\u00e9ho nakl\u00e1d\u00e1n\u00ed a vykl\u00e1d\u00e1n\u00ed a automatick\u00e9ho st\u0159\u00edk\u00e1n\u00ed, je konstruk\u010dn\u00ed kapacita 4000 kus\u016f za sm\u011bnu;<br \/>\nM\u00e1me tak\u00e9 poloautomatickou linku na v\u00fdrobu barev pro velk\u00e9 tlakov\u00e9 lahve poh\u00e1n\u011bn\u00e9 \u0159et\u011bzem s konstruk\u010dn\u00ed kapacitou 60 lahv\u00ed za sm\u011bnu.<\/p>\n<p><img loading=\"lazy\" decoding=\"async\" class=\"alignnone wp-image-630\" src=\"https:\/\/hydraulic-cylinders.net\/wp-content\/uploads\/2023\/08\/hydraulic-cylinder-product-5-300x213.webp\" alt=\"\" width=\"366\" height=\"260\" \/> <img loading=\"lazy\" decoding=\"async\" class=\"alignnone wp-image-631\" src=\"https:\/\/hydraulic-cylinders.net\/wp-content\/uploads\/2023\/08\/hydraulic-cylinder-product-6-300x225.webp\" alt=\"\" width=\"347\" height=\"260\" \/><\/p>\n<h3>(5) Testov\u00e1n\u00ed<\/h3>\n<p>Disponujeme prvot\u0159\u00eddn\u00edmi inspek\u010dn\u00edmi za\u0159\u00edzen\u00edmi a zku\u0161ebn\u00edmi laborato\u0159emi, abychom zajistili, \u017ee v\u00fdkon v\u00e1lce spl\u0148uje po\u017eadavky.<\/p>\n<p><img loading=\"lazy\" decoding=\"async\" class=\"alignnone wp-image-632\" src=\"https:\/\/hydraulic-cylinders.net\/wp-content\/uploads\/2023\/08\/hydraulic-cylinder-product-8-300x200.webp\" alt=\"\" width=\"389\" height=\"260\" \/><\/p>\n<p>&nbsp;<\/p>\n<p>&nbsp;<\/p>\n<p>Jsme jedn\u00edm z nejlep\u0161\u00edch v\u00fdrobc\u016f hydraulick\u00fdch v\u00e1lc\u016f. Nab\u00edz\u00edme komplexn\u00ed hydraulick\u00e9 v\u00e1lce. Dod\u00e1v\u00e1me tak\u00e9 odpov\u00eddaj\u00edc\u00ed <a href=\"https:\/\/hzpt.com\/agricultural-pto-gearbox\/\" target=\"_blank\" rel=\"noopener\">zem\u011bd\u011blsk\u00e9 p\u0159evodovky<\/a>Na\u0161e v\u00fdrobky jsme exportovali klient\u016fm po cel\u00e9m sv\u011bt\u011b a d\u00edky vynikaj\u00edc\u00ed kvalit\u011b v\u00fdrobk\u016f a poprodejn\u00edmu servisu jsme si z\u00edskali dobrou pov\u011bst. V\u00edt\u00e1me z\u00e1kazn\u00edky doma i v zahrani\u010d\u00ed, kte\u0159\u00ed n\u00e1s kontaktuj\u00ed za \u00fa\u010delem vyjedn\u00e1v\u00e1n\u00ed obchodn\u00edch p\u0159\u00edle\u017eitost\u00ed, v\u00fdm\u011bny informac\u00ed a <a href=\"https:\/\/www.hydraulic-cylinders.net\/cs\/contact-us\/\">spolupracujte s n\u00e1mi<\/a>!<\/p>","protected":false},"excerpt":{"rendered":"<p>Trailing Suction Dredger Overflow Cylinder The trailing suction dredger overflow cylinder is a vital component in modern dredging equipment. Designed to optimize the performance of trailing suction dredgers, this cylinder plays a crucial role in managing the overflow system. The trailing suction dredger overflow cylinder is an essential component for achieving efficient and effective dredging [&hellip;]<\/p>","protected":false},"featured_media":1777,"comment_status":"open","ping_status":"closed","template":"","meta":{"_et_pb_use_builder":"","_et_pb_old_content":"","_et_gb_content_width":""},"product_brand":[],"product_cat":[1535,1549,1552,1376],"product_tag":[1380],"class_list":{"0":"post-1775","1":"product","2":"type-product","3":"status-publish","4":"has-post-thumbnail","6":"product_cat-dredger-hydraulic-cylinders","7":"product_cat-single-acting-hydraulic-cylinder","8":"product_cat-stainless-steel-hydraulic-cylinder","9":"product_cat-hydraulic-cylinder","10":"product_tag-hydraulic-cylinder","12":"first","13":"instock","14":"shipping-taxable","15":"product-type-simple"},"amp_enabled":true,"_links":{"self":[{"href":"https:\/\/www.hydraulic-cylinders.net\/cs\/wp-json\/wp\/v2\/product\/1775","targetHints":{"allow":["GET"]}}],"collection":[{"href":"https:\/\/www.hydraulic-cylinders.net\/cs\/wp-json\/wp\/v2\/product"}],"about":[{"href":"https:\/\/www.hydraulic-cylinders.net\/cs\/wp-json\/wp\/v2\/types\/product"}],"replies":[{"embeddable":true,"href":"https:\/\/www.hydraulic-cylinders.net\/cs\/wp-json\/wp\/v2\/comments?post=1775"}],"wp:featuredmedia":[{"embeddable":true,"href":"https:\/\/www.hydraulic-cylinders.net\/cs\/wp-json\/wp\/v2\/media\/1777"}],"wp:attachment":[{"href":"https:\/\/www.hydraulic-cylinders.net\/cs\/wp-json\/wp\/v2\/media?parent=1775"}],"wp:term":[{"taxonomy":"product_brand","embeddable":true,"href":"https:\/\/www.hydraulic-cylinders.net\/cs\/wp-json\/wp\/v2\/product_brand?post=1775"},{"taxonomy":"product_cat","embeddable":true,"href":"https:\/\/www.hydraulic-cylinders.net\/cs\/wp-json\/wp\/v2\/product_cat?post=1775"},{"taxonomy":"product_tag","embeddable":true,"href":"https:\/\/www.hydraulic-cylinders.net\/cs\/wp-json\/wp\/v2\/product_tag?post=1775"}],"curies":[{"name":"wp","href":"https:\/\/api.w.org\/{rel}","templated":true}]}}