{"id":1778,"date":"2023-10-13T07:48:25","date_gmt":"2023-10-13T07:48:25","guid":{"rendered":"https:\/\/hydraulic-cylinders.net\/?post_type=product&#038;p=1778"},"modified":"2025-04-15T05:54:51","modified_gmt":"2025-04-15T05:54:51","slug":"barge-split-cylinder","status":"publish","type":"product","link":"https:\/\/www.hydraulic-cylinders.net\/cs\/produkt\/barge-split-cylinder\/","title":{"rendered":"D\u011blen\u00fd v\u00e1lec pro \u010dluny"},"content":{"rendered":"<h1 style=\"text-align: center;\"><strong>D\u011blen\u00fd v\u00e1lec pro \u010dluny<\/strong><\/h1>\n<h1 style=\"text-align: center;\"><img loading=\"lazy\" decoding=\"async\" class=\"alignnone size-medium wp-image-1782\" src=\"https:\/\/hydraulic-cylinders.net\/wp-content\/uploads\/2023\/10\/split-cylinder-1-0-300x300.webp\" alt=\"\" width=\"300\" height=\"300\" \/><\/h1>\n<p>D\u011blen\u00fd hydraulick\u00fd v\u00e1lec pro \u010dluny je revolu\u010dn\u00ed produkt ur\u010den\u00fd k optimalizaci n\u00e1mo\u0159n\u00edch operac\u00ed, zejm\u00e9na p\u0159i p\u0159eprav\u011b a manipulaci se zbo\u017e\u00edm a materi\u00e1ly. Tento inovativn\u00ed hydraulick\u00fd v\u00e1lec nab\u00edz\u00ed \u0159adu funkc\u00ed a v\u00fdhod, kter\u00e9 zvy\u0161uj\u00ed efektivitu, bezpe\u010dnost a produktivitu.<\/p>\n<p>D\u011blen\u00fd hydraulick\u00fd v\u00e1lec pro \u010dluny nab\u00edz\u00ed \u0159adu funkc\u00ed a v\u00fdhod, kter\u00e9 zvy\u0161uj\u00ed efektivitu, bezpe\u010dnost a produktivitu v n\u00e1mo\u0159n\u00edch operac\u00edch. Jeho d\u011blen\u00e1 konstrukce, vysok\u00e1 nosnost, p\u0159esn\u00e9 ovl\u00e1d\u00e1n\u00ed a spolehliv\u00fd hydraulick\u00fd syst\u00e9m z n\u011bj \u010din\u00ed cennou volbu pro manipulaci s n\u00e1kladem, bagrov\u00e1n\u00ed a stavebn\u00ed pr\u00e1ce na mo\u0159i. Dodr\u017eov\u00e1n\u00edm doporu\u010den\u00fdch metod pou\u017e\u00edv\u00e1n\u00ed a postup\u016f \u00fadr\u017eby mohou oper\u00e1to\u0159i maximalizovat v\u00fdkon a \u017eivotnost d\u011blen\u00e9ho v\u00e1lce pro \u010dluny, co\u017e v kone\u010dn\u00e9m d\u016fsledku zlep\u0161uje efektivitu a \u00fa\u010dinnost n\u00e1mo\u0159n\u00edch operac\u00ed.<\/p>\n<p>Kl\u00ed\u010dov\u00e9 vlastnosti d\u011blen\u00e9ho v\u00e1lce pro \u010dluny:<\/p>\n<ol>\n<li>D\u011blen\u00fd design pro v\u0161estrannost:<\/li>\n<\/ol>\n<ul>\n<li>D\u011blen\u00fd v\u00e1lec pro bar\u017ee se vyzna\u010duje unik\u00e1tn\u00edm d\u011blen\u00fdm designem, kter\u00fd umo\u017e\u0148uje snadnou instalaci a demont\u00e1\u017e.<\/li>\n<li>This design enables the cylinder&#8217;s swift and efficient attachment or detachment, ensuring flexibility and adaptability for various marine applications.<\/li>\n<\/ul>\n<ol start=\"2\">\n<li>Vysok\u00e1 nosnost:<\/li>\n<\/ol>\n<ul>\n<li>V\u00e1lec se py\u0161n\u00ed robustn\u00ed konstrukc\u00ed, kter\u00e1 je schopna odolat t\u011b\u017ek\u00e9mu zat\u00ed\u017een\u00ed a drsn\u00fdm n\u00e1mo\u0159n\u00edm podm\u00ednk\u00e1m.<\/li>\n<li>D\u00edky sv\u00e9 vysok\u00e9 nosnosti je vhodn\u00fd pro n\u00e1mo\u0159n\u00ed operace, v\u010detn\u011b manipulace s n\u00e1kladem, bagrov\u00e1n\u00ed a v\u00fdstavby na mo\u0159i.<\/li>\n<\/ul>\n<ol start=\"3\">\n<li>P\u0159esn\u00e9 ovl\u00e1d\u00e1n\u00ed a polohov\u00e1n\u00ed:<\/li>\n<\/ol>\n<ul>\n<li>D\u011blen\u00fd v\u00e1lec pro \u010dluny nab\u00edz\u00ed p\u0159esn\u00e9 ovl\u00e1d\u00e1n\u00ed a polohov\u00e1n\u00ed, co\u017e umo\u017e\u0148uje p\u0159esnou manipulaci s b\u0159emeny nebo materi\u00e1ly.<\/li>\n<li>Oper\u00e1to\u0159i mohou dos\u00e1hnout plynul\u00fdch a kontrolovan\u00fdch pohyb\u016f, co\u017e zaji\u0161\u0165uje p\u0159esn\u00e9 um\u00edst\u011bn\u00ed a vyrovn\u00e1n\u00ed b\u011bhem manipulace s n\u00e1kladem nebo jin\u00fdch n\u00e1mo\u0159n\u00edch operac\u00ed.<\/li>\n<\/ul>\n<ol start=\"4\">\n<li>Spolehliv\u00fd hydraulick\u00fd syst\u00e9m:<\/li>\n<\/ol>\n<ul>\n<li>V\u00e1lec je vybaven spolehliv\u00fdm hydraulick\u00fdm syst\u00e9mem a zaji\u0161\u0165uje konzistentn\u00ed v\u00fdkon a plynul\u00fd provoz.<\/li>\n<li>Hydraulick\u00fd syst\u00e9m poskytuje dostate\u010dn\u00fd v\u00fdkon a ovl\u00e1d\u00e1n\u00ed, co\u017e umo\u017e\u0148uje bezprobl\u00e9mov\u00fd a efektivn\u00ed provoz v\u00e1lce v n\u00e1ro\u010dn\u00e9m n\u00e1mo\u0159n\u00edm prost\u0159ed\u00ed.<\/li>\n<\/ul>\n<h2><strong>Parametr d\u011blen\u00e9ho v\u00e1lce pro \u010dlun:<\/strong><\/h2>\n<table border=\"1\" cellspacing=\"0\" cellpadding=\"0\">\n<tbody>\n<tr>\n<td>N\u00e1zev produktu<\/td>\n<td>D\u011blen\u00fd \u010dlun D\u011blen\u00fd v\u00e1lec<\/td>\n<\/tr>\n<tr>\n<td>Vlastnosti:<\/td>\n<td>Uzav\u0159en\u00fd trup<\/td>\n<\/tr>\n<tr>\n<td>Pr\u016fm\u011br otvoru:<\/td>\n<td>A\u017e 550 mm<\/td>\n<\/tr>\n<tr>\n<td>Pr\u016fm\u011br ty\u010de:<\/td>\n<td>A\u017e 280 mm<br \/>\nZdvih \u2264 1000 mm<\/td>\n<\/tr>\n<tr>\n<td>Ta\u017en\u00e1 s\u00edla:<\/td>\n<td>A\u017e 6000 kN<\/td>\n<\/tr>\n<tr>\n<td>Tlak:<\/td>\n<td>A\u017e 38 MPa<\/td>\n<\/tr>\n<tr>\n<td>Aplikace:<\/td>\n<td>Rozd\u011blen\u00e1 lo\u010f<\/td>\n<\/tr>\n<\/tbody>\n<\/table>\n<div><\/div>\n<div>\n<div class=\"txtboxL\">\n<div class=\"txtboxL\">\n<div class=\"txtboxL\">\n<div class=\"txtboxL\">\n<div class=\"txtboxL\">Vlastnosti:<\/div>\n<div class=\"txtboxR\">Uzav\u0159en\u00fd trup<\/div>\n<div class=\"txtboxL\">Specifikace:<\/div>\n<div class=\"txtboxR\">Pr\u016fm\u011br otvoru: a\u017e 550 mm<br \/>\nPr\u016fm\u011br ty\u010de: a\u017e 280 mm<br \/>\nZdvih \u2264 1000 mm<\/div>\n<div class=\"txtboxL\">Ta\u017en\u00e1 s\u00edla:<\/div>\n<div class=\"txtboxR\">a\u017e 6000 kN<\/div>\n<div class=\"txtboxL\">tlak:<\/div>\n<div class=\"txtboxR\">a\u017e 38 MPa<\/div>\n<\/div>\n<\/div>\n<\/div>\n<\/div>\n<\/div>\n<h2><strong>Pou\u017eit\u00ed d\u011blen\u00e9ho v\u00e1lce pro \u010dluny:<\/strong><\/h2>\n<p><img loading=\"lazy\" decoding=\"async\" class=\"alignnone wp-image-1780 size-full\" src=\"https:\/\/hydraulic-cylinders.net\/wp-content\/uploads\/2023\/10\/split-barge-cylinder-1.webp\" alt=\"\" width=\"1418\" height=\"946\" srcset=\"https:\/\/hydraulic-cylinders.net\/wp-content\/uploads\/2023\/10\/split-barge-cylinder-1.webp 1418w, https:\/\/hydraulic-cylinders.net\/wp-content\/uploads\/2023\/10\/split-barge-cylinder-1-1280x854.webp 1280w, https:\/\/hydraulic-cylinders.net\/wp-content\/uploads\/2023\/10\/split-barge-cylinder-1-980x654.webp 980w, https:\/\/hydraulic-cylinders.net\/wp-content\/uploads\/2023\/10\/split-barge-cylinder-1-480x320.webp 480w\" sizes=\"(min-width: 0px) and (max-width: 480px) 480px, (min-width: 481px) and (max-width: 980px) 980px, (min-width: 981px) and (max-width: 1280px) 1280px, (min-width: 1281px) 1418px, 100vw\" \/><\/p>\n<h2><strong>Zp\u016fsob pou\u017eit\u00ed d\u011blen\u00e9ho v\u00e1lce pro \u010dluny<\/strong><strong>:<\/strong><\/h2>\n<ol>\n<li><strong>Instalace:<\/strong><\/li>\n<\/ol>\n<ul>\n<li>Za\u010dn\u011bte zaji\u0161t\u011bn\u00edm bezpe\u010dn\u00e9ho a stabiln\u00edho z\u00e1kladu pro \u010dlun nebo plavidlo.<\/li>\n<li>Um\u00edst\u011bte d\u011blen\u00fd v\u00e1lec \u010dlunu na po\u017eadovan\u00e9 m\u00edsto na \u010dlunu a zajist\u011bte jeho spr\u00e1vn\u00e9 vyrovn\u00e1n\u00ed s n\u00e1kladem nebo materi\u00e1lem, se kter\u00fdm se m\u00e1 manipulovat.<\/li>\n<li>Securely attach the cylinder using the appropriate mounting hardware and follow the manufacturer&#8217;s guidelines for torque specifications.<\/li>\n<\/ul>\n<ol start=\"2\">\n<li><strong>Hydraulick\u00e9 p\u0159ipojen\u00ed:<\/strong><\/li>\n<\/ol>\n<ul>\n<li>Connect the hydraulic hoses from the barge&#8217;s system to the barge split cylinder.<\/li>\n<li>Ujist\u011bte se, \u017ee jsou spoje t\u011bsn\u00e9 a bez \u00fanik\u016f.<\/li>\n<li>Check the hydraulic system&#8217;s pressure and flow settings to ensure compatibility with the cylinder&#8217;s requirements.<\/li>\n<\/ul>\n<ol start=\"3\">\n<li><strong>Manipulace s n\u00e1kladem:<\/strong><\/li>\n<\/ol>\n<ul>\n<li>Activate the barge&#8217;s hydraulic system and operate the controls to extend or retract the Barge Split Cylinder as needed.<\/li>\n<li>Vyu\u017eijte p\u0159esn\u00e9 ovl\u00e1dac\u00ed prvky k p\u0159esn\u00e9 a efektivn\u00ed manipulaci s n\u00e1kladem nebo materi\u00e1lem.<\/li>\n<li>B\u011bhem manipulace sledujte n\u00e1klad, abyste zajistili bezpe\u010dn\u00fd a spolehliv\u00fd provoz.<\/li>\n<\/ul>\n<h2><strong>Jak vyjmout hydraulick\u00fd v\u00e1lec ze \u017eidle?<\/strong><\/h2>\n<p>K demont\u00e1\u017ei hydraulick\u00e9ho v\u00e1lce ze \u017eidle budete pot\u0159ebovat n\u011bkolik z\u00e1kladn\u00edch n\u00e1stroj\u016f a postupujte podle t\u011bchto podrobn\u00fdch pokyn\u016f:<\/p>\n<ol>\n<li><strong>P\u0159ipravte si pot\u0159ebn\u00e9 n\u00e1stroje:<\/strong>\n<ul>\n<li>Nastaviteln\u00fd kl\u00ed\u010d nebo trubkov\u00fd kl\u00ed\u010d<\/li>\n<li>Gumov\u00e9 kladivo nebo kladivo<\/li>\n<li>\u0160roubov\u00e1k (pokud je pot\u0159eba)<\/li>\n<\/ul>\n<\/li>\n<li><strong>P\u0159ipravte si pracovn\u00ed prostor:<\/strong>\n<ul>\n<li>Ujist\u011bte se, \u017ee m\u00e1te k dispozici \u010dist\u00fd a dob\u0159e osv\u011btlen\u00fd prostor pro pr\u00e1ci.<\/li>\n<li>Na podlahu polo\u017ete l\u00e1tku nebo ochrann\u00fd kryt, abyste zabr\u00e1nili po\u0161kozen\u00ed \u017eidle nebo jej\u00edho okol\u00ed.<\/li>\n<\/ul>\n<\/li>\n<li><strong>Vyhledejte body p\u0159ipojen\u00ed:<\/strong>\n<ul>\n<li>Prohl\u00e9dn\u011bte si \u017eidli a zjist\u011bte, kde se nach\u00e1zej\u00ed upev\u0148ovac\u00ed body hydraulick\u00e9ho v\u00e1lce. Ty se obvykle nach\u00e1zej\u00ed pod sed\u00e1kem \u017eidle.<\/li>\n<li>Hledejte p\u0159\u00edpadn\u00e9 kryty nebo ochrann\u00e9 uz\u00e1v\u011bry, kter\u00e9 by mohly zakr\u00fdvat upev\u0148ovac\u00ed body.<\/li>\n<\/ul>\n<\/li>\n<li><strong>Odstra\u0148te v\u0161echny kryty nebo v\u00ed\u010dka:<\/strong>\n<ul>\n<li>Pokud jsou na upev\u0148ovac\u00edch bodech n\u011bjak\u00e9 kryty nebo z\u00e1slepky, odstra\u0148te je pomoc\u00ed \u0161roubov\u00e1ku nebo prst\u016f.<\/li>\n<li>Kryty nebo v\u00ed\u010dka odlo\u017ete na bezpe\u010dn\u00e9 m\u00edsto.<\/li>\n<\/ul>\n<\/li>\n<li><strong>Povolte pojistnou matici:<\/strong>\n<ul>\n<li>Pomoc\u00ed nastaviteln\u00e9ho kl\u00ed\u010de nebo trubkov\u00e9ho kl\u00ed\u010de uchopte pojistnou matici v horn\u00ed \u010d\u00e1sti hydraulick\u00e9ho v\u00e1lce.<\/li>\n<li>Ot\u00e1\u010den\u00edm kl\u00ed\u010de proti sm\u011bru hodinov\u00fdch ru\u010di\u010dek povolte matici.<\/li>\n<li>Upozor\u0148ujeme, \u017ee n\u011bkter\u00e9 \u017eidle mohou m\u00edt m\u00edsto matice pojistnou sponu. V takov\u00fdch p\u0159\u00edpadech bude mo\u017en\u00e1 nutn\u00e9 sponu odstranit pomoc\u00ed kle\u0161t\u00ed nebo \u0161roubov\u00e1ku.<\/li>\n<\/ul>\n<\/li>\n<li><strong>Vyjm\u011bte v\u00e1lec ze z\u00e1kladny \u017eidle:<\/strong>\n<ul>\n<li>Po uvoln\u011bn\u00ed upev\u0148ovac\u00ed matice pevn\u011b uchopte sed\u00e1k \u017eidle jednou rukou, abyste jej stabilizovali.<\/li>\n<li>Druhou rukou pevn\u011b uchopte horn\u00ed \u010d\u00e1st hydraulick\u00e9ho v\u00e1lce.<\/li>\n<li>Zatla\u010dte a oto\u010dte v\u00e1lec sm\u011brem nahoru, abyste jej odd\u011blili od z\u00e1kladny \u017eidle.<\/li>\n<li>Pokud je v\u00e1lec zaseknut\u00fd, m\u016f\u017eete na n\u011bj jemn\u011b poklepat gumovou klad\u00edvkem nebo kladivem, abyste ho uvolnili.<\/li>\n<\/ul>\n<\/li>\n<li><strong>Zkontrolujte a vy\u010dist\u011bte:<\/strong>\n<ul>\n<li>Po demont\u00e1\u017ei hydraulick\u00e9ho v\u00e1lce jej zkontrolujte, zda nevykazuje zn\u00e1mky po\u0161kozen\u00ed nebo opot\u0159eben\u00ed.<\/li>\n<li>V p\u0159\u00edpad\u011b pot\u0159eby o\u010dist\u011bte v\u00e1lec a z\u00e1kladnu k\u0159esla had\u0159\u00edkem nebo jemn\u00fdm \u010distic\u00edm roztokem.<\/li>\n<li>Zkontrolujte upev\u0148ovac\u00ed body na \u017eidli, zda jsou \u010dist\u00e9 a bez ne\u010distot.<\/li>\n<\/ul>\n<\/li>\n<li><strong>V\u00fdm\u011bna nebo \u00fadr\u017eba:<\/strong>\n<ul>\n<li>If you are removing the hydraulic cylinder for maintenance or replacement purposes, follow the manufacturer&#8217;s instructions for the specific model of the chair.<\/li>\n<li>Pokud je v\u00e1lec po\u0161kozen\u00fd nebo nefunk\u010dn\u00ed, obra\u0165te se na v\u00fdrobce nebo specialistu na opravy \u017eidl\u00ed, aby v\u00e1m zajistil vhodnou n\u00e1hradu.<\/li>\n<\/ul>\n<\/li>\n<\/ol>\n<h2><strong>Schopnosti a kapacita tov\u00e1rny:<\/strong><\/h2>\n<h3>(1) Mont\u00e1\u017e<\/h3>\n<p>Disponujeme prvot\u0159\u00eddn\u00ed nez\u00e1vislou v\u00fdzkumnou a v\u00fdvojovou mont\u00e1\u017en\u00ed platformou. D\u00edlna na v\u00fdrobu hydraulick\u00fdch v\u00e1lc\u016f m\u00e1 \u010dty\u0159i poloautomatick\u00e9 mont\u00e1\u017en\u00ed linky pro zvedac\u00ed v\u00e1lce a jednu automatickou mont\u00e1\u017en\u00ed linku pro nakl\u00e1p\u011bc\u00ed v\u00e1lce s projektovanou ro\u010dn\u00ed v\u00fdrobn\u00ed kapacitou 1 milion kus\u016f. D\u00edlna na speci\u00e1ln\u00ed v\u00e1lce je vybavena poloautomatick\u00fdm \u010distic\u00edm mont\u00e1\u017en\u00edm syst\u00e9mem s r\u016fzn\u00fdmi specifikacemi a projektovanou ro\u010dn\u00ed v\u00fdrobn\u00ed kapacitou 200 000 kus\u016f a je vybavena zn\u00e1m\u00fdm CNC obr\u00e1b\u011bc\u00edm za\u0159\u00edzen\u00edm, obr\u00e1b\u011bc\u00edm centrem, vysoce p\u0159esn\u00fdm speci\u00e1ln\u00edm za\u0159\u00edzen\u00edm pro zpracov\u00e1n\u00ed v\u00e1lc\u016f, robotick\u00fdm sva\u0159ovac\u00edm strojem, automatick\u00fdm \u010distic\u00edm strojem, automatick\u00fdm mont\u00e1\u017en\u00edm strojem pro v\u00e1lce a automatickou lakovac\u00ed v\u00fdrobn\u00ed linkou. St\u00e1vaj\u00edc\u00ed kritick\u00e9 vybaven\u00ed m\u00e1 v\u00edce ne\u017e 300 sad. Optim\u00e1ln\u00ed alokace a efektivn\u00ed vyu\u017eit\u00ed zdroj\u016f za\u0159\u00edzen\u00ed zaji\u0161\u0165uje po\u017eadavky na p\u0159esnost v\u00fdrobk\u016f a spl\u0148uje po\u017eadavky na vysokou kvalitu v\u00fdrobk\u016f.<\/p>\n<p><img loading=\"lazy\" decoding=\"async\" class=\"alignnone wp-image-626\" src=\"https:\/\/hydraulic-cylinders.net\/wp-content\/uploads\/2023\/08\/hydraulic-cylinder-product-1-300x158.webp\" alt=\"\" width=\"495\" height=\"260\" srcset=\"https:\/\/hydraulic-cylinders.net\/wp-content\/uploads\/2023\/08\/hydraulic-cylinder-product-1-300x158.webp 495w, https:\/\/hydraulic-cylinders.net\/wp-content\/uploads\/2023\/08\/hydraulic-cylinder-product-1-480x252.webp 480w\" sizes=\"(min-width: 0px) and (max-width: 480px) 480px, (min-width: 481px) 495px, 100vw\" \/> <img loading=\"lazy\" decoding=\"async\" class=\"alignnone wp-image-627\" src=\"https:\/\/hydraulic-cylinders.net\/wp-content\/uploads\/2023\/08\/hydraulic-cylinder-product-2-300x189.webp\" alt=\"\" width=\"413\" height=\"260\" \/><\/p>\n<h3>(2) Obr\u00e1b\u011bn\u00ed<\/h3>\n<p>Obrobna je vybavena zak\u00e1zkov\u00fdm soustru\u017enick\u00fdm centrem pro \u0161ikm\u00e9 kolejnice, obr\u00e1b\u011bc\u00edm centrem, vysokorychlostn\u00edm honovac\u00edm strojem, sva\u0159ovac\u00edm robotem a dal\u0161\u00edm souvisej\u00edc\u00edm za\u0159\u00edzen\u00edm, kter\u00e9 zvl\u00e1dne obr\u00e1b\u011bn\u00ed v\u00e1lcov\u00fdch trubek s maxim\u00e1ln\u00edm vnit\u0159n\u00edm pr\u016fm\u011brem 400 mm a maxim\u00e1ln\u00ed d\u00e9lkou 6 metr\u016f.<\/p>\n<p><img loading=\"lazy\" decoding=\"async\" class=\"alignnone wp-image-628 size-large\" src=\"https:\/\/hydraulic-cylinders.net\/wp-content\/uploads\/2023\/08\/hydraulic-cylinder-product-3-1024x391.webp\" alt=\"\" width=\"1024\" height=\"391\" srcset=\"https:\/\/hydraulic-cylinders.net\/wp-content\/uploads\/2023\/08\/hydraulic-cylinder-product-3-980x374.webp 980w, https:\/\/hydraulic-cylinders.net\/wp-content\/uploads\/2023\/08\/hydraulic-cylinder-product-3-480x183.webp 480w\" sizes=\"(min-width: 0px) and (max-width: 480px) 480px, (min-width: 481px) and (max-width: 980px) 980px, (min-width: 981px) 1024px, 100vw\" \/><\/p>\n<h3>(3) Sva\u0159ov\u00e1n\u00ed<\/h3>\n<p><img loading=\"lazy\" decoding=\"async\" class=\"alignnone wp-image-629 size-large\" src=\"https:\/\/hydraulic-cylinders.net\/wp-content\/uploads\/2023\/08\/hydraulic-cylinder-product-4-1024x510.webp\" alt=\"\" width=\"1024\" height=\"510\" srcset=\"https:\/\/hydraulic-cylinders.net\/wp-content\/uploads\/2023\/08\/hydraulic-cylinder-product-4-980x488.webp 980w, https:\/\/hydraulic-cylinders.net\/wp-content\/uploads\/2023\/08\/hydraulic-cylinder-product-4-480x239.webp 480w\" sizes=\"(min-width: 0px) and (max-width: 480px) 480px, (min-width: 481px) and (max-width: 980px) 980px, (min-width: 981px) 1024px, 100vw\" \/><\/p>\n<h3>(4) Lakov\u00e1n\u00ed a n\u00e1t\u011bry<\/h3>\n<p>S mal\u00fdmi a st\u0159edn\u00edmi v\u00e1lcov\u00fdmi automatick\u00fdmi linkami na nan\u00e1\u0161en\u00ed barev na vodn\u00ed b\u00e1zi, pro dosa\u017een\u00ed automatick\u00e9ho robotick\u00e9ho nakl\u00e1d\u00e1n\u00ed a vykl\u00e1d\u00e1n\u00ed a automatick\u00e9ho st\u0159\u00edk\u00e1n\u00ed, je konstruk\u010dn\u00ed kapacita 4000 kus\u016f za sm\u011bnu;<br \/>\nM\u00e1me tak\u00e9 poloautomatickou linku na v\u00fdrobu barev pro velk\u00e9 tlakov\u00e9 lahve poh\u00e1n\u011bn\u00e9 \u0159et\u011bzem s konstruk\u010dn\u00ed kapacitou 60 lahv\u00ed za sm\u011bnu.<\/p>\n<p><img loading=\"lazy\" decoding=\"async\" class=\"alignnone wp-image-630\" src=\"https:\/\/hydraulic-cylinders.net\/wp-content\/uploads\/2023\/08\/hydraulic-cylinder-product-5-300x213.webp\" alt=\"\" width=\"366\" height=\"260\" \/> <img loading=\"lazy\" decoding=\"async\" class=\"alignnone wp-image-631\" src=\"https:\/\/hydraulic-cylinders.net\/wp-content\/uploads\/2023\/08\/hydraulic-cylinder-product-6-300x225.webp\" alt=\"\" width=\"347\" height=\"260\" \/><\/p>\n<h3>(5) Testov\u00e1n\u00ed<\/h3>\n<p>Disponujeme prvot\u0159\u00eddn\u00edmi inspek\u010dn\u00edmi za\u0159\u00edzen\u00edmi a zku\u0161ebn\u00edmi laborato\u0159emi, abychom zajistili, \u017ee v\u00fdkon v\u00e1lce spl\u0148uje po\u017eadavky.<\/p>\n<p><img loading=\"lazy\" decoding=\"async\" class=\"alignnone wp-image-632\" src=\"https:\/\/hydraulic-cylinders.net\/wp-content\/uploads\/2023\/08\/hydraulic-cylinder-product-8-300x200.webp\" alt=\"\" width=\"389\" height=\"260\" \/><\/p>\n<p>&nbsp;<\/p>\n<p>&nbsp;<\/p>\n<p>Jsme jedn\u00edm z nejlep\u0161\u00edch v\u00fdrobc\u016f hydraulick\u00fdch v\u00e1lc\u016f. Nab\u00edz\u00edme komplexn\u00ed hydraulick\u00e9 v\u00e1lce. Dod\u00e1v\u00e1me tak\u00e9 odpov\u00eddaj\u00edc\u00ed <a href=\"https:\/\/hzpt.com\/agricultural-pto-gearbox\/\" target=\"_blank\" rel=\"noopener\">zem\u011bd\u011blsk\u00e9 p\u0159evodovky<\/a>Na\u0161e v\u00fdrobky jsme exportovali klient\u016fm po cel\u00e9m sv\u011bt\u011b a d\u00edky vynikaj\u00edc\u00ed kvalit\u011b v\u00fdrobk\u016f a poprodejn\u00edmu servisu jsme si z\u00edskali dobrou pov\u011bst. V\u00edt\u00e1me z\u00e1kazn\u00edky doma i v zahrani\u010d\u00ed, kte\u0159\u00ed n\u00e1s kontaktuj\u00ed za \u00fa\u010delem vyjedn\u00e1v\u00e1n\u00ed obchodn\u00edch p\u0159\u00edle\u017eitost\u00ed, v\u00fdm\u011bny informac\u00ed a <a href=\"https:\/\/www.hydraulic-cylinders.net\/cs\/contact-us\/\">spolupracujte s n\u00e1mi<\/a>!<\/p>","protected":false},"excerpt":{"rendered":"<p>Barge Split Cylinder The barge split cylinder is a revolutionary product designed to optimize marine operations, particularly in transporting and handling goods and materials. This innovative hydraulic cylinder offers a range of features and benefits that enhance efficiency, safety, and productivity. The barge split cylinder offers a range of features and benefits that enhance efficiency, [&hellip;]<\/p>","protected":false},"featured_media":1783,"comment_status":"open","ping_status":"closed","template":"","meta":{"_et_pb_use_builder":"","_et_pb_old_content":"","_et_gb_content_width":""},"product_brand":[],"product_cat":[1550,1536,1552,1376],"product_tag":[1380],"class_list":{"0":"post-1778","1":"product","2":"type-product","3":"status-publish","4":"has-post-thumbnail","6":"product_cat-double-acting-hydraulic-cylinder","7":"product_cat-offshore-platform-hydraulic-cylinders","8":"product_cat-stainless-steel-hydraulic-cylinder","9":"product_cat-hydraulic-cylinder","10":"product_tag-hydraulic-cylinder","12":"first","13":"instock","14":"shipping-taxable","15":"product-type-simple"},"amp_enabled":true,"_links":{"self":[{"href":"https:\/\/www.hydraulic-cylinders.net\/cs\/wp-json\/wp\/v2\/product\/1778","targetHints":{"allow":["GET"]}}],"collection":[{"href":"https:\/\/www.hydraulic-cylinders.net\/cs\/wp-json\/wp\/v2\/product"}],"about":[{"href":"https:\/\/www.hydraulic-cylinders.net\/cs\/wp-json\/wp\/v2\/types\/product"}],"replies":[{"embeddable":true,"href":"https:\/\/www.hydraulic-cylinders.net\/cs\/wp-json\/wp\/v2\/comments?post=1778"}],"wp:featuredmedia":[{"embeddable":true,"href":"https:\/\/www.hydraulic-cylinders.net\/cs\/wp-json\/wp\/v2\/media\/1783"}],"wp:attachment":[{"href":"https:\/\/www.hydraulic-cylinders.net\/cs\/wp-json\/wp\/v2\/media?parent=1778"}],"wp:term":[{"taxonomy":"product_brand","embeddable":true,"href":"https:\/\/www.hydraulic-cylinders.net\/cs\/wp-json\/wp\/v2\/product_brand?post=1778"},{"taxonomy":"product_cat","embeddable":true,"href":"https:\/\/www.hydraulic-cylinders.net\/cs\/wp-json\/wp\/v2\/product_cat?post=1778"},{"taxonomy":"product_tag","embeddable":true,"href":"https:\/\/www.hydraulic-cylinders.net\/cs\/wp-json\/wp\/v2\/product_tag?post=1778"}],"curies":[{"name":"wp","href":"https:\/\/api.w.org\/{rel}","templated":true}]}}