{"id":1828,"date":"2023-10-17T03:14:36","date_gmt":"2023-10-17T03:14:36","guid":{"rendered":"https:\/\/hydraulic-cylinders.net\/?post_type=product&#038;p=1828"},"modified":"2025-04-15T05:43:07","modified_gmt":"2025-04-15T05:43:07","slug":"empty-container-stacker-oil-tilt-cylinder","status":"publish","type":"product","link":"https:\/\/www.hydraulic-cylinders.net\/cs\/produkt\/empty-container-stacker-oil-tilt-cylinder\/","title":{"rendered":"Nakl\u00e1p\u011bc\u00ed v\u00e1lec olejov\u00e9ho stohova\u010de pr\u00e1zdn\u00fdch kontejner\u016f"},"content":{"rendered":"<h1 style=\"text-align: center;\"><strong>Nakl\u00e1p\u011bc\u00ed v\u00e1lec olejov\u00e9ho stohova\u010de pr\u00e1zdn\u00fdch kontejner\u016f<\/strong><\/h1>\n<h1 style=\"text-align: center;\"><img loading=\"lazy\" decoding=\"async\" class=\"alignnone wp-image-1829\" src=\"https:\/\/hydraulic-cylinders.net\/wp-content\/uploads\/2023\/10\/tilt-cylinder-1-2-300x300.webp\" alt=\"\" width=\"400\" height=\"400\" \/><\/h1>\n<p>Nakl\u00e1p\u011bc\u00ed olejov\u00fd v\u00e1lec pro stohov\u00e1n\u00ed pr\u00e1zdn\u00fdch kontejner\u016f je kl\u00ed\u010dovou hydraulickou sou\u010d\u00e1st\u00ed navr\u017eenou pro optimalizaci efektivity a bezpe\u010dnosti stohov\u00e1n\u00ed pr\u00e1zdn\u00fdch kontejner\u016f. Tento specializovan\u00fd v\u00e1lec je speci\u00e1ln\u011b navr\u017een pro \u0159\u00edzen\u00ed nakl\u00e1p\u011bc\u00edho pohybu rozmetadla kontejner\u016f, co\u017e umo\u017e\u0148uje p\u0159esn\u00e9 polohov\u00e1n\u00ed pr\u00e1zdn\u00fdch kontejner\u016f b\u011bhem stohov\u00e1n\u00ed nebo vykl\u00e1d\u00e1n\u00ed. D\u00edky sv\u00e9 robustn\u00ed konstrukci, pokro\u010dil\u00fdm funkc\u00edm a snadn\u00e9 integraci je nakl\u00e1p\u011bc\u00ed olejov\u00fd v\u00e1lec pro stohov\u00e1n\u00ed pr\u00e1zdn\u00fdch kontejner\u016f nezbytn\u00fdm n\u00e1strojem pro spole\u010dnosti, kter\u00e9 cht\u011bj\u00ed zlep\u0161it sv\u00e9 schopnosti manipulace s kontejnery.<\/p>\n<p>Olejov\u00fd nakl\u00e1p\u011bc\u00ed v\u00e1lec pro stohova\u010de pr\u00e1zdn\u00fdch kontejner\u016f je cenn\u00fdm dopl\u0148kem k stohova\u010d\u016fm pr\u00e1zdn\u00fdch kontejner\u016f, kter\u00fd poskytuje p\u0159esn\u00e9 ovl\u00e1d\u00e1n\u00ed nakl\u00e1p\u011bc\u00edho pohybu rozmetadla kontejner\u016f. D\u00edky zv\u00fd\u0161en\u00e9 \u00fa\u010dinnosti, robustn\u00ed konstrukci a integrovan\u00fdm bezpe\u010dnostn\u00edm prvk\u016fm tento v\u00e1lec optimalizuje manipulaci s kontejnery a umo\u017e\u0148uje obsluze p\u0159esn\u011b a efektivn\u011b umis\u0165ovat pr\u00e1zdn\u00e9 kontejnery a z\u00e1rove\u0148 zaji\u0161\u0165uje bezpe\u010dnost provozu. Dodr\u017eov\u00e1n\u00edm doporu\u010den\u00fdch metod pou\u017e\u00edv\u00e1n\u00ed a prov\u00e1d\u011bn\u00edm pravideln\u00fdch postup\u016f \u00fadr\u017eby mohou spole\u010dnosti maximalizovat v\u00fdkon, \u017eivotnost a bezpe\u010dnost manipulace s kontejnery. S olejov\u00fdm nakl\u00e1p\u011bc\u00edm v\u00e1lcem pro stohova\u010de pr\u00e1zdn\u00fdch kontejner\u016f mohou firmy zv\u00fd\u0161it produktivitu, v\u0161estrannost a bezpe\u010dnost p\u0159i stohov\u00e1n\u00ed nebo vykl\u00e1d\u00e1n\u00ed kontejner\u016f, co\u017e zaji\u0161\u0165uje efektivn\u00ed a \u00fasp\u011b\u0161n\u00fd provoz v n\u00e1ro\u010dn\u00e9m odv\u011btv\u00ed manipulace s kontejnery.<\/p>\n<p>Kl\u00ed\u010dov\u00e9 vlastnosti nakl\u00e1p\u011bc\u00edho v\u00e1lce pro olejov\u00fd stohova\u010d pr\u00e1zdn\u00fdch kontejner\u016f:<\/p>\n<ol>\n<li>P\u0159esn\u00e9 ovl\u00e1d\u00e1n\u00ed n\u00e1klonu: Olejov\u00fd v\u00e1lec pro nakl\u00e1p\u011bn\u00ed umo\u017e\u0148uje p\u0159esn\u00e9 ovl\u00e1d\u00e1n\u00ed n\u00e1klonu rozmetadla kontejner\u016f. To umo\u017e\u0148uje obsluze p\u0159esn\u011b nastavit \u00fahel kontejneru, co\u017e zaji\u0161\u0165uje optim\u00e1ln\u00ed polohu pro stohov\u00e1n\u00ed a vykl\u00e1d\u00e1n\u00ed a z\u00e1rove\u0148 minimalizuje riziko nehod nebo po\u0161kozen\u00ed b\u011bhem manipulace.<\/li>\n<li>Zv\u00fd\u0161en\u00e1 \u00fa\u010dinnost: Konstrukce v\u00e1lce umo\u017e\u0148uje rychl\u00e9 a efektivn\u00ed nakl\u00e1p\u011bn\u00ed rozmetadla kontejner\u016f. To umo\u017e\u0148uje rychl\u00e9 polohov\u00e1n\u00ed kontejner\u016f a zkracuje celkovou dobu cyklu stohov\u00e1n\u00ed nebo vykl\u00e1d\u00e1n\u00ed, \u010d\u00edm\u017e se zvy\u0161uje produktivita a provozn\u00ed efektivita.<\/li>\n<li>Robustn\u00ed konstrukce: V\u00e1lec pro nakl\u00e1p\u011bn\u00ed oleje pro stohov\u00e1n\u00ed pr\u00e1zdn\u00fdch kontejner\u016f je vyroben z vysoce kvalitn\u00edch materi\u00e1l\u016f, v\u010detn\u011b odoln\u00fdch t\u011bsn\u011bn\u00ed a slitin odoln\u00fdch proti korozi. Je konstruov\u00e1n tak, aby odolal n\u00e1ro\u010dn\u00e9mu prost\u0159ed\u00ed manipulace s kontejnery. Jeho robustn\u00ed konstrukce zaji\u0161\u0165uje spolehliv\u00fd v\u00fdkon, dlouhou \u017eivotnost a minim\u00e1ln\u00ed po\u017eadavky na \u00fadr\u017ebu, co\u017e sni\u017euje provozn\u00ed prostoje.<\/li>\n<li>Integrovan\u00e9 bezpe\u010dnostn\u00ed prvky: Nakl\u00e1p\u011bc\u00ed v\u00e1lec m\u00e1 pokro\u010dil\u00e9 bezpe\u010dnostn\u00ed prvky, jako je ochrana proti p\u0159et\u00ed\u017een\u00ed a mechanismy nouzov\u00e9ho zastaven\u00ed. Tyto funkce pom\u00e1haj\u00ed p\u0159edch\u00e1zet p\u0159et\u00ed\u017een\u00ed rozmetadla a zaji\u0161\u0165uj\u00ed bezpe\u010dn\u00fd provoz p\u0159i manipulaci s kontejnery, \u010d\u00edm\u017e zvy\u0161uj\u00ed celkovou provozn\u00ed bezpe\u010dnost a sni\u017euj\u00ed riziko nehod.<\/li>\n<\/ol>\n<h2><strong>Parametr nakl\u00e1p\u011bc\u00edho v\u00e1lce olejov\u00e9ho stohova\u010de pr\u00e1zdn\u00fdch kontejner\u016f:<\/strong><\/h2>\n<table border=\"1\" cellspacing=\"0\" cellpadding=\"0\">\n<tbody>\n<tr>\n<td>N\u00e1zev produktu<\/td>\n<td>Nakl\u00e1p\u011bc\u00ed v\u00e1lec olejov\u00e9ho stohova\u010de pr\u00e1zdn\u00fdch kontejner\u016f<\/td>\n<\/tr>\n<tr>\n<td>Vlastnosti:<\/td>\n<td>Uv\u011bdomte si p\u0159edn\u00ed a zadn\u00ed k\u00fdv\u00e1n\u00ed sto\u017e\u00e1ru<\/td>\n<\/tr>\n<tr>\n<td>Pr\u016fm\u011br otvoru:<\/td>\n<td>100 mm\uff5e220 mm<\/td>\n<\/tr>\n<tr>\n<td>Pr\u016fm\u011br ty\u010de:<\/td>\n<td>60 mm\uff5e140 mm<br \/>\nZdvih \u2264 1000 mm<\/td>\n<\/tr>\n<tr>\n<td>Tlak:<\/td>\n<td>Maxim\u00e1ln\u011b 30 MPa<\/td>\n<\/tr>\n<tr>\n<td>Aplikace:<\/td>\n<td>Stohova\u010d pr\u00e1zdn\u00fdch kontejner\u016f<\/td>\n<\/tr>\n<\/tbody>\n<\/table>\n<h2><strong>Pou\u017eit\u00ed olejov\u00e9ho v\u00e1lce pro stohov\u00e1n\u00ed pr\u00e1zdn\u00fdch kontejner\u016f:<\/strong><\/h2>\n<p><img loading=\"lazy\" decoding=\"async\" class=\"alignnone wp-image-1831 size-full\" src=\"https:\/\/hydraulic-cylinders.net\/wp-content\/uploads\/2023\/10\/empty-container-stacker-oil-cylinder-1.webp\" alt=\"\" width=\"1418\" height=\"946\" srcset=\"https:\/\/hydraulic-cylinders.net\/wp-content\/uploads\/2023\/10\/empty-container-stacker-oil-cylinder-1.webp 1418w, https:\/\/hydraulic-cylinders.net\/wp-content\/uploads\/2023\/10\/empty-container-stacker-oil-cylinder-1-1280x854.webp 1280w, https:\/\/hydraulic-cylinders.net\/wp-content\/uploads\/2023\/10\/empty-container-stacker-oil-cylinder-1-980x654.webp 980w, https:\/\/hydraulic-cylinders.net\/wp-content\/uploads\/2023\/10\/empty-container-stacker-oil-cylinder-1-480x320.webp 480w\" sizes=\"(min-width: 0px) and (max-width: 480px) 480px, (min-width: 481px) and (max-width: 980px) 980px, (min-width: 981px) and (max-width: 1280px) 1280px, (min-width: 1281px) 1418px, 100vw\" \/><\/p>\n<h2><strong>Zp\u016fsob pou\u017eit\u00ed pr\u00e1zdn\u00e9ho kontejnerov\u00e9ho stohovac\u00edho olejov\u00e9ho nakl\u00e1p\u011bc\u00edho v\u00e1lce<\/strong><strong>:<\/strong><\/h2>\n<ul>\n<li><strong>Instalace:<\/strong>\u00a0 Nainstalujte olejov\u00fd nakl\u00e1p\u011bc\u00ed v\u00e1lec pro stohov\u00e1n\u00ed pr\u00e1zdn\u00fdch kontejner\u016f na p\u0159\u00edslu\u0161n\u00e9 m\u00edsto na stohova\u010di pr\u00e1zdn\u00fdch kontejner\u016f. Zajist\u011bte spr\u00e1vn\u00e9 vyrovn\u00e1n\u00ed a bezpe\u010dn\u00e9 upevn\u011bn\u00ed v souladu s pokyny a specifikacemi v\u00fdrobce.<\/li>\n<li><strong>Hydraulick\u00e9 p\u0159ipojen\u00ed:<\/strong> P\u0159ipojte v\u00e1lec k hydraulick\u00e9mu syst\u00e9mu stohova\u010de pr\u00e1zdn\u00fdch kontejner\u016f a zajist\u011bte spr\u00e1vn\u00e9 veden\u00ed hydraulick\u00fdch potrub\u00ed a bezpe\u010dn\u00e9 p\u0159ipojen\u00ed. Pro zaji\u0161t\u011bn\u00ed bezpe\u010dn\u00e9ho a efektivn\u00edho provozu dodr\u017eujte doporu\u010den\u00ed v\u00fdrobce ohledn\u011b velikost\u00ed hadic, armatur a jmenovit\u00e9ho tlaku.<\/li>\n<li><strong>Ovl\u00e1d\u00e1n\u00ed a provoz:<\/strong> Nakl\u00e1p\u011bc\u00ed v\u00e1lec je obvykle ovl\u00e1d\u00e1n st\u00e1vaj\u00edc\u00edm \u0159\u00eddic\u00edm syst\u00e9mem stohova\u010de pr\u00e1zdn\u00fdch kontejner\u016f. Pomoc\u00ed ovl\u00e1dac\u00ed konzole nebo ovl\u00e1dac\u00edho panelu aktivujte hydraulick\u00fd obvod a upravte nakl\u00e1p\u011bc\u00ed pohyb rozmetadla kontejner\u016f podle pot\u0159eby b\u011bhem manipulace s kontejnery.<\/li>\n<\/ul>\n<h2><strong>Jak funguje hydraulick\u00fd v\u00fdtla\u010dn\u00fd v\u00e1lec?<\/strong><\/h2>\n<p>Hydraulick\u00fd posuvn\u00fd v\u00e1lec, zn\u00e1m\u00fd tak\u00e9 jako hydraulick\u00fd line\u00e1rn\u00ed aktu\u00e1tor nebo hydraulick\u00fd p\u00edst, je za\u0159\u00edzen\u00ed, kter\u00e9 p\u0159em\u011b\u0148uje hydraulick\u00fd tlak na line\u00e1rn\u00ed mechanickou s\u00edlu a pohyb. Skl\u00e1d\u00e1 se z v\u00e1lce, p\u00edstu a hydraulick\u00e9 kapaliny. Zde je n\u00e1vod, jak hydraulick\u00fd posuvn\u00fd v\u00e1lec funguje:<\/p>\n<ol>\n<li><strong>Konstrukce:<\/strong> Objemov\u00fd v\u00e1lec se skl\u00e1d\u00e1 z v\u00e1lcov\u00e9ho pouzdra s p\u00edstn\u00ed sestavou uvnit\u0159. P\u00edst je spojen s p\u00edstnic\u00ed, kter\u00e1 vy\u010dn\u00edv\u00e1 z jednoho konce v\u00e1lce.<\/li>\n<li><strong>Hydraulick\u00e1 kapalina:<\/strong> V\u00e1lec je napln\u011bn hydraulickou kapalinou (obvykle olejem), kter\u00e1 slou\u017e\u00ed jako pracovn\u00ed m\u00e9dium pro p\u0159enos s\u00edly. Kapalina je ulo\u017eena v z\u00e1sobn\u00edku a cirkuluje v\u00e1lcem pomoc\u00ed hydraulick\u00e9ho \u010derpadla.<\/li>\n<li><strong>Hydraulick\u00fd tlak:<\/strong> Hydraulick\u00fd tlak je generov\u00e1n hydraulick\u00fdm \u010derpadlem, kter\u00e9 vytv\u00e1\u0159\u00ed proud\u011bn\u00ed kapaliny do v\u00e1lce. Tlak je \u0159\u00edzen ventily a regulov\u00e1n hydraulick\u00fdm syst\u00e9mem.<\/li>\n<li><strong>Prodlu\u017eovac\u00ed zdvih:<\/strong> Kdy\u017e je na jednu stranu p\u00edstu aplikov\u00e1n hydraulick\u00fd tlak, p\u016fsob\u00ed na n\u011bj silou, kter\u00e1 zp\u016fsobuje pohyb p\u00edstu jedn\u00edm sm\u011brem. Tento prodlu\u017eovac\u00ed zdvih tla\u010d\u00ed p\u00edstnici ven a vytv\u00e1\u0159\u00ed line\u00e1rn\u00ed pohyb.<\/li>\n<li><strong>Zdvih zasunut\u00ed:<\/strong> Pro zasunut\u00ed p\u00edstu a p\u00edstnice se na opa\u010dnou stranu p\u00edstu aplikuje hydraulick\u00fd tlak. Tlakov\u00fd rozd\u00edl zp\u016fsob\u00ed, \u017ee se p\u00edst pohybuje v opa\u010dn\u00e9m sm\u011bru a p\u00edstnice se zasune zp\u011bt do v\u00e1lce.<\/li>\n<li><strong>Generov\u00e1n\u00ed s\u00edly:<\/strong> S\u00edla generovan\u00e1 hydraulick\u00fdm v\u00fdtla\u010dn\u00fdm v\u00e1lcem je v\u00fdsledkem tlaku p\u016fsob\u00edc\u00edho na efektivn\u00ed plochu p\u00edstu. \u010c\u00edm v\u011bt\u0161\u00ed je plocha p\u00edstu, t\u00edm v\u011bt\u0161\u00ed s\u00edlu lze vyvinout.<\/li>\n<li><strong>Ovl\u00e1d\u00e1n\u00ed a provoz:<\/strong> Hydraulick\u00fd tlak a pr\u016ftok jsou \u0159\u00edzeny ventily, kter\u00e9 jsou ovl\u00e1d\u00e1ny \u0159\u00eddic\u00edm syst\u00e9mem. Nastaven\u00edm ventil\u016f lze \u0159\u00eddit rychlost a sm\u011br pohybu v\u00e1lce.<\/li>\n<li><strong>Aplikace:<\/strong> Hydraulick\u00e9 posuvn\u00e9 v\u00e1lce se pou\u017e\u00edvaj\u00ed v r\u016fzn\u00fdch aplikac\u00edch, kter\u00e9 vy\u017eaduj\u00ed line\u00e1rn\u00ed pohyb a s\u00edlu, jako jsou stavebn\u00ed stroje, pr\u016fmyslov\u00e1 za\u0159\u00edzen\u00ed, syst\u00e9my pro manipulaci s materi\u00e1lem a automobilov\u00e9 aplikace.<\/li>\n<li><strong>\u00dadr\u017eba:<\/strong> Pravideln\u00e1 \u00fadr\u017eba hydraulick\u00e9ho v\u00fdtla\u010dn\u00e9ho v\u00e1lce zahrnuje kontrolu t\u011bsnosti, kontrolu t\u011bsn\u011bn\u00ed a t\u011bsn\u011bn\u00ed a zaji\u0161t\u011bn\u00ed spr\u00e1vn\u00e9 funkce ventil\u016f a \u0159\u00eddic\u00edch syst\u00e9m\u016f. Pro udr\u017een\u00ed optim\u00e1ln\u00edho v\u00fdkonu a prevenci kontaminace je d\u016fle\u017eit\u00e1 tak\u00e9 spr\u00e1vn\u00e1 filtrace a pravideln\u00e1 v\u00fdm\u011bna kapalin.<\/li>\n<\/ol>\n<h2><strong>Schopnosti a kapacita tov\u00e1rny:<\/strong><\/h2>\n<h3>(1) Mont\u00e1\u017e<\/h3>\n<p>Disponujeme prvot\u0159\u00eddn\u00ed nez\u00e1vislou v\u00fdzkumnou a v\u00fdvojovou mont\u00e1\u017en\u00ed platformou. D\u00edlna na v\u00fdrobu hydraulick\u00fdch v\u00e1lc\u016f m\u00e1 \u010dty\u0159i poloautomatick\u00e9 mont\u00e1\u017en\u00ed linky pro zvedac\u00ed v\u00e1lce a jednu automatickou mont\u00e1\u017en\u00ed linku pro nakl\u00e1p\u011bc\u00ed v\u00e1lce s projektovanou ro\u010dn\u00ed v\u00fdrobn\u00ed kapacitou 1 milion kus\u016f. D\u00edlna na speci\u00e1ln\u00ed v\u00e1lce je vybavena poloautomatick\u00fdm \u010distic\u00edm mont\u00e1\u017en\u00edm syst\u00e9mem s r\u016fzn\u00fdmi specifikacemi a projektovanou ro\u010dn\u00ed v\u00fdrobn\u00ed kapacitou 200 000 kus\u016f a je vybavena zn\u00e1m\u00fdm CNC obr\u00e1b\u011bc\u00edm za\u0159\u00edzen\u00edm, obr\u00e1b\u011bc\u00edm centrem, vysoce p\u0159esn\u00fdm speci\u00e1ln\u00edm za\u0159\u00edzen\u00edm pro zpracov\u00e1n\u00ed v\u00e1lc\u016f, robotick\u00fdm sva\u0159ovac\u00edm strojem, automatick\u00fdm \u010distic\u00edm strojem, automatick\u00fdm mont\u00e1\u017en\u00edm strojem pro v\u00e1lce a automatickou lakovac\u00ed v\u00fdrobn\u00ed linkou. St\u00e1vaj\u00edc\u00ed kritick\u00e9 vybaven\u00ed m\u00e1 v\u00edce ne\u017e 300 sad. Optim\u00e1ln\u00ed alokace a efektivn\u00ed vyu\u017eit\u00ed zdroj\u016f za\u0159\u00edzen\u00ed zaji\u0161\u0165uje po\u017eadavky na p\u0159esnost v\u00fdrobk\u016f a spl\u0148uje po\u017eadavky na vysokou kvalitu v\u00fdrobk\u016f.<\/p>\n<p><img loading=\"lazy\" decoding=\"async\" class=\"alignnone wp-image-626\" src=\"https:\/\/hydraulic-cylinders.net\/wp-content\/uploads\/2023\/08\/hydraulic-cylinder-product-1-300x158.webp\" alt=\"\" width=\"495\" height=\"260\" srcset=\"https:\/\/hydraulic-cylinders.net\/wp-content\/uploads\/2023\/08\/hydraulic-cylinder-product-1-300x158.webp 495w, https:\/\/hydraulic-cylinders.net\/wp-content\/uploads\/2023\/08\/hydraulic-cylinder-product-1-480x252.webp 480w\" sizes=\"(min-width: 0px) and (max-width: 480px) 480px, (min-width: 481px) 495px, 100vw\" \/> <img loading=\"lazy\" decoding=\"async\" class=\"alignnone wp-image-627\" src=\"https:\/\/hydraulic-cylinders.net\/wp-content\/uploads\/2023\/08\/hydraulic-cylinder-product-2-300x189.webp\" alt=\"\" width=\"413\" height=\"260\" \/><\/p>\n<h3>(2) Obr\u00e1b\u011bn\u00ed<\/h3>\n<p>Obrobna je vybavena zak\u00e1zkov\u00fdm soustru\u017enick\u00fdm centrem pro \u0161ikm\u00e9 kolejnice, obr\u00e1b\u011bc\u00edm centrem, vysokorychlostn\u00edm honovac\u00edm strojem, sva\u0159ovac\u00edm robotem a dal\u0161\u00edm souvisej\u00edc\u00edm za\u0159\u00edzen\u00edm, kter\u00e9 zvl\u00e1dne obr\u00e1b\u011bn\u00ed v\u00e1lcov\u00fdch trubek s maxim\u00e1ln\u00edm vnit\u0159n\u00edm pr\u016fm\u011brem 400 mm a maxim\u00e1ln\u00ed d\u00e9lkou 6 metr\u016f.<\/p>\n<p><img loading=\"lazy\" decoding=\"async\" class=\"alignnone wp-image-628 size-large\" src=\"https:\/\/hydraulic-cylinders.net\/wp-content\/uploads\/2023\/08\/hydraulic-cylinder-product-3-1024x391.webp\" alt=\"\" width=\"1024\" height=\"391\" srcset=\"https:\/\/hydraulic-cylinders.net\/wp-content\/uploads\/2023\/08\/hydraulic-cylinder-product-3-980x374.webp 980w, https:\/\/hydraulic-cylinders.net\/wp-content\/uploads\/2023\/08\/hydraulic-cylinder-product-3-480x183.webp 480w\" sizes=\"(min-width: 0px) and (max-width: 480px) 480px, (min-width: 481px) and (max-width: 980px) 980px, (min-width: 981px) 1024px, 100vw\" \/><\/p>\n<h3>(3) Sva\u0159ov\u00e1n\u00ed<\/h3>\n<p><img loading=\"lazy\" decoding=\"async\" class=\"alignnone wp-image-629 size-large\" src=\"https:\/\/hydraulic-cylinders.net\/wp-content\/uploads\/2023\/08\/hydraulic-cylinder-product-4-1024x510.webp\" alt=\"\" width=\"1024\" height=\"510\" srcset=\"https:\/\/hydraulic-cylinders.net\/wp-content\/uploads\/2023\/08\/hydraulic-cylinder-product-4-980x488.webp 980w, https:\/\/hydraulic-cylinders.net\/wp-content\/uploads\/2023\/08\/hydraulic-cylinder-product-4-480x239.webp 480w\" sizes=\"(min-width: 0px) and (max-width: 480px) 480px, (min-width: 481px) and (max-width: 980px) 980px, (min-width: 981px) 1024px, 100vw\" \/><\/p>\n<h3>(4) Lakov\u00e1n\u00ed a n\u00e1t\u011bry<\/h3>\n<p>S mal\u00fdmi a st\u0159edn\u00edmi v\u00e1lcov\u00fdmi automatick\u00fdmi linkami na nan\u00e1\u0161en\u00ed barev na vodn\u00ed b\u00e1zi, pro dosa\u017een\u00ed automatick\u00e9ho robotick\u00e9ho nakl\u00e1d\u00e1n\u00ed a vykl\u00e1d\u00e1n\u00ed a automatick\u00e9ho st\u0159\u00edk\u00e1n\u00ed, je konstruk\u010dn\u00ed kapacita 4000 kus\u016f za sm\u011bnu;<br \/>\nM\u00e1me tak\u00e9 poloautomatickou linku na v\u00fdrobu barev pro velk\u00e9 tlakov\u00e9 lahve poh\u00e1n\u011bn\u00e9 \u0159et\u011bzem s konstruk\u010dn\u00ed kapacitou 60 lahv\u00ed za sm\u011bnu.<\/p>\n<p><img loading=\"lazy\" decoding=\"async\" class=\"alignnone wp-image-630\" src=\"https:\/\/hydraulic-cylinders.net\/wp-content\/uploads\/2023\/08\/hydraulic-cylinder-product-5-300x213.webp\" alt=\"\" width=\"366\" height=\"260\" \/> <img loading=\"lazy\" decoding=\"async\" class=\"alignnone wp-image-631\" src=\"https:\/\/hydraulic-cylinders.net\/wp-content\/uploads\/2023\/08\/hydraulic-cylinder-product-6-300x225.webp\" alt=\"\" width=\"347\" height=\"260\" \/><\/p>\n<h3>(5) Testov\u00e1n\u00ed<\/h3>\n<p>Disponujeme prvot\u0159\u00eddn\u00edmi inspek\u010dn\u00edmi za\u0159\u00edzen\u00edmi a zku\u0161ebn\u00edmi laborato\u0159emi, abychom zajistili, \u017ee v\u00fdkon v\u00e1lce spl\u0148uje po\u017eadavky.<\/p>\n<p><img loading=\"lazy\" decoding=\"async\" class=\"alignnone wp-image-632\" src=\"https:\/\/hydraulic-cylinders.net\/wp-content\/uploads\/2023\/08\/hydraulic-cylinder-product-8-300x200.webp\" alt=\"\" width=\"389\" height=\"260\" \/><\/p>\n<p>&nbsp;<\/p>\n<p>&nbsp;<\/p>\n<p>Jsme jedn\u00edm z nejlep\u0161\u00edch v\u00fdrobc\u016f hydraulick\u00fdch v\u00e1lc\u016f. Nab\u00edz\u00edme komplexn\u00ed hydraulick\u00e9 v\u00e1lce. Dod\u00e1v\u00e1me tak\u00e9 odpov\u00eddaj\u00edc\u00ed <a href=\"https:\/\/hzpt.com\/agricultural-pto-gearbox\/\" target=\"_blank\" rel=\"noopener\">zem\u011bd\u011blsk\u00e9 p\u0159evodovky<\/a>Na\u0161e v\u00fdrobky jsme exportovali klient\u016fm po cel\u00e9m sv\u011bt\u011b a d\u00edky vynikaj\u00edc\u00ed kvalit\u011b v\u00fdrobk\u016f a poprodejn\u00edmu servisu jsme si z\u00edskali dobrou pov\u011bst. V\u00edt\u00e1me z\u00e1kazn\u00edky doma i v zahrani\u010d\u00ed, kte\u0159\u00ed n\u00e1s kontaktuj\u00ed za \u00fa\u010delem vyjedn\u00e1v\u00e1n\u00ed obchodn\u00edch p\u0159\u00edle\u017eitost\u00ed, v\u00fdm\u011bny informac\u00ed a <a href=\"https:\/\/www.hydraulic-cylinders.net\/cs\/contact-us\/\">spolupracujte s n\u00e1mi<\/a>!<\/p>\n<p>&nbsp;<\/p>","protected":false},"excerpt":{"rendered":"<p>Empty Container Stacker Oil Tilt Cylinder The empty container stacker oil tilt cylinder is a vital hydraulic component designed to optimize the efficiency and safety of empty container stacking operations. This specialized cylinder is specifically engineered to control the tilting movement of the container spreader, allowing precise positioning of empty containers during stacking or destacking [&hellip;]<\/p>","protected":false},"featured_media":1830,"comment_status":"open","ping_status":"closed","template":"","meta":{"_et_pb_use_builder":"","_et_pb_old_content":"","_et_gb_content_width":""},"product_brand":[],"product_cat":[1550,1516,1552],"product_tag":[1380],"class_list":{"0":"post-1828","1":"product","2":"type-product","3":"status-publish","4":"has-post-thumbnail","6":"product_cat-double-acting-hydraulic-cylinder","7":"product_cat-stacker-reclaimer-hydraulic-cylinders","8":"product_cat-stainless-steel-hydraulic-cylinder","9":"product_tag-hydraulic-cylinder","11":"first","12":"instock","13":"shipping-taxable","14":"product-type-simple"},"amp_enabled":true,"_links":{"self":[{"href":"https:\/\/www.hydraulic-cylinders.net\/cs\/wp-json\/wp\/v2\/product\/1828","targetHints":{"allow":["GET"]}}],"collection":[{"href":"https:\/\/www.hydraulic-cylinders.net\/cs\/wp-json\/wp\/v2\/product"}],"about":[{"href":"https:\/\/www.hydraulic-cylinders.net\/cs\/wp-json\/wp\/v2\/types\/product"}],"replies":[{"embeddable":true,"href":"https:\/\/www.hydraulic-cylinders.net\/cs\/wp-json\/wp\/v2\/comments?post=1828"}],"wp:featuredmedia":[{"embeddable":true,"href":"https:\/\/www.hydraulic-cylinders.net\/cs\/wp-json\/wp\/v2\/media\/1830"}],"wp:attachment":[{"href":"https:\/\/www.hydraulic-cylinders.net\/cs\/wp-json\/wp\/v2\/media?parent=1828"}],"wp:term":[{"taxonomy":"product_brand","embeddable":true,"href":"https:\/\/www.hydraulic-cylinders.net\/cs\/wp-json\/wp\/v2\/product_brand?post=1828"},{"taxonomy":"product_cat","embeddable":true,"href":"https:\/\/www.hydraulic-cylinders.net\/cs\/wp-json\/wp\/v2\/product_cat?post=1828"},{"taxonomy":"product_tag","embeddable":true,"href":"https:\/\/www.hydraulic-cylinders.net\/cs\/wp-json\/wp\/v2\/product_tag?post=1828"}],"curies":[{"name":"wp","href":"https:\/\/api.w.org\/{rel}","templated":true}]}}