{"id":1841,"date":"2023-10-17T06:38:00","date_gmt":"2023-10-17T06:38:00","guid":{"rendered":"https:\/\/hydraulic-cylinders.net\/?post_type=product&#038;p=1841"},"modified":"2025-04-15T05:42:55","modified_gmt":"2025-04-15T05:42:55","slug":"reach-stacker-telescopic-cylinder","status":"publish","type":"product","link":"https:\/\/www.hydraulic-cylinders.net\/cs\/produkt\/reach-stacker-telescopic-cylinder\/","title":{"rendered":"Teleskopick\u00fd v\u00e1lec pro stohov\u00e1n\u00ed"},"content":{"rendered":"<h1 style=\"text-align: center;\"><strong>Teleskopick\u00fd v\u00e1lec pro stohov\u00e1n\u00ed<\/strong><\/h1>\n<h1 style=\"text-align: center;\"><img loading=\"lazy\" decoding=\"async\" class=\"alignnone wp-image-1842\" src=\"https:\/\/hydraulic-cylinders.net\/wp-content\/uploads\/2023\/10\/reach-stacker-telescopic-cylinder-1-300x300.webp\" alt=\"\" width=\"400\" height=\"400\" \/><\/h1>\n<p>Teleskopick\u00fd v\u00e1lec pro reach stackery je \u0161pi\u010dkov\u00fd hydraulick\u00fd komponent navr\u017een\u00fd pro zv\u00fd\u0161en\u00ed dosahu a v\u00fdkonu reach stacker\u016f. Tento inovativn\u00ed v\u00e1lec vyu\u017e\u00edv\u00e1 teleskopickou konstrukci pro prodlou\u017een\u00ed d\u00e9lky zdvihu p\u0159i zachov\u00e1n\u00ed kompaktn\u00edho tvaru. Teleskopick\u00fd v\u00e1lec pro reach stackery je d\u00edky sv\u00fdm pokro\u010dil\u00fdm funkc\u00edm, spolehliv\u00e9 konstrukci a vynikaj\u00edc\u00ed funk\u010dnosti pr\u016flomem v odv\u011btv\u00ed manipulace s materi\u00e1lem.<\/p>\n<p>Teleskopick\u00fd v\u00e1lec pro reach stackery revolu\u010dn\u011b zvy\u0161uje mo\u017enosti reach stacker\u016f t\u00edm, \u017ee poskytuje prodlou\u017een\u00fd dosah, zv\u00fd\u0161enou nosnost a kompaktn\u00ed design. D\u00edky sv\u00fdm pokro\u010dil\u00fdm funkc\u00edm, spolehliv\u00e9 konstrukci a plynul\u00e9mu provozu tento v\u00e1lec umo\u017e\u0148uje manipulaci s materi\u00e1lem dos\u00e1hnout nov\u00fdch v\u00fd\u0161in efektivity a produktivity. Dodr\u017eov\u00e1n\u00edm doporu\u010den\u00fdch instala\u010dn\u00edch postup\u016f a prov\u00e1d\u011bn\u00edm pravideln\u00e9 \u00fadr\u017eby mohou spole\u010dnosti maximalizovat v\u00fdkon, \u017eivotnost a bezpe\u010dnost sv\u00fdch reach stacker\u016f. S teleskopick\u00fdm v\u00e1lcem pro reach stackery mohou firmy manipulovat s v\u011bt\u0161\u00edmi n\u00e1klady, optimalizovat stohov\u00e1n\u00ed kontejner\u016f a zefektivnit procesy manipulace s materi\u00e1lem, co\u017e v kone\u010dn\u00e9m d\u016fsledku vede k \u00fasp\u011bchu v konkuren\u010dn\u00edm odv\u011btv\u00ed manipulace s materi\u00e1lem.<\/p>\n<p>Kl\u00ed\u010dov\u00e9 vlastnosti teleskopick\u00e9ho v\u00e1lce pro stohov\u00e1n\u00ed:<\/p>\n<ul>\n<li>Prodlou\u017een\u00fd dosah: Teleskopick\u00e1 konstrukce teleskopick\u00e9ho v\u00e1lce pro reach stackery umo\u017e\u0148uje v\u00fdrazn\u011b v\u011bt\u0161\u00ed dosah ve srovn\u00e1n\u00ed s konven\u010dn\u00edmi v\u00e1lci. Za\u010dlen\u011bn\u00ed v\u00edce vlo\u017een\u00fdch stup\u0148\u016f poskytuje del\u0161\u00ed d\u00e9lku zdvihu p\u0159i minim\u00e1ln\u00edm prostoru. Tato schopnost prodlou\u017een\u00e9ho dosahu umo\u017e\u0148uje reach stacker\u016fm manipulovat s v\u011bt\u0161\u00edmi n\u00e1klady, dosahovat hlub\u0161\u00edch stoh\u016f kontejner\u016f a optimalizovat manipula\u010dn\u00ed operace s materi\u00e1lem.<\/li>\n<li>Kompaktn\u00ed konstrukce: Navzdory v\u00fdjime\u010dn\u00e9mu dosahu si teleskopick\u00fd v\u00e1lec reach stackeru zachov\u00e1v\u00e1 kompaktn\u00ed konstrukci. Vno\u0159en\u00e9 plo\u0161iny se do sebe zasouvaj\u00ed, \u010d\u00edm\u017e se sni\u017euje celkov\u00e1 d\u00e9lka. Tato kompaktnost zaji\u0161\u0165uje, \u017ee reach stackery se mohou efektivn\u011b pohybovat v t\u011bsn\u00fdch prostorech, jako jsou kontejnerov\u00e9 dv\u016fry nebo sklady, ani\u017e by to ohrozilo jejich dosah.<\/li>\n<li>Zv\u00fd\u0161en\u00e1 nosnost: Inovativn\u00ed design a robustn\u00ed konstrukce teleskopick\u00e9ho v\u00e1lce pro reach stackery p\u0159isp\u00edvaj\u00ed k jeho pozoruhodn\u00e9 nosnosti. V\u00e1lec je navr\u017een tak, aby odolal t\u011b\u017ek\u00fdm n\u00e1klad\u016fm a z\u00e1rove\u0148 si zachoval stabilitu a p\u0159esnost b\u011bhem zdvihac\u00edch operac\u00ed. Tato zv\u00fd\u0161en\u00e1 nosnost umo\u017e\u0148uje reach stacker\u016fm efektivn\u011b manipulovat s v\u011bt\u0161\u00edmi a t\u011b\u017e\u0161\u00edmi kontejnery, co\u017e zvy\u0161uje produktivitu a efektivitu.<\/li>\n<li>Plynul\u00fd provoz: Teleskopick\u00fd v\u00e1lec pro reach stacker je navr\u017een pro plynul\u00fd a p\u0159esn\u00fd provoz. Vyu\u017e\u00edv\u00e1 vysoce kvalitn\u00ed t\u011bsn\u011bn\u00ed, lo\u017eiska a hydraulick\u00e9 komponenty pro zaji\u0161t\u011bn\u00ed minim\u00e1ln\u00edho t\u0159en\u00ed a optim\u00e1ln\u00edho v\u00fdkonu. Tento plynul\u00fd provoz umo\u017e\u0148uje obsluze p\u0159esn\u011b ovl\u00e1dat teleskopick\u00fd v\u00e1lec, co\u017e usnad\u0148uje p\u0159esn\u00e9 polohov\u00e1n\u00ed a bezpe\u010dnou manipulaci s materi\u00e1lem.<\/li>\n<\/ul>\n<h2><strong>Parametr teleskopick\u00e9ho v\u00e1lce pro stohov\u00e1n\u00ed:<\/strong><\/h2>\n<table border=\"1\" cellspacing=\"0\" cellpadding=\"0\">\n<tbody>\n<tr>\n<td>N\u00e1zev produktu<\/td>\n<td>Teleskopick\u00fd v\u00e1lec pro stohov\u00e1n\u00ed<\/td>\n<\/tr>\n<tr>\n<td>Vlastnosti:<\/td>\n<td>Realizujte line\u00e1rn\u00ed teleskopick\u00fd pohyb v\u00fdlo\u017en\u00edku<\/td>\n<\/tr>\n<tr>\n<td>Pr\u016fm\u011br otvoru:<\/td>\n<td>200 mm\uff5e220 mm<\/td>\n<\/tr>\n<tr>\n<td>Pr\u016fm\u011br ty\u010de:<\/td>\n<td>150 mm\uff5e180 mm<br \/>\nZdvih \u2264 8000 mm<\/td>\n<\/tr>\n<tr>\n<td>Tlak:<\/td>\n<td>Maxim\u00e1ln\u011b 30 MPa<\/td>\n<\/tr>\n<tr>\n<td>Aplikace:<\/td>\n<td>Reach Stacker<\/td>\n<\/tr>\n<\/tbody>\n<\/table>\n<h2><strong>Pou\u017eit\u00ed v\u00e1lce pro stohov\u00e1n\u00ed s reach stackerem:<\/strong><\/h2>\n<p><img loading=\"lazy\" decoding=\"async\" class=\"alignnone wp-image-1844 size-full\" src=\"https:\/\/hydraulic-cylinders.net\/wp-content\/uploads\/2023\/10\/reach-stacker-cylinder.webp\" alt=\"\" width=\"1418\" height=\"946\" srcset=\"https:\/\/hydraulic-cylinders.net\/wp-content\/uploads\/2023\/10\/reach-stacker-cylinder.webp 1418w, https:\/\/hydraulic-cylinders.net\/wp-content\/uploads\/2023\/10\/reach-stacker-cylinder-1280x854.webp 1280w, https:\/\/hydraulic-cylinders.net\/wp-content\/uploads\/2023\/10\/reach-stacker-cylinder-980x654.webp 980w, https:\/\/hydraulic-cylinders.net\/wp-content\/uploads\/2023\/10\/reach-stacker-cylinder-480x320.webp 480w\" sizes=\"(min-width: 0px) and (max-width: 480px) 480px, (min-width: 481px) and (max-width: 980px) 980px, (min-width: 981px) and (max-width: 1280px) 1280px, (min-width: 1281px) 1418px, 100vw\" \/><\/p>\n<h2><strong>Zp\u016fsob pou\u017eit\u00ed teleskopick\u00e9ho v\u00e1lce pro stohov\u00e1n\u00ed<\/strong><strong>:<\/strong><\/h2>\n<ol>\n<li><strong>Instalace:<\/strong> Nainstalujte teleskopick\u00fd v\u00e1lec reach stackeru podle pokyn\u016f a specifikac\u00ed v\u00fdrobce. Pro zaji\u0161t\u011bn\u00ed optim\u00e1ln\u00edho v\u00fdkonu zajist\u011bte spr\u00e1vn\u00e9 vyrovn\u00e1n\u00ed a bezpe\u010dn\u00e9 upevn\u011bn\u00ed. Dodr\u017eujte doporu\u010den\u00e9 postupy pro p\u0159ipojen\u00ed hydraulick\u00fdch potrub\u00ed k hydraulick\u00e9mu syst\u00e9mu reach stackeru.<\/li>\n<li><strong>Ovl\u00e1d\u00e1n\u00ed a provoz:<\/strong> Teleskopick\u00fd v\u00e1lec se obvykle ovl\u00e1d\u00e1 pomoc\u00ed st\u00e1vaj\u00edc\u00edho \u0159\u00eddic\u00edho syst\u00e9mu reach stackeru. Obsluha m\u016f\u017ee aktivovat hydraulick\u00fd okruh pro vysunut\u00ed nebo zasunut\u00ed v\u00e1lce. Pro nastaven\u00ed d\u00e9lky zdvihu a polohy v\u00fdlo\u017en\u00edku reach stackeru pou\u017eijte ovl\u00e1dac\u00ed konzoli nebo ovl\u00e1dac\u00ed panel. Dodr\u017eujte pokyny v\u00fdrobce a doporu\u010den\u00e9 bezpe\u010dn\u00e9 a efektivn\u00ed provozn\u00ed postupy.<\/li>\n<\/ol>\n<h2><strong>Jak rychle se m\u016f\u017ee hydraulick\u00fd v\u00e1lec pohybovat?<\/strong><\/h2>\n<p>Rychlost, s jakou se hydraulick\u00fd v\u00e1lec m\u016f\u017ee pohybovat, z\u00e1vis\u00ed na n\u011bkolika faktorech, v\u010detn\u011b konstrukce syst\u00e9mu, pr\u016ftoku hydraulick\u00e9 kapaliny, velikosti v\u00e1lce, podm\u00ednek zat\u00ed\u017een\u00ed a provozn\u00edho tlaku. Zde je n\u011bkolik faktor\u016f, kter\u00e9 je t\u0159eba zv\u00e1\u017eit ohledn\u011b rychlosti pohybu hydraulick\u00e9ho v\u00e1lce:<\/p>\n<ol>\n<li><strong>Pr\u016ftok:<\/strong> Rychlost hydraulick\u00e9ho v\u00e1lce je ovlivn\u011bna pr\u016ftokem hydraulick\u00e9 kapaliny, kter\u00e1 je do n\u011bj p\u0159iv\u00e1d\u011bna. Vy\u0161\u0161\u00ed pr\u016ftoky vedou k rychlej\u0161\u00edmu pohybu v\u00e1lce, zat\u00edmco ni\u017e\u0161\u00ed pr\u016ftoky vedou k ni\u017e\u0161\u00edm rychlostem. Pr\u016ftok je ur\u010den kapacitou \u010derpadla hydraulick\u00e9ho syst\u00e9mu a nastaven\u00edm ventil\u016f, kter\u00e9 \u0159\u00edd\u00ed pr\u016ftok kapaliny.<\/li>\n<li><strong>Velikost v\u00e1lce:<\/strong> Velikost hydraulick\u00e9ho v\u00e1lce ovliv\u0148uje jeho rychlost. V\u011bt\u0161\u00ed v\u00e1lce maj\u00ed obvykle v\u011bt\u0161\u00ed povrchy, co\u017e vy\u017eaduje v\u00edce hydraulick\u00e9 kapaliny k pohybu p\u00edstu uvnit\u0159 v\u00e1lce. Tento zv\u00fd\u0161en\u00fd objem kapaliny m\u00e1 za n\u00e1sledek pomalej\u0161\u00ed pohyb ve srovn\u00e1n\u00ed s men\u0161\u00edmi v\u00e1lci.<\/li>\n<li><strong>Podm\u00ednky zat\u00ed\u017een\u00ed:<\/strong> Zvedan\u00fd nebo pohybovan\u00fd n\u00e1klad hydraulick\u00fdm v\u00e1lcem m\u016f\u017ee ovlivnit jeho rychlost. T\u011b\u017e\u0161\u00ed n\u00e1klad vy\u017eaduje v\u011bt\u0161\u00ed s\u00edlu, co\u017e m\u016f\u017ee zpomalit pohyb v\u00e1lce. Naopak leh\u010d\u00ed n\u00e1klad umo\u017e\u0148uje dos\u00e1hnout vy\u0161\u0161\u00edch rychlost\u00ed.<\/li>\n<li><strong>Provozn\u00ed tlak:<\/strong> Provozn\u00ed tlak hydraulick\u00e9ho syst\u00e9mu ovliv\u0148uje rychlost v\u00e1lce. Vy\u0161\u0161\u00ed provozn\u00ed tlak m\u016f\u017ee generovat v\u011bt\u0161\u00ed s\u00edlu, co\u017e vede k rychlej\u0161\u00edmu pohybu v\u00e1lce. Provoz v r\u00e1mci doporu\u010den\u00fdch tlakov\u00fdch limit\u016f je v\u0161ak nezbytn\u00fd pro zaji\u0161t\u011bn\u00ed bezpe\u010dn\u00e9ho a spolehliv\u00e9ho provozu.<\/li>\n<li><strong>N\u00e1vrh syst\u00e9mu:<\/strong> Konstrukce hydraulick\u00e9ho syst\u00e9mu, v\u010detn\u011b velikosti a typu hydraulick\u00e9ho \u010derpadla, ventil\u016f a potrub\u00ed, m\u016f\u017ee ovlivnit rychlost v\u00e1lce. Efektivn\u00ed konstrukce syst\u00e9mu se spr\u00e1vn\u011b dimenzovan\u00fdmi komponenty a optimalizovan\u00fdmi cestami proud\u011bn\u00ed m\u016f\u017ee pomoci dos\u00e1hnout po\u017eadovan\u00fdch rychlost\u00ed v\u00e1lce.<\/li>\n<\/ol>\n<h2><strong>Schopnosti a kapacita tov\u00e1rny:<\/strong><\/h2>\n<h3>(1) Mont\u00e1\u017e<\/h3>\n<p>Disponujeme prvot\u0159\u00eddn\u00ed nez\u00e1vislou v\u00fdzkumnou a v\u00fdvojovou mont\u00e1\u017en\u00ed platformou. D\u00edlna na v\u00fdrobu hydraulick\u00fdch v\u00e1lc\u016f m\u00e1 \u010dty\u0159i poloautomatick\u00e9 mont\u00e1\u017en\u00ed linky pro zvedac\u00ed v\u00e1lce a jednu automatickou mont\u00e1\u017en\u00ed linku pro nakl\u00e1p\u011bc\u00ed v\u00e1lce s projektovanou ro\u010dn\u00ed v\u00fdrobn\u00ed kapacitou 1 milion kus\u016f. D\u00edlna na speci\u00e1ln\u00ed v\u00e1lce je vybavena poloautomatick\u00fdm \u010distic\u00edm mont\u00e1\u017en\u00edm syst\u00e9mem s r\u016fzn\u00fdmi specifikacemi a projektovanou ro\u010dn\u00ed v\u00fdrobn\u00ed kapacitou 200 000 kus\u016f a je vybavena zn\u00e1m\u00fdm CNC obr\u00e1b\u011bc\u00edm za\u0159\u00edzen\u00edm, obr\u00e1b\u011bc\u00edm centrem, vysoce p\u0159esn\u00fdm speci\u00e1ln\u00edm za\u0159\u00edzen\u00edm pro zpracov\u00e1n\u00ed v\u00e1lc\u016f, robotick\u00fdm sva\u0159ovac\u00edm strojem, automatick\u00fdm \u010distic\u00edm strojem, automatick\u00fdm mont\u00e1\u017en\u00edm strojem pro v\u00e1lce a automatickou lakovac\u00ed v\u00fdrobn\u00ed linkou. St\u00e1vaj\u00edc\u00ed kritick\u00e9 vybaven\u00ed m\u00e1 v\u00edce ne\u017e 300 sad. Optim\u00e1ln\u00ed alokace a efektivn\u00ed vyu\u017eit\u00ed zdroj\u016f za\u0159\u00edzen\u00ed zaji\u0161\u0165uje po\u017eadavky na p\u0159esnost v\u00fdrobk\u016f a spl\u0148uje po\u017eadavky na vysokou kvalitu v\u00fdrobk\u016f.<\/p>\n<p><img loading=\"lazy\" decoding=\"async\" class=\"alignnone wp-image-626\" src=\"https:\/\/hydraulic-cylinders.net\/wp-content\/uploads\/2023\/08\/hydraulic-cylinder-product-1-300x158.webp\" alt=\"\" width=\"495\" height=\"260\" srcset=\"https:\/\/hydraulic-cylinders.net\/wp-content\/uploads\/2023\/08\/hydraulic-cylinder-product-1-300x158.webp 495w, https:\/\/hydraulic-cylinders.net\/wp-content\/uploads\/2023\/08\/hydraulic-cylinder-product-1-480x252.webp 480w\" sizes=\"(min-width: 0px) and (max-width: 480px) 480px, (min-width: 481px) 495px, 100vw\" \/> <img loading=\"lazy\" decoding=\"async\" class=\"alignnone wp-image-627\" src=\"https:\/\/hydraulic-cylinders.net\/wp-content\/uploads\/2023\/08\/hydraulic-cylinder-product-2-300x189.webp\" alt=\"\" width=\"413\" height=\"260\" \/><\/p>\n<h3>(2) Obr\u00e1b\u011bn\u00ed<\/h3>\n<p>Obrobna je vybavena zak\u00e1zkov\u00fdm soustru\u017enick\u00fdm centrem pro \u0161ikm\u00e9 kolejnice, obr\u00e1b\u011bc\u00edm centrem, vysokorychlostn\u00edm honovac\u00edm strojem, sva\u0159ovac\u00edm robotem a dal\u0161\u00edm souvisej\u00edc\u00edm za\u0159\u00edzen\u00edm, kter\u00e9 zvl\u00e1dne obr\u00e1b\u011bn\u00ed v\u00e1lcov\u00fdch trubek s maxim\u00e1ln\u00edm vnit\u0159n\u00edm pr\u016fm\u011brem 400 mm a maxim\u00e1ln\u00ed d\u00e9lkou 6 metr\u016f.<\/p>\n<p><img loading=\"lazy\" decoding=\"async\" class=\"alignnone wp-image-628 size-large\" src=\"https:\/\/hydraulic-cylinders.net\/wp-content\/uploads\/2023\/08\/hydraulic-cylinder-product-3-1024x391.webp\" alt=\"\" width=\"1024\" height=\"391\" srcset=\"https:\/\/hydraulic-cylinders.net\/wp-content\/uploads\/2023\/08\/hydraulic-cylinder-product-3-980x374.webp 980w, https:\/\/hydraulic-cylinders.net\/wp-content\/uploads\/2023\/08\/hydraulic-cylinder-product-3-480x183.webp 480w\" sizes=\"(min-width: 0px) and (max-width: 480px) 480px, (min-width: 481px) and (max-width: 980px) 980px, (min-width: 981px) 1024px, 100vw\" \/><\/p>\n<h3>(3) Sva\u0159ov\u00e1n\u00ed<\/h3>\n<p><img loading=\"lazy\" decoding=\"async\" class=\"alignnone wp-image-629 size-large\" src=\"https:\/\/hydraulic-cylinders.net\/wp-content\/uploads\/2023\/08\/hydraulic-cylinder-product-4-1024x510.webp\" alt=\"\" width=\"1024\" height=\"510\" srcset=\"https:\/\/hydraulic-cylinders.net\/wp-content\/uploads\/2023\/08\/hydraulic-cylinder-product-4-980x488.webp 980w, https:\/\/hydraulic-cylinders.net\/wp-content\/uploads\/2023\/08\/hydraulic-cylinder-product-4-480x239.webp 480w\" sizes=\"(min-width: 0px) and (max-width: 480px) 480px, (min-width: 481px) and (max-width: 980px) 980px, (min-width: 981px) 1024px, 100vw\" \/><\/p>\n<h3>(4) Lakov\u00e1n\u00ed a n\u00e1t\u011bry<\/h3>\n<p>S mal\u00fdmi a st\u0159edn\u00edmi v\u00e1lcov\u00fdmi automatick\u00fdmi linkami na nan\u00e1\u0161en\u00ed barev na vodn\u00ed b\u00e1zi, pro dosa\u017een\u00ed automatick\u00e9ho robotick\u00e9ho nakl\u00e1d\u00e1n\u00ed a vykl\u00e1d\u00e1n\u00ed a automatick\u00e9ho st\u0159\u00edk\u00e1n\u00ed, je konstruk\u010dn\u00ed kapacita 4000 kus\u016f za sm\u011bnu;<br \/>\nM\u00e1me tak\u00e9 poloautomatickou linku na v\u00fdrobu barev pro velk\u00e9 tlakov\u00e9 lahve poh\u00e1n\u011bn\u00e9 \u0159et\u011bzem s konstruk\u010dn\u00ed kapacitou 60 lahv\u00ed za sm\u011bnu.<\/p>\n<p><img loading=\"lazy\" decoding=\"async\" class=\"alignnone wp-image-630\" src=\"https:\/\/hydraulic-cylinders.net\/wp-content\/uploads\/2023\/08\/hydraulic-cylinder-product-5-300x213.webp\" alt=\"\" width=\"366\" height=\"260\" \/> <img loading=\"lazy\" decoding=\"async\" class=\"alignnone wp-image-631\" src=\"https:\/\/hydraulic-cylinders.net\/wp-content\/uploads\/2023\/08\/hydraulic-cylinder-product-6-300x225.webp\" alt=\"\" width=\"347\" height=\"260\" \/><\/p>\n<h3>(5) Testov\u00e1n\u00ed<\/h3>\n<p>Disponujeme prvot\u0159\u00eddn\u00edmi inspek\u010dn\u00edmi za\u0159\u00edzen\u00edmi a zku\u0161ebn\u00edmi laborato\u0159emi, abychom zajistili, \u017ee v\u00fdkon v\u00e1lce spl\u0148uje po\u017eadavky.<\/p>\n<p><img loading=\"lazy\" decoding=\"async\" class=\"alignnone wp-image-632\" src=\"https:\/\/hydraulic-cylinders.net\/wp-content\/uploads\/2023\/08\/hydraulic-cylinder-product-8-300x200.webp\" alt=\"\" width=\"389\" height=\"260\" \/><\/p>\n<p>&nbsp;<\/p>\n<p>&nbsp;<\/p>\n<p>Jsme jedn\u00edm z nejlep\u0161\u00edch v\u00fdrobc\u016f hydraulick\u00fdch v\u00e1lc\u016f. Nab\u00edz\u00edme komplexn\u00ed hydraulick\u00e9 v\u00e1lce. Dod\u00e1v\u00e1me tak\u00e9 odpov\u00eddaj\u00edc\u00ed <a href=\"https:\/\/hzpt.com\/agricultural-pto-gearbox\/\" target=\"_blank\" rel=\"noopener\">zem\u011bd\u011blsk\u00e9 p\u0159evodovky<\/a>Na\u0161e v\u00fdrobky jsme exportovali klient\u016fm po cel\u00e9m sv\u011bt\u011b a d\u00edky vynikaj\u00edc\u00ed kvalit\u011b v\u00fdrobk\u016f a poprodejn\u00edmu servisu jsme si z\u00edskali dobrou pov\u011bst. V\u00edt\u00e1me z\u00e1kazn\u00edky doma i v zahrani\u010d\u00ed, kte\u0159\u00ed n\u00e1s kontaktuj\u00ed za \u00fa\u010delem vyjedn\u00e1v\u00e1n\u00ed obchodn\u00edch p\u0159\u00edle\u017eitost\u00ed, v\u00fdm\u011bny informac\u00ed a <a href=\"https:\/\/www.hydraulic-cylinders.net\/cs\/contact-us\/\">spolupracujte s n\u00e1mi<\/a>!<\/p>\n<p>&nbsp;<\/p>\n<p>&nbsp;<\/p>","protected":false},"excerpt":{"rendered":"<p>Reach Stacker Telescopic Cylinder The reach stacker telescopic cylinder is a cutting-edge hydraulic component designed to enhance the reach and performance of reach stackers. This innovative cylinder utilizes a telescopic design to extend stroke length while maintaining a compact form. The reach stacker telescopic cylinder is a game-changer in the material handling industry with its [&hellip;]<\/p>","protected":false},"featured_media":1843,"comment_status":"open","ping_status":"closed","template":"","meta":{"_et_pb_use_builder":"","_et_pb_old_content":"","_et_gb_content_width":""},"product_brand":[],"product_cat":[1550,1516,1552,1393],"product_tag":[1380],"class_list":{"0":"post-1841","1":"product","2":"type-product","3":"status-publish","4":"has-post-thumbnail","6":"product_cat-double-acting-hydraulic-cylinder","7":"product_cat-stacker-reclaimer-hydraulic-cylinders","8":"product_cat-stainless-steel-hydraulic-cylinder","9":"product_cat-telescopic-hydraulic-cylinder","10":"product_tag-hydraulic-cylinder","12":"first","13":"instock","14":"shipping-taxable","15":"product-type-simple"},"amp_enabled":true,"_links":{"self":[{"href":"https:\/\/www.hydraulic-cylinders.net\/cs\/wp-json\/wp\/v2\/product\/1841","targetHints":{"allow":["GET"]}}],"collection":[{"href":"https:\/\/www.hydraulic-cylinders.net\/cs\/wp-json\/wp\/v2\/product"}],"about":[{"href":"https:\/\/www.hydraulic-cylinders.net\/cs\/wp-json\/wp\/v2\/types\/product"}],"replies":[{"embeddable":true,"href":"https:\/\/www.hydraulic-cylinders.net\/cs\/wp-json\/wp\/v2\/comments?post=1841"}],"wp:featuredmedia":[{"embeddable":true,"href":"https:\/\/www.hydraulic-cylinders.net\/cs\/wp-json\/wp\/v2\/media\/1843"}],"wp:attachment":[{"href":"https:\/\/www.hydraulic-cylinders.net\/cs\/wp-json\/wp\/v2\/media?parent=1841"}],"wp:term":[{"taxonomy":"product_brand","embeddable":true,"href":"https:\/\/www.hydraulic-cylinders.net\/cs\/wp-json\/wp\/v2\/product_brand?post=1841"},{"taxonomy":"product_cat","embeddable":true,"href":"https:\/\/www.hydraulic-cylinders.net\/cs\/wp-json\/wp\/v2\/product_cat?post=1841"},{"taxonomy":"product_tag","embeddable":true,"href":"https:\/\/www.hydraulic-cylinders.net\/cs\/wp-json\/wp\/v2\/product_tag?post=1841"}],"curies":[{"name":"wp","href":"https:\/\/api.w.org\/{rel}","templated":true}]}}