{"id":1848,"date":"2023-10-17T07:33:15","date_gmt":"2023-10-17T07:33:15","guid":{"rendered":"https:\/\/hydraulic-cylinders.net\/?post_type=product&#038;p=1848"},"modified":"2025-04-15T05:42:48","modified_gmt":"2025-04-15T05:42:48","slug":"reach-stacker-steering-cylinder","status":"publish","type":"product","link":"https:\/\/www.hydraulic-cylinders.net\/cs\/produkt\/reach-stacker-steering-cylinder\/","title":{"rendered":"\u0158\u00eddic\u00ed v\u00e1lec reach stackeru"},"content":{"rendered":"<h1 style=\"text-align: center;\"><strong>\u0158\u00eddic\u00ed v\u00e1lec reach stackeru<\/strong><\/h1>\n<h1 style=\"text-align: center;\"><img loading=\"lazy\" decoding=\"async\" class=\"alignnone wp-image-1849\" src=\"https:\/\/hydraulic-cylinders.net\/wp-content\/uploads\/2023\/10\/steering-cylinder-1-6-300x300.webp\" alt=\"\" width=\"400\" height=\"400\" \/><\/h1>\n<p>\u0158\u00eddic\u00ed v\u00e1lec pro reach stackery je kl\u00ed\u010dov\u00e1 hydraulick\u00e1 sou\u010d\u00e1st navr\u017een\u00e1 pro optimalizaci ovl\u00e1d\u00e1n\u00ed a man\u00e9vrovatelnosti reach stacker\u016f p\u0159i manipulaci s materi\u00e1lem. Tento specializovan\u00fd v\u00e1lec umo\u017e\u0148uje plynul\u00e9 a p\u0159esn\u00e9 \u0159\u00edzen\u00ed, co\u017e obsluze umo\u017e\u0148uje snadnou navigaci v t\u011bsn\u00fdch prostorech a manipulaci s t\u011b\u017ek\u00fdmi b\u0159emeny. D\u00edky sv\u00fdm v\u00fdjime\u010dn\u00fdm vlastnostem, robustn\u00ed konstrukci a spolehliv\u00e9mu v\u00fdkonu p\u0159edstavuje \u0159\u00eddic\u00ed v\u00e1lec pro reach stackery revoluci v efektivit\u011b a produktivit\u011b proces\u016f manipulace s materi\u00e1lem.<\/p>\n<p>\u0158\u00eddic\u00ed v\u00e1lec pro reach stackery p\u0159edstavuje pr\u016flom v oblasti manipulace s materi\u00e1lem a nab\u00edz\u00ed vylep\u0161enou ovladatelnost, man\u00e9vrovatelnost a efektivitu. D\u00edky sv\u00fdm v\u00fdjime\u010dn\u00fdm schopnostem \u0159\u00edzen\u00ed, vysok\u00e9 nosnosti a optim\u00e1ln\u00ed energetick\u00e9 \u00fa\u010dinnosti umo\u017e\u0148uje tento v\u00e1lec obsluze snadno ovl\u00e1dat reach stackery, co\u017e zvy\u0161uje produktivitu a bezpe\u010dnost. Dodr\u017eov\u00e1n\u00edm doporu\u010den\u00fdch metod pou\u017e\u00edv\u00e1n\u00ed a prov\u00e1d\u011bn\u00edm pravideln\u00fdch postup\u016f \u00fadr\u017eby mohou spole\u010dnosti maximalizovat v\u00fdkon, \u017eivotnost a spolehlivost sv\u00fdch reach stacker\u016f. \u0158\u00eddic\u00ed v\u00e1lec pro reach stackery je cennou investic\u00ed pro jak\u00fdkoli vozov\u00fd park manipula\u010dn\u00edch za\u0159\u00edzen\u00ed, kter\u00fd umo\u017e\u0148uje p\u0159esn\u00e9 ovl\u00e1d\u00e1n\u00ed, efektivn\u00ed man\u00e9vrov\u00e1n\u00ed a bezprobl\u00e9mov\u00fd provoz v konkuren\u010dn\u00edm odv\u011btv\u00ed manipulace s materi\u00e1lem.<\/p>\n<p>Kl\u00ed\u010dov\u00e9 vlastnosti v\u00e1lce \u0159\u00edzen\u00ed pro reach stacker:<\/p>\n<ul>\n<li>Vylep\u0161en\u00e9 ovl\u00e1d\u00e1n\u00ed \u0159\u00edzen\u00ed: \u0158\u00eddic\u00ed v\u00e1lec reach stackeru nab\u00edz\u00ed v\u00fdjime\u010dn\u00e9 ovl\u00e1d\u00e1n\u00ed \u0159\u00edzen\u00ed, kter\u00e9 umo\u017e\u0148uje obsluze p\u0159esn\u011b ovl\u00e1dat reach stackery. Zaji\u0161\u0165uje plynul\u00e9 a citliv\u00e9 \u0159\u00edzen\u00ed, co\u017e usnad\u0148uje p\u0159esn\u00e9 polohov\u00e1n\u00ed kontejner\u016f a efektivn\u00ed man\u00e9vrov\u00e1n\u00ed v uzav\u0159en\u00fdch prostorech. Obsluha se m\u016f\u017ee s jistotou pohybovat ve slo\u017eit\u00fdch prostorech, \u010d\u00edm\u017e zvy\u0161uje produktivitu a sni\u017euje riziko nehod nebo po\u0161kozen\u00ed.<\/li>\n<li>Vysok\u00e1 nosnost: Tento v\u00e1lec je navr\u017een tak, aby odolal vysok\u00e9mu zat\u00ed\u017een\u00ed p\u0159i manipulaci s materi\u00e1lem. Je vyroben z odoln\u00fdch materi\u00e1l\u016f a m\u00e1 robustn\u00ed konstrukci, co\u017e mu umo\u017e\u0148uje zvl\u00e1dat n\u00e1ro\u010dn\u00e9 aplikace. \u0158\u00eddic\u00ed v\u00e1lec pro reach stackery zaji\u0161\u0165uje stabilitu a spolehlivost i p\u0159i manipulaci s velk\u00fdmi kontejnery nebo p\u0159eprav\u011b zna\u010dn\u00fdch n\u00e1klad\u016f, co\u017e zvy\u0161uje bezpe\u010dnost a v\u00fdkon.<\/li>\n<li>Optim\u00e1ln\u00ed \u00fa\u010dinnost: \u0158\u00eddic\u00ed v\u00e1lec reach stackeru p\u0159isp\u00edv\u00e1 k celkov\u00e9 provozn\u00ed efektivit\u011b minimalizac\u00ed ztr\u00e1t energie b\u011bhem man\u00e9vr\u016f \u0159\u00edzen\u00ed. Je vybaven pokro\u010dilou hydraulickou technologi\u00ed, kter\u00e1 sni\u017euje vnit\u0159n\u00ed t\u0159en\u00ed, \u010d\u00edm\u017e zlep\u0161uje energetickou \u00fa\u010dinnost a sni\u017euje spot\u0159ebu energie. Tato \u00fa\u010dinnost se prom\u00edt\u00e1 do \u00faspor n\u00e1klad\u016f a prodlou\u017een\u00e9 \u017eivotnosti za\u0159\u00edzen\u00ed.<\/li>\n<\/ul>\n<h2><strong>Parametr \u0159\u00eddic\u00edho v\u00e1lce reach stackeru:<\/strong><\/h2>\n<table border=\"1\" cellspacing=\"0\" cellpadding=\"0\">\n<tbody>\n<tr>\n<td>N\u00e1zev produktu<\/td>\n<td>V\u00e1lec pro posuv stohova\u010d\u016f<\/td>\n<\/tr>\n<tr>\n<td>Vlastnosti:<\/td>\n<td>Realizujte nastaven\u00ed sm\u011bru pneumatik je\u0159\u00e1bu<\/td>\n<\/tr>\n<tr>\n<td>Pr\u016fm\u011br otvoru:<\/td>\n<td>80 mm\uff5e200 mm<\/td>\n<\/tr>\n<tr>\n<td>Pr\u016fm\u011br ty\u010de:<\/td>\n<td>60 mm\uff5e100 mm<br \/>\nZdvih \u2264 9500 mm<\/td>\n<\/tr>\n<tr>\n<td>Tlak:<\/td>\n<td>Maxim\u00e1ln\u011b 25 MPa<\/td>\n<\/tr>\n<tr>\n<td>Aplikace:<\/td>\n<td>Reach Stacker<\/td>\n<\/tr>\n<\/tbody>\n<\/table>\n<h2><strong>Pou\u017eit\u00ed v\u00e1lce pro stohov\u00e1n\u00ed s reach stackerem:<\/strong><\/h2>\n<p><img loading=\"lazy\" decoding=\"async\" class=\"alignnone wp-image-1844 size-full\" src=\"https:\/\/hydraulic-cylinders.net\/wp-content\/uploads\/2023\/10\/reach-stacker-cylinder.webp\" alt=\"\" width=\"1418\" height=\"946\" srcset=\"https:\/\/hydraulic-cylinders.net\/wp-content\/uploads\/2023\/10\/reach-stacker-cylinder.webp 1418w, https:\/\/hydraulic-cylinders.net\/wp-content\/uploads\/2023\/10\/reach-stacker-cylinder-1280x854.webp 1280w, https:\/\/hydraulic-cylinders.net\/wp-content\/uploads\/2023\/10\/reach-stacker-cylinder-980x654.webp 980w, https:\/\/hydraulic-cylinders.net\/wp-content\/uploads\/2023\/10\/reach-stacker-cylinder-480x320.webp 480w\" sizes=\"(min-width: 0px) and (max-width: 480px) 480px, (min-width: 481px) and (max-width: 980px) 980px, (min-width: 981px) and (max-width: 1280px) 1280px, (min-width: 1281px) 1418px, 100vw\" \/><\/p>\n<h2><strong>Zp\u016fsob pou\u017eit\u00ed \u0159\u00eddic\u00edho v\u00e1lce pro reach stacker<\/strong><strong>:<\/strong><\/h2>\n<p>Ovl\u00e1d\u00e1n\u00ed \u0159\u00edzen\u00ed: Pro efektivn\u00ed vyu\u017eit\u00ed \u0159\u00eddic\u00edho v\u00e1lce reach stackeru postupujte takto:<\/p>\n<p>a. Zapn\u011bte hydraulick\u00fd syst\u00e9m reach stackeru a ujist\u011bte se, \u017ee hydraulick\u00fd tlak je v doporu\u010den\u00e9m provozn\u00edm rozsahu.<br \/>\nb. Pohyb vozidla \u0159i\u010fte pomoc\u00ed ovl\u00e1dac\u00edch prvk\u016f \u0159\u00edzen\u00ed reach stackeru, jako je volant nebo joystick.<br \/>\nc. \u0158\u00eddic\u00ed v\u00e1lec reach stackeru reaguje na pokyny obsluhy a p\u0159ev\u00e1d\u00ed je do plynul\u00fdch a p\u0159esn\u00fdch pohyb\u016f \u0159\u00edzen\u00ed.<br \/>\nd. Sledujte sm\u011br pohybu reach stackeru a upravujte \u0159\u00edzen\u00ed tak, abyste dos\u00e1hli po\u017eadovan\u00e9 dr\u00e1hy nebo polohy.<\/p>\n<h2><strong>Jak se vyr\u00e1b\u011bj\u00ed hydraulick\u00e9 v\u00e1lce?<\/strong><\/h2>\n<p>Hydraulick\u00e9 v\u00e1lce se b\u011b\u017en\u011b vyr\u00e1b\u011bj\u00ed systematick\u00fdm procesem zahrnuj\u00edc\u00edm n\u011bkolik kl\u00ed\u010dov\u00fdch krok\u016f. Specifika se sice mohou li\u0161it v z\u00e1vislosti na v\u00fdrobci a konstrukci v\u00e1lce, ale n\u00e1sleduj\u00edc\u00ed obecn\u00fd p\u0159ehled o tom, jak se hydraulick\u00e9 v\u00e1lce vyr\u00e1b\u011bj\u00ed:<\/p>\n<ol>\n<li><strong>N\u00e1vrh a in\u017een\u00fdrstv\u00ed:<\/strong>\n<ul>\n<li>Proces za\u010d\u00edn\u00e1 f\u00e1z\u00ed n\u00e1vrhu a in\u017een\u00fdrstv\u00ed. In\u017een\u00fd\u0159i a konstrukt\u00e9\u0159i vytv\u00e1\u0159ej\u00ed podrobn\u00e9 specifikace s ohledem na nosnost, d\u00e9lku zdvihu, provozn\u00ed tlak a podm\u00ednky prost\u0159ed\u00ed.<\/li>\n<\/ul>\n<\/li>\n<li><strong>V\u00fdb\u011br materi\u00e1lu:<\/strong>\n<ul>\n<li>Jakmile je n\u00e1vrh dokon\u010den, vyberou se vhodn\u00e9 materi\u00e1ly na z\u00e1klad\u011b po\u017eadavk\u016f aplikace. Mezi b\u011b\u017en\u00e9 materi\u00e1ly pou\u017e\u00edvan\u00e9 pro hydraulick\u00e9 v\u00e1lce pat\u0159\u00ed vysokopevnostn\u00ed ocel pro v\u00e1lec, p\u00edst a ty\u010d a t\u011bsn\u011bn\u00ed a t\u011bsnic\u00ed krou\u017eky vyroben\u00e9 z elastomer\u016f nebo jin\u00fdch vhodn\u00fdch materi\u00e1l\u016f.<\/li>\n<\/ul>\n<\/li>\n<li><strong>V\u00fdroba v\u00e1lcov\u00fdch sud\u016f:<\/strong>\n<ul>\n<li>V\u00e1lcov\u00e1 hlave\u0148 se obvykle vyr\u00e1b\u00ed procesem zvan\u00fdm honov\u00e1n\u00ed. Honov\u00e1n\u00ed zahrnuje p\u0159esn\u00e9 obr\u00e1b\u011bn\u00ed vnit\u0159n\u00edho povrchu v\u00e1lce pro dosa\u017een\u00ed hladk\u00e9ho a p\u0159esn\u00e9ho povrchu. To zaji\u0161\u0165uje optim\u00e1ln\u00ed ut\u011bsn\u011bn\u00ed a sni\u017euje t\u0159en\u00ed b\u011bhem provozu.<\/li>\n<\/ul>\n<\/li>\n<li><strong>V\u00fdroba p\u00edst\u016f a ty\u010d\u00ed:<\/strong>\n<ul>\n<li>P\u00edst a ty\u010d jsou obvykle vyrobeny z vysokopevnostn\u00ed oceli. Pro dosa\u017een\u00ed p\u0159esn\u00fdch rozm\u011br\u016f a toleranc\u00ed se pou\u017e\u00edv\u00e1 CNC nebo jin\u00e9 obr\u00e1b\u011bc\u00ed techniky. P\u00edst m\u016f\u017ee m\u00edt dr\u00e1\u017eky pro t\u011bsn\u011bn\u00ed a ty\u010d je \u010dasto kalen\u00e1 a chromovan\u00e1 pro v\u011bt\u0161\u00ed trvanlivost a odolnost proti opot\u0159eben\u00ed.<\/li>\n<\/ul>\n<\/li>\n<li><strong>Shrom\u00e1\u017ed\u011bn\u00ed:<\/strong>\n<ul>\n<li>Mont\u00e1\u017en\u00ed proces zahrnuje sestaven\u00ed r\u016fzn\u00fdch sou\u010d\u00e1st\u00ed dohromady, \u010d\u00edm\u017e se vytvo\u0159\u00ed hydraulick\u00fd v\u00e1lec. To zahrnuje vlo\u017een\u00ed t\u011bsn\u011bn\u00ed, lo\u017eisek a dal\u0161\u00edch pot\u0159ebn\u00fdch d\u00edl\u016f do v\u00e1lce, p\u0159ipevn\u011bn\u00ed p\u00edstu a ty\u010de a jejich zaji\u0161t\u011bn\u00ed pojistn\u00fdmi krou\u017eky nebo \u0161rouby.<\/li>\n<\/ul>\n<\/li>\n<li><strong>Povrchov\u00e1 \u00faprava a n\u00e1t\u011br:<\/strong>\n<ul>\n<li>V z\u00e1vislosti na aplikaci a podm\u00ednk\u00e1ch prost\u0159ed\u00ed m\u016f\u017ee hydraulick\u00fd v\u00e1lec podstoupit povrchov\u00e9 \u00fapravy a povlaky pro zv\u00fd\u0161en\u00ed odolnosti proti korozi a trvanlivosti. To m\u016f\u017ee zahrnovat galvanick\u00e9 pokovov\u00e1n\u00ed, lakov\u00e1n\u00ed nebo nan\u00e1\u0161en\u00ed speci\u00e1ln\u00edch povlak\u016f.<\/li>\n<\/ul>\n<\/li>\n<li><strong>Testov\u00e1n\u00ed a kontrola kvality:<\/strong>\n<ul>\n<li>Po dokon\u010den\u00ed mont\u00e1\u017ee proch\u00e1zej\u00ed hydraulick\u00e9 v\u00e1lce p\u0159\u00edsn\u00fdmi testy, aby spl\u0148ovaly normy kvality a v\u00fdkonu. Ty mohou zahrnovat tlakov\u00e9 testy, testy t\u011bsnosti a funk\u010dn\u00ed testy, aby se ov\u011b\u0159il spr\u00e1vn\u00fd provoz a spolehlivost.<\/li>\n<\/ul>\n<\/li>\n<li><strong>Kone\u010dn\u00e1 \u00faprava a balen\u00ed:<\/strong>\n<ul>\n<li>Po absolvov\u00e1n\u00ed kontrol kvality proch\u00e1zej\u00ed hydraulick\u00e9 v\u00e1lce fin\u00e1ln\u00edmi \u00fapravami, jako je \u010di\u0161t\u011bn\u00ed, odstra\u0148ov\u00e1n\u00ed ot\u0159ep\u016f a kosmetick\u00e9 \u00fapravy. Pot\u00e9 jsou pe\u010dliv\u011b zabaleny k p\u0159eprav\u011b nebo skladov\u00e1n\u00ed a p\u0159ipraveny k instalaci do hydraulick\u00fdch syst\u00e9m\u016f.<\/li>\n<\/ul>\n<\/li>\n<\/ol>\n<h2><strong>Schopnosti a kapacita tov\u00e1rny:<\/strong><\/h2>\n<h3>(1) Mont\u00e1\u017e<\/h3>\n<p>Disponujeme prvot\u0159\u00eddn\u00ed nez\u00e1vislou v\u00fdzkumnou a v\u00fdvojovou mont\u00e1\u017en\u00ed platformou. D\u00edlna na v\u00fdrobu hydraulick\u00fdch v\u00e1lc\u016f m\u00e1 \u010dty\u0159i poloautomatick\u00e9 mont\u00e1\u017en\u00ed linky pro zvedac\u00ed v\u00e1lce a jednu automatickou mont\u00e1\u017en\u00ed linku pro nakl\u00e1p\u011bc\u00ed v\u00e1lce s projektovanou ro\u010dn\u00ed v\u00fdrobn\u00ed kapacitou 1 milion kus\u016f. D\u00edlna na speci\u00e1ln\u00ed v\u00e1lce je vybavena poloautomatick\u00fdm \u010distic\u00edm mont\u00e1\u017en\u00edm syst\u00e9mem s r\u016fzn\u00fdmi specifikacemi a projektovanou ro\u010dn\u00ed v\u00fdrobn\u00ed kapacitou 200 000 kus\u016f a je vybavena zn\u00e1m\u00fdm CNC obr\u00e1b\u011bc\u00edm za\u0159\u00edzen\u00edm, obr\u00e1b\u011bc\u00edm centrem, vysoce p\u0159esn\u00fdm speci\u00e1ln\u00edm za\u0159\u00edzen\u00edm pro zpracov\u00e1n\u00ed v\u00e1lc\u016f, robotick\u00fdm sva\u0159ovac\u00edm strojem, automatick\u00fdm \u010distic\u00edm strojem, automatick\u00fdm mont\u00e1\u017en\u00edm strojem pro v\u00e1lce a automatickou lakovac\u00ed v\u00fdrobn\u00ed linkou. St\u00e1vaj\u00edc\u00ed kritick\u00e9 vybaven\u00ed m\u00e1 v\u00edce ne\u017e 300 sad. Optim\u00e1ln\u00ed alokace a efektivn\u00ed vyu\u017eit\u00ed zdroj\u016f za\u0159\u00edzen\u00ed zaji\u0161\u0165uje po\u017eadavky na p\u0159esnost v\u00fdrobk\u016f a spl\u0148uje po\u017eadavky na vysokou kvalitu v\u00fdrobk\u016f.<\/p>\n<p><img loading=\"lazy\" decoding=\"async\" class=\"alignnone wp-image-626\" src=\"https:\/\/hydraulic-cylinders.net\/wp-content\/uploads\/2023\/08\/hydraulic-cylinder-product-1-300x158.webp\" alt=\"\" width=\"495\" height=\"260\" srcset=\"https:\/\/hydraulic-cylinders.net\/wp-content\/uploads\/2023\/08\/hydraulic-cylinder-product-1-300x158.webp 495w, https:\/\/hydraulic-cylinders.net\/wp-content\/uploads\/2023\/08\/hydraulic-cylinder-product-1-480x252.webp 480w\" sizes=\"(min-width: 0px) and (max-width: 480px) 480px, (min-width: 481px) 495px, 100vw\" \/> <img loading=\"lazy\" decoding=\"async\" class=\"alignnone wp-image-627\" src=\"https:\/\/hydraulic-cylinders.net\/wp-content\/uploads\/2023\/08\/hydraulic-cylinder-product-2-300x189.webp\" alt=\"\" width=\"413\" height=\"260\" \/><\/p>\n<h3>(2) Obr\u00e1b\u011bn\u00ed<\/h3>\n<p>Obrobna je vybavena zak\u00e1zkov\u00fdm soustru\u017enick\u00fdm centrem pro \u0161ikm\u00e9 kolejnice, obr\u00e1b\u011bc\u00edm centrem, vysokorychlostn\u00edm honovac\u00edm strojem, sva\u0159ovac\u00edm robotem a dal\u0161\u00edm souvisej\u00edc\u00edm za\u0159\u00edzen\u00edm, kter\u00e9 zvl\u00e1dne obr\u00e1b\u011bn\u00ed v\u00e1lcov\u00fdch trubek s maxim\u00e1ln\u00edm vnit\u0159n\u00edm pr\u016fm\u011brem 400 mm a maxim\u00e1ln\u00ed d\u00e9lkou 6 metr\u016f.<\/p>\n<p><img loading=\"lazy\" decoding=\"async\" class=\"alignnone wp-image-628 size-large\" src=\"https:\/\/hydraulic-cylinders.net\/wp-content\/uploads\/2023\/08\/hydraulic-cylinder-product-3-1024x391.webp\" alt=\"\" width=\"1024\" height=\"391\" srcset=\"https:\/\/hydraulic-cylinders.net\/wp-content\/uploads\/2023\/08\/hydraulic-cylinder-product-3-980x374.webp 980w, https:\/\/hydraulic-cylinders.net\/wp-content\/uploads\/2023\/08\/hydraulic-cylinder-product-3-480x183.webp 480w\" sizes=\"(min-width: 0px) and (max-width: 480px) 480px, (min-width: 481px) and (max-width: 980px) 980px, (min-width: 981px) 1024px, 100vw\" \/><\/p>\n<h3>(3) Sva\u0159ov\u00e1n\u00ed<\/h3>\n<p><img loading=\"lazy\" decoding=\"async\" class=\"alignnone wp-image-629 size-large\" src=\"https:\/\/hydraulic-cylinders.net\/wp-content\/uploads\/2023\/08\/hydraulic-cylinder-product-4-1024x510.webp\" alt=\"\" width=\"1024\" height=\"510\" srcset=\"https:\/\/hydraulic-cylinders.net\/wp-content\/uploads\/2023\/08\/hydraulic-cylinder-product-4-980x488.webp 980w, https:\/\/hydraulic-cylinders.net\/wp-content\/uploads\/2023\/08\/hydraulic-cylinder-product-4-480x239.webp 480w\" sizes=\"(min-width: 0px) and (max-width: 480px) 480px, (min-width: 481px) and (max-width: 980px) 980px, (min-width: 981px) 1024px, 100vw\" \/><\/p>\n<h3>(4) Lakov\u00e1n\u00ed a n\u00e1t\u011bry<\/h3>\n<p>S mal\u00fdmi a st\u0159edn\u00edmi v\u00e1lcov\u00fdmi automatick\u00fdmi linkami na nan\u00e1\u0161en\u00ed barev na vodn\u00ed b\u00e1zi, pro dosa\u017een\u00ed automatick\u00e9ho robotick\u00e9ho nakl\u00e1d\u00e1n\u00ed a vykl\u00e1d\u00e1n\u00ed a automatick\u00e9ho st\u0159\u00edk\u00e1n\u00ed, je konstruk\u010dn\u00ed kapacita 4000 kus\u016f za sm\u011bnu;<br \/>\nM\u00e1me tak\u00e9 poloautomatickou linku na v\u00fdrobu barev pro velk\u00e9 tlakov\u00e9 lahve poh\u00e1n\u011bn\u00e9 \u0159et\u011bzem s konstruk\u010dn\u00ed kapacitou 60 lahv\u00ed za sm\u011bnu.<\/p>\n<p><img loading=\"lazy\" decoding=\"async\" class=\"alignnone wp-image-630\" src=\"https:\/\/hydraulic-cylinders.net\/wp-content\/uploads\/2023\/08\/hydraulic-cylinder-product-5-300x213.webp\" alt=\"\" width=\"366\" height=\"260\" \/> <img loading=\"lazy\" decoding=\"async\" class=\"alignnone wp-image-631\" src=\"https:\/\/hydraulic-cylinders.net\/wp-content\/uploads\/2023\/08\/hydraulic-cylinder-product-6-300x225.webp\" alt=\"\" width=\"347\" height=\"260\" \/><\/p>\n<h3>(5) Testov\u00e1n\u00ed<\/h3>\n<p>Disponujeme prvot\u0159\u00eddn\u00edmi inspek\u010dn\u00edmi za\u0159\u00edzen\u00edmi a zku\u0161ebn\u00edmi laborato\u0159emi, abychom zajistili, \u017ee v\u00fdkon v\u00e1lce spl\u0148uje po\u017eadavky.<\/p>\n<p><img loading=\"lazy\" decoding=\"async\" class=\"alignnone wp-image-632\" src=\"https:\/\/hydraulic-cylinders.net\/wp-content\/uploads\/2023\/08\/hydraulic-cylinder-product-8-300x200.webp\" alt=\"\" width=\"389\" height=\"260\" \/><\/p>\n<p>&nbsp;<\/p>\n<p>&nbsp;<\/p>\n<p>Jsme jedn\u00edm z nejlep\u0161\u00edch v\u00fdrobc\u016f hydraulick\u00fdch v\u00e1lc\u016f. Nab\u00edz\u00edme komplexn\u00ed hydraulick\u00e9 v\u00e1lce. Dod\u00e1v\u00e1me tak\u00e9 odpov\u00eddaj\u00edc\u00ed <a href=\"https:\/\/hzpt.com\/agricultural-pto-gearbox\/\" target=\"_blank\" rel=\"noopener\">zem\u011bd\u011blsk\u00e9 p\u0159evodovky<\/a>Na\u0161e v\u00fdrobky jsme exportovali klient\u016fm po cel\u00e9m sv\u011bt\u011b a d\u00edky vynikaj\u00edc\u00ed kvalit\u011b v\u00fdrobk\u016f a poprodejn\u00edmu servisu jsme si z\u00edskali dobrou pov\u011bst. V\u00edt\u00e1me z\u00e1kazn\u00edky doma i v zahrani\u010d\u00ed, kte\u0159\u00ed n\u00e1s kontaktuj\u00ed za \u00fa\u010delem vyjedn\u00e1v\u00e1n\u00ed obchodn\u00edch p\u0159\u00edle\u017eitost\u00ed, v\u00fdm\u011bny informac\u00ed a <a href=\"https:\/\/www.hydraulic-cylinders.net\/cs\/contact-us\/\">spolupracujte s n\u00e1mi<\/a>!<\/p>\n<p>&nbsp;<\/p>\n<p>&nbsp;<\/p>","protected":false},"excerpt":{"rendered":"<p>Reach Stacker Steering Cylinder The reach stacker steering cylinder is a vital hydraulic component designed to optimize control and maneuverability of reach stackers in material handling operations. This specialized cylinder enables smooth and precise steering, allowing operators to navigate tight spaces and handle heavy loads with ease. With its exceptional features, robust construction, and reliable [&hellip;]<\/p>","protected":false},"featured_media":1850,"comment_status":"open","ping_status":"closed","template":"","meta":{"_et_pb_use_builder":"","_et_pb_old_content":"","_et_gb_content_width":""},"product_brand":[],"product_cat":[1550,1516,1552],"product_tag":[1380],"class_list":{"0":"post-1848","1":"product","2":"type-product","3":"status-publish","4":"has-post-thumbnail","6":"product_cat-double-acting-hydraulic-cylinder","7":"product_cat-stacker-reclaimer-hydraulic-cylinders","8":"product_cat-stainless-steel-hydraulic-cylinder","9":"product_tag-hydraulic-cylinder","11":"first","12":"instock","13":"shipping-taxable","14":"product-type-simple"},"amp_enabled":true,"_links":{"self":[{"href":"https:\/\/www.hydraulic-cylinders.net\/cs\/wp-json\/wp\/v2\/product\/1848","targetHints":{"allow":["GET"]}}],"collection":[{"href":"https:\/\/www.hydraulic-cylinders.net\/cs\/wp-json\/wp\/v2\/product"}],"about":[{"href":"https:\/\/www.hydraulic-cylinders.net\/cs\/wp-json\/wp\/v2\/types\/product"}],"replies":[{"embeddable":true,"href":"https:\/\/www.hydraulic-cylinders.net\/cs\/wp-json\/wp\/v2\/comments?post=1848"}],"wp:featuredmedia":[{"embeddable":true,"href":"https:\/\/www.hydraulic-cylinders.net\/cs\/wp-json\/wp\/v2\/media\/1850"}],"wp:attachment":[{"href":"https:\/\/www.hydraulic-cylinders.net\/cs\/wp-json\/wp\/v2\/media?parent=1848"}],"wp:term":[{"taxonomy":"product_brand","embeddable":true,"href":"https:\/\/www.hydraulic-cylinders.net\/cs\/wp-json\/wp\/v2\/product_brand?post=1848"},{"taxonomy":"product_cat","embeddable":true,"href":"https:\/\/www.hydraulic-cylinders.net\/cs\/wp-json\/wp\/v2\/product_cat?post=1848"},{"taxonomy":"product_tag","embeddable":true,"href":"https:\/\/www.hydraulic-cylinders.net\/cs\/wp-json\/wp\/v2\/product_tag?post=1848"}],"curies":[{"name":"wp","href":"https:\/\/api.w.org\/{rel}","templated":true}]}}