{"id":1855,"date":"2023-10-17T07:58:40","date_gmt":"2023-10-17T07:58:40","guid":{"rendered":"https:\/\/hydraulic-cylinders.net\/?post_type=product&#038;p=1855"},"modified":"2025-04-15T05:42:42","modified_gmt":"2025-04-15T05:42:42","slug":"stacker-reclaimer-chaser-pitch-cylinder","status":"publish","type":"product","link":"https:\/\/www.hydraulic-cylinders.net\/cs\/produkt\/stacker-reclaimer-chaser-pitch-cylinder\/","title":{"rendered":"Stohovac\u00ed kladkostroj, kladkostroj, v\u00e1lec pro nakl\u00e1d\u00e1n\u00ed"},"content":{"rendered":"<h1 style=\"text-align: center;\"><strong>Stohovac\u00ed kladkostroj, kladkostroj, v\u00e1lec pro nakl\u00e1d\u00e1n\u00ed<\/strong><\/h1>\n<h1 style=\"text-align: center;\"><img loading=\"lazy\" decoding=\"async\" class=\"alignnone wp-image-1856\" src=\"https:\/\/hydraulic-cylinders.net\/wp-content\/uploads\/2023\/10\/chaser-pitch-cylinder-1-300x300.webp\" alt=\"\" width=\"400\" height=\"400\" \/><\/h1>\n<p>V\u00e1lec pro nastaven\u00ed \u00fahlu sklonu shrnova\u010de a stohova\u010de je kl\u00ed\u010dov\u00e1 hydraulick\u00e1 sou\u010d\u00e1st navr\u017een\u00e1 pro optimalizaci funk\u010dnosti a v\u00fdkonu stohova\u010d\u016f p\u0159i manipulaci s materi\u00e1lem. Tento specializovan\u00fd v\u00e1lec umo\u017e\u0148uje p\u0159esn\u00e9 ovl\u00e1d\u00e1n\u00ed a nastaven\u00ed \u00fahlu sklonu shrnova\u010de, co\u017e usnad\u0148uje efektivn\u00ed sb\u011br a vykl\u00e1d\u00e1n\u00ed materi\u00e1lu. D\u00edky sv\u00fdm v\u00fdjime\u010dn\u00fdm vlastnostem, robustn\u00ed konstrukci a spolehliv\u00e9mu v\u00fdkonu zp\u016fsobuje v\u00e1lec pro nastaven\u00ed \u00fahlu sklonu shrnova\u010de a stohova\u010de revoluci v efektivit\u011b a produktivit\u011b proces\u016f manipulace s materi\u00e1lem.<\/p>\n<p>V\u00e1lec pro nastaven\u00ed \u00fahlu n\u00e1klonu pro stohovac\u00ed a nakl\u00e1dac\u00ed za\u0159\u00edzen\u00ed je z\u00e1sadn\u00ed pro manipulaci s materi\u00e1lem, proto\u017ee nab\u00edz\u00ed p\u0159esn\u00e9 ovl\u00e1d\u00e1n\u00ed \u00fahlu n\u00e1klonu, robustn\u00ed konstrukci a vysokou nosnost. D\u00edky sv\u00e9 schopnosti optimalizovat \u00fahel n\u00e1klonu nakl\u00e1dac\u00edho za\u0159\u00edzen\u00ed usnad\u0148uje efektivn\u00ed nakl\u00e1d\u00e1n\u00ed a vykl\u00e1d\u00e1n\u00ed, minimalizuje rozsyp\u00e1v\u00e1n\u00ed materi\u00e1lu a zvy\u0161uje produktivitu. Dodr\u017eov\u00e1n\u00edm doporu\u010den\u00fdch metod pou\u017e\u00edv\u00e1n\u00ed a prov\u00e1d\u011bn\u00edm pravideln\u00fdch postup\u016f \u00fadr\u017eby mohou spole\u010dnosti maximalizovat v\u00fdkon, \u017eivotnost a spolehlivost sv\u00fdch manipula\u010dn\u00edch operac\u00ed. V\u00e1lec pro nastaven\u00ed \u00fahlu n\u00e1klonu pro stohovac\u00ed a nakl\u00e1dac\u00ed za\u0159\u00edzen\u00ed je neocenitelnou investic\u00ed do manipula\u010dn\u00edch operac\u00ed, kter\u00e1 umo\u017e\u0148uje oper\u00e1tor\u016fm dos\u00e1hnout optim\u00e1ln\u00ed efektivity, p\u0159esnosti a produktivity v dynamick\u00fdch a n\u00e1ro\u010dn\u00fdch prost\u0159ed\u00edch manipulace s materi\u00e1lem.<\/p>\n<p>Kl\u00ed\u010dov\u00e9 vlastnosti v\u00e1lce pro stohov\u00e1n\u00ed, recyklaci a fr\u00e9zov\u00e1n\u00ed:<\/p>\n<ol>\n<li>P\u0159esn\u00e9 ovl\u00e1d\u00e1n\u00ed \u00fahlu n\u00e1klonu: V\u00e1lec pro nastaven\u00ed \u00fahlu n\u00e1klonu dr\u00e1\u017ekova\u010de stohovac\u00edho stroje nab\u00edz\u00ed p\u0159esn\u00e9 ovl\u00e1d\u00e1n\u00ed \u00fahlu n\u00e1klonu dr\u00e1\u017ekova\u010de. Obsluha m\u016f\u017ee snadno nastavit \u00fahel tak, aby odpov\u00eddal vlastnostem materi\u00e1lu a optimalizoval proces nakl\u00e1d\u00e1n\u00ed a vykl\u00e1d\u00e1n\u00ed. Tato p\u0159esnost zaji\u0161\u0165uje efektivn\u00ed manipulaci s materi\u00e1lem, minimalizuje rozsyp\u00e1n\u00ed a zvy\u0161uje produktivitu.<\/li>\n<li>Robustn\u00ed konstrukce: Tento v\u00e1lec je vyroben z vysoce kvalitn\u00edch materi\u00e1l\u016f a m\u00e1 robustn\u00ed konstrukci, aby odolal n\u00e1ro\u010dn\u00fdm podm\u00ednk\u00e1m manipulace s materi\u00e1lem. Je navr\u017een tak, aby odolal t\u011b\u017ek\u00fdm n\u00e1klad\u016fm, n\u00e1raz\u016fm a drsn\u00e9mu prost\u0159ed\u00ed, co\u017e zaji\u0161\u0165uje dlouhodob\u00fd v\u00fdkon a spolehlivost.<\/li>\n<li>Vysok\u00e1 nosnost: V\u00e1lec pro nakl\u00e1p\u011bn\u00ed a vykl\u00e1p\u011bn\u00ed stohova\u010de je konstruov\u00e1n tak, aby zvl\u00e1dl t\u011b\u017ek\u00e9 n\u00e1klady, se kter\u00fdmi se setk\u00e1v\u00e1me p\u0159i manipulaci s materi\u00e1lem. Jeho robustn\u00ed konstrukce p\u00edstu a ty\u010de odol\u00e1 extr\u00e9mn\u00edm sil\u00e1m, co\u017e zaji\u0161\u0165uje stabilitu a jistotu b\u011bhem provozu.<\/li>\n<\/ol>\n<h2><strong>Parametr rozte\u010de v\u00e1lce stohovac\u00edho za\u0159\u00edzen\u00ed, fr\u00e9zovac\u00edho za\u0159\u00edzen\u00ed:<\/strong><\/h2>\n<table border=\"1\" cellspacing=\"0\" cellpadding=\"0\">\n<tbody>\n<tr>\n<td>N\u00e1zev produktu<\/td>\n<td>Stohovac\u00ed kladkostroj, kladkostroj, v\u00e1lec pro nakl\u00e1d\u00e1n\u00ed<\/td>\n<\/tr>\n<tr>\n<td>Vlastnosti:<\/td>\n<td>Uv\u011bdomte si k\u00fdvav\u00fd \u00fa\u010dinek mechanismu ocasn\u00edho p\u00e1su<\/td>\n<\/tr>\n<tr>\n<td>Pr\u016fm\u011br otvoru:<\/td>\n<td>300 mm\uff5e400 m<\/td>\n<\/tr>\n<tr>\n<td>Pr\u016fm\u011br ty\u010de:<\/td>\n<td>200 mm\uff5e320 mm<br \/>\nZdvih 1000 mm\uff5e4500 mm<\/td>\n<\/tr>\n<tr>\n<td>Tlak:<\/td>\n<td>a\u017e 35 MPa<\/td>\n<\/tr>\n<tr>\n<td>Aplikace:<\/td>\n<td>Recykl\u00e1tor stohova\u010d\u016f<\/td>\n<\/tr>\n<\/tbody>\n<\/table>\n<h2><strong>Pou\u017eit\u00ed v\u00e1lce pro recyklaci stohova\u010de:<\/strong><\/h2>\n<p><img loading=\"lazy\" decoding=\"async\" class=\"alignnone wp-image-1854 size-full\" src=\"https:\/\/hydraulic-cylinders.net\/wp-content\/uploads\/2023\/10\/stacker-reclaimer-cylinder-1.webp\" alt=\"\" width=\"494\" height=\"330\" srcset=\"https:\/\/hydraulic-cylinders.net\/wp-content\/uploads\/2023\/10\/stacker-reclaimer-cylinder-1.webp 494w, https:\/\/hydraulic-cylinders.net\/wp-content\/uploads\/2023\/10\/stacker-reclaimer-cylinder-1-480x321.webp 480w\" sizes=\"(min-width: 0px) and (max-width: 480px) 480px, (min-width: 481px) 494px, 100vw\" \/><\/p>\n<h2><strong>Zp\u016fsob pou\u017eit\u00ed stohovac\u00edho v\u00e1lce pro recyklaci stohova\u010de<\/strong><strong>:<\/strong><\/h2>\n<p>Nastaven\u00ed sklonu: Pro efektivn\u00ed vyu\u017eit\u00ed v\u00e1lce pro nastaven\u00ed sklonu stohova\u010de, nakl\u00e1dac\u00edho a vykl\u00e1dac\u00edho za\u0159\u00edzen\u00ed postupujte takto:<\/p>\n<p>a. Zapn\u011bte hydraulick\u00fd syst\u00e9m nakl\u00e1dac\u00edho za\u0159\u00edzen\u00ed a ujist\u011bte se, \u017ee hydraulick\u00fd tlak je v doporu\u010den\u00e9m provozn\u00edm rozsahu.<br \/>\nb. Pomoc\u00ed ovl\u00e1dac\u00edho rozhran\u00ed nebo dodan\u00e9ho joysticku upravte \u00fahel sklonu chaseru.<br \/>\nc. V\u00e1lec n\u00e1klonu stohovac\u00edho a nakl\u00e1p\u011bc\u00edho stroje bude reagovat na vstup obsluhy a plynule a p\u0159esn\u011b nastav\u00ed \u00fahel n\u00e1klonu.<br \/>\nd. Sledujte tok materi\u00e1lu a upravujte \u00fahel sklonu, abyste zajistili efektivn\u00ed nakl\u00e1d\u00e1n\u00ed nebo vykl\u00e1d\u00e1n\u00ed.<\/p>\n<h2><strong>Kolik stoj\u00ed rekonstrukce hydraulick\u00e9ho v\u00e1lce?<\/strong><\/h2>\n<p>Cena za repasi hydraulick\u00e9ho v\u00e1lce se m\u016f\u017ee li\u0161it v z\u00e1vislosti na n\u011bkolika faktorech, v\u010detn\u011b velikosti v\u00e1lce, rozsahu po\u0161kozen\u00ed nebo opot\u0159eben\u00ed, dostupnosti n\u00e1hradn\u00edch d\u00edl\u016f a n\u00e1klad\u016f na pr\u00e1ci. Repase hydraulick\u00e9ho v\u00e1lce zahrnuje demont\u00e1\u017e, kontrolu, opravu nebo v\u00fdm\u011bnu po\u0161kozen\u00fdch nebo opot\u0159ebovan\u00fdch sou\u010d\u00e1st\u00ed, op\u011btovn\u00e9 ut\u011bsn\u011bn\u00ed a op\u011btovnou mont\u00e1\u017e v\u00e1lce za \u00fa\u010delem obnoven\u00ed jeho funk\u010dnosti.<\/p>\n<p>Zde je n\u011bkolik faktor\u016f, kter\u00e9 mohou ovlivnit cenu repase hydraulick\u00e9ho v\u00e1lce:<\/p>\n<ol>\n<li><strong>Velikost v\u00e1lce:<\/strong> Repase v\u011bt\u0161\u00edch v\u00e1lc\u016f obvykle vy\u017eaduje v\u00edce \u010dasu a \u00fasil\u00ed, co\u017e ovliv\u0148uje celkov\u00e9 n\u00e1klady.<\/li>\n<li><strong>Po\u0161kozen\u00ed nebo opot\u0159eben\u00ed:<\/strong> Rozsah po\u0161kozen\u00ed nebo opot\u0159eben\u00ed v\u00e1lce m\u016f\u017ee ovlivnit cenu. Drobn\u00e9 opravy nebo v\u00fdm\u011bna t\u011bsn\u011bn\u00ed mohou b\u00fdt levn\u011bj\u0161\u00ed ne\u017e oprava nebo v\u00fdm\u011bna hlavn\u00edch sou\u010d\u00e1st\u00ed, jako je p\u00edst, ty\u010d nebo v\u00e1lec.<\/li>\n<li><strong>N\u00e1hradn\u00ed d\u00edly:<\/strong> Dostupnost a cena n\u00e1hradn\u00edch d\u00edl\u016f pot\u0159ebn\u00fdch k repasi se m\u016f\u017ee li\u0161it. N\u011bkter\u00e9 v\u00e1lce mohou m\u00edt snadno dostupn\u00e9 a cenov\u011b dostupn\u00e9 d\u00edly, zat\u00edmco jin\u00e9 mohou vy\u017eadovat zak\u00e1zkov\u00e9 nebo specializovan\u00e9 komponenty, co\u017e by mohlo n\u00e1klady zv\u00fd\u0161it.<\/li>\n<li><strong>N\u00e1klady na pr\u00e1ci:<\/strong> N\u00e1klady na pr\u00e1ci se mohou li\u0161it v z\u00e1vislosti na slo\u017eitosti rekonstrukce, po\u017eadovan\u00e9 \u00farovni dovednost\u00ed a um\u00edst\u011bn\u00ed poskytovatele slu\u017eeb. N\u00e1klady na pr\u00e1ci mohou zahrnovat demont\u00e1\u017e, kontrolu, \u010di\u0161t\u011bn\u00ed, opravu nebo v\u00fdm\u011bnu sou\u010d\u00e1st\u00ed, op\u011btovn\u00e9 ut\u011bsn\u011bn\u00ed a op\u011btovnou mont\u00e1\u017e.<\/li>\n<li><strong>Dopl\u0148kov\u00e9 slu\u017eby:<\/strong> Pokud jsou vy\u017eadov\u00e1ny dal\u0161\u00ed slu\u017eby, jako je obr\u00e1b\u011bn\u00ed nebo sva\u0159ov\u00e1n\u00ed, mohou se celkov\u00e9 n\u00e1klady na rekonstrukci zv\u00fd\u0161it.<\/li>\n<\/ol>\n<h2><strong>Schopnosti a kapacita tov\u00e1rny:<\/strong><\/h2>\n<h3>(1) Mont\u00e1\u017e<\/h3>\n<p>Disponujeme prvot\u0159\u00eddn\u00ed nez\u00e1vislou v\u00fdzkumnou a v\u00fdvojovou mont\u00e1\u017en\u00ed platformou. D\u00edlna na v\u00fdrobu hydraulick\u00fdch v\u00e1lc\u016f m\u00e1 \u010dty\u0159i poloautomatick\u00e9 mont\u00e1\u017en\u00ed linky pro zvedac\u00ed v\u00e1lce a jednu automatickou mont\u00e1\u017en\u00ed linku pro nakl\u00e1p\u011bc\u00ed v\u00e1lce s projektovanou ro\u010dn\u00ed v\u00fdrobn\u00ed kapacitou 1 milion kus\u016f. D\u00edlna na speci\u00e1ln\u00ed v\u00e1lce je vybavena poloautomatick\u00fdm \u010distic\u00edm mont\u00e1\u017en\u00edm syst\u00e9mem s r\u016fzn\u00fdmi specifikacemi a projektovanou ro\u010dn\u00ed v\u00fdrobn\u00ed kapacitou 200 000 kus\u016f a je vybavena zn\u00e1m\u00fdm CNC obr\u00e1b\u011bc\u00edm za\u0159\u00edzen\u00edm, obr\u00e1b\u011bc\u00edm centrem, vysoce p\u0159esn\u00fdm speci\u00e1ln\u00edm za\u0159\u00edzen\u00edm pro zpracov\u00e1n\u00ed v\u00e1lc\u016f, robotick\u00fdm sva\u0159ovac\u00edm strojem, automatick\u00fdm \u010distic\u00edm strojem, automatick\u00fdm mont\u00e1\u017en\u00edm strojem pro v\u00e1lce a automatickou lakovac\u00ed v\u00fdrobn\u00ed linkou. St\u00e1vaj\u00edc\u00ed kritick\u00e9 vybaven\u00ed m\u00e1 v\u00edce ne\u017e 300 sad. Optim\u00e1ln\u00ed alokace a efektivn\u00ed vyu\u017eit\u00ed zdroj\u016f za\u0159\u00edzen\u00ed zaji\u0161\u0165uje po\u017eadavky na p\u0159esnost v\u00fdrobk\u016f a spl\u0148uje po\u017eadavky na vysokou kvalitu v\u00fdrobk\u016f.<\/p>\n<p><img loading=\"lazy\" decoding=\"async\" class=\"alignnone wp-image-626\" src=\"https:\/\/hydraulic-cylinders.net\/wp-content\/uploads\/2023\/08\/hydraulic-cylinder-product-1-300x158.webp\" alt=\"\" width=\"495\" height=\"260\" srcset=\"https:\/\/hydraulic-cylinders.net\/wp-content\/uploads\/2023\/08\/hydraulic-cylinder-product-1-300x158.webp 495w, https:\/\/hydraulic-cylinders.net\/wp-content\/uploads\/2023\/08\/hydraulic-cylinder-product-1-480x252.webp 480w\" sizes=\"(min-width: 0px) and (max-width: 480px) 480px, (min-width: 481px) 495px, 100vw\" \/> <img loading=\"lazy\" decoding=\"async\" class=\"alignnone wp-image-627\" src=\"https:\/\/hydraulic-cylinders.net\/wp-content\/uploads\/2023\/08\/hydraulic-cylinder-product-2-300x189.webp\" alt=\"\" width=\"413\" height=\"260\" \/><\/p>\n<h3>(2) Obr\u00e1b\u011bn\u00ed<\/h3>\n<p>Obrobna je vybavena zak\u00e1zkov\u00fdm soustru\u017enick\u00fdm centrem pro \u0161ikm\u00e9 kolejnice, obr\u00e1b\u011bc\u00edm centrem, vysokorychlostn\u00edm honovac\u00edm strojem, sva\u0159ovac\u00edm robotem a dal\u0161\u00edm souvisej\u00edc\u00edm za\u0159\u00edzen\u00edm, kter\u00e9 zvl\u00e1dne obr\u00e1b\u011bn\u00ed v\u00e1lcov\u00fdch trubek s maxim\u00e1ln\u00edm vnit\u0159n\u00edm pr\u016fm\u011brem 400 mm a maxim\u00e1ln\u00ed d\u00e9lkou 6 metr\u016f.<\/p>\n<p><img loading=\"lazy\" decoding=\"async\" class=\"alignnone wp-image-628 size-large\" src=\"https:\/\/hydraulic-cylinders.net\/wp-content\/uploads\/2023\/08\/hydraulic-cylinder-product-3-1024x391.webp\" alt=\"\" width=\"1024\" height=\"391\" srcset=\"https:\/\/hydraulic-cylinders.net\/wp-content\/uploads\/2023\/08\/hydraulic-cylinder-product-3-980x374.webp 980w, https:\/\/hydraulic-cylinders.net\/wp-content\/uploads\/2023\/08\/hydraulic-cylinder-product-3-480x183.webp 480w\" sizes=\"(min-width: 0px) and (max-width: 480px) 480px, (min-width: 481px) and (max-width: 980px) 980px, (min-width: 981px) 1024px, 100vw\" \/><\/p>\n<h3>(3) Sva\u0159ov\u00e1n\u00ed<\/h3>\n<p><img loading=\"lazy\" decoding=\"async\" class=\"alignnone wp-image-629 size-large\" src=\"https:\/\/hydraulic-cylinders.net\/wp-content\/uploads\/2023\/08\/hydraulic-cylinder-product-4-1024x510.webp\" alt=\"\" width=\"1024\" height=\"510\" srcset=\"https:\/\/hydraulic-cylinders.net\/wp-content\/uploads\/2023\/08\/hydraulic-cylinder-product-4-980x488.webp 980w, https:\/\/hydraulic-cylinders.net\/wp-content\/uploads\/2023\/08\/hydraulic-cylinder-product-4-480x239.webp 480w\" sizes=\"(min-width: 0px) and (max-width: 480px) 480px, (min-width: 481px) and (max-width: 980px) 980px, (min-width: 981px) 1024px, 100vw\" \/><\/p>\n<h3>(4) Lakov\u00e1n\u00ed a n\u00e1t\u011bry<\/h3>\n<p>S mal\u00fdmi a st\u0159edn\u00edmi v\u00e1lcov\u00fdmi automatick\u00fdmi linkami na nan\u00e1\u0161en\u00ed barev na vodn\u00ed b\u00e1zi, pro dosa\u017een\u00ed automatick\u00e9ho robotick\u00e9ho nakl\u00e1d\u00e1n\u00ed a vykl\u00e1d\u00e1n\u00ed a automatick\u00e9ho st\u0159\u00edk\u00e1n\u00ed, je konstruk\u010dn\u00ed kapacita 4000 kus\u016f za sm\u011bnu;<br \/>\nM\u00e1me tak\u00e9 poloautomatickou linku na v\u00fdrobu barev pro velk\u00e9 tlakov\u00e9 lahve poh\u00e1n\u011bn\u00e9 \u0159et\u011bzem s konstruk\u010dn\u00ed kapacitou 60 lahv\u00ed za sm\u011bnu.<\/p>\n<p><img loading=\"lazy\" decoding=\"async\" class=\"alignnone wp-image-630\" src=\"https:\/\/hydraulic-cylinders.net\/wp-content\/uploads\/2023\/08\/hydraulic-cylinder-product-5-300x213.webp\" alt=\"\" width=\"366\" height=\"260\" \/> <img loading=\"lazy\" decoding=\"async\" class=\"alignnone wp-image-631\" src=\"https:\/\/hydraulic-cylinders.net\/wp-content\/uploads\/2023\/08\/hydraulic-cylinder-product-6-300x225.webp\" alt=\"\" width=\"347\" height=\"260\" \/><\/p>\n<h3>(5) Testov\u00e1n\u00ed<\/h3>\n<p>Disponujeme prvot\u0159\u00eddn\u00edmi inspek\u010dn\u00edmi za\u0159\u00edzen\u00edmi a zku\u0161ebn\u00edmi laborato\u0159emi, abychom zajistili, \u017ee v\u00fdkon v\u00e1lce spl\u0148uje po\u017eadavky.<\/p>\n<p><img loading=\"lazy\" decoding=\"async\" class=\"alignnone wp-image-632\" src=\"https:\/\/hydraulic-cylinders.net\/wp-content\/uploads\/2023\/08\/hydraulic-cylinder-product-8-300x200.webp\" alt=\"\" width=\"389\" height=\"260\" \/><\/p>\n<p>&nbsp;<\/p>\n<p>&nbsp;<\/p>\n<p>Jsme jedn\u00edm z nejlep\u0161\u00edch v\u00fdrobc\u016f hydraulick\u00fdch v\u00e1lc\u016f. Nab\u00edz\u00edme komplexn\u00ed hydraulick\u00e9 v\u00e1lce. Dod\u00e1v\u00e1me tak\u00e9 odpov\u00eddaj\u00edc\u00ed <a href=\"https:\/\/hzpt.com\/agricultural-pto-gearbox\/\" target=\"_blank\" rel=\"noopener\">zem\u011bd\u011blsk\u00e9 p\u0159evodovky<\/a>Na\u0161e v\u00fdrobky jsme exportovali klient\u016fm po cel\u00e9m sv\u011bt\u011b a d\u00edky vynikaj\u00edc\u00ed kvalit\u011b v\u00fdrobk\u016f a poprodejn\u00edmu servisu jsme si z\u00edskali dobrou pov\u011bst. V\u00edt\u00e1me z\u00e1kazn\u00edky doma i v zahrani\u010d\u00ed, kte\u0159\u00ed n\u00e1s kontaktuj\u00ed za \u00fa\u010delem vyjedn\u00e1v\u00e1n\u00ed obchodn\u00edch p\u0159\u00edle\u017eitost\u00ed, v\u00fdm\u011bny informac\u00ed a <a href=\"https:\/\/www.hydraulic-cylinders.net\/cs\/contact-us\/\">spolupracujte s n\u00e1mi<\/a>!<\/p>\n<p>&nbsp;<\/p>\n<p>&nbsp;<\/p>","protected":false},"excerpt":{"rendered":"<p>Stacker Reclaimer Chaser Pitch Cylinder The stacker reclaimer chaser pitch cylinder is a critical hydraulic component designed to optimize the functionality and performance of stacker reclaimers in material handling operations. This specialized cylinder enables precise control and adjustment of the chaser&#8217;s pitch angle, facilitating efficient material pickup and discharge. With its exceptional features, robust construction, [&hellip;]<\/p>","protected":false},"featured_media":1857,"comment_status":"open","ping_status":"closed","template":"","meta":{"_et_pb_use_builder":"","_et_pb_old_content":"","_et_gb_content_width":""},"product_brand":[],"product_cat":[1550,1516,1552],"product_tag":[1380],"class_list":{"0":"post-1855","1":"product","2":"type-product","3":"status-publish","4":"has-post-thumbnail","6":"product_cat-double-acting-hydraulic-cylinder","7":"product_cat-stacker-reclaimer-hydraulic-cylinders","8":"product_cat-stainless-steel-hydraulic-cylinder","9":"product_tag-hydraulic-cylinder","11":"first","12":"instock","13":"shipping-taxable","14":"product-type-simple"},"amp_enabled":true,"_links":{"self":[{"href":"https:\/\/www.hydraulic-cylinders.net\/cs\/wp-json\/wp\/v2\/product\/1855","targetHints":{"allow":["GET"]}}],"collection":[{"href":"https:\/\/www.hydraulic-cylinders.net\/cs\/wp-json\/wp\/v2\/product"}],"about":[{"href":"https:\/\/www.hydraulic-cylinders.net\/cs\/wp-json\/wp\/v2\/types\/product"}],"replies":[{"embeddable":true,"href":"https:\/\/www.hydraulic-cylinders.net\/cs\/wp-json\/wp\/v2\/comments?post=1855"}],"wp:featuredmedia":[{"embeddable":true,"href":"https:\/\/www.hydraulic-cylinders.net\/cs\/wp-json\/wp\/v2\/media\/1857"}],"wp:attachment":[{"href":"https:\/\/www.hydraulic-cylinders.net\/cs\/wp-json\/wp\/v2\/media?parent=1855"}],"wp:term":[{"taxonomy":"product_brand","embeddable":true,"href":"https:\/\/www.hydraulic-cylinders.net\/cs\/wp-json\/wp\/v2\/product_brand?post=1855"},{"taxonomy":"product_cat","embeddable":true,"href":"https:\/\/www.hydraulic-cylinders.net\/cs\/wp-json\/wp\/v2\/product_cat?post=1855"},{"taxonomy":"product_tag","embeddable":true,"href":"https:\/\/www.hydraulic-cylinders.net\/cs\/wp-json\/wp\/v2\/product_tag?post=1855"}],"curies":[{"name":"wp","href":"https:\/\/api.w.org\/{rel}","templated":true}]}}