{"id":1859,"date":"2023-10-18T02:17:53","date_gmt":"2023-10-18T02:17:53","guid":{"rendered":"https:\/\/hydraulic-cylinders.net\/?post_type=product&#038;p=1859"},"modified":"2025-04-15T05:42:38","modified_gmt":"2025-04-15T05:42:38","slug":"stacker-reclaimer-belt-tensioning-cylinder","status":"publish","type":"product","link":"https:\/\/www.hydraulic-cylinders.net\/cs\/produkt\/stacker-reclaimer-belt-tensioning-cylinder\/","title":{"rendered":"Nap\u00ednac\u00ed v\u00e1lec p\u00e1su pro zp\u011btn\u00fd stohova\u010d"},"content":{"rendered":"<h1 style=\"text-align: center;\"><strong>Nap\u00ednac\u00ed v\u00e1lec p\u00e1su pro zp\u011btn\u00fd stohova\u010d<\/strong><\/h1>\n<h1 style=\"text-align: center;\"><img loading=\"lazy\" decoding=\"async\" class=\"alignnone wp-image-1860\" src=\"https:\/\/hydraulic-cylinders.net\/wp-content\/uploads\/2023\/10\/belt-tensioning-cylinder-1-300x300.webp\" alt=\"\" width=\"400\" height=\"400\" \/><\/h1>\n<p>Nap\u00ednac\u00ed v\u00e1lec p\u00e1su zaklada\u010de a naklada\u010de je kl\u00ed\u010dovou sou\u010d\u00e1st\u00ed dopravn\u00edkov\u00fdch syst\u00e9m\u016f pou\u017e\u00edvan\u00fdch p\u0159i manipulaci s materi\u00e1lem. Hraje kl\u00ed\u010dovou roli v udr\u017eov\u00e1n\u00ed spr\u00e1vn\u00e9ho napnut\u00ed a vyrovn\u00e1n\u00ed dopravn\u00edho p\u00e1su, \u010d\u00edm\u017e zaji\u0161\u0165uje efektivn\u00ed a spolehlivou p\u0159epravu sypk\u00fdch materi\u00e1l\u016f. Tento specializovan\u00fd hydraulick\u00fd v\u00e1lec nab\u00edz\u00ed v\u00fdjime\u010dn\u00fd v\u00fdkon a odolnost, co\u017e umo\u017e\u0148uje obsluze optimalizovat v\u00fdkon dopravn\u00edku a z\u00e1rove\u0148 prodlou\u017eit \u017eivotnost dopravn\u00edho p\u00e1su.<\/p>\n<p>Nap\u00ednac\u00ed v\u00e1lec p\u00e1su pro zaklada\u010d a nakl\u00e1da\u010d je kl\u00ed\u010dovou sou\u010d\u00e1st\u00ed dopravn\u00edkov\u00fdch syst\u00e9m\u016f. Nab\u00edz\u00ed p\u0159esn\u00e9 ovl\u00e1d\u00e1n\u00ed nap\u011bt\u00ed, robustn\u00ed konstrukci a spolehliv\u00e9 vyrovn\u00e1n\u00ed p\u00e1su. D\u00edky sv\u00e9 schopnosti optimalizovat nap\u011bt\u00ed a udr\u017eovat spr\u00e1vn\u00e9 vyrovn\u00e1n\u00ed p\u00e1su zvy\u0161uje v\u00fdkon dopravn\u00edku, minimalizuje prostoje a prodlu\u017euje \u017eivotnost dopravn\u00edho p\u00e1su. Dodr\u017eov\u00e1n\u00edm doporu\u010den\u00fdch metod pou\u017e\u00edv\u00e1n\u00ed a prov\u00e1d\u011bn\u00edm pravideln\u00fdch postup\u016f \u00fadr\u017eby mohou spole\u010dnosti maximalizovat v\u00fdkon, \u017eivotnost a spolehlivost sv\u00fdch dopravn\u00edkov\u00fdch syst\u00e9m\u016f. Nap\u00ednac\u00ed v\u00e1lec p\u00e1su pro zaklada\u010d a nakl\u00e1da\u010d je cennou investic\u00ed pro manipulaci s materi\u00e1lem, kter\u00e1 umo\u017e\u0148uje oper\u00e1tor\u016fm dos\u00e1hnout optim\u00e1ln\u00ed efektivity, p\u0159esnosti a produktivity v dynamick\u00fdch a n\u00e1ro\u010dn\u00fdch prost\u0159ed\u00edch manipulace s materi\u00e1lem.<\/p>\n<p>Kl\u00ed\u010dov\u00e9 vlastnosti nap\u00ednac\u00edho v\u00e1lce p\u00e1su stohovac\u00edho za\u0159\u00edzen\u00ed:<\/p>\n<ul>\n<li>P\u0159esn\u00e9 ovl\u00e1d\u00e1n\u00ed nap\u011bt\u00ed: Nap\u00ednac\u00ed v\u00e1lec p\u00e1su zaji\u0161\u0165uje p\u0159esn\u00e9 ovl\u00e1d\u00e1n\u00ed nap\u011bt\u00ed aplikovan\u00e9ho na dopravn\u00edkov\u00fd p\u00e1s. Tato funkce umo\u017e\u0148uje obsluze nastavit nap\u011bt\u00ed podle specifick\u00fdch po\u017eadavk\u016f p\u0159epravovan\u00e9ho materi\u00e1lu, \u010d\u00edm\u017e je zaji\u0161t\u011bn optim\u00e1ln\u00ed v\u00fdkon a zabr\u00e1n\u011bno prokluzov\u00e1n\u00ed nebo po\u0161kozen\u00ed p\u00e1su.<\/li>\n<li>Robustn\u00ed konstrukce: V\u00e1lec pro nap\u00edn\u00e1n\u00ed \u0159emenu, vyroben\u00fd z vysoce kvalitn\u00edch materi\u00e1l\u016f a s robustn\u00ed konstrukc\u00ed, je navr\u017een tak, aby odolal n\u00e1ro\u010dn\u00fdm podm\u00ednk\u00e1m manipulace s materi\u00e1lem. Jeho robustn\u00ed konstrukce zaji\u0161\u0165uje spolehliv\u00fd v\u00fdkon i p\u0159i vysok\u00e9m zat\u00ed\u017een\u00ed, vibrac\u00edch a v n\u00e1ro\u010dn\u00fdch podm\u00ednk\u00e1ch.<\/li>\n<li>Spolehliv\u00e9 vyrovn\u00e1n\u00ed p\u00e1su: Konstrukce v\u00e1lce umo\u017e\u0148uje konzistentn\u00ed a p\u0159esn\u00e9 vyrovn\u00e1n\u00ed p\u00e1su. Udr\u017eov\u00e1n\u00edm spr\u00e1vn\u00e9ho nap\u011bt\u00ed pom\u00e1h\u00e1 p\u0159edch\u00e1zet nespr\u00e1vn\u00e9mu vyrovn\u00e1n\u00ed p\u00e1su a sni\u017euje riziko rozsyp\u00e1n\u00ed materi\u00e1lu, minimalizuje prostoje a zvy\u0161uje provozn\u00ed efektivitu.<\/li>\n<\/ul>\n<h2><strong>Parametr rozte\u010de v\u00e1lce stohovac\u00edho za\u0159\u00edzen\u00ed, fr\u00e9zovac\u00edho za\u0159\u00edzen\u00ed:<\/strong><\/h2>\n<table border=\"1\" cellspacing=\"0\" cellpadding=\"0\">\n<tbody>\n<tr>\n<td>N\u00e1zev produktu<\/td>\n<td>Nap\u00ednac\u00ed v\u00e1lec p\u00e1su pro zp\u011btn\u00fd stohova\u010d<\/td>\n<\/tr>\n<tr>\n<td>Vlastnosti:<\/td>\n<td>Zjist\u011bte napnut\u00ed a v\u016fli \u0159emene<\/td>\n<\/tr>\n<tr>\n<td>Pr\u016fm\u011br otvoru:<\/td>\n<td>80 mm\uff5e180 m<\/td>\n<\/tr>\n<tr>\n<td>Pr\u016fm\u011br ty\u010de:<\/td>\n<td>45 mm\uff5e120 mm<br \/>\nZdvih 500 mm\uff5e1500 mm<\/td>\n<\/tr>\n<tr>\n<td>Tlak:<\/td>\n<td>a\u017e 35 MPa<\/td>\n<\/tr>\n<tr>\n<td>Aplikace:<\/td>\n<td>Recykl\u00e1tor stohova\u010d\u016f<\/td>\n<\/tr>\n<\/tbody>\n<\/table>\n<h2><strong>Pou\u017eit\u00ed v\u00e1lce pro recyklaci stohova\u010de:<\/strong><\/h2>\n<p><img loading=\"lazy\" decoding=\"async\" class=\"alignnone wp-image-1854 size-full\" src=\"https:\/\/hydraulic-cylinders.net\/wp-content\/uploads\/2023\/10\/stacker-reclaimer-cylinder-1.webp\" alt=\"\" width=\"494\" height=\"330\" srcset=\"https:\/\/hydraulic-cylinders.net\/wp-content\/uploads\/2023\/10\/stacker-reclaimer-cylinder-1.webp 494w, https:\/\/hydraulic-cylinders.net\/wp-content\/uploads\/2023\/10\/stacker-reclaimer-cylinder-1-480x321.webp 480w\" sizes=\"(min-width: 0px) and (max-width: 480px) 480px, (min-width: 481px) 494px, 100vw\" \/><\/p>\n<h2><strong>Zp\u016fsob pou\u017eit\u00ed stohovac\u00edho v\u00e1lce pro recyklaci stohova\u010de<\/strong><strong>:<\/strong><\/h2>\n<p>Nastaven\u00ed nap\u011bt\u00ed: Pro efektivn\u00ed vyu\u017eit\u00ed nap\u00ednac\u00edho v\u00e1lce \u0159emene stohovac\u00edho za\u0159\u00edzen\u00ed postupujte podle t\u011bchto krok\u016f:<\/p>\n<p>a. Zapn\u011bte hydraulick\u00fd syst\u00e9m poh\u00e1n\u011bj\u00edc\u00ed dopravn\u00edk a ujist\u011bte se, \u017ee hydraulick\u00fd tlak je v doporu\u010den\u00e9m provozn\u00edm rozsahu.<br \/>\nb. Pomoc\u00ed dodan\u00e9ho ovl\u00e1dac\u00edho rozhran\u00ed nebo nastavovac\u00edho mechanismu zvy\u0161te nebo sni\u017ete nap\u011bt\u00ed p\u016fsob\u00edc\u00ed na dopravn\u00edkov\u00fd p\u00e1s.<br \/>\nc. Sledujte v\u00fdkon \u0159emene a upravujte jeho nap\u011bt\u00ed tak, aby bylo zaji\u0161t\u011bno optim\u00e1ln\u00ed vyrovn\u00e1n\u00ed a nedo\u0161lo k jeho prokluzov\u00e1n\u00ed nebo po\u0161kozen\u00ed.<\/p>\n<h2><strong>Kolik stoj\u00ed oprava hydraulick\u00e9ho v\u00e1lce?<\/strong><\/h2>\n<p>Cena opravy hydraulick\u00e9ho v\u00e1lce se m\u016f\u017ee li\u0161it v z\u00e1vislosti na n\u011bkolika faktorech, v\u010detn\u011b rozsahu po\u0161kozen\u00ed nebo opot\u0159eben\u00ed, velikosti v\u00e1lce, dostupnosti n\u00e1hradn\u00edch d\u00edl\u016f a n\u00e1klad\u016f na pr\u00e1ci. Oprava hydraulick\u00e9ho v\u00e1lce obvykle zahrnuje demont\u00e1\u017e v\u00e1lce, kontrolu a opravu nebo v\u00fdm\u011bnu po\u0161kozen\u00fdch sou\u010d\u00e1st\u00ed a op\u011btovn\u00e9 ut\u011bsn\u011bn\u00ed a op\u011btovnou mont\u00e1\u017e v\u00e1lce pro obnoven\u00ed jeho funk\u010dnosti.<\/p>\n<p>Zde je n\u011bkolik faktor\u016f, kter\u00e9 mohou ovlivnit cenu opravy hydraulick\u00e9ho v\u00e1lce:<\/p>\n<ol>\n<li><strong>Po\u0161kozen\u00ed nebo opot\u0159eben\u00ed:<\/strong> Rozsah po\u0161kozen\u00ed nebo opot\u0159eben\u00ed v\u00e1lce m\u016f\u017ee ovlivnit cenu. Drobn\u00e9 opravy nebo v\u00fdm\u011bna t\u011bsn\u011bn\u00ed mohou b\u00fdt levn\u011bj\u0161\u00ed ne\u017e oprava nebo v\u00fdm\u011bna hlavn\u00edch sou\u010d\u00e1st\u00ed, jako je p\u00edst, ty\u010d nebo v\u00e1lec.<\/li>\n<li><strong>N\u00e1hradn\u00ed d\u00edly:<\/strong> Dostupnost a cena n\u00e1hradn\u00edch d\u00edl\u016f pot\u0159ebn\u00fdch k oprav\u011b se m\u016f\u017ee li\u0161it. N\u011bkter\u00e9 v\u00e1lce mohou m\u00edt snadno dostupn\u00e9 a cenov\u011b dostupn\u00e9 d\u00edly, zat\u00edmco jin\u00e9 mohou vy\u017eadovat zak\u00e1zkov\u00e9 nebo specializovan\u00e9 komponenty, co\u017e by mohlo n\u00e1klady zv\u00fd\u0161it.<\/li>\n<li><strong>Velikost v\u00e1lce:<\/strong> Oprava v\u011bt\u0161\u00edch v\u00e1lc\u016f m\u016f\u017ee vy\u017eadovat v\u00edce \u010dasu a \u00fasil\u00ed, co\u017e ovliv\u0148uje celkov\u00e9 n\u00e1klady.<\/li>\n<li><strong>N\u00e1klady na pr\u00e1ci:<\/strong> N\u00e1klady na pr\u00e1ci se mohou li\u0161it v z\u00e1vislosti na slo\u017eitosti opravy, po\u017eadovan\u00e9 \u00farovni dovednost\u00ed a um\u00edst\u011bn\u00ed poskytovatele slu\u017eeb. N\u00e1klady na pr\u00e1ci mohou zahrnovat demont\u00e1\u017e, kontrolu, \u010di\u0161t\u011bn\u00ed, opravu nebo v\u00fdm\u011bnu sou\u010d\u00e1st\u00ed, op\u011btovn\u00e9 ut\u011bsn\u011bn\u00ed a op\u011btovnou mont\u00e1\u017e.<\/li>\n<li><strong>Dopl\u0148kov\u00e9 slu\u017eby:<\/strong> Pokud jsou nutn\u00e9 dal\u0161\u00ed slu\u017eby, jako je obr\u00e1b\u011bn\u00ed, sva\u0159ov\u00e1n\u00ed nebo honov\u00e1n\u00ed, mohou se zv\u00fd\u0161it celkov\u00e9 n\u00e1klady na opravu.<\/li>\n<\/ol>\n<h2><strong>Schopnosti a kapacita tov\u00e1rny:<\/strong><\/h2>\n<h3>(1) Mont\u00e1\u017e<\/h3>\n<p>Disponujeme prvot\u0159\u00eddn\u00ed nez\u00e1vislou v\u00fdzkumnou a v\u00fdvojovou mont\u00e1\u017en\u00ed platformou. D\u00edlna na v\u00fdrobu hydraulick\u00fdch v\u00e1lc\u016f m\u00e1 \u010dty\u0159i poloautomatick\u00e9 mont\u00e1\u017en\u00ed linky pro zvedac\u00ed v\u00e1lce a jednu automatickou mont\u00e1\u017en\u00ed linku pro nakl\u00e1p\u011bc\u00ed v\u00e1lce s projektovanou ro\u010dn\u00ed v\u00fdrobn\u00ed kapacitou 1 milion kus\u016f. D\u00edlna na speci\u00e1ln\u00ed v\u00e1lce je vybavena poloautomatick\u00fdm \u010distic\u00edm mont\u00e1\u017en\u00edm syst\u00e9mem s r\u016fzn\u00fdmi specifikacemi a projektovanou ro\u010dn\u00ed v\u00fdrobn\u00ed kapacitou 200 000 kus\u016f a je vybavena zn\u00e1m\u00fdm CNC obr\u00e1b\u011bc\u00edm za\u0159\u00edzen\u00edm, obr\u00e1b\u011bc\u00edm centrem, vysoce p\u0159esn\u00fdm speci\u00e1ln\u00edm za\u0159\u00edzen\u00edm pro zpracov\u00e1n\u00ed v\u00e1lc\u016f, robotick\u00fdm sva\u0159ovac\u00edm strojem, automatick\u00fdm \u010distic\u00edm strojem, automatick\u00fdm mont\u00e1\u017en\u00edm strojem pro v\u00e1lce a automatickou lakovac\u00ed v\u00fdrobn\u00ed linkou. St\u00e1vaj\u00edc\u00ed kritick\u00e9 vybaven\u00ed m\u00e1 v\u00edce ne\u017e 300 sad. Optim\u00e1ln\u00ed alokace a efektivn\u00ed vyu\u017eit\u00ed zdroj\u016f za\u0159\u00edzen\u00ed zaji\u0161\u0165uje po\u017eadavky na p\u0159esnost v\u00fdrobk\u016f a spl\u0148uje po\u017eadavky na vysokou kvalitu v\u00fdrobk\u016f.<\/p>\n<p><img loading=\"lazy\" decoding=\"async\" class=\"alignnone wp-image-626\" src=\"https:\/\/hydraulic-cylinders.net\/wp-content\/uploads\/2023\/08\/hydraulic-cylinder-product-1-300x158.webp\" alt=\"\" width=\"495\" height=\"260\" srcset=\"https:\/\/hydraulic-cylinders.net\/wp-content\/uploads\/2023\/08\/hydraulic-cylinder-product-1-300x158.webp 495w, https:\/\/hydraulic-cylinders.net\/wp-content\/uploads\/2023\/08\/hydraulic-cylinder-product-1-480x252.webp 480w\" sizes=\"(min-width: 0px) and (max-width: 480px) 480px, (min-width: 481px) 495px, 100vw\" \/> <img loading=\"lazy\" decoding=\"async\" class=\"alignnone wp-image-627\" src=\"https:\/\/hydraulic-cylinders.net\/wp-content\/uploads\/2023\/08\/hydraulic-cylinder-product-2-300x189.webp\" alt=\"\" width=\"413\" height=\"260\" \/><\/p>\n<h3>(2) Obr\u00e1b\u011bn\u00ed<\/h3>\n<p>Obrobna je vybavena zak\u00e1zkov\u00fdm soustru\u017enick\u00fdm centrem pro \u0161ikm\u00e9 kolejnice, obr\u00e1b\u011bc\u00edm centrem, vysokorychlostn\u00edm honovac\u00edm strojem, sva\u0159ovac\u00edm robotem a dal\u0161\u00edm souvisej\u00edc\u00edm za\u0159\u00edzen\u00edm, kter\u00e9 zvl\u00e1dne obr\u00e1b\u011bn\u00ed v\u00e1lcov\u00fdch trubek s maxim\u00e1ln\u00edm vnit\u0159n\u00edm pr\u016fm\u011brem 400 mm a maxim\u00e1ln\u00ed d\u00e9lkou 6 metr\u016f.<\/p>\n<p><img loading=\"lazy\" decoding=\"async\" class=\"alignnone wp-image-628 size-large\" src=\"https:\/\/hydraulic-cylinders.net\/wp-content\/uploads\/2023\/08\/hydraulic-cylinder-product-3-1024x391.webp\" alt=\"\" width=\"1024\" height=\"391\" srcset=\"https:\/\/hydraulic-cylinders.net\/wp-content\/uploads\/2023\/08\/hydraulic-cylinder-product-3-980x374.webp 980w, https:\/\/hydraulic-cylinders.net\/wp-content\/uploads\/2023\/08\/hydraulic-cylinder-product-3-480x183.webp 480w\" sizes=\"(min-width: 0px) and (max-width: 480px) 480px, (min-width: 481px) and (max-width: 980px) 980px, (min-width: 981px) 1024px, 100vw\" \/><\/p>\n<h3>(3) Sva\u0159ov\u00e1n\u00ed<\/h3>\n<p><img loading=\"lazy\" decoding=\"async\" class=\"alignnone wp-image-629 size-large\" src=\"https:\/\/hydraulic-cylinders.net\/wp-content\/uploads\/2023\/08\/hydraulic-cylinder-product-4-1024x510.webp\" alt=\"\" width=\"1024\" height=\"510\" srcset=\"https:\/\/hydraulic-cylinders.net\/wp-content\/uploads\/2023\/08\/hydraulic-cylinder-product-4-980x488.webp 980w, https:\/\/hydraulic-cylinders.net\/wp-content\/uploads\/2023\/08\/hydraulic-cylinder-product-4-480x239.webp 480w\" sizes=\"(min-width: 0px) and (max-width: 480px) 480px, (min-width: 481px) and (max-width: 980px) 980px, (min-width: 981px) 1024px, 100vw\" \/><\/p>\n<h3>(4) Lakov\u00e1n\u00ed a n\u00e1t\u011bry<\/h3>\n<p>S mal\u00fdmi a st\u0159edn\u00edmi v\u00e1lcov\u00fdmi automatick\u00fdmi linkami na nan\u00e1\u0161en\u00ed barev na vodn\u00ed b\u00e1zi, pro dosa\u017een\u00ed automatick\u00e9ho robotick\u00e9ho nakl\u00e1d\u00e1n\u00ed a vykl\u00e1d\u00e1n\u00ed a automatick\u00e9ho st\u0159\u00edk\u00e1n\u00ed, je konstruk\u010dn\u00ed kapacita 4000 kus\u016f za sm\u011bnu;<br \/>\nM\u00e1me tak\u00e9 poloautomatickou linku na v\u00fdrobu barev pro velk\u00e9 tlakov\u00e9 lahve poh\u00e1n\u011bn\u00e9 \u0159et\u011bzem s konstruk\u010dn\u00ed kapacitou 60 lahv\u00ed za sm\u011bnu.<\/p>\n<p><img loading=\"lazy\" decoding=\"async\" class=\"alignnone wp-image-630\" src=\"https:\/\/hydraulic-cylinders.net\/wp-content\/uploads\/2023\/08\/hydraulic-cylinder-product-5-300x213.webp\" alt=\"\" width=\"366\" height=\"260\" \/> <img loading=\"lazy\" decoding=\"async\" class=\"alignnone wp-image-631\" src=\"https:\/\/hydraulic-cylinders.net\/wp-content\/uploads\/2023\/08\/hydraulic-cylinder-product-6-300x225.webp\" alt=\"\" width=\"347\" height=\"260\" \/><\/p>\n<h3>(5) Testov\u00e1n\u00ed<\/h3>\n<p>Disponujeme prvot\u0159\u00eddn\u00edmi inspek\u010dn\u00edmi za\u0159\u00edzen\u00edmi a zku\u0161ebn\u00edmi laborato\u0159emi, abychom zajistili, \u017ee v\u00fdkon v\u00e1lce spl\u0148uje po\u017eadavky.<\/p>\n<p><img loading=\"lazy\" decoding=\"async\" class=\"alignnone wp-image-632\" src=\"https:\/\/hydraulic-cylinders.net\/wp-content\/uploads\/2023\/08\/hydraulic-cylinder-product-8-300x200.webp\" alt=\"\" width=\"389\" height=\"260\" \/><\/p>\n<p>&nbsp;<\/p>\n<p>&nbsp;<\/p>\n<p>Jsme jedn\u00edm z nejlep\u0161\u00edch v\u00fdrobc\u016f hydraulick\u00fdch v\u00e1lc\u016f. Nab\u00edz\u00edme komplexn\u00ed hydraulick\u00e9 v\u00e1lce. Dod\u00e1v\u00e1me tak\u00e9 odpov\u00eddaj\u00edc\u00ed <a href=\"https:\/\/hzpt.com\/agricultural-pto-gearbox\/\" target=\"_blank\" rel=\"noopener\">zem\u011bd\u011blsk\u00e9 p\u0159evodovky<\/a>Na\u0161e v\u00fdrobky jsme exportovali klient\u016fm po cel\u00e9m sv\u011bt\u011b a d\u00edky vynikaj\u00edc\u00ed kvalit\u011b v\u00fdrobk\u016f a poprodejn\u00edmu servisu jsme si z\u00edskali dobrou pov\u011bst. V\u00edt\u00e1me z\u00e1kazn\u00edky doma i v zahrani\u010d\u00ed, kte\u0159\u00ed n\u00e1s kontaktuj\u00ed za \u00fa\u010delem vyjedn\u00e1v\u00e1n\u00ed obchodn\u00edch p\u0159\u00edle\u017eitost\u00ed, v\u00fdm\u011bny informac\u00ed a <a href=\"https:\/\/www.hydraulic-cylinders.net\/cs\/contact-us\/\">spolupracujte s n\u00e1mi<\/a>!<\/p>\n<p>&nbsp;<\/p>\n<p>&nbsp;<\/p>","protected":false},"excerpt":{"rendered":"<p>Stacker Reclaimer Belt Tensioning Cylinder The stacker reclaimer belt tensioning cylinder is a critical component in conveyor systems used in material handling operations. It plays a crucial role in maintaining proper tension and alignment of the conveyor belt, ensuring efficient and reliable transportation of bulk materials. This specialized hydraulic cylinder offers exceptional performance and durability, [&hellip;]<\/p>","protected":false},"featured_media":1861,"comment_status":"open","ping_status":"closed","template":"","meta":{"_et_pb_use_builder":"","_et_pb_old_content":"","_et_gb_content_width":""},"product_brand":[],"product_cat":[1549,1516,1552],"product_tag":[1380],"class_list":{"0":"post-1859","1":"product","2":"type-product","3":"status-publish","4":"has-post-thumbnail","6":"product_cat-single-acting-hydraulic-cylinder","7":"product_cat-stacker-reclaimer-hydraulic-cylinders","8":"product_cat-stainless-steel-hydraulic-cylinder","9":"product_tag-hydraulic-cylinder","11":"first","12":"instock","13":"shipping-taxable","14":"product-type-simple"},"amp_enabled":true,"_links":{"self":[{"href":"https:\/\/www.hydraulic-cylinders.net\/cs\/wp-json\/wp\/v2\/product\/1859","targetHints":{"allow":["GET"]}}],"collection":[{"href":"https:\/\/www.hydraulic-cylinders.net\/cs\/wp-json\/wp\/v2\/product"}],"about":[{"href":"https:\/\/www.hydraulic-cylinders.net\/cs\/wp-json\/wp\/v2\/types\/product"}],"replies":[{"embeddable":true,"href":"https:\/\/www.hydraulic-cylinders.net\/cs\/wp-json\/wp\/v2\/comments?post=1859"}],"wp:featuredmedia":[{"embeddable":true,"href":"https:\/\/www.hydraulic-cylinders.net\/cs\/wp-json\/wp\/v2\/media\/1861"}],"wp:attachment":[{"href":"https:\/\/www.hydraulic-cylinders.net\/cs\/wp-json\/wp\/v2\/media?parent=1859"}],"wp:term":[{"taxonomy":"product_brand","embeddable":true,"href":"https:\/\/www.hydraulic-cylinders.net\/cs\/wp-json\/wp\/v2\/product_brand?post=1859"},{"taxonomy":"product_cat","embeddable":true,"href":"https:\/\/www.hydraulic-cylinders.net\/cs\/wp-json\/wp\/v2\/product_cat?post=1859"},{"taxonomy":"product_tag","embeddable":true,"href":"https:\/\/www.hydraulic-cylinders.net\/cs\/wp-json\/wp\/v2\/product_tag?post=1859"}],"curies":[{"name":"wp","href":"https:\/\/api.w.org\/{rel}","templated":true}]}}