{"id":1866,"date":"2023-10-18T03:13:57","date_gmt":"2023-10-18T03:13:57","guid":{"rendered":"https:\/\/hydraulic-cylinders.net\/?post_type=product&#038;p=1866"},"modified":"2025-04-15T05:52:24","modified_gmt":"2025-04-15T05:52:24","slug":"oil-gas-drilling-derrick-lifting-cylinder","status":"publish","type":"product","link":"https:\/\/www.hydraulic-cylinders.net\/cs\/produkt\/oil-gas-drilling-derrick-lifting-cylinder\/","title":{"rendered":"Zvedac\u00ed v\u00e1lec pro vrtn\u00e9 v\u011b\u017ee pro ropu\/plyn"},"content":{"rendered":"<h1 style=\"text-align: center;\"><strong>Zvedac\u00ed v\u00e1lec pro vrtn\u00e9 v\u011b\u017ee pro ropu\/plyn<\/strong><\/h1>\n<p><img loading=\"lazy\" decoding=\"async\" class=\"aligncenter wp-image-1868\" src=\"https:\/\/hydraulic-cylinders.net\/wp-content\/uploads\/2023\/10\/derrick-lifting-cylinder-1-1-300x300.webp\" alt=\"\" width=\"400\" height=\"400\" \/><\/p>\n<p>Zvedac\u00ed v\u00e1lec pro vrtn\u00e9 v\u011b\u017ee ropy\/plynu je kl\u00ed\u010dovou sou\u010d\u00e1st\u00ed vrtn\u00fdch operac\u00ed ropy a zemn\u00edho plynu a je speci\u00e1ln\u011b navr\u017een pro zved\u00e1n\u00ed a spou\u0161t\u011bn\u00ed v\u011b\u017e\u00ed. Tento specializovan\u00fd hydraulick\u00fd v\u00e1lec hraje kl\u00ed\u010dovou roli v podpo\u0159e vertik\u00e1ln\u00edho pohybu v\u011b\u017ee, co\u017e umo\u017e\u0148uje efektivn\u00ed a bezpe\u010dn\u00e9 vrtac\u00ed \u010dinnosti v ropn\u00e9m a plyn\u00e1rensk\u00e9m pr\u016fmyslu.<\/p>\n<p>The oil\/gas drilling derrick lifting cylinder is vital in the oil and gas drilling industry, offering robust construction, high load capacity, and precise control. Its ability to handle heavy loads and provide accurate movement control enhances the efficiency and safety of drilling operations. By following the recommended usage methods and implementing regular maintenance practices, companies can maximize their drilling activities&#8217; performance, longevity, and reliability. The oil\/gas drilling derrick lifting cylinder is an indispensable investment for the oil and gas industry, empowering operators to achieve optimal safety, productivity, and success in their drilling operations.<\/p>\n<p>Kl\u00ed\u010dov\u00e9 vlastnosti zvedac\u00edho v\u00e1lce pro vrtn\u00e9 plo\u0161iny pro ropu\/plyn:<\/p>\n<ul>\n<li>Robustn\u00ed konstrukce: Zvedac\u00ed v\u00e1lec je\u0159\u00e1bu je vyroben z vysoce kvalitn\u00edch materi\u00e1l\u016f a m\u00e1 kompletn\u00ed konstrukci, aby odolal n\u00e1ro\u010dn\u00fdm podm\u00ednk\u00e1m vrt\u00e1n\u00ed ropy a plynu. Jeho robustn\u00ed konstrukce zaji\u0161\u0165uje odolnost a spolehlivost i v n\u00e1ro\u010dn\u00fdch podm\u00ednk\u00e1ch prost\u0159ed\u00ed a extr\u00e9mn\u00edch teplot\u00e1ch.<\/li>\n<li>Vysok\u00e1 nosnost: Tento v\u00e1lec je navr\u017een tak, aby zvl\u00e1dl t\u011b\u017ek\u00e9 n\u00e1klady spojen\u00e9 se zved\u00e1n\u00edm a spou\u0161t\u011bn\u00edm vrtn\u00fdch v\u011b\u017e\u00ed. Jeho v\u00fdjime\u010dn\u00e1 nosnost poskytuje pevnost a stabilitu pot\u0159ebnou pro bezpe\u010dn\u00e9 a efektivn\u00ed vrtac\u00ed operace.<\/li>\n<li>P\u0159esn\u00e9 ovl\u00e1d\u00e1n\u00ed: Zvedac\u00ed v\u00e1lec nab\u00edz\u00ed p\u0159esn\u00e9 ovl\u00e1d\u00e1n\u00ed vertik\u00e1ln\u00edho pohybu vrtn\u00e9 v\u011b\u017ee, co\u017e umo\u017e\u0148uje obsluze p\u0159esn\u011b polohovat a upravovat v\u00fd\u0161ku vrtn\u00e9 konstrukce. Tato \u00farove\u0148 ovl\u00e1d\u00e1n\u00ed zaji\u0161\u0165uje optim\u00e1ln\u00ed provozn\u00ed efektivitu a zvy\u0161uje bezpe\u010dnost b\u011bhem kritick\u00fdch vrtac\u00edch \u010dinnost\u00ed.<\/li>\n<\/ul>\n<h2><strong>Parametr zvedac\u00edho v\u00e1lce pro vrtn\u00e9 v\u011b\u017ee ropy\/plynu:<\/strong><\/h2>\n<table border=\"1\" cellspacing=\"0\" cellpadding=\"0\">\n<tbody>\n<tr>\n<td>N\u00e1zev produktu<\/td>\n<td>Zvedac\u00ed v\u00e1lec pro plo\u0161inu pro vrt\u00e1n\u00ed ropy\/plynu<\/td>\n<\/tr>\n<tr>\n<td>Vlastnosti:<\/td>\n<td>Uv\u011bdomte si zved\u00e1n\u00ed a spou\u0161t\u011bn\u00ed vrtac\u00ed plo\u0161iny.<\/td>\n<\/tr>\n<tr>\n<td>Pr\u016fm\u011br otvoru:<\/td>\n<td>530 mm<\/td>\n<\/tr>\n<tr>\n<td>Pr\u016fm\u011br ty\u010de:<\/td>\n<td>\u00a0490 mm<br \/>\nZdvih \u2264 9000 mm<\/td>\n<\/tr>\n<tr>\n<td>Tlak:<\/td>\n<td>Maxim\u00e1ln\u011b 20,7 MPa<\/td>\n<\/tr>\n<tr>\n<td>Aplikace:<\/td>\n<td>Platforma pro t\u011b\u017ebu ropy\/plynu<\/td>\n<\/tr>\n<\/tbody>\n<\/table>\n<h2><strong>Pou\u017eit\u00ed v\u00e1lce pro vrtnou plo\u0161inu pro ropu\/plyn:<\/strong><\/h2>\n<p><img loading=\"lazy\" decoding=\"async\" class=\"alignnone wp-image-1864 size-full\" src=\"https:\/\/hydraulic-cylinders.net\/wp-content\/uploads\/2023\/10\/oilgas-drilling-cylinder-1.webp\" alt=\"\" width=\"494\" height=\"330\" srcset=\"https:\/\/hydraulic-cylinders.net\/wp-content\/uploads\/2023\/10\/oilgas-drilling-cylinder-1.webp 494w, https:\/\/hydraulic-cylinders.net\/wp-content\/uploads\/2023\/10\/oilgas-drilling-cylinder-1-480x321.webp 480w\" sizes=\"(min-width: 0px) and (max-width: 480px) 480px, (min-width: 481px) 494px, 100vw\" \/><\/p>\n<h2><strong>Zp\u016fsob pou\u017eit\u00ed v\u00e1lce pro zved\u00e1n\u00ed vrtn\u00fdch v\u011b\u017e\u00ed pro ropu\/plyn<\/strong><strong>:<\/strong><\/h2>\n<p>Zved\u00e1n\u00ed vrtn\u00fdch v\u011b\u017e\u00ed: Pro efektivn\u00ed vyu\u017eit\u00ed zvedac\u00edho v\u00e1lce pro vrtn\u00e9 v\u011b\u017ee ropy\/plynu postupujte podle t\u011bchto krok\u016f:<\/p>\n<p>a. Zapn\u011bte hydraulick\u00fd syst\u00e9m poh\u00e1n\u011bj\u00edc\u00ed zvedac\u00ed mechanismus a ujist\u011bte se, \u017ee hydraulick\u00fd tlak je v doporu\u010den\u00e9m provozn\u00edm rozsahu.<br \/>\nb. Pomoc\u00ed ovl\u00e1dac\u00edho rozhran\u00ed nebo p\u00e1ky aktivujte v\u00e1lec a zahajte zved\u00e1n\u00ed nebo spou\u0161t\u011bn\u00ed zvedac\u00ed plo\u0161iny.<br \/>\nc. Monitor the derrick&#8217;s movement and adjust the cylinder&#8217;s operation to achieve the desired height or position.<\/p>\n<h2><strong>Jak sestavit hydraulick\u00fd v\u00e1lec?<\/strong><\/h2>\n<p>Mont\u00e1\u017e hydraulick\u00e9ho v\u00e1lce vy\u017eaduje pe\u010dlivou pozornost k detail\u016fm a dodr\u017eov\u00e1n\u00ed spr\u00e1vn\u00fdch postup\u016f, aby byl zaji\u0161t\u011bn bezpe\u010dn\u00fd a funk\u010dn\u00ed v\u00fdsledek. Zde je obecn\u00fd n\u00e1vod, jak vyrobit hydraulick\u00fd v\u00e1lec:<\/p>\n<ol>\n<li><strong>Shrom\u00e1\u017ed\u011bte pot\u0159ebn\u00e9 komponenty:<\/strong>\n<ul>\n<li>V\u00e1lec v\u00e1lce<\/li>\n<li>Sestava p\u00edstu<\/li>\n<li>P\u00edstn\u00ed ty\u010d<\/li>\n<li>Koncov\u00e9 uz\u00e1v\u011bry v\u00e1lc\u016f<\/li>\n<li>T\u011bsn\u011bn\u00ed a O-krou\u017eky<\/li>\n<li>Pojistn\u00e9 krou\u017eky nebo pojistn\u00e9 krou\u017eky<\/li>\n<li>Mont\u00e1\u017en\u00ed mazivo<\/li>\n<\/ul>\n<\/li>\n<li><strong>P\u0159ipravte si komponenty:<\/strong>\n<ul>\n<li>D\u016fkladn\u011b o\u010dist\u011bte v\u0161echny sou\u010d\u00e1sti, abyste odstranili ve\u0161ker\u00e9 ne\u010distoty nebo \u00falomky.<\/li>\n<li>Zkontrolujte v\u0161echny sou\u010d\u00e1sti, zda nevykazuj\u00ed zn\u00e1mky po\u0161kozen\u00ed nebo opot\u0159eben\u00ed. Vym\u011b\u0148te v\u0161echny po\u0161kozen\u00e9 nebo opot\u0159ebovan\u00e9 d\u00edly.<\/li>\n<\/ul>\n<\/li>\n<li><strong>Nainstalujte t\u011bsn\u011bn\u00ed a O-krou\u017eky:<\/strong>\n<ul>\n<li>Naneste tenkou vrstvu mont\u00e1\u017en\u00edho maziva na t\u011bsn\u011bn\u00ed a O-krou\u017eky.<\/li>\n<li>Opatrn\u011b nainstalujte t\u011bsn\u011bn\u00ed a O-krou\u017eky na p\u00edst, p\u00edstn\u00ed ty\u010d a koncov\u00e9 v\u00edka v\u00e1lc\u016f do jejich dr\u00e1\u017eek.<\/li>\n<\/ul>\n<\/li>\n<li><strong>Nainstalujte sestavu p\u00edstu:<\/strong>\n<ul>\n<li>Nasu\u0148te p\u00edstn\u00ed sestavu na p\u00edstnici a ujist\u011bte se, \u017ee je spr\u00e1vn\u011b zarovn\u00e1na.<\/li>\n<li>Vlo\u017ete sestavu p\u00edstn\u00ed ty\u010de a p\u00edstu do v\u00e1lce v\u00e1lce.<\/li>\n<li>Jemn\u011b zatla\u010dte sestavu p\u00edstu do v\u00e1lce, ani\u017e byste po\u0161kodili t\u011bsn\u011bn\u00ed.<\/li>\n<\/ul>\n<\/li>\n<li><strong>P\u0159ipevn\u011bte koncov\u00e9 krytky v\u00e1lc\u016f:<\/strong>\n<ul>\n<li>Naneste mont\u00e1\u017en\u00ed mazivo na dosedac\u00ed plochy koncov\u00fdch v\u00ed\u010dek v\u00e1lc\u016f.<\/li>\n<li>Opatrn\u011b um\u00edst\u011bte koncov\u00e9 krytky v\u00e1lc\u016f na hlave\u0148 a spr\u00e1vn\u011b je zarovnejte.<\/li>\n<li>Koncov\u00e9 v\u00ed\u010dka bezpe\u010dn\u011b upevn\u011bte pomoc\u00ed vhodn\u00fdch pojistn\u00fdch krou\u017ek\u016f nebo pojistn\u00fdch krou\u017ek\u016f.<\/li>\n<\/ul>\n<\/li>\n<li><strong>Zkontrolujte plynul\u00fd chod:<\/strong>\n<ul>\n<li>Pohybujte p\u00edstem tam a zp\u011bt uvnit\u0159 v\u00e1lce, abyste zajistili plynul\u00fd pohyb a spr\u00e1vn\u00e9 vyrovn\u00e1n\u00ed.<\/li>\n<li>Zkontrolujte, zda t\u011bsn\u011bn\u00ed nejsou zasekl\u00e9 nebo net\u011bsn\u00ed.<\/li>\n<\/ul>\n<\/li>\n<li><strong>Zkou\u0161ka t\u011bsnosti:<\/strong>\n<ul>\n<li>P\u0159ipojte hydraulick\u00e9 hadice k otvor\u016fm v\u00e1lce.<\/li>\n<li>Apply hydraulic pressure to the cylinder, following the manufacturer&#8217;s recommended pressure specifications.<\/li>\n<li>Zkontrolujte v\u00e1lec, zda na t\u011bsn\u011bn\u00ed nebo spoj\u00edch nejsou patrn\u00e9 zn\u00e1mky net\u011bsnost\u00ed. Pokud zjist\u00edte net\u011bsnosti, rozeberte a znovu zkontrolujte t\u011bsn\u011bn\u00ed, nebo se obra\u0165te na odborn\u00edka.<\/li>\n<\/ul>\n<\/li>\n<\/ol>\n<h2><strong>Schopnosti a kapacita tov\u00e1rny:<\/strong><\/h2>\n<h3>(1) Mont\u00e1\u017e<\/h3>\n<p>Disponujeme prvot\u0159\u00eddn\u00ed nez\u00e1vislou v\u00fdzkumnou a v\u00fdvojovou mont\u00e1\u017en\u00ed platformou. D\u00edlna na v\u00fdrobu hydraulick\u00fdch v\u00e1lc\u016f m\u00e1 \u010dty\u0159i poloautomatick\u00e9 mont\u00e1\u017en\u00ed linky pro zvedac\u00ed v\u00e1lce a jednu automatickou mont\u00e1\u017en\u00ed linku pro nakl\u00e1p\u011bc\u00ed v\u00e1lce s projektovanou ro\u010dn\u00ed v\u00fdrobn\u00ed kapacitou 1 milion kus\u016f. D\u00edlna na speci\u00e1ln\u00ed v\u00e1lce je vybavena poloautomatick\u00fdm \u010distic\u00edm mont\u00e1\u017en\u00edm syst\u00e9mem s r\u016fzn\u00fdmi specifikacemi a projektovanou ro\u010dn\u00ed v\u00fdrobn\u00ed kapacitou 200 000 kus\u016f a je vybavena zn\u00e1m\u00fdm CNC obr\u00e1b\u011bc\u00edm za\u0159\u00edzen\u00edm, obr\u00e1b\u011bc\u00edm centrem, vysoce p\u0159esn\u00fdm speci\u00e1ln\u00edm za\u0159\u00edzen\u00edm pro zpracov\u00e1n\u00ed v\u00e1lc\u016f, robotick\u00fdm sva\u0159ovac\u00edm strojem, automatick\u00fdm \u010distic\u00edm strojem, automatick\u00fdm mont\u00e1\u017en\u00edm strojem pro v\u00e1lce a automatickou lakovac\u00ed v\u00fdrobn\u00ed linkou. St\u00e1vaj\u00edc\u00ed kritick\u00e9 vybaven\u00ed m\u00e1 v\u00edce ne\u017e 300 sad. Optim\u00e1ln\u00ed alokace a efektivn\u00ed vyu\u017eit\u00ed zdroj\u016f za\u0159\u00edzen\u00ed zaji\u0161\u0165uje po\u017eadavky na p\u0159esnost v\u00fdrobk\u016f a spl\u0148uje po\u017eadavky na vysokou kvalitu v\u00fdrobk\u016f.<\/p>\n<p><img loading=\"lazy\" decoding=\"async\" class=\"alignnone wp-image-626\" src=\"https:\/\/hydraulic-cylinders.net\/wp-content\/uploads\/2023\/08\/hydraulic-cylinder-product-1-300x158.webp\" alt=\"\" width=\"495\" height=\"260\" srcset=\"https:\/\/hydraulic-cylinders.net\/wp-content\/uploads\/2023\/08\/hydraulic-cylinder-product-1-300x158.webp 495w, https:\/\/hydraulic-cylinders.net\/wp-content\/uploads\/2023\/08\/hydraulic-cylinder-product-1-480x252.webp 480w\" sizes=\"(min-width: 0px) and (max-width: 480px) 480px, (min-width: 481px) 495px, 100vw\" \/> <img loading=\"lazy\" decoding=\"async\" class=\"alignnone wp-image-627\" src=\"https:\/\/hydraulic-cylinders.net\/wp-content\/uploads\/2023\/08\/hydraulic-cylinder-product-2-300x189.webp\" alt=\"\" width=\"413\" height=\"260\" \/><\/p>\n<h3>(2) Obr\u00e1b\u011bn\u00ed<\/h3>\n<p>Obrobna je vybavena zak\u00e1zkov\u00fdm soustru\u017enick\u00fdm centrem pro \u0161ikm\u00e9 kolejnice, obr\u00e1b\u011bc\u00edm centrem, vysokorychlostn\u00edm honovac\u00edm strojem, sva\u0159ovac\u00edm robotem a dal\u0161\u00edm souvisej\u00edc\u00edm za\u0159\u00edzen\u00edm, kter\u00e9 zvl\u00e1dne obr\u00e1b\u011bn\u00ed v\u00e1lcov\u00fdch trubek s maxim\u00e1ln\u00edm vnit\u0159n\u00edm pr\u016fm\u011brem 400 mm a maxim\u00e1ln\u00ed d\u00e9lkou 6 metr\u016f.<\/p>\n<p><img loading=\"lazy\" decoding=\"async\" class=\"alignnone wp-image-628 size-large\" src=\"https:\/\/hydraulic-cylinders.net\/wp-content\/uploads\/2023\/08\/hydraulic-cylinder-product-3-1024x391.webp\" alt=\"\" width=\"1024\" height=\"391\" srcset=\"https:\/\/hydraulic-cylinders.net\/wp-content\/uploads\/2023\/08\/hydraulic-cylinder-product-3-980x374.webp 980w, https:\/\/hydraulic-cylinders.net\/wp-content\/uploads\/2023\/08\/hydraulic-cylinder-product-3-480x183.webp 480w\" sizes=\"(min-width: 0px) and (max-width: 480px) 480px, (min-width: 481px) and (max-width: 980px) 980px, (min-width: 981px) 1024px, 100vw\" \/><\/p>\n<h3>(3) Sva\u0159ov\u00e1n\u00ed<\/h3>\n<p><img loading=\"lazy\" decoding=\"async\" class=\"alignnone wp-image-629 size-large\" src=\"https:\/\/hydraulic-cylinders.net\/wp-content\/uploads\/2023\/08\/hydraulic-cylinder-product-4-1024x510.webp\" alt=\"\" width=\"1024\" height=\"510\" srcset=\"https:\/\/hydraulic-cylinders.net\/wp-content\/uploads\/2023\/08\/hydraulic-cylinder-product-4-980x488.webp 980w, https:\/\/hydraulic-cylinders.net\/wp-content\/uploads\/2023\/08\/hydraulic-cylinder-product-4-480x239.webp 480w\" sizes=\"(min-width: 0px) and (max-width: 480px) 480px, (min-width: 481px) and (max-width: 980px) 980px, (min-width: 981px) 1024px, 100vw\" \/><\/p>\n<h3>(4) Lakov\u00e1n\u00ed a n\u00e1t\u011bry<\/h3>\n<p>S mal\u00fdmi a st\u0159edn\u00edmi v\u00e1lcov\u00fdmi automatick\u00fdmi linkami na nan\u00e1\u0161en\u00ed barev na vodn\u00ed b\u00e1zi, pro dosa\u017een\u00ed automatick\u00e9ho robotick\u00e9ho nakl\u00e1d\u00e1n\u00ed a vykl\u00e1d\u00e1n\u00ed a automatick\u00e9ho st\u0159\u00edk\u00e1n\u00ed, je konstruk\u010dn\u00ed kapacita 4000 kus\u016f za sm\u011bnu;<br \/>\nM\u00e1me tak\u00e9 poloautomatickou linku na v\u00fdrobu barev pro velk\u00e9 tlakov\u00e9 lahve poh\u00e1n\u011bn\u00e9 \u0159et\u011bzem s konstruk\u010dn\u00ed kapacitou 60 lahv\u00ed za sm\u011bnu.<\/p>\n<p><img loading=\"lazy\" decoding=\"async\" class=\"alignnone wp-image-630\" src=\"https:\/\/hydraulic-cylinders.net\/wp-content\/uploads\/2023\/08\/hydraulic-cylinder-product-5-300x213.webp\" alt=\"\" width=\"366\" height=\"260\" \/> <img loading=\"lazy\" decoding=\"async\" class=\"alignnone wp-image-631\" src=\"https:\/\/hydraulic-cylinders.net\/wp-content\/uploads\/2023\/08\/hydraulic-cylinder-product-6-300x225.webp\" alt=\"\" width=\"347\" height=\"260\" \/><\/p>\n<h3>(5) Testov\u00e1n\u00ed<\/h3>\n<p>Disponujeme prvot\u0159\u00eddn\u00edmi inspek\u010dn\u00edmi za\u0159\u00edzen\u00edmi a zku\u0161ebn\u00edmi laborato\u0159emi, abychom zajistili, \u017ee v\u00fdkon v\u00e1lce spl\u0148uje po\u017eadavky.<\/p>\n<p><img loading=\"lazy\" decoding=\"async\" class=\"alignnone wp-image-632\" src=\"https:\/\/hydraulic-cylinders.net\/wp-content\/uploads\/2023\/08\/hydraulic-cylinder-product-8-300x200.webp\" alt=\"\" width=\"389\" height=\"260\" \/><\/p>\n<p>&nbsp;<\/p>\n<p>&nbsp;<\/p>\n<p>Jsme jedn\u00edm z nejlep\u0161\u00edch v\u00fdrobc\u016f hydraulick\u00fdch v\u00e1lc\u016f. Nab\u00edz\u00edme komplexn\u00ed hydraulick\u00e9 v\u00e1lce. Dod\u00e1v\u00e1me tak\u00e9 odpov\u00eddaj\u00edc\u00ed <a href=\"https:\/\/hzpt.com\/agricultural-pto-gearbox\/\" target=\"_blank\" rel=\"noopener\">zem\u011bd\u011blsk\u00e9 p\u0159evodovky<\/a>Na\u0161e v\u00fdrobky jsme exportovali klient\u016fm po cel\u00e9m sv\u011bt\u011b a d\u00edky vynikaj\u00edc\u00ed kvalit\u011b v\u00fdrobk\u016f a poprodejn\u00edmu servisu jsme si z\u00edskali dobrou pov\u011bst. V\u00edt\u00e1me z\u00e1kazn\u00edky doma i v zahrani\u010d\u00ed, kte\u0159\u00ed n\u00e1s kontaktuj\u00ed za \u00fa\u010delem vyjedn\u00e1v\u00e1n\u00ed obchodn\u00edch p\u0159\u00edle\u017eitost\u00ed, v\u00fdm\u011bny informac\u00ed a <a href=\"https:\/\/www.hydraulic-cylinders.net\/cs\/contact-us\/\">spolupracujte s n\u00e1mi<\/a>!<\/p>\n<p>&nbsp;<\/p>\n<p>&nbsp;<\/p>","protected":false},"excerpt":{"rendered":"<p>Oil\/Gas Drilling Derrick Lifting Cylinder The oil\/gas drilling derrick lifting cylinder is a critical component in oil and gas drilling operations, specifically designed for lifting and lowering derricks. This specialized hydraulic cylinder plays a crucial role in supporting the vertical movement of the derrick, enabling efficient and safe drilling activities in the oil and gas [&hellip;]<\/p>","protected":false},"featured_media":1867,"comment_status":"open","ping_status":"closed","template":"","meta":{"_et_pb_use_builder":"","_et_pb_old_content":"","_et_gb_content_width":""},"product_brand":[],"product_cat":[1549,1552,1418],"product_tag":[1380],"class_list":{"0":"post-1866","1":"product","2":"type-product","3":"status-publish","4":"has-post-thumbnail","6":"product_cat-single-acting-hydraulic-cylinder","7":"product_cat-stainless-steel-hydraulic-cylinder","8":"product_cat-oil-gas-hydraulic-cylinders","9":"product_tag-hydraulic-cylinder","11":"first","12":"instock","13":"shipping-taxable","14":"product-type-simple"},"amp_enabled":true,"_links":{"self":[{"href":"https:\/\/www.hydraulic-cylinders.net\/cs\/wp-json\/wp\/v2\/product\/1866","targetHints":{"allow":["GET"]}}],"collection":[{"href":"https:\/\/www.hydraulic-cylinders.net\/cs\/wp-json\/wp\/v2\/product"}],"about":[{"href":"https:\/\/www.hydraulic-cylinders.net\/cs\/wp-json\/wp\/v2\/types\/product"}],"replies":[{"embeddable":true,"href":"https:\/\/www.hydraulic-cylinders.net\/cs\/wp-json\/wp\/v2\/comments?post=1866"}],"wp:featuredmedia":[{"embeddable":true,"href":"https:\/\/www.hydraulic-cylinders.net\/cs\/wp-json\/wp\/v2\/media\/1867"}],"wp:attachment":[{"href":"https:\/\/www.hydraulic-cylinders.net\/cs\/wp-json\/wp\/v2\/media?parent=1866"}],"wp:term":[{"taxonomy":"product_brand","embeddable":true,"href":"https:\/\/www.hydraulic-cylinders.net\/cs\/wp-json\/wp\/v2\/product_brand?post=1866"},{"taxonomy":"product_cat","embeddable":true,"href":"https:\/\/www.hydraulic-cylinders.net\/cs\/wp-json\/wp\/v2\/product_cat?post=1866"},{"taxonomy":"product_tag","embeddable":true,"href":"https:\/\/www.hydraulic-cylinders.net\/cs\/wp-json\/wp\/v2\/product_tag?post=1866"}],"curies":[{"name":"wp","href":"https:\/\/api.w.org\/{rel}","templated":true}]}}