{"id":1882,"date":"2023-10-18T08:18:09","date_gmt":"2023-10-18T08:18:09","guid":{"rendered":"https:\/\/hydraulic-cylinders.net\/?post_type=product&#038;p=1882"},"modified":"2025-04-11T02:52:07","modified_gmt":"2025-04-11T02:52:07","slug":"shield-machine-assembly-lifting-cylinder","status":"publish","type":"product","link":"https:\/\/www.hydraulic-cylinders.net\/cs\/produkt\/shield-machine-assembly-lifting-cylinder\/","title":{"rendered":"Zvedac\u00ed v\u00e1lec sestavy \u0161t\u00edtov\u00e9ho stroje"},"content":{"rendered":"<h1 style=\"text-align: center;\"><strong>Zvedac\u00ed v\u00e1lec sestavy \u0161t\u00edtov\u00e9ho stroje<\/strong><\/h1>\n<p><img loading=\"lazy\" decoding=\"async\" class=\"aligncenter wp-image-1884\" src=\"https:\/\/hydraulic-cylinders.net\/wp-content\/uploads\/2023\/10\/assembly-lifting-cylinder-1-300x300.webp\" alt=\"\" width=\"400\" height=\"400\" \/><\/p>\n<p>Zvedac\u00ed v\u00e1lec pro mont\u00e1\u017e \u0161t\u00edtov\u00fdch stroj\u016f je pokro\u010dil\u00fd hydraulick\u00fd komponent ur\u010den\u00fd speci\u00e1ln\u011b pro \u0161t\u00edtov\u00e9 stroje pou\u017e\u00edvan\u00e9 p\u0159i stavb\u011b tunel\u016f. Tento v\u00e1lec zaji\u0161\u0165uje efektivn\u00ed a p\u0159esn\u00e9 mont\u00e1\u017en\u00ed operace d\u00edky sv\u00fdm v\u00fdjime\u010dn\u00fdm zvedac\u00edm schopnostem, spolehlivosti a p\u0159esnosti. Tento \u010dl\u00e1nek se bude zab\u00fdvat kl\u00ed\u010dov\u00fdmi vlastnostmi, zp\u016fsoby pou\u017eit\u00ed a pokyny pro \u00fadr\u017ebu tohoto pozoruhodn\u00e9ho produktu.<\/p>\n<p>Zvedac\u00ed v\u00e1lec pro mont\u00e1\u017e \u0161t\u00edtov\u00e9ho stroje je spolehliv\u00fd a robustn\u00ed hydraulick\u00fd komponent, kter\u00fd zp\u016fsobuje revoluci v mont\u00e1\u017en\u00edm procesu p\u0159i stavb\u011b tunel\u016f. D\u00edky sv\u00e9 v\u00fdjime\u010dn\u00e9 nosnosti, p\u0159esn\u00e9mu ovl\u00e1d\u00e1n\u00ed a odolnosti tento v\u00e1lec zvy\u0161uje efektivitu a p\u0159esnost, zkracuje \u010dasov\u00e9 harmonogramy projektu a zvy\u0161uje produktivitu. P\u0159i dodr\u017eov\u00e1n\u00ed doporu\u010den\u00fdch metod pou\u017e\u00edv\u00e1n\u00ed a pravideln\u00fdch postup\u016f \u00fadr\u017eby bude zvedac\u00ed v\u00e1lec pro mont\u00e1\u017e \u0161t\u00edtov\u00e9ho stroje i nad\u00e1le poskytovat vynikaj\u00edc\u00ed v\u00fdkon a zajist\u00ed bezprobl\u00e9mov\u00fd mont\u00e1\u017en\u00ed provoz a \u00fasp\u011b\u0161nou v\u00fdstavbu tunel\u016f. Posu\u0148te sv\u00e9 stavebn\u00ed projekty na vy\u0161\u0161\u00ed \u00farove\u0148 d\u00edky efektivit\u011b a p\u0159esnosti zvedac\u00edho v\u00e1lce pro mont\u00e1\u017e \u0161t\u00edtov\u00e9ho stroje.<\/p>\n<p>Kl\u00ed\u010dov\u00e9 vlastnosti kloubov\u00e9ho v\u00e1lce Shield Machine:<\/p>\n<ul>\n<li>Vysok\u00e1 nosnost: Zvedac\u00ed v\u00e1lec pro mont\u00e1\u017e \u0161t\u00edtov\u00e9ho stroje se py\u0161n\u00ed robustn\u00ed konstrukc\u00ed, kter\u00e1 umo\u017e\u0148uje snadnou manipulaci s t\u011b\u017ek\u00fdmi b\u0159emeny. D\u00edky vysok\u00e9 nosnosti tento v\u00e1lec usnad\u0148uje hladkou a efektivn\u00ed mont\u00e1\u017e sou\u010d\u00e1st\u00ed \u0161t\u00edtov\u00e9ho stroje, \u010d\u00edm\u017e zkracuje dobu v\u00fdstavby a zvy\u0161uje produktivitu.<\/li>\n<li>P\u0159esn\u00e9 ovl\u00e1d\u00e1n\u00ed: Tento v\u00e1lec, vybaven\u00fd pokro\u010dil\u00fdmi hydraulick\u00fdmi \u0159\u00eddic\u00edmi syst\u00e9my, poskytuje p\u0159esn\u00e9 a citliv\u00e9 ovl\u00e1d\u00e1n\u00ed zdvihac\u00edho procesu. Obsluha m\u016f\u017ee p\u0159esn\u011b nastavit rychlost a polohu zdvihu, \u010d\u00edm\u017e zaji\u0161\u0165uje optim\u00e1ln\u00ed vyrovn\u00e1n\u00ed a minimalizuje riziko chyb b\u011bhem mont\u00e1\u017en\u00edho procesu.<\/li>\n<li>Odolnost a spolehlivost: Zvedac\u00ed v\u00e1lec pro mont\u00e1\u017e \u0161t\u00edtov\u00e9ho stroje je vyroben z vysoce kvalitn\u00edch materi\u00e1l\u016f a je konstruov\u00e1n tak, aby odolal n\u00e1ro\u010dn\u00fdm podm\u00ednk\u00e1m, s nimi\u017e se setk\u00e1v\u00e1me p\u0159i stavb\u011b tunel\u016f. Vyzna\u010duje se v\u00fdjime\u010dnou odolnost\u00ed a spolehlivost\u00ed. Jeho robustn\u00ed konstrukce zaji\u0161\u0165uje dlouhodob\u00fd v\u00fdkon a minimalizuje prostoje a n\u00e1klady na \u00fadr\u017ebu.<\/li>\n<li>Bezpe\u010dnostn\u00ed prvky: V\u00e1lec obsahuje bezpe\u010dnostn\u00ed prvky, kter\u00e9 up\u0159ednost\u0148uj\u00ed blaho obsluhy a okoln\u00edho prost\u0159ed\u00ed. Mezi tyto prvky mohou pat\u0159it mechanismy ochrany proti p\u0159et\u00ed\u017een\u00ed, funkce nouzov\u00e9ho zastaven\u00ed a bezpe\u010dnostn\u00ed syst\u00e9my, kter\u00e9 zabra\u0148uj\u00ed nehod\u00e1m a zaji\u0161\u0165uj\u00ed bezpe\u010dn\u00e9 zdvihac\u00ed operace.<\/li>\n<\/ul>\n<h2><strong>Parametr kloubov\u00e9ho v\u00e1lce \u0161t\u00edtov\u00e9ho stroje:<\/strong><\/h2>\n<table border=\"1\" cellspacing=\"0\" cellpadding=\"0\">\n<tbody>\n<tr>\n<td>N\u00e1zev produktu<\/td>\n<td>Kloubov\u00fd v\u00e1lec Shield Machine<\/td>\n<\/tr>\n<tr>\n<td>Vlastnosti:<\/td>\n<td>Aktivn\u00ed artikulace: \u0159\u00edzen\u00ed \u0159ezn\u00e9 hlavy\/koordinovan\u00e1 v\u00fdm\u011bna n\u00e1stroje<br \/>\nPasivn\u00ed artikulace: t\u00e1hnout ocas \u0161t\u00edtu dop\u0159edu<\/td>\n<\/tr>\n<tr>\n<td>Pr\u016fm\u011br otvoru:<\/td>\n<td>125 mm\uff5e550 mm<\/td>\n<\/tr>\n<tr>\n<td>Pr\u016fm\u011br ty\u010de:<\/td>\n<td>\u00a070 mm\uff5e370 mm<br \/>\nZdvih 140 mm\uff5e1200 mm<\/td>\n<\/tr>\n<tr>\n<td>Tlak:<\/td>\n<td>A\u017e 35 MPa<\/td>\n<\/tr>\n<tr>\n<td>Aplikace:<\/td>\n<td>\u0160t\u00edtov\u00fd stroj, stroje na razen\u00ed tunel\u016f<\/td>\n<\/tr>\n<\/tbody>\n<\/table>\n<h2><strong>Pou\u017eit\u00ed axi\u00e1ln\u00edho v\u00e1lce \u0161t\u00edtov\u00e9ho stroje:<\/strong><\/h2>\n<p><img loading=\"lazy\" decoding=\"async\" class=\"alignnone wp-image-1875 size-full\" src=\"https:\/\/hydraulic-cylinders.net\/wp-content\/uploads\/2023\/10\/harsh-corrosive-cylinder-1.webp\" alt=\"\" width=\"1418\" height=\"946\" srcset=\"https:\/\/hydraulic-cylinders.net\/wp-content\/uploads\/2023\/10\/harsh-corrosive-cylinder-1.webp 1418w, https:\/\/hydraulic-cylinders.net\/wp-content\/uploads\/2023\/10\/harsh-corrosive-cylinder-1-1280x854.webp 1280w, https:\/\/hydraulic-cylinders.net\/wp-content\/uploads\/2023\/10\/harsh-corrosive-cylinder-1-980x654.webp 980w, https:\/\/hydraulic-cylinders.net\/wp-content\/uploads\/2023\/10\/harsh-corrosive-cylinder-1-480x320.webp 480w\" sizes=\"(min-width: 0px) and (max-width: 480px) 480px, (min-width: 481px) and (max-width: 980px) 980px, (min-width: 981px) and (max-width: 1280px) 1280px, (min-width: 1281px) 1418px, 100vw\" \/><\/p>\n<h2><strong>Zp\u016fsob pou\u017eit\u00ed kloubov\u00e9ho v\u00e1lce \u0161t\u00edtov\u00e9ho stroje<\/strong><strong>:<\/strong><\/h2>\n<ul>\n<li><strong>Pl\u00e1nov\u00e1n\u00ed p\u0159ed mont\u00e1\u017e\u00ed:<\/strong> P\u0159ed zah\u00e1jen\u00edm mont\u00e1\u017ee prove\u010fte d\u016fkladn\u00e9 posouzen\u00ed sou\u010d\u00e1st\u00ed stroje na zved\u00e1n\u00ed \u0161t\u00edt\u016f, postupu mont\u00e1\u017ee a bezpe\u010dnostn\u00edch po\u017eadavk\u016f. Napl\u00e1nujte si zvedac\u00ed body a ur\u010dete vhodn\u00e9 um\u00edst\u011bn\u00ed zvedac\u00edho v\u00e1lce sestavy stroje na zved\u00e1n\u00ed \u0161t\u00edt\u016f pro optim\u00e1ln\u00ed \u00fa\u010dinnost a stabilitu zved\u00e1n\u00ed.<\/li>\n<li><strong>Instalace v\u00e1lce:<\/strong>\u00a0 Bezpe\u010dn\u011b namontujte zvedac\u00ed v\u00e1lec sestavy \u0161t\u00edtov\u00e9ho stroje na \u0161t\u00edtov\u00fd stroj a zajist\u011bte jeho bezpe\u010dn\u00e9 upevn\u011bn\u00ed a zarovn\u00e1n\u00ed podle pokyn\u016f v\u00fdrobce. Pro zaji\u0161t\u011bn\u00ed stabiln\u00edho spojen\u00ed pou\u017eijte vhodn\u00e9 mont\u00e1\u017en\u00ed vybaven\u00ed, jako jsou \u0161rouby nebo konzoly.<\/li>\n<li><strong>Integrace hydraulick\u00e9ho syst\u00e9mu:<\/strong> P\u0159ipojte v\u00e1lec k hydraulick\u00e9mu syst\u00e9mu stroje na st\u00edn\u011bn\u00ed pomoc\u00ed kompatibiln\u00edch hadic a armatur. Zajist\u011bte t\u011bsn\u00e9 a bezprobl\u00e9mov\u00e9 spojen\u00ed, abyste zabr\u00e1nili \u00faniku hydraulick\u00e9 kapaliny a udr\u017eeli optim\u00e1ln\u00ed v\u00fdkon syst\u00e9mu.<\/li>\n<li><strong>Provozn\u00ed \u0159\u00edzen\u00ed:<\/strong> Seznamte se s ovl\u00e1dac\u00edmi mechanismy a provozn\u00edmi postupy pro zvedac\u00ed v\u00e1lec sestavy stroje Shield. Pochopte ovl\u00e1dac\u00ed vstupy a jejich odpov\u00eddaj\u00edc\u00ed vliv na zdvihac\u00ed operaci. Procvi\u010dte si obsluhu ovl\u00e1dac\u00edch prvk\u016f, abyste z\u00edskali odbornost a zajistili plynul\u00e9 a p\u0159esn\u00e9 zved\u00e1n\u00ed b\u011bhem procesu mont\u00e1\u017ee.<\/li>\n<\/ul>\n<h2><strong>Jak odvzdu\u0161nit jedno\u010dinn\u00fd hydraulick\u00fd v\u00e1lec?<\/strong><\/h2>\n<p>Odvzdu\u0161n\u011bn\u00ed jedno\u010dinn\u00e9ho hydraulick\u00e9ho v\u00e1lce je relativn\u011b jednoduch\u00fd proces. U jedno\u010dinn\u00fdch v\u00e1lc\u016f je na jednu stranu p\u00edstu aplikov\u00e1n tlak kapaliny, zat\u00edmco druh\u00e1 strana se do sv\u00e9 p\u016fvodn\u00ed polohy vrac\u00ed pomoc\u00ed gravitace nebo vn\u011bj\u0161\u00ed s\u00edly. Zde je podrobn\u00fd n\u00e1vod, jak odvzdu\u0161nit jedno\u010dinn\u00fd hydraulick\u00fd v\u00e1lec:<\/p>\n<ol>\n<li><strong>P\u0159\u00edprava:<\/strong>\n<ul>\n<li>Ujist\u011bte se, \u017ee je hydraulick\u00fd syst\u00e9m vypnut\u00fd a tlak uvoln\u011bn\u00fd.<\/li>\n<li>Nasa\u010fte si osobn\u00ed ochrann\u00e9 prost\u0159edky, rukavice a ochrann\u00e9 br\u00fdle, abyste se chr\u00e1nili p\u0159ed hydraulickou kapalinou.<\/li>\n<\/ul>\n<\/li>\n<li><strong>Identifikujte odvzdu\u0161\u0148ovac\u00ed ventil:<\/strong>\n<ul>\n<li>Na hydraulick\u00e9m v\u00e1lci vyhledejte odvzdu\u0161\u0148ovac\u00ed ventil. Obvykle se jedn\u00e1 o mal\u00fd armaturu s protiprachovou krytkou. Odvzdu\u0161\u0148ovac\u00ed ventil umo\u017e\u0148uje \u00fanik vzduchu zachycen\u00e9ho ve v\u00e1lci.<\/li>\n<\/ul>\n<\/li>\n<li><strong>Um\u00edst\u011bn\u00ed v\u00e1lce:<\/strong>\n<ul>\n<li>P\u0159esu\u0148te v\u00e1lec do jeho zcela zata\u017een\u00e9 polohy. T\u00edm zajist\u00edte, \u017ee odvzdu\u0161\u0148ovac\u00ed ventil bude p\u0159\u00edstupn\u00fd a vzduch bude moci stoupat k horn\u00ed \u010d\u00e1sti v\u00e1lce.<\/li>\n<\/ul>\n<\/li>\n<li><strong>Sejm\u011bte krytku proti prachu:<\/strong>\n<ul>\n<li>Sejm\u011bte protiprachovou krytku z odvzdu\u0161\u0148ovac\u00edho ventilu. Ulo\u017ete ji na bezpe\u010dn\u00e9 m\u00edsto.<\/li>\n<\/ul>\n<\/li>\n<li><strong>Otev\u0159ete odvzdu\u0161\u0148ovac\u00ed ventil:<\/strong>\n<ul>\n<li>Pomoc\u00ed vhodn\u00e9ho kl\u00ed\u010de nebo n\u00e1stroje oto\u010dte odvzdu\u0161\u0148ovac\u00ed ventil proti sm\u011bru hodinov\u00fdch ru\u010di\u010dek, abyste jej otev\u0159eli. T\u00edm umo\u017en\u00edte \u00fanik vzduchu a p\u0159\u00edpadn\u00e9 zachycen\u00e9 kapaliny z v\u00e1lce.<\/li>\n<\/ul>\n<\/li>\n<li><strong>Prodlou\u017een\u00ed v\u00e1lce:<\/strong>\n<ul>\n<li>Aktivac\u00ed hydraulick\u00e9ho \u010derpadla nebo ventilu ovl\u00e1daj\u00edc\u00edho v\u00e1lec vytvo\u0159te hydraulick\u00fd tlak na v\u00e1lec. T\u00edm se v\u00e1lec vysune a vytla\u010d\u00ed kapalinu a vzduch ven otev\u0159en\u00fdm odvzdu\u0161\u0148ovac\u00edm ventilem.<\/li>\n<\/ul>\n<\/li>\n<li><strong>Pozorujte tok tekutiny:<\/strong>\n<ul>\n<li>Sledujte tok kapaliny z odvzdu\u0161\u0148ovac\u00edho ventilu. Zpo\u010d\u00e1tku si m\u016f\u017eete v\u0161imnout, \u017ee spolu se \u0161\u0165\u00e1vou vych\u00e1zej\u00ed i vzduchov\u00e9 bubliny. Nechte kapalinu prot\u00e9kat, dokud bubliny nezmiz\u00ed, co\u017e znamen\u00e1, \u017ee byl z v\u00e1lce vypu\u0161t\u011bn vzduch.<\/li>\n<\/ul>\n<\/li>\n<li><strong>Zav\u0159ete odvzdu\u0161\u0148ovac\u00ed ventil:<\/strong>\n<ul>\n<li>Jakmile odstran\u00edte v\u0161echny vzduchov\u00e9 bubliny, zav\u0159ete odvzdu\u0161\u0148ovac\u00ed ventil ve sm\u011bru hodinov\u00fdch ru\u010di\u010dek. Ujist\u011bte se, \u017ee je pevn\u011b uzav\u0159en, aby nedo\u0161lo k \u00faniku kapaliny.<\/li>\n<\/ul>\n<\/li>\n<li><strong>Zasunut\u00ed v\u00e1lce:<\/strong>\n<ul>\n<li>Uvoln\u011bte hydraulick\u00fd tlak a nechte v\u00e1lec zcela zasunout. To m\u016f\u017ee zahrnovat aktivaci regula\u010dn\u00edho ventilu nebo uvoln\u011bn\u00ed jak\u00e9koli vn\u011bj\u0161\u00ed s\u00edly, kter\u00e1 dr\u017e\u00ed v\u00e1lec v vysunut\u00e9 poloze.<\/li>\n<\/ul>\n<\/li>\n<li><strong>V p\u0159\u00edpad\u011b pot\u0159eby opakujte:<\/strong>\n<ul>\n<li>Pokud si st\u00e1le v\u0161imnete vzduchov\u00fdch bublin nebo pokud je v\u00e1lec p\u0159i provozu nepru\u017en\u00fd, opakujte odvzdu\u0161n\u011bn\u00ed, dokud neodstran\u00edte ve\u0161ker\u00fd vzduch.<\/li>\n<\/ul>\n<\/li>\n<li><strong>Zkontrolujte hladinu kapaliny:<\/strong>\n<ul>\n<li>Po odvzdu\u0161n\u011bn\u00ed v\u00e1lce zkontrolujte hladinu hydraulick\u00e9 kapaliny v n\u00e1dr\u017ece syst\u00e9mu. V p\u0159\u00edpad\u011b pot\u0159eby kapalinu dopl\u0148te, aby se udr\u017eela doporu\u010den\u00e1 hladina.<\/li>\n<\/ul>\n<\/li>\n<\/ol>\n<h2><strong>Schopnosti a kapacita tov\u00e1rny:<\/strong><\/h2>\n<h3>(1) Mont\u00e1\u017e<\/h3>\n<p>Disponujeme prvot\u0159\u00eddn\u00ed nez\u00e1vislou v\u00fdzkumnou a v\u00fdvojovou mont\u00e1\u017en\u00ed platformou. D\u00edlna na v\u00fdrobu hydraulick\u00fdch v\u00e1lc\u016f m\u00e1 \u010dty\u0159i poloautomatick\u00e9 mont\u00e1\u017en\u00ed linky pro zvedac\u00ed v\u00e1lce a jednu automatickou mont\u00e1\u017en\u00ed linku pro nakl\u00e1p\u011bc\u00ed v\u00e1lce s projektovanou ro\u010dn\u00ed v\u00fdrobn\u00ed kapacitou 1 milion kus\u016f. D\u00edlna na speci\u00e1ln\u00ed v\u00e1lce je vybavena poloautomatick\u00fdm \u010distic\u00edm mont\u00e1\u017en\u00edm syst\u00e9mem s r\u016fzn\u00fdmi specifikacemi a projektovanou ro\u010dn\u00ed v\u00fdrobn\u00ed kapacitou 200 000 kus\u016f a je vybavena zn\u00e1m\u00fdm CNC obr\u00e1b\u011bc\u00edm za\u0159\u00edzen\u00edm, obr\u00e1b\u011bc\u00edm centrem, vysoce p\u0159esn\u00fdm speci\u00e1ln\u00edm za\u0159\u00edzen\u00edm pro zpracov\u00e1n\u00ed v\u00e1lc\u016f, robotick\u00fdm sva\u0159ovac\u00edm strojem, automatick\u00fdm \u010distic\u00edm strojem, automatick\u00fdm mont\u00e1\u017en\u00edm strojem pro v\u00e1lce a automatickou lakovac\u00ed v\u00fdrobn\u00ed linkou. St\u00e1vaj\u00edc\u00ed kritick\u00e9 vybaven\u00ed m\u00e1 v\u00edce ne\u017e 300 sad. Optim\u00e1ln\u00ed alokace a efektivn\u00ed vyu\u017eit\u00ed zdroj\u016f za\u0159\u00edzen\u00ed zaji\u0161\u0165uje po\u017eadavky na p\u0159esnost v\u00fdrobk\u016f a spl\u0148uje po\u017eadavky na vysokou kvalitu v\u00fdrobk\u016f.<\/p>\n<p><img loading=\"lazy\" decoding=\"async\" class=\"alignnone wp-image-626\" src=\"https:\/\/hydraulic-cylinders.net\/wp-content\/uploads\/2023\/08\/hydraulic-cylinder-product-1-300x158.webp\" alt=\"\" width=\"495\" height=\"260\" srcset=\"https:\/\/hydraulic-cylinders.net\/wp-content\/uploads\/2023\/08\/hydraulic-cylinder-product-1-300x158.webp 495w, https:\/\/hydraulic-cylinders.net\/wp-content\/uploads\/2023\/08\/hydraulic-cylinder-product-1-480x252.webp 480w\" sizes=\"(min-width: 0px) and (max-width: 480px) 480px, (min-width: 481px) 495px, 100vw\" \/> <img loading=\"lazy\" decoding=\"async\" class=\"alignnone wp-image-627\" src=\"https:\/\/hydraulic-cylinders.net\/wp-content\/uploads\/2023\/08\/hydraulic-cylinder-product-2-300x189.webp\" alt=\"\" width=\"413\" height=\"260\" \/><\/p>\n<h3>(2) Obr\u00e1b\u011bn\u00ed<\/h3>\n<p>Obrobna je vybavena zak\u00e1zkov\u00fdm soustru\u017enick\u00fdm centrem pro \u0161ikm\u00e9 kolejnice, obr\u00e1b\u011bc\u00edm centrem, vysokorychlostn\u00edm honovac\u00edm strojem, sva\u0159ovac\u00edm robotem a dal\u0161\u00edm souvisej\u00edc\u00edm za\u0159\u00edzen\u00edm, kter\u00e9 zvl\u00e1dne obr\u00e1b\u011bn\u00ed v\u00e1lcov\u00fdch trubek s maxim\u00e1ln\u00edm vnit\u0159n\u00edm pr\u016fm\u011brem 400 mm a maxim\u00e1ln\u00ed d\u00e9lkou 6 metr\u016f.<\/p>\n<p><img loading=\"lazy\" decoding=\"async\" class=\"alignnone wp-image-628 size-large\" src=\"https:\/\/hydraulic-cylinders.net\/wp-content\/uploads\/2023\/08\/hydraulic-cylinder-product-3-1024x391.webp\" alt=\"\" width=\"1024\" height=\"391\" srcset=\"https:\/\/hydraulic-cylinders.net\/wp-content\/uploads\/2023\/08\/hydraulic-cylinder-product-3-980x374.webp 980w, https:\/\/hydraulic-cylinders.net\/wp-content\/uploads\/2023\/08\/hydraulic-cylinder-product-3-480x183.webp 480w\" sizes=\"(min-width: 0px) and (max-width: 480px) 480px, (min-width: 481px) and (max-width: 980px) 980px, (min-width: 981px) 1024px, 100vw\" \/><\/p>\n<h3>(3) Sva\u0159ov\u00e1n\u00ed<\/h3>\n<p><img loading=\"lazy\" decoding=\"async\" class=\"alignnone wp-image-629 size-large\" src=\"https:\/\/hydraulic-cylinders.net\/wp-content\/uploads\/2023\/08\/hydraulic-cylinder-product-4-1024x510.webp\" alt=\"\" width=\"1024\" height=\"510\" srcset=\"https:\/\/hydraulic-cylinders.net\/wp-content\/uploads\/2023\/08\/hydraulic-cylinder-product-4-980x488.webp 980w, https:\/\/hydraulic-cylinders.net\/wp-content\/uploads\/2023\/08\/hydraulic-cylinder-product-4-480x239.webp 480w\" sizes=\"(min-width: 0px) and (max-width: 480px) 480px, (min-width: 481px) and (max-width: 980px) 980px, (min-width: 981px) 1024px, 100vw\" \/><\/p>\n<h3>(4) Lakov\u00e1n\u00ed a n\u00e1t\u011bry<\/h3>\n<p>S mal\u00fdmi a st\u0159edn\u00edmi v\u00e1lcov\u00fdmi automatick\u00fdmi linkami na nan\u00e1\u0161en\u00ed barev na vodn\u00ed b\u00e1zi, pro dosa\u017een\u00ed automatick\u00e9ho robotick\u00e9ho nakl\u00e1d\u00e1n\u00ed a vykl\u00e1d\u00e1n\u00ed a automatick\u00e9ho st\u0159\u00edk\u00e1n\u00ed, je konstruk\u010dn\u00ed kapacita 4000 kus\u016f za sm\u011bnu;<br \/>\nM\u00e1me tak\u00e9 poloautomatickou linku na v\u00fdrobu barev pro velk\u00e9 tlakov\u00e9 lahve poh\u00e1n\u011bn\u00e9 \u0159et\u011bzem s konstruk\u010dn\u00ed kapacitou 60 lahv\u00ed za sm\u011bnu.<\/p>\n<p><img loading=\"lazy\" decoding=\"async\" class=\"alignnone wp-image-630\" src=\"https:\/\/hydraulic-cylinders.net\/wp-content\/uploads\/2023\/08\/hydraulic-cylinder-product-5-300x213.webp\" alt=\"\" width=\"366\" height=\"260\" \/> <img loading=\"lazy\" decoding=\"async\" class=\"alignnone wp-image-631\" src=\"https:\/\/hydraulic-cylinders.net\/wp-content\/uploads\/2023\/08\/hydraulic-cylinder-product-6-300x225.webp\" alt=\"\" width=\"347\" height=\"260\" \/><\/p>\n<h3>(5) Testov\u00e1n\u00ed<\/h3>\n<p>Disponujeme prvot\u0159\u00eddn\u00edmi inspek\u010dn\u00edmi za\u0159\u00edzen\u00edmi a zku\u0161ebn\u00edmi laborato\u0159emi, abychom zajistili, \u017ee v\u00fdkon v\u00e1lce spl\u0148uje po\u017eadavky.<\/p>\n<p><img loading=\"lazy\" decoding=\"async\" class=\"alignnone wp-image-632\" src=\"https:\/\/hydraulic-cylinders.net\/wp-content\/uploads\/2023\/08\/hydraulic-cylinder-product-8-300x200.webp\" alt=\"\" width=\"389\" height=\"260\" \/><\/p>\n<p>&nbsp;<\/p>\n<p>&nbsp;<\/p>\n<p>Jsme jedn\u00edm z nejlep\u0161\u00edch v\u00fdrobc\u016f hydraulick\u00fdch v\u00e1lc\u016f. Nab\u00edz\u00edme komplexn\u00ed hydraulick\u00e9 v\u00e1lce. Dod\u00e1v\u00e1me tak\u00e9 odpov\u00eddaj\u00edc\u00ed <a href=\"https:\/\/hzpt.com\/agricultural-pto-gearbox\/\" target=\"_blank\" rel=\"noopener\">zem\u011bd\u011blsk\u00e9 p\u0159evodovky<\/a>Na\u0161e v\u00fdrobky jsme exportovali klient\u016fm po cel\u00e9m sv\u011bt\u011b a d\u00edky vynikaj\u00edc\u00ed kvalit\u011b v\u00fdrobk\u016f a poprodejn\u00edmu servisu jsme si z\u00edskali dobrou pov\u011bst. V\u00edt\u00e1me z\u00e1kazn\u00edky doma i v zahrani\u010d\u00ed, kte\u0159\u00ed n\u00e1s kontaktuj\u00ed za \u00fa\u010delem vyjedn\u00e1v\u00e1n\u00ed obchodn\u00edch p\u0159\u00edle\u017eitost\u00ed, v\u00fdm\u011bny informac\u00ed a <a href=\"https:\/\/www.hydraulic-cylinders.net\/cs\/contact-us\/\">spolupracujte s n\u00e1mi<\/a>!<\/p>\n<p>&nbsp;<\/p>","protected":false},"excerpt":{"rendered":"<p>Shield Machine Assembly Lifting Cylinder The shield machine assembly lifting cylinder is an advanced hydraulic component explicitly designed for shield machines used in tunnel construction projects. This cylinder ensures efficient and accurate assembly operations with its exceptional lifting capabilities, reliability, and precision. This article will explore the key characteristics, usage methods, and maintenance guidelines for [&hellip;]<\/p>","protected":false},"featured_media":1885,"comment_status":"open","ping_status":"closed","template":"","meta":{"_et_pb_use_builder":"","_et_pb_old_content":"","_et_gb_content_width":""},"product_brand":[],"product_cat":[1519,1549],"product_tag":[1380],"class_list":{"0":"post-1882","1":"product","2":"type-product","3":"status-publish","4":"has-post-thumbnail","6":"product_cat-shield-machine-hydraulic-cylinders","7":"product_cat-single-acting-hydraulic-cylinder","8":"product_tag-hydraulic-cylinder","10":"first","11":"instock","12":"shipping-taxable","13":"product-type-simple"},"amp_enabled":true,"_links":{"self":[{"href":"https:\/\/www.hydraulic-cylinders.net\/cs\/wp-json\/wp\/v2\/product\/1882","targetHints":{"allow":["GET"]}}],"collection":[{"href":"https:\/\/www.hydraulic-cylinders.net\/cs\/wp-json\/wp\/v2\/product"}],"about":[{"href":"https:\/\/www.hydraulic-cylinders.net\/cs\/wp-json\/wp\/v2\/types\/product"}],"replies":[{"embeddable":true,"href":"https:\/\/www.hydraulic-cylinders.net\/cs\/wp-json\/wp\/v2\/comments?post=1882"}],"wp:featuredmedia":[{"embeddable":true,"href":"https:\/\/www.hydraulic-cylinders.net\/cs\/wp-json\/wp\/v2\/media\/1885"}],"wp:attachment":[{"href":"https:\/\/www.hydraulic-cylinders.net\/cs\/wp-json\/wp\/v2\/media?parent=1882"}],"wp:term":[{"taxonomy":"product_brand","embeddable":true,"href":"https:\/\/www.hydraulic-cylinders.net\/cs\/wp-json\/wp\/v2\/product_brand?post=1882"},{"taxonomy":"product_cat","embeddable":true,"href":"https:\/\/www.hydraulic-cylinders.net\/cs\/wp-json\/wp\/v2\/product_cat?post=1882"},{"taxonomy":"product_tag","embeddable":true,"href":"https:\/\/www.hydraulic-cylinders.net\/cs\/wp-json\/wp\/v2\/product_tag?post=1882"}],"curies":[{"name":"wp","href":"https:\/\/api.w.org\/{rel}","templated":true}]}}