{"id":1886,"date":"2023-10-18T08:32:35","date_gmt":"2023-10-18T08:32:35","guid":{"rendered":"https:\/\/hydraulic-cylinders.net\/?post_type=product&#038;p=1886"},"modified":"2025-04-11T03:43:28","modified_gmt":"2025-04-11T03:43:28","slug":"shield-machine-anti-torque-cylinder","status":"publish","type":"product","link":"https:\/\/www.hydraulic-cylinders.net\/cs\/produkt\/shield-machine-anti-torque-cylinder\/","title":{"rendered":"V\u00e1lec s antitorzistn\u00edm v\u00e1lcem pro \u0161t\u00edtov\u00fd stroj"},"content":{"rendered":"<h1 style=\"text-align: center;\"><strong>V\u00e1lec s antitorzistn\u00edm v\u00e1lcem pro \u0161t\u00edtov\u00fd stroj<\/strong><\/h1>\n<p><img loading=\"lazy\" decoding=\"async\" class=\"aligncenter wp-image-1888\" src=\"https:\/\/hydraulic-cylinders.net\/wp-content\/uploads\/2023\/10\/anti-torque-cylinder-1-300x300.webp\" alt=\"\" width=\"400\" height=\"400\" \/><\/p>\n<p>V\u00e1lec s stabiliz\u00e1torem pro ra\u017eebn\u00ed stroje Shield je \u0161pi\u010dkov\u00fd hydraulick\u00fd komponent navr\u017een\u00fd pro zaji\u0161t\u011bn\u00ed zv\u00fd\u0161en\u00e9 stability a kontroly p\u0159i ra\u017eb\u011b tunel\u016f. Tento specializovan\u00fd v\u00e1lec hraje z\u00e1sadn\u00ed roli p\u0159i zm\u00edr\u0148ov\u00e1n\u00ed kroutic\u00edch sil generovan\u00fdch b\u011bhem ra\u017eby a zaji\u0161\u0165uje optim\u00e1ln\u00ed v\u00fdkon a bezpe\u010dnost. V tomto komplexn\u00edm \u010dl\u00e1nku se pono\u0159\u00edme do kl\u00ed\u010dov\u00fdch vlastnost\u00ed, zp\u016fsob\u016f pou\u017eit\u00ed a pokyn\u016f pro \u00fadr\u017ebu v\u00e1lce s stabiliz\u00e1torem pro ra\u017eebn\u00ed stroje Shield.<\/p>\n<p>Hydraulick\u00fd v\u00e1lec s stabiliz\u00e1torem pro ra\u017eebn\u00ed stroj Shield je \u0161pi\u010dkov\u00fd hydraulick\u00fd komponent, kter\u00fd zvy\u0161uje stabilitu a kontrolu b\u011bhem ra\u017eby tunel\u016f. D\u00edky sv\u00fdm schopnostem zm\u00edr\u0148ovat kroutic\u00ed moment, p\u0159esn\u00e9mu ovl\u00e1d\u00e1n\u00ed, robustn\u00ed konstrukci a kompaktn\u00edmu designu zaji\u0161\u0165uje tento v\u00e1lec bezpe\u010dn\u011bj\u0161\u00ed a efektivn\u011bj\u0161\u00ed ra\u017eebn\u00ed procesy. P\u0159i dodr\u017eov\u00e1n\u00ed doporu\u010den\u00fdch metod pou\u017e\u00edv\u00e1n\u00ed a pravideln\u00fdch postup\u016f \u00fadr\u017eby bude stabiliza\u010dn\u00ed v\u00e1lec pro ra\u017ebu Shield i nad\u00e1le poskytovat vynikaj\u00edc\u00ed v\u00fdkon a zaji\u0161\u0165ovat stabilitu, kontrolu a klid p\u0159i ra\u017eb\u011b tunel\u016f. Posu\u0148te sv\u00e9 tunelovac\u00ed projekty na vy\u0161\u0161\u00ed \u00farove\u0148 d\u00edky stabilit\u011b a kontrole, kter\u00e9 nab\u00edz\u00ed stabiliza\u010dn\u00ed v\u00e1lec pro ra\u017ebu Shield.<\/p>\n<p>Kl\u00ed\u010dov\u00e9 vlastnosti kloubov\u00e9ho v\u00e1lce Shield Machine:<\/p>\n<ul>\n<li>Zm\u00edrn\u011bn\u00ed kroutic\u00edho momentu: Protito\u010div\u00fd v\u00e1lec stroje \u00fa\u010dinn\u011b p\u016fsob\u00ed proti kroutic\u00edm sil\u00e1m generovan\u00fdm rotuj\u00edc\u00ed \u0159eznou hlavou b\u011bhem ra\u017eby tunelu. Aplikace protilehl\u00e9 s\u00edly pom\u00e1h\u00e1 udr\u017eovat stabilitu a zabra\u0148uje nadm\u011brn\u00e9mu pohybu stroje, \u010d\u00edm\u017e sni\u017euje riziko nehod a zvy\u0161uje celkovou provozn\u00ed bezpe\u010dnost.<\/li>\n<li>P\u0159esn\u00e9 ovl\u00e1d\u00e1n\u00ed: Tento v\u00e1lec, vybaven\u00fd pokro\u010dil\u00fdmi hydraulick\u00fdmi \u0159\u00eddic\u00edmi syst\u00e9my, umo\u017e\u0148uje obsluze p\u0159esn\u011b ovl\u00e1dat aplikovanou s\u00edlu proti kroutic\u00edmu momentu. Tato \u00farove\u0148 ovl\u00e1d\u00e1n\u00ed umo\u017e\u0148uje jemn\u00e9 nastaven\u00ed b\u011bhem ra\u017eby tunel\u016f, zaji\u0161\u0165uje p\u0159esn\u00e9 vyrovn\u00e1n\u00ed a minimalizuje odchylky.<\/li>\n<li>Robustn\u00ed konstrukce: V\u00e1lec s stabiliz\u00e1torem pro stroj Shield je vyroben z vysoce pevn\u00fdch materi\u00e1l\u016f, aby odolal n\u00e1ro\u010dn\u00fdm podm\u00ednk\u00e1m p\u0159i ra\u017eb\u011b tunel\u016f. Jeho robustn\u00ed konstrukce zaji\u0161\u0165uje odolnost, dlouhou \u017eivotnost a konzistentn\u00ed v\u00fdkon i v n\u00e1ro\u010dn\u00fdch podm\u00ednk\u00e1ch.<\/li>\n<li>Kompaktn\u00ed konstrukce: D\u00edky kompaktn\u00ed a prostorov\u011b \u00fasporn\u00e9 konstrukci se tento v\u00e1lec bezprobl\u00e9mov\u011b integruje do stroje na v\u00fdrobu \u0161t\u00edt\u016f, \u010d\u00edm\u017e se minimalizuje dodate\u010dn\u00fd objem a zachov\u00e1v\u00e1 se celkov\u00e1 rovnov\u00e1ha a man\u00e9vrovatelnost za\u0159\u00edzen\u00ed.<\/li>\n<\/ul>\n<h2><strong>Parametr kloubov\u00e9ho v\u00e1lce \u0161t\u00edtov\u00e9ho stroje:<\/strong><\/h2>\n<table border=\"1\" cellspacing=\"0\" cellpadding=\"0\">\n<tbody>\n<tr>\n<td>N\u00e1zev produktu<\/td>\n<td>V\u00e1lec s antitorzistn\u00edm v\u00e1lcem pro \u0161t\u00edtov\u00fd stroj<\/td>\n<\/tr>\n<tr>\n<td>Vlastnosti:<\/td>\n<td>P\u0159en\u00e1\u0161ejte to\u010div\u00fd moment p\u0159i ot\u00e1\u010den\u00ed \u0159ezn\u00e9 hlavy<\/td>\n<\/tr>\n<tr>\n<td>Pr\u016fm\u011br otvoru:<\/td>\n<td>330 mm\uff5e570 mm<\/td>\n<\/tr>\n<tr>\n<td>Pr\u016fm\u011br ty\u010de:<\/td>\n<td>260 mm\uff5e530 mm<br \/>\nZdvih 120 mm\uff5e160 mm<\/td>\n<\/tr>\n<tr>\n<td>Tlak:<\/td>\n<td>Obecn\u011b a\u017e 35 MPa<br \/>\nMaxim\u00e1ln\u011b a\u017e 42 MPa<\/td>\n<\/tr>\n<tr>\n<td>Aplikace:<\/td>\n<td>\u0160t\u00edtov\u00fd stroj, stroje na razen\u00ed tunel\u016f<\/td>\n<\/tr>\n<\/tbody>\n<\/table>\n<h2><strong>Pou\u017eit\u00ed axi\u00e1ln\u00edho v\u00e1lce \u0161t\u00edtov\u00e9ho stroje:<\/strong><\/h2>\n<p><img loading=\"lazy\" decoding=\"async\" class=\"alignnone wp-image-1875 size-full\" src=\"https:\/\/hydraulic-cylinders.net\/wp-content\/uploads\/2023\/10\/harsh-corrosive-cylinder-1.webp\" alt=\"\" width=\"1418\" height=\"946\" srcset=\"https:\/\/hydraulic-cylinders.net\/wp-content\/uploads\/2023\/10\/harsh-corrosive-cylinder-1.webp 1418w, https:\/\/hydraulic-cylinders.net\/wp-content\/uploads\/2023\/10\/harsh-corrosive-cylinder-1-1280x854.webp 1280w, https:\/\/hydraulic-cylinders.net\/wp-content\/uploads\/2023\/10\/harsh-corrosive-cylinder-1-980x654.webp 980w, https:\/\/hydraulic-cylinders.net\/wp-content\/uploads\/2023\/10\/harsh-corrosive-cylinder-1-480x320.webp 480w\" sizes=\"(min-width: 0px) and (max-width: 480px) 480px, (min-width: 481px) and (max-width: 980px) 980px, (min-width: 981px) and (max-width: 1280px) 1280px, (min-width: 1281px) 1418px, 100vw\" \/><\/p>\n<h2><strong>Zp\u016fsob pou\u017eit\u00ed kloubov\u00e9ho v\u00e1lce \u0161t\u00edtov\u00e9ho stroje<\/strong><strong>:<\/strong><\/h2>\n<ol>\n<li><strong>Instalace v\u00e1lce:<\/strong>\u00a0 Install the shield machine anti-torque cylinder to the manufacturer&#8217;s instructions. Ensure proper alignment and secure attachment to the shield machine&#8217;s structure using appropriate mounting brackets or accessories.<\/li>\n<li><strong>Integrace hydraulick\u00e9ho syst\u00e9mu:<\/strong> Connect the cylinder to the shield machine&#8217;s hydraulic system using compatible hoses and fittings. Verify that all connections are secure, leak-free, and adequately tightened to maintain optimal hydraulic performance.<\/li>\n<li><strong>Ovl\u00e1dac\u00ed prvky:<\/strong> Seznamte se s ovl\u00e1dac\u00edmi prvky a mechanismy specifick\u00fdmi pro protiz\u00e1va\u017en\u00fd v\u00e1lec Shield Machine. Pochopte, jak nastavit aplikovanou protiz\u00e1va\u017enou s\u00edlu, a procvi\u010dte si pou\u017e\u00edv\u00e1n\u00ed pravidel k dosa\u017een\u00ed p\u0159esn\u00e9ho a citliv\u00e9ho provozu.<\/li>\n<li><strong>Provozn\u00ed aspekty:<\/strong> During tunneling operations, monitor the cutter head&#8217;s torque forces and adjust the anti-torque force applied by the cylinder. Continuously evaluate the excavation conditions and adapt the anti-torque settings to maintain stability and control.<\/li>\n<\/ol>\n<h2><strong>Jak odvzdu\u0161nit obousm\u011brn\u00fd hydraulick\u00fd v\u00e1lec?<\/strong><\/h2>\n<p>Bleeding a two-way hydraulic cylinder is a process that involves removing air from the system to ensure proper operation and prevent issues such as sponginess or reduced performance. A two-way hydraulic cylinder is a double-acting cylinder that uses hydraulic pressure to extend and retract the piston. Here&#8217;s a step-by-step guide on how to bleed a two-way hydraulic cylinder:<\/p>\n<ol>\n<li><strong>P\u0159\u00edprava:<\/strong>\n<ul>\n<li>Ujist\u011bte se, \u017ee je hydraulick\u00fd syst\u00e9m vypnut\u00fd a tlak uvoln\u011bn\u00fd.<\/li>\n<li>Pou\u017e\u00edvejte osobn\u00ed ochrann\u00e9 prost\u0159edky, v\u010detn\u011b rukavic a ochrann\u00fdch br\u00fdl\u00ed, abyste se chr\u00e1nili p\u0159ed hydraulickou kapalinou.<\/li>\n<\/ul>\n<\/li>\n<li><strong>Identifikujte odvzdu\u0161\u0148ovac\u00ed ventil:<\/strong>\n<ul>\n<li>Locate the bleeder valve on the hydraulic cylinder. It&#8217;s typically a small fitting with a dust cap. The bleeder valve allows air trapped in the cylinder to escape.<\/li>\n<\/ul>\n<\/li>\n<li><strong>Prodlou\u017een\u00ed v\u00e1lce:<\/strong>\n<ul>\n<li>Aktivujte hydraulick\u00e9 \u010derpadlo nebo ventil a ovl\u00e1dejte v\u00e1lec tak, aby se p\u00edst zcela vysunul. Tento pohyb pom\u016f\u017ee p\u0159\u00edpadn\u00fdm vzduchov\u00fdm bublin\u00e1m vystoupat na horn\u00ed \u010d\u00e1st v\u00e1lce.<\/li>\n<\/ul>\n<\/li>\n<li><strong>Sejm\u011bte krytku proti prachu:<\/strong>\n<ul>\n<li>Sejm\u011bte protiprachovou krytku z odvzdu\u0161\u0148ovac\u00edho ventilu. Ulo\u017ete ji na bezpe\u010dn\u00e9 m\u00edsto.<\/li>\n<\/ul>\n<\/li>\n<li><strong>Otev\u0159ete odvzdu\u0161\u0148ovac\u00ed ventil:<\/strong>\n<ul>\n<li>Pomoc\u00ed vhodn\u00e9ho kl\u00ed\u010de nebo n\u00e1stroje oto\u010dte odvzdu\u0161\u0148ovac\u00ed ventil proti sm\u011bru hodinov\u00fdch ru\u010di\u010dek, abyste jej otev\u0159eli. T\u00edm umo\u017en\u00edte \u00fanik vzduchu a p\u0159\u00edpadn\u00e9 zachycen\u00e9 kapaliny z v\u00e1lce.<\/li>\n<\/ul>\n<\/li>\n<li><strong>Zasunut\u00ed v\u00e1lce:<\/strong>\n<ul>\n<li>Uvoln\u011bte hydraulick\u00fd tlak a nechte v\u00e1lec zcela zasunout. To m\u016f\u017ee zahrnovat aktivaci regula\u010dn\u00edho ventilu nebo uvoln\u011bn\u00ed jak\u00e9koli vn\u011bj\u0161\u00ed s\u00edly, kter\u00e1 dr\u017eela v\u00e1lec v vysunut\u00e9 poloze.<\/li>\n<\/ul>\n<\/li>\n<li><strong>Pozorujte tok tekutiny:<\/strong>\n<ul>\n<li>Sledujte tok kapaliny z odvzdu\u0161\u0148ovac\u00edho ventilu. Zpo\u010d\u00e1tku si m\u016f\u017eete v\u0161imnout, \u017ee spolu s kapalinou unikaj\u00ed vzduchov\u00e9 bubliny. Nechte kapalinu t\u00e9ct, dokud bubliny nezmiz\u00ed, co\u017e znamen\u00e1, \u017ee vzduch byl z v\u00e1lce vypu\u0161t\u011bn.<\/li>\n<\/ul>\n<\/li>\n<li><strong>Zav\u0159ete odvzdu\u0161\u0148ovac\u00ed ventil:<\/strong>\n<ul>\n<li>Once you&#8217;ve eliminated all the air bubbles, close the bleeder valve by turning it clockwise. Ensure it is tightly closed to prevent fluid leakage.<\/li>\n<\/ul>\n<\/li>\n<li><strong>Vysunut\u00ed a zasunut\u00ed v\u00e1lce:<\/strong>\n<ul>\n<li>Opakujte kroky 3 a\u017e 8, vysu\u0148te a pot\u00e9 znovu zasu\u0148te v\u00e1lec, abyste zajistili odstran\u011bn\u00ed ve\u0161ker\u00e9ho zb\u00fdvaj\u00edc\u00edho vzduchu ze syst\u00e9mu. Tento krok pom\u00e1h\u00e1 zajistit d\u016fkladn\u00e9 odvzdu\u0161n\u011bn\u00ed hydraulick\u00e9ho v\u00e1lce.<\/li>\n<\/ul>\n<\/li>\n<li><strong>Zkontrolujte hladinu kapaliny:<\/strong>\n<ul>\n<li>Po odvzdu\u0161n\u011bn\u00ed v\u00e1lce zkontrolujte hladinu hydraulick\u00e9 kapaliny v n\u00e1dr\u017ece syst\u00e9mu. V p\u0159\u00edpad\u011b pot\u0159eby kapalinu dopl\u0148te, aby se udr\u017eela doporu\u010den\u00e1 hladina.<\/li>\n<\/ul>\n<\/li>\n<\/ol>\n<h2><strong>Schopnosti a kapacita tov\u00e1rny:<\/strong><\/h2>\n<h3>(1) Mont\u00e1\u017e<\/h3>\n<p>Disponujeme prvot\u0159\u00eddn\u00ed nez\u00e1vislou v\u00fdzkumnou a v\u00fdvojovou mont\u00e1\u017en\u00ed platformou. D\u00edlna na v\u00fdrobu hydraulick\u00fdch v\u00e1lc\u016f m\u00e1 \u010dty\u0159i poloautomatick\u00e9 mont\u00e1\u017en\u00ed linky pro zvedac\u00ed v\u00e1lce a jednu automatickou mont\u00e1\u017en\u00ed linku pro nakl\u00e1p\u011bc\u00ed v\u00e1lce s projektovanou ro\u010dn\u00ed v\u00fdrobn\u00ed kapacitou 1 milion kus\u016f. D\u00edlna na speci\u00e1ln\u00ed v\u00e1lce je vybavena poloautomatick\u00fdm \u010distic\u00edm mont\u00e1\u017en\u00edm syst\u00e9mem s r\u016fzn\u00fdmi specifikacemi a projektovanou ro\u010dn\u00ed v\u00fdrobn\u00ed kapacitou 200 000 kus\u016f a je vybavena zn\u00e1m\u00fdm CNC obr\u00e1b\u011bc\u00edm za\u0159\u00edzen\u00edm, obr\u00e1b\u011bc\u00edm centrem, vysoce p\u0159esn\u00fdm speci\u00e1ln\u00edm za\u0159\u00edzen\u00edm pro zpracov\u00e1n\u00ed v\u00e1lc\u016f, robotick\u00fdm sva\u0159ovac\u00edm strojem, automatick\u00fdm \u010distic\u00edm strojem, automatick\u00fdm mont\u00e1\u017en\u00edm strojem pro v\u00e1lce a automatickou lakovac\u00ed v\u00fdrobn\u00ed linkou. St\u00e1vaj\u00edc\u00ed kritick\u00e9 vybaven\u00ed m\u00e1 v\u00edce ne\u017e 300 sad. Optim\u00e1ln\u00ed alokace a efektivn\u00ed vyu\u017eit\u00ed zdroj\u016f za\u0159\u00edzen\u00ed zaji\u0161\u0165uje po\u017eadavky na p\u0159esnost v\u00fdrobk\u016f a spl\u0148uje po\u017eadavky na vysokou kvalitu v\u00fdrobk\u016f.<\/p>\n<p><img loading=\"lazy\" decoding=\"async\" class=\"alignnone wp-image-626\" src=\"https:\/\/hydraulic-cylinders.net\/wp-content\/uploads\/2023\/08\/hydraulic-cylinder-product-1-300x158.webp\" alt=\"\" width=\"495\" height=\"260\" srcset=\"https:\/\/hydraulic-cylinders.net\/wp-content\/uploads\/2023\/08\/hydraulic-cylinder-product-1-300x158.webp 495w, https:\/\/hydraulic-cylinders.net\/wp-content\/uploads\/2023\/08\/hydraulic-cylinder-product-1-480x252.webp 480w\" sizes=\"(min-width: 0px) and (max-width: 480px) 480px, (min-width: 481px) 495px, 100vw\" \/> <img loading=\"lazy\" decoding=\"async\" class=\"alignnone wp-image-627\" src=\"https:\/\/hydraulic-cylinders.net\/wp-content\/uploads\/2023\/08\/hydraulic-cylinder-product-2-300x189.webp\" alt=\"\" width=\"413\" height=\"260\" \/><\/p>\n<h3>(2) Obr\u00e1b\u011bn\u00ed<\/h3>\n<p>Obrobna je vybavena zak\u00e1zkov\u00fdm soustru\u017enick\u00fdm centrem pro \u0161ikm\u00e9 kolejnice, obr\u00e1b\u011bc\u00edm centrem, vysokorychlostn\u00edm honovac\u00edm strojem, sva\u0159ovac\u00edm robotem a dal\u0161\u00edm souvisej\u00edc\u00edm za\u0159\u00edzen\u00edm, kter\u00e9 zvl\u00e1dne obr\u00e1b\u011bn\u00ed v\u00e1lcov\u00fdch trubek s maxim\u00e1ln\u00edm vnit\u0159n\u00edm pr\u016fm\u011brem 400 mm a maxim\u00e1ln\u00ed d\u00e9lkou 6 metr\u016f.<\/p>\n<p><img loading=\"lazy\" decoding=\"async\" class=\"alignnone wp-image-628 size-large\" src=\"https:\/\/hydraulic-cylinders.net\/wp-content\/uploads\/2023\/08\/hydraulic-cylinder-product-3-1024x391.webp\" alt=\"\" width=\"1024\" height=\"391\" srcset=\"https:\/\/hydraulic-cylinders.net\/wp-content\/uploads\/2023\/08\/hydraulic-cylinder-product-3-980x374.webp 980w, https:\/\/hydraulic-cylinders.net\/wp-content\/uploads\/2023\/08\/hydraulic-cylinder-product-3-480x183.webp 480w\" sizes=\"(min-width: 0px) and (max-width: 480px) 480px, (min-width: 481px) and (max-width: 980px) 980px, (min-width: 981px) 1024px, 100vw\" \/><\/p>\n<h3>(3) Sva\u0159ov\u00e1n\u00ed<\/h3>\n<p><img loading=\"lazy\" decoding=\"async\" class=\"alignnone wp-image-629 size-large\" src=\"https:\/\/hydraulic-cylinders.net\/wp-content\/uploads\/2023\/08\/hydraulic-cylinder-product-4-1024x510.webp\" alt=\"\" width=\"1024\" height=\"510\" srcset=\"https:\/\/hydraulic-cylinders.net\/wp-content\/uploads\/2023\/08\/hydraulic-cylinder-product-4-980x488.webp 980w, https:\/\/hydraulic-cylinders.net\/wp-content\/uploads\/2023\/08\/hydraulic-cylinder-product-4-480x239.webp 480w\" sizes=\"(min-width: 0px) and (max-width: 480px) 480px, (min-width: 481px) and (max-width: 980px) 980px, (min-width: 981px) 1024px, 100vw\" \/><\/p>\n<h3>(4) Lakov\u00e1n\u00ed a n\u00e1t\u011bry<\/h3>\n<p>S mal\u00fdmi a st\u0159edn\u00edmi v\u00e1lcov\u00fdmi automatick\u00fdmi linkami na nan\u00e1\u0161en\u00ed barev na vodn\u00ed b\u00e1zi, pro dosa\u017een\u00ed automatick\u00e9ho robotick\u00e9ho nakl\u00e1d\u00e1n\u00ed a vykl\u00e1d\u00e1n\u00ed a automatick\u00e9ho st\u0159\u00edk\u00e1n\u00ed, je konstruk\u010dn\u00ed kapacita 4000 kus\u016f za sm\u011bnu;<br \/>\nM\u00e1me tak\u00e9 poloautomatickou linku na v\u00fdrobu barev pro velk\u00e9 tlakov\u00e9 lahve poh\u00e1n\u011bn\u00e9 \u0159et\u011bzem s konstruk\u010dn\u00ed kapacitou 60 lahv\u00ed za sm\u011bnu.<\/p>\n<p><img loading=\"lazy\" decoding=\"async\" class=\"alignnone wp-image-630\" src=\"https:\/\/hydraulic-cylinders.net\/wp-content\/uploads\/2023\/08\/hydraulic-cylinder-product-5-300x213.webp\" alt=\"\" width=\"366\" height=\"260\" \/> <img loading=\"lazy\" decoding=\"async\" class=\"alignnone wp-image-631\" src=\"https:\/\/hydraulic-cylinders.net\/wp-content\/uploads\/2023\/08\/hydraulic-cylinder-product-6-300x225.webp\" alt=\"\" width=\"347\" height=\"260\" \/><\/p>\n<h3>(5) Testov\u00e1n\u00ed<\/h3>\n<p>Disponujeme prvot\u0159\u00eddn\u00edmi inspek\u010dn\u00edmi za\u0159\u00edzen\u00edmi a zku\u0161ebn\u00edmi laborato\u0159emi, abychom zajistili, \u017ee v\u00fdkon v\u00e1lce spl\u0148uje po\u017eadavky.<\/p>\n<p><img loading=\"lazy\" decoding=\"async\" class=\"alignnone wp-image-632\" src=\"https:\/\/hydraulic-cylinders.net\/wp-content\/uploads\/2023\/08\/hydraulic-cylinder-product-8-300x200.webp\" alt=\"\" width=\"389\" height=\"260\" \/><\/p>\n<p>&nbsp;<\/p>\n<p>&nbsp;<\/p>\n<p>Jsme jedn\u00edm z nejlep\u0161\u00edch v\u00fdrobc\u016f hydraulick\u00fdch v\u00e1lc\u016f. Nab\u00edz\u00edme komplexn\u00ed hydraulick\u00e9 v\u00e1lce. Dod\u00e1v\u00e1me tak\u00e9 odpov\u00eddaj\u00edc\u00ed <a href=\"https:\/\/hzpt.com\/agricultural-pto-gearbox\/\" target=\"_blank\" rel=\"noopener\">zem\u011bd\u011blsk\u00e9 p\u0159evodovky<\/a>Na\u0161e v\u00fdrobky jsme exportovali klient\u016fm po cel\u00e9m sv\u011bt\u011b a d\u00edky vynikaj\u00edc\u00ed kvalit\u011b v\u00fdrobk\u016f a poprodejn\u00edmu servisu jsme si z\u00edskali dobrou pov\u011bst. V\u00edt\u00e1me z\u00e1kazn\u00edky doma i v zahrani\u010d\u00ed, kte\u0159\u00ed n\u00e1s kontaktuj\u00ed za \u00fa\u010delem vyjedn\u00e1v\u00e1n\u00ed obchodn\u00edch p\u0159\u00edle\u017eitost\u00ed, v\u00fdm\u011bny informac\u00ed a <a href=\"https:\/\/www.hydraulic-cylinders.net\/cs\/contact-us\/\">spolupracujte s n\u00e1mi<\/a>!<\/p>\n<p>&nbsp;<\/p>","protected":false},"excerpt":{"rendered":"<p>Shield Machine Anti-torque Cylinder The shield machine anti-torque cylinder is a cutting-edge hydraulic component designed to provide enhanced stability and control in tunneling operations. This specialized cylinder plays a vital role in mitigating torque forces generated during the excavation process, ensuring optimal performance and safety. In this comprehensive article, we will delve into the key [&hellip;]<\/p>","protected":false},"featured_media":1889,"comment_status":"open","ping_status":"closed","template":"","meta":{"_et_pb_use_builder":"","_et_pb_old_content":"","_et_gb_content_width":""},"product_brand":[],"product_cat":[1550,1519],"product_tag":[1380],"class_list":{"0":"post-1886","1":"product","2":"type-product","3":"status-publish","4":"has-post-thumbnail","6":"product_cat-double-acting-hydraulic-cylinder","7":"product_cat-shield-machine-hydraulic-cylinders","8":"product_tag-hydraulic-cylinder","10":"first","11":"instock","12":"shipping-taxable","13":"product-type-simple"},"amp_enabled":true,"_links":{"self":[{"href":"https:\/\/www.hydraulic-cylinders.net\/cs\/wp-json\/wp\/v2\/product\/1886","targetHints":{"allow":["GET"]}}],"collection":[{"href":"https:\/\/www.hydraulic-cylinders.net\/cs\/wp-json\/wp\/v2\/product"}],"about":[{"href":"https:\/\/www.hydraulic-cylinders.net\/cs\/wp-json\/wp\/v2\/types\/product"}],"replies":[{"embeddable":true,"href":"https:\/\/www.hydraulic-cylinders.net\/cs\/wp-json\/wp\/v2\/comments?post=1886"}],"wp:featuredmedia":[{"embeddable":true,"href":"https:\/\/www.hydraulic-cylinders.net\/cs\/wp-json\/wp\/v2\/media\/1889"}],"wp:attachment":[{"href":"https:\/\/www.hydraulic-cylinders.net\/cs\/wp-json\/wp\/v2\/media?parent=1886"}],"wp:term":[{"taxonomy":"product_brand","embeddable":true,"href":"https:\/\/www.hydraulic-cylinders.net\/cs\/wp-json\/wp\/v2\/product_brand?post=1886"},{"taxonomy":"product_cat","embeddable":true,"href":"https:\/\/www.hydraulic-cylinders.net\/cs\/wp-json\/wp\/v2\/product_cat?post=1886"},{"taxonomy":"product_tag","embeddable":true,"href":"https:\/\/www.hydraulic-cylinders.net\/cs\/wp-json\/wp\/v2\/product_tag?post=1886"}],"curies":[{"name":"wp","href":"https:\/\/api.w.org\/{rel}","templated":true}]}}