{"id":18890,"date":"2025-04-07T06:00:36","date_gmt":"2025-04-07T06:00:36","guid":{"rendered":"https:\/\/www.hydraulic-cylinders.net\/product\/boom-cylinder-for-sumitomo-small-excavator-sh120a1a2a3\/"},"modified":"2025-04-07T06:00:38","modified_gmt":"2025-04-07T06:00:38","slug":"boom-cylinder-for-sumitomo-small-excavator-sh120a1a2a3","status":"publish","type":"product","link":"https:\/\/www.hydraulic-cylinders.net\/cs\/produkt\/boom-cylinder-for-sumitomo-small-excavator-sh120a1a2a3\/","title":{"rendered":"V\u00e1lec v\u00fdlo\u017en\u00edku pro mal\u00e9 rypadlo Sumitomo SH120A1A2A3"},"content":{"rendered":"<h1>V\u00e1lec v\u00fdlo\u017en\u00edku pro mal\u00e9 rypadlo Sumitomo SH120A1A2A3<\/h1>\n<h2>P\u0159ehled produktu<\/h2>\n<p>Ten\/Ta\/To <strong>V\u00e1lec v\u00fdlo\u017en\u00edku pro mal\u00e9 rypadlo Sumitomo SH120A1A2A3<\/strong> je z\u00e1sadn\u00ed sou\u010d\u00e1st\u00ed pou\u017e\u00edvanou v r\u016fzn\u00fdch t\u011b\u017ek\u00fdch stroj\u00edch, speci\u00e1ln\u011b navr\u017eenou k ovl\u00e1d\u00e1n\u00ed pohybu v\u00fdlo\u017en\u00edku rypadla. Tyto hydraulick\u00e9 v\u00e1lce hraj\u00ed kl\u00ed\u010dovou roli v hydraulick\u00fdch syst\u00e9mech rypadel a umo\u017e\u0148uj\u00ed efektivn\u00ed zved\u00e1n\u00ed, spou\u0161t\u011bn\u00ed a nakl\u00e1p\u011bn\u00ed v\u00fdlo\u017en\u00edku. Tato funkce je nezbytn\u00e1 pro \u0161irokou \u0161k\u00e1lu \u00fakol\u016f manipulace s materi\u00e1lem, d\u00edky \u010demu\u017e jsou v\u00e1lce v\u00fdlo\u017en\u00edku nepostradateln\u00e9 p\u0159i stavebn\u00edch a v\u00fdkopov\u00fdch prac\u00edch.<\/p>\n<p><img decoding=\"async\" src=\"https:\/\/www.hydraulic-cylinders.net\/wp-content\/uploads\/2025\/04\/songte-company-1.webp\" alt=\"V\u00e1lec v\u00fdlo\u017en\u00edku\" \/><\/p>\n<h2>Vlastnosti v\u00e1lce v\u00fdlo\u017en\u00edku<\/h2>\n<h3>Vysok\u00e1 pevnost a trvanlivost<\/h3>\n<ul>\n<li>Vyrobeno z vysokopevnostn\u00ed oceli nebo hlin\u00edku, navr\u017eeno tak, aby odolalo vysok\u00e9mu tlaku a t\u011b\u017ek\u00e9mu zat\u00ed\u017een\u00ed.<\/li>\n<li>Navr\u017eeno tak, aby odolalo n\u00e1ro\u010dn\u00fdm pracovn\u00edm podm\u00ednk\u00e1m, a t\u00edm se prodlu\u017euje \u017eivotnost sou\u010d\u00e1sti.<\/li>\n<li>Vyrobeno s ohledem na odolnost proti opot\u0159eben\u00ed a korozi, co\u017e zaji\u0161\u0165uje dlouhodobou spolehlivost.<\/li>\n<\/ul>\n<h3>Efektivn\u00ed hydraulick\u00fd provoz<\/h3>\n<ul>\n<li>Vyu\u017e\u00edv\u00e1 hydraulick\u00fd tlak oleje pro plynul\u00e9 vysouv\u00e1n\u00ed a zasouv\u00e1n\u00ed v\u00e1lce.<\/li>\n<li>Nab\u00edz\u00ed rychlou odezvu na povely obsluhy, co\u017e je ide\u00e1ln\u00ed pro t\u011b\u017ek\u00e9 a slo\u017eit\u00e9 \u00fakoly.<\/li>\n<li>Poskytuje zna\u010dnou tla\u010dnou a ta\u017enou s\u00edlu, je schopen manipulovat s t\u011b\u017ek\u00fdmi materi\u00e1ly.<\/li>\n<\/ul>\n<h3>R\u016fznorod\u00e9 typy<\/h3>\n<ul>\n<li>K dispozici v jedno\u010dinn\u00e9m (hydraulick\u00fd pohon v jednom sm\u011bru) a dvoj\u010dinn\u00e9m (hydraulick\u00fd pohon v obou sm\u011brech) modelu.<\/li>\n<li>N\u011bkter\u00e9 modely maj\u00ed teleskopickou konstrukci, kter\u00e1 umo\u017e\u0148uje v\u011bt\u0161\u00ed v\u00fdsuv bez zv\u011bt\u0161en\u00ed vn\u011bj\u0161\u00edch rozm\u011br\u016f, a je vhodn\u00e1 pro omezen\u00e9 prostory.<\/li>\n<\/ul>\n<p>Tento produkt vyr\u00e1b\u00edme a na\u0161e v\u00e1lce dok\u00e1\u017e\u00ed dokonale nahradit st\u00e1vaj\u00edc\u00ed hydraulick\u00e9 v\u00e1lce ve va\u0161em strojn\u00edm za\u0159\u00edzen\u00ed.<\/p>\n<p><img decoding=\"async\" src=\"https:\/\/www.hydraulic-cylinders.net\/wp-content\/uploads\/2025\/04\/songte-cylinder-head-with-all-kinds-excavator-models.webp\" alt=\"Modely bagr\u016f\" \/><\/p>\n<h2>Aplikace v\u00e1lce v\u00fdlo\u017en\u00edku<\/h2>\n<h3>Stavebn\u00ed stroje<\/h3>\n<p>U bagr\u016f jsou v\u00e1lce v\u00fdlo\u017en\u00edku kl\u00ed\u010dov\u00e9 pro kop\u00e1n\u00ed, nakl\u00e1d\u00e1n\u00ed a p\u0159emis\u0165ov\u00e1n\u00ed zeminy nebo suti. Umo\u017e\u0148uj\u00ed vysunut\u00ed a dosah v\u00fdlo\u017en\u00edku bagru, \u010d\u00edm\u017e efektivn\u011b pronikaj\u00ed do zem\u011b pro hlubok\u00e9 v\u00fdkopy. Podobn\u011b u r\u00fdpadel tyto v\u00e1lce pom\u00e1haj\u00ed nejen p\u0159i kop\u00e1n\u00ed, ale tak\u00e9 p\u0159i zved\u00e1n\u00ed t\u011b\u017ek\u00fdch b\u0159emen, co\u017e zvy\u0161uje produktivitu na staveni\u0161t\u00edch.<\/p>\n<h3>Zem\u011bd\u011blsk\u00e9 stroje<\/h3>\n<p>U \u010deln\u00edch naklada\u010d\u016f se v\u00e1lce v\u00fdlo\u017en\u00edku pou\u017e\u00edvaj\u00ed k nab\u00edr\u00e1n\u00ed, zved\u00e1n\u00ed a p\u0159eprav\u011b zeminy, sena a dal\u0161\u00edch materi\u00e1l\u016f. Poskytuj\u00ed pot\u0159ebnou zvedac\u00ed s\u00edlu pro efektivn\u00ed manipulaci s objemn\u00fdmi b\u0159emeny, co\u017e je \u010din\u00ed nezbytn\u00fdmi v zem\u011bd\u011blsk\u00fdch operac\u00edch, kde pohyb materi\u00e1lu tvo\u0159\u00ed v\u00fdznamnou sou\u010d\u00e1st ka\u017edodenn\u00edch \u00fakol\u016f.<\/p>\n<h3>Bagry<\/h3>\n<p>V\u00e1lce v\u00fdlo\u017en\u00edku usnad\u0148uj\u00ed kopac\u00ed pohyb t\u00edm, \u017ee umo\u017e\u0148uj\u00ed l\u017e\u00edci efektivn\u011b pronikat do p\u016fdy. Hydraulick\u00fd pohon umo\u017e\u0148uje plynul\u00fd a kontrolovan\u00fd pohyb, co\u017e zaji\u0161\u0165uje p\u0159esn\u00e9 v\u00fdkopov\u00e9 pr\u00e1ce, co\u017e je z\u00e1sadn\u00ed pro stavebn\u00ed a krajin\u00e1\u0159sk\u00e9 projekty.<\/p>\n<h3>Naklada\u010de<\/h3>\n<p>U \u010deln\u00edch naklada\u010d\u016f tyto v\u00e1lce pom\u00e1haj\u00ed efektivn\u011b zvedat a skl\u00e1p\u011bt b\u0159emena. Hydraulick\u00fd syst\u00e9m zaji\u0161\u0165uje snadnou manipulaci s t\u011b\u017ek\u00fdmi materi\u00e1ly, co\u017e umo\u017e\u0148uje efektivn\u00ed nakl\u00e1dku a vykl\u00e1dku.<\/p>\n<h2>Konstruk\u010dn\u00ed aspekty a krit\u00e9ria v\u00fdb\u011bru<\/h2>\n<h3>Nosnost<\/h3>\n<p>P\u0159i v\u00fdb\u011bru v\u00e1lce v\u00fdlo\u017en\u00edku je jeho nosnost prvo\u0159ad\u00e1. V\u00e1lec mus\u00ed b\u00fdt schopen un\u00e9st maxim\u00e1ln\u00ed hmotnost, s n\u00ed\u017e se setk\u00e1 b\u011bhem provozu, ani\u017e by riskoval selh\u00e1n\u00ed. P\u0159et\u00ed\u017een\u00ed m\u016f\u017ee v\u00e9st ke katastrof\u00e1ln\u00edm poruch\u00e1m, proto je z\u00e1sadn\u00ed pochopen\u00ed specifikac\u00ed a zaji\u0161t\u011bn\u00ed toho, aby spl\u0148ovaly nebo p\u0159ekra\u010dovaly provozn\u00ed po\u017eadavky.<\/p>\n<h3>T\u011bsn\u011bn\u00ed<\/h3>\n<p>\u00da\u010dinn\u00e9 t\u011bsn\u011bn\u00ed je z\u00e1sadn\u00ed pro prevenci \u00faniku hydraulick\u00e9 kapaliny, kter\u00fd by mohl v\u00e9st ke ztr\u00e1t\u011b tlaku a \u00fa\u010dinnosti. V\u00fdb\u011br vysoce kvalitn\u00edch t\u011bsn\u011bn\u00ed, jako jsou p\u00edstn\u00ed a p\u00edstn\u00ed t\u011bsn\u011bn\u00ed, vyroben\u00e1 z materi\u00e1l\u016f odoln\u00fdch proti opot\u0159eben\u00ed, jako je polyuretan a nitrilov\u00e1 pry\u017e, zaji\u0161\u0165uje dlouhou \u017eivotnost a v\u00fdkon v\u00e1lce.<\/p>\n<h3>Trvanlivost<\/h3>\n<p>Dal\u0161\u00edm kritick\u00fdm faktorem je odolnost. V\u00e1lec mus\u00ed odol\u00e1vat n\u00e1ro\u010dn\u00fdm podm\u00ednk\u00e1m, v\u010detn\u011b extr\u00e9mn\u00edch teplot a vystaven\u00ed ne\u010distot\u00e1m a vlhkosti. Dob\u0159e vyroben\u00fd v\u00e1lec bude pou\u017e\u00edvat vysoce kvalitn\u00ed materi\u00e1ly a povrchov\u00e9 \u00fapravy, kter\u00e9 odol\u00e1vaj\u00ed korozi a opot\u0159eben\u00ed, aby byla zaji\u0161t\u011bna dlouh\u00e1 provozn\u00ed \u017eivotnost.<\/p>\n<h3>Bezpe\u010dnost<\/h3>\n<p>Sou\u010d\u00e1st\u00ed n\u00e1vrhu mus\u00ed b\u00fdt bezpe\u010dnostn\u00ed prvky, kter\u00e9 chr\u00e1n\u00ed obsluhu a strojn\u00ed za\u0159\u00edzen\u00ed. Pat\u0159\u00ed sem prvky zabra\u0148uj\u00edc\u00ed nadm\u011brn\u00e9mu nata\u017een\u00ed, bezpe\u010dnostn\u00ed mechanismy proti roztr\u017een\u00ed a vhodn\u00e9 kotevn\u00ed body pro bezpe\u010dnou instalaci.<\/p>\n<h3>Udr\u017eovatelnost<\/h3>\n<p>Konstrukce by m\u011bla usnad\u0148ovat \u00fadr\u017ebu. To zahrnuje p\u0159\u00edstupn\u00e9 mazac\u00ed body a mo\u017enost v\u00fdm\u011bny t\u011bsn\u011bn\u00ed a sou\u010d\u00e1st\u00ed bez nutnosti rozs\u00e1hl\u00e9 demont\u00e1\u017ee. Pravideln\u00e1 \u00fadr\u017eba m\u016f\u017ee zabr\u00e1nit n\u00e1kladn\u00fdm prostoj\u016fm a prodlou\u017eit \u017eivotnost v\u00e1lce.<\/p>\n<p><img decoding=\"async\" src=\"https:\/\/www.hydraulic-cylinders.net\/wp-content\/uploads\/2025\/04\/songte-oil-pipes-and-spare-parts.webp\" alt=\"Hydraulick\u00e9 d\u00edly\" \/><\/p>\n<h2>T\u011bsn\u011bn\u00ed a maz\u00e1n\u00ed<\/h2>\n<p>\u00da\u010dinn\u00e9 t\u011bsn\u011bn\u00ed a maz\u00e1n\u00ed jsou pro v\u00fdkon v\u00e1lc\u016f v\u00fdlo\u017en\u00edku z\u00e1sadn\u00ed. K zabr\u00e1n\u011bn\u00ed \u00faniku hydraulick\u00e9 kapaliny se pou\u017e\u00edvaj\u00ed r\u016fzn\u00e9 t\u011bsnic\u00ed prvky, jako jsou t\u011bsn\u011bn\u00ed p\u00edst\u016f a t\u011bsn\u011bn\u00ed p\u00edstnic. T\u011bsn\u011bn\u00ed vyroben\u00e1 z materi\u00e1l\u016f, jako je polyuretan a nitrilov\u00e1 pry\u017e, jsou up\u0159ednost\u0148ov\u00e1na pro svou odolnost proti opot\u0159eben\u00ed. T\u011bleso v\u00e1lce a z\u00e1vitov\u00e9 koncov\u00e9 plochy jsou nav\u00edc jemn\u011b opracov\u00e1ny pro zlep\u0161en\u00ed odolnosti proti opot\u0159eben\u00ed. Pravideln\u00e9 maz\u00e1n\u00ed hydraulick\u00fdm olejem je nezbytn\u00e9 pro zaji\u0161t\u011bn\u00ed plynul\u00e9ho provozu a prevenci opot\u0159eben\u00ed pohybliv\u00fdch \u010d\u00e1st\u00ed. Zanedb\u00e1v\u00e1n\u00ed maz\u00e1n\u00ed m\u016f\u017ee v\u00e9st ke zv\u00fd\u0161en\u00e9mu t\u0159en\u00ed, sn\u00ed\u017een\u00e9mu v\u00fdkonu a v kone\u010dn\u00e9m d\u016fsledku k selh\u00e1n\u00ed v\u00e1lce, proto je nezbytn\u00e9 pravideln\u011b kontrolovat a udr\u017eovat mazac\u00ed syst\u00e9m.<\/p>\n<h2>Pravideln\u00e1 \u00fadr\u017eba a preventivn\u00ed opat\u0159en\u00ed<\/h2>\n<ul>\n<li><strong>Pravideln\u00e9 kontroly:<\/strong> Pravideln\u00e9 kontroly zn\u00e1mek opot\u0159eben\u00ed, net\u011bsnost\u00ed a jin\u00e9ho po\u0161kozen\u00ed mohou p\u0159edej\u00edt v\u011bt\u0161\u00edm probl\u00e9m\u016fm. Sledujte neporu\u0161enost t\u011bsn\u011bn\u00ed a ujist\u011bte se, \u017ee spr\u00e1vn\u011b funguj\u00ed.<\/li>\n<li><strong>Vhodn\u00e9 maz\u00e1n\u00ed:<\/strong> Zajist\u011bte neust\u00e1le dostate\u010dn\u00e9 maz\u00e1n\u00ed. Kontrolujte hladinu hydraulick\u00e9 kapaliny a v p\u0159\u00edpad\u011b pot\u0159eby ji dopl\u0148te, aby syst\u00e9m fungoval hladce.<\/li>\n<li><strong>V\u00fdm\u011bna t\u011bsn\u011bn\u00ed:<\/strong> Pravideln\u011b kontrolujte opot\u0159eben\u00ed t\u011bsn\u011bn\u00ed a v p\u0159\u00edpad\u011b pot\u0159eby je vym\u011b\u0148ujte, aby se udr\u017eel hydraulick\u00fd tlak a \u00fa\u010dinnost.<\/li>\n<\/ul>\n<h2>Pokyny k instalaci<\/h2>\n<p>Spr\u00e1vn\u00e1 instalace v\u00e1lce v\u00fdlo\u017en\u00edku je z\u00e1sadn\u00ed pro jeho v\u00fdkon a dlouhou \u017eivotnost. Za\u010dn\u011bte t\u00edm, \u017ee zajist\u00edte, aby byl pracovn\u00ed prostor \u010dist\u00fd a bez ne\u010distot, abyste zabr\u00e1nili kontaminaci b\u011bhem instalace. V\u00e1lec spr\u00e1vn\u011b vyrovnejte s mont\u00e1\u017en\u00edmi konzolami, abyste zajistili jeho plynul\u00fd chod bez nadm\u011brn\u00e9ho nam\u00e1h\u00e1n\u00ed jeho sou\u010d\u00e1st\u00ed. K zaji\u0161t\u011bn\u00ed v\u00e1lce na m\u00edst\u011b pou\u017eijte vhodn\u00e9 mont\u00e1\u017en\u00ed konzoly a zabr\u00e1\u0148te jak\u00e9mukoli pohybu, kter\u00fd by mohl v\u00e9st k nespr\u00e1vn\u00e9mu vyrovn\u00e1n\u00ed. Po instalaci dvakr\u00e1t zkontrolujte v\u0161echny armatury a spoje, abyste se ujistili, \u017ee nedoch\u00e1z\u00ed k \u00fanik\u016fm. Nakonec napl\u0148te hydraulick\u00fd syst\u00e9m doporu\u010den\u00fdm hydraulick\u00fdm olejem a p\u0159ed uveden\u00edm za\u0159\u00edzen\u00ed do provozu zkontrolujte jeho spr\u00e1vnou funkci.<\/p>\n<h2>B\u011b\u017en\u00e9 \u00fakoly \u00fadr\u017eby<\/h2>\n<h3>Pravideln\u00e9 kontroly<\/h3>\n<p>Pravideln\u00e9 kontroly v\u00e1lce v\u00fdlo\u017en\u00edku jsou nezbytn\u00e9 pro udr\u017een\u00ed jeho funk\u010dnosti. Zkontrolujte, zda nevykazuje zn\u00e1mky opot\u0159eben\u00ed, net\u011bsnost\u00ed nebo po\u0161kozen\u00ed. V\u010dasn\u00e9 \u0159e\u0161en\u00ed drobn\u00fdch probl\u00e9m\u016f m\u016f\u017ee zabr\u00e1nit jejich p\u0159er\u016fst\u00e1n\u00ed ve v\u00e1\u017en\u00e9 probl\u00e9my a zajistit efektivn\u00ed provoz v\u00e1lce.<\/p>\n<h3>Spr\u00e1vn\u00e9 maz\u00e1n\u00ed<\/h3>\n<p>Udr\u017eov\u00e1n\u00ed spr\u00e1vn\u00e9ho maz\u00e1n\u00ed zahrnuje kontrolu hladiny hydraulick\u00e9 kapaliny a zaji\u0161t\u011bn\u00ed pou\u017e\u00edv\u00e1n\u00ed spr\u00e1vn\u00e9ho typu oleje. Pravideln\u00e9 maz\u00e1n\u00ed sni\u017euje t\u0159en\u00ed a opot\u0159eben\u00ed, \u010d\u00edm\u017e zvy\u0161uje \u00fa\u010dinnost a \u017eivotnost v\u00e1lce.<\/p>\n<h3>V\u00fdm\u011bna t\u011bsn\u011bn\u00ed a kontroly kalibrace<\/h3>\n<p>V\u00fdm\u011bna opot\u0159ebovan\u00fdch t\u011bsn\u011bn\u00ed a prov\u00e1d\u011bn\u00ed pravideln\u00fdch kalibra\u010dn\u00edch kontrol zaji\u0161\u0165uje, \u017ee hydraulick\u00fd syst\u00e9m udr\u017euje optim\u00e1ln\u00ed tlak a v\u00fdkon. Spr\u00e1vn\u00e9 se\u0159\u00edzen\u00ed a nastaven\u00ed b\u011bhem t\u011bchto proces\u016f m\u016f\u017ee v\u00fdrazn\u011b prodlou\u017eit \u017eivotnost v\u00e1lce v\u00fdlo\u017en\u00edku.<\/p>\n<p><img decoding=\"async\" src=\"https:\/\/www.hydraulic-cylinders.net\/wp-content\/uploads\/2025\/04\/songte-chushion-collar.webp\" alt=\"Pol\u0161t\u00e1\u0159ov\u00fd l\u00edmec\" \/><\/p>\n<h2>Bezpe\u010dnostn\u00ed aspekty a faktory prost\u0159ed\u00ed<\/h2>\n<p>P\u0159i pou\u017e\u00edv\u00e1n\u00ed v\u00e1lc\u016f v\u00fdlo\u017en\u00edku je dodr\u017eov\u00e1n\u00ed bezpe\u010dnostn\u00edch opat\u0159en\u00ed prvo\u0159ad\u00e9. V\u017edy pou\u017e\u00edvejte vhodn\u00e9 osobn\u00ed ochrann\u00e9 prost\u0159edky (OOP), abyste se chr\u00e1nili p\u0159ed mo\u017en\u00fdmi zran\u011bn\u00edmi b\u011bhem provozu nebo \u00fadr\u017eby. Zaji\u0161t\u011bn\u00ed spr\u00e1vn\u00e9 \u00fadr\u017eby hydraulick\u00e9ho syst\u00e9mu minimalizuje riziko \u00fanik\u016f nebo poruch, kter\u00e9 by mohly v\u00e9st k nebezpe\u010dn\u00fdm podm\u00ednk\u00e1m. Je t\u0159eba zohlednit i aspekty ochrany \u017eivotn\u00edho prost\u0159ed\u00ed; spr\u00e1vn\u00e9 metody likvidace hydraulick\u00fdch kapalin a opot\u0159ebovan\u00fdch sou\u010d\u00e1st\u00ed jsou nezbytn\u00e9 pro prevenci \u0161kod na \u017eivotn\u00edm prost\u0159ed\u00ed.<\/p>\n<h2>\u0158e\u0161en\u00ed b\u011b\u017en\u00fdch probl\u00e9m\u016f<\/h2>\n<ul>\n<li><strong>\u00danik:<\/strong> Pokud si v\u0161imnete \u00faniku hydraulick\u00e9 kapaliny z v\u00e1lce, m\u016f\u017ee to znamenat opot\u0159ebovan\u00e1 t\u011bsn\u011bn\u00ed nebo po\u0161kozen\u00e9 sou\u010d\u00e1sti. Pro vy\u0159e\u0161en\u00ed tohoto probl\u00e9mu zkontrolujte a v p\u0159\u00edpad\u011b pot\u0159eby vym\u011b\u0148te t\u011bsn\u011bn\u00ed.<\/li>\n<li><strong>Slab\u00fd v\u00fdkon:<\/strong> Sn\u00ed\u017een\u00ed v\u00fdkonu v\u00e1lce m\u016f\u017ee b\u00fdt zp\u016fsobeno n\u00edzkou hladinou hydraulick\u00e9 kapaliny nebo vnit\u0159n\u00edm po\u0161kozen\u00edm. Zkontrolujte hladiny kapalin a prohl\u00e9dn\u011bte v\u00e1lec, zda nevykazuje n\u011bjak\u00e9 vnit\u0159n\u00ed probl\u00e9my, kter\u00e9 by mohly ovlivnit provoz.<\/li>\n<li><strong>P\u0159eh\u0159\u00e1t\u00ed:<\/strong> Pokud se hydraulick\u00fd syst\u00e9m p\u0159eh\u0159\u00edv\u00e1, m\u016f\u017ee to b\u00fdt zp\u016fsobeno nedostate\u010dn\u00fdm maz\u00e1n\u00edm nebo nadm\u011brn\u00fdm zat\u00ed\u017een\u00edm. Zajist\u011bte spr\u00e1vn\u00e9 maz\u00e1n\u00ed a vyvarujte se p\u0159et\u00ed\u017een\u00ed za\u0159\u00edzen\u00ed.<\/li>\n<\/ul>\n<h2>Tipy a \u0159e\u0161en\u00ed probl\u00e9m\u016f<\/h2>\n<p>Abyste mohli efektivn\u011b diagnostikovat a \u0159e\u0161it probl\u00e9my s v\u00e1lcem v\u00fdlo\u017en\u00edku, za\u010dn\u011bte pravideln\u00fdm sledov\u00e1n\u00edm v\u00fdkonu hydraulick\u00e9ho syst\u00e9mu. Pokud se vyskytnou probl\u00e9my, \u0159i\u010fte se pokyny v\u00fdrobce pro postupy odstra\u0148ov\u00e1n\u00ed probl\u00e9m\u016f. Preventivn\u00ed opat\u0159en\u00ed, jako je udr\u017eov\u00e1n\u00ed spr\u00e1vn\u00e9 hladiny kapalin a pravideln\u00e9 kontroly, mohou pomoci minimalizovat potenci\u00e1ln\u00ed probl\u00e9my a zajistit hladk\u00fd provoz. V\u017edy \u0159e\u0161te probl\u00e9my neprodlen\u011b, abyste p\u0159ede\u0161li dal\u0161\u00edm komplikac\u00edm, a v p\u0159\u00edpad\u011b z\u00e1va\u017en\u00fdch oprav zva\u017ete konzultaci s odborn\u00edkem.<\/p>\n<p><img decoding=\"async\" src=\"https:\/\/www.hydraulic-cylinders.net\/wp-content\/uploads\/2025\/04\/songte-bushings-with-all-kinds-of-excavator-models.webp\" alt=\"Pouzdra pro bagry\" \/><\/p>\n<h2>P\u0159ehled spole\u010dnosti<\/h2>\n<p>Jsme v\u00fdrobcem n\u00e1hradn\u00edch hydraulick\u00fdch v\u00e1lc\u016f a nab\u00edz\u00edme komplexn\u00ed sortiment produkt\u016f, kter\u00e9 n\u00e1s etablovaly jako jednoho z p\u0159edn\u00edch v\u00fdrobc\u016f a velkoobchodn\u00edk\u016f na dom\u00e1c\u00edm i mezin\u00e1rodn\u00edm trhu. Dodr\u017eujeme principy nejvy\u0161\u0161\u00ed kvality, vyu\u017e\u00edv\u00e1me propracovanou v\u00fdrobn\u00ed d\u00edlnu a strategie \u0159\u00edzen\u00ed pr\u016fmyslov\u00e9 v\u00fdroby. Na\u0161e spole\u010dnost neust\u00e1le vylep\u0161uje svou v\u00fdrobn\u00ed platformu prost\u0159ednictv\u00edm kvalifikovan\u00fdch odborn\u00edk\u016f, pokro\u010dil\u00e9ho digit\u00e1ln\u00edho v\u00fdrobn\u00edho za\u0159\u00edzen\u00ed a robustn\u00edho kontroln\u00edho syst\u00e9mu. Tento z\u00e1vazek ke kvalit\u011b n\u00e1m umo\u017e\u0148uje uspokojovat rozmanit\u00e9 pot\u0159eby z\u00e1kazn\u00edk\u016f s vysokou efektivitou, p\u0159esnost\u00ed a kvalitou.<\/p>\n<p><img decoding=\"async\" src=\"https:\/\/www.hydraulic-cylinders.net\/wp-content\/uploads\/2025\/04\/songte-company-4.webp\" alt=\"P\u0159ehled spole\u010dnosti\" \/><br \/>\n<img decoding=\"async\" src=\"https:\/\/www.hydraulic-cylinders.net\/wp-content\/uploads\/2025\/04\/songte-company-3.webp\" alt=\"V\u00fdrobn\u00ed proces\" \/><\/p>\n<p>Na\u0161e odborn\u00e9 znalosti se roz\u0161i\u0159uj\u00ed na profesion\u00e1ln\u00ed certifikace, slu\u017eby na m\u00edru, modern\u00ed v\u00fdrobn\u00ed za\u0159\u00edzen\u00ed a v\u00fdjime\u010dnou poprodejn\u00ed podporu, co\u017e zaji\u0161\u0165uje, \u017ee na\u0161im klient\u016fm poskytujeme ta nejlep\u0161\u00ed \u0159e\u0161en\u00ed a z\u00e1rove\u0148 zachov\u00e1v\u00e1me nejvy\u0161\u0161\u00ed standardy kvality.<\/p>\n<p>Autor: lyl<\/p>","protected":false},"excerpt":{"rendered":"<p>Boom Cylinder For Sumitomo Small Excavator SH120A1A2A3 Product Overview The Boom Cylinder for Sumitomo Small Excavator SH120A1A2A3 is a vital component used in various heavy machinery, specifically designed to control the movement of the excavator&#8217;s boom. These hydraulic cylinders play a crucial role in the hydraulic systems of excavators, enabling the boom to lift, lower, [&hellip;]<\/p>","protected":false},"featured_media":17877,"comment_status":"open","ping_status":"closed","template":"","meta":{"_et_pb_use_builder":"","_et_pb_old_content":"","_et_gb_content_width":""},"product_brand":[],"product_cat":[1546],"product_tag":[1547,1496],"class_list":{"0":"post-18890","1":"product","2":"type-product","3":"status-publish","4":"has-post-thumbnail","6":"product_cat-boom-cylinders","7":"product_tag-boom-cylinders","8":"product_tag-hydraulic-cylinders","10":"first","11":"instock","12":"shipping-taxable","13":"product-type-simple"},"amp_enabled":true,"_links":{"self":[{"href":"https:\/\/www.hydraulic-cylinders.net\/cs\/wp-json\/wp\/v2\/product\/18890","targetHints":{"allow":["GET"]}}],"collection":[{"href":"https:\/\/www.hydraulic-cylinders.net\/cs\/wp-json\/wp\/v2\/product"}],"about":[{"href":"https:\/\/www.hydraulic-cylinders.net\/cs\/wp-json\/wp\/v2\/types\/product"}],"replies":[{"embeddable":true,"href":"https:\/\/www.hydraulic-cylinders.net\/cs\/wp-json\/wp\/v2\/comments?post=18890"}],"wp:featuredmedia":[{"embeddable":true,"href":"https:\/\/www.hydraulic-cylinders.net\/cs\/wp-json\/wp\/v2\/media\/17877"}],"wp:attachment":[{"href":"https:\/\/www.hydraulic-cylinders.net\/cs\/wp-json\/wp\/v2\/media?parent=18890"}],"wp:term":[{"taxonomy":"product_brand","embeddable":true,"href":"https:\/\/www.hydraulic-cylinders.net\/cs\/wp-json\/wp\/v2\/product_brand?post=18890"},{"taxonomy":"product_cat","embeddable":true,"href":"https:\/\/www.hydraulic-cylinders.net\/cs\/wp-json\/wp\/v2\/product_cat?post=18890"},{"taxonomy":"product_tag","embeddable":true,"href":"https:\/\/www.hydraulic-cylinders.net\/cs\/wp-json\/wp\/v2\/product_tag?post=18890"}],"curies":[{"name":"wp","href":"https:\/\/api.w.org\/{rel}","templated":true}]}}