{"id":18892,"date":"2025-04-07T06:00:42","date_gmt":"2025-04-07T06:00:42","guid":{"rendered":"https:\/\/www.hydraulic-cylinders.net\/product\/boom-cylinder-for-sumitomo-middle-excavator-sh200a1a2a3\/"},"modified":"2025-04-07T06:00:44","modified_gmt":"2025-04-07T06:00:44","slug":"boom-cylinder-for-sumitomo-middle-excavator-sh200a1a2a3","status":"publish","type":"product","link":"https:\/\/www.hydraulic-cylinders.net\/cs\/produkt\/boom-cylinder-for-sumitomo-middle-excavator-sh200a1a2a3\/","title":{"rendered":"V\u00e1lec v\u00fdlo\u017en\u00edku pro st\u0159edn\u00ed bagr Sumitomo SH200A1A2A3"},"content":{"rendered":"<h1>V\u00e1lec v\u00fdlo\u017en\u00edku pro st\u0159edn\u00ed bagr Sumitomo SH200A1A2A3<\/h1>\n<h2>P\u0159ehled v\u00e1lce v\u00fdlo\u017en\u00edku<\/h2>\n<p>Hydraulick\u00fd v\u00e1lec v\u00fdlo\u017en\u00edku je specializovan\u00fd hydraulick\u00fd v\u00e1lec pou\u017e\u00edvan\u00fd k ovl\u00e1d\u00e1n\u00ed pohybu l\u017e\u00edce u t\u011b\u017ek\u00fdch stroj\u016f, jako jsou bagry, rypadla-naklada\u010de a \u010deln\u00ed naklada\u010de. Hraje kl\u00ed\u010dovou roli p\u0159i manipulaci s materi\u00e1lem, proto\u017ee umo\u017e\u0148uje zved\u00e1n\u00ed, spou\u0161t\u011bn\u00ed a nakl\u00e1p\u011bn\u00ed l\u017e\u00edce, co\u017e umo\u017e\u0148uje efektivn\u00ed v\u00fdkop a p\u0159epravu materi\u00e1l\u016f. Jako ned\u00edln\u00e1 sou\u010d\u00e1st hydraulick\u00fdch syst\u00e9m\u016f vyu\u017e\u00edvaj\u00ed v\u00e1lce v\u00fdlo\u017en\u00edku tlak hydraulick\u00e9 kapaliny k vytv\u00e1\u0159en\u00ed s\u00edly a pohybu, \u010d\u00edm\u017e zvy\u0161uj\u00ed provozn\u00ed efektivitu stavebn\u00edch a zem\u011bd\u011blsk\u00fdch stroj\u016f.<\/p>\n<p><img decoding=\"async\" src=\"https:\/\/www.hydraulic-cylinders.net\/wp-content\/uploads\/2025\/04\/songte-company-1.webp\" alt=\"P\u0159ehled v\u00e1lc\u016f v\u00fdlo\u017en\u00edku\"><\/p>\n<h2>Kl\u00ed\u010dov\u00e9 vlastnosti v\u00e1lce v\u00fdlo\u017en\u00edku<\/h2>\n<ul>\n<li>\n<h3>Vysok\u00e1 pevnost a trvanlivost<\/h3>\n<p>V\u00e1lce v\u00fdlo\u017en\u00edku, vyroben\u00e9 z vysokopevnostn\u00ed oceli nebo hlin\u00edku, jsou navr\u017eeny tak, aby odolaly vysok\u00e9mu tlaku a velk\u00e9mu zat\u00ed\u017een\u00ed. Jsou konstruov\u00e1ny tak, aby odolaly n\u00e1ro\u010dn\u00fdm pracovn\u00edm podm\u00ednk\u00e1m, a maj\u00ed vlastnosti, kter\u00e9 up\u0159ednost\u0148uj\u00ed odolnost proti opot\u0159eben\u00ed a korozi, co\u017e prodlu\u017euje jejich \u017eivotnost.<\/p>\n<\/li>\n<li>\n<h3>Efektivn\u00ed hydraulick\u00fd provoz<\/h3>\n<p>D\u00edky tlaku hydraulick\u00e9ho oleje umo\u017e\u0148uje v\u00e1lec v\u00fdlo\u017en\u00edku plynul\u00fd teleskopick\u00fd pohyb, co\u017e umo\u017e\u0148uje rychlou reakci na povely obsluhy. Tato \u00fa\u010dinnost poskytuje zna\u010dnou tla\u010dnou a ta\u017enou s\u00edlu, d\u00edky \u010demu\u017e je vhodn\u00fd pro manipulaci s t\u011b\u017ek\u00fdmi p\u0159edm\u011bty a slo\u017eit\u00e9 \u00fakoly.<\/p>\n<\/li>\n<li>\n<h3>R\u016fzn\u00e9 dostupn\u00e9 typy<\/h3>\n<p>R\u016fzn\u00e9 provozn\u00ed pot\u0159eby lze splnit v\u00fdb\u011brem bu\u010f jedno\u010dinn\u00fdch (hydraulick\u00fd provoz v jednom sm\u011bru), nebo dvoj\u010dinn\u00fdch (hydraulick\u00fd provoz v obou sm\u011brech) v\u00e1lc\u016f. N\u011bkter\u00e9 modely jsou teleskopick\u00e9, co\u017e umo\u017e\u0148uje del\u0161\u00ed dosah bez zv\u011bt\u0161en\u00ed vn\u011bj\u0161\u00edch rozm\u011br\u016f, co\u017e je ide\u00e1ln\u00ed pro aplikace s omezen\u00fdm prostorem.<\/p>\n<\/li>\n<\/ul>\n<h2>V\u00fdrobn\u00ed kapacity<\/h2>\n<p>Specializujeme se na v\u00fdrobu v\u00e1lc\u016f v\u00fdlo\u017en\u00edku, kter\u00e9 jsou perfektn\u00ed n\u00e1hradou za st\u00e1vaj\u00edc\u00ed hydraulick\u00e9 v\u00e1lce a zaji\u0161\u0165uj\u00ed kompatibilitu a v\u00fdkon v r\u016fzn\u00fdch aplikac\u00edch.<\/p>\n<p><img decoding=\"async\" src=\"https:\/\/www.hydraulic-cylinders.net\/wp-content\/uploads\/2025\/04\/songte-cylinder-head-with-all-kinds-excavator-models.webp\" alt=\"V\u00fdrobn\u00ed kapacity\"><\/p>\n<h2>Aplikace v\u00e1lc\u016f v\u00fdlo\u017en\u00edku<\/h2>\n<ul>\n<li>\n<h3>Stavebn\u00ed stroje<\/h3>\n<p>U bagr\u016f jsou v\u00e1lce v\u00fdlo\u017en\u00edku nezbytn\u00e9 pro kop\u00e1n\u00ed, nakl\u00e1d\u00e1n\u00ed a p\u0159esouv\u00e1n\u00ed zeminy nebo suti. Usnad\u0148uj\u00ed efektivn\u00ed v\u00fdkop materi\u00e1l\u016f a umo\u017e\u0148uj\u00ed obsluze rychle a efektivn\u011b plnit \u00fakoly. U rypadlo-naklada\u010d\u016f v\u00e1lec v\u00fdlo\u017en\u00edku pom\u00e1h\u00e1 jak p\u0159i kop\u00e1n\u00ed, tak p\u0159i zved\u00e1n\u00ed, co\u017e poskytuje v\u0161estrannost p\u0159i r\u016fzn\u00fdch stavebn\u00edch \u00fakolech.<\/p>\n<\/li>\n<li>\n<h3>Zem\u011bd\u011blsk\u00e9 stroje<\/h3>\n<p>U \u010deln\u00edch naklada\u010d\u016f usnad\u0148uje v\u00e1lec v\u00fdlo\u017en\u00edku nab\u00edr\u00e1n\u00ed, zved\u00e1n\u00ed a p\u0159epravu zeminy, sena a dal\u0161\u00edch materi\u00e1l\u016f. Jeho spolehliv\u00fd v\u00fdkon zaji\u0161\u0165uje hladk\u00fd pr\u016fb\u011bh zem\u011bd\u011blsk\u00fdch operac\u00ed a p\u0159isp\u00edv\u00e1 k produktivit\u011b zem\u011bd\u011blsk\u00e9 techniky b\u011bhem sez\u00f3nn\u00edch \u010dinnost\u00ed.<\/p>\n<\/li>\n<li>\n<h3>V\u00fdkopov\u00e9 operace<\/h3>\n<p>Rypadla vyu\u017e\u00edvaj\u00ed v\u00e1lce v\u00fdlo\u017en\u00edku k efektivn\u00edmu pronik\u00e1n\u00ed do p\u016fdy. Ovl\u00e1d\u00e1n\u00edm pohybu l\u017e\u00edce mohou obsluha kopat hluboko do zem\u011b, co\u017e je \u010din\u00ed nezbytn\u00fdmi p\u0159i p\u0159\u00edprav\u011b staveni\u0161t\u011b a zemn\u00edch prac\u00edch, \u010d\u00edm\u017e zvy\u0161uj\u00ed celkovou produktivitu.<\/p>\n<\/li>\n<li>\n<h3>Na\u010d\u00edt\u00e1n\u00ed operac\u00ed<\/h3>\n<p>U \u010deln\u00edch naklada\u010d\u016f hraj\u00ed v\u00e1lce v\u00fdlo\u017en\u00edku kl\u00ed\u010dovou roli v efektivn\u00edm zved\u00e1n\u00ed a vykl\u00e1dkov\u00e1n\u00ed b\u0159emen. Zaji\u0161\u0165uj\u00ed rychl\u00e9 prov\u00e1d\u011bn\u00ed nakl\u00e1dac\u00edch a vykl\u00e1dac\u00edch proces\u016f, co\u017e je nezbytn\u00e9 pro udr\u017een\u00ed plynul\u00e9ho chodu pr\u00e1ce na staveni\u0161t\u00edch.<\/p>\n<\/li>\n<\/ul>\n<h2>Konstruk\u010dn\u00ed aspekty a krit\u00e9ria v\u00fdb\u011bru<\/h2>\n<ul>\n<li>\n<h3>Nosnost<\/h3>\n<p>P\u0159i v\u00fdb\u011bru v\u00e1lce v\u00fdlo\u017en\u00edku je z\u00e1sadn\u00ed zv\u00e1\u017eit nosnost. V\u00e1lec mus\u00ed b\u00fdt schopen un\u00e9st maxim\u00e1ln\u00ed hmotnost, kterou bude muset zvednout. To zaji\u0161\u0165uje bezpe\u010dnost a stabilitu v\u00fdkonu a zabra\u0148uje potenci\u00e1ln\u00edm poruch\u00e1m b\u011bhem provozu.<\/p>\n<\/li>\n<li>\n<h3>T\u011bsn\u011bn\u00ed a trvanlivost<\/h3>\n<p>\u00da\u010dinn\u00e9 t\u011bsn\u011bn\u00ed je pro hydraulick\u00e9 v\u00e1lce z\u00e1sadn\u00ed, proto\u017ee zabra\u0148uje \u00faniku kapaliny a udr\u017euje tlak. Pro zaji\u0161t\u011bn\u00ed dlouh\u00e9 \u017eivotnosti a spolehlivosti by se m\u011bla pou\u017e\u00edvat vysoce kvalitn\u00ed t\u011bsn\u011bn\u00ed vyroben\u00e1 z odoln\u00fdch materi\u00e1l\u016f, jako je polyuretan a nitrilov\u00e1 pry\u017e.<\/p>\n<\/li>\n<li>\n<h3>Bezpe\u010dnostn\u00ed prvky<\/h3>\n<p>P\u0159i konstrukci v\u00e1lc\u016f v\u00fdlo\u017en\u00edku jsou z\u00e1sadn\u00ed bezpe\u010dnostn\u00ed aspekty. Za\u010dlen\u011bn\u00ed bezpe\u010dnostn\u00edch mechanism\u016f, jako je ochrana proti p\u0159et\u00ed\u017een\u00ed a syst\u00e9my nouzov\u00e9ho vypnut\u00ed, pom\u00e1h\u00e1 p\u0159edch\u00e1zet nehod\u00e1m a zaji\u0161\u0165uje bezpe\u010dn\u00fd provoz za r\u016fzn\u00fdch podm\u00ednek.<\/p>\n<\/li>\n<li>\n<h3>\u00dadr\u017eba a opravitelnost<\/h3>\n<p>Snadn\u00e1 \u00fadr\u017eba a opravy jsou nezbytn\u00e9 pro minimalizaci prostoj\u016f. Konstrukce, kter\u00e9 usnad\u0148uj\u00ed rychl\u00fd p\u0159\u00edstup k t\u011bsn\u011bn\u00edm a dal\u0161\u00edm komponent\u016fm, usnad\u0148uj\u00ed b\u011b\u017en\u00e9 kontroly a v\u00fdm\u011bny, co\u017e zvy\u0161uje celkovou \u00fa\u010dinnost hydraulick\u00fdch syst\u00e9m\u016f.<\/p>\n<\/li>\n<\/ul>\n<p><img decoding=\"async\" src=\"https:\/\/www.hydraulic-cylinders.net\/wp-content\/uploads\/2025\/04\/songte-oil-pipes-and-spare-parts.webp\" alt=\"Konstruk\u010dn\u00ed aspekty a krit\u00e9ria v\u00fdb\u011bru\"><\/p>\n<h2>T\u011bsn\u011bn\u00ed a maz\u00e1n\u00ed v\u00e1lc\u016f v\u00fdlo\u017en\u00edku<\/h2>\n<p>\u017divotnost a v\u00fdkon v\u00e1lc\u016f v\u00fdlo\u017en\u00edku siln\u011b z\u00e1vis\u00ed na \u00fa\u010dinn\u00e9m t\u011bsn\u011bn\u00ed a maz\u00e1n\u00ed. K udr\u017een\u00ed hydraulick\u00e9ho tlaku a zabr\u00e1n\u011bn\u00ed \u00faniku kapalin se pou\u017e\u00edvaj\u00ed r\u016fzn\u00e9 t\u011bsnic\u00ed komponenty, jako jsou t\u011bsn\u011bn\u00ed p\u00edst\u016f a p\u00edstnic. T\u011bsn\u011bn\u00ed vyroben\u00e1 z odoln\u00fdch materi\u00e1l\u016f, jako je polyuretan a nitrilov\u00e1 pry\u017e, jsou up\u0159ednost\u0148ov\u00e1na pro svou odolnost proti opot\u0159eben\u00ed. T\u011bleso v\u00e1lce a z\u00e1vitov\u00e9 koncov\u00e9 plochy nav\u00edc proch\u00e1zej\u00ed pe\u010dliv\u00fdmi procesy kone\u010dn\u00e9 \u00fapravy, aby se zv\u00fd\u0161ila jejich odolnost. Pravideln\u00e9 maz\u00e1n\u00ed hydraulick\u00fdm olejem je nezbytn\u00e9 pro zaji\u0161t\u011bn\u00ed plynul\u00e9ho provozu a zabr\u00e1n\u011bn\u00ed opot\u0159eben\u00ed, co\u017e vy\u017eaduje pl\u00e1n \u00fadr\u017eby pro konzistentn\u00ed v\u00fdkon.<\/p>\n<h2>Preventivn\u00ed \u00fadr\u017ebov\u00e1 opat\u0159en\u00ed<\/h2>\n<ul>\n<li>\n<h3>Pravideln\u00e9 kontroly<\/h3>\n<p>Prov\u00e1d\u011bn\u00ed pravideln\u00fdch kontrol v\u00e1lce v\u00fdlo\u017en\u00edku, zda nevykazuje zn\u00e1mky opot\u0159eben\u00ed nebo po\u0161kozen\u00ed, pom\u00e1h\u00e1 identifikovat potenci\u00e1ln\u00ed probl\u00e9my d\u0159\u00edve, ne\u017e se vyhrot\u00ed. Hledejte net\u011bsnosti, neobvykl\u00e9 zvuky nebo zm\u011bny v provozu a neprodlen\u011b je \u0159e\u0161te.<\/p>\n<\/li>\n<li>\n<h3>Spr\u00e1vn\u00e9 maz\u00e1n\u00ed<\/h3>\n<p>Pro plynul\u00fd provoz je nezbytn\u00e9 zajistit dostate\u010dn\u00e9 maz\u00e1n\u00ed v\u00e1lce v\u00fdlo\u017en\u00edku. Pravideln\u011b kontrolujte a dopl\u0148ujte hladinu hydraulick\u00e9ho oleje a dodr\u017eujte pokyny v\u00fdrobce pro optim\u00e1ln\u00ed v\u00fdkon.<\/p>\n<\/li>\n<li>\n<h3>V\u00fdm\u011bna t\u011bsn\u011bn\u00ed<\/h3>\n<p>T\u011bsn\u011bn\u00ed by m\u011bla b\u00fdt monitorov\u00e1na a v p\u0159\u00edpad\u011b pot\u0159eby vym\u011b\u0148ov\u00e1na, aby se zabr\u00e1nilo net\u011bsnostem. Pravideln\u00e9 kontroly stavu t\u011bsn\u011bn\u00ed mohou pomoci udr\u017eet \u00fa\u010dinnost hydraulick\u00e9ho syst\u00e9mu.<\/p>\n<\/li>\n<\/ul>\n<h2>Pokyny k instalaci<\/h2>\n<p>Spr\u00e1vn\u00e1 instalace v\u00e1lce v\u00fdlo\u017en\u00edku je z\u00e1sadn\u00ed pro jeho efektivn\u00ed provoz. Za\u010dn\u011bte t\u00edm, \u017ee se ujist\u00edte, \u017ee je pracovn\u00ed prostor \u010dist\u00fd a bez ne\u010distot. V\u00e1lec spr\u00e1vn\u011b vyrovnejte s mont\u00e1\u017en\u00edmi konzolami a ujist\u011bte se, \u017ee je bezpe\u010dn\u011b upevn\u011bn pomoc\u00ed doporu\u010den\u00e9ho spojovac\u00edho materi\u00e1lu. Je nezbytn\u00e9 pou\u017e\u00edt vhodn\u00e9 mont\u00e1\u017en\u00ed konzoly ke stabilizaci v\u00e1lce a zabr\u00e1n\u011bn\u00ed jeho nespr\u00e1vn\u00e9mu vyrovn\u00e1n\u00ed b\u011bhem provozu. Po instalaci zkontrolujte hydraulick\u00e9 net\u011bsnosti a ov\u011b\u0159te, zda v\u00e1lec funguje plynule v pln\u00e9m rozsahu pohybu. Doporu\u010duje se tak\u00e9 nahl\u00e9dnout do instala\u010dn\u00ed p\u0159\u00edru\u010dky v\u00fdrobce, kde naleznete konkr\u00e9tn\u00ed pokyny t\u00fdkaj\u00edc\u00ed se va\u0161eho modelu.<\/p>\n<h2>B\u011b\u017en\u00e9 \u00fakoly \u00fadr\u017eby<\/h2>\n<ul>\n<li>\n<h3>Pravideln\u00e9 kontroly<\/h3>\n<p>Prov\u00e1d\u011bn\u00ed pl\u00e1novan\u00fdch kontrol provozuschopnosti v\u00e1lce v\u00fdlo\u017en\u00edku pom\u00e1h\u00e1 v\u010das odhalit jak\u00e9koli funk\u010dn\u00ed nesrovnalosti. Obsluha by m\u011bla b\u00fdt pro\u0161kolena v tom, aby si b\u011bhem provozu v\u0161\u00edmala zm\u011bn v odezv\u011b nebo neobvykl\u00fdch zvuk\u016f.<\/p>\n<\/li>\n<li>\n<h3>Vhodn\u00e9 maz\u00e1n\u00ed<\/h3>\n<p>Spr\u00e1vn\u00e9 maz\u00e1n\u00ed je z\u00e1sadn\u00ed pro dlouhou \u017eivotnost hydraulick\u00e9ho syst\u00e9mu. Zajist\u011bte pravidelnou kontrolu hladiny hydraulick\u00e9ho oleje a v p\u0159\u00edpad\u011b pot\u0159eby jej dopl\u0148ujte, aby byly udr\u017eov\u00e1ny optim\u00e1ln\u00ed provozn\u00ed podm\u00ednky.<\/p>\n<\/li>\n<li>\n<h3>V\u00fdm\u011bna t\u011bsn\u011bn\u00ed<\/h3>\n<p>T\u011bsn\u011bn\u00ed by m\u011bla b\u00fdt pravideln\u011b kontrolov\u00e1na a vym\u011b\u0148ov\u00e1na, aby se zabr\u00e1nilo \u00faniku hydraulick\u00e9 kapaliny. Dodr\u017eov\u00e1n\u00ed pokyn\u016f v\u00fdrobce pro \u00fadr\u017ebu t\u011bsn\u011bn\u00ed prodlou\u017e\u00ed \u017eivotnost v\u00e1lce v\u00fdlo\u017en\u00edku.<\/p>\n<\/li>\n<\/ul>\n<p><img decoding=\"async\" src=\"https:\/\/www.hydraulic-cylinders.net\/wp-content\/uploads\/2025\/04\/songte-chushion-collar.webp\" alt=\"B\u011b\u017en\u00e9 \u00fakoly \u00fadr\u017eby\"><\/p>\n<h2>Bezpe\u010dnostn\u00ed aspekty a faktory prost\u0159ed\u00ed<\/h2>\n<p>P\u0159i pou\u017e\u00edv\u00e1n\u00ed v\u00e1lc\u016f v\u00fdlo\u017en\u00edku je z\u00e1sadn\u00ed zav\u00e9st bezpe\u010dnostn\u00ed opat\u0159en\u00ed k prevenci nehod. Obsluha by m\u011bla b\u00fdt pro\u0161kolena v bezpe\u010dn\u00fdch postupech manipulace a m\u011bla by si b\u00fdt v\u011bdoma potenci\u00e1ln\u00edch nebezpe\u010d\u00ed spojen\u00fdch s hydraulick\u00fdmi syst\u00e9my. B\u011bhem provozu a \u00fadr\u017eby by se m\u011bly nosit osobn\u00ed ochrann\u00e9 prost\u0159edky, aby se minimalizovala rizika. D\u00e1le je t\u0159eba zohlednit environment\u00e1ln\u00ed aspekty, jako je nap\u0159\u00edklad zvl\u00e1d\u00e1n\u00ed rozlit\u00fdch hydraulick\u00fdch kapalin a zaji\u0161t\u011bn\u00ed \u0159\u00e1dn\u00e9 likvidace pou\u017eit\u00fdch materi\u00e1l\u016f, aby se zabr\u00e1nilo kontaminaci.<\/p>\n<h2>Diagnostika z\u00e1vad a b\u011b\u017en\u00e9 probl\u00e9my<\/h2>\n<ul>\n<li>\n<h3>Probl\u00e9my s \u00faniky<\/h3>\n<p>\u00daniky hydraulick\u00e9 kapaliny pat\u0159\u00ed mezi nej\u010dast\u011bj\u0161\u00ed probl\u00e9my s v\u00e1lci v\u00fdlo\u017en\u00edku. K t\u011bmto \u00fanik\u016fm m\u016f\u017ee doch\u00e1zet v d\u016fsledku opot\u0159ebovan\u00fdch t\u011bsn\u011bn\u00ed nebo po\u0161kozen\u00fdch sou\u010d\u00e1st\u00ed. Pravideln\u00e9 kontroly mohou pomoci v\u010das odhalit \u00faniky a umo\u017enit v\u010dasn\u00e9 opravy.<\/p>\n<\/li>\n<li>\n<h3>Zhor\u0161en\u00ed v\u00fdkonu<\/h3>\n<p>Pokud v\u00e1lec v\u00fdlo\u017en\u00edku vykazuje pomal\u00fd chod nebo sn\u00ed\u017een\u00fd v\u00fdkon, m\u016f\u017ee to znamenat probl\u00e9my s hydraulickou kapalinou nebo vnit\u0159n\u00ed po\u0161kozen\u00ed. Kontrola hladiny kapalin a stavu v\u00e1lce m\u016f\u017ee pomoci probl\u00e9m diagnostikovat.<\/p>\n<\/li>\n<li>\n<h3>Hlu\u010dn\u00fd provoz<\/h3>\n<p>Neobvykl\u00e9 zvuky b\u011bhem provozu mohou signalizovat mechanick\u00e9 probl\u00e9my ve v\u00e1lci. M\u016f\u017ee to b\u00fdt zp\u016fsobeno kavitac\u00ed, vzduchem v hydraulick\u00fdch potrub\u00edch nebo mechanick\u00fdm opot\u0159eben\u00edm. Abyste p\u0159ede\u0161li dal\u0161\u00edmu po\u0161kozen\u00ed, je nezbytn\u00e1 okam\u017eit\u00e1 pozornost t\u011bmto p\u0159\u00edznak\u016fm.<\/p>\n<\/li>\n<\/ul>\n<h2>Tipy pro \u0159e\u0161en\u00ed probl\u00e9m\u016f<\/h2>\n<p>Efektivn\u00ed odstra\u0148ov\u00e1n\u00ed probl\u00e9m\u016f zahrnuje systematick\u00fd p\u0159\u00edstup k diagnostice probl\u00e9m\u016f. V p\u0159\u00edpad\u011b net\u011bsnost\u00ed hydraulick\u00e9 kapaliny d\u016fkladn\u011b zkontrolujte t\u011bsn\u011bn\u00ed a spoje a vym\u011b\u0148te v\u0161echny po\u0161kozen\u00e9 sou\u010d\u00e1sti. Pro \u0159e\u0161en\u00ed probl\u00e9m\u016f s v\u00fdkonem ov\u011b\u0159te, zda je hydraulick\u00e1 kapalina na spr\u00e1vn\u00e9 hladin\u011b a zda nen\u00ed kontaminovan\u00e1. Pravideln\u00e1 \u00fadr\u017eba m\u016f\u017ee pomoci p\u0159edch\u00e1zet b\u011b\u017en\u00fdm probl\u00e9m\u016fm a zajistit, aby v\u00e1lec v\u00fdlo\u017en\u00edku fungoval hladce a efektivn\u011b po celou dobu jeho \u017eivotnosti.<\/p>\n<p><img decoding=\"async\" src=\"https:\/\/www.hydraulic-cylinders.net\/wp-content\/uploads\/2025\/04\/songte-bushings-with-all-kinds-of-excavator-models.webp\" alt=\"Tipy pro \u0159e\u0161en\u00ed probl\u00e9m\u016f\"><\/p>\n<h2>O na\u0161\u00ed spole\u010dnosti<\/h2>\n<p>Jsme p\u0159edn\u00edm v\u00fdrobcem n\u00e1hradn\u00edch hydraulick\u00fdch v\u00e1lc\u016f s \u0161irokou \u0161k\u00e1lou produkt\u016f, kter\u00e9 uspokojuj\u00ed dom\u00e1c\u00ed i mezin\u00e1rodn\u00ed trhy. N\u00e1\u0161 z\u00e1vazek k vynikaj\u00edc\u00ed kvalit\u011b je podpo\u0159en na\u0161imi propracovan\u00fdmi strategiemi \u0159\u00edzen\u00ed v\u00fdroby, kter\u00e9 integruj\u00ed pokro\u010dil\u00e9 technologie, kvalifikovan\u00e9 techniky a robustn\u00ed testovac\u00ed syst\u00e9my. Na\u0161e v\u00fdrobn\u00ed platforma se neust\u00e1le vyv\u00edj\u00ed, co\u017e zaji\u0161\u0165uje, \u017ee spl\u0148ujeme rozmanit\u00e9 pot\u0159eby z\u00e1kazn\u00edk\u016f s vysokou efektivitou, p\u0159esnost\u00ed a kvalitou.<\/p>\n<ul>\n<li>\n<h3>Odbornost a profesionalita<\/h3>\n<p>N\u00e1\u0161 t\u00fdm se skl\u00e1d\u00e1 z vysoce kvalifikovan\u00fdch odborn\u00edk\u016f s rozs\u00e1hl\u00fdmi zku\u0161enostmi v oblasti hydraulick\u00fdch syst\u00e9m\u016f, co\u017e zaru\u010duje, \u017ee dod\u00e1v\u00e1me spolehliv\u00e9 a vysoce kvalitn\u00ed produkty.<\/p>\n<\/li>\n<li>\n<h3>Mezin\u00e1rodn\u00ed certifikace<\/h3>\n<p>Dodr\u017eujeme oborov\u00e9 standardy a jsme dr\u017eiteli \u0159ady mezin\u00e1rodn\u00edch certifikac\u00ed, co\u017e z\u00e1kazn\u00edk\u016fm zaru\u010duje n\u00e1\u0161 z\u00e1vazek ke kvalit\u011b a bezpe\u010dnosti.<\/p>\n<\/li>\n<li>\n<h3>Zak\u00e1zkov\u00e9 slu\u017eby<\/h3>\n<p>Nab\u00edz\u00edme \u0159e\u0161en\u00ed na m\u00edru, kter\u00e1 spl\u0148uj\u00ed specifick\u00e9 po\u017eadavky r\u016fzn\u00fdch aplikac\u00ed, a zvy\u0161uj\u00ed tak v\u0161estrannost na\u0161ich produkt\u016f.<\/p>\n<\/li>\n<li>\n<h3>Pokro\u010dil\u00e9 v\u00fdrobn\u00ed za\u0159\u00edzen\u00ed<\/h3>\n<p>Na\u0161e nejmodern\u011bj\u0161\u00ed v\u00fdrobn\u00ed za\u0159\u00edzen\u00ed jsou vybavena nejmodern\u011bj\u0161\u00ed technologi\u00ed, kter\u00e1 zaru\u010duje p\u0159esnost a efektivitu v\u00fdroby.<\/p>\n<\/li>\n<li>\n<h3>Robustn\u00ed poprodejn\u00ed servis<\/h3>\n<p>Poskytujeme komplexn\u00ed poprodejn\u00ed podporu, v\u010detn\u011b poradenstv\u00ed v oblasti \u00fadr\u017eby a v\u00fdm\u011bny, abychom zajistili optim\u00e1ln\u00ed v\u00fdkon na\u0161ich hydraulick\u00fdch v\u00e1lc\u016f.<\/p>\n<\/li>\n<\/ul>\n<p><img decoding=\"async\" src=\"https:\/\/www.hydraulic-cylinders.net\/wp-content\/uploads\/2025\/04\/songte-company-4.webp\" alt=\"O na\u0161\u00ed spole\u010dnosti\"><br \/>\n<img decoding=\"async\" src=\"https:\/\/www.hydraulic-cylinders.net\/wp-content\/uploads\/2025\/04\/songte-company-3.webp\" alt=\"O na\u0161\u00ed spole\u010dnosti\"><\/p>\n<p>Autor: lyl<\/p>","protected":false},"excerpt":{"rendered":"<p>Boom Cylinder For Sumitomo Middle Excavator SH200A1A2A3 Overview of Boom Cylinder The Boom Cylinder is a specialized hydraulic cylinder used to control the movement of the bucket on heavy machinery such as excavators, backhoe loaders, and front loaders. It plays a crucial role in material handling tasks by enabling the bucket to lift, lower, and [&hellip;]<\/p>","protected":false},"featured_media":17879,"comment_status":"open","ping_status":"closed","template":"","meta":{"_et_pb_use_builder":"","_et_pb_old_content":"","_et_gb_content_width":""},"product_brand":[],"product_cat":[1546],"product_tag":[1547,1496],"class_list":{"0":"post-18892","1":"product","2":"type-product","3":"status-publish","4":"has-post-thumbnail","6":"product_cat-boom-cylinders","7":"product_tag-boom-cylinders","8":"product_tag-hydraulic-cylinders","10":"first","11":"instock","12":"shipping-taxable","13":"product-type-simple"},"amp_enabled":true,"_links":{"self":[{"href":"https:\/\/www.hydraulic-cylinders.net\/cs\/wp-json\/wp\/v2\/product\/18892","targetHints":{"allow":["GET"]}}],"collection":[{"href":"https:\/\/www.hydraulic-cylinders.net\/cs\/wp-json\/wp\/v2\/product"}],"about":[{"href":"https:\/\/www.hydraulic-cylinders.net\/cs\/wp-json\/wp\/v2\/types\/product"}],"replies":[{"embeddable":true,"href":"https:\/\/www.hydraulic-cylinders.net\/cs\/wp-json\/wp\/v2\/comments?post=18892"}],"wp:featuredmedia":[{"embeddable":true,"href":"https:\/\/www.hydraulic-cylinders.net\/cs\/wp-json\/wp\/v2\/media\/17879"}],"wp:attachment":[{"href":"https:\/\/www.hydraulic-cylinders.net\/cs\/wp-json\/wp\/v2\/media?parent=18892"}],"wp:term":[{"taxonomy":"product_brand","embeddable":true,"href":"https:\/\/www.hydraulic-cylinders.net\/cs\/wp-json\/wp\/v2\/product_brand?post=18892"},{"taxonomy":"product_cat","embeddable":true,"href":"https:\/\/www.hydraulic-cylinders.net\/cs\/wp-json\/wp\/v2\/product_cat?post=18892"},{"taxonomy":"product_tag","embeddable":true,"href":"https:\/\/www.hydraulic-cylinders.net\/cs\/wp-json\/wp\/v2\/product_tag?post=18892"}],"curies":[{"name":"wp","href":"https:\/\/api.w.org\/{rel}","templated":true}]}}