{"id":18894,"date":"2025-04-07T06:00:47","date_gmt":"2025-04-07T06:00:47","guid":{"rendered":"https:\/\/www.hydraulic-cylinders.net\/product\/boom-cylinder-for-sumitomo-middle-excavator-sh220lc-5\/"},"modified":"2025-04-07T06:00:49","modified_gmt":"2025-04-07T06:00:49","slug":"boom-cylinder-for-sumitomo-middle-excavator-sh220lc-5","status":"publish","type":"product","link":"https:\/\/www.hydraulic-cylinders.net\/cs\/produkt\/boom-cylinder-for-sumitomo-middle-excavator-sh220lc-5\/","title":{"rendered":"V\u00e1lec v\u00fdlo\u017en\u00edku pro st\u0159edn\u00ed bagr Sumitomo SH220LC-5"},"content":{"rendered":"<h1>V\u00e1lec v\u00fdlo\u017en\u00edku pro st\u0159edn\u00ed bagr Sumitomo SH220LC-5<\/h1>\n<h2>P\u0159ehled produktu<\/h2>\n<p>Hydraulick\u00fd v\u00e1lec v\u00fdlo\u017en\u00edku pro rypadlo Sumitomo SH220LC-5 je kl\u00ed\u010dovou sou\u010d\u00e1st\u00ed hydraulick\u00e9ho syst\u00e9mu rypadel. Tento specializovan\u00fd hydraulick\u00fd v\u00e1lec je navr\u017een tak, aby ovl\u00e1dal pohyb v\u00fdlo\u017en\u00edku a umo\u017e\u0148oval obsluze efektivn\u011b jej zvedat, spou\u0161t\u011bt a nakl\u00e1n\u011bt. U t\u011b\u017ek\u00fdch stroj\u016f hraje v\u00e1lec l\u017e\u00edce z\u00e1sadn\u00ed roli, proto\u017ee umo\u017e\u0148uje p\u0159esnou manipulaci s l\u017e\u00edc\u00ed pro r\u016fzn\u00e9 \u00fakoly manipulace s materi\u00e1lem. Tento hydraulick\u00fd v\u00e1lec je navr\u017een tak, aby odolal vysok\u00e9mu tlaku a velk\u00e9mu zat\u00ed\u017een\u00ed, a je tak vhodn\u00fd pro n\u00e1ro\u010dn\u00e1 pracovn\u00ed prost\u0159ed\u00ed.<\/p>\n<p><img decoding=\"async\" src=\"https:\/\/www.hydraulic-cylinders.net\/wp-content\/uploads\/2025\/04\/songte-company-1.webp\" alt=\"V\u00e1lec v\u00fdlo\u017en\u00edku\" \/><\/p>\n<h3>Definice a funkce<\/h3>\n<p>Hydraulick\u00fd v\u00e1lec kope\u010dk\u016f je typ hydraulick\u00e9ho v\u00e1lce, kter\u00fd se pou\u017e\u00edv\u00e1 speci\u00e1ln\u011b k ovl\u00e1d\u00e1n\u00ed kope\u010dk\u016f v t\u011b\u017ek\u00fdch stroj\u00edch, jako jsou bagry, rypadla a \u010deln\u00ed naklada\u010de. Poskytuje pot\u0159ebnou s\u00edlu k prov\u00e1d\u011bn\u00ed \u00fakol\u016f, jako je kop\u00e1n\u00ed, zved\u00e1n\u00ed a nakl\u00e1p\u011bn\u00ed, a t\u00edm usnad\u0148uje efektivn\u00ed manipulaci s materi\u00e1lem. Konstrukce v\u00e1lce umo\u017e\u0148uje plynul\u00e9 a kontrolovan\u00e9 pohyby, co\u017e z n\u011bj \u010din\u00ed nepostradateln\u00fd v\u00e1lec ve stavebnictv\u00ed, zem\u011bd\u011blstv\u00ed a dal\u0161\u00edch odv\u011btv\u00edch, kter\u00e1 se spol\u00e9haj\u00ed na t\u011b\u017ek\u00e9 stroje.<\/p>\n<h2>Kl\u00ed\u010dov\u00e9 vlastnosti v\u00e1lce v\u00fdlo\u017en\u00edku<\/h2>\n<ul>\n<li><strong>Vysok\u00e1 pevnost a trvanlivost:<\/strong> V\u00e1lec v\u00fdlo\u017en\u00edku je vyroben z vysokopevnostn\u00ed oceli nebo hlin\u00edku a je konstruov\u00e1n tak, aby odolal vysok\u00fdm tlak\u016fm a t\u011b\u017ek\u00fdm z\u00e1t\u011b\u017e\u00edm. Je navr\u017een tak, aby odolal n\u00e1ro\u010dn\u00fdm pracovn\u00edm podm\u00ednk\u00e1m s vynikaj\u00edc\u00ed odolnost\u00ed proti opot\u0159eben\u00ed a korozi, co\u017e prodlu\u017euje jeho \u017eivotnost.<\/li>\n<li><strong>Efektivn\u00ed hydraulick\u00fd provoz:<\/strong> V\u00e1lec vyu\u017e\u00edv\u00e1 hydraulick\u00fd tlak oleje pro plynul\u00e9 vysouv\u00e1n\u00ed a smr\u0161\u0165ov\u00e1n\u00ed. Rychle reaguje na povely obsluhy a poskytuje siln\u00fd tlak a tah, ide\u00e1ln\u00ed pro manipulaci s t\u011b\u017ek\u00fdmi p\u0159edm\u011bty a slo\u017eit\u00e9 \u00fakoly.<\/li>\n<li><strong>R\u016fzn\u00e9 typy:<\/strong> V\u00e1lec v\u00fdlo\u017en\u00edku, kter\u00fd je k dispozici v jedno\u010dinn\u00e9m (vyu\u017e\u00edv\u00e1 hydraulickou s\u00edlu v jednom sm\u011bru) nebo dvoj\u010dinn\u00e9m (vyu\u017e\u00edv\u00e1 hydraulickou s\u00edlu v obou sm\u011brech), spl\u0148uje r\u016fzn\u00e9 provozn\u00ed pot\u0159eby. N\u011bkter\u00e9 modely jsou teleskopick\u00e9, co\u017e umo\u017e\u0148uje v\u011bt\u0161\u00ed vysunut\u00ed bez zv\u011bt\u0161en\u00ed vn\u011bj\u0161\u00edch rozm\u011br\u016f, a proto jsou vhodn\u00e9 pro aplikace s omezen\u00fdm prostorem.<\/li>\n<li><strong>P\u0159izp\u016fsobiteln\u00e1 \u0159e\u0161en\u00ed:<\/strong> Na\u0161e spole\u010dnost vyr\u00e1b\u00ed tento produkt a poskytuje vynikaj\u00edc\u00ed n\u00e1hradu za r\u016fzn\u00e9 hydraulick\u00e9 v\u00e1lce. Zaji\u0161\u0165ujeme kompatibilitu s \u0159adou model\u016f bagr\u016f a poskytujeme spolehliv\u00fd v\u00fdkon nap\u0159\u00ed\u010d v\u0161emi aplikacemi.<\/li>\n<li><strong>Komplexn\u00ed testov\u00e1n\u00ed:<\/strong> Ka\u017ed\u00fd v\u00e1lec v\u00fdlo\u017en\u00edku proch\u00e1z\u00ed p\u0159\u00edsn\u00fdmi testy, aby byla zaji\u0161t\u011bna kvalita a spolehlivost, co\u017e klient\u016fm zaru\u010duje vynikaj\u00edc\u00ed v\u00fdkon a bezpe\u010dnost provozu.<\/li>\n<\/ul>\n<p><img decoding=\"async\" src=\"https:\/\/www.hydraulic-cylinders.net\/wp-content\/uploads\/2025\/04\/songte-cylinder-head-with-all-kinds-excavator-models.webp\" alt=\"Hlava v\u00e1lc\u016f\" \/><\/p>\n<h2>Sc\u00e9n\u00e1\u0159e aplikac\u00ed<\/h2>\n<h3>Stavebn\u00ed stroje<\/h3>\n<p>U bagr\u016f je v\u00e1lec v\u00fdlo\u017en\u00edku nezbytn\u00fd pro kop\u00e1n\u00ed, nakl\u00e1d\u00e1n\u00ed a p\u0159epravu zeminy nebo suti. Umo\u017e\u0148uje l\u017e\u00edci efektivn\u011b pronikat do zem\u011b a maximalizovat produktivitu na staveni\u0161t\u00edch. U r\u00fdpadlo-naklada\u010d\u016f pom\u00e1h\u00e1 v\u00e1lec v\u00fdlo\u017en\u00edku jak p\u0159i kop\u00e1n\u00ed, tak p\u0159i zved\u00e1n\u00ed, co\u017e z n\u011bj \u010din\u00ed v\u0161estrannou sou\u010d\u00e1st pro r\u016fzn\u00e9 \u00fakoly.<\/p>\n<h3>Zem\u011bd\u011blsk\u00e9 stroje<\/h3>\n<p>U \u010deln\u00edch naklada\u010d\u016f je v\u00e1lec v\u00fdlo\u017en\u00edku nezbytn\u00fd pro nab\u00edr\u00e1n\u00ed, zved\u00e1n\u00ed a p\u0159epravu zeminy, sena a dal\u0161\u00edch materi\u00e1l\u016f. Jeho robustn\u00ed konstrukce a spolehliv\u00fd v\u00fdkon zvy\u0161uj\u00ed produktivitu v zem\u011bd\u011blsk\u00fdch operac\u00edch a umo\u017e\u0148uj\u00ed zem\u011bd\u011blc\u016fm efektivn\u011b manipulovat s velk\u00fdmi objemy materi\u00e1lu.<\/p>\n<h3>Bagry<\/h3>\n<p>V\u00e1lec v\u00fdlo\u017en\u00edku umo\u017e\u0148uje rypadl\u016fm pronikat do p\u016fdy, co\u017e usnad\u0148uje v\u00fdkopov\u00e9 pr\u00e1ce. Jeho p\u0159esn\u00e9 ovl\u00e1d\u00e1n\u00ed umo\u017e\u0148uje efektivn\u00ed kop\u00e1n\u00ed, co\u017e z n\u011bj \u010din\u00ed nepostradatelnou sou\u010d\u00e1st p\u0159i zemn\u00edch prac\u00edch.<\/p>\n<h3>Naklada\u010de<\/h3>\n<p>U \u010deln\u00edch naklada\u010d\u016f pom\u00e1h\u00e1 v\u00e1lec v\u00fdlo\u017en\u00edku efektivn\u011b zvedat a vykl\u00e1p\u011bt materi\u00e1ly. Tento mechanismus je kl\u00ed\u010dov\u00fd pro p\u0159epravu t\u011b\u017ek\u00fdch b\u0159emen a zlep\u0161en\u00ed provozn\u00ed efektivity v r\u016fzn\u00fdch aplikac\u00edch.<\/p>\n<h2>Konstruk\u010dn\u00ed aspekty a krit\u00e9ria v\u00fdb\u011bru<\/h2>\n<h3>Nosnost<\/h3>\n<p>P\u0159i v\u00fdb\u011bru v\u00e1lce v\u00fdlo\u017en\u00edku je z\u00e1sadn\u00ed zv\u00e1\u017eit jeho nosnost. V\u00e1lec mus\u00ed b\u00fdt schopen un\u00e9st hmotnost p\u0159epravovan\u00fdch materi\u00e1l\u016f, aby byl zaji\u0161t\u011bn bezpe\u010dn\u00fd a efektivn\u00ed provoz. Vy\u0161\u0161\u00ed nosnost umo\u017e\u0148uje v\u011bt\u0161\u00ed v\u0161estrannost a \u00fa\u010dinnost p\u0159i manipulaci s t\u011b\u017e\u0161\u00edmi u\u017eite\u010dn\u00fdmi b\u0159emeny.<\/p>\n<h3>T\u011bsnic\u00ed v\u00fdkon<\/h3>\n<p>\u00da\u010dinn\u00e9 t\u011bsn\u011bn\u00ed je pro hydraulick\u00e9 v\u00e1lce z\u00e1sadn\u00ed, aby se zabr\u00e1nilo \u00faniku kapaliny a udr\u017eela se provozn\u00ed \u00fa\u010dinnost. Vysoce kvalitn\u00ed t\u011bsn\u011bn\u00ed vyroben\u00e1 z odoln\u00fdch materi\u00e1l\u016f zaji\u0161\u0165uj\u00ed dlouhodobou spolehlivost, minimalizuj\u00ed probl\u00e9my s \u00fadr\u017ebou a prodlu\u017euj\u00ed \u017eivotnost produktu.<\/p>\n<h3>Trvanlivost<\/h3>\n<p>Trvanlivost v\u00e1lce v\u00fdlo\u017en\u00edku je nezbytn\u00e1 pro jeho v\u00fdkon v n\u00e1ro\u010dn\u00fdch podm\u00ednk\u00e1ch. M\u011bl by b\u00fdt navr\u017een tak, aby odol\u00e1val opot\u0159eben\u00ed, korozi a dal\u0161\u00edm faktor\u016fm prost\u0159ed\u00ed, kter\u00e9 mohou ovlivnit jeho funk\u010dnost, a t\u00edm byla zaji\u0161t\u011bna del\u0161\u00ed \u017eivotnost.<\/p>\n<h3>Bezpe\u010dnostn\u00ed prvky<\/h3>\n<p>Bezpe\u010dnost je u hydraulick\u00fdch syst\u00e9m\u016f prvo\u0159ad\u00e1. Konstrukce v\u00e1lce v\u00fdlo\u017en\u00edku by m\u011bla zahrnovat bezpe\u010dnostn\u00ed prvky, kter\u00e9 zabra\u0148uj\u00ed nehod\u00e1m, jako je ochrana proti p\u0159et\u00ed\u017een\u00ed a bezpe\u010dnostn\u00ed mechanismy, kter\u00e9 zajist\u00ed spr\u00e1vn\u00fd provoz i za extr\u00e9mn\u00edch podm\u00ednek.<\/p>\n<h3>P\u0159\u00edstupnost \u00fadr\u017eby<\/h3>\n<p>Snadn\u00fd p\u0159\u00edstup pro \u00fadr\u017ebu je kl\u00ed\u010dov\u00fdm konstruk\u010dn\u00edm hlediskem. V\u00e1lec by m\u011bl b\u00fdt navr\u017een tak, aby usnad\u0148oval b\u011b\u017en\u00e9 kontroly, opravy a v\u00fdm\u011bnu d\u00edl\u016f, \u010d\u00edm\u017e se zkr\u00e1t\u00ed prostoje a zajist\u00ed optim\u00e1ln\u00ed v\u00fdkon po celou dobu jeho provozn\u00ed \u017eivotnosti.<\/p>\n<p><img decoding=\"async\" src=\"https:\/\/www.hydraulic-cylinders.net\/wp-content\/uploads\/2025\/04\/songte-oil-pipes-and-spare-parts.webp\" alt=\"Ropn\u00e9 potrub\u00ed\" \/><\/p>\n<h2>T\u011bsn\u011bn\u00ed a maz\u00e1n\u00ed<\/h2>\n<p>Spr\u00e1vn\u00e9 t\u011bsn\u011bn\u00ed a maz\u00e1n\u00ed jsou z\u00e1sadn\u00ed pro v\u00fdkon v\u00e1lce v\u00fdlo\u017en\u00edku. Pro minimalizaci \u00faniku hydraulick\u00e9 kapaliny se pou\u017e\u00edvaj\u00ed r\u016fzn\u00e9 t\u011bsnic\u00ed komponenty, jako jsou t\u011bsn\u011bn\u00ed p\u00edst\u016f a t\u011bsn\u011bn\u00ed p\u00edstnic. T\u011bsn\u011bn\u00ed vyroben\u00e1 z polyuretanu, nitrilov\u00e9 pry\u017ee a dal\u0161\u00edch materi\u00e1l\u016f odoln\u00fdch proti opot\u0159eben\u00ed jsou vybr\u00e1na pro svou trvanlivost. V\u00e1lcov\u00fd v\u00e1lc a z\u00e1vitov\u00e9 koncov\u00e9 plochy jsou jemn\u011b opracov\u00e1ny pro zv\u00fd\u0161en\u00ed odolnosti proti opot\u0159eben\u00ed. Pravideln\u00e9 p\u0159id\u00e1v\u00e1n\u00ed vhodn\u00e9ho mno\u017estv\u00ed hydraulick\u00e9ho oleje pro maz\u00e1n\u00ed je nezbytn\u00e9 pro zaji\u0161t\u011bn\u00ed plynul\u00e9ho provozu a dlouh\u00e9 \u017eivotnosti.<\/p>\n<h2>Preventivn\u00ed \u00fadr\u017ebov\u00e1 opat\u0159en\u00ed<\/h2>\n<ul>\n<li><strong>Pravideln\u00e9 kontroly:<\/strong> Prov\u00e1d\u011bn\u00ed \u010dast\u00fdch kontrol pom\u00e1h\u00e1 identifikovat potenci\u00e1ln\u00ed probl\u00e9my d\u0159\u00edve, ne\u017e se vyhrot\u00ed. Pro udr\u017een\u00ed optim\u00e1ln\u00ed funk\u010dnosti kontrolujte net\u011bsnosti, opot\u0159eben\u00ed a celkov\u00fd stav.<\/li>\n<li><strong>Spr\u00e1vn\u00e9 maz\u00e1n\u00ed:<\/strong> Ujist\u011bte se, \u017ee hydraulick\u00fd olej je na spr\u00e1vn\u00e9 hladin\u011b a je vhodn\u00fd pro provozn\u00ed podm\u00ednky. Pravideln\u00e9 maz\u00e1n\u00ed pom\u00e1h\u00e1 p\u0159edch\u00e1zet opot\u0159eben\u00ed a prodlu\u017euje \u017eivotnost v\u00e1lce.<\/li>\n<li><strong>V\u00fdm\u011bna t\u011bsn\u011bn\u00ed:<\/strong> Pravideln\u011b kontrolujte t\u011bsn\u011bn\u00ed, zda nevykazuj\u00ed zn\u00e1mky opot\u0159eben\u00ed nebo po\u0161kozen\u00ed, a v p\u0159\u00edpad\u011b pot\u0159eby je vym\u011b\u0148te, abyste zachovali hydraulickou \u00fa\u010dinnost a zabr\u00e1nili \u00fanik\u016fm.<\/li>\n<\/ul>\n<h2>Pokyny k instalaci<\/h2>\n<p>Spr\u00e1vn\u00e1 instalace je z\u00e1sadn\u00ed pro efektivn\u00ed provoz v\u00e1lce v\u00fdlo\u017en\u00edku. Za\u010dn\u011bte t\u00edm, \u017ee se ujist\u00edte, \u017ee mont\u00e1\u017en\u00ed povrchy jsou \u010dist\u00e9 a zarovnan\u00e9. Pro pevn\u00e9 upevn\u011bn\u00ed v\u00e1lce pou\u017eijte vhodn\u00e9 mont\u00e1\u017en\u00ed konzoly. Je nezbytn\u00e9 v\u00e1lec spr\u00e1vn\u011b zarovnat, aby se zabr\u00e1nilo nadm\u011brn\u00e9mu nam\u00e1h\u00e1n\u00ed hydraulick\u00e9ho syst\u00e9mu. P\u0159i instalaci zkontrolujte, zda nejsou p\u0159ek\u00e1\u017eky, a ujist\u011bte se, \u017ee hydraulick\u00e9 spoje jsou t\u011bsn\u00e9 a bez \u00fanik\u016f. Pro dosa\u017een\u00ed nejlep\u0161\u00edch v\u00fdsledk\u016f je nezbytn\u00e9 dodr\u017eovat specifikace v\u00fdrobce ohledn\u011b nastaven\u00ed utahovac\u00edho momentu. Po instalaci prove\u010fte zku\u0161ebn\u00ed provoz, abyste se ujistili, \u017ee v\u0161e funguje hladce a bezpe\u010dn\u011b.<\/p>\n<h2>B\u011b\u017en\u00e9 \u00fakoly \u00fadr\u017eby<\/h2>\n<h3>Pravideln\u00e9 kontroly<\/h3>\n<p>Prov\u00e1d\u011bn\u00ed pravideln\u00fdch kontrol je nezbytn\u00e9 pro udr\u017een\u00ed \u00fa\u010dinnosti v\u00e1lce v\u00fdlo\u017en\u00edku. Zkontrolujte, zda nevykazuje zn\u00e1mky opot\u0159eben\u00ed, po\u0161kozen\u00ed nebo net\u011bsnosti, a tyto probl\u00e9my neprodlen\u011b \u0159e\u0161te. Pravideln\u00e9 sledov\u00e1n\u00ed pom\u00e1h\u00e1 p\u0159edch\u00e1zet neo\u010dek\u00e1van\u00fdm poruch\u00e1m.<\/p>\n<h3>Vhodn\u00e9 maz\u00e1n\u00ed<\/h3>\n<p>Pro zaji\u0161t\u011bn\u00ed plynul\u00e9ho provozu zajist\u011bte dostate\u010dn\u00e9 maz\u00e1n\u00ed v\u00e1lce v\u00fdlo\u017en\u00edku. Pravideln\u011b kontrolujte hladinu hydraulick\u00e9 kapaliny a pou\u017e\u00edvejte vysoce kvalitn\u00ed maziva vhodn\u00e1 pro provozn\u00ed podm\u00ednky, abyste zv\u00fd\u0161ili v\u00fdkon a prodlou\u017eili \u017eivotnost.<\/p>\n<h3>V\u00fdm\u011bna t\u011bsn\u011bn\u00ed a kontroly kalibrace<\/h3>\n<p>Pravideln\u011b vym\u011b\u0148ujte t\u011bsn\u011bn\u00ed, abyste udr\u017eeli optim\u00e1ln\u00ed v\u00fdkon. T\u011bsn\u011bn\u00ed jsou kl\u00ed\u010dov\u00e1 pro prevenci \u00faniku kapalin a zaji\u0161t\u011bn\u00ed efektivn\u00edho provozu. Pravideln\u011b by se m\u011bly prov\u00e1d\u011bt i kalibra\u010dn\u00ed kontroly, aby se zajistilo, \u017ee syst\u00e9m pracuje v r\u00e1mci specifikovan\u00fdch parametr\u016f, co\u017e zvy\u0161uje spolehlivost a bezpe\u010dnost.<\/p>\n<p><img decoding=\"async\" src=\"https:\/\/www.hydraulic-cylinders.net\/wp-content\/uploads\/2025\/04\/songte-chushion-collar.webp\" alt=\"Pol\u0161t\u00e1\u0159ov\u00fd l\u00edmec\" \/><\/p>\n<h2>Bezpe\u010dnostn\u00ed aspekty a faktory prost\u0159ed\u00ed<\/h2>\n<p>Bezpe\u010dnostn\u00ed opat\u0159en\u00ed jsou p\u0159i pou\u017e\u00edv\u00e1n\u00ed hydraulick\u00fdch v\u00e1lc\u016f z\u00e1sadn\u00ed. Obsluha mus\u00ed b\u00fdt pro\u0161kolena, aby rozum\u011bla potenci\u00e1ln\u00edm rizik\u016fm spojen\u00fdm s hydraulick\u00fdmi syst\u00e9my. Spr\u00e1vn\u00e9 bezpe\u010dnostn\u00ed protokoly by m\u011bly zahrnovat pou\u017e\u00edv\u00e1n\u00ed osobn\u00edch ochrann\u00fdch prost\u0159edk\u016f (OOP), dodr\u017eov\u00e1n\u00ed provozn\u00edch pokyn\u016f a zaji\u0161t\u011bn\u00ed toho, aby pracovn\u00ed prostor byl bez p\u0159ek\u00e1\u017eek. Je t\u0159eba zohlednit tak\u00e9 environment\u00e1ln\u00ed aspekty a vynalo\u017eit \u00fasil\u00ed ke zm\u00edrn\u011bn\u00ed dopadu rozlit\u00fdch hydraulick\u00fdch kapalin a dodr\u017eov\u00e1n\u00ed p\u0159edpis\u016f t\u00fdkaj\u00edc\u00edch se nebezpe\u010dn\u00fdch materi\u00e1l\u016f.<\/p>\n<h2>B\u011b\u017en\u00e9 probl\u00e9my a jejich \u0159e\u0161en\u00ed<\/h2>\n<ul>\n<li><strong>\u00danik:<\/strong> To je \u010dasto zp\u016fsobeno opot\u0159ebovan\u00fdmi t\u011bsn\u011bn\u00edmi. Identifikace zdroje \u00faniku a v\u00fdm\u011bna vhodn\u00fdch t\u011bsn\u011bn\u00ed m\u016f\u017ee probl\u00e9m \u00fa\u010dinn\u011b vy\u0159e\u0161it.<\/li>\n<li><strong>Pomal\u00fd provoz:<\/strong> To m\u016f\u017ee znamenat n\u00edzkou hladinu hydraulick\u00e9 kapaliny nebo vzduch zachycen\u00fd v syst\u00e9mu. Kontrola hladiny kapalin a odvzdu\u0161n\u011bn\u00ed syst\u00e9mu m\u016f\u017ee obnovit spr\u00e1vnou funk\u010dnost.<\/li>\n<li><strong>Neo\u010dek\u00e1van\u00e9 pohyby:<\/strong> To m\u016f\u017ee b\u00fdt zn\u00e1mkou poruchy ventilu nebo \u0159\u00eddic\u00edho syst\u00e9mu. Kontrola \u0159\u00eddic\u00edch mechanism\u016f a zaji\u0161t\u011bn\u00ed jejich spr\u00e1vn\u00e9 funkce je z\u00e1sadn\u00ed.<\/li>\n<\/ul>\n<p>Poskytov\u00e1n\u00ed tip\u016f a \u0159e\u0161en\u00ed probl\u00e9m\u016f pom\u00e1h\u00e1 \u010dten\u00e1\u0159\u016fm efektivn\u011b diagnostikovat a \u0159e\u0161it probl\u00e9my. Preventivn\u00ed opat\u0159en\u00ed, jako je pravideln\u00e1 \u00fadr\u017eba a kontroly, mohou minimalizovat potenci\u00e1l probl\u00e9m\u016f a zajistit hladk\u00fd provoz v\u00e1lce v\u00fdlo\u017en\u00edku.<\/p>\n<p><img decoding=\"async\" src=\"https:\/\/www.hydraulic-cylinders.net\/wp-content\/uploads\/2025\/04\/songte-bushings-with-all-kinds-of-excavator-models.webp\" alt=\"Pouzdra\" \/><\/p>\n<h2>O na\u0161\u00ed spole\u010dnosti<\/h2>\n<p>Jsme v\u00fdrobce specializuj\u00edc\u00ed se na n\u00e1hradn\u00ed hydraulick\u00e9 v\u00e1lce a nab\u00edz\u00edme komplexn\u00ed sortiment produkt\u016f. Na\u0161e spole\u010dnost se etablovala jako p\u0159edn\u00ed v\u00fdrobce a velkoobchodn\u00ed distributor hydraulick\u00fdch v\u00e1lc\u016f na dom\u00e1c\u00edm i mezin\u00e1rodn\u00edm trhu. Dodr\u017eujeme z\u00e1vazek k vynikaj\u00edc\u00ed kvalit\u011b a v na\u0161ich v\u00fdrobn\u00edch procesech vyu\u017e\u00edv\u00e1me propracovan\u00e9 v\u00fdrobn\u00ed strategie a pokro\u010dil\u00e9 digit\u00e1ln\u00ed vybaven\u00ed. Na\u0161i kvalifikovan\u00ed pracovn\u00edci spolu s robustn\u00edm testovac\u00edm syst\u00e9mem zaji\u0161\u0165uj\u00ed neust\u00e1l\u00e9 zvy\u0161ov\u00e1n\u00ed kvality produkt\u016f a efektivity v\u00fdroby. Jsme hrd\u00ed na na\u0161i schopnost uspokojovat rozmanit\u00e9 pot\u0159eby z\u00e1kazn\u00edk\u016f s vysokou \u00fa\u010dinnost\u00ed, p\u0159esnost\u00ed a kvalitou.<\/p>\n<p><img decoding=\"async\" src=\"https:\/\/www.hydraulic-cylinders.net\/wp-content\/uploads\/2025\/04\/songte-company-4.webp\" alt=\"P\u0159ehled spole\u010dnosti\" \/><br \/>\n<img decoding=\"async\" src=\"https:\/\/www.hydraulic-cylinders.net\/wp-content\/uploads\/2025\/04\/songte-company-3.webp\" alt=\"Za\u0159\u00edzen\u00ed spole\u010dnosti\" \/><\/p>\n<p>N\u00e1\u0161 z\u00e1vazek k profesionalit\u011b se roz\u0161i\u0159uje na mezin\u00e1rodn\u00ed certifikace, slu\u017eby na m\u00edru p\u0159izp\u016fsoben\u00e9 specifikac\u00edm klienta a v\u00fdjime\u010dnou poprodejn\u00ed podporu.<\/p>\n<p>Autor: lyl<\/p>","protected":false},"excerpt":{"rendered":"<p>Boom Cylinder For Sumitomo Middle Excavator SH220LC-5 Product Overview The Boom Cylinder for Sumitomo Middle Excavator SH220LC-5 is a crucial component in the hydraulic system of excavators. This specialized hydraulic cylinder is designed to control the movement of the boom, allowing the operator to lift, lower, and tilt the boom effectively. In heavy machinery, the [&hellip;]<\/p>","protected":false},"featured_media":17881,"comment_status":"open","ping_status":"closed","template":"","meta":{"_et_pb_use_builder":"","_et_pb_old_content":"","_et_gb_content_width":""},"product_brand":[],"product_cat":[1546],"product_tag":[1547,1496],"class_list":{"0":"post-18894","1":"product","2":"type-product","3":"status-publish","4":"has-post-thumbnail","6":"product_cat-boom-cylinders","7":"product_tag-boom-cylinders","8":"product_tag-hydraulic-cylinders","10":"first","11":"instock","12":"shipping-taxable","13":"product-type-simple"},"amp_enabled":true,"_links":{"self":[{"href":"https:\/\/www.hydraulic-cylinders.net\/cs\/wp-json\/wp\/v2\/product\/18894","targetHints":{"allow":["GET"]}}],"collection":[{"href":"https:\/\/www.hydraulic-cylinders.net\/cs\/wp-json\/wp\/v2\/product"}],"about":[{"href":"https:\/\/www.hydraulic-cylinders.net\/cs\/wp-json\/wp\/v2\/types\/product"}],"replies":[{"embeddable":true,"href":"https:\/\/www.hydraulic-cylinders.net\/cs\/wp-json\/wp\/v2\/comments?post=18894"}],"wp:featuredmedia":[{"embeddable":true,"href":"https:\/\/www.hydraulic-cylinders.net\/cs\/wp-json\/wp\/v2\/media\/17881"}],"wp:attachment":[{"href":"https:\/\/www.hydraulic-cylinders.net\/cs\/wp-json\/wp\/v2\/media?parent=18894"}],"wp:term":[{"taxonomy":"product_brand","embeddable":true,"href":"https:\/\/www.hydraulic-cylinders.net\/cs\/wp-json\/wp\/v2\/product_brand?post=18894"},{"taxonomy":"product_cat","embeddable":true,"href":"https:\/\/www.hydraulic-cylinders.net\/cs\/wp-json\/wp\/v2\/product_cat?post=18894"},{"taxonomy":"product_tag","embeddable":true,"href":"https:\/\/www.hydraulic-cylinders.net\/cs\/wp-json\/wp\/v2\/product_tag?post=18894"}],"curies":[{"name":"wp","href":"https:\/\/api.w.org\/{rel}","templated":true}]}}