{"id":18905,"date":"2025-04-07T06:01:26","date_gmt":"2025-04-07T06:01:26","guid":{"rendered":"https:\/\/www.hydraulic-cylinders.net\/product\/boom-cylinder-for-sumitomo-large-excavator-sh450a2\/"},"modified":"2025-04-07T06:01:29","modified_gmt":"2025-04-07T06:01:29","slug":"boom-cylinder-for-sumitomo-large-excavator-sh450a2","status":"publish","type":"product","link":"https:\/\/www.hydraulic-cylinders.net\/cs\/produkt\/boom-cylinder-for-sumitomo-large-excavator-sh450a2\/","title":{"rendered":"V\u00e1lec v\u00fdlo\u017en\u00edku pro velk\u00e9 rypadlo Sumitomo SH450A2"},"content":{"rendered":"<h1>V\u00e1lec v\u00fdlo\u017en\u00edku pro velk\u00e9 rypadlo Sumitomo SH450A2<\/h1>\n<h2>\u00davod k v\u00e1lc\u016fm v\u00fdlo\u017en\u00edku<\/h2>\n<p>V\u00e1lec v\u00fdlo\u017en\u00edku, speci\u00e1ln\u011b navr\u017een\u00fd pro velk\u00e9 rypadlo Sumitomo SH450A2, je kl\u00ed\u010dovou sou\u010d\u00e1st\u00ed hydraulick\u00e9ho syst\u00e9mu t\u011b\u017ek\u00fdch stroj\u016f. Hraje kl\u00ed\u010dovou roli v \u0159\u00edzen\u00ed pohybu v\u00fdlo\u017en\u00edku rypadla, co\u017e umo\u017e\u0148uje jeho p\u0159esn\u00e9 zved\u00e1n\u00ed, spou\u0161t\u011bn\u00ed a nakl\u00e1p\u011bn\u00ed. Tato funkce je nezbytn\u00e1 pro r\u016fzn\u00e9 \u00fakoly manipulace s materi\u00e1lem, jako je kop\u00e1n\u00ed, zved\u00e1n\u00ed a p\u0159eprava materi\u00e1l\u016f nap\u0159\u00ed\u010d staveni\u0161ti.<\/p>\n<p><img decoding=\"async\" src=\"https:\/\/www.hydraulic-cylinders.net\/wp-content\/uploads\/2025\/04\/songte-company-1.webp\" alt=\"V\u00e1lec v\u00fdlo\u017en\u00edku\"><\/p>\n<h3>Definice a p\u0159ehled<\/h3>\n<p>Hydraulick\u00fd v\u00e1lec v\u00fdlo\u017en\u00edku je typ hydraulick\u00e9ho v\u00e1lce speci\u00e1ln\u011b navr\u017een\u00e9ho pro \u0159\u00edzen\u00ed pohybu l\u017e\u00edce u t\u011b\u017ek\u00fdch stavebn\u00edch stroj\u016f. Umo\u017e\u0148uje obsluze prov\u00e1d\u011bt slo\u017eit\u00e9 \u00fakoly ovl\u00e1d\u00e1n\u00edm polohy a \u00fahlu v\u00fdlo\u017en\u00edku, \u010d\u00edm\u017e zaji\u0161\u0165uje efektivn\u00ed manipulaci s materi\u00e1lem. Tato hydraulick\u00e1 sou\u010d\u00e1st je ned\u00edlnou sou\u010d\u00e1st\u00ed provozu rypadel, r\u00fdpadlo-naklada\u010d\u016f a \u010deln\u00edch naklada\u010d\u016f a poskytuje pot\u0159ebnou s\u00edlu pro zvl\u00e1d\u00e1n\u00ed n\u00e1ro\u010dn\u00fdch prac\u00ed v r\u016fzn\u00fdch prost\u0159ed\u00edch.<\/p>\n<h2>Kl\u00ed\u010dov\u00e9 vlastnosti v\u00e1lc\u016f v\u00fdlo\u017en\u00edku<\/h2>\n<ul>\n<li><strong>Vysok\u00e1 pevnost a trvanlivost:<\/strong> Tyto v\u00e1lce, vyroben\u00e9 z vysokopevnostn\u00ed oceli nebo hlin\u00edku, odol\u00e1vaj\u00ed vysok\u00fdm tlak\u016fm a velk\u00e9mu zat\u00ed\u017een\u00ed, tak\u017ee jsou vhodn\u00e9 pro n\u00e1ro\u010dn\u00e9 pracovn\u00ed podm\u00ednky.<\/li>\n<li><strong>Efektivn\u00ed hydraulick\u00fd provoz:<\/strong> D\u00edky hydraulick\u00e9mu tlaku oleje umo\u017e\u0148uje v\u00e1lec v\u00fdlo\u017en\u00edku plynul\u00e9 a rychl\u00e9 vysouv\u00e1n\u00ed a zasouv\u00e1n\u00ed a poskytuje siln\u00e9 tla\u010dn\u00e9 a ta\u017en\u00e9 s\u00edly.<\/li>\n<li><strong>R\u016fzn\u00e9 typy:<\/strong> V\u00e1lce v\u00fdlo\u017en\u00edku lze zvolit jako jedno\u010dinn\u00e9 (vyu\u017e\u00edvaj\u00edc\u00ed hydraulick\u00fd tlak v jednom sm\u011bru) nebo dvoj\u010dinn\u00e9 (vyu\u017e\u00edvaj\u00edc\u00ed hydraulick\u00fd tlak v obou sm\u011brech), aby spl\u0148ovaly r\u016fzn\u00e9 provozn\u00ed pot\u0159eby.<\/li>\n<li><strong>Prostorov\u011b efektivn\u00ed n\u00e1vrhy:<\/strong> N\u011bkter\u00e9 modely maj\u00ed teleskopickou konstrukci, kter\u00e1 umo\u017e\u0148uje v\u011bt\u0161\u00ed vysunut\u00ed bez zv\u011bt\u0161en\u00ed vn\u011bj\u0161\u00edch rozm\u011br\u016f, co\u017e je ide\u00e1ln\u00ed pro aplikace s omezen\u00fdm prostorem.<\/li>\n<li><strong>Odolnost proti korozi a opot\u0159eben\u00ed:<\/strong> Navr\u017eeno z materi\u00e1l\u016f, kter\u00e9 nab\u00edzej\u00ed vynikaj\u00edc\u00ed odolnost proti opot\u0159eben\u00ed a korozi, co\u017e zaru\u010duje dlouhou \u017eivotnost a lep\u0161\u00ed v\u00fdkon v pr\u016fb\u011bhu \u010dasu.<\/li>\n<\/ul>\n<h2>V\u00fdrobn\u00ed kapacity<\/h2>\n<p>Na\u0161e spole\u010dnost m\u00e1 v\u00fdrobn\u00ed kapacitu pro v\u00fdrobu vysoce kvalitn\u00edch v\u00e1lc\u016f v\u00fdlo\u017en\u00edku, kter\u00e9 mohou dokonale nahradit st\u00e1vaj\u00edc\u00ed hydraulick\u00e9 v\u00e1lce pou\u017e\u00edvan\u00e9 v r\u016fzn\u00fdch stroj\u00edch.<\/p>\n<p><img decoding=\"async\" src=\"https:\/\/www.hydraulic-cylinders.net\/wp-content\/uploads\/2025\/04\/songte-cylinder-head-with-all-kinds-excavator-models.webp\" alt=\"Modely bagr\u016f\"><\/p>\n<h2>Aplikace v\u00e1lc\u016f v\u00fdlo\u017en\u00edku<\/h2>\n<h3>Stavebn\u00ed stroje<\/h3>\n<p>U bagr\u016f jsou v\u00e1lce v\u00fdlo\u017en\u00edku kl\u00ed\u010dov\u00e9 pro kop\u00e1n\u00ed, nakl\u00e1d\u00e1n\u00ed a p\u0159esouv\u00e1n\u00ed zeminy nebo suti. Poskytuj\u00ed s\u00edlu pot\u0159ebnou k pronik\u00e1n\u00ed do zem\u011b, d\u00edky \u010demu\u017e jsou v\u00fdkopov\u00e9 pr\u00e1ce efektivn\u00ed a \u00fa\u010dinn\u00e9. U rypadlo-naklada\u010d\u016f pom\u00e1haj\u00ed jak p\u0159i kop\u00e1n\u00ed, tak p\u0159i zved\u00e1n\u00ed, co\u017e zaji\u0161\u0165uje v\u0161estrannost p\u0159i stavebn\u00edch \u010dinnostech.<\/p>\n<h3>Zem\u011bd\u011blsk\u00e9 stroje<\/h3>\n<p>U \u010deln\u00edch naklada\u010d\u016f se v\u00e1lce v\u00fdlo\u017en\u00edku pou\u017e\u00edvaj\u00ed k nab\u00edr\u00e1n\u00ed, zved\u00e1n\u00ed a p\u0159eprav\u011b zeminy, sena a dal\u0161\u00edch materi\u00e1l\u016f. Jejich spolehliv\u00fd v\u00fdkon zvy\u0161uje produktivitu v zem\u011bd\u011blsk\u00e9m prost\u0159ed\u00ed t\u00edm, \u017ee umo\u017e\u0148uje obsluze snadno a p\u0159esn\u011b manipulovat s materi\u00e1ly.<\/p>\n<h3>Bagry<\/h3>\n<p>V\u00e1lec v\u00fdlo\u017en\u00edku umo\u017e\u0148uje l\u017e\u00edci rypadla efektivn\u011b pronikat do p\u016fdy, co\u017e usnad\u0148uje v\u00fdkopov\u00e9 pr\u00e1ce. Tato schopnost je nezbytn\u00e1 pro dosa\u017een\u00ed hloubky a p\u0159esnosti v r\u016fzn\u00fdch v\u00fdkopov\u00fdch projektech, co\u017e z n\u00ed \u010din\u00ed nepostradateln\u00fd n\u00e1stroj pro stavebnictv\u00ed a ter\u00e9nn\u00ed \u00fapravy.<\/p>\n<h3>Naklada\u010de<\/h3>\n<p>U \u010deln\u00edch naklada\u010d\u016f pom\u00e1haj\u00ed v\u00e1lce v\u00fdlo\u017en\u00edku efektivn\u011b zvedat a vykl\u00e1dat b\u0159emena. Tato funkce je kl\u00ed\u010dov\u00e1 pro manipulaci s materi\u00e1lem, umo\u017e\u0148uje efektivn\u00ed nakl\u00e1d\u00e1n\u00ed a vykl\u00e1d\u00e1n\u00ed t\u011b\u017ek\u00fdch materi\u00e1l\u016f, co\u017e zrychluje realizaci projekt\u016f.<\/p>\n<h2>Konstruk\u010dn\u00ed aspekty a krit\u00e9ria v\u00fdb\u011bru<\/h2>\n<h3>Nosnost<\/h3>\n<p>P\u0159i v\u00fdb\u011bru v\u00e1lce v\u00fdlo\u017en\u00edku je nosnost prvo\u0159ad\u00fdm krit\u00e9riem. V\u00e1lec mus\u00ed b\u00fdt schopen zvl\u00e1dnout maxim\u00e1ln\u00ed zat\u00ed\u017een\u00ed, kter\u00e9 m\u00e1 rypadlo zvednout a s n\u00edm\u017e bude manipulovat. Dob\u0159e navr\u017een\u00fd v\u00e1lec v\u00fdlo\u017en\u00edku by m\u011bl m\u00edt nosnost, kter\u00e1 p\u0159ekra\u010duje provozn\u00ed po\u017eadavky, aby byla zaji\u0161t\u011bna bezpe\u010dnost a spolehlivost.<\/p>\n<h3>T\u011bsnic\u00ed v\u00fdkon<\/h3>\n<p>T\u011bsn\u011bn\u00ed je z\u00e1sadn\u00ed pro efektivn\u00ed provoz hydraulick\u00fdch v\u00e1lc\u016f. Spr\u00e1vn\u00e1 t\u011bsn\u011bn\u00ed zabra\u0148uj\u00ed \u00faniku hydraulick\u00e9 kapaliny a udr\u017euj\u00ed tlak a v\u00fdkon. Vysoce kvalitn\u00ed t\u011bsn\u011bn\u00ed vyroben\u00e1 z odoln\u00fdch materi\u00e1l\u016f zaji\u0161\u0165uj\u00ed dlouhou \u017eivotnost a efektivn\u00ed provoz ve vysokotlak\u00e9m prost\u0159ed\u00ed.<\/p>\n<h3>Trvanlivost<\/h3>\n<p>Trvanlivost je z\u00e1sadn\u00ed, proto\u017ee v\u00e1lce v\u00fdlo\u017en\u00edku jsou \u010dasto vystaveny n\u00e1ro\u010dn\u00fdm podm\u00ednk\u00e1m. V\u00fdb\u011br v\u00e1lce s robustn\u00ed konstrukc\u00ed a materi\u00e1ly odoln\u00fdmi proti opot\u0159eben\u00ed prodlou\u017e\u00ed jeho \u017eivotnost a udr\u017e\u00ed v\u00fdkon v pr\u016fb\u011bhu \u010dasu.<\/p>\n<h3>Bezpe\u010dnostn\u00ed prvky<\/h3>\n<p>Bezpe\u010dnost je p\u0159i n\u00e1vrhu hydraulick\u00fdch v\u00e1lc\u016f prvo\u0159ad\u00e1. Za\u010dlen\u011bn\u00ed pojistn\u00fdch ventil\u016f a mechanism\u016f pro pojistn\u00e9 p\u0159etlakov\u00e9 funkce m\u016f\u017ee zabr\u00e1nit katastrof\u00e1ln\u00edm poruch\u00e1m a chr\u00e1nit obsluhu. Pravideln\u00e1 \u00fadr\u017eba a kontroly d\u00e1le zvy\u0161uj\u00ed bezpe\u010dnost hydraulick\u00fdch operac\u00ed.<\/p>\n<h3>\u00davahy o \u00fadr\u017eb\u011b<\/h3>\n<p>Snadn\u00e1 \u00fadr\u017eba je d\u016fle\u017eit\u00fdm faktorem. Volba v\u00e1lce s p\u0159\u00edstupn\u00fdmi komponenty usnad\u0148uje pravideln\u00e9 kontroly a opravy. Toto hledisko podporuje dlouhodobou funk\u010dnost a zkracuje prostoje.<\/p>\n<p><img decoding=\"async\" src=\"https:\/\/www.hydraulic-cylinders.net\/wp-content\/uploads\/2025\/04\/songte-oil-pipes-and-spare-parts.webp\" alt=\"Hydraulick\u00e9 d\u00edly\"><\/p>\n<h2>T\u011bsn\u011bn\u00ed a maz\u00e1n\u00ed<\/h2>\n<p>T\u011bsn\u011bn\u00ed a maz\u00e1n\u00ed v\u00e1lc\u016f v\u00fdlo\u017en\u00edku jsou kl\u00ed\u010dov\u00e9 pro jejich efektivn\u00ed provoz. K prevenci \u00fanik\u016f hydraulick\u00e9 kapaliny se pou\u017e\u00edvaj\u00ed r\u016fzn\u00e9 t\u011bsnic\u00ed komponenty, jako jsou t\u011bsn\u011bn\u00ed p\u00edst\u016f a t\u011bsn\u011bn\u00ed p\u00edstnic. V\u00fdb\u011br t\u011bsn\u011bn\u00ed vyroben\u00fdch z materi\u00e1l\u016f odoln\u00fdch proti opot\u0159eben\u00ed, jako je polyuretan a nitrilov\u00e1 pry\u017e, zvy\u0161uje trvanlivost. T\u011bleso v\u00e1lce a z\u00e1vitov\u00e9 konce proch\u00e1zej\u00ed p\u0159esn\u00fdm obr\u00e1b\u011bn\u00edm pro zlep\u0161en\u00ed odolnosti proti opot\u0159eben\u00ed. Pravideln\u00e9 dopl\u0148ov\u00e1n\u00ed hydraulick\u00e9ho oleje pro maz\u00e1n\u00ed je nezbytn\u00e9 pro zaji\u0161t\u011bn\u00ed plynul\u00e9ho provozu a prevenci opot\u0159eben\u00ed vnit\u0159n\u00edch sou\u010d\u00e1st\u00ed.<\/p>\n<h2>Preventivn\u00ed \u00fadr\u017ebov\u00e1 opat\u0159en\u00ed<\/h2>\n<ul>\n<li><strong>Pravideln\u00e9 kontroly:<\/strong> Prov\u00e1d\u011bjte pravideln\u00e9 kontroly v\u00e1lce v\u00fdlo\u017en\u00edku, zda nevykazuje zn\u00e1mky opot\u0159eben\u00ed, net\u011bsnost\u00ed nebo po\u0161kozen\u00ed. Toto proaktivn\u00ed opat\u0159en\u00ed zaji\u0161\u0165uje v\u010dasnou identifikaci potenci\u00e1ln\u00edch probl\u00e9m\u016f a zabra\u0148uje n\u00e1kladn\u00fdm oprav\u00e1m.<\/li>\n<li><strong>Vhodn\u00e9 maz\u00e1n\u00ed:<\/strong> Zajist\u011bte, aby byl hydraulick\u00fd syst\u00e9m dostate\u010dn\u011b maz\u00e1n spr\u00e1vn\u00fdm typem hydraulick\u00e9ho oleje, \u010d\u00edm\u017e se udr\u017e\u00ed optim\u00e1ln\u00ed v\u00fdkon a p\u0159edejde se po\u0161kozen\u00ed zp\u016fsoben\u00e9mu t\u0159en\u00edm.<\/li>\n<li><strong>V\u00fdm\u011bna t\u011bsn\u011bn\u00ed:<\/strong> Pravideln\u011b kontrolujte opot\u0159eben\u00ed t\u011bsn\u011bn\u00ed a v p\u0159\u00edpad\u011b pot\u0159eby je vym\u011b\u0148ujte, abyste udr\u017eeli hydraulick\u00fd tlak a zabr\u00e1nili \u00faniku kapaliny.<\/li>\n<\/ul>\n<h2>Pokyny k instalaci<\/h2>\n<p>P\u0159i instalaci v\u00e1lce v\u00fdlo\u017en\u00edku dodr\u017eujte pro optim\u00e1ln\u00ed v\u00fdkon tyto kroky:<\/p>\n<ol>\n<li><strong>P\u0159\u00edprava:<\/strong> P\u0159ed instalac\u00ed se ujist\u011bte, \u017ee v\u0161echny sou\u010d\u00e1sti jsou \u010dist\u00e9 a bez ne\u010distot.<\/li>\n<li><strong>Spr\u00e1vn\u00e9 zarovn\u00e1n\u00ed:<\/strong> P\u0159esn\u011b vyrovnejte v\u00e1lec s mont\u00e1\u017en\u00edmi body. Nespr\u00e1vn\u00e9 vyrovn\u00e1n\u00ed m\u016f\u017ee v\u00e9st k p\u0159ed\u010dasn\u00e9mu opot\u0159eben\u00ed a poru\u0161e.<\/li>\n<li><strong>Pou\u017eijte vhodn\u00e9 mont\u00e1\u017en\u00ed konzoly:<\/strong> Zajist\u011bte v\u00e1lec vhodn\u00fdmi mont\u00e1\u017en\u00edmi konzolami, aby se zabr\u00e1nilo jeho pohybu b\u011bhem provozu.<\/li>\n<li><strong>Zkontrolujte hydraulick\u00e9 p\u0159ipojen\u00ed:<\/strong> P\u0159ed testov\u00e1n\u00edm syst\u00e9mu se ujist\u011bte, \u017ee jsou v\u0161echna hydraulick\u00e1 spojen\u00ed t\u011bsn\u00e1 a bez \u00fanik\u016f.<\/li>\n<li><strong>Testov\u00e1n\u00ed:<\/strong> Po instalaci otestujte hydraulick\u00fd syst\u00e9m, abyste ov\u011b\u0159ili jeho spr\u00e1vnou funkci a vyrovn\u00e1n\u00ed.<\/li>\n<\/ol>\n<h2>\u00dakoly \u00fadr\u017eby<\/h2>\n<ul>\n<li><strong>Pravideln\u00e9 kontroly:<\/strong> Prov\u00e1d\u011bjte kontroly, abyste odhalili p\u0159\u00edpadn\u00e9 net\u011bsnosti nebo po\u0161kozen\u00ed, a zajistili tak efektivn\u00ed provoz lahve.<\/li>\n<li><strong>Spr\u00e1vn\u00e9 maz\u00e1n\u00ed:<\/strong> Pravideln\u011b promaz\u00e1vejte v\u00e1lec, abyste sn\u00ed\u017eili t\u0159en\u00ed a opot\u0159eben\u00ed vnit\u0159n\u00edch sou\u010d\u00e1st\u00ed.<\/li>\n<li><strong>V\u00fdm\u011bna t\u011bsn\u011bn\u00ed:<\/strong> Sledujte stav t\u011bsn\u011bn\u00ed a v p\u0159\u00edpad\u011b pot\u0159eby je vym\u011b\u0148te, aby byla zachov\u00e1na hydraulick\u00e1 integrita.<\/li>\n<\/ul>\n<h2>Bezpe\u010dnostn\u00ed aspekty a faktory prost\u0159ed\u00ed<\/h2>\n<p>P\u0159i manipulaci s v\u00e1lci v\u00fdlo\u017en\u00edku je dodr\u017eov\u00e1n\u00ed bezpe\u010dnostn\u00edch opat\u0159en\u00ed z\u00e1sadn\u00ed pro prevenci nehod. Obsluha by m\u011bla nosit vhodn\u00e9 ochrann\u00e9 pom\u016fcky a zajistit, aby v pracovn\u00ed oblasti nebylo \u017e\u00e1dn\u00e9 nebezpe\u010d\u00ed. Krom\u011b toho by m\u011bly b\u00fdt zav\u00e1d\u011bny ekologick\u00e9 postupy, jako je spr\u00e1vn\u00e1 likvidace hydraulick\u00fdch kapalin a recyklace sou\u010d\u00e1st\u00ed, aby se minimalizoval dopad na \u017eivotn\u00ed prost\u0159ed\u00ed.<\/p>\n<h2>Diagnostika z\u00e1vad a b\u011b\u017en\u00e9 probl\u00e9my<\/h2>\n<ul>\n<li><strong>\u00daniky hydraulick\u00e9 kapaliny:<\/strong> Zkontrolujte viditeln\u00e9 net\u011bsnosti kolem t\u011bsn\u011bn\u00ed a spoj\u016f, proto\u017ee mohou v\u00e9st ke ztr\u00e1t\u011b hydraulick\u00e9ho tlaku.<\/li>\n<li><strong>\u0160patn\u00fd v\u00fdkon v\u00e1lce:<\/strong> Pokud je v\u00e1lec pomal\u00fd nebo nereaguje, zkontrolujte, zda nen\u00ed n\u00edzk\u00e1 hladina hydraulick\u00e9 kapaliny nebo zda nejsou hydraulick\u00e9 potrub\u00ed ucpan\u00e9.<\/li>\n<li><strong>Nerovnom\u011brn\u00fd pohyb:<\/strong> To m\u016f\u017ee znamenat nespr\u00e1vn\u00e9 vyrovn\u00e1n\u00ed nebo vnit\u0159n\u00ed opot\u0159eben\u00ed. Ujist\u011bte se, \u017ee je v\u00e1lec spr\u00e1vn\u011b vyrovn\u00e1n, a zkontrolujte, zda nejsou po\u0161kozen\u00e9 n\u011bkter\u00e9 sou\u010d\u00e1sti.<\/li>\n<\/ul>\n<h2>Tipy pro \u0159e\u0161en\u00ed probl\u00e9m\u016f<\/h2>\n<p>Pro efektivn\u00ed diagnostiku a \u0159e\u0161en\u00ed probl\u00e9m\u016f:<\/p>\n<ul>\n<li><strong>Prov\u00e1d\u011bjte pravideln\u00e9 kontroly:<\/strong> Pravideln\u00e9 kontroly mohou pomoci odhalit probl\u00e9my d\u0159\u00edve, ne\u017e se zhor\u0161\u00ed.<\/li>\n<li><strong>Udr\u017eujte spr\u00e1vnou hladinu tekutin:<\/strong> Abyste p\u0159ede\u0161li probl\u00e9m\u016fm s v\u00fdkonem, ujist\u011bte se, \u017ee je hydraulick\u00e1 kapalina na spr\u00e1vn\u00e9 hladin\u011b.<\/li>\n<li><strong>Udr\u017eujte sou\u010d\u00e1sti \u010dist\u00e9:<\/strong> Vy\u010dist\u011bte v\u0161echny hydraulick\u00e9 komponenty, abyste zabr\u00e1nili kontaminaci, kter\u00e1 by mohla zp\u016fsobit poruchy.<\/li>\n<\/ul>\n<p><img decoding=\"async\" src=\"https:\/\/www.hydraulic-cylinders.net\/wp-content\/uploads\/2025\/04\/songte-bushings-with-all-kinds-of-excavator-models.webp\" alt=\"Pouzdra pro bagry\"><\/p>\n<h2>O na\u0161\u00ed spole\u010dnosti<\/h2>\n<p>Jsme p\u0159edn\u00edm v\u00fdrobcem a velkoobchodn\u00edkem hydraulick\u00fdch v\u00e1lc\u016f specializuj\u00edc\u00edm se na v\u00fdrobu n\u00e1hradn\u00edch hydraulick\u00fdch komponent\u016f. D\u00edky na\u0161emu \u0161irok\u00e9mu sortimentu produkt\u016f jsme se stali jedn\u00edm z p\u0159edn\u00edch v\u00fdrobc\u016f na dom\u00e1c\u00edm i mezin\u00e1rodn\u00edm trhu. Klademe d\u016fraz na vynikaj\u00edc\u00ed kvalitu, vyu\u017e\u00edv\u00e1me zdokonalen\u00e9 v\u00fdrobn\u00ed procesy a pokro\u010dil\u00e9 strategie \u0159\u00edzen\u00ed v\u00fdroby. Na\u0161e za\u0159\u00edzen\u00ed jsou vybavena nejmodern\u011bj\u0161\u00ed technologi\u00ed a p\u0159\u00edsn\u00fdmi testovac\u00edmi syst\u00e9my, co\u017e n\u00e1m umo\u017e\u0148uje neust\u00e1le zvy\u0161ovat kvalitu produkt\u016f a inovovat. Na\u0161\u00edm c\u00edlem je uspokojovat rozmanit\u00e9 pot\u0159eby z\u00e1kazn\u00edk\u016f s vysokou \u00fa\u010dinnost\u00ed, p\u0159esnost\u00ed a vynikaj\u00edc\u00ed kvalitou.<\/p>\n<p><img decoding=\"async\" src=\"https:\/\/www.hydraulic-cylinders.net\/wp-content\/uploads\/2025\/04\/songte-company-4.webp\" alt=\"P\u0159ehled spole\u010dnosti\"><br \/>\n<img decoding=\"async\" src=\"https:\/\/www.hydraulic-cylinders.net\/wp-content\/uploads\/2025\/04\/songte-company-3.webp\" alt=\"V\u00fdrobn\u00ed z\u00e1vod\"><\/p>\n<p><strong>Autor:<\/strong> lyl<\/p>","protected":false},"excerpt":{"rendered":"<p>Boom Cylinder For Sumitomo Large Excavator SH450A2 Introduction to Boom Cylinders The boom cylinder, specifically designed for the Sumitomo Large Excavator SH450A2, is a vital component in the hydraulic system of heavy machinery. It plays a pivotal role in controlling the movement of the excavator&#8217;s boom, enabling it to lift, lower, and tilt with precision. [&hellip;]<\/p>","protected":false},"featured_media":17877,"comment_status":"open","ping_status":"closed","template":"","meta":{"_et_pb_use_builder":"","_et_pb_old_content":"","_et_gb_content_width":""},"product_brand":[],"product_cat":[1546],"product_tag":[1547,1496],"class_list":{"0":"post-18905","1":"product","2":"type-product","3":"status-publish","4":"has-post-thumbnail","6":"product_cat-boom-cylinders","7":"product_tag-boom-cylinders","8":"product_tag-hydraulic-cylinders","10":"first","11":"instock","12":"shipping-taxable","13":"product-type-simple"},"amp_enabled":true,"_links":{"self":[{"href":"https:\/\/www.hydraulic-cylinders.net\/cs\/wp-json\/wp\/v2\/product\/18905","targetHints":{"allow":["GET"]}}],"collection":[{"href":"https:\/\/www.hydraulic-cylinders.net\/cs\/wp-json\/wp\/v2\/product"}],"about":[{"href":"https:\/\/www.hydraulic-cylinders.net\/cs\/wp-json\/wp\/v2\/types\/product"}],"replies":[{"embeddable":true,"href":"https:\/\/www.hydraulic-cylinders.net\/cs\/wp-json\/wp\/v2\/comments?post=18905"}],"wp:featuredmedia":[{"embeddable":true,"href":"https:\/\/www.hydraulic-cylinders.net\/cs\/wp-json\/wp\/v2\/media\/17877"}],"wp:attachment":[{"href":"https:\/\/www.hydraulic-cylinders.net\/cs\/wp-json\/wp\/v2\/media?parent=18905"}],"wp:term":[{"taxonomy":"product_brand","embeddable":true,"href":"https:\/\/www.hydraulic-cylinders.net\/cs\/wp-json\/wp\/v2\/product_brand?post=18905"},{"taxonomy":"product_cat","embeddable":true,"href":"https:\/\/www.hydraulic-cylinders.net\/cs\/wp-json\/wp\/v2\/product_cat?post=18905"},{"taxonomy":"product_tag","embeddable":true,"href":"https:\/\/www.hydraulic-cylinders.net\/cs\/wp-json\/wp\/v2\/product_tag?post=18905"}],"curies":[{"name":"wp","href":"https:\/\/api.w.org\/{rel}","templated":true}]}}