{"id":1893,"date":"2023-10-19T06:07:27","date_gmt":"2023-10-19T06:07:27","guid":{"rendered":"https:\/\/hydraulic-cylinders.net\/?post_type=product&#038;p=1893"},"modified":"2025-04-11T02:51:59","modified_gmt":"2025-04-11T02:51:59","slug":"open-tbm-support-shoe-cylinder","status":"publish","type":"product","link":"https:\/\/www.hydraulic-cylinders.net\/cs\/produkt\/open-tbm-support-shoe-cylinder\/","title":{"rendered":"Otev\u0159en\u00fd v\u00e1lec podp\u016frn\u00e9 patky TBM"},"content":{"rendered":"<h1 style=\"text-align: center;\"><strong>Otev\u0159en\u00fd v\u00e1lec podp\u016frn\u00e9 patky TBM<\/strong><\/h1>\n<p><img loading=\"lazy\" decoding=\"async\" class=\"aligncenter wp-image-1894\" src=\"https:\/\/hydraulic-cylinders.net\/wp-content\/uploads\/2023\/10\/support-shoe-cylinder-1-300x300.webp\" alt=\"\" width=\"400\" height=\"400\" \/><\/p>\n<p>Otev\u0159en\u00fd hydraulick\u00fd v\u00e1lec pro podp\u011brnou patku tunelov\u00e9ho razic\u00edho stroje (TBM) je nejmodern\u011bj\u0161\u00ed hydraulick\u00fd komponent ur\u010den\u00fd ke zv\u00fd\u0161en\u00ed stability a v\u00fdkonu tunelov\u00fdch razic\u00edch stroj\u016f (TBMS). Tento specializovan\u00fd v\u00e1lec podp\u00edr\u00e1 \u0159eznou hlavu TBM b\u011bhem v\u00fdkopu a zaji\u0161\u0165uje tak p\u0159esn\u00e9 ovl\u00e1d\u00e1n\u00ed, zv\u00fd\u0161enou \u00fa\u010dinnost a lep\u0161\u00ed bezpe\u010dnost. Tento komplexn\u00ed \u010dl\u00e1nek se bude zab\u00fdvat kl\u00ed\u010dov\u00fdmi vlastnostmi, zp\u016fsoby pou\u017eit\u00ed a pokyny pro \u00fadr\u017ebu otev\u0159en\u00e9ho v\u00e1lce pro podp\u011brnou patku tunelov\u00e9ho razic\u00edho stroje (TBM).<\/p>\n<p>Otev\u0159en\u00fd v\u00e1lec podp\u011brn\u00e9 patky TBM je \u0161pi\u010dkov\u00fd hydraulick\u00fd komponent, kter\u00fd zvy\u0161uje stabilitu a v\u00fdkon p\u0159i ra\u017eb\u011b tunel\u016f. D\u00edky zv\u00fd\u0161en\u00e9 stabilit\u011b, p\u0159esn\u00e9mu ovl\u00e1d\u00e1n\u00ed, vylep\u0161en\u00fdm bezpe\u010dnostn\u00edm prvk\u016fm a odoln\u00e9 konstrukci zaji\u0161\u0165uje tento v\u00e1lec efektivn\u00ed a bezpe\u010dnou ra\u017ebu tunel\u016f. P\u0159i dodr\u017eov\u00e1n\u00ed doporu\u010den\u00fdch metod pou\u017e\u00edv\u00e1n\u00ed a pravideln\u00fdch postup\u016f \u00fadr\u017eby bude otev\u0159en\u00fd v\u00e1lec podp\u011brn\u00e9 patky TBM i nad\u00e1le poskytovat vynikaj\u00edc\u00ed v\u00fdkon a p\u0159isp\u00edvat k \u00fasp\u011bchu tunelov\u00fdch projekt\u016f. Pozdvihn\u011bte \u00farove\u0148 sv\u00fdch tunelov\u00fdch ra\u017eeb d\u00edky stabilit\u011b a spolehlivosti, kter\u00e9 nab\u00edz\u00ed otev\u0159en\u00fd v\u00e1lec podp\u011brn\u00e9 patky TBM.<\/p>\n<p>Kl\u00ed\u010dov\u00e9 vlastnosti otev\u0159en\u00e9ho v\u00e1lce podp\u011brn\u00e9 patky TBM:<\/p>\n<ul>\n<li>Zv\u00fd\u0161en\u00e1 stabilita: Otev\u0159en\u00fd v\u00e1lec podp\u011brn\u00e9 patky TBM poskytuje \u0159ezac\u00ed hlav\u011b t\u00fdmu v\u00fdjime\u010dnou stabilitu. Jeho robustn\u00ed konstrukce a vysok\u00e1 nosnost zaji\u0161\u0165uj\u00ed, \u017ee \u0159ezac\u00ed hlava z\u016fstane stabiln\u00ed i v n\u00e1ro\u010dn\u00fdch geologick\u00fdch podm\u00ednk\u00e1ch, minimalizuj\u00ed vibrace a zlep\u0161uj\u00ed celkovou p\u0159esnost v\u00fdkopu.<\/li>\n<li>P\u0159esn\u00e9 ovl\u00e1d\u00e1n\u00ed: Tento v\u00e1lec, vybaven\u00fd pokro\u010dil\u00fdmi hydraulick\u00fdmi syst\u00e9my, nab\u00edz\u00ed p\u0159esn\u00e9 ovl\u00e1d\u00e1n\u00ed pohybu podp\u011brn\u00e9 patky. Obsluha m\u016f\u017ee nastavit vysouv\u00e1n\u00ed a zasouv\u00e1n\u00ed v\u00e1lce, co\u017e umo\u017e\u0148uje jemn\u00e9 dolad\u011bn\u00ed polohy TBM a optimalizaci jeho v\u00fdkonu v r\u016fzn\u00fdch ter\u00e9nn\u00edch formac\u00edch.<\/li>\n<li>Zv\u00fd\u0161en\u00e1 bezpe\u010dnost: Otev\u0159en\u00fd v\u00e1lec podp\u011brn\u00e9 patky TBM obsahuje bezpe\u010dnostn\u00ed prvky, jako je ochrana proti p\u0159et\u00ed\u017een\u00ed a mechanismus nouzov\u00e9ho zastaven\u00ed. Tyto funkce pom\u00e1haj\u00ed p\u0159edch\u00e1zet nadm\u011brn\u00fdm sil\u00e1m p\u016fsob\u00edc\u00edm na podp\u011brnou patku, \u010d\u00edm\u017e zaji\u0161\u0165uj\u00ed bezpe\u010dnost obsluhy TBM a minimalizuj\u00ed riziko po\u0161kozen\u00ed za\u0159\u00edzen\u00ed.<\/li>\n<li>Odolnost a spolehlivost: Otev\u0159en\u00fd v\u00e1lec podp\u011brn\u00e9 patky TBM je vyroben z vysoce kvalitn\u00edch materi\u00e1l\u016f a je navr\u017een tak, aby odolal n\u00e1ro\u010dn\u00fdm podm\u00ednk\u00e1m, s nimi\u017e se setk\u00e1v\u00e1me p\u0159i ra\u017eb\u011b tunel\u016f. Jeho robustn\u00ed konstrukce zaji\u0161\u0165uje dlouhodobou odolnost, spolehlivost a konzistentn\u00ed v\u00fdkon, co\u017e sni\u017euje prostoje a n\u00e1klady na \u00fadr\u017ebu.<\/li>\n<\/ul>\n<h2><strong>Parametr otev\u0159en\u00e9ho v\u00e1lce podp\u011brn\u00e9 patky TBM:<\/strong><\/h2>\n<table border=\"1\" cellspacing=\"0\" cellpadding=\"0\">\n<tbody>\n<tr>\n<td>N\u00e1zev produktu<\/td>\n<td>V\u00e1lec podp\u011brn\u00e9 patky pro otev\u0159en\u00fd tunelov\u00fd vrtac\u00ed stroj<\/td>\n<\/tr>\n<tr>\n<td>Vlastnosti:<\/td>\n<td>Zaji\u0161\u0165uje axi\u00e1ln\u00ed tlak p\u0159i ra\u017eb\u011b tunel\u016f \u0159eznou hlavou<\/td>\n<\/tr>\n<tr>\n<td>Pr\u016fm\u011br otvoru:<\/td>\n<td>\u00a0480 mm\uff5e1000 mm<\/td>\n<\/tr>\n<tr>\n<td>Pr\u016fm\u011br ty\u010de:<\/td>\n<td>400 mm\uff5e730 mm<br \/>\nZdvih 400 mm\uff5e825 mm<\/td>\n<\/tr>\n<tr>\n<td>Tlak:<\/td>\n<td>a\u017e 35 MPa<\/td>\n<\/tr>\n<tr>\n<td>Aplikace:<\/td>\n<td>Otev\u0159en\u00fd tunelov\u00fd vrtac\u00ed stroj<\/td>\n<\/tr>\n<\/tbody>\n<\/table>\n<h2><strong>Otev\u0159en\u00e1 aplikace v\u00e1lce TBM:<\/strong><\/h2>\n<p><img loading=\"lazy\" decoding=\"async\" class=\"alignnone wp-image-1899 size-full\" src=\"https:\/\/hydraulic-cylinders.net\/wp-content\/uploads\/2023\/10\/open-tbm-cylinder-1.webp\" alt=\"\" width=\"709\" height=\"473\" srcset=\"https:\/\/hydraulic-cylinders.net\/wp-content\/uploads\/2023\/10\/open-tbm-cylinder-1.webp 709w, https:\/\/hydraulic-cylinders.net\/wp-content\/uploads\/2023\/10\/open-tbm-cylinder-1-480x320.webp 480w\" sizes=\"(min-width: 0px) and (max-width: 480px) 480px, (min-width: 481px) 709px, 100vw\" \/><\/p>\n<h2><strong>Zp\u016fsob pou\u017eit\u00ed otev\u0159en\u00e9ho v\u00e1lce podp\u016frn\u00e9 boty TBM<\/strong><strong>:<\/strong><\/h2>\n<ul>\n<li><strong>Instalace v\u00e1lce:<\/strong>\u00a0 Nainstalujte otev\u0159en\u00fd v\u00e1lec podp\u011brn\u00e9 patky TBM podle pokyn\u016f v\u00fdrobce. Zajist\u011bte spr\u00e1vn\u00e9 vyrovn\u00e1n\u00ed a bezpe\u010dn\u00e9 upevn\u011bn\u00ed ke konstrukci TBM pomoc\u00ed vhodn\u00fdch mont\u00e1\u017en\u00edch konzol nebo p\u0159\u00edslu\u0161enstv\u00ed.<\/li>\n<li><strong>Integrace hydraulick\u00e9ho syst\u00e9mu:<\/strong> P\u0159ipojte v\u00e1lec k hydraulick\u00e9mu syst\u00e9mu TBM pomoc\u00ed kompatibiln\u00edch hadic a armatur. Ov\u011b\u0159te, zda jsou v\u0161echna p\u0159ipojen\u00ed bezpe\u010dn\u00e1, bez \u00fanik\u016f a dostate\u010dn\u011b uta\u017een\u00e1, aby byl zachov\u00e1n optim\u00e1ln\u00ed hydraulick\u00fd v\u00fdkon.<\/li>\n<li><strong>Nastaven\u00ed polohy:<\/strong>\u00a0 Seznamte se s ovl\u00e1dac\u00edmi prvky specifick\u00fdmi pro otev\u0159en\u00fd v\u00e1lec podp\u011brn\u00e9 patky TBM. Tyto ovl\u00e1dac\u00ed prvky pou\u017eijte k nastaven\u00ed vysouv\u00e1n\u00ed a zasouv\u00e1n\u00ed v\u00e1lce, co\u017e umo\u017e\u0148uje p\u0159esn\u00e9 um\u00edst\u011bn\u00ed podp\u011brn\u00e9 patky pro p\u0159izp\u016fsoben\u00ed se prom\u011bnliv\u00fdm ter\u00e9nn\u00edm podm\u00ednk\u00e1m a udr\u017een\u00ed stability b\u011bhem v\u00fdkopu.<\/li>\n<li><strong>Bezpe\u010dnostn\u00ed opat\u0159en\u00ed:<\/strong>\u00a0 Dodr\u017eujte v\u0161echny bezpe\u010dnostn\u00ed protokoly a pokyny v\u00fdrobce TBM. Zajist\u011bte, aby byli oper\u00e1to\u0159i pro\u0161koleni v bezpe\u010dn\u00e9m provozu TBM a otev\u0159en\u00e9ho v\u00e1lce podp\u016frn\u00e9 patky TBM. Pravideln\u011b kontrolujte bezpe\u010dnostn\u00ed mechanismy a prov\u00e1d\u011bjte \u00fadr\u017ebu dle doporu\u010den\u00ed, aby byla zaji\u0161t\u011bna jejich spr\u00e1vn\u00e1 funkce.<\/li>\n<\/ul>\n<h2><strong>Jak odvzdu\u0161nit hydraulick\u00fd v\u00e1lec?<\/strong><\/h2>\n<p>Odvzdu\u0161n\u011bn\u00ed hydraulick\u00e9ho v\u00e1lce je nezbytn\u00fd postup \u00fadr\u017eby, kter\u00fd zaji\u0161\u0165uje optim\u00e1ln\u00ed v\u00fdkon a zabra\u0148uje probl\u00e9m\u016fm, jako je nepravideln\u00fd nebo nekonzistentn\u00ed provoz. Zde je podrobn\u00fd n\u00e1vod, jak odvzdu\u0161nit hydraulick\u00fd v\u00e1lec:<\/p>\n<ol>\n<li><strong>Bezpe\u010dnost p\u0159edev\u0161\u00edm:<\/strong> P\u0159ed prov\u00e1d\u011bn\u00edm jak\u00fdchkoli \u00fadr\u017eb\u00e1\u0159sk\u00fdch prac\u00ed se ujist\u011bte, \u017ee je hydraulick\u00fd syst\u00e9m bez tlaku a za\u0159\u00edzen\u00ed je bezpe\u010dn\u011b zaji\u0161t\u011bno, aby se zabr\u00e1nilo n\u00e1hodn\u00e9mu pohybu.<\/li>\n<li><strong>Identifikujte odvzdu\u0161\u0148ovac\u00ed ventil:<\/strong> Vyhledejte odvzdu\u0161\u0148ovac\u00ed ventil na hydraulick\u00e9m v\u00e1lci. Odvzdu\u0161\u0148ovac\u00ed ventil je obvykle mal\u00fd \u0161roub nebo ventil um\u00edst\u011bn\u00fd na t\u011blese v\u00e1lce nebo v bl\u00edzkosti hydraulick\u00fdch spoj\u016f.<\/li>\n<li><strong>Um\u00edst\u011bn\u00ed:<\/strong> P\u0159esu\u0148te v\u00e1lec do polohy, kde je odvzdu\u0161\u0148ovac\u00ed ventil p\u0159\u00edstupn\u00fd a um\u00edst\u011bn\u00fd v nejvy\u0161\u0161\u00edm bod\u011b v\u00e1lce. Toto um\u00edst\u011bn\u00ed umo\u017e\u0148uje zachycen\u00e9mu vzduchu snadn\u011bji stoupat a unikat.<\/li>\n<li><strong>Otev\u0159ete odvzdu\u0161\u0148ovac\u00ed ventil:<\/strong> Opatrn\u011b otev\u0159ete odvzdu\u0161\u0148ovac\u00ed ventil pomoc\u00ed vhodn\u00e9ho kl\u00ed\u010de nebo n\u00e1stroje ot\u00e1\u010den\u00edm proti sm\u011bru hodinov\u00fdch ru\u010di\u010dek. Ujist\u011bte se, \u017ee m\u00e1te n\u00e1dobu nebo vhodn\u00fd prost\u0159edek k zachycen\u00ed ve\u0161ker\u00e9 hydraulick\u00e9 kapaliny unikaj\u00edc\u00ed b\u011bhem odvzdu\u0161\u0148ov\u00e1n\u00ed.<\/li>\n<li><strong>Nechte unikat vzduch:<\/strong> Pomalu vysouvejte nebo zasouvejte v\u00e1lec pomoc\u00ed ovl\u00e1dac\u00edch prvk\u016f hydraulick\u00e9ho syst\u00e9mu. Tato akce pom\u00e1h\u00e1 vytvo\u0159it proud\u011bn\u00ed kapaliny uvnit\u0159 v\u00e1lce a umo\u017e\u0148uje \u00fanik zachycen\u00e9ho vzduchu otev\u0159en\u00fdm odvzdu\u0161\u0148ovac\u00edm ventilem. Pokra\u010dujte v provozu v\u00e1lce, dokud neuvid\u00edte st\u00e1l\u00fd tok hydraulick\u00e9 kapaliny bez vzduchov\u00fdch bublin.<\/li>\n<li><strong>Zav\u0159ete odvzdu\u0161\u0148ovac\u00ed ventil:<\/strong> Jakmile hydraulick\u00e1 kapalina za\u010dne hladce proudit a nebudou vid\u011bt \u017e\u00e1dn\u00e9 vzduchov\u00e9 bubliny, uzav\u0159ete odvzdu\u0161\u0148ovac\u00ed ventil oto\u010den\u00edm ve sm\u011bru hodinov\u00fdch ru\u010di\u010dek. Dbejte na to, abyste ventil p\u0159\u00edli\u0161 neut\u00e1hli, abyste nepo\u0161kodili z\u00e1vity.<\/li>\n<li><strong>Kontrola a dopln\u011bn\u00ed kapaliny:<\/strong> Zkontrolujte hladinu hydraulick\u00e9 kapaliny v n\u00e1dr\u017ece a ujist\u011bte se, \u017ee je na doporu\u010den\u00e9 \u00farovni. V p\u0159\u00edpad\u011b pot\u0159eby hydraulickou kapalinu dopl\u0148te, abyste udr\u017eeli spr\u00e1vnou hladinu. Spr\u00e1vn\u00fd typ a specifikace hydraulick\u00e9 kapaliny naleznete v n\u00e1vodu k obsluze za\u0159\u00edzen\u00ed.<\/li>\n<li><strong>Zku\u0161ebn\u00ed provoz:<\/strong> Po odvzdu\u0161n\u011bn\u00ed hydraulick\u00e9ho v\u00e1lce a zaji\u0161t\u011bn\u00ed spr\u00e1vn\u00e9 hladiny kapaliny otestujte funkci za\u0159\u00edzen\u00ed. Ujist\u011bte se, \u017ee v\u00e1lec funguje hladce a bez jak\u00fdchkoli nerovnost\u00ed nebo nepravidelnost\u00ed.<\/li>\n<li><strong>V p\u0159\u00edpad\u011b pot\u0159eby opakujte:<\/strong> V n\u011bkter\u00fdch p\u0159\u00edpadech mohou odoln\u00e9 vzduchov\u00e9 kapsy vy\u017eadovat n\u011bkolik cykl\u016f odvzdu\u0161n\u011bn\u00ed. Pokud st\u00e1le pozorujete zachycen\u00fd vzduch nebo m\u00e1te probl\u00e9my s konzistentn\u00edm provozem, proces odvzdu\u0161n\u011bn\u00ed opakujte.<\/li>\n<\/ol>\n<h2><strong>Schopnosti a kapacita tov\u00e1rny:<\/strong><\/h2>\n<h3>(1) Mont\u00e1\u017e<\/h3>\n<p>Disponujeme prvot\u0159\u00eddn\u00ed nez\u00e1vislou v\u00fdzkumnou a v\u00fdvojovou mont\u00e1\u017en\u00ed platformou. D\u00edlna na v\u00fdrobu hydraulick\u00fdch v\u00e1lc\u016f m\u00e1 \u010dty\u0159i poloautomatick\u00e9 mont\u00e1\u017en\u00ed linky pro zvedac\u00ed v\u00e1lce a jednu automatickou mont\u00e1\u017en\u00ed linku pro nakl\u00e1p\u011bc\u00ed v\u00e1lce s projektovanou ro\u010dn\u00ed v\u00fdrobn\u00ed kapacitou 1 milion kus\u016f. D\u00edlna na speci\u00e1ln\u00ed v\u00e1lce je vybavena poloautomatick\u00fdm \u010distic\u00edm mont\u00e1\u017en\u00edm syst\u00e9mem s r\u016fzn\u00fdmi specifikacemi a projektovanou ro\u010dn\u00ed v\u00fdrobn\u00ed kapacitou 200 000 kus\u016f a je vybavena zn\u00e1m\u00fdm CNC obr\u00e1b\u011bc\u00edm za\u0159\u00edzen\u00edm, obr\u00e1b\u011bc\u00edm centrem, vysoce p\u0159esn\u00fdm speci\u00e1ln\u00edm za\u0159\u00edzen\u00edm pro zpracov\u00e1n\u00ed v\u00e1lc\u016f, robotick\u00fdm sva\u0159ovac\u00edm strojem, automatick\u00fdm \u010distic\u00edm strojem, automatick\u00fdm mont\u00e1\u017en\u00edm strojem pro v\u00e1lce a automatickou lakovac\u00ed v\u00fdrobn\u00ed linkou. St\u00e1vaj\u00edc\u00ed kritick\u00e9 vybaven\u00ed m\u00e1 v\u00edce ne\u017e 300 sad. Optim\u00e1ln\u00ed alokace a efektivn\u00ed vyu\u017eit\u00ed zdroj\u016f za\u0159\u00edzen\u00ed zaji\u0161\u0165uje po\u017eadavky na p\u0159esnost v\u00fdrobk\u016f a spl\u0148uje po\u017eadavky na vysokou kvalitu v\u00fdrobk\u016f.<\/p>\n<p><img loading=\"lazy\" decoding=\"async\" class=\"alignnone wp-image-626\" src=\"https:\/\/hydraulic-cylinders.net\/wp-content\/uploads\/2023\/08\/hydraulic-cylinder-product-1-300x158.webp\" alt=\"\" width=\"495\" height=\"260\" srcset=\"https:\/\/hydraulic-cylinders.net\/wp-content\/uploads\/2023\/08\/hydraulic-cylinder-product-1-300x158.webp 495w, https:\/\/hydraulic-cylinders.net\/wp-content\/uploads\/2023\/08\/hydraulic-cylinder-product-1-480x252.webp 480w\" sizes=\"(min-width: 0px) and (max-width: 480px) 480px, (min-width: 481px) 495px, 100vw\" \/> <img loading=\"lazy\" decoding=\"async\" class=\"alignnone wp-image-627\" src=\"https:\/\/hydraulic-cylinders.net\/wp-content\/uploads\/2023\/08\/hydraulic-cylinder-product-2-300x189.webp\" alt=\"\" width=\"413\" height=\"260\" \/><\/p>\n<h3>(2) Obr\u00e1b\u011bn\u00ed<\/h3>\n<p>Obrobna je vybavena zak\u00e1zkov\u00fdm soustru\u017enick\u00fdm centrem pro \u0161ikm\u00e9 kolejnice, obr\u00e1b\u011bc\u00edm centrem, vysokorychlostn\u00edm honovac\u00edm strojem, sva\u0159ovac\u00edm robotem a dal\u0161\u00edm souvisej\u00edc\u00edm za\u0159\u00edzen\u00edm, kter\u00e9 zvl\u00e1dne obr\u00e1b\u011bn\u00ed v\u00e1lcov\u00fdch trubek s maxim\u00e1ln\u00edm vnit\u0159n\u00edm pr\u016fm\u011brem 400 mm a maxim\u00e1ln\u00ed d\u00e9lkou 6 metr\u016f.<\/p>\n<p><img loading=\"lazy\" decoding=\"async\" class=\"alignnone wp-image-628 size-large\" src=\"https:\/\/hydraulic-cylinders.net\/wp-content\/uploads\/2023\/08\/hydraulic-cylinder-product-3-1024x391.webp\" alt=\"\" width=\"1024\" height=\"391\" srcset=\"https:\/\/hydraulic-cylinders.net\/wp-content\/uploads\/2023\/08\/hydraulic-cylinder-product-3-980x374.webp 980w, https:\/\/hydraulic-cylinders.net\/wp-content\/uploads\/2023\/08\/hydraulic-cylinder-product-3-480x183.webp 480w\" sizes=\"(min-width: 0px) and (max-width: 480px) 480px, (min-width: 481px) and (max-width: 980px) 980px, (min-width: 981px) 1024px, 100vw\" \/><\/p>\n<h3>(3) Sva\u0159ov\u00e1n\u00ed<\/h3>\n<p><img loading=\"lazy\" decoding=\"async\" class=\"alignnone wp-image-629 size-large\" src=\"https:\/\/hydraulic-cylinders.net\/wp-content\/uploads\/2023\/08\/hydraulic-cylinder-product-4-1024x510.webp\" alt=\"\" width=\"1024\" height=\"510\" srcset=\"https:\/\/hydraulic-cylinders.net\/wp-content\/uploads\/2023\/08\/hydraulic-cylinder-product-4-980x488.webp 980w, https:\/\/hydraulic-cylinders.net\/wp-content\/uploads\/2023\/08\/hydraulic-cylinder-product-4-480x239.webp 480w\" sizes=\"(min-width: 0px) and (max-width: 480px) 480px, (min-width: 481px) and (max-width: 980px) 980px, (min-width: 981px) 1024px, 100vw\" \/><\/p>\n<h3>(4) Lakov\u00e1n\u00ed a n\u00e1t\u011bry<\/h3>\n<p>S mal\u00fdmi a st\u0159edn\u00edmi v\u00e1lcov\u00fdmi automatick\u00fdmi linkami na nan\u00e1\u0161en\u00ed barev na vodn\u00ed b\u00e1zi, pro dosa\u017een\u00ed automatick\u00e9ho robotick\u00e9ho nakl\u00e1d\u00e1n\u00ed a vykl\u00e1d\u00e1n\u00ed a automatick\u00e9ho st\u0159\u00edk\u00e1n\u00ed, je konstruk\u010dn\u00ed kapacita 4000 kus\u016f za sm\u011bnu;<br \/>\nM\u00e1me tak\u00e9 poloautomatickou linku na v\u00fdrobu barev pro velk\u00e9 tlakov\u00e9 lahve poh\u00e1n\u011bn\u00e9 \u0159et\u011bzem s konstruk\u010dn\u00ed kapacitou 60 lahv\u00ed za sm\u011bnu.<\/p>\n<p><img loading=\"lazy\" decoding=\"async\" class=\"alignnone wp-image-630\" src=\"https:\/\/hydraulic-cylinders.net\/wp-content\/uploads\/2023\/08\/hydraulic-cylinder-product-5-300x213.webp\" alt=\"\" width=\"366\" height=\"260\" \/> <img loading=\"lazy\" decoding=\"async\" class=\"alignnone wp-image-631\" src=\"https:\/\/hydraulic-cylinders.net\/wp-content\/uploads\/2023\/08\/hydraulic-cylinder-product-6-300x225.webp\" alt=\"\" width=\"347\" height=\"260\" \/><\/p>\n<h3>(5) Testov\u00e1n\u00ed<\/h3>\n<p>Disponujeme prvot\u0159\u00eddn\u00edmi inspek\u010dn\u00edmi za\u0159\u00edzen\u00edmi a zku\u0161ebn\u00edmi laborato\u0159emi, abychom zajistili, \u017ee v\u00fdkon v\u00e1lce spl\u0148uje po\u017eadavky.<\/p>\n<p><img loading=\"lazy\" decoding=\"async\" class=\"alignnone wp-image-632\" src=\"https:\/\/hydraulic-cylinders.net\/wp-content\/uploads\/2023\/08\/hydraulic-cylinder-product-8-300x200.webp\" alt=\"\" width=\"389\" height=\"260\" \/><\/p>\n<p>&nbsp;<\/p>\n<p>&nbsp;<\/p>\n<p>Jsme jedn\u00edm z nejlep\u0161\u00edch v\u00fdrobc\u016f hydraulick\u00fdch v\u00e1lc\u016f. Nab\u00edz\u00edme komplexn\u00ed hydraulick\u00e9 v\u00e1lce. Dod\u00e1v\u00e1me tak\u00e9 odpov\u00eddaj\u00edc\u00ed <a href=\"https:\/\/hzpt.com\/agricultural-pto-gearbox\/\" target=\"_blank\" rel=\"noopener\">zem\u011bd\u011blsk\u00e9 p\u0159evodovky<\/a>Na\u0161e v\u00fdrobky jsme exportovali klient\u016fm po cel\u00e9m sv\u011bt\u011b a d\u00edky vynikaj\u00edc\u00ed kvalit\u011b v\u00fdrobk\u016f a poprodejn\u00edmu servisu jsme si z\u00edskali dobrou pov\u011bst. V\u00edt\u00e1me z\u00e1kazn\u00edky doma i v zahrani\u010d\u00ed, kte\u0159\u00ed n\u00e1s kontaktuj\u00ed za \u00fa\u010delem vyjedn\u00e1v\u00e1n\u00ed obchodn\u00edch p\u0159\u00edle\u017eitost\u00ed, v\u00fdm\u011bny informac\u00ed a <a href=\"https:\/\/www.hydraulic-cylinders.net\/cs\/contact-us\/\">spolupracujte s n\u00e1mi<\/a>!<\/p>\n<p>&nbsp;<\/p>","protected":false},"excerpt":{"rendered":"<p>Open TBM Support Shoe Cylinder The open tbm support shoe cylinder is a state-of-the-art hydraulic component designed to enhance the stability and performance of tunnel boring machines (tbms). This specialized cylinder supports the tbm&#8217;s cutting head during excavation, ensuring precise control, increased efficiency, and improved safety. This comprehensive article will explore the key characteristics, usage [&hellip;]<\/p>","protected":false},"featured_media":1895,"comment_status":"open","ping_status":"closed","template":"","meta":{"_et_pb_use_builder":"","_et_pb_old_content":"","_et_gb_content_width":""},"product_brand":[],"product_cat":[1519,1549],"product_tag":[1380],"class_list":{"0":"post-1893","1":"product","2":"type-product","3":"status-publish","4":"has-post-thumbnail","6":"product_cat-shield-machine-hydraulic-cylinders","7":"product_cat-single-acting-hydraulic-cylinder","8":"product_tag-hydraulic-cylinder","10":"first","11":"instock","12":"shipping-taxable","13":"product-type-simple"},"amp_enabled":true,"_links":{"self":[{"href":"https:\/\/www.hydraulic-cylinders.net\/cs\/wp-json\/wp\/v2\/product\/1893","targetHints":{"allow":["GET"]}}],"collection":[{"href":"https:\/\/www.hydraulic-cylinders.net\/cs\/wp-json\/wp\/v2\/product"}],"about":[{"href":"https:\/\/www.hydraulic-cylinders.net\/cs\/wp-json\/wp\/v2\/types\/product"}],"replies":[{"embeddable":true,"href":"https:\/\/www.hydraulic-cylinders.net\/cs\/wp-json\/wp\/v2\/comments?post=1893"}],"wp:featuredmedia":[{"embeddable":true,"href":"https:\/\/www.hydraulic-cylinders.net\/cs\/wp-json\/wp\/v2\/media\/1895"}],"wp:attachment":[{"href":"https:\/\/www.hydraulic-cylinders.net\/cs\/wp-json\/wp\/v2\/media?parent=1893"}],"wp:term":[{"taxonomy":"product_brand","embeddable":true,"href":"https:\/\/www.hydraulic-cylinders.net\/cs\/wp-json\/wp\/v2\/product_brand?post=1893"},{"taxonomy":"product_cat","embeddable":true,"href":"https:\/\/www.hydraulic-cylinders.net\/cs\/wp-json\/wp\/v2\/product_cat?post=1893"},{"taxonomy":"product_tag","embeddable":true,"href":"https:\/\/www.hydraulic-cylinders.net\/cs\/wp-json\/wp\/v2\/product_tag?post=1893"}],"curies":[{"name":"wp","href":"https:\/\/api.w.org\/{rel}","templated":true}]}}